{"id":22724,"date":"2026-01-28T11:08:01","date_gmt":"2026-01-28T09:08:01","guid":{"rendered":"https:\/\/skaitytaknyga.lt\/?post_type=product&#038;p=22724"},"modified":"2026-04-01T10:48:49","modified_gmt":"2026-04-01T07:48:49","slug":"auklejimas-be-dramu","status":"publish","type":"product","link":"https:\/\/skaitytaknyga.lt\/en\/produktas\/auklejimas-be-dramu\/","title":{"rendered":"Aukl\u0117jimas be dram\u0173"},"content":{"rendered":"<p>Ar kada nors po audringo kivir\u010do su savo vaikais klaus\u0117te sav\u0119s: \u201eNegi negal\u0117\u010diau visko i\u0161spr\u0119sti geriau? Negi negal\u0117\u010diau susivaldyti, veiksmingiau pamokyti? Negi negal\u0117\u010diau sudrausminti taip, kad juos nuramin\u010diau, o ne sukel\u010diau dar didesn\u0119 sumai\u0161t\u012f?\u201c Norite, jog vaikai liaut\u0173si elg\u0119si netinkamai, bet taip pat norite reaguoti pagarbiai ir skatinti savo vaikus tobul\u0117ti? Norite santykius kurti, o ne griauti? Norite ma\u017eiau dram\u0173? Galite tai pasiekti.<\/p>\n<p>\u017dinomas psichiatras Daniel J. Siegel ir vaik\u0173 psichoterapeut\u0117 Tyne Payne Bryson knygoje \u201eAukl\u0117jimas be dram\u0173: kaip visapusi\u0161kai lavinti vaiko prot\u0105 ir numaldyti kylan\u010dias audras\u201c tyrin\u0117ja vien\u0105 daugiausiai i\u0161\u0161\u016bki\u0173 t\u0117vams kelian\u010di\u0173 problem\u0173 \u2013 vaik\u0173 drausm\u0119 ir paneigia tradicin\u0119 teorij\u0105, kad nusi\u017eengti = bausti.<\/p>\n<p>\u017daismingai iliustruotoje knygoje \u201eAukl\u0117jimas be dram\u0173: kaip visapusi\u0161kai lavinti vaiko prot\u0105 ir numaldyti kylan\u010dias audras\u201c t\u0117vai ras paprast\u0173 ir veiksming\u0173 patarim\u0173, kaip elgtis prasid\u0117jus vaiko pyk\u010dio priepuoliui ar agresijai, i\u0161mokys \u0161velniai numal\u0161inti jo emocines audras ir nerimus.<\/p>\n<p>I\u0161samiai apra\u0161ytos \u012fvairios problemin\u0117s situacijos ir j\u0173 sprendim\u0173 b\u016bdai suteiks t\u0117vams daugiau \u017eini\u0173 apie vaiko nervin\u0119 sistem\u0105 ir jo am\u017eiui tinkamus aukl\u0117jimo metodus; i\u0161mokys taikiai spr\u0119sti konfliktus, \u012fkv\u0117ps pasitik\u0117jimo, stipryb\u0117s ir d\u017eiaugsmo kurti jaukius bei darnius santykius.<\/p>\n","protected":false},"excerpt":{"rendered":"<p>Ar kada nors po audringo kivir\u010do su savo vaikais klaus\u0117te sav\u0119s: \u201eNegi negal\u0117\u010diau visko i\u0161spr\u0119sti geriau? Negi negal\u0117\u010diau susivaldyti, veiksmingiau pamokyti? Negi negal\u0117\u010diau sudrausminti taip, kad juos nuramin\u010diau, o ne sukel\u010diau dar didesn\u0119 sumai\u0161t\u012f?\u201c Norite, jog vaikai liaut\u0173si elg\u0119si netinkamai, bet taip pat norite reaguoti pagarbiai ir skatinti savo vaikus tobul\u0117ti? Norite santykius kurti, o ne griauti? Norite ma\u017eiau dram\u0173? Galite tai pasiekti. \u017dinomas psichiatras Daniel J. Siegel ir vaik\u0173 psichoterapeut\u0117 Tyne Payne Bryson knygoje \u201eAukl\u0117jimas be dram\u0173: kaip visapusi\u0161kai lavinti vaiko prot\u0105 ir numaldyti kylan\u010dias audras\u201c tyrin\u0117ja vien\u0105 daugiausiai i\u0161\u0161\u016bki\u0173 t\u0117vams kelian\u010di\u0173 problem\u0173 \u2013 vaik\u0173 drausm\u0119 ir paneigia tradicin\u0119 teorij\u0105, kad nusi\u017eengti = bausti. \u017daismingai iliustruotoje knygoje \u201eAukl\u0117jimas be dram\u0173: kaip visapusi\u0161kai lavinti vaiko prot\u0105 ir numaldyti kylan\u010dias audras\u201c t\u0117vai ras paprast\u0173 ir veiksming\u0173 patarim\u0173, kaip elgtis prasid\u0117jus vaiko pyk\u010dio priepuoliui ar agresijai, i\u0161mokys \u0161velniai numal\u0161inti jo emocines audras ir nerimus. I\u0161samiai apra\u0161ytos \u012fvairios problemin\u0117s situacijos ir j\u0173 sprendim\u0173 b\u016bdai suteiks t\u0117vams daugiau \u017eini\u0173 apie vaiko nervin\u0119 sistem\u0105 ir jo am\u017eiui tinkamus aukl\u0117jimo metodus; i\u0161mokys taikiai spr\u0119sti konfliktus, \u012fkv\u0117ps pasitik\u0117jimo, stipryb\u0117s ir d\u017eiaugsmo kurti jaukius bei darnius santykius.<\/p>\n","protected":false},"featured_media":22729,"comment_status":"open","ping_status":"closed","template":"","meta":{"_acf_changed":false,"site-sidebar-layout":"default","site-content-layout":"","ast-site-content-layout":"default","site-content-style":"default","site-sidebar-style":"default","ast-global-header-display":"","ast-banner-title-visibility":"","ast-main-header-display":"","ast-hfb-above-header-display":"","ast-hfb-below-header-display":"","ast-hfb-mobile-header-display":"","site-post-title":"","ast-breadcrumbs-content":"","ast-featured-img":"","footer-sml-layout":"","ast-disable-related-posts":"","theme-transparent-header-meta":"","adv-header-id-meta":"","stick-header-meta":"","header-above-stick-meta":"","header-main-stick-meta":"","header-below-stick-meta":"","astra-migrate-meta-layouts":"default","ast-page-background-enabled":"default","ast-page-background-meta":{"desktop":{"background-color":"","background-image":"","background-repeat":"repeat","background-position":"center center","background-size":"auto","background-attachment":"scroll","background-type":"","background-media":"","overlay-type":"","overlay-color":"","overlay-opacity":"","overlay-gradient":""},"tablet":{"background-color":"","background-image":"","background-repeat":"repeat","background-position":"center center","background-size":"auto","background-attachment":"scroll","background-type":"","background-media":"","overlay-type":"","overlay-color":"","overlay-opacity":"","overlay-gradient":""},"mobile":{"background-color":"","background-image":"","background-repeat":"repeat","background-position":"center center","background-size":"auto","background-attachment":"scroll","background-type":"","background-media":"","overlay-type":"","overlay-color":"","overlay-opacity":"","overlay-gradient":""}},"ast-content-background-meta":{"desktop":{"background-color":"var(--ast-global-color-4)","background-image":"","background-repeat":"repeat","background-position":"center center","background-size":"auto","background-attachment":"scroll","background-type":"","background-media":"","overlay-type":"","overlay-color":"","overlay-opacity":"","overlay-gradient":""},"tablet":{"background-color":"var(--ast-global-color-4)","background-image":"","background-repeat":"repeat","background-position":"center center","background-size":"auto","background-attachment":"scroll","background-type":"","background-media":"","overlay-type":"","overlay-color":"","overlay-opacity":"","overlay-gradient":""},"mobile":{"background-color":"var(--ast-global-color-4)","background-image":"","background-repeat":"repeat","background-position":"center center","background-size":"auto","background-attachment":"scroll","background-type":"","background-media":"","overlay-type":"","overlay-color":"","overlay-opacity":"","overlay-gradient":""}}},"product_brand":[],"product_cat":[15,37],"product_tag":[],"class_list":{"0":"post-22724","1":"product","2":"type-product","3":"status-publish","4":"has-post-thumbnail","6":"product_cat-uncategorized","7":"product_cat-nestumas-ir-vaiku-prieziura-bei-auklejimas","8":"desktop-align-left","9":"tablet-align-left","10":"mobile-align-left","12":"first","13":"instock","14":"shipping-taxable","15":"purchasable","16":"product-type-simple"},"acf":[],"yoast_head":"<!-- This site is optimized with the Yoast SEO plugin v27.0 - https:\/\/yoast.com\/product\/yoast-seo-wordpress\/ -->\n<title>Aukl\u0117jimas be dram\u0173<\/title>\n<meta name=\"description\" content=\"Ar kada nors po audringo kivir\u010do su savo vaikais klaus\u0117te sav\u0119s: \u201eNegi negal\u0117\u010diau visko i\u0161spr\u0119sti geriau? Negi negal\u0117\u010diau susivaldyti, veiksmingiau\" \/>\n<meta name=\"robots\" content=\"index, follow, max-snippet:-1, max-image-preview:large, max-video-preview:-1\" \/>\n<link rel=\"canonical\" href=\"https:\/\/skaitytaknyga.lt\/en\/produktas\/auklejimas-be-dramu\/\" \/>\n<meta property=\"og:locale\" content=\"en_GB\" \/>\n<meta property=\"og:locale:alternate\" content=\"lt_LT\" \/>\n<meta property=\"og:type\" content=\"article\" \/>\n<meta property=\"og:title\" content=\"Aukl\u0117jimas be dram\u0173\" \/>\n<meta property=\"og:description\" content=\"Ar kada nors po audringo kivir\u010do su savo vaikais klaus\u0117te sav\u0119s: \u201eNegi negal\u0117\u010diau visko i\u0161spr\u0119sti geriau? Negi negal\u0117\u010diau susivaldyti, veiksmingiau\" \/>\n<meta property=\"og:url\" content=\"https:\/\/skaitytaknyga.lt\/en\/produktas\/auklejimas-be-dramu\/\" \/>\n<meta property=\"og:site_name\" content=\"Skaitytaknyga\" \/>\n<meta property=\"article:publisher\" content=\"https:\/\/www.facebook.com\/skaitytaknyga\/\" \/>\n<meta property=\"article:modified_time\" content=\"2026-04-01T07:48:49+00:00\" \/>\n<meta property=\"og:image\" content=\"https:\/\/skaitytaknyga.lt\/wp-content\/uploads\/2026\/01\/Auklejimas-be-dramu-1.webp\" \/>\n\t<meta property=\"og:image:width\" content=\"300\" \/>\n\t<meta property=\"og:image:height\" content=\"456\" \/>\n\t<meta property=\"og:image:type\" content=\"image\/webp\" \/>\n<meta name=\"twitter:card\" content=\"summary_large_image\" \/>\n<meta name=\"twitter:label1\" content=\"Estimated reading time\" \/>\n\t<meta name=\"twitter:data1\" content=\"1 minute\" \/>\n<script type=\"application\/ld+json\" class=\"yoast-schema-graph\">{\"@context\":\"https:\/\/schema.org\",\"@graph\":[{\"@type\":\"WebPage\",\"@id\":\"https:\/\/skaitytaknyga.lt\/produktas\/auklejimas-be-dramu\/\",\"url\":\"https:\/\/skaitytaknyga.lt\/produktas\/auklejimas-be-dramu\/\",\"name\":\"Aukl\u0117jimas be dram\u0173\",\"isPartOf\":{\"@id\":\"https:\/\/skaitytaknyga.lt\/#website\"},\"primaryImageOfPage\":{\"@id\":\"https:\/\/skaitytaknyga.lt\/produktas\/auklejimas-be-dramu\/#primaryimage\"},\"image\":{\"@id\":\"https:\/\/skaitytaknyga.lt\/produktas\/auklejimas-be-dramu\/#primaryimage\"},\"thumbnailUrl\":\"https:\/\/skaitytaknyga.lt\/wp-content\/uploads\/2026\/01\/Auklejimas-be-dramu-1.webp\",\"datePublished\":\"2026-01-28T09:08:01+00:00\",\"dateModified\":\"2026-04-01T07:48:49+00:00\",\"description\":\"Ar kada nors po audringo kivir\u010do su savo vaikais klaus\u0117te sav\u0119s: \u201eNegi negal\u0117\u010diau visko i\u0161spr\u0119sti geriau? Negi negal\u0117\u010diau susivaldyti, veiksmingiau\",\"breadcrumb\":{\"@id\":\"https:\/\/skaitytaknyga.lt\/produktas\/auklejimas-be-dramu\/#breadcrumb\"},\"inLanguage\":\"en-GB\",\"potentialAction\":[{\"@type\":\"ReadAction\",\"target\":[\"https:\/\/skaitytaknyga.lt\/produktas\/auklejimas-be-dramu\/\"]}]},{\"@type\":\"ImageObject\",\"inLanguage\":\"en-GB\",\"@id\":\"https:\/\/skaitytaknyga.lt\/produktas\/auklejimas-be-dramu\/#primaryimage\",\"url\":\"https:\/\/skaitytaknyga.lt\/wp-content\/uploads\/2026\/01\/Auklejimas-be-dramu-1.webp\",\"contentUrl\":\"https:\/\/skaitytaknyga.lt\/wp-content\/uploads\/2026\/01\/Auklejimas-be-dramu-1.webp\",\"width\":300,\"height\":456},{\"@type\":\"BreadcrumbList\",\"@id\":\"https:\/\/skaitytaknyga.lt\/produktas\/auklejimas-be-dramu\/#breadcrumb\",\"itemListElement\":[{\"@type\":\"ListItem\",\"position\":1,\"name\":\"Home\",\"item\":\"https:\/\/skaitytaknyga.lt\/\"},{\"@type\":\"ListItem\",\"position\":2,\"name\":\"Parduotuv\u0117\",\"item\":\"https:\/\/skaitytaknyga.lt\/knygu-parduotuve\/\"},{\"@type\":\"ListItem\",\"position\":3,\"name\":\"Aukl\u0117jimas be dram\u0173\"}]},{\"@type\":\"WebSite\",\"@id\":\"https:\/\/skaitytaknyga.lt\/#website\",\"url\":\"https:\/\/skaitytaknyga.lt\/\",\"name\":\"skaitytaknyga.lt\",\"description\":\"Skaitytaknyga.lt \u2013 tai ma\u017eas \u0161eimos verslas, kuris prasid\u0117jo nuo meil\u0117s knygoms ir siekio i\u0161gelb\u0117ti knygas nuo likimo prie konteinerio. Kas vienam nereikalingas daiktas \u2013 kitam lobis, o mes esame tarpininkai, kurie padeda abiems tapti laimingesniems ???? \u017dinome kaip nelengva i\u0161gyventi ma\u017eiems verslams, tad nuo \u0161iol, \u010dia rasite ir kit\u0173, ma\u017e\u0173 \u0161eim\u0173 versl\u0173, rank\u0173 darbo, dovan\u0173 sau ir artimiesiems.\",\"publisher\":{\"@id\":\"https:\/\/skaitytaknyga.lt\/#organization\"},\"potentialAction\":[{\"@type\":\"SearchAction\",\"target\":{\"@type\":\"EntryPoint\",\"urlTemplate\":\"https:\/\/skaitytaknyga.lt\/?s={search_term_string}\"},\"query-input\":{\"@type\":\"PropertyValueSpecification\",\"valueRequired\":true,\"valueName\":\"search_term_string\"}}],\"inLanguage\":\"en-GB\"},{\"@type\":\"Organization\",\"@id\":\"https:\/\/skaitytaknyga.lt\/#organization\",\"name\":\"skaitytaknyga.lt\",\"url\":\"https:\/\/skaitytaknyga.lt\/\",\"logo\":{\"@type\":\"ImageObject\",\"inLanguage\":\"en-GB\",\"@id\":\"https:\/\/skaitytaknyga.lt\/#\/schema\/logo\/image\/\",\"url\":\"https:\/\/skaitytaknyga.lt\/wp-content\/uploads\/2024\/05\/cropped-cropped-cropped-02_00843_jt3bggkj1j3HLc7SyY6rEUpg.jpeg\",\"contentUrl\":\"https:\/\/skaitytaknyga.lt\/wp-content\/uploads\/2024\/05\/cropped-cropped-cropped-02_00843_jt3bggkj1j3HLc7SyY6rEUpg.jpeg\",\"width\":1600,\"height\":1600,\"caption\":\"skaitytaknyga.lt\"},\"image\":{\"@id\":\"https:\/\/skaitytaknyga.lt\/#\/schema\/logo\/image\/\"},\"sameAs\":[\"https:\/\/www.facebook.com\/skaitytaknyga\/\"]}]}<\/script>\n<!-- \/ Yoast SEO plugin. -->","yoast_head_json":{"title":"Aukl\u0117jimas be dram\u0173","description":"Ar kada nors po audringo kivir\u010do su savo vaikais klaus\u0117te sav\u0119s: \u201eNegi negal\u0117\u010diau visko i\u0161spr\u0119sti geriau? Negi negal\u0117\u010diau susivaldyti, veiksmingiau","robots":{"index":"index","follow":"follow","max-snippet":"max-snippet:-1","max-image-preview":"max-image-preview:large","max-video-preview":"max-video-preview:-1"},"canonical":"https:\/\/skaitytaknyga.lt\/en\/produktas\/auklejimas-be-dramu\/","og_locale":"en_GB","og_type":"article","og_title":"[:lt]Aukl\u0117jimas be dram\u0173[:] - Skaitytaknyga","og_description":"Ar kada nors po audringo kivir\u010do su savo vaikais klaus\u0117te sav\u0119s: \u201eNegi negal\u0117\u010diau visko i\u0161spr\u0119sti geriau? Negi negal\u0117\u010diau susivaldyti, veiksmingiau","og_url":"https:\/\/skaitytaknyga.lt\/en\/produktas\/auklejimas-be-dramu\/","og_site_name":"Skaitytaknyga","article_publisher":"https:\/\/www.facebook.com\/skaitytaknyga\/","article_modified_time":"2026-04-01T07:48:49+00:00","og_image":[{"width":300,"height":456,"url":"https:\/\/skaitytaknyga.lt\/wp-content\/uploads\/2026\/01\/Auklejimas-be-dramu-1.webp","type":"image\/webp"}],"twitter_card":"summary_large_image","twitter_misc":{"Estimated reading time":"1 minute"},"schema":{"@context":"https:\/\/schema.org","@graph":[{"@type":"WebPage","@id":"https:\/\/skaitytaknyga.lt\/produktas\/auklejimas-be-dramu\/","url":"https:\/\/skaitytaknyga.lt\/produktas\/auklejimas-be-dramu\/","name":"Aukl\u0117jimas be dram\u0173","isPartOf":{"@id":"https:\/\/skaitytaknyga.lt\/#website"},"primaryImageOfPage":{"@id":"https:\/\/skaitytaknyga.lt\/produktas\/auklejimas-be-dramu\/#primaryimage"},"image":{"@id":"https:\/\/skaitytaknyga.lt\/produktas\/auklejimas-be-dramu\/#primaryimage"},"thumbnailUrl":"https:\/\/skaitytaknyga.lt\/wp-content\/uploads\/2026\/01\/Auklejimas-be-dramu-1.webp","datePublished":"2026-01-28T09:08:01+00:00","dateModified":"2026-04-01T07:48:49+00:00","description":"Ar kada nors po audringo kivir\u010do su savo vaikais klaus\u0117te sav\u0119s: \u201eNegi negal\u0117\u010diau visko i\u0161spr\u0119sti geriau? Negi negal\u0117\u010diau susivaldyti, veiksmingiau","breadcrumb":{"@id":"https:\/\/skaitytaknyga.lt\/produktas\/auklejimas-be-dramu\/#breadcrumb"},"inLanguage":"en-GB","potentialAction":[{"@type":"ReadAction","target":["https:\/\/skaitytaknyga.lt\/produktas\/auklejimas-be-dramu\/"]}]},{"@type":"ImageObject","inLanguage":"en-GB","@id":"https:\/\/skaitytaknyga.lt\/produktas\/auklejimas-be-dramu\/#primaryimage","url":"https:\/\/skaitytaknyga.lt\/wp-content\/uploads\/2026\/01\/Auklejimas-be-dramu-1.webp","contentUrl":"https:\/\/skaitytaknyga.lt\/wp-content\/uploads\/2026\/01\/Auklejimas-be-dramu-1.webp","width":300,"height":456},{"@type":"BreadcrumbList","@id":"https:\/\/skaitytaknyga.lt\/produktas\/auklejimas-be-dramu\/#breadcrumb","itemListElement":[{"@type":"ListItem","position":1,"name":"Home","item":"https:\/\/skaitytaknyga.lt\/"},{"@type":"ListItem","position":2,"name":"Parduotuv\u0117","item":"https:\/\/skaitytaknyga.lt\/knygu-parduotuve\/"},{"@type":"ListItem","position":3,"name":"Aukl\u0117jimas be dram\u0173"}]},{"@type":"WebSite","@id":"https:\/\/skaitytaknyga.lt\/#website","url":"https:\/\/skaitytaknyga.lt\/","name":"skaitytaknyga.lt","description":"Skaitytaknyga.lt \u2013 tai ma\u017eas \u0161eimos verslas, kuris prasid\u0117jo nuo meil\u0117s knygoms ir siekio i\u0161gelb\u0117ti knygas nuo likimo prie konteinerio. Kas vienam nereikalingas daiktas \u2013 kitam lobis, o mes esame tarpininkai, kurie padeda abiems tapti laimingesniems ???? \u017dinome kaip nelengva i\u0161gyventi ma\u017eiems verslams, tad nuo \u0161iol, \u010dia rasite ir kit\u0173, ma\u017e\u0173 \u0161eim\u0173 versl\u0173, rank\u0173 darbo, dovan\u0173 sau ir artimiesiems.","publisher":{"@id":"https:\/\/skaitytaknyga.lt\/#organization"},"potentialAction":[{"@type":"SearchAction","target":{"@type":"EntryPoint","urlTemplate":"https:\/\/skaitytaknyga.lt\/?s={search_term_string}"},"query-input":{"@type":"PropertyValueSpecification","valueRequired":true,"valueName":"search_term_string"}}],"inLanguage":"en-GB"},{"@type":"Organization","@id":"https:\/\/skaitytaknyga.lt\/#organization","name":"skaitytaknyga.lt","url":"https:\/\/skaitytaknyga.lt\/","logo":{"@type":"ImageObject","inLanguage":"en-GB","@id":"https:\/\/skaitytaknyga.lt\/#\/schema\/logo\/image\/","url":"https:\/\/skaitytaknyga.lt\/wp-content\/uploads\/2024\/05\/cropped-cropped-cropped-02_00843_jt3bggkj1j3HLc7SyY6rEUpg.jpeg","contentUrl":"https:\/\/skaitytaknyga.lt\/wp-content\/uploads\/2024\/05\/cropped-cropped-cropped-02_00843_jt3bggkj1j3HLc7SyY6rEUpg.jpeg","width":1600,"height":1600,"caption":"skaitytaknyga.lt"},"image":{"@id":"https:\/\/skaitytaknyga.lt\/#\/schema\/logo\/image\/"},"sameAs":["https:\/\/www.facebook.com\/skaitytaknyga\/"]}]}},"_links":{"self":[{"href":"https:\/\/skaitytaknyga.lt\/en\/wp-json\/wp\/v2\/product\/22724","targetHints":{"allow":["GET"]}}],"collection":[{"href":"https:\/\/skaitytaknyga.lt\/en\/wp-json\/wp\/v2\/product"}],"about":[{"href":"https:\/\/skaitytaknyga.lt\/en\/wp-json\/wp\/v2\/types\/product"}],"replies":[{"embeddable":true,"href":"https:\/\/skaitytaknyga.lt\/en\/wp-json\/wp\/v2\/comments?post=22724"}],"wp:featuredmedia":[{"embeddable":true,"href":"https:\/\/skaitytaknyga.lt\/en\/wp-json\/wp\/v2\/media\/22729"}],"wp:attachment":[{"href":"https:\/\/skaitytaknyga.lt\/en\/wp-json\/wp\/v2\/media?parent=22724"}],"wp:term":[{"taxonomy":"product_brand","embeddable":true,"href":"https:\/\/skaitytaknyga.lt\/en\/wp-json\/wp\/v2\/product_brand?post=22724"},{"taxonomy":"product_cat","embeddable":true,"href":"https:\/\/skaitytaknyga.lt\/en\/wp-json\/wp\/v2\/product_cat?post=22724"},{"taxonomy":"product_tag","embeddable":true,"href":"https:\/\/skaitytaknyga.lt\/en\/wp-json\/wp\/v2\/product_tag?post=22724"}],"curies":[{"name":"wp","href":"https:\/\/api.w.org\/{rel}","templated":true}]}}