{"id":22723,"date":"2026-01-28T11:08:01","date_gmt":"2026-01-28T09:08:01","guid":{"rendered":"https:\/\/skaitytaknyga.lt\/?post_type=product&#038;p=22723"},"modified":"2026-01-31T11:31:16","modified_gmt":"2026-01-31T09:31:16","slug":"irkos-tragedija-sename-dvare","status":"publish","type":"product","link":"https:\/\/skaitytaknyga.lt\/en\/produktas\/irkos-tragedija-sename-dvare\/","title":{"rendered":"Irkos tragedija. Sename dvare"},"content":{"rendered":"<p>\u0160atrijos Raganos apysaka \u201eSename dvare&#8221; ir apsakymas \u201eIrkos tragedija&#8221; \u2013 tai du lietuvi\u0173 literat\u016bros klasika tap\u0119 k\u016briniai, kurie leid\u017eiami knyg\u0173 serijoje \u201eLiterat\u016bra. Svarbiausi tekstai&#8221;.<\/p>\n<p>Apysaka \u201eSename dvare&#8221; \u2013 tai gana autobiografi\u0161kas k\u016brinys, kuriame autor\u0117 pasakoja apie Lietuvos dvaro gyvenim\u0105. Pati i\u0161 bajor\u0173 dvarinink\u0173 \u0161eimos kilusi ra\u0161ytoja pana\u0161i\u0105 \u0161eim\u0105 vaizduoja ir apysakoje. \u010cia atsiskleid\u017eia dvaro buitis, pramogos, \u0161eimos bendravimas su kitais \u017emon\u0117mis. Labai svarbi apysakos linija \u2013 santykiai tarp mamat\u0117s ir jos dukters Irusios.<\/p>\n<p>Kitaip nei \u017demait\u0117s ar Lazdyn\u0173 Pel\u0117dos k\u016bryboje, \u010dia dvaras vaizduojamas kaip tam tikr\u0173 vertybi\u0173, gro\u017eio, sen\u0173j\u0173 tradicij\u0173 lop\u0161ys, o ne blogio ir socialin\u0117s neteisyb\u0117s \u012fk\u016bnijimas. \u0160atrijos Ragana apysakoje \u201eSename dvare&#8221; kalba ir apie nacionalizmo skverbim\u0105si, kuris g\u0105sdino ir glumino to meto dvarininkus, vaizduojamas dvarinink\u0173 santykis su lietuvi\u0173 visuomeniniu ir kult\u016briniu gyvenimu. \u0160i apysaka laikoma vienu meni\u0161kiausi\u0173 ra\u0161ytojos k\u016brini\u0173. Jis pasi\u017eymi ne tik paveikia, gerai apgalvota kompozicija, bet ir to meto literat\u016brai dar neb\u016bdingu jautriu \u017emogaus dvasinio pasaulio vaizdavimu.<\/p>\n<p>Apsakymas \u201eIrkos tragedija&#8221; \u2013 tai septyneri\u0173 met\u0173 mergait\u0117s pasakojimas apie savo \u0161eimos tragedij\u0105. 1924 metais publikuotas apsakymas pirm\u0105 kart\u0105 nagrin\u0117jo t\u0117v\u0173 skyryb\u0173 poveikio vaikams tem\u0105. Tuo metu tai buvo nauja tema ne tik lietuvi\u0173, bet ir u\u017esienio vaik\u0173 literat\u016broje. Apsakymas taip pat pasi\u017eymi \u0160atrijos Raganai b\u016bdingu dvasiniu jautrumu, o \u0161iuo atveju ir puikiu vaiko psichologijos pajautimu.<\/p>\n","protected":false},"excerpt":{"rendered":"<p>\u0160atrijos Raganos apysaka \u201eSename dvare&#8221; ir apsakymas \u201eIrkos tragedija&#8221; \u2013 tai du lietuvi\u0173 literat\u016bros klasika tap\u0119 k\u016briniai, kurie leid\u017eiami knyg\u0173 serijoje \u201eLiterat\u016bra. Svarbiausi tekstai&#8221;. Apysaka \u201eSename dvare&#8221; \u2013 tai gana autobiografi\u0161kas k\u016brinys, kuriame autor\u0117 pasakoja apie Lietuvos dvaro gyvenim\u0105. Pati i\u0161 bajor\u0173 dvarinink\u0173 \u0161eimos kilusi ra\u0161ytoja pana\u0161i\u0105 \u0161eim\u0105 vaizduoja ir apysakoje. \u010cia atsiskleid\u017eia dvaro buitis, pramogos, \u0161eimos bendravimas su kitais \u017emon\u0117mis. Labai svarbi apysakos linija \u2013 santykiai tarp mamat\u0117s ir jos dukters Irusios. Kitaip nei \u017demait\u0117s ar Lazdyn\u0173 Pel\u0117dos k\u016bryboje, \u010dia dvaras vaizduojamas kaip tam tikr\u0173 vertybi\u0173, gro\u017eio, sen\u0173j\u0173 tradicij\u0173 lop\u0161ys, o ne blogio ir socialin\u0117s neteisyb\u0117s \u012fk\u016bnijimas. \u0160atrijos Ragana apysakoje \u201eSename dvare&#8221; kalba ir apie nacionalizmo skverbim\u0105si, kuris g\u0105sdino ir glumino to meto dvarininkus, vaizduojamas dvarinink\u0173 santykis su lietuvi\u0173 visuomeniniu ir kult\u016briniu gyvenimu. \u0160i apysaka laikoma vienu meni\u0161kiausi\u0173 ra\u0161ytojos k\u016brini\u0173. Jis pasi\u017eymi ne tik paveikia, gerai apgalvota kompozicija, bet ir to meto literat\u016brai dar neb\u016bdingu jautriu \u017emogaus dvasinio pasaulio vaizdavimu. Apsakymas \u201eIrkos tragedija&#8221; \u2013 tai septyneri\u0173 met\u0173 mergait\u0117s pasakojimas apie savo \u0161eimos tragedij\u0105. 1924 metais publikuotas apsakymas pirm\u0105 kart\u0105 nagrin\u0117jo t\u0117v\u0173 skyryb\u0173 poveikio vaikams tem\u0105. Tuo metu tai buvo nauja tema ne tik lietuvi\u0173, bet ir u\u017esienio vaik\u0173 literat\u016broje. Apsakymas taip pat pasi\u017eymi \u0160atrijos Raganai b\u016bdingu dvasiniu jautrumu, o \u0161iuo atveju ir puikiu vaiko psichologijos pajautimu.<\/p>\n","protected":false},"featured_media":22728,"comment_status":"open","ping_status":"closed","template":"","meta":{"_acf_changed":false,"site-sidebar-layout":"default","site-content-layout":"","ast-site-content-layout":"default","site-content-style":"default","site-sidebar-style":"default","ast-global-header-display":"","ast-banner-title-visibility":"","ast-main-header-display":"","ast-hfb-above-header-display":"","ast-hfb-below-header-display":"","ast-hfb-mobile-header-display":"","site-post-title":"","ast-breadcrumbs-content":"","ast-featured-img":"","footer-sml-layout":"","ast-disable-related-posts":"","theme-transparent-header-meta":"","adv-header-id-meta":"","stick-header-meta":"","header-above-stick-meta":"","header-main-stick-meta":"","header-below-stick-meta":"","astra-migrate-meta-layouts":"default","ast-page-background-enabled":"default","ast-page-background-meta":{"desktop":{"background-color":"","background-image":"","background-repeat":"repeat","background-position":"center center","background-size":"auto","background-attachment":"scroll","background-type":"","background-media":"","overlay-type":"","overlay-color":"","overlay-opacity":"","overlay-gradient":""},"tablet":{"background-color":"","background-image":"","background-repeat":"repeat","background-position":"center center","background-size":"auto","background-attachment":"scroll","background-type":"","background-media":"","overlay-type":"","overlay-color":"","overlay-opacity":"","overlay-gradient":""},"mobile":{"background-color":"","background-image":"","background-repeat":"repeat","background-position":"center center","background-size":"auto","background-attachment":"scroll","background-type":"","background-media":"","overlay-type":"","overlay-color":"","overlay-opacity":"","overlay-gradient":""}},"ast-content-background-meta":{"desktop":{"background-color":"var(--ast-global-color-4)","background-image":"","background-repeat":"repeat","background-position":"center center","background-size":"auto","background-attachment":"scroll","background-type":"","background-media":"","overlay-type":"","overlay-color":"","overlay-opacity":"","overlay-gradient":""},"tablet":{"background-color":"var(--ast-global-color-4)","background-image":"","background-repeat":"repeat","background-position":"center center","background-size":"auto","background-attachment":"scroll","background-type":"","background-media":"","overlay-type":"","overlay-color":"","overlay-opacity":"","overlay-gradient":""},"mobile":{"background-color":"var(--ast-global-color-4)","background-image":"","background-repeat":"repeat","background-position":"center center","background-size":"auto","background-attachment":"scroll","background-type":"","background-media":"","overlay-type":"","overlay-color":"","overlay-opacity":"","overlay-gradient":""}}},"product_brand":[],"product_cat":[31,331],"product_tag":[9311],"class_list":{"0":"post-22723","1":"product","2":"type-product","3":"status-publish","4":"has-post-thumbnail","6":"product_cat-grozine-literatura","7":"product_cat-programine-literatura","8":"product_tag-ltsatrijos-ragana","9":"desktop-align-left","10":"tablet-align-left","11":"mobile-align-left","13":"first","14":"outofstock","15":"shipping-taxable","16":"purchasable","17":"product-type-simple"},"acf":[],"yoast_head":"<!-- This site is optimized with the Yoast SEO plugin v27.0 - https:\/\/yoast.com\/product\/yoast-seo-wordpress\/ -->\n<title>Irkos tragedija. Sename dvare<\/title>\n<meta name=\"description\" content=\"\u0160atrijos Raganos apysaka \u201eSename dvare&quot; ir apsakymas \u201eIrkos tragedija&quot; \u2013 tai du lietuvi\u0173 literat\u016bros klasika tap\u0119 k\u016briniai, kurie leid\u017eiami knyg\u0173 serijoje\" \/>\n<meta name=\"robots\" content=\"index, follow, max-snippet:-1, max-image-preview:large, max-video-preview:-1\" \/>\n<link rel=\"canonical\" href=\"https:\/\/skaitytaknyga.lt\/en\/produktas\/irkos-tragedija-sename-dvare\/\" \/>\n<meta property=\"og:locale\" content=\"en_GB\" \/>\n<meta property=\"og:locale:alternate\" content=\"lt_LT\" \/>\n<meta property=\"og:type\" content=\"article\" \/>\n<meta property=\"og:title\" content=\"Irkos tragedija. Sename dvare\" \/>\n<meta property=\"og:description\" content=\"\u0160atrijos Raganos apysaka \u201eSename dvare&quot; ir apsakymas \u201eIrkos tragedija&quot; \u2013 tai du lietuvi\u0173 literat\u016bros klasika tap\u0119 k\u016briniai, kurie leid\u017eiami knyg\u0173 serijoje\" \/>\n<meta property=\"og:url\" content=\"https:\/\/skaitytaknyga.lt\/en\/produktas\/irkos-tragedija-sename-dvare\/\" \/>\n<meta property=\"og:site_name\" content=\"Skaitytaknyga\" \/>\n<meta property=\"article:publisher\" content=\"https:\/\/www.facebook.com\/skaitytaknyga\/\" \/>\n<meta property=\"article:modified_time\" content=\"2026-01-31T09:31:16+00:00\" \/>\n<meta property=\"og:image\" content=\"https:\/\/skaitytaknyga.lt\/wp-content\/uploads\/2026\/01\/Irkos-tragedija.-Sename-dvare-1.webp\" \/>\n\t<meta property=\"og:image:width\" content=\"300\" \/>\n\t<meta property=\"og:image:height\" content=\"481\" \/>\n\t<meta property=\"og:image:type\" content=\"image\/webp\" \/>\n<meta name=\"twitter:card\" content=\"summary_large_image\" \/>\n<meta name=\"twitter:label1\" content=\"Estimated reading time\" \/>\n\t<meta name=\"twitter:data1\" content=\"1 minute\" \/>\n<script type=\"application\/ld+json\" class=\"yoast-schema-graph\">{\"@context\":\"https:\/\/schema.org\",\"@graph\":[{\"@type\":\"WebPage\",\"@id\":\"https:\/\/skaitytaknyga.lt\/produktas\/irkos-tragedija-sename-dvare\/\",\"url\":\"https:\/\/skaitytaknyga.lt\/produktas\/irkos-tragedija-sename-dvare\/\",\"name\":\"Irkos tragedija. Sename dvare\",\"isPartOf\":{\"@id\":\"https:\/\/skaitytaknyga.lt\/#website\"},\"primaryImageOfPage\":{\"@id\":\"https:\/\/skaitytaknyga.lt\/produktas\/irkos-tragedija-sename-dvare\/#primaryimage\"},\"image\":{\"@id\":\"https:\/\/skaitytaknyga.lt\/produktas\/irkos-tragedija-sename-dvare\/#primaryimage\"},\"thumbnailUrl\":\"https:\/\/skaitytaknyga.lt\/wp-content\/uploads\/2026\/01\/Irkos-tragedija.-Sename-dvare-1.webp\",\"datePublished\":\"2026-01-28T09:08:01+00:00\",\"dateModified\":\"2026-01-31T09:31:16+00:00\",\"description\":\"\u0160atrijos Raganos apysaka \u201eSename dvare\\\" ir apsakymas \u201eIrkos tragedija\\\" \u2013 tai du lietuvi\u0173 literat\u016bros klasika tap\u0119 k\u016briniai, kurie leid\u017eiami knyg\u0173 serijoje\",\"breadcrumb\":{\"@id\":\"https:\/\/skaitytaknyga.lt\/produktas\/irkos-tragedija-sename-dvare\/#breadcrumb\"},\"inLanguage\":\"en-GB\",\"potentialAction\":[{\"@type\":\"ReadAction\",\"target\":[\"https:\/\/skaitytaknyga.lt\/produktas\/irkos-tragedija-sename-dvare\/\"]}]},{\"@type\":\"ImageObject\",\"inLanguage\":\"en-GB\",\"@id\":\"https:\/\/skaitytaknyga.lt\/produktas\/irkos-tragedija-sename-dvare\/#primaryimage\",\"url\":\"https:\/\/skaitytaknyga.lt\/wp-content\/uploads\/2026\/01\/Irkos-tragedija.-Sename-dvare-1.webp\",\"contentUrl\":\"https:\/\/skaitytaknyga.lt\/wp-content\/uploads\/2026\/01\/Irkos-tragedija.-Sename-dvare-1.webp\",\"width\":300,\"height\":481,\"caption\":\"Irkos tragedija. Sename dvare\"},{\"@type\":\"BreadcrumbList\",\"@id\":\"https:\/\/skaitytaknyga.lt\/produktas\/irkos-tragedija-sename-dvare\/#breadcrumb\",\"itemListElement\":[{\"@type\":\"ListItem\",\"position\":1,\"name\":\"Home\",\"item\":\"https:\/\/skaitytaknyga.lt\/\"},{\"@type\":\"ListItem\",\"position\":2,\"name\":\"Parduotuv\u0117\",\"item\":\"https:\/\/skaitytaknyga.lt\/knygu-parduotuve\/\"},{\"@type\":\"ListItem\",\"position\":3,\"name\":\"Irkos tragedija. Sename dvare\"}]},{\"@type\":\"WebSite\",\"@id\":\"https:\/\/skaitytaknyga.lt\/#website\",\"url\":\"https:\/\/skaitytaknyga.lt\/\",\"name\":\"skaitytaknyga.lt\",\"description\":\"Skaitytaknyga.lt \u2013 tai ma\u017eas \u0161eimos verslas, kuris prasid\u0117jo nuo meil\u0117s knygoms ir siekio i\u0161gelb\u0117ti knygas nuo likimo prie konteinerio. Kas vienam nereikalingas daiktas \u2013 kitam lobis, o mes esame tarpininkai, kurie padeda abiems tapti laimingesniems ???? \u017dinome kaip nelengva i\u0161gyventi ma\u017eiems verslams, tad nuo \u0161iol, \u010dia rasite ir kit\u0173, ma\u017e\u0173 \u0161eim\u0173 versl\u0173, rank\u0173 darbo, dovan\u0173 sau ir artimiesiems.\",\"publisher\":{\"@id\":\"https:\/\/skaitytaknyga.lt\/#organization\"},\"potentialAction\":[{\"@type\":\"SearchAction\",\"target\":{\"@type\":\"EntryPoint\",\"urlTemplate\":\"https:\/\/skaitytaknyga.lt\/?s={search_term_string}\"},\"query-input\":{\"@type\":\"PropertyValueSpecification\",\"valueRequired\":true,\"valueName\":\"search_term_string\"}}],\"inLanguage\":\"en-GB\"},{\"@type\":\"Organization\",\"@id\":\"https:\/\/skaitytaknyga.lt\/#organization\",\"name\":\"skaitytaknyga.lt\",\"url\":\"https:\/\/skaitytaknyga.lt\/\",\"logo\":{\"@type\":\"ImageObject\",\"inLanguage\":\"en-GB\",\"@id\":\"https:\/\/skaitytaknyga.lt\/#\/schema\/logo\/image\/\",\"url\":\"https:\/\/skaitytaknyga.lt\/wp-content\/uploads\/2024\/05\/cropped-cropped-cropped-02_00843_jt3bggkj1j3HLc7SyY6rEUpg.jpeg\",\"contentUrl\":\"https:\/\/skaitytaknyga.lt\/wp-content\/uploads\/2024\/05\/cropped-cropped-cropped-02_00843_jt3bggkj1j3HLc7SyY6rEUpg.jpeg\",\"width\":1600,\"height\":1600,\"caption\":\"skaitytaknyga.lt\"},\"image\":{\"@id\":\"https:\/\/skaitytaknyga.lt\/#\/schema\/logo\/image\/\"},\"sameAs\":[\"https:\/\/www.facebook.com\/skaitytaknyga\/\"]}]}<\/script>\n<!-- \/ Yoast SEO plugin. -->","yoast_head_json":{"title":"Irkos tragedija. Sename dvare","description":"\u0160atrijos Raganos apysaka \u201eSename dvare\" ir apsakymas \u201eIrkos tragedija\" \u2013 tai du lietuvi\u0173 literat\u016bros klasika tap\u0119 k\u016briniai, kurie leid\u017eiami knyg\u0173 serijoje","robots":{"index":"index","follow":"follow","max-snippet":"max-snippet:-1","max-image-preview":"max-image-preview:large","max-video-preview":"max-video-preview:-1"},"canonical":"https:\/\/skaitytaknyga.lt\/en\/produktas\/irkos-tragedija-sename-dvare\/","og_locale":"en_GB","og_type":"article","og_title":"[:lt]Irkos tragedija. Sename dvare[:] - Skaitytaknyga","og_description":"\u0160atrijos Raganos apysaka \u201eSename dvare\" ir apsakymas \u201eIrkos tragedija\" \u2013 tai du lietuvi\u0173 literat\u016bros klasika tap\u0119 k\u016briniai, kurie leid\u017eiami knyg\u0173 serijoje","og_url":"https:\/\/skaitytaknyga.lt\/en\/produktas\/irkos-tragedija-sename-dvare\/","og_site_name":"Skaitytaknyga","article_publisher":"https:\/\/www.facebook.com\/skaitytaknyga\/","article_modified_time":"2026-01-31T09:31:16+00:00","og_image":[{"width":300,"height":481,"url":"https:\/\/skaitytaknyga.lt\/wp-content\/uploads\/2026\/01\/Irkos-tragedija.-Sename-dvare-1.webp","type":"image\/webp"}],"twitter_card":"summary_large_image","twitter_misc":{"Estimated reading time":"1 minute"},"schema":{"@context":"https:\/\/schema.org","@graph":[{"@type":"WebPage","@id":"https:\/\/skaitytaknyga.lt\/produktas\/irkos-tragedija-sename-dvare\/","url":"https:\/\/skaitytaknyga.lt\/produktas\/irkos-tragedija-sename-dvare\/","name":"Irkos tragedija. Sename dvare","isPartOf":{"@id":"https:\/\/skaitytaknyga.lt\/#website"},"primaryImageOfPage":{"@id":"https:\/\/skaitytaknyga.lt\/produktas\/irkos-tragedija-sename-dvare\/#primaryimage"},"image":{"@id":"https:\/\/skaitytaknyga.lt\/produktas\/irkos-tragedija-sename-dvare\/#primaryimage"},"thumbnailUrl":"https:\/\/skaitytaknyga.lt\/wp-content\/uploads\/2026\/01\/Irkos-tragedija.-Sename-dvare-1.webp","datePublished":"2026-01-28T09:08:01+00:00","dateModified":"2026-01-31T09:31:16+00:00","description":"\u0160atrijos Raganos apysaka \u201eSename dvare\" ir apsakymas \u201eIrkos tragedija\" \u2013 tai du lietuvi\u0173 literat\u016bros klasika tap\u0119 k\u016briniai, kurie leid\u017eiami knyg\u0173 serijoje","breadcrumb":{"@id":"https:\/\/skaitytaknyga.lt\/produktas\/irkos-tragedija-sename-dvare\/#breadcrumb"},"inLanguage":"en-GB","potentialAction":[{"@type":"ReadAction","target":["https:\/\/skaitytaknyga.lt\/produktas\/irkos-tragedija-sename-dvare\/"]}]},{"@type":"ImageObject","inLanguage":"en-GB","@id":"https:\/\/skaitytaknyga.lt\/produktas\/irkos-tragedija-sename-dvare\/#primaryimage","url":"https:\/\/skaitytaknyga.lt\/wp-content\/uploads\/2026\/01\/Irkos-tragedija.-Sename-dvare-1.webp","contentUrl":"https:\/\/skaitytaknyga.lt\/wp-content\/uploads\/2026\/01\/Irkos-tragedija.-Sename-dvare-1.webp","width":300,"height":481,"caption":"Irkos tragedija. Sename dvare"},{"@type":"BreadcrumbList","@id":"https:\/\/skaitytaknyga.lt\/produktas\/irkos-tragedija-sename-dvare\/#breadcrumb","itemListElement":[{"@type":"ListItem","position":1,"name":"Home","item":"https:\/\/skaitytaknyga.lt\/"},{"@type":"ListItem","position":2,"name":"Parduotuv\u0117","item":"https:\/\/skaitytaknyga.lt\/knygu-parduotuve\/"},{"@type":"ListItem","position":3,"name":"Irkos tragedija. Sename dvare"}]},{"@type":"WebSite","@id":"https:\/\/skaitytaknyga.lt\/#website","url":"https:\/\/skaitytaknyga.lt\/","name":"skaitytaknyga.lt","description":"Skaitytaknyga.lt \u2013 tai ma\u017eas \u0161eimos verslas, kuris prasid\u0117jo nuo meil\u0117s knygoms ir siekio i\u0161gelb\u0117ti knygas nuo likimo prie konteinerio. Kas vienam nereikalingas daiktas \u2013 kitam lobis, o mes esame tarpininkai, kurie padeda abiems tapti laimingesniems ???? \u017dinome kaip nelengva i\u0161gyventi ma\u017eiems verslams, tad nuo \u0161iol, \u010dia rasite ir kit\u0173, ma\u017e\u0173 \u0161eim\u0173 versl\u0173, rank\u0173 darbo, dovan\u0173 sau ir artimiesiems.","publisher":{"@id":"https:\/\/skaitytaknyga.lt\/#organization"},"potentialAction":[{"@type":"SearchAction","target":{"@type":"EntryPoint","urlTemplate":"https:\/\/skaitytaknyga.lt\/?s={search_term_string}"},"query-input":{"@type":"PropertyValueSpecification","valueRequired":true,"valueName":"search_term_string"}}],"inLanguage":"en-GB"},{"@type":"Organization","@id":"https:\/\/skaitytaknyga.lt\/#organization","name":"skaitytaknyga.lt","url":"https:\/\/skaitytaknyga.lt\/","logo":{"@type":"ImageObject","inLanguage":"en-GB","@id":"https:\/\/skaitytaknyga.lt\/#\/schema\/logo\/image\/","url":"https:\/\/skaitytaknyga.lt\/wp-content\/uploads\/2024\/05\/cropped-cropped-cropped-02_00843_jt3bggkj1j3HLc7SyY6rEUpg.jpeg","contentUrl":"https:\/\/skaitytaknyga.lt\/wp-content\/uploads\/2024\/05\/cropped-cropped-cropped-02_00843_jt3bggkj1j3HLc7SyY6rEUpg.jpeg","width":1600,"height":1600,"caption":"skaitytaknyga.lt"},"image":{"@id":"https:\/\/skaitytaknyga.lt\/#\/schema\/logo\/image\/"},"sameAs":["https:\/\/www.facebook.com\/skaitytaknyga\/"]}]}},"_links":{"self":[{"href":"https:\/\/skaitytaknyga.lt\/en\/wp-json\/wp\/v2\/product\/22723","targetHints":{"allow":["GET"]}}],"collection":[{"href":"https:\/\/skaitytaknyga.lt\/en\/wp-json\/wp\/v2\/product"}],"about":[{"href":"https:\/\/skaitytaknyga.lt\/en\/wp-json\/wp\/v2\/types\/product"}],"replies":[{"embeddable":true,"href":"https:\/\/skaitytaknyga.lt\/en\/wp-json\/wp\/v2\/comments?post=22723"}],"wp:featuredmedia":[{"embeddable":true,"href":"https:\/\/skaitytaknyga.lt\/en\/wp-json\/wp\/v2\/media\/22728"}],"wp:attachment":[{"href":"https:\/\/skaitytaknyga.lt\/en\/wp-json\/wp\/v2\/media?parent=22723"}],"wp:term":[{"taxonomy":"product_brand","embeddable":true,"href":"https:\/\/skaitytaknyga.lt\/en\/wp-json\/wp\/v2\/product_brand?post=22723"},{"taxonomy":"product_cat","embeddable":true,"href":"https:\/\/skaitytaknyga.lt\/en\/wp-json\/wp\/v2\/product_cat?post=22723"},{"taxonomy":"product_tag","embeddable":true,"href":"https:\/\/skaitytaknyga.lt\/en\/wp-json\/wp\/v2\/product_tag?post=22723"}],"curies":[{"name":"wp","href":"https:\/\/api.w.org\/{rel}","templated":true}]}}