{"id":22722,"date":"2026-01-28T11:08:00","date_gmt":"2026-01-28T09:08:00","guid":{"rendered":"https:\/\/skaitytaknyga.lt\/?post_type=product&#038;p=22722"},"modified":"2026-03-18T11:44:41","modified_gmt":"2026-03-18T09:44:41","slug":"suprasti-biblija","status":"publish","type":"product","link":"https:\/\/skaitytaknyga.lt\/en\/produktas\/suprasti-biblija\/","title":{"rendered":"Suprasti Biblij\u0105"},"content":{"rendered":"<p>Apie Biblij\u0105 prira\u0161yta t\u016bkstan\u010diai knyg\u0173. Kam reikalinga dar viena? Kuo \u0161i knyga kitokia?<\/p>\n<p>Pirma, ji skirta pradedantiesiems. Jos reikalingum\u0105 didina ma\u017e\u0117jantis Vakar\u0173 civilizacijos biblinis ra\u0161tingumas \u2013 tai, beje, pasakytina ir apie ra\u0161tingum\u0105 apskritai.<\/p>\n<p>Antra, knyga ypa\u010d, bet ne i\u0161imtinai, skirta katalikams. Vatikano II Susirinkimas nepaliaujamai kviet\u0117 atnaujinti Biblijos skaitym\u0105, ta\u010diau atsiliepta buvo vangiai, biblinis ra\u0161tingumas sumenko ir tarp katalik\u0173.<\/p>\n<p>Tre\u010dia, knyga paprasta ir prakti\u0161ka. Bet kur\u012f skyri\u0173 galima skaityti prie puodelio kavos su spurga. Ji neperkrauta sunkiai suprantamomis mokslin\u0117mis Biblijos tyrin\u0117jim\u0173 teorijomis. Jos tikslas \u2013 paakinti dom\u0117tis Dievo \u017eod\u017eiu, j\u012f skaityti, \u012f j\u012f gilintis.<\/p>\n","protected":false},"excerpt":{"rendered":"<p>Apie Biblij\u0105 prira\u0161yta t\u016bkstan\u010diai knyg\u0173. Kam reikalinga dar viena? Kuo \u0161i knyga kitokia? Pirma, ji skirta pradedantiesiems. Jos reikalingum\u0105 didina ma\u017e\u0117jantis Vakar\u0173 civilizacijos biblinis ra\u0161tingumas \u2013 tai, beje, pasakytina ir apie ra\u0161tingum\u0105 apskritai. Antra, knyga ypa\u010d, bet ne i\u0161imtinai, skirta katalikams. Vatikano II Susirinkimas nepaliaujamai kviet\u0117 atnaujinti Biblijos skaitym\u0105, ta\u010diau atsiliepta buvo vangiai, biblinis ra\u0161tingumas sumenko ir tarp katalik\u0173. Tre\u010dia, knyga paprasta ir prakti\u0161ka. Bet kur\u012f skyri\u0173 galima skaityti prie puodelio kavos su spurga. Ji neperkrauta sunkiai suprantamomis mokslin\u0117mis Biblijos tyrin\u0117jim\u0173 teorijomis. Jos tikslas \u2013 paakinti dom\u0117tis Dievo \u017eod\u017eiu, j\u012f skaityti, \u012f j\u012f gilintis.<\/p>\n","protected":false},"featured_media":22727,"comment_status":"open","ping_status":"closed","template":"","meta":{"_acf_changed":false,"site-sidebar-layout":"default","site-content-layout":"","ast-site-content-layout":"default","site-content-style":"default","site-sidebar-style":"default","ast-global-header-display":"","ast-banner-title-visibility":"","ast-main-header-display":"","ast-hfb-above-header-display":"","ast-hfb-below-header-display":"","ast-hfb-mobile-header-display":"","site-post-title":"","ast-breadcrumbs-content":"","ast-featured-img":"","footer-sml-layout":"","ast-disable-related-posts":"","theme-transparent-header-meta":"","adv-header-id-meta":"","stick-header-meta":"","header-above-stick-meta":"","header-main-stick-meta":"","header-below-stick-meta":"","astra-migrate-meta-layouts":"default","ast-page-background-enabled":"default","ast-page-background-meta":{"desktop":{"background-color":"","background-image":"","background-repeat":"repeat","background-position":"center center","background-size":"auto","background-attachment":"scroll","background-type":"","background-media":"","overlay-type":"","overlay-color":"","overlay-opacity":"","overlay-gradient":""},"tablet":{"background-color":"","background-image":"","background-repeat":"repeat","background-position":"center center","background-size":"auto","background-attachment":"scroll","background-type":"","background-media":"","overlay-type":"","overlay-color":"","overlay-opacity":"","overlay-gradient":""},"mobile":{"background-color":"","background-image":"","background-repeat":"repeat","background-position":"center center","background-size":"auto","background-attachment":"scroll","background-type":"","background-media":"","overlay-type":"","overlay-color":"","overlay-opacity":"","overlay-gradient":""}},"ast-content-background-meta":{"desktop":{"background-color":"var(--ast-global-color-4)","background-image":"","background-repeat":"repeat","background-position":"center center","background-size":"auto","background-attachment":"scroll","background-type":"","background-media":"","overlay-type":"","overlay-color":"","overlay-opacity":"","overlay-gradient":""},"tablet":{"background-color":"var(--ast-global-color-4)","background-image":"","background-repeat":"repeat","background-position":"center center","background-size":"auto","background-attachment":"scroll","background-type":"","background-media":"","overlay-type":"","overlay-color":"","overlay-opacity":"","overlay-gradient":""},"mobile":{"background-color":"var(--ast-global-color-4)","background-image":"","background-repeat":"repeat","background-position":"center center","background-size":"auto","background-attachment":"scroll","background-type":"","background-media":"","overlay-type":"","overlay-color":"","overlay-opacity":"","overlay-gradient":""}}},"product_brand":[],"product_cat":[9753],"product_tag":[],"class_list":{"0":"post-22722","1":"product","2":"type-product","3":"status-publish","4":"has-post-thumbnail","6":"product_cat-religija","7":"desktop-align-left","8":"tablet-align-left","9":"mobile-align-left","11":"first","12":"instock","13":"shipping-taxable","14":"purchasable","15":"product-type-simple"},"acf":[],"yoast_head":"<!-- This site is optimized with the Yoast SEO plugin v27.0 - https:\/\/yoast.com\/product\/yoast-seo-wordpress\/ -->\n<title>Suprasti Biblij\u0105<\/title>\n<meta name=\"description\" content=\"Apie Biblij\u0105 prira\u0161yta t\u016bkstan\u010diai knyg\u0173. Kam reikalinga dar viena? Kuo \u0161i knyga kitokia? Pirma, ji skirta pradedantiesiems. Jos reikalingum\u0105 didina\" \/>\n<meta name=\"robots\" content=\"index, follow, max-snippet:-1, max-image-preview:large, max-video-preview:-1\" \/>\n<link rel=\"canonical\" href=\"https:\/\/skaitytaknyga.lt\/en\/produktas\/suprasti-biblija\/\" \/>\n<meta property=\"og:locale\" content=\"en_GB\" \/>\n<meta property=\"og:locale:alternate\" content=\"lt_LT\" \/>\n<meta property=\"og:type\" content=\"article\" \/>\n<meta property=\"og:title\" content=\"Suprasti Biblij\u0105\" \/>\n<meta property=\"og:description\" content=\"Apie Biblij\u0105 prira\u0161yta t\u016bkstan\u010diai knyg\u0173. Kam reikalinga dar viena? Kuo \u0161i knyga kitokia? Pirma, ji skirta pradedantiesiems. Jos reikalingum\u0105 didina\" \/>\n<meta property=\"og:url\" content=\"https:\/\/skaitytaknyga.lt\/en\/produktas\/suprasti-biblija\/\" \/>\n<meta property=\"og:site_name\" content=\"Skaitytaknyga\" \/>\n<meta property=\"article:publisher\" content=\"https:\/\/www.facebook.com\/skaitytaknyga\/\" \/>\n<meta property=\"article:modified_time\" content=\"2026-03-18T09:44:41+00:00\" \/>\n<meta property=\"og:image\" content=\"https:\/\/skaitytaknyga.lt\/wp-content\/uploads\/2026\/01\/1652449883_Biblija1-virselis-400x625-1.webp\" \/>\n\t<meta property=\"og:image:width\" content=\"300\" \/>\n\t<meta property=\"og:image:height\" content=\"469\" \/>\n\t<meta property=\"og:image:type\" content=\"image\/webp\" \/>\n<meta name=\"twitter:card\" content=\"summary_large_image\" \/>\n<meta name=\"twitter:label1\" content=\"Estimated reading time\" \/>\n\t<meta name=\"twitter:data1\" content=\"1 minute\" \/>\n<script type=\"application\/ld+json\" class=\"yoast-schema-graph\">{\"@context\":\"https:\/\/schema.org\",\"@graph\":[{\"@type\":\"WebPage\",\"@id\":\"https:\/\/skaitytaknyga.lt\/produktas\/suprasti-biblija\/\",\"url\":\"https:\/\/skaitytaknyga.lt\/produktas\/suprasti-biblija\/\",\"name\":\"Suprasti Biblij\u0105\",\"isPartOf\":{\"@id\":\"https:\/\/skaitytaknyga.lt\/#website\"},\"primaryImageOfPage\":{\"@id\":\"https:\/\/skaitytaknyga.lt\/produktas\/suprasti-biblija\/#primaryimage\"},\"image\":{\"@id\":\"https:\/\/skaitytaknyga.lt\/produktas\/suprasti-biblija\/#primaryimage\"},\"thumbnailUrl\":\"https:\/\/skaitytaknyga.lt\/wp-content\/uploads\/2026\/01\/1652449883_Biblija1-virselis-400x625-1.webp\",\"datePublished\":\"2026-01-28T09:08:00+00:00\",\"dateModified\":\"2026-03-18T09:44:41+00:00\",\"description\":\"Apie Biblij\u0105 prira\u0161yta t\u016bkstan\u010diai knyg\u0173. Kam reikalinga dar viena? Kuo \u0161i knyga kitokia? Pirma, ji skirta pradedantiesiems. Jos reikalingum\u0105 didina\",\"breadcrumb\":{\"@id\":\"https:\/\/skaitytaknyga.lt\/produktas\/suprasti-biblija\/#breadcrumb\"},\"inLanguage\":\"en-GB\",\"potentialAction\":[{\"@type\":\"ReadAction\",\"target\":[\"https:\/\/skaitytaknyga.lt\/produktas\/suprasti-biblija\/\"]}]},{\"@type\":\"ImageObject\",\"inLanguage\":\"en-GB\",\"@id\":\"https:\/\/skaitytaknyga.lt\/produktas\/suprasti-biblija\/#primaryimage\",\"url\":\"https:\/\/skaitytaknyga.lt\/wp-content\/uploads\/2026\/01\/1652449883_Biblija1-virselis-400x625-1.webp\",\"contentUrl\":\"https:\/\/skaitytaknyga.lt\/wp-content\/uploads\/2026\/01\/1652449883_Biblija1-virselis-400x625-1.webp\",\"width\":300,\"height\":469,\"caption\":\"Suprasti Biblij\u0105\"},{\"@type\":\"BreadcrumbList\",\"@id\":\"https:\/\/skaitytaknyga.lt\/produktas\/suprasti-biblija\/#breadcrumb\",\"itemListElement\":[{\"@type\":\"ListItem\",\"position\":1,\"name\":\"Home\",\"item\":\"https:\/\/skaitytaknyga.lt\/\"},{\"@type\":\"ListItem\",\"position\":2,\"name\":\"Parduotuv\u0117\",\"item\":\"https:\/\/skaitytaknyga.lt\/knygu-parduotuve\/\"},{\"@type\":\"ListItem\",\"position\":3,\"name\":\"Suprasti Biblij\u0105\"}]},{\"@type\":\"WebSite\",\"@id\":\"https:\/\/skaitytaknyga.lt\/#website\",\"url\":\"https:\/\/skaitytaknyga.lt\/\",\"name\":\"skaitytaknyga.lt\",\"description\":\"Skaitytaknyga.lt \u2013 tai ma\u017eas \u0161eimos verslas, kuris prasid\u0117jo nuo meil\u0117s knygoms ir siekio i\u0161gelb\u0117ti knygas nuo likimo prie konteinerio. Kas vienam nereikalingas daiktas \u2013 kitam lobis, o mes esame tarpininkai, kurie padeda abiems tapti laimingesniems ???? \u017dinome kaip nelengva i\u0161gyventi ma\u017eiems verslams, tad nuo \u0161iol, \u010dia rasite ir kit\u0173, ma\u017e\u0173 \u0161eim\u0173 versl\u0173, rank\u0173 darbo, dovan\u0173 sau ir artimiesiems.\",\"publisher\":{\"@id\":\"https:\/\/skaitytaknyga.lt\/#organization\"},\"potentialAction\":[{\"@type\":\"SearchAction\",\"target\":{\"@type\":\"EntryPoint\",\"urlTemplate\":\"https:\/\/skaitytaknyga.lt\/?s={search_term_string}\"},\"query-input\":{\"@type\":\"PropertyValueSpecification\",\"valueRequired\":true,\"valueName\":\"search_term_string\"}}],\"inLanguage\":\"en-GB\"},{\"@type\":\"Organization\",\"@id\":\"https:\/\/skaitytaknyga.lt\/#organization\",\"name\":\"skaitytaknyga.lt\",\"url\":\"https:\/\/skaitytaknyga.lt\/\",\"logo\":{\"@type\":\"ImageObject\",\"inLanguage\":\"en-GB\",\"@id\":\"https:\/\/skaitytaknyga.lt\/#\/schema\/logo\/image\/\",\"url\":\"https:\/\/skaitytaknyga.lt\/wp-content\/uploads\/2024\/05\/cropped-cropped-cropped-02_00843_jt3bggkj1j3HLc7SyY6rEUpg.jpeg\",\"contentUrl\":\"https:\/\/skaitytaknyga.lt\/wp-content\/uploads\/2024\/05\/cropped-cropped-cropped-02_00843_jt3bggkj1j3HLc7SyY6rEUpg.jpeg\",\"width\":1600,\"height\":1600,\"caption\":\"skaitytaknyga.lt\"},\"image\":{\"@id\":\"https:\/\/skaitytaknyga.lt\/#\/schema\/logo\/image\/\"},\"sameAs\":[\"https:\/\/www.facebook.com\/skaitytaknyga\/\"]}]}<\/script>\n<!-- \/ Yoast SEO plugin. -->","yoast_head_json":{"title":"Suprasti Biblij\u0105","description":"Apie Biblij\u0105 prira\u0161yta t\u016bkstan\u010diai knyg\u0173. Kam reikalinga dar viena? Kuo \u0161i knyga kitokia? Pirma, ji skirta pradedantiesiems. Jos reikalingum\u0105 didina","robots":{"index":"index","follow":"follow","max-snippet":"max-snippet:-1","max-image-preview":"max-image-preview:large","max-video-preview":"max-video-preview:-1"},"canonical":"https:\/\/skaitytaknyga.lt\/en\/produktas\/suprasti-biblija\/","og_locale":"en_GB","og_type":"article","og_title":"[:lt]Suprasti Biblij\u0105[:] - Skaitytaknyga","og_description":"Apie Biblij\u0105 prira\u0161yta t\u016bkstan\u010diai knyg\u0173. Kam reikalinga dar viena? Kuo \u0161i knyga kitokia? Pirma, ji skirta pradedantiesiems. Jos reikalingum\u0105 didina","og_url":"https:\/\/skaitytaknyga.lt\/en\/produktas\/suprasti-biblija\/","og_site_name":"Skaitytaknyga","article_publisher":"https:\/\/www.facebook.com\/skaitytaknyga\/","article_modified_time":"2026-03-18T09:44:41+00:00","og_image":[{"width":300,"height":469,"url":"https:\/\/skaitytaknyga.lt\/wp-content\/uploads\/2026\/01\/1652449883_Biblija1-virselis-400x625-1.webp","type":"image\/webp"}],"twitter_card":"summary_large_image","twitter_misc":{"Estimated reading time":"1 minute"},"schema":{"@context":"https:\/\/schema.org","@graph":[{"@type":"WebPage","@id":"https:\/\/skaitytaknyga.lt\/produktas\/suprasti-biblija\/","url":"https:\/\/skaitytaknyga.lt\/produktas\/suprasti-biblija\/","name":"Suprasti Biblij\u0105","isPartOf":{"@id":"https:\/\/skaitytaknyga.lt\/#website"},"primaryImageOfPage":{"@id":"https:\/\/skaitytaknyga.lt\/produktas\/suprasti-biblija\/#primaryimage"},"image":{"@id":"https:\/\/skaitytaknyga.lt\/produktas\/suprasti-biblija\/#primaryimage"},"thumbnailUrl":"https:\/\/skaitytaknyga.lt\/wp-content\/uploads\/2026\/01\/1652449883_Biblija1-virselis-400x625-1.webp","datePublished":"2026-01-28T09:08:00+00:00","dateModified":"2026-03-18T09:44:41+00:00","description":"Apie Biblij\u0105 prira\u0161yta t\u016bkstan\u010diai knyg\u0173. Kam reikalinga dar viena? Kuo \u0161i knyga kitokia? Pirma, ji skirta pradedantiesiems. Jos reikalingum\u0105 didina","breadcrumb":{"@id":"https:\/\/skaitytaknyga.lt\/produktas\/suprasti-biblija\/#breadcrumb"},"inLanguage":"en-GB","potentialAction":[{"@type":"ReadAction","target":["https:\/\/skaitytaknyga.lt\/produktas\/suprasti-biblija\/"]}]},{"@type":"ImageObject","inLanguage":"en-GB","@id":"https:\/\/skaitytaknyga.lt\/produktas\/suprasti-biblija\/#primaryimage","url":"https:\/\/skaitytaknyga.lt\/wp-content\/uploads\/2026\/01\/1652449883_Biblija1-virselis-400x625-1.webp","contentUrl":"https:\/\/skaitytaknyga.lt\/wp-content\/uploads\/2026\/01\/1652449883_Biblija1-virselis-400x625-1.webp","width":300,"height":469,"caption":"Suprasti Biblij\u0105"},{"@type":"BreadcrumbList","@id":"https:\/\/skaitytaknyga.lt\/produktas\/suprasti-biblija\/#breadcrumb","itemListElement":[{"@type":"ListItem","position":1,"name":"Home","item":"https:\/\/skaitytaknyga.lt\/"},{"@type":"ListItem","position":2,"name":"Parduotuv\u0117","item":"https:\/\/skaitytaknyga.lt\/knygu-parduotuve\/"},{"@type":"ListItem","position":3,"name":"Suprasti Biblij\u0105"}]},{"@type":"WebSite","@id":"https:\/\/skaitytaknyga.lt\/#website","url":"https:\/\/skaitytaknyga.lt\/","name":"skaitytaknyga.lt","description":"Skaitytaknyga.lt \u2013 tai ma\u017eas \u0161eimos verslas, kuris prasid\u0117jo nuo meil\u0117s knygoms ir siekio i\u0161gelb\u0117ti knygas nuo likimo prie konteinerio. Kas vienam nereikalingas daiktas \u2013 kitam lobis, o mes esame tarpininkai, kurie padeda abiems tapti laimingesniems ???? \u017dinome kaip nelengva i\u0161gyventi ma\u017eiems verslams, tad nuo \u0161iol, \u010dia rasite ir kit\u0173, ma\u017e\u0173 \u0161eim\u0173 versl\u0173, rank\u0173 darbo, dovan\u0173 sau ir artimiesiems.","publisher":{"@id":"https:\/\/skaitytaknyga.lt\/#organization"},"potentialAction":[{"@type":"SearchAction","target":{"@type":"EntryPoint","urlTemplate":"https:\/\/skaitytaknyga.lt\/?s={search_term_string}"},"query-input":{"@type":"PropertyValueSpecification","valueRequired":true,"valueName":"search_term_string"}}],"inLanguage":"en-GB"},{"@type":"Organization","@id":"https:\/\/skaitytaknyga.lt\/#organization","name":"skaitytaknyga.lt","url":"https:\/\/skaitytaknyga.lt\/","logo":{"@type":"ImageObject","inLanguage":"en-GB","@id":"https:\/\/skaitytaknyga.lt\/#\/schema\/logo\/image\/","url":"https:\/\/skaitytaknyga.lt\/wp-content\/uploads\/2024\/05\/cropped-cropped-cropped-02_00843_jt3bggkj1j3HLc7SyY6rEUpg.jpeg","contentUrl":"https:\/\/skaitytaknyga.lt\/wp-content\/uploads\/2024\/05\/cropped-cropped-cropped-02_00843_jt3bggkj1j3HLc7SyY6rEUpg.jpeg","width":1600,"height":1600,"caption":"skaitytaknyga.lt"},"image":{"@id":"https:\/\/skaitytaknyga.lt\/#\/schema\/logo\/image\/"},"sameAs":["https:\/\/www.facebook.com\/skaitytaknyga\/"]}]}},"_links":{"self":[{"href":"https:\/\/skaitytaknyga.lt\/en\/wp-json\/wp\/v2\/product\/22722","targetHints":{"allow":["GET"]}}],"collection":[{"href":"https:\/\/skaitytaknyga.lt\/en\/wp-json\/wp\/v2\/product"}],"about":[{"href":"https:\/\/skaitytaknyga.lt\/en\/wp-json\/wp\/v2\/types\/product"}],"replies":[{"embeddable":true,"href":"https:\/\/skaitytaknyga.lt\/en\/wp-json\/wp\/v2\/comments?post=22722"}],"wp:featuredmedia":[{"embeddable":true,"href":"https:\/\/skaitytaknyga.lt\/en\/wp-json\/wp\/v2\/media\/22727"}],"wp:attachment":[{"href":"https:\/\/skaitytaknyga.lt\/en\/wp-json\/wp\/v2\/media?parent=22722"}],"wp:term":[{"taxonomy":"product_brand","embeddable":true,"href":"https:\/\/skaitytaknyga.lt\/en\/wp-json\/wp\/v2\/product_brand?post=22722"},{"taxonomy":"product_cat","embeddable":true,"href":"https:\/\/skaitytaknyga.lt\/en\/wp-json\/wp\/v2\/product_cat?post=22722"},{"taxonomy":"product_tag","embeddable":true,"href":"https:\/\/skaitytaknyga.lt\/en\/wp-json\/wp\/v2\/product_tag?post=22722"}],"curies":[{"name":"wp","href":"https:\/\/api.w.org\/{rel}","templated":true}]}}