{"id":22714,"date":"2026-01-27T12:44:58","date_gmt":"2026-01-27T10:44:58","guid":{"rendered":"https:\/\/skaitytaknyga.lt\/?post_type=product&#038;p=22714"},"modified":"2026-03-18T11:44:41","modified_gmt":"2026-03-18T09:44:41","slug":"dykumos-tevu-posakiai","status":"publish","type":"product","link":"https:\/\/skaitytaknyga.lt\/en\/produktas\/dykumos-tevu-posakiai\/","title":{"rendered":"Dykumos t\u0117v\u0173 posakiai"},"content":{"rendered":"<p>Dykumos t\u0117v\u0173 posakiai, \u017einomi kaip Apophthegmata Patrum, yra vieni i\u0161 labiausiai skaitom\u0173 ir da\u017eniausiai cituojam\u0173 tekst\u0173 krik\u0161\u010dionyb\u0117s istorijoje. IV a. pabaigoje Egipto vienuolin\u0117je aplinkoje imta sudarin\u0117ti posaki\u0173 rinkinius, kurie, praturtinti v\u0117lesni\u0173 vienuoli\u0173 kart\u0173, greitai paplito senajame krik\u0161\u010dioni\u0161kajame pasaulyje ir veikiai buvo i\u0161versti \u012f visas ankstyv\u0173j\u0173 viduram\u017ei\u0173 krik\u0161\u010dioni\u0161kojo pasaulio kalbas.<\/p>\n<p>\u0160ie taikl\u016bs posakiai ir dialogai perduoda vienuolin\u0117s tradicijos i\u0161mint\u012f ir patirtis. Neretai atrodantys drasti\u0161ki ir perd\u0117ti vienuoli\u0173 persona\u017e\u0173 \u017eod\u017eiai ir poelgiai modeliuojami taip, kad b\u016bt\u0173 \u012fsiminti ar net i\u0161mokti atmintinai.<\/p>\n<p>Savo forma patarles ir parodijas primenan\u010diais posakiais buvo siekiama pamokyti ir pralinksminti. Nors veiksmo fonas yra dykuma ir vilkimas vienuolinis apdaras, posaki\u0173 vert\u0117 ilgainiui n\u0117 kiek nemenksta, nes jie atspindi \u017emoni\u0173 viltis, pastangas, nes\u0117kmes ir pasisekimus, kuriant santykius vienam su kitu ir su Dievu.<\/p>\n","protected":false},"excerpt":{"rendered":"<p>Dykumos t\u0117v\u0173 posakiai, \u017einomi kaip Apophthegmata Patrum, yra vieni i\u0161 labiausiai skaitom\u0173 ir da\u017eniausiai cituojam\u0173 tekst\u0173 krik\u0161\u010dionyb\u0117s istorijoje. IV a. pabaigoje Egipto vienuolin\u0117je aplinkoje imta sudarin\u0117ti posaki\u0173 rinkinius, kurie, praturtinti v\u0117lesni\u0173 vienuoli\u0173 kart\u0173, greitai paplito senajame krik\u0161\u010dioni\u0161kajame pasaulyje ir veikiai buvo i\u0161versti \u012f visas ankstyv\u0173j\u0173 viduram\u017ei\u0173 krik\u0161\u010dioni\u0161kojo pasaulio kalbas. \u0160ie taikl\u016bs posakiai ir dialogai perduoda vienuolin\u0117s tradicijos i\u0161mint\u012f ir patirtis. Neretai atrodantys drasti\u0161ki ir perd\u0117ti vienuoli\u0173 persona\u017e\u0173 \u017eod\u017eiai ir poelgiai modeliuojami taip, kad b\u016bt\u0173 \u012fsiminti ar net i\u0161mokti atmintinai. Savo forma patarles ir parodijas primenan\u010diais posakiais buvo siekiama pamokyti ir pralinksminti. Nors veiksmo fonas yra dykuma ir vilkimas vienuolinis apdaras, posaki\u0173 vert\u0117 ilgainiui n\u0117 kiek nemenksta, nes jie atspindi \u017emoni\u0173 viltis, pastangas, nes\u0117kmes ir pasisekimus, kuriant santykius vienam su kitu ir su Dievu.<\/p>\n","protected":false},"featured_media":22719,"comment_status":"open","ping_status":"closed","template":"","meta":{"_acf_changed":false,"site-sidebar-layout":"default","site-content-layout":"","ast-site-content-layout":"default","site-content-style":"default","site-sidebar-style":"default","ast-global-header-display":"","ast-banner-title-visibility":"","ast-main-header-display":"","ast-hfb-above-header-display":"","ast-hfb-below-header-display":"","ast-hfb-mobile-header-display":"","site-post-title":"","ast-breadcrumbs-content":"","ast-featured-img":"","footer-sml-layout":"","ast-disable-related-posts":"","theme-transparent-header-meta":"","adv-header-id-meta":"","stick-header-meta":"","header-above-stick-meta":"","header-main-stick-meta":"","header-below-stick-meta":"","astra-migrate-meta-layouts":"default","ast-page-background-enabled":"default","ast-page-background-meta":{"desktop":{"background-color":"","background-image":"","background-repeat":"repeat","background-position":"center center","background-size":"auto","background-attachment":"scroll","background-type":"","background-media":"","overlay-type":"","overlay-color":"","overlay-opacity":"","overlay-gradient":""},"tablet":{"background-color":"","background-image":"","background-repeat":"repeat","background-position":"center center","background-size":"auto","background-attachment":"scroll","background-type":"","background-media":"","overlay-type":"","overlay-color":"","overlay-opacity":"","overlay-gradient":""},"mobile":{"background-color":"","background-image":"","background-repeat":"repeat","background-position":"center center","background-size":"auto","background-attachment":"scroll","background-type":"","background-media":"","overlay-type":"","overlay-color":"","overlay-opacity":"","overlay-gradient":""}},"ast-content-background-meta":{"desktop":{"background-color":"var(--ast-global-color-4)","background-image":"","background-repeat":"repeat","background-position":"center center","background-size":"auto","background-attachment":"scroll","background-type":"","background-media":"","overlay-type":"","overlay-color":"","overlay-opacity":"","overlay-gradient":""},"tablet":{"background-color":"var(--ast-global-color-4)","background-image":"","background-repeat":"repeat","background-position":"center center","background-size":"auto","background-attachment":"scroll","background-type":"","background-media":"","overlay-type":"","overlay-color":"","overlay-opacity":"","overlay-gradient":""},"mobile":{"background-color":"var(--ast-global-color-4)","background-image":"","background-repeat":"repeat","background-position":"center center","background-size":"auto","background-attachment":"scroll","background-type":"","background-media":"","overlay-type":"","overlay-color":"","overlay-opacity":"","overlay-gradient":""}}},"product_brand":[],"product_cat":[9753],"product_tag":[],"class_list":{"0":"post-22714","1":"product","2":"type-product","3":"status-publish","4":"has-post-thumbnail","6":"product_cat-religija","7":"desktop-align-left","8":"tablet-align-left","9":"mobile-align-left","11":"first","12":"instock","13":"shipping-taxable","14":"purchasable","15":"product-type-simple"},"acf":[],"yoast_head":"<!-- This site is optimized with the Yoast SEO plugin v27.0 - https:\/\/yoast.com\/product\/yoast-seo-wordpress\/ -->\n<title>Dykumos t\u0117v\u0173 posakiai<\/title>\n<meta name=\"description\" content=\"Dykumos t\u0117v\u0173 posakiai, \u017einomi kaip Apophthegmata Patrum, yra vieni i\u0161 labiausiai skaitom\u0173 ir da\u017eniausiai cituojam\u0173 tekst\u0173 krik\u0161\u010dionyb\u0117s istorijoje. IV a.\" \/>\n<meta name=\"robots\" content=\"index, follow, max-snippet:-1, max-image-preview:large, max-video-preview:-1\" \/>\n<link rel=\"canonical\" href=\"https:\/\/skaitytaknyga.lt\/en\/produktas\/dykumos-tevu-posakiai\/\" \/>\n<meta property=\"og:locale\" content=\"en_GB\" \/>\n<meta property=\"og:locale:alternate\" content=\"lt_LT\" \/>\n<meta property=\"og:type\" content=\"article\" \/>\n<meta property=\"og:title\" content=\"Dykumos t\u0117v\u0173 posakiai\" \/>\n<meta property=\"og:description\" content=\"Dykumos t\u0117v\u0173 posakiai, \u017einomi kaip Apophthegmata Patrum, yra vieni i\u0161 labiausiai skaitom\u0173 ir da\u017eniausiai cituojam\u0173 tekst\u0173 krik\u0161\u010dionyb\u0117s istorijoje. IV a.\" \/>\n<meta property=\"og:url\" content=\"https:\/\/skaitytaknyga.lt\/en\/produktas\/dykumos-tevu-posakiai\/\" \/>\n<meta property=\"og:site_name\" content=\"Skaitytaknyga\" \/>\n<meta property=\"article:publisher\" content=\"https:\/\/www.facebook.com\/skaitytaknyga\/\" \/>\n<meta property=\"article:modified_time\" content=\"2026-03-18T09:44:41+00:00\" \/>\n<meta property=\"og:image\" content=\"https:\/\/skaitytaknyga.lt\/wp-content\/uploads\/2026\/01\/Dykumos-tevu-posakiai-1.webp\" \/>\n\t<meta property=\"og:image:width\" content=\"300\" \/>\n\t<meta property=\"og:image:height\" content=\"480\" \/>\n\t<meta property=\"og:image:type\" content=\"image\/webp\" \/>\n<meta name=\"twitter:card\" content=\"summary_large_image\" \/>\n<meta name=\"twitter:label1\" content=\"Estimated reading time\" \/>\n\t<meta name=\"twitter:data1\" content=\"1 minute\" \/>\n<script type=\"application\/ld+json\" class=\"yoast-schema-graph\">{\"@context\":\"https:\/\/schema.org\",\"@graph\":[{\"@type\":\"WebPage\",\"@id\":\"https:\/\/skaitytaknyga.lt\/produktas\/dykumos-tevu-posakiai\/\",\"url\":\"https:\/\/skaitytaknyga.lt\/produktas\/dykumos-tevu-posakiai\/\",\"name\":\"Dykumos t\u0117v\u0173 posakiai\",\"isPartOf\":{\"@id\":\"https:\/\/skaitytaknyga.lt\/#website\"},\"primaryImageOfPage\":{\"@id\":\"https:\/\/skaitytaknyga.lt\/produktas\/dykumos-tevu-posakiai\/#primaryimage\"},\"image\":{\"@id\":\"https:\/\/skaitytaknyga.lt\/produktas\/dykumos-tevu-posakiai\/#primaryimage\"},\"thumbnailUrl\":\"https:\/\/skaitytaknyga.lt\/wp-content\/uploads\/2026\/01\/Dykumos-tevu-posakiai-1.webp\",\"datePublished\":\"2026-01-27T10:44:58+00:00\",\"dateModified\":\"2026-03-18T09:44:41+00:00\",\"description\":\"Dykumos t\u0117v\u0173 posakiai, \u017einomi kaip Apophthegmata Patrum, yra vieni i\u0161 labiausiai skaitom\u0173 ir da\u017eniausiai cituojam\u0173 tekst\u0173 krik\u0161\u010dionyb\u0117s istorijoje. IV a.\",\"breadcrumb\":{\"@id\":\"https:\/\/skaitytaknyga.lt\/produktas\/dykumos-tevu-posakiai\/#breadcrumb\"},\"inLanguage\":\"en-GB\",\"potentialAction\":[{\"@type\":\"ReadAction\",\"target\":[\"https:\/\/skaitytaknyga.lt\/produktas\/dykumos-tevu-posakiai\/\"]}]},{\"@type\":\"ImageObject\",\"inLanguage\":\"en-GB\",\"@id\":\"https:\/\/skaitytaknyga.lt\/produktas\/dykumos-tevu-posakiai\/#primaryimage\",\"url\":\"https:\/\/skaitytaknyga.lt\/wp-content\/uploads\/2026\/01\/Dykumos-tevu-posakiai-1.webp\",\"contentUrl\":\"https:\/\/skaitytaknyga.lt\/wp-content\/uploads\/2026\/01\/Dykumos-tevu-posakiai-1.webp\",\"width\":300,\"height\":480,\"caption\":\"Dykumos t\u0117v\u0173 posakiai\"},{\"@type\":\"BreadcrumbList\",\"@id\":\"https:\/\/skaitytaknyga.lt\/produktas\/dykumos-tevu-posakiai\/#breadcrumb\",\"itemListElement\":[{\"@type\":\"ListItem\",\"position\":1,\"name\":\"Home\",\"item\":\"https:\/\/skaitytaknyga.lt\/\"},{\"@type\":\"ListItem\",\"position\":2,\"name\":\"Parduotuv\u0117\",\"item\":\"https:\/\/skaitytaknyga.lt\/knygu-parduotuve\/\"},{\"@type\":\"ListItem\",\"position\":3,\"name\":\"Dykumos t\u0117v\u0173 posakiai\"}]},{\"@type\":\"WebSite\",\"@id\":\"https:\/\/skaitytaknyga.lt\/#website\",\"url\":\"https:\/\/skaitytaknyga.lt\/\",\"name\":\"skaitytaknyga.lt\",\"description\":\"Skaitytaknyga.lt \u2013 tai ma\u017eas \u0161eimos verslas, kuris prasid\u0117jo nuo meil\u0117s knygoms ir siekio i\u0161gelb\u0117ti knygas nuo likimo prie konteinerio. Kas vienam nereikalingas daiktas \u2013 kitam lobis, o mes esame tarpininkai, kurie padeda abiems tapti laimingesniems ???? \u017dinome kaip nelengva i\u0161gyventi ma\u017eiems verslams, tad nuo \u0161iol, \u010dia rasite ir kit\u0173, ma\u017e\u0173 \u0161eim\u0173 versl\u0173, rank\u0173 darbo, dovan\u0173 sau ir artimiesiems.\",\"publisher\":{\"@id\":\"https:\/\/skaitytaknyga.lt\/#organization\"},\"potentialAction\":[{\"@type\":\"SearchAction\",\"target\":{\"@type\":\"EntryPoint\",\"urlTemplate\":\"https:\/\/skaitytaknyga.lt\/?s={search_term_string}\"},\"query-input\":{\"@type\":\"PropertyValueSpecification\",\"valueRequired\":true,\"valueName\":\"search_term_string\"}}],\"inLanguage\":\"en-GB\"},{\"@type\":\"Organization\",\"@id\":\"https:\/\/skaitytaknyga.lt\/#organization\",\"name\":\"skaitytaknyga.lt\",\"url\":\"https:\/\/skaitytaknyga.lt\/\",\"logo\":{\"@type\":\"ImageObject\",\"inLanguage\":\"en-GB\",\"@id\":\"https:\/\/skaitytaknyga.lt\/#\/schema\/logo\/image\/\",\"url\":\"https:\/\/skaitytaknyga.lt\/wp-content\/uploads\/2024\/05\/cropped-cropped-cropped-02_00843_jt3bggkj1j3HLc7SyY6rEUpg.jpeg\",\"contentUrl\":\"https:\/\/skaitytaknyga.lt\/wp-content\/uploads\/2024\/05\/cropped-cropped-cropped-02_00843_jt3bggkj1j3HLc7SyY6rEUpg.jpeg\",\"width\":1600,\"height\":1600,\"caption\":\"skaitytaknyga.lt\"},\"image\":{\"@id\":\"https:\/\/skaitytaknyga.lt\/#\/schema\/logo\/image\/\"},\"sameAs\":[\"https:\/\/www.facebook.com\/skaitytaknyga\/\"]}]}<\/script>\n<!-- \/ Yoast SEO plugin. -->","yoast_head_json":{"title":"Dykumos t\u0117v\u0173 posakiai","description":"Dykumos t\u0117v\u0173 posakiai, \u017einomi kaip Apophthegmata Patrum, yra vieni i\u0161 labiausiai skaitom\u0173 ir da\u017eniausiai cituojam\u0173 tekst\u0173 krik\u0161\u010dionyb\u0117s istorijoje. IV a.","robots":{"index":"index","follow":"follow","max-snippet":"max-snippet:-1","max-image-preview":"max-image-preview:large","max-video-preview":"max-video-preview:-1"},"canonical":"https:\/\/skaitytaknyga.lt\/en\/produktas\/dykumos-tevu-posakiai\/","og_locale":"en_GB","og_type":"article","og_title":"[:lt]Dykumos t\u0117v\u0173 posakiai[:] - Skaitytaknyga","og_description":"Dykumos t\u0117v\u0173 posakiai, \u017einomi kaip Apophthegmata Patrum, yra vieni i\u0161 labiausiai skaitom\u0173 ir da\u017eniausiai cituojam\u0173 tekst\u0173 krik\u0161\u010dionyb\u0117s istorijoje. IV a.","og_url":"https:\/\/skaitytaknyga.lt\/en\/produktas\/dykumos-tevu-posakiai\/","og_site_name":"Skaitytaknyga","article_publisher":"https:\/\/www.facebook.com\/skaitytaknyga\/","article_modified_time":"2026-03-18T09:44:41+00:00","og_image":[{"width":300,"height":480,"url":"https:\/\/skaitytaknyga.lt\/wp-content\/uploads\/2026\/01\/Dykumos-tevu-posakiai-1.webp","type":"image\/webp"}],"twitter_card":"summary_large_image","twitter_misc":{"Estimated reading time":"1 minute"},"schema":{"@context":"https:\/\/schema.org","@graph":[{"@type":"WebPage","@id":"https:\/\/skaitytaknyga.lt\/produktas\/dykumos-tevu-posakiai\/","url":"https:\/\/skaitytaknyga.lt\/produktas\/dykumos-tevu-posakiai\/","name":"Dykumos t\u0117v\u0173 posakiai","isPartOf":{"@id":"https:\/\/skaitytaknyga.lt\/#website"},"primaryImageOfPage":{"@id":"https:\/\/skaitytaknyga.lt\/produktas\/dykumos-tevu-posakiai\/#primaryimage"},"image":{"@id":"https:\/\/skaitytaknyga.lt\/produktas\/dykumos-tevu-posakiai\/#primaryimage"},"thumbnailUrl":"https:\/\/skaitytaknyga.lt\/wp-content\/uploads\/2026\/01\/Dykumos-tevu-posakiai-1.webp","datePublished":"2026-01-27T10:44:58+00:00","dateModified":"2026-03-18T09:44:41+00:00","description":"Dykumos t\u0117v\u0173 posakiai, \u017einomi kaip Apophthegmata Patrum, yra vieni i\u0161 labiausiai skaitom\u0173 ir da\u017eniausiai cituojam\u0173 tekst\u0173 krik\u0161\u010dionyb\u0117s istorijoje. IV a.","breadcrumb":{"@id":"https:\/\/skaitytaknyga.lt\/produktas\/dykumos-tevu-posakiai\/#breadcrumb"},"inLanguage":"en-GB","potentialAction":[{"@type":"ReadAction","target":["https:\/\/skaitytaknyga.lt\/produktas\/dykumos-tevu-posakiai\/"]}]},{"@type":"ImageObject","inLanguage":"en-GB","@id":"https:\/\/skaitytaknyga.lt\/produktas\/dykumos-tevu-posakiai\/#primaryimage","url":"https:\/\/skaitytaknyga.lt\/wp-content\/uploads\/2026\/01\/Dykumos-tevu-posakiai-1.webp","contentUrl":"https:\/\/skaitytaknyga.lt\/wp-content\/uploads\/2026\/01\/Dykumos-tevu-posakiai-1.webp","width":300,"height":480,"caption":"Dykumos t\u0117v\u0173 posakiai"},{"@type":"BreadcrumbList","@id":"https:\/\/skaitytaknyga.lt\/produktas\/dykumos-tevu-posakiai\/#breadcrumb","itemListElement":[{"@type":"ListItem","position":1,"name":"Home","item":"https:\/\/skaitytaknyga.lt\/"},{"@type":"ListItem","position":2,"name":"Parduotuv\u0117","item":"https:\/\/skaitytaknyga.lt\/knygu-parduotuve\/"},{"@type":"ListItem","position":3,"name":"Dykumos t\u0117v\u0173 posakiai"}]},{"@type":"WebSite","@id":"https:\/\/skaitytaknyga.lt\/#website","url":"https:\/\/skaitytaknyga.lt\/","name":"skaitytaknyga.lt","description":"Skaitytaknyga.lt \u2013 tai ma\u017eas \u0161eimos verslas, kuris prasid\u0117jo nuo meil\u0117s knygoms ir siekio i\u0161gelb\u0117ti knygas nuo likimo prie konteinerio. Kas vienam nereikalingas daiktas \u2013 kitam lobis, o mes esame tarpininkai, kurie padeda abiems tapti laimingesniems ???? \u017dinome kaip nelengva i\u0161gyventi ma\u017eiems verslams, tad nuo \u0161iol, \u010dia rasite ir kit\u0173, ma\u017e\u0173 \u0161eim\u0173 versl\u0173, rank\u0173 darbo, dovan\u0173 sau ir artimiesiems.","publisher":{"@id":"https:\/\/skaitytaknyga.lt\/#organization"},"potentialAction":[{"@type":"SearchAction","target":{"@type":"EntryPoint","urlTemplate":"https:\/\/skaitytaknyga.lt\/?s={search_term_string}"},"query-input":{"@type":"PropertyValueSpecification","valueRequired":true,"valueName":"search_term_string"}}],"inLanguage":"en-GB"},{"@type":"Organization","@id":"https:\/\/skaitytaknyga.lt\/#organization","name":"skaitytaknyga.lt","url":"https:\/\/skaitytaknyga.lt\/","logo":{"@type":"ImageObject","inLanguage":"en-GB","@id":"https:\/\/skaitytaknyga.lt\/#\/schema\/logo\/image\/","url":"https:\/\/skaitytaknyga.lt\/wp-content\/uploads\/2024\/05\/cropped-cropped-cropped-02_00843_jt3bggkj1j3HLc7SyY6rEUpg.jpeg","contentUrl":"https:\/\/skaitytaknyga.lt\/wp-content\/uploads\/2024\/05\/cropped-cropped-cropped-02_00843_jt3bggkj1j3HLc7SyY6rEUpg.jpeg","width":1600,"height":1600,"caption":"skaitytaknyga.lt"},"image":{"@id":"https:\/\/skaitytaknyga.lt\/#\/schema\/logo\/image\/"},"sameAs":["https:\/\/www.facebook.com\/skaitytaknyga\/"]}]}},"_links":{"self":[{"href":"https:\/\/skaitytaknyga.lt\/en\/wp-json\/wp\/v2\/product\/22714","targetHints":{"allow":["GET"]}}],"collection":[{"href":"https:\/\/skaitytaknyga.lt\/en\/wp-json\/wp\/v2\/product"}],"about":[{"href":"https:\/\/skaitytaknyga.lt\/en\/wp-json\/wp\/v2\/types\/product"}],"replies":[{"embeddable":true,"href":"https:\/\/skaitytaknyga.lt\/en\/wp-json\/wp\/v2\/comments?post=22714"}],"wp:featuredmedia":[{"embeddable":true,"href":"https:\/\/skaitytaknyga.lt\/en\/wp-json\/wp\/v2\/media\/22719"}],"wp:attachment":[{"href":"https:\/\/skaitytaknyga.lt\/en\/wp-json\/wp\/v2\/media?parent=22714"}],"wp:term":[{"taxonomy":"product_brand","embeddable":true,"href":"https:\/\/skaitytaknyga.lt\/en\/wp-json\/wp\/v2\/product_brand?post=22714"},{"taxonomy":"product_cat","embeddable":true,"href":"https:\/\/skaitytaknyga.lt\/en\/wp-json\/wp\/v2\/product_cat?post=22714"},{"taxonomy":"product_tag","embeddable":true,"href":"https:\/\/skaitytaknyga.lt\/en\/wp-json\/wp\/v2\/product_tag?post=22714"}],"curies":[{"name":"wp","href":"https:\/\/api.w.org\/{rel}","templated":true}]}}