{"id":22675,"date":"2026-01-09T20:06:28","date_gmt":"2026-01-09T18:06:28","guid":{"rendered":"https:\/\/skaitytaknyga.lt\/?post_type=product&#038;p=22675"},"modified":"2026-02-26T09:56:13","modified_gmt":"2026-02-26T07:56:13","slug":"slaptoji-pasaulio-istorija-2","status":"publish","type":"product","link":"https:\/\/skaitytaknyga.lt\/en\/produktas\/slaptoji-pasaulio-istorija-2\/","title":{"rendered":"Slaptoji pasaulio istorija"},"content":{"rendered":"<p>Tarptautinis bestseleris \u201eSlaptoji pasaulio istorija&#8221; \u2013 tai kvap\u0105 gniau\u017eianti galimyb\u0117 naujai i\u0161vysti pasaul\u012f ir jo istorij\u0105 nuo sen\u0173j\u0173 laik\u0173 iki \u0161i\u0173 dien\u0173. Sakoma, kad istorij\u0105 ra\u0161o nugal\u0117tojai. Knygos autorius Jonathanas Blackas \u0161i\u0105 id\u0117j\u0105 formuluoja kitaip. O jeigu mums \u017einoma istorija buvo para\u0161yta nedor\u0173 \u017emoni\u0173? Kas jeigu visa tai, k\u0105 mes \u017einome, yra tik dalis tiesos? Ar gali b\u016bti, kad pasaul\u012f iki \u0161iol valdo slaptosios draugijos? Ir kas laukia \u017emonijos ateityje?<\/p>\n<p>Novatori\u0161kame pasaulinio susidom\u0117jimo sulaukusiame k\u016brinyje \u201eSlaptoji pasaulio istorija&#8221; Jonathanas Blackas intriguoja sakydamas, kad mums \u017einomi faktai apie praeit\u012f yra i\u0161kraipyti, o m\u016bs\u0173 s\u0105mon\u0117je pastaruosius 3000 met\u0173 tikslingai kuriama alternatyvi istorija. Pateikdamas daugyb\u0119 \u012frodym\u0173 apie ilgus am\u017eius nuo pla\u010diosios visuomen\u0117s sl\u0117pt\u0105 \u017einojim\u0105, autorius atskleid\u017eia rakt\u0105 \u012f auk\u0161tesn\u0119 s\u0105mon\u0117s b\u016bsen\u0105, kuri\u0105 pasiekus ima ai\u0161k\u0117ti platesnis pasaulio vaizdas, gyvenimo d\u0117sniai ir neribotos \u017emogaus proto bei dvasios galimyb\u0117s.<\/p>\n<p>Nuo graik\u0173 ir egiptie\u010di\u0173 mitologijos iki \u017eyd\u0173 folkloro, nuo krik\u0161\u010dionyb\u0117s kult\u0173 iki Laisv\u0173j\u0173 mason\u0173, nuo Karolio Did\u017eiojo iki Don Kichoto, nuo D\u017eord\u017eo Va\u0161ingtono iki Hitlerio, nuo am\u017ei\u0173 prad\u017eios iki pasaulio pabaigos ar net antikristo at\u0117jimo id\u0117j\u0173 \u2013 Jonathanas Blackas \u012frodo, kad verta istorij\u0105 per\u017evelgti naujai ir susigr\u0105\u017einti 3000 met\u0173 nuo m\u016bs\u0173 sl\u0117pt\u0105 i\u0161mint\u012f.<\/p>\n<p>Pasitelkdamas ezoterines \u017einias, slapt\u0173j\u0173 draugij\u0173 u\u017era\u0161us ir okultini\u0173 moksl\u0173 pagrindus, autorius pasakoja, kad tokie genial\u016bs pasaulio protai kaip Leonardas da Vin\u010dis, D\u017eord\u017eas Va\u0161ingtonas ir Izaokas Niutonas naudojosi slapta, paprastiems \u017emon\u0117ms neprieinama metodika ir taip pasiek\u0117 s\u0105mon\u0117s b\u016bsen\u0105, leidusi\u0105 padaryti laik\u0105 pralenkusius atradimus.<\/p>\n<p>Prapl\u0117sti m\u0105stymo ribas, kelti klausimus ten, kur iki \u0161iol viskas atrod\u0117 savaime suprantama, naujai per\u017evelgti tai, kas slypi tarp istorijos eilu\u010di\u0173, perm\u0105styti paslaptingus nutyl\u0117jimus ir nepaai\u0161kintus \u012fvykius&#8230; Skaitydami knyg\u0105 \u201eSlaptoji pasaulio istorija&#8221; b\u016bkite pasiruo\u0161\u0119 panerti \u012f gilius, tamsius ir atradimo d\u017eiaugsmo kupinus vandenis, i\u0161 kuri\u0173 i\u0161n\u0117r\u0119 pasaul\u012f i\u0161vysite naujomis akimis.<\/p>\n<p>Ezoteri\u0161ka, misti\u0161ka, nepaai\u0161kinama racionaliu protu, ta\u010diau nenukrypstant nuo mokslo \u2013 tai pasakojimas, kuris pad\u0117s geriau suprasti ne tik \u017emonijos istorij\u0105, bet ir daugyb\u0119 sen\u0173j\u0173 ir \u0161iuolaikini\u0173 autori\u0173, pavyzd\u017eiui Dant\u0117s ir Umberto Eco, k\u016brini\u0173. Be to, prapl\u0117s \u017einias apie misticizm\u0105, masonus, kabal\u0105, budizm\u0105, tamplierius, mitologij\u0105, rozenkreicerius, senov\u0117s graik\u0173 ir rom\u0117n\u0173 misterijas, gnosticizm\u0105, neoplatonikus ir daug kit\u0173 \u012fdomybi\u0173.<\/p>\n<p>\u201eLengvas prisilietimas prie tamsi\u0173 paslap\u010di\u0173&#8230; Patraukliai ir suprantamai para\u0161yta knyga pasi\u016blo nauj\u0105 po\u017ei\u016br\u012f \u012f istorinius pasaulio \u012fvykius.&#8221;<\/p>\n","protected":false},"excerpt":{"rendered":"<p>Tarptautinis bestseleris \u201eSlaptoji pasaulio istorija&#8221; \u2013 tai kvap\u0105 gniau\u017eianti galimyb\u0117 naujai i\u0161vysti pasaul\u012f ir jo istorij\u0105 nuo sen\u0173j\u0173 laik\u0173 iki \u0161i\u0173 dien\u0173. Sakoma, kad istorij\u0105 ra\u0161o nugal\u0117tojai. Knygos autorius Jonathanas Blackas \u0161i\u0105 id\u0117j\u0105 formuluoja kitaip. O jeigu mums \u017einoma istorija buvo para\u0161yta nedor\u0173 \u017emoni\u0173? Kas jeigu visa tai, k\u0105 mes \u017einome, yra tik dalis tiesos? Ar gali b\u016bti, kad pasaul\u012f iki \u0161iol valdo slaptosios draugijos? Ir kas laukia \u017emonijos ateityje? Novatori\u0161kame pasaulinio susidom\u0117jimo sulaukusiame k\u016brinyje \u201eSlaptoji pasaulio istorija&#8221; Jonathanas Blackas intriguoja sakydamas, kad mums \u017einomi faktai apie praeit\u012f yra i\u0161kraipyti, o m\u016bs\u0173 s\u0105mon\u0117je pastaruosius 3000 met\u0173 tikslingai kuriama alternatyvi istorija. Pateikdamas daugyb\u0119 \u012frodym\u0173 apie ilgus am\u017eius nuo pla\u010diosios visuomen\u0117s sl\u0117pt\u0105 \u017einojim\u0105, autorius atskleid\u017eia rakt\u0105 \u012f auk\u0161tesn\u0119 s\u0105mon\u0117s b\u016bsen\u0105, kuri\u0105 pasiekus ima ai\u0161k\u0117ti platesnis pasaulio vaizdas, gyvenimo d\u0117sniai ir neribotos \u017emogaus proto bei dvasios galimyb\u0117s. Nuo graik\u0173 ir egiptie\u010di\u0173 mitologijos iki \u017eyd\u0173 folkloro, nuo krik\u0161\u010dionyb\u0117s kult\u0173 iki Laisv\u0173j\u0173 mason\u0173, nuo Karolio Did\u017eiojo iki Don Kichoto, nuo D\u017eord\u017eo Va\u0161ingtono iki Hitlerio, nuo am\u017ei\u0173 prad\u017eios iki pasaulio pabaigos ar net antikristo at\u0117jimo id\u0117j\u0173 \u2013 Jonathanas Blackas \u012frodo, kad verta istorij\u0105 per\u017evelgti naujai ir susigr\u0105\u017einti 3000 met\u0173 nuo m\u016bs\u0173 sl\u0117pt\u0105 i\u0161mint\u012f. Pasitelkdamas ezoterines \u017einias, slapt\u0173j\u0173 draugij\u0173 u\u017era\u0161us ir okultini\u0173 moksl\u0173 pagrindus, autorius pasakoja, kad tokie genial\u016bs pasaulio protai kaip Leonardas da Vin\u010dis, D\u017eord\u017eas Va\u0161ingtonas ir Izaokas Niutonas naudojosi slapta, paprastiems \u017emon\u0117ms neprieinama metodika ir taip pasiek\u0117 s\u0105mon\u0117s b\u016bsen\u0105, leidusi\u0105 padaryti laik\u0105 pralenkusius atradimus. Prapl\u0117sti m\u0105stymo ribas, kelti klausimus ten, kur iki \u0161iol viskas atrod\u0117 savaime suprantama, naujai per\u017evelgti tai, kas slypi tarp istorijos eilu\u010di\u0173, perm\u0105styti paslaptingus nutyl\u0117jimus ir nepaai\u0161kintus \u012fvykius&#8230; Skaitydami knyg\u0105 \u201eSlaptoji pasaulio istorija&#8221; b\u016bkite pasiruo\u0161\u0119 panerti \u012f gilius, tamsius ir atradimo d\u017eiaugsmo kupinus vandenis, i\u0161 kuri\u0173 i\u0161n\u0117r\u0119 pasaul\u012f i\u0161vysite naujomis akimis. Ezoteri\u0161ka, misti\u0161ka, nepaai\u0161kinama racionaliu protu, ta\u010diau nenukrypstant nuo mokslo \u2013 tai pasakojimas, kuris pad\u0117s geriau suprasti ne tik \u017emonijos istorij\u0105, bet ir daugyb\u0119 sen\u0173j\u0173 ir \u0161iuolaikini\u0173 autori\u0173, pavyzd\u017eiui Dant\u0117s ir Umberto Eco, k\u016brini\u0173. Be to, prapl\u0117s \u017einias apie misticizm\u0105, masonus, kabal\u0105, budizm\u0105, tamplierius, mitologij\u0105, rozenkreicerius, senov\u0117s graik\u0173 ir rom\u0117n\u0173 misterijas, gnosticizm\u0105, neoplatonikus ir daug kit\u0173 \u012fdomybi\u0173. \u201eLengvas prisilietimas prie tamsi\u0173 paslap\u010di\u0173&#8230; Patraukliai ir suprantamai para\u0161yta knyga pasi\u016blo nauj\u0105 po\u017ei\u016br\u012f \u012f istorinius pasaulio \u012fvykius.&#8221;<\/p>\n","protected":false},"featured_media":22695,"comment_status":"open","ping_status":"closed","template":"","meta":{"_acf_changed":false,"site-sidebar-layout":"default","site-content-layout":"","ast-site-content-layout":"default","site-content-style":"default","site-sidebar-style":"default","ast-global-header-display":"","ast-banner-title-visibility":"","ast-main-header-display":"","ast-hfb-above-header-display":"","ast-hfb-below-header-display":"","ast-hfb-mobile-header-display":"","site-post-title":"","ast-breadcrumbs-content":"","ast-featured-img":"","footer-sml-layout":"","ast-disable-related-posts":"","theme-transparent-header-meta":"","adv-header-id-meta":"","stick-header-meta":"","header-above-stick-meta":"","header-main-stick-meta":"","header-below-stick-meta":"","astra-migrate-meta-layouts":"default","ast-page-background-enabled":"default","ast-page-background-meta":{"desktop":{"background-color":"","background-image":"","background-repeat":"repeat","background-position":"center center","background-size":"auto","background-attachment":"scroll","background-type":"","background-media":"","overlay-type":"","overlay-color":"","overlay-opacity":"","overlay-gradient":""},"tablet":{"background-color":"","background-image":"","background-repeat":"repeat","background-position":"center center","background-size":"auto","background-attachment":"scroll","background-type":"","background-media":"","overlay-type":"","overlay-color":"","overlay-opacity":"","overlay-gradient":""},"mobile":{"background-color":"","background-image":"","background-repeat":"repeat","background-position":"center center","background-size":"auto","background-attachment":"scroll","background-type":"","background-media":"","overlay-type":"","overlay-color":"","overlay-opacity":"","overlay-gradient":""}},"ast-content-background-meta":{"desktop":{"background-color":"var(--ast-global-color-4)","background-image":"","background-repeat":"repeat","background-position":"center center","background-size":"auto","background-attachment":"scroll","background-type":"","background-media":"","overlay-type":"","overlay-color":"","overlay-opacity":"","overlay-gradient":""},"tablet":{"background-color":"var(--ast-global-color-4)","background-image":"","background-repeat":"repeat","background-position":"center center","background-size":"auto","background-attachment":"scroll","background-type":"","background-media":"","overlay-type":"","overlay-color":"","overlay-opacity":"","overlay-gradient":""},"mobile":{"background-color":"var(--ast-global-color-4)","background-image":"","background-repeat":"repeat","background-position":"center center","background-size":"auto","background-attachment":"scroll","background-type":"","background-media":"","overlay-type":"","overlay-color":"","overlay-opacity":"","overlay-gradient":""}}},"product_brand":[],"product_cat":[174],"product_tag":[9309],"class_list":{"0":"post-22675","1":"product","2":"type-product","3":"status-publish","4":"has-post-thumbnail","6":"product_cat-istorija-ir-politologija","7":"product_tag-ltjonathan-black","8":"desktop-align-left","9":"tablet-align-left","10":"mobile-align-left","12":"first","13":"instock","14":"shipping-taxable","15":"purchasable","16":"product-type-simple"},"acf":[],"yoast_head":"<!-- This site is optimized with the Yoast SEO plugin v27.0 - https:\/\/yoast.com\/product\/yoast-seo-wordpress\/ -->\n<title>Slaptoji pasaulio istorija<\/title>\n<meta name=\"description\" content=\"Tarptautinis bestseleris \u201eSlaptoji pasaulio istorija&quot; \u2013 tai kvap\u0105 gniau\u017eianti galimyb\u0117 naujai i\u0161vysti pasaul\u012f ir jo istorij\u0105 nuo sen\u0173j\u0173 laik\u0173 iki \u0161i\u0173\" \/>\n<meta name=\"robots\" content=\"index, follow, max-snippet:-1, max-image-preview:large, max-video-preview:-1\" \/>\n<link rel=\"canonical\" href=\"https:\/\/skaitytaknyga.lt\/en\/produktas\/slaptoji-pasaulio-istorija-2\/\" \/>\n<meta property=\"og:locale\" content=\"en_GB\" \/>\n<meta property=\"og:locale:alternate\" content=\"lt_LT\" \/>\n<meta property=\"og:type\" content=\"article\" \/>\n<meta property=\"og:title\" content=\"Slaptoji pasaulio istorija\" \/>\n<meta property=\"og:description\" content=\"Tarptautinis bestseleris \u201eSlaptoji pasaulio istorija&quot; \u2013 tai kvap\u0105 gniau\u017eianti galimyb\u0117 naujai i\u0161vysti pasaul\u012f ir jo istorij\u0105 nuo sen\u0173j\u0173 laik\u0173 iki \u0161i\u0173\" \/>\n<meta property=\"og:url\" content=\"https:\/\/skaitytaknyga.lt\/en\/produktas\/slaptoji-pasaulio-istorija-2\/\" \/>\n<meta property=\"og:site_name\" content=\"Skaitytaknyga\" \/>\n<meta property=\"article:publisher\" content=\"https:\/\/www.facebook.com\/skaitytaknyga\/\" \/>\n<meta property=\"article:modified_time\" content=\"2026-02-26T07:56:13+00:00\" \/>\n<meta property=\"og:image\" content=\"https:\/\/skaitytaknyga.lt\/wp-content\/uploads\/2026\/01\/Slaptoji-pasaulio-istorija-1.webp\" \/>\n\t<meta property=\"og:image:width\" content=\"300\" \/>\n\t<meta property=\"og:image:height\" content=\"450\" \/>\n\t<meta property=\"og:image:type\" content=\"image\/webp\" \/>\n<meta name=\"twitter:card\" content=\"summary_large_image\" \/>\n<meta name=\"twitter:label1\" content=\"Estimated reading time\" \/>\n\t<meta name=\"twitter:data1\" content=\"2 minutes\" \/>\n<script type=\"application\/ld+json\" class=\"yoast-schema-graph\">{\"@context\":\"https:\/\/schema.org\",\"@graph\":[{\"@type\":\"WebPage\",\"@id\":\"https:\/\/skaitytaknyga.lt\/produktas\/slaptoji-pasaulio-istorija-2\/\",\"url\":\"https:\/\/skaitytaknyga.lt\/produktas\/slaptoji-pasaulio-istorija-2\/\",\"name\":\"Slaptoji pasaulio istorija\",\"isPartOf\":{\"@id\":\"https:\/\/skaitytaknyga.lt\/#website\"},\"primaryImageOfPage\":{\"@id\":\"https:\/\/skaitytaknyga.lt\/produktas\/slaptoji-pasaulio-istorija-2\/#primaryimage\"},\"image\":{\"@id\":\"https:\/\/skaitytaknyga.lt\/produktas\/slaptoji-pasaulio-istorija-2\/#primaryimage\"},\"thumbnailUrl\":\"https:\/\/skaitytaknyga.lt\/wp-content\/uploads\/2026\/01\/Slaptoji-pasaulio-istorija-1.webp\",\"datePublished\":\"2026-01-09T18:06:28+00:00\",\"dateModified\":\"2026-02-26T07:56:13+00:00\",\"description\":\"Tarptautinis bestseleris \u201eSlaptoji pasaulio istorija\\\" \u2013 tai kvap\u0105 gniau\u017eianti galimyb\u0117 naujai i\u0161vysti pasaul\u012f ir jo istorij\u0105 nuo sen\u0173j\u0173 laik\u0173 iki \u0161i\u0173\",\"breadcrumb\":{\"@id\":\"https:\/\/skaitytaknyga.lt\/produktas\/slaptoji-pasaulio-istorija-2\/#breadcrumb\"},\"inLanguage\":\"en-GB\",\"potentialAction\":[{\"@type\":\"ReadAction\",\"target\":[\"https:\/\/skaitytaknyga.lt\/produktas\/slaptoji-pasaulio-istorija-2\/\"]}]},{\"@type\":\"ImageObject\",\"inLanguage\":\"en-GB\",\"@id\":\"https:\/\/skaitytaknyga.lt\/produktas\/slaptoji-pasaulio-istorija-2\/#primaryimage\",\"url\":\"https:\/\/skaitytaknyga.lt\/wp-content\/uploads\/2026\/01\/Slaptoji-pasaulio-istorija-1.webp\",\"contentUrl\":\"https:\/\/skaitytaknyga.lt\/wp-content\/uploads\/2026\/01\/Slaptoji-pasaulio-istorija-1.webp\",\"width\":300,\"height\":450},{\"@type\":\"BreadcrumbList\",\"@id\":\"https:\/\/skaitytaknyga.lt\/produktas\/slaptoji-pasaulio-istorija-2\/#breadcrumb\",\"itemListElement\":[{\"@type\":\"ListItem\",\"position\":1,\"name\":\"Home\",\"item\":\"https:\/\/skaitytaknyga.lt\/\"},{\"@type\":\"ListItem\",\"position\":2,\"name\":\"Parduotuv\u0117\",\"item\":\"https:\/\/skaitytaknyga.lt\/knygu-parduotuve\/\"},{\"@type\":\"ListItem\",\"position\":3,\"name\":\"Slaptoji pasaulio istorija\"}]},{\"@type\":\"WebSite\",\"@id\":\"https:\/\/skaitytaknyga.lt\/#website\",\"url\":\"https:\/\/skaitytaknyga.lt\/\",\"name\":\"skaitytaknyga.lt\",\"description\":\"Skaitytaknyga.lt \u2013 tai ma\u017eas \u0161eimos verslas, kuris prasid\u0117jo nuo meil\u0117s knygoms ir siekio i\u0161gelb\u0117ti knygas nuo likimo prie konteinerio. Kas vienam nereikalingas daiktas \u2013 kitam lobis, o mes esame tarpininkai, kurie padeda abiems tapti laimingesniems ???? \u017dinome kaip nelengva i\u0161gyventi ma\u017eiems verslams, tad nuo \u0161iol, \u010dia rasite ir kit\u0173, ma\u017e\u0173 \u0161eim\u0173 versl\u0173, rank\u0173 darbo, dovan\u0173 sau ir artimiesiems.\",\"publisher\":{\"@id\":\"https:\/\/skaitytaknyga.lt\/#organization\"},\"potentialAction\":[{\"@type\":\"SearchAction\",\"target\":{\"@type\":\"EntryPoint\",\"urlTemplate\":\"https:\/\/skaitytaknyga.lt\/?s={search_term_string}\"},\"query-input\":{\"@type\":\"PropertyValueSpecification\",\"valueRequired\":true,\"valueName\":\"search_term_string\"}}],\"inLanguage\":\"en-GB\"},{\"@type\":\"Organization\",\"@id\":\"https:\/\/skaitytaknyga.lt\/#organization\",\"name\":\"skaitytaknyga.lt\",\"url\":\"https:\/\/skaitytaknyga.lt\/\",\"logo\":{\"@type\":\"ImageObject\",\"inLanguage\":\"en-GB\",\"@id\":\"https:\/\/skaitytaknyga.lt\/#\/schema\/logo\/image\/\",\"url\":\"https:\/\/skaitytaknyga.lt\/wp-content\/uploads\/2024\/05\/cropped-cropped-cropped-02_00843_jt3bggkj1j3HLc7SyY6rEUpg.jpeg\",\"contentUrl\":\"https:\/\/skaitytaknyga.lt\/wp-content\/uploads\/2024\/05\/cropped-cropped-cropped-02_00843_jt3bggkj1j3HLc7SyY6rEUpg.jpeg\",\"width\":1600,\"height\":1600,\"caption\":\"skaitytaknyga.lt\"},\"image\":{\"@id\":\"https:\/\/skaitytaknyga.lt\/#\/schema\/logo\/image\/\"},\"sameAs\":[\"https:\/\/www.facebook.com\/skaitytaknyga\/\"]}]}<\/script>\n<!-- \/ Yoast SEO plugin. -->","yoast_head_json":{"title":"Slaptoji pasaulio istorija","description":"Tarptautinis bestseleris \u201eSlaptoji pasaulio istorija\" \u2013 tai kvap\u0105 gniau\u017eianti galimyb\u0117 naujai i\u0161vysti pasaul\u012f ir jo istorij\u0105 nuo sen\u0173j\u0173 laik\u0173 iki \u0161i\u0173","robots":{"index":"index","follow":"follow","max-snippet":"max-snippet:-1","max-image-preview":"max-image-preview:large","max-video-preview":"max-video-preview:-1"},"canonical":"https:\/\/skaitytaknyga.lt\/en\/produktas\/slaptoji-pasaulio-istorija-2\/","og_locale":"en_GB","og_type":"article","og_title":"[:lt]Slaptoji pasaulio istorija[:] - Skaitytaknyga","og_description":"Tarptautinis bestseleris \u201eSlaptoji pasaulio istorija\" \u2013 tai kvap\u0105 gniau\u017eianti galimyb\u0117 naujai i\u0161vysti pasaul\u012f ir jo istorij\u0105 nuo sen\u0173j\u0173 laik\u0173 iki \u0161i\u0173","og_url":"https:\/\/skaitytaknyga.lt\/en\/produktas\/slaptoji-pasaulio-istorija-2\/","og_site_name":"Skaitytaknyga","article_publisher":"https:\/\/www.facebook.com\/skaitytaknyga\/","article_modified_time":"2026-02-26T07:56:13+00:00","og_image":[{"width":300,"height":450,"url":"https:\/\/skaitytaknyga.lt\/wp-content\/uploads\/2026\/01\/Slaptoji-pasaulio-istorija-1.webp","type":"image\/webp"}],"twitter_card":"summary_large_image","twitter_misc":{"Estimated reading time":"2 minutes"},"schema":{"@context":"https:\/\/schema.org","@graph":[{"@type":"WebPage","@id":"https:\/\/skaitytaknyga.lt\/produktas\/slaptoji-pasaulio-istorija-2\/","url":"https:\/\/skaitytaknyga.lt\/produktas\/slaptoji-pasaulio-istorija-2\/","name":"Slaptoji pasaulio istorija","isPartOf":{"@id":"https:\/\/skaitytaknyga.lt\/#website"},"primaryImageOfPage":{"@id":"https:\/\/skaitytaknyga.lt\/produktas\/slaptoji-pasaulio-istorija-2\/#primaryimage"},"image":{"@id":"https:\/\/skaitytaknyga.lt\/produktas\/slaptoji-pasaulio-istorija-2\/#primaryimage"},"thumbnailUrl":"https:\/\/skaitytaknyga.lt\/wp-content\/uploads\/2026\/01\/Slaptoji-pasaulio-istorija-1.webp","datePublished":"2026-01-09T18:06:28+00:00","dateModified":"2026-02-26T07:56:13+00:00","description":"Tarptautinis bestseleris \u201eSlaptoji pasaulio istorija\" \u2013 tai kvap\u0105 gniau\u017eianti galimyb\u0117 naujai i\u0161vysti pasaul\u012f ir jo istorij\u0105 nuo sen\u0173j\u0173 laik\u0173 iki \u0161i\u0173","breadcrumb":{"@id":"https:\/\/skaitytaknyga.lt\/produktas\/slaptoji-pasaulio-istorija-2\/#breadcrumb"},"inLanguage":"en-GB","potentialAction":[{"@type":"ReadAction","target":["https:\/\/skaitytaknyga.lt\/produktas\/slaptoji-pasaulio-istorija-2\/"]}]},{"@type":"ImageObject","inLanguage":"en-GB","@id":"https:\/\/skaitytaknyga.lt\/produktas\/slaptoji-pasaulio-istorija-2\/#primaryimage","url":"https:\/\/skaitytaknyga.lt\/wp-content\/uploads\/2026\/01\/Slaptoji-pasaulio-istorija-1.webp","contentUrl":"https:\/\/skaitytaknyga.lt\/wp-content\/uploads\/2026\/01\/Slaptoji-pasaulio-istorija-1.webp","width":300,"height":450},{"@type":"BreadcrumbList","@id":"https:\/\/skaitytaknyga.lt\/produktas\/slaptoji-pasaulio-istorija-2\/#breadcrumb","itemListElement":[{"@type":"ListItem","position":1,"name":"Home","item":"https:\/\/skaitytaknyga.lt\/"},{"@type":"ListItem","position":2,"name":"Parduotuv\u0117","item":"https:\/\/skaitytaknyga.lt\/knygu-parduotuve\/"},{"@type":"ListItem","position":3,"name":"Slaptoji pasaulio istorija"}]},{"@type":"WebSite","@id":"https:\/\/skaitytaknyga.lt\/#website","url":"https:\/\/skaitytaknyga.lt\/","name":"skaitytaknyga.lt","description":"Skaitytaknyga.lt \u2013 tai ma\u017eas \u0161eimos verslas, kuris prasid\u0117jo nuo meil\u0117s knygoms ir siekio i\u0161gelb\u0117ti knygas nuo likimo prie konteinerio. Kas vienam nereikalingas daiktas \u2013 kitam lobis, o mes esame tarpininkai, kurie padeda abiems tapti laimingesniems ???? \u017dinome kaip nelengva i\u0161gyventi ma\u017eiems verslams, tad nuo \u0161iol, \u010dia rasite ir kit\u0173, ma\u017e\u0173 \u0161eim\u0173 versl\u0173, rank\u0173 darbo, dovan\u0173 sau ir artimiesiems.","publisher":{"@id":"https:\/\/skaitytaknyga.lt\/#organization"},"potentialAction":[{"@type":"SearchAction","target":{"@type":"EntryPoint","urlTemplate":"https:\/\/skaitytaknyga.lt\/?s={search_term_string}"},"query-input":{"@type":"PropertyValueSpecification","valueRequired":true,"valueName":"search_term_string"}}],"inLanguage":"en-GB"},{"@type":"Organization","@id":"https:\/\/skaitytaknyga.lt\/#organization","name":"skaitytaknyga.lt","url":"https:\/\/skaitytaknyga.lt\/","logo":{"@type":"ImageObject","inLanguage":"en-GB","@id":"https:\/\/skaitytaknyga.lt\/#\/schema\/logo\/image\/","url":"https:\/\/skaitytaknyga.lt\/wp-content\/uploads\/2024\/05\/cropped-cropped-cropped-02_00843_jt3bggkj1j3HLc7SyY6rEUpg.jpeg","contentUrl":"https:\/\/skaitytaknyga.lt\/wp-content\/uploads\/2024\/05\/cropped-cropped-cropped-02_00843_jt3bggkj1j3HLc7SyY6rEUpg.jpeg","width":1600,"height":1600,"caption":"skaitytaknyga.lt"},"image":{"@id":"https:\/\/skaitytaknyga.lt\/#\/schema\/logo\/image\/"},"sameAs":["https:\/\/www.facebook.com\/skaitytaknyga\/"]}]}},"_links":{"self":[{"href":"https:\/\/skaitytaknyga.lt\/en\/wp-json\/wp\/v2\/product\/22675","targetHints":{"allow":["GET"]}}],"collection":[{"href":"https:\/\/skaitytaknyga.lt\/en\/wp-json\/wp\/v2\/product"}],"about":[{"href":"https:\/\/skaitytaknyga.lt\/en\/wp-json\/wp\/v2\/types\/product"}],"replies":[{"embeddable":true,"href":"https:\/\/skaitytaknyga.lt\/en\/wp-json\/wp\/v2\/comments?post=22675"}],"wp:featuredmedia":[{"embeddable":true,"href":"https:\/\/skaitytaknyga.lt\/en\/wp-json\/wp\/v2\/media\/22695"}],"wp:attachment":[{"href":"https:\/\/skaitytaknyga.lt\/en\/wp-json\/wp\/v2\/media?parent=22675"}],"wp:term":[{"taxonomy":"product_brand","embeddable":true,"href":"https:\/\/skaitytaknyga.lt\/en\/wp-json\/wp\/v2\/product_brand?post=22675"},{"taxonomy":"product_cat","embeddable":true,"href":"https:\/\/skaitytaknyga.lt\/en\/wp-json\/wp\/v2\/product_cat?post=22675"},{"taxonomy":"product_tag","embeddable":true,"href":"https:\/\/skaitytaknyga.lt\/en\/wp-json\/wp\/v2\/product_tag?post=22675"}],"curies":[{"name":"wp","href":"https:\/\/api.w.org\/{rel}","templated":true}]}}