{"id":22674,"date":"2026-01-09T20:06:28","date_gmt":"2026-01-09T18:06:28","guid":{"rendered":"https:\/\/skaitytaknyga.lt\/?post_type=product&#038;p=22674"},"modified":"2026-01-30T12:13:41","modified_gmt":"2026-01-30T10:13:41","slug":"paslapciu-aleja","status":"publish","type":"product","link":"https:\/\/skaitytaknyga.lt\/en\/produktas\/paslapciu-aleja\/","title":{"rendered":"Paslap\u010di\u0173 al\u0117ja"},"content":{"rendered":"<p>D\u017eonas Irvingas (g. 1942 m.) \u2013 populiarus \u0161iuolaikinis amerikie\u010di\u0173 ra\u0161ytojas, gerai \u017einomas daugeliui skaitytoj\u0173. 2008 m. jis lank\u0117si Lietuvoje. Dalis \u0161ios vie\u0161nag\u0117s \u012fsp\u016bd\u017ei\u0173 sugul\u0117 naujausiame jo romane \u201ePaslap\u010di\u0173 al\u0117ja\u201d.<\/p>\n<p>Sendami mes da\u017eniausiai \u2013 k\u0105 nors prisimin\u0119 arba sapnuodami \u2013 gyvename praeityje. Kartais m\u016bs\u0173 gyvenimas ten, praeityje, b\u016bna daug vaizdingesnis, tikresnis u\u017e dabart\u012f.<\/p>\n<p>Chuanas Diegas, jau senstel\u0117j\u0119s ra\u0161ytojas, i\u0161 Ajovos keliauja \u012f Lietuv\u0105, \u012f Filipinus, bet kartu su juo keliauja ir jo sapnai bei atsiminimai apie vaikyst\u0119 Meksikoje. Chuanas Diegas gyvena praeityje, vis i\u0161 naujo vaizduot\u0117je patirdamas visas j\u012f pa\u017eenklinusias netektis. \u201eLemtis j\u012f pa\u017eenklino\u201c, &#8212; apie Chuan\u0105 Dieg\u0105 ra\u0161o D\u017eonas Irvingas. \u201e\u012evyki\u0173 seka, gyvenimo s\u0105sajos, \u2013 kas veda mus ten, kur einam, m\u016bs\u0173 keliai \u012f tiksl\u0105, ko mes nenujau\u010diam ir k\u0105 nujau\u010diam, \u2013 visa tai gali b\u016bti paslaptinga arba tiesiog nematoma, o kartais ir akivaizdu.\u201c<\/p>\n<p>\u201ePaslap\u010di\u0173 al\u0117ja\u201c \u2013 istorija apie tai, kas Chuanui Diegui nutinka Meksikoje, Ajovoje, Lietuvoje ir \u2013 galiausiai \u2013 Filipinuose, kur visa ankstesn\u0117 jo patirtis susiduria su ateitimi.<\/p>\n<p>\u201e\u0160is romanas, nuo pirmo iki paskutinio puslapio, sklidinas gerumo, atkaklaus tik\u0117jimo meile ir nuod\u0117mes atperkan\u010dia joki\u0173 institucij\u0173 ar formalum\u0173 nesuvar\u017eyto \u017emoni\u0173 ry\u0161io galia. Kaip tik d\u0117l \u0161io tik\u0117jimo ir senovi\u0161kos pasakojimo manieros Irvingas da\u017enai lyginamas su Dikensu. Bet D\u017eonas Irvingas \u2013 unikalus, kaip ir naujasis jo romanas. \u201ePaslap\u010di\u0173 al\u0117ja\u201c \u2013 \u0161iuolaiki\u0161ka, protingai ir suprantamai para\u0161yta, juokinga, ekscentri\u0161ka ir nuostabiai \u017emogi\u0161ka knyga.\u201c<\/p>\n","protected":false},"excerpt":{"rendered":"<p>D\u017eonas Irvingas (g. 1942 m.) \u2013 populiarus \u0161iuolaikinis amerikie\u010di\u0173 ra\u0161ytojas, gerai \u017einomas daugeliui skaitytoj\u0173. 2008 m. jis lank\u0117si Lietuvoje. Dalis \u0161ios vie\u0161nag\u0117s \u012fsp\u016bd\u017ei\u0173 sugul\u0117 naujausiame jo romane \u201ePaslap\u010di\u0173 al\u0117ja\u201d. Sendami mes da\u017eniausiai \u2013 k\u0105 nors prisimin\u0119 arba sapnuodami \u2013 gyvename praeityje. Kartais m\u016bs\u0173 gyvenimas ten, praeityje, b\u016bna daug vaizdingesnis, tikresnis u\u017e dabart\u012f. Chuanas Diegas, jau senstel\u0117j\u0119s ra\u0161ytojas, i\u0161 Ajovos keliauja \u012f Lietuv\u0105, \u012f Filipinus, bet kartu su juo keliauja ir jo sapnai bei atsiminimai apie vaikyst\u0119 Meksikoje. Chuanas Diegas gyvena praeityje, vis i\u0161 naujo vaizduot\u0117je patirdamas visas j\u012f pa\u017eenklinusias netektis. \u201eLemtis j\u012f pa\u017eenklino\u201c, &#8212; apie Chuan\u0105 Dieg\u0105 ra\u0161o D\u017eonas Irvingas. \u201e\u012evyki\u0173 seka, gyvenimo s\u0105sajos, \u2013 kas veda mus ten, kur einam, m\u016bs\u0173 keliai \u012f tiksl\u0105, ko mes nenujau\u010diam ir k\u0105 nujau\u010diam, \u2013 visa tai gali b\u016bti paslaptinga arba tiesiog nematoma, o kartais ir akivaizdu.\u201c \u201ePaslap\u010di\u0173 al\u0117ja\u201c \u2013 istorija apie tai, kas Chuanui Diegui nutinka Meksikoje, Ajovoje, Lietuvoje ir \u2013 galiausiai \u2013 Filipinuose, kur visa ankstesn\u0117 jo patirtis susiduria su ateitimi. \u201e\u0160is romanas, nuo pirmo iki paskutinio puslapio, sklidinas gerumo, atkaklaus tik\u0117jimo meile ir nuod\u0117mes atperkan\u010dia joki\u0173 institucij\u0173 ar formalum\u0173 nesuvar\u017eyto \u017emoni\u0173 ry\u0161io galia. Kaip tik d\u0117l \u0161io tik\u0117jimo ir senovi\u0161kos pasakojimo manieros Irvingas da\u017enai lyginamas su Dikensu. Bet D\u017eonas Irvingas \u2013 unikalus, kaip ir naujasis jo romanas. \u201ePaslap\u010di\u0173 al\u0117ja\u201c \u2013 \u0161iuolaiki\u0161ka, protingai ir suprantamai para\u0161yta, juokinga, ekscentri\u0161ka ir nuostabiai \u017emogi\u0161ka knyga.\u201c<\/p>\n","protected":false},"featured_media":22694,"comment_status":"open","ping_status":"closed","template":"","meta":{"_acf_changed":false,"site-sidebar-layout":"default","site-content-layout":"","ast-site-content-layout":"default","site-content-style":"default","site-sidebar-style":"default","ast-global-header-display":"","ast-banner-title-visibility":"","ast-main-header-display":"","ast-hfb-above-header-display":"","ast-hfb-below-header-display":"","ast-hfb-mobile-header-display":"","site-post-title":"","ast-breadcrumbs-content":"","ast-featured-img":"","footer-sml-layout":"","ast-disable-related-posts":"","theme-transparent-header-meta":"","adv-header-id-meta":"","stick-header-meta":"","header-above-stick-meta":"","header-main-stick-meta":"","header-below-stick-meta":"","astra-migrate-meta-layouts":"default","ast-page-background-enabled":"default","ast-page-background-meta":{"desktop":{"background-color":"","background-image":"","background-repeat":"repeat","background-position":"center center","background-size":"auto","background-attachment":"scroll","background-type":"","background-media":"","overlay-type":"","overlay-color":"","overlay-opacity":"","overlay-gradient":""},"tablet":{"background-color":"","background-image":"","background-repeat":"repeat","background-position":"center center","background-size":"auto","background-attachment":"scroll","background-type":"","background-media":"","overlay-type":"","overlay-color":"","overlay-opacity":"","overlay-gradient":""},"mobile":{"background-color":"","background-image":"","background-repeat":"repeat","background-position":"center center","background-size":"auto","background-attachment":"scroll","background-type":"","background-media":"","overlay-type":"","overlay-color":"","overlay-opacity":"","overlay-gradient":""}},"ast-content-background-meta":{"desktop":{"background-color":"var(--ast-global-color-4)","background-image":"","background-repeat":"repeat","background-position":"center center","background-size":"auto","background-attachment":"scroll","background-type":"","background-media":"","overlay-type":"","overlay-color":"","overlay-opacity":"","overlay-gradient":""},"tablet":{"background-color":"var(--ast-global-color-4)","background-image":"","background-repeat":"repeat","background-position":"center center","background-size":"auto","background-attachment":"scroll","background-type":"","background-media":"","overlay-type":"","overlay-color":"","overlay-opacity":"","overlay-gradient":""},"mobile":{"background-color":"var(--ast-global-color-4)","background-image":"","background-repeat":"repeat","background-position":"center center","background-size":"auto","background-attachment":"scroll","background-type":"","background-media":"","overlay-type":"","overlay-color":"","overlay-opacity":"","overlay-gradient":""}}},"product_brand":[],"product_cat":[31],"product_tag":[9308],"class_list":{"0":"post-22674","1":"product","2":"type-product","3":"status-publish","4":"has-post-thumbnail","6":"product_cat-grozine-literatura","7":"product_tag-ltjohn-irving","8":"desktop-align-left","9":"tablet-align-left","10":"mobile-align-left","12":"first","13":"instock","14":"shipping-taxable","15":"purchasable","16":"product-type-simple"},"acf":[],"yoast_head":"<!-- This site is optimized with the Yoast SEO plugin v27.0 - https:\/\/yoast.com\/product\/yoast-seo-wordpress\/ -->\n<title>Paslap\u010di\u0173 al\u0117ja<\/title>\n<meta name=\"description\" content=\"D\u017eonas Irvingas (g. 1942 m.) \u2013 populiarus \u0161iuolaikinis amerikie\u010di\u0173 ra\u0161ytojas, gerai \u017einomas daugeliui skaitytoj\u0173. 2008 m. jis lank\u0117si Lietuvoje. Dalis\" \/>\n<meta name=\"robots\" content=\"index, follow, max-snippet:-1, max-image-preview:large, max-video-preview:-1\" \/>\n<link rel=\"canonical\" href=\"https:\/\/skaitytaknyga.lt\/en\/produktas\/paslapciu-aleja\/\" \/>\n<meta property=\"og:locale\" content=\"en_GB\" \/>\n<meta property=\"og:locale:alternate\" content=\"lt_LT\" \/>\n<meta property=\"og:type\" content=\"article\" \/>\n<meta property=\"og:title\" content=\"Paslap\u010di\u0173 al\u0117ja\" \/>\n<meta property=\"og:description\" content=\"D\u017eonas Irvingas (g. 1942 m.) \u2013 populiarus \u0161iuolaikinis amerikie\u010di\u0173 ra\u0161ytojas, gerai \u017einomas daugeliui skaitytoj\u0173. 2008 m. jis lank\u0117si Lietuvoje. Dalis\" \/>\n<meta property=\"og:url\" content=\"https:\/\/skaitytaknyga.lt\/en\/produktas\/paslapciu-aleja\/\" \/>\n<meta property=\"og:site_name\" content=\"Skaitytaknyga\" \/>\n<meta property=\"article:publisher\" content=\"https:\/\/www.facebook.com\/skaitytaknyga\/\" \/>\n<meta property=\"article:modified_time\" content=\"2026-01-30T10:13:41+00:00\" \/>\n<meta property=\"og:image\" content=\"https:\/\/skaitytaknyga.lt\/wp-content\/uploads\/2026\/01\/Paslapciu-aleja-1.webp\" \/>\n\t<meta property=\"og:image:width\" content=\"300\" \/>\n\t<meta property=\"og:image:height\" content=\"492\" \/>\n\t<meta property=\"og:image:type\" content=\"image\/webp\" \/>\n<meta name=\"twitter:card\" content=\"summary_large_image\" \/>\n<meta name=\"twitter:label1\" content=\"Estimated reading time\" \/>\n\t<meta name=\"twitter:data1\" content=\"1 minute\" \/>\n<script type=\"application\/ld+json\" class=\"yoast-schema-graph\">{\"@context\":\"https:\/\/schema.org\",\"@graph\":[{\"@type\":\"WebPage\",\"@id\":\"https:\/\/skaitytaknyga.lt\/produktas\/paslapciu-aleja\/\",\"url\":\"https:\/\/skaitytaknyga.lt\/produktas\/paslapciu-aleja\/\",\"name\":\"Paslap\u010di\u0173 al\u0117ja\",\"isPartOf\":{\"@id\":\"https:\/\/skaitytaknyga.lt\/#website\"},\"primaryImageOfPage\":{\"@id\":\"https:\/\/skaitytaknyga.lt\/produktas\/paslapciu-aleja\/#primaryimage\"},\"image\":{\"@id\":\"https:\/\/skaitytaknyga.lt\/produktas\/paslapciu-aleja\/#primaryimage\"},\"thumbnailUrl\":\"https:\/\/skaitytaknyga.lt\/wp-content\/uploads\/2026\/01\/Paslapciu-aleja-1.webp\",\"datePublished\":\"2026-01-09T18:06:28+00:00\",\"dateModified\":\"2026-01-30T10:13:41+00:00\",\"description\":\"D\u017eonas Irvingas (g. 1942 m.) \u2013 populiarus \u0161iuolaikinis amerikie\u010di\u0173 ra\u0161ytojas, gerai \u017einomas daugeliui skaitytoj\u0173. 2008 m. jis lank\u0117si Lietuvoje. Dalis\",\"breadcrumb\":{\"@id\":\"https:\/\/skaitytaknyga.lt\/produktas\/paslapciu-aleja\/#breadcrumb\"},\"inLanguage\":\"en-GB\",\"potentialAction\":[{\"@type\":\"ReadAction\",\"target\":[\"https:\/\/skaitytaknyga.lt\/produktas\/paslapciu-aleja\/\"]}]},{\"@type\":\"ImageObject\",\"inLanguage\":\"en-GB\",\"@id\":\"https:\/\/skaitytaknyga.lt\/produktas\/paslapciu-aleja\/#primaryimage\",\"url\":\"https:\/\/skaitytaknyga.lt\/wp-content\/uploads\/2026\/01\/Paslapciu-aleja-1.webp\",\"contentUrl\":\"https:\/\/skaitytaknyga.lt\/wp-content\/uploads\/2026\/01\/Paslapciu-aleja-1.webp\",\"width\":300,\"height\":492,\"caption\":\"Paslap\u010di\u0173 al\u0117ja\"},{\"@type\":\"BreadcrumbList\",\"@id\":\"https:\/\/skaitytaknyga.lt\/produktas\/paslapciu-aleja\/#breadcrumb\",\"itemListElement\":[{\"@type\":\"ListItem\",\"position\":1,\"name\":\"Home\",\"item\":\"https:\/\/skaitytaknyga.lt\/\"},{\"@type\":\"ListItem\",\"position\":2,\"name\":\"Parduotuv\u0117\",\"item\":\"https:\/\/skaitytaknyga.lt\/knygu-parduotuve\/\"},{\"@type\":\"ListItem\",\"position\":3,\"name\":\"Paslap\u010di\u0173 al\u0117ja\"}]},{\"@type\":\"WebSite\",\"@id\":\"https:\/\/skaitytaknyga.lt\/#website\",\"url\":\"https:\/\/skaitytaknyga.lt\/\",\"name\":\"skaitytaknyga.lt\",\"description\":\"Skaitytaknyga.lt \u2013 tai ma\u017eas \u0161eimos verslas, kuris prasid\u0117jo nuo meil\u0117s knygoms ir siekio i\u0161gelb\u0117ti knygas nuo likimo prie konteinerio. Kas vienam nereikalingas daiktas \u2013 kitam lobis, o mes esame tarpininkai, kurie padeda abiems tapti laimingesniems ???? \u017dinome kaip nelengva i\u0161gyventi ma\u017eiems verslams, tad nuo \u0161iol, \u010dia rasite ir kit\u0173, ma\u017e\u0173 \u0161eim\u0173 versl\u0173, rank\u0173 darbo, dovan\u0173 sau ir artimiesiems.\",\"publisher\":{\"@id\":\"https:\/\/skaitytaknyga.lt\/#organization\"},\"potentialAction\":[{\"@type\":\"SearchAction\",\"target\":{\"@type\":\"EntryPoint\",\"urlTemplate\":\"https:\/\/skaitytaknyga.lt\/?s={search_term_string}\"},\"query-input\":{\"@type\":\"PropertyValueSpecification\",\"valueRequired\":true,\"valueName\":\"search_term_string\"}}],\"inLanguage\":\"en-GB\"},{\"@type\":\"Organization\",\"@id\":\"https:\/\/skaitytaknyga.lt\/#organization\",\"name\":\"skaitytaknyga.lt\",\"url\":\"https:\/\/skaitytaknyga.lt\/\",\"logo\":{\"@type\":\"ImageObject\",\"inLanguage\":\"en-GB\",\"@id\":\"https:\/\/skaitytaknyga.lt\/#\/schema\/logo\/image\/\",\"url\":\"https:\/\/skaitytaknyga.lt\/wp-content\/uploads\/2024\/05\/cropped-cropped-cropped-02_00843_jt3bggkj1j3HLc7SyY6rEUpg.jpeg\",\"contentUrl\":\"https:\/\/skaitytaknyga.lt\/wp-content\/uploads\/2024\/05\/cropped-cropped-cropped-02_00843_jt3bggkj1j3HLc7SyY6rEUpg.jpeg\",\"width\":1600,\"height\":1600,\"caption\":\"skaitytaknyga.lt\"},\"image\":{\"@id\":\"https:\/\/skaitytaknyga.lt\/#\/schema\/logo\/image\/\"},\"sameAs\":[\"https:\/\/www.facebook.com\/skaitytaknyga\/\"]}]}<\/script>\n<!-- \/ Yoast SEO plugin. -->","yoast_head_json":{"title":"Paslap\u010di\u0173 al\u0117ja","description":"D\u017eonas Irvingas (g. 1942 m.) \u2013 populiarus \u0161iuolaikinis amerikie\u010di\u0173 ra\u0161ytojas, gerai \u017einomas daugeliui skaitytoj\u0173. 2008 m. jis lank\u0117si Lietuvoje. Dalis","robots":{"index":"index","follow":"follow","max-snippet":"max-snippet:-1","max-image-preview":"max-image-preview:large","max-video-preview":"max-video-preview:-1"},"canonical":"https:\/\/skaitytaknyga.lt\/en\/produktas\/paslapciu-aleja\/","og_locale":"en_GB","og_type":"article","og_title":"[:lt]Paslap\u010di\u0173 al\u0117ja[:] - Skaitytaknyga","og_description":"D\u017eonas Irvingas (g. 1942 m.) \u2013 populiarus \u0161iuolaikinis amerikie\u010di\u0173 ra\u0161ytojas, gerai \u017einomas daugeliui skaitytoj\u0173. 2008 m. jis lank\u0117si Lietuvoje. Dalis","og_url":"https:\/\/skaitytaknyga.lt\/en\/produktas\/paslapciu-aleja\/","og_site_name":"Skaitytaknyga","article_publisher":"https:\/\/www.facebook.com\/skaitytaknyga\/","article_modified_time":"2026-01-30T10:13:41+00:00","og_image":[{"width":300,"height":492,"url":"https:\/\/skaitytaknyga.lt\/wp-content\/uploads\/2026\/01\/Paslapciu-aleja-1.webp","type":"image\/webp"}],"twitter_card":"summary_large_image","twitter_misc":{"Estimated reading time":"1 minute"},"schema":{"@context":"https:\/\/schema.org","@graph":[{"@type":"WebPage","@id":"https:\/\/skaitytaknyga.lt\/produktas\/paslapciu-aleja\/","url":"https:\/\/skaitytaknyga.lt\/produktas\/paslapciu-aleja\/","name":"Paslap\u010di\u0173 al\u0117ja","isPartOf":{"@id":"https:\/\/skaitytaknyga.lt\/#website"},"primaryImageOfPage":{"@id":"https:\/\/skaitytaknyga.lt\/produktas\/paslapciu-aleja\/#primaryimage"},"image":{"@id":"https:\/\/skaitytaknyga.lt\/produktas\/paslapciu-aleja\/#primaryimage"},"thumbnailUrl":"https:\/\/skaitytaknyga.lt\/wp-content\/uploads\/2026\/01\/Paslapciu-aleja-1.webp","datePublished":"2026-01-09T18:06:28+00:00","dateModified":"2026-01-30T10:13:41+00:00","description":"D\u017eonas Irvingas (g. 1942 m.) \u2013 populiarus \u0161iuolaikinis amerikie\u010di\u0173 ra\u0161ytojas, gerai \u017einomas daugeliui skaitytoj\u0173. 2008 m. jis lank\u0117si Lietuvoje. Dalis","breadcrumb":{"@id":"https:\/\/skaitytaknyga.lt\/produktas\/paslapciu-aleja\/#breadcrumb"},"inLanguage":"en-GB","potentialAction":[{"@type":"ReadAction","target":["https:\/\/skaitytaknyga.lt\/produktas\/paslapciu-aleja\/"]}]},{"@type":"ImageObject","inLanguage":"en-GB","@id":"https:\/\/skaitytaknyga.lt\/produktas\/paslapciu-aleja\/#primaryimage","url":"https:\/\/skaitytaknyga.lt\/wp-content\/uploads\/2026\/01\/Paslapciu-aleja-1.webp","contentUrl":"https:\/\/skaitytaknyga.lt\/wp-content\/uploads\/2026\/01\/Paslapciu-aleja-1.webp","width":300,"height":492,"caption":"Paslap\u010di\u0173 al\u0117ja"},{"@type":"BreadcrumbList","@id":"https:\/\/skaitytaknyga.lt\/produktas\/paslapciu-aleja\/#breadcrumb","itemListElement":[{"@type":"ListItem","position":1,"name":"Home","item":"https:\/\/skaitytaknyga.lt\/"},{"@type":"ListItem","position":2,"name":"Parduotuv\u0117","item":"https:\/\/skaitytaknyga.lt\/knygu-parduotuve\/"},{"@type":"ListItem","position":3,"name":"Paslap\u010di\u0173 al\u0117ja"}]},{"@type":"WebSite","@id":"https:\/\/skaitytaknyga.lt\/#website","url":"https:\/\/skaitytaknyga.lt\/","name":"skaitytaknyga.lt","description":"Skaitytaknyga.lt \u2013 tai ma\u017eas \u0161eimos verslas, kuris prasid\u0117jo nuo meil\u0117s knygoms ir siekio i\u0161gelb\u0117ti knygas nuo likimo prie konteinerio. Kas vienam nereikalingas daiktas \u2013 kitam lobis, o mes esame tarpininkai, kurie padeda abiems tapti laimingesniems ???? \u017dinome kaip nelengva i\u0161gyventi ma\u017eiems verslams, tad nuo \u0161iol, \u010dia rasite ir kit\u0173, ma\u017e\u0173 \u0161eim\u0173 versl\u0173, rank\u0173 darbo, dovan\u0173 sau ir artimiesiems.","publisher":{"@id":"https:\/\/skaitytaknyga.lt\/#organization"},"potentialAction":[{"@type":"SearchAction","target":{"@type":"EntryPoint","urlTemplate":"https:\/\/skaitytaknyga.lt\/?s={search_term_string}"},"query-input":{"@type":"PropertyValueSpecification","valueRequired":true,"valueName":"search_term_string"}}],"inLanguage":"en-GB"},{"@type":"Organization","@id":"https:\/\/skaitytaknyga.lt\/#organization","name":"skaitytaknyga.lt","url":"https:\/\/skaitytaknyga.lt\/","logo":{"@type":"ImageObject","inLanguage":"en-GB","@id":"https:\/\/skaitytaknyga.lt\/#\/schema\/logo\/image\/","url":"https:\/\/skaitytaknyga.lt\/wp-content\/uploads\/2024\/05\/cropped-cropped-cropped-02_00843_jt3bggkj1j3HLc7SyY6rEUpg.jpeg","contentUrl":"https:\/\/skaitytaknyga.lt\/wp-content\/uploads\/2024\/05\/cropped-cropped-cropped-02_00843_jt3bggkj1j3HLc7SyY6rEUpg.jpeg","width":1600,"height":1600,"caption":"skaitytaknyga.lt"},"image":{"@id":"https:\/\/skaitytaknyga.lt\/#\/schema\/logo\/image\/"},"sameAs":["https:\/\/www.facebook.com\/skaitytaknyga\/"]}]}},"_links":{"self":[{"href":"https:\/\/skaitytaknyga.lt\/en\/wp-json\/wp\/v2\/product\/22674","targetHints":{"allow":["GET"]}}],"collection":[{"href":"https:\/\/skaitytaknyga.lt\/en\/wp-json\/wp\/v2\/product"}],"about":[{"href":"https:\/\/skaitytaknyga.lt\/en\/wp-json\/wp\/v2\/types\/product"}],"replies":[{"embeddable":true,"href":"https:\/\/skaitytaknyga.lt\/en\/wp-json\/wp\/v2\/comments?post=22674"}],"wp:featuredmedia":[{"embeddable":true,"href":"https:\/\/skaitytaknyga.lt\/en\/wp-json\/wp\/v2\/media\/22694"}],"wp:attachment":[{"href":"https:\/\/skaitytaknyga.lt\/en\/wp-json\/wp\/v2\/media?parent=22674"}],"wp:term":[{"taxonomy":"product_brand","embeddable":true,"href":"https:\/\/skaitytaknyga.lt\/en\/wp-json\/wp\/v2\/product_brand?post=22674"},{"taxonomy":"product_cat","embeddable":true,"href":"https:\/\/skaitytaknyga.lt\/en\/wp-json\/wp\/v2\/product_cat?post=22674"},{"taxonomy":"product_tag","embeddable":true,"href":"https:\/\/skaitytaknyga.lt\/en\/wp-json\/wp\/v2\/product_tag?post=22674"}],"curies":[{"name":"wp","href":"https:\/\/api.w.org\/{rel}","templated":true}]}}