{"id":22673,"date":"2026-01-09T20:06:27","date_gmt":"2026-01-09T18:06:27","guid":{"rendered":"https:\/\/skaitytaknyga.lt\/?post_type=product&#038;p=22673"},"modified":"2026-01-27T12:47:35","modified_gmt":"2026-01-27T10:47:35","slug":"pusryciai-pas-tifani-kiti-balsai-kiti-kambariai","status":"publish","type":"product","link":"https:\/\/skaitytaknyga.lt\/en\/produktas\/pusryciai-pas-tifani-kiti-balsai-kiti-kambariai\/","title":{"rendered":"Pusry\u010diai pas Tifan\u012f. Kiti balsai, kiti kambariai"},"content":{"rendered":"<p>\u201ePusry\u010diai pas Tifan\u012f\u201c \u2013 apysaka apie jaunos panel\u0117s pastangas susirasti keli\u0105 \u012f laim\u0119 XX a. vidurio \u012fsp\u016bdingame ir spindin\u010diame Niujorke. Hol\u0117 Golaitli \u2013 gra\u017euol\u0117 juodos spalvos suknele, su paslaptinga praeitimi ir tamsiais akiniais, slepian\u010diais dideles spalvingas akis \u2013 su\u017eavi visus sutiktus vyrus, tarp j\u0173 ir jaun\u0105j\u012f ra\u0161ytoj\u0105, gyvenant\u012f vir\u0161 jos. Hol\u0117 atkreipia turting\u0173j\u0173 pasaulio d\u0117mes\u012f, ta\u010diau vien\u0105 dien\u0105 neapdairumas paki\u0161a jai koj\u0105. Klausydama \u0161irdies balso, sumi\u0161usio su vaiki\u0161ku naivumu ir tikros moters \u017eavesiu, ji tarsi atspindi to meto Niujorko dvasi\u0105 \u2013 miest\u0105, apsupt\u0105 \u017evilgan\u010di\u0173 vitrin\u0173, kuriame svajon\u0117s pasiekiamos ranka.<\/p>\n<p>Kitose apysakose \u201eNamukas tarp g\u0117li\u0173\u201c, \u201eDeimantin\u0117 gitara\u201c ir \u201eKal\u0117diniai atsiminimai\u201c autorius nepriekai\u0161tingu ir eleganti\u0161ku stiliumi pabr\u0117\u017eia draugyst\u0117s svarb\u0105, \u017emoni\u0173 tarpusavio artumo b\u016btinyb\u0119 skaud\u017eioje kasdienyb\u0117je.<br \/>\n\u2013<br \/>\n\u201eKiti balsai, kiti kambariai\u201c \u2013 istorija apie jautr\u0173 berniuk\u0105, kuriam per\u017eengti paauglyst\u0117s siaubus ir vienatv\u0119 padeda du \u017emon\u0117s: pasaulio i\u0161mint\u012f sukaup\u0119s cini\u0161kas intelektualas d\u0117d\u0117 ir \u0161auni, naivi pad\u016bk\u0117l\u0117 jo draug\u0117.<br \/>\nTai moderniosios gotikos romanas, jame klasikin\u0117s gotikos atributus \u2013 viduram\u017ei\u0173 pilis su vaiduokliais, magij\u0105 \u2013 pakei\u010dia \u012f Tvin Pyks\u0105 pana\u0161\u016bs miesteliai, g\u016bd\u016bs mi\u0161kai ir raistai, kur gyvena keisti, nesuprantami, pam\u0117kli\u0161ki \u017emon\u0117s.<br \/>\nRa\u0161ytojas daug bendravo su kaimyne ir geriausia drauge Harper Lee, \u201eNe\u017eudyk strazdo giesmininko\u201c autore. Romane \u201eKiti balsai, kiti kambariai\u201c veik\u0117jos Aidabel\u0117s paveikslas \u012fk\u016bnija H. Lee asmenyb\u0119.<\/p>\n","protected":false},"excerpt":{"rendered":"<p>\u201ePusry\u010diai pas Tifan\u012f\u201c \u2013 apysaka apie jaunos panel\u0117s pastangas susirasti keli\u0105 \u012f laim\u0119 XX a. vidurio \u012fsp\u016bdingame ir spindin\u010diame Niujorke. Hol\u0117 Golaitli \u2013 gra\u017euol\u0117 juodos spalvos suknele, su paslaptinga praeitimi ir tamsiais akiniais, slepian\u010diais dideles spalvingas akis \u2013 su\u017eavi visus sutiktus vyrus, tarp j\u0173 ir jaun\u0105j\u012f ra\u0161ytoj\u0105, gyvenant\u012f vir\u0161 jos. Hol\u0117 atkreipia turting\u0173j\u0173 pasaulio d\u0117mes\u012f, ta\u010diau vien\u0105 dien\u0105 neapdairumas paki\u0161a jai koj\u0105. Klausydama \u0161irdies balso, sumi\u0161usio su vaiki\u0161ku naivumu ir tikros moters \u017eavesiu, ji tarsi atspindi to meto Niujorko dvasi\u0105 \u2013 miest\u0105, apsupt\u0105 \u017evilgan\u010di\u0173 vitrin\u0173, kuriame svajon\u0117s pasiekiamos ranka. Kitose apysakose \u201eNamukas tarp g\u0117li\u0173\u201c, \u201eDeimantin\u0117 gitara\u201c ir \u201eKal\u0117diniai atsiminimai\u201c autorius nepriekai\u0161tingu ir eleganti\u0161ku stiliumi pabr\u0117\u017eia draugyst\u0117s svarb\u0105, \u017emoni\u0173 tarpusavio artumo b\u016btinyb\u0119 skaud\u017eioje kasdienyb\u0117je. \u2013 \u201eKiti balsai, kiti kambariai\u201c \u2013 istorija apie jautr\u0173 berniuk\u0105, kuriam per\u017eengti paauglyst\u0117s siaubus ir vienatv\u0119 padeda du \u017emon\u0117s: pasaulio i\u0161mint\u012f sukaup\u0119s cini\u0161kas intelektualas d\u0117d\u0117 ir \u0161auni, naivi pad\u016bk\u0117l\u0117 jo draug\u0117. Tai moderniosios gotikos romanas, jame klasikin\u0117s gotikos atributus \u2013 viduram\u017ei\u0173 pilis su vaiduokliais, magij\u0105 \u2013 pakei\u010dia \u012f Tvin Pyks\u0105 pana\u0161\u016bs miesteliai, g\u016bd\u016bs mi\u0161kai ir raistai, kur gyvena keisti, nesuprantami, pam\u0117kli\u0161ki \u017emon\u0117s. Ra\u0161ytojas daug bendravo su kaimyne ir geriausia drauge Harper Lee, \u201eNe\u017eudyk strazdo giesmininko\u201c autore. Romane \u201eKiti balsai, kiti kambariai\u201c veik\u0117jos Aidabel\u0117s paveikslas \u012fk\u016bnija H. Lee asmenyb\u0119.<\/p>\n","protected":false},"featured_media":22693,"comment_status":"open","ping_status":"closed","template":"","meta":{"_acf_changed":false,"site-sidebar-layout":"default","site-content-layout":"","ast-site-content-layout":"default","site-content-style":"default","site-sidebar-style":"default","ast-global-header-display":"","ast-banner-title-visibility":"","ast-main-header-display":"","ast-hfb-above-header-display":"","ast-hfb-below-header-display":"","ast-hfb-mobile-header-display":"","site-post-title":"","ast-breadcrumbs-content":"","ast-featured-img":"","footer-sml-layout":"","ast-disable-related-posts":"","theme-transparent-header-meta":"","adv-header-id-meta":"","stick-header-meta":"","header-above-stick-meta":"","header-main-stick-meta":"","header-below-stick-meta":"","astra-migrate-meta-layouts":"default","ast-page-background-enabled":"default","ast-page-background-meta":{"desktop":{"background-color":"","background-image":"","background-repeat":"repeat","background-position":"center center","background-size":"auto","background-attachment":"scroll","background-type":"","background-media":"","overlay-type":"","overlay-color":"","overlay-opacity":"","overlay-gradient":""},"tablet":{"background-color":"","background-image":"","background-repeat":"repeat","background-position":"center center","background-size":"auto","background-attachment":"scroll","background-type":"","background-media":"","overlay-type":"","overlay-color":"","overlay-opacity":"","overlay-gradient":""},"mobile":{"background-color":"","background-image":"","background-repeat":"repeat","background-position":"center center","background-size":"auto","background-attachment":"scroll","background-type":"","background-media":"","overlay-type":"","overlay-color":"","overlay-opacity":"","overlay-gradient":""}},"ast-content-background-meta":{"desktop":{"background-color":"var(--ast-global-color-4)","background-image":"","background-repeat":"repeat","background-position":"center center","background-size":"auto","background-attachment":"scroll","background-type":"","background-media":"","overlay-type":"","overlay-color":"","overlay-opacity":"","overlay-gradient":""},"tablet":{"background-color":"var(--ast-global-color-4)","background-image":"","background-repeat":"repeat","background-position":"center center","background-size":"auto","background-attachment":"scroll","background-type":"","background-media":"","overlay-type":"","overlay-color":"","overlay-opacity":"","overlay-gradient":""},"mobile":{"background-color":"var(--ast-global-color-4)","background-image":"","background-repeat":"repeat","background-position":"center center","background-size":"auto","background-attachment":"scroll","background-type":"","background-media":"","overlay-type":"","overlay-color":"","overlay-opacity":"","overlay-gradient":""}}},"product_brand":[],"product_cat":[31],"product_tag":[],"class_list":{"0":"post-22673","1":"product","2":"type-product","3":"status-publish","4":"has-post-thumbnail","6":"product_cat-grozine-literatura","7":"desktop-align-left","8":"tablet-align-left","9":"mobile-align-left","11":"first","12":"instock","13":"shipping-taxable","14":"purchasable","15":"product-type-simple"},"acf":[],"yoast_head":"<!-- This site is optimized with the Yoast SEO plugin v27.0 - https:\/\/yoast.com\/product\/yoast-seo-wordpress\/ -->\n<title>Pusry\u010diai pas Tifan\u012f. Kiti balsai, kiti kambariai<\/title>\n<meta name=\"description\" content=\"\u201ePusry\u010diai pas Tifan\u012f\u201c \u2013 apysaka apie jaunos panel\u0117s pastangas susirasti keli\u0105 \u012f laim\u0119 XX a. vidurio \u012fsp\u016bdingame ir spindin\u010diame Niujorke. Hol\u0117 Golaitli \u2013\" \/>\n<meta name=\"robots\" content=\"index, follow, max-snippet:-1, max-image-preview:large, max-video-preview:-1\" \/>\n<link rel=\"canonical\" href=\"https:\/\/skaitytaknyga.lt\/en\/produktas\/pusryciai-pas-tifani-kiti-balsai-kiti-kambariai\/\" \/>\n<meta property=\"og:locale\" content=\"en_GB\" \/>\n<meta property=\"og:locale:alternate\" content=\"lt_LT\" \/>\n<meta property=\"og:type\" content=\"article\" \/>\n<meta property=\"og:title\" content=\"Pusry\u010diai pas Tifan\u012f. Kiti balsai, kiti kambariai\" \/>\n<meta property=\"og:description\" content=\"\u201ePusry\u010diai pas Tifan\u012f\u201c \u2013 apysaka apie jaunos panel\u0117s pastangas susirasti keli\u0105 \u012f laim\u0119 XX a. vidurio \u012fsp\u016bdingame ir spindin\u010diame Niujorke. Hol\u0117 Golaitli \u2013\" \/>\n<meta property=\"og:url\" content=\"https:\/\/skaitytaknyga.lt\/en\/produktas\/pusryciai-pas-tifani-kiti-balsai-kiti-kambariai\/\" \/>\n<meta property=\"og:site_name\" content=\"Skaitytaknyga\" \/>\n<meta property=\"article:publisher\" content=\"https:\/\/www.facebook.com\/skaitytaknyga\/\" \/>\n<meta property=\"article:modified_time\" content=\"2026-01-27T10:47:35+00:00\" \/>\n<meta property=\"og:image\" content=\"https:\/\/skaitytaknyga.lt\/wp-content\/uploads\/2026\/01\/Pusryciai-pas-Tifani.-Kiti-balsai-kiti-kambariai-1.webp\" \/>\n\t<meta property=\"og:image:width\" content=\"300\" \/>\n\t<meta property=\"og:image:height\" content=\"451\" \/>\n\t<meta property=\"og:image:type\" content=\"image\/webp\" \/>\n<meta name=\"twitter:card\" content=\"summary_large_image\" \/>\n<meta name=\"twitter:label1\" content=\"Estimated reading time\" \/>\n\t<meta name=\"twitter:data1\" content=\"1 minute\" \/>\n<script type=\"application\/ld+json\" class=\"yoast-schema-graph\">{\"@context\":\"https:\/\/schema.org\",\"@graph\":[{\"@type\":\"WebPage\",\"@id\":\"https:\/\/skaitytaknyga.lt\/produktas\/pusryciai-pas-tifani-kiti-balsai-kiti-kambariai\/\",\"url\":\"https:\/\/skaitytaknyga.lt\/produktas\/pusryciai-pas-tifani-kiti-balsai-kiti-kambariai\/\",\"name\":\"Pusry\u010diai pas Tifan\u012f. Kiti balsai, kiti kambariai\",\"isPartOf\":{\"@id\":\"https:\/\/skaitytaknyga.lt\/#website\"},\"primaryImageOfPage\":{\"@id\":\"https:\/\/skaitytaknyga.lt\/produktas\/pusryciai-pas-tifani-kiti-balsai-kiti-kambariai\/#primaryimage\"},\"image\":{\"@id\":\"https:\/\/skaitytaknyga.lt\/produktas\/pusryciai-pas-tifani-kiti-balsai-kiti-kambariai\/#primaryimage\"},\"thumbnailUrl\":\"https:\/\/skaitytaknyga.lt\/wp-content\/uploads\/2026\/01\/Pusryciai-pas-Tifani.-Kiti-balsai-kiti-kambariai-1.webp\",\"datePublished\":\"2026-01-09T18:06:27+00:00\",\"dateModified\":\"2026-01-27T10:47:35+00:00\",\"description\":\"\u201ePusry\u010diai pas Tifan\u012f\u201c \u2013 apysaka apie jaunos panel\u0117s pastangas susirasti keli\u0105 \u012f laim\u0119 XX a. vidurio \u012fsp\u016bdingame ir spindin\u010diame Niujorke. Hol\u0117 Golaitli \u2013\",\"breadcrumb\":{\"@id\":\"https:\/\/skaitytaknyga.lt\/produktas\/pusryciai-pas-tifani-kiti-balsai-kiti-kambariai\/#breadcrumb\"},\"inLanguage\":\"en-GB\",\"potentialAction\":[{\"@type\":\"ReadAction\",\"target\":[\"https:\/\/skaitytaknyga.lt\/produktas\/pusryciai-pas-tifani-kiti-balsai-kiti-kambariai\/\"]}]},{\"@type\":\"ImageObject\",\"inLanguage\":\"en-GB\",\"@id\":\"https:\/\/skaitytaknyga.lt\/produktas\/pusryciai-pas-tifani-kiti-balsai-kiti-kambariai\/#primaryimage\",\"url\":\"https:\/\/skaitytaknyga.lt\/wp-content\/uploads\/2026\/01\/Pusryciai-pas-Tifani.-Kiti-balsai-kiti-kambariai-1.webp\",\"contentUrl\":\"https:\/\/skaitytaknyga.lt\/wp-content\/uploads\/2026\/01\/Pusryciai-pas-Tifani.-Kiti-balsai-kiti-kambariai-1.webp\",\"width\":300,\"height\":451},{\"@type\":\"BreadcrumbList\",\"@id\":\"https:\/\/skaitytaknyga.lt\/produktas\/pusryciai-pas-tifani-kiti-balsai-kiti-kambariai\/#breadcrumb\",\"itemListElement\":[{\"@type\":\"ListItem\",\"position\":1,\"name\":\"Home\",\"item\":\"https:\/\/skaitytaknyga.lt\/\"},{\"@type\":\"ListItem\",\"position\":2,\"name\":\"Parduotuv\u0117\",\"item\":\"https:\/\/skaitytaknyga.lt\/knygu-parduotuve\/\"},{\"@type\":\"ListItem\",\"position\":3,\"name\":\"Pusry\u010diai pas Tifan\u012f. Kiti balsai, kiti kambariai\"}]},{\"@type\":\"WebSite\",\"@id\":\"https:\/\/skaitytaknyga.lt\/#website\",\"url\":\"https:\/\/skaitytaknyga.lt\/\",\"name\":\"skaitytaknyga.lt\",\"description\":\"Skaitytaknyga.lt \u2013 tai ma\u017eas \u0161eimos verslas, kuris prasid\u0117jo nuo meil\u0117s knygoms ir siekio i\u0161gelb\u0117ti knygas nuo likimo prie konteinerio. Kas vienam nereikalingas daiktas \u2013 kitam lobis, o mes esame tarpininkai, kurie padeda abiems tapti laimingesniems ???? \u017dinome kaip nelengva i\u0161gyventi ma\u017eiems verslams, tad nuo \u0161iol, \u010dia rasite ir kit\u0173, ma\u017e\u0173 \u0161eim\u0173 versl\u0173, rank\u0173 darbo, dovan\u0173 sau ir artimiesiems.\",\"publisher\":{\"@id\":\"https:\/\/skaitytaknyga.lt\/#organization\"},\"potentialAction\":[{\"@type\":\"SearchAction\",\"target\":{\"@type\":\"EntryPoint\",\"urlTemplate\":\"https:\/\/skaitytaknyga.lt\/?s={search_term_string}\"},\"query-input\":{\"@type\":\"PropertyValueSpecification\",\"valueRequired\":true,\"valueName\":\"search_term_string\"}}],\"inLanguage\":\"en-GB\"},{\"@type\":\"Organization\",\"@id\":\"https:\/\/skaitytaknyga.lt\/#organization\",\"name\":\"skaitytaknyga.lt\",\"url\":\"https:\/\/skaitytaknyga.lt\/\",\"logo\":{\"@type\":\"ImageObject\",\"inLanguage\":\"en-GB\",\"@id\":\"https:\/\/skaitytaknyga.lt\/#\/schema\/logo\/image\/\",\"url\":\"https:\/\/skaitytaknyga.lt\/wp-content\/uploads\/2024\/05\/cropped-cropped-cropped-02_00843_jt3bggkj1j3HLc7SyY6rEUpg.jpeg\",\"contentUrl\":\"https:\/\/skaitytaknyga.lt\/wp-content\/uploads\/2024\/05\/cropped-cropped-cropped-02_00843_jt3bggkj1j3HLc7SyY6rEUpg.jpeg\",\"width\":1600,\"height\":1600,\"caption\":\"skaitytaknyga.lt\"},\"image\":{\"@id\":\"https:\/\/skaitytaknyga.lt\/#\/schema\/logo\/image\/\"},\"sameAs\":[\"https:\/\/www.facebook.com\/skaitytaknyga\/\"]}]}<\/script>\n<!-- \/ Yoast SEO plugin. -->","yoast_head_json":{"title":"Pusry\u010diai pas Tifan\u012f. Kiti balsai, kiti kambariai","description":"\u201ePusry\u010diai pas Tifan\u012f\u201c \u2013 apysaka apie jaunos panel\u0117s pastangas susirasti keli\u0105 \u012f laim\u0119 XX a. vidurio \u012fsp\u016bdingame ir spindin\u010diame Niujorke. Hol\u0117 Golaitli \u2013","robots":{"index":"index","follow":"follow","max-snippet":"max-snippet:-1","max-image-preview":"max-image-preview:large","max-video-preview":"max-video-preview:-1"},"canonical":"https:\/\/skaitytaknyga.lt\/en\/produktas\/pusryciai-pas-tifani-kiti-balsai-kiti-kambariai\/","og_locale":"en_GB","og_type":"article","og_title":"[:lt]Pusry\u010diai pas Tifan\u012f. Kiti balsai, kiti kambariai[:] - Skaitytaknyga","og_description":"\u201ePusry\u010diai pas Tifan\u012f\u201c \u2013 apysaka apie jaunos panel\u0117s pastangas susirasti keli\u0105 \u012f laim\u0119 XX a. vidurio \u012fsp\u016bdingame ir spindin\u010diame Niujorke. Hol\u0117 Golaitli \u2013","og_url":"https:\/\/skaitytaknyga.lt\/en\/produktas\/pusryciai-pas-tifani-kiti-balsai-kiti-kambariai\/","og_site_name":"Skaitytaknyga","article_publisher":"https:\/\/www.facebook.com\/skaitytaknyga\/","article_modified_time":"2026-01-27T10:47:35+00:00","og_image":[{"width":300,"height":451,"url":"https:\/\/skaitytaknyga.lt\/wp-content\/uploads\/2026\/01\/Pusryciai-pas-Tifani.-Kiti-balsai-kiti-kambariai-1.webp","type":"image\/webp"}],"twitter_card":"summary_large_image","twitter_misc":{"Estimated reading time":"1 minute"},"schema":{"@context":"https:\/\/schema.org","@graph":[{"@type":"WebPage","@id":"https:\/\/skaitytaknyga.lt\/produktas\/pusryciai-pas-tifani-kiti-balsai-kiti-kambariai\/","url":"https:\/\/skaitytaknyga.lt\/produktas\/pusryciai-pas-tifani-kiti-balsai-kiti-kambariai\/","name":"Pusry\u010diai pas Tifan\u012f. Kiti balsai, kiti kambariai","isPartOf":{"@id":"https:\/\/skaitytaknyga.lt\/#website"},"primaryImageOfPage":{"@id":"https:\/\/skaitytaknyga.lt\/produktas\/pusryciai-pas-tifani-kiti-balsai-kiti-kambariai\/#primaryimage"},"image":{"@id":"https:\/\/skaitytaknyga.lt\/produktas\/pusryciai-pas-tifani-kiti-balsai-kiti-kambariai\/#primaryimage"},"thumbnailUrl":"https:\/\/skaitytaknyga.lt\/wp-content\/uploads\/2026\/01\/Pusryciai-pas-Tifani.-Kiti-balsai-kiti-kambariai-1.webp","datePublished":"2026-01-09T18:06:27+00:00","dateModified":"2026-01-27T10:47:35+00:00","description":"\u201ePusry\u010diai pas Tifan\u012f\u201c \u2013 apysaka apie jaunos panel\u0117s pastangas susirasti keli\u0105 \u012f laim\u0119 XX a. vidurio \u012fsp\u016bdingame ir spindin\u010diame Niujorke. Hol\u0117 Golaitli \u2013","breadcrumb":{"@id":"https:\/\/skaitytaknyga.lt\/produktas\/pusryciai-pas-tifani-kiti-balsai-kiti-kambariai\/#breadcrumb"},"inLanguage":"en-GB","potentialAction":[{"@type":"ReadAction","target":["https:\/\/skaitytaknyga.lt\/produktas\/pusryciai-pas-tifani-kiti-balsai-kiti-kambariai\/"]}]},{"@type":"ImageObject","inLanguage":"en-GB","@id":"https:\/\/skaitytaknyga.lt\/produktas\/pusryciai-pas-tifani-kiti-balsai-kiti-kambariai\/#primaryimage","url":"https:\/\/skaitytaknyga.lt\/wp-content\/uploads\/2026\/01\/Pusryciai-pas-Tifani.-Kiti-balsai-kiti-kambariai-1.webp","contentUrl":"https:\/\/skaitytaknyga.lt\/wp-content\/uploads\/2026\/01\/Pusryciai-pas-Tifani.-Kiti-balsai-kiti-kambariai-1.webp","width":300,"height":451},{"@type":"BreadcrumbList","@id":"https:\/\/skaitytaknyga.lt\/produktas\/pusryciai-pas-tifani-kiti-balsai-kiti-kambariai\/#breadcrumb","itemListElement":[{"@type":"ListItem","position":1,"name":"Home","item":"https:\/\/skaitytaknyga.lt\/"},{"@type":"ListItem","position":2,"name":"Parduotuv\u0117","item":"https:\/\/skaitytaknyga.lt\/knygu-parduotuve\/"},{"@type":"ListItem","position":3,"name":"Pusry\u010diai pas Tifan\u012f. Kiti balsai, kiti kambariai"}]},{"@type":"WebSite","@id":"https:\/\/skaitytaknyga.lt\/#website","url":"https:\/\/skaitytaknyga.lt\/","name":"skaitytaknyga.lt","description":"Skaitytaknyga.lt \u2013 tai ma\u017eas \u0161eimos verslas, kuris prasid\u0117jo nuo meil\u0117s knygoms ir siekio i\u0161gelb\u0117ti knygas nuo likimo prie konteinerio. Kas vienam nereikalingas daiktas \u2013 kitam lobis, o mes esame tarpininkai, kurie padeda abiems tapti laimingesniems ???? \u017dinome kaip nelengva i\u0161gyventi ma\u017eiems verslams, tad nuo \u0161iol, \u010dia rasite ir kit\u0173, ma\u017e\u0173 \u0161eim\u0173 versl\u0173, rank\u0173 darbo, dovan\u0173 sau ir artimiesiems.","publisher":{"@id":"https:\/\/skaitytaknyga.lt\/#organization"},"potentialAction":[{"@type":"SearchAction","target":{"@type":"EntryPoint","urlTemplate":"https:\/\/skaitytaknyga.lt\/?s={search_term_string}"},"query-input":{"@type":"PropertyValueSpecification","valueRequired":true,"valueName":"search_term_string"}}],"inLanguage":"en-GB"},{"@type":"Organization","@id":"https:\/\/skaitytaknyga.lt\/#organization","name":"skaitytaknyga.lt","url":"https:\/\/skaitytaknyga.lt\/","logo":{"@type":"ImageObject","inLanguage":"en-GB","@id":"https:\/\/skaitytaknyga.lt\/#\/schema\/logo\/image\/","url":"https:\/\/skaitytaknyga.lt\/wp-content\/uploads\/2024\/05\/cropped-cropped-cropped-02_00843_jt3bggkj1j3HLc7SyY6rEUpg.jpeg","contentUrl":"https:\/\/skaitytaknyga.lt\/wp-content\/uploads\/2024\/05\/cropped-cropped-cropped-02_00843_jt3bggkj1j3HLc7SyY6rEUpg.jpeg","width":1600,"height":1600,"caption":"skaitytaknyga.lt"},"image":{"@id":"https:\/\/skaitytaknyga.lt\/#\/schema\/logo\/image\/"},"sameAs":["https:\/\/www.facebook.com\/skaitytaknyga\/"]}]}},"_links":{"self":[{"href":"https:\/\/skaitytaknyga.lt\/en\/wp-json\/wp\/v2\/product\/22673","targetHints":{"allow":["GET"]}}],"collection":[{"href":"https:\/\/skaitytaknyga.lt\/en\/wp-json\/wp\/v2\/product"}],"about":[{"href":"https:\/\/skaitytaknyga.lt\/en\/wp-json\/wp\/v2\/types\/product"}],"replies":[{"embeddable":true,"href":"https:\/\/skaitytaknyga.lt\/en\/wp-json\/wp\/v2\/comments?post=22673"}],"wp:featuredmedia":[{"embeddable":true,"href":"https:\/\/skaitytaknyga.lt\/en\/wp-json\/wp\/v2\/media\/22693"}],"wp:attachment":[{"href":"https:\/\/skaitytaknyga.lt\/en\/wp-json\/wp\/v2\/media?parent=22673"}],"wp:term":[{"taxonomy":"product_brand","embeddable":true,"href":"https:\/\/skaitytaknyga.lt\/en\/wp-json\/wp\/v2\/product_brand?post=22673"},{"taxonomy":"product_cat","embeddable":true,"href":"https:\/\/skaitytaknyga.lt\/en\/wp-json\/wp\/v2\/product_cat?post=22673"},{"taxonomy":"product_tag","embeddable":true,"href":"https:\/\/skaitytaknyga.lt\/en\/wp-json\/wp\/v2\/product_tag?post=22673"}],"curies":[{"name":"wp","href":"https:\/\/api.w.org\/{rel}","templated":true}]}}