{"id":22671,"date":"2026-01-09T20:06:27","date_gmt":"2026-01-09T18:06:27","guid":{"rendered":"https:\/\/skaitytaknyga.lt\/?post_type=product&#038;p=22671"},"modified":"2026-03-05T13:54:02","modified_gmt":"2026-03-05T11:54:02","slug":"novecentas-monologas","status":"publish","type":"product","link":"https:\/\/skaitytaknyga.lt\/en\/produktas\/novecentas-monologas\/","title":{"rendered":"Nove\u010dentas. Monologas"},"content":{"rendered":"<p>Allesandro Baricco (Aleksandras Bariko, g. 1958 m.) \u2013 Lietuvos skaitytojams puikiai pa\u017e\u012fstamas \u0161iuolaikinis ital\u0173 ra\u0161ytojas. Lietuvi\u0173 kalba yra i\u0161leisti romanai: \u201e\u0160ilkas&#8221;, \u201eAistr\u0173 pilys&#8221;, \u201eJ\u016bra vandenynas&#8221;, \u201eCity&#8221;, \u201eBe kraujo&#8221;, \u201eToji istorija&#8221; es\u0117 \u201eNext. Ma\u017ea knygel\u0117 apie globalizacij\u0105 ir b\u016bsim\u0105j\u012f pasaul\u012f&#8221;.<\/p>\n<p>Ra\u0161ytojo knyga \u201eNove\u010dentas&#8221; \u2013 tai net ne romanas, o monologas para\u0161ytas aktoriui Eud\u017eenijui Alegriui ir re\u017eisieriui Gabrielei Va\u010dis, kurie pagal \u0161\u012f tekst\u0105 pastat\u0117 spektakl\u012f. Nieko steb\u0117tino, kad kiek v\u0117liau pagal \u0161\u012f tekst\u0105 re\u017eisierius Giuseppe Tornatore pastat\u0117 brangiausi\u0105 ital\u0173 kino istorijoje film\u0105 \u201eLegenda apie pianist\u0105 Vandenyne&#8221;.<\/p>\n<p>\u0160is pasakojimas apie genial\u0173 pianist\u0105 vis\u0105 savo gyvenim\u0105 praleidus\u012f laive.<\/p>\n<p>XX a. prad\u017eia, garlaivis Vird\u017einijietis, plaukiojantis mar\u0161rutu Europa &#8211; Amerika. Keleiviai &#8211; nuo milijardieri\u0173 iki varg\u0161\u0173 emigrant\u0173. Sako, kad laive kas vakar\u0105 pasirodydav\u0119s nepaprasto talento pianistas virtuozas, skambin\u0119s niekuomet anks\u010diau negird\u0117t\u0105 muzik\u0105. Sako, kad jo istorija beproti\u0161ka, kad jis gim\u0119s laive ir niekuomet nei\u0161lip\u0119s \u012f krant\u0105. Sako, kad niekas ne\u017einoj\u0119s kod\u0117l. O apie pasaul\u012f Denis Budmenas T. D. Lemonas Nove\u010dentas \u0161nipin\u0117j\u0119s keleivi\u0173 akyse ir sielose.<\/p>\n","protected":false},"excerpt":{"rendered":"<p>Allesandro Baricco (Aleksandras Bariko, g. 1958 m.) \u2013 Lietuvos skaitytojams puikiai pa\u017e\u012fstamas \u0161iuolaikinis ital\u0173 ra\u0161ytojas. Lietuvi\u0173 kalba yra i\u0161leisti romanai: \u201e\u0160ilkas&#8221;, \u201eAistr\u0173 pilys&#8221;, \u201eJ\u016bra vandenynas&#8221;, \u201eCity&#8221;, \u201eBe kraujo&#8221;, \u201eToji istorija&#8221; es\u0117 \u201eNext. Ma\u017ea knygel\u0117 apie globalizacij\u0105 ir b\u016bsim\u0105j\u012f pasaul\u012f&#8221;. Ra\u0161ytojo knyga \u201eNove\u010dentas&#8221; \u2013 tai net ne romanas, o monologas para\u0161ytas aktoriui Eud\u017eenijui Alegriui ir re\u017eisieriui Gabrielei Va\u010dis, kurie pagal \u0161\u012f tekst\u0105 pastat\u0117 spektakl\u012f. Nieko steb\u0117tino, kad kiek v\u0117liau pagal \u0161\u012f tekst\u0105 re\u017eisierius Giuseppe Tornatore pastat\u0117 brangiausi\u0105 ital\u0173 kino istorijoje film\u0105 \u201eLegenda apie pianist\u0105 Vandenyne&#8221;. \u0160is pasakojimas apie genial\u0173 pianist\u0105 vis\u0105 savo gyvenim\u0105 praleidus\u012f laive. XX a. prad\u017eia, garlaivis Vird\u017einijietis, plaukiojantis mar\u0161rutu Europa &#8211; Amerika. Keleiviai &#8211; nuo milijardieri\u0173 iki varg\u0161\u0173 emigrant\u0173. Sako, kad laive kas vakar\u0105 pasirodydav\u0119s nepaprasto talento pianistas virtuozas, skambin\u0119s niekuomet anks\u010diau negird\u0117t\u0105 muzik\u0105. Sako, kad jo istorija beproti\u0161ka, kad jis gim\u0119s laive ir niekuomet nei\u0161lip\u0119s \u012f krant\u0105. Sako, kad niekas ne\u017einoj\u0119s kod\u0117l. O apie pasaul\u012f Denis Budmenas T. D. Lemonas Nove\u010dentas \u0161nipin\u0117j\u0119s keleivi\u0173 akyse ir sielose.<\/p>\n","protected":false},"featured_media":22676,"comment_status":"open","ping_status":"closed","template":"","meta":{"_acf_changed":false,"site-sidebar-layout":"default","site-content-layout":"","ast-site-content-layout":"default","site-content-style":"default","site-sidebar-style":"default","ast-global-header-display":"","ast-banner-title-visibility":"","ast-main-header-display":"","ast-hfb-above-header-display":"","ast-hfb-below-header-display":"","ast-hfb-mobile-header-display":"","site-post-title":"","ast-breadcrumbs-content":"","ast-featured-img":"","footer-sml-layout":"","ast-disable-related-posts":"","theme-transparent-header-meta":"","adv-header-id-meta":"","stick-header-meta":"","header-above-stick-meta":"","header-main-stick-meta":"","header-below-stick-meta":"","astra-migrate-meta-layouts":"default","ast-page-background-enabled":"default","ast-page-background-meta":{"desktop":{"background-color":"","background-image":"","background-repeat":"repeat","background-position":"center center","background-size":"auto","background-attachment":"scroll","background-type":"","background-media":"","overlay-type":"","overlay-color":"","overlay-opacity":"","overlay-gradient":""},"tablet":{"background-color":"","background-image":"","background-repeat":"repeat","background-position":"center center","background-size":"auto","background-attachment":"scroll","background-type":"","background-media":"","overlay-type":"","overlay-color":"","overlay-opacity":"","overlay-gradient":""},"mobile":{"background-color":"","background-image":"","background-repeat":"repeat","background-position":"center center","background-size":"auto","background-attachment":"scroll","background-type":"","background-media":"","overlay-type":"","overlay-color":"","overlay-opacity":"","overlay-gradient":""}},"ast-content-background-meta":{"desktop":{"background-color":"var(--ast-global-color-4)","background-image":"","background-repeat":"repeat","background-position":"center center","background-size":"auto","background-attachment":"scroll","background-type":"","background-media":"","overlay-type":"","overlay-color":"","overlay-opacity":"","overlay-gradient":""},"tablet":{"background-color":"var(--ast-global-color-4)","background-image":"","background-repeat":"repeat","background-position":"center center","background-size":"auto","background-attachment":"scroll","background-type":"","background-media":"","overlay-type":"","overlay-color":"","overlay-opacity":"","overlay-gradient":""},"mobile":{"background-color":"var(--ast-global-color-4)","background-image":"","background-repeat":"repeat","background-position":"center center","background-size":"auto","background-attachment":"scroll","background-type":"","background-media":"","overlay-type":"","overlay-color":"","overlay-opacity":"","overlay-gradient":""}}},"product_brand":[],"product_cat":[15],"product_tag":[4971],"class_list":{"0":"post-22671","1":"product","2":"type-product","3":"status-publish","4":"has-post-thumbnail","6":"product_cat-uncategorized","7":"product_tag-alessandro-baricco","8":"desktop-align-left","9":"tablet-align-left","10":"mobile-align-left","12":"first","13":"instock","14":"shipping-taxable","15":"purchasable","16":"product-type-simple"},"acf":[],"yoast_head":"<!-- This site is optimized with the Yoast SEO plugin v27.0 - https:\/\/yoast.com\/product\/yoast-seo-wordpress\/ -->\n<title>Nove\u010dentas. Monologas<\/title>\n<meta name=\"description\" content=\"Allesandro Baricco (Aleksandras Bariko, g. 1958 m.) \u2013 Lietuvos skaitytojams puikiai pa\u017e\u012fstamas \u0161iuolaikinis ital\u0173 ra\u0161ytojas. Lietuvi\u0173 kalba yra i\u0161leisti\" \/>\n<meta name=\"robots\" content=\"index, follow, max-snippet:-1, max-image-preview:large, max-video-preview:-1\" \/>\n<link rel=\"canonical\" href=\"https:\/\/skaitytaknyga.lt\/en\/produktas\/novecentas-monologas\/\" \/>\n<meta property=\"og:locale\" content=\"en_GB\" \/>\n<meta property=\"og:locale:alternate\" content=\"lt_LT\" \/>\n<meta property=\"og:type\" content=\"article\" \/>\n<meta property=\"og:title\" content=\"Nove\u010dentas. Monologas\" \/>\n<meta property=\"og:description\" content=\"Allesandro Baricco (Aleksandras Bariko, g. 1958 m.) \u2013 Lietuvos skaitytojams puikiai pa\u017e\u012fstamas \u0161iuolaikinis ital\u0173 ra\u0161ytojas. Lietuvi\u0173 kalba yra i\u0161leisti\" \/>\n<meta property=\"og:url\" content=\"https:\/\/skaitytaknyga.lt\/en\/produktas\/novecentas-monologas\/\" \/>\n<meta property=\"og:site_name\" content=\"Skaitytaknyga\" \/>\n<meta property=\"article:publisher\" content=\"https:\/\/www.facebook.com\/skaitytaknyga\/\" \/>\n<meta property=\"article:modified_time\" content=\"2026-03-05T11:54:02+00:00\" \/>\n<meta property=\"og:image\" content=\"https:\/\/skaitytaknyga.lt\/wp-content\/uploads\/2026\/01\/Novecentas.-Monologas-1.webp\" \/>\n\t<meta property=\"og:image:width\" content=\"300\" \/>\n\t<meta property=\"og:image:height\" content=\"440\" \/>\n\t<meta property=\"og:image:type\" content=\"image\/webp\" \/>\n<meta name=\"twitter:card\" content=\"summary_large_image\" \/>\n<meta name=\"twitter:label1\" content=\"Estimated reading time\" \/>\n\t<meta name=\"twitter:data1\" content=\"1 minute\" \/>\n<script type=\"application\/ld+json\" class=\"yoast-schema-graph\">{\"@context\":\"https:\/\/schema.org\",\"@graph\":[{\"@type\":\"WebPage\",\"@id\":\"https:\/\/skaitytaknyga.lt\/produktas\/novecentas-monologas\/\",\"url\":\"https:\/\/skaitytaknyga.lt\/produktas\/novecentas-monologas\/\",\"name\":\"Nove\u010dentas. Monologas\",\"isPartOf\":{\"@id\":\"https:\/\/skaitytaknyga.lt\/#website\"},\"primaryImageOfPage\":{\"@id\":\"https:\/\/skaitytaknyga.lt\/produktas\/novecentas-monologas\/#primaryimage\"},\"image\":{\"@id\":\"https:\/\/skaitytaknyga.lt\/produktas\/novecentas-monologas\/#primaryimage\"},\"thumbnailUrl\":\"https:\/\/skaitytaknyga.lt\/wp-content\/uploads\/2026\/01\/Novecentas.-Monologas-1.webp\",\"datePublished\":\"2026-01-09T18:06:27+00:00\",\"dateModified\":\"2026-03-05T11:54:02+00:00\",\"description\":\"Allesandro Baricco (Aleksandras Bariko, g. 1958 m.) \u2013 Lietuvos skaitytojams puikiai pa\u017e\u012fstamas \u0161iuolaikinis ital\u0173 ra\u0161ytojas. Lietuvi\u0173 kalba yra i\u0161leisti\",\"breadcrumb\":{\"@id\":\"https:\/\/skaitytaknyga.lt\/produktas\/novecentas-monologas\/#breadcrumb\"},\"inLanguage\":\"en-GB\",\"potentialAction\":[{\"@type\":\"ReadAction\",\"target\":[\"https:\/\/skaitytaknyga.lt\/produktas\/novecentas-monologas\/\"]}]},{\"@type\":\"ImageObject\",\"inLanguage\":\"en-GB\",\"@id\":\"https:\/\/skaitytaknyga.lt\/produktas\/novecentas-monologas\/#primaryimage\",\"url\":\"https:\/\/skaitytaknyga.lt\/wp-content\/uploads\/2026\/01\/Novecentas.-Monologas-1.webp\",\"contentUrl\":\"https:\/\/skaitytaknyga.lt\/wp-content\/uploads\/2026\/01\/Novecentas.-Monologas-1.webp\",\"width\":300,\"height\":440},{\"@type\":\"BreadcrumbList\",\"@id\":\"https:\/\/skaitytaknyga.lt\/produktas\/novecentas-monologas\/#breadcrumb\",\"itemListElement\":[{\"@type\":\"ListItem\",\"position\":1,\"name\":\"Home\",\"item\":\"https:\/\/skaitytaknyga.lt\/\"},{\"@type\":\"ListItem\",\"position\":2,\"name\":\"Parduotuv\u0117\",\"item\":\"https:\/\/skaitytaknyga.lt\/knygu-parduotuve\/\"},{\"@type\":\"ListItem\",\"position\":3,\"name\":\"Nove\u010dentas. Monologas\"}]},{\"@type\":\"WebSite\",\"@id\":\"https:\/\/skaitytaknyga.lt\/#website\",\"url\":\"https:\/\/skaitytaknyga.lt\/\",\"name\":\"skaitytaknyga.lt\",\"description\":\"Skaitytaknyga.lt \u2013 tai ma\u017eas \u0161eimos verslas, kuris prasid\u0117jo nuo meil\u0117s knygoms ir siekio i\u0161gelb\u0117ti knygas nuo likimo prie konteinerio. Kas vienam nereikalingas daiktas \u2013 kitam lobis, o mes esame tarpininkai, kurie padeda abiems tapti laimingesniems ???? \u017dinome kaip nelengva i\u0161gyventi ma\u017eiems verslams, tad nuo \u0161iol, \u010dia rasite ir kit\u0173, ma\u017e\u0173 \u0161eim\u0173 versl\u0173, rank\u0173 darbo, dovan\u0173 sau ir artimiesiems.\",\"publisher\":{\"@id\":\"https:\/\/skaitytaknyga.lt\/#organization\"},\"potentialAction\":[{\"@type\":\"SearchAction\",\"target\":{\"@type\":\"EntryPoint\",\"urlTemplate\":\"https:\/\/skaitytaknyga.lt\/?s={search_term_string}\"},\"query-input\":{\"@type\":\"PropertyValueSpecification\",\"valueRequired\":true,\"valueName\":\"search_term_string\"}}],\"inLanguage\":\"en-GB\"},{\"@type\":\"Organization\",\"@id\":\"https:\/\/skaitytaknyga.lt\/#organization\",\"name\":\"skaitytaknyga.lt\",\"url\":\"https:\/\/skaitytaknyga.lt\/\",\"logo\":{\"@type\":\"ImageObject\",\"inLanguage\":\"en-GB\",\"@id\":\"https:\/\/skaitytaknyga.lt\/#\/schema\/logo\/image\/\",\"url\":\"https:\/\/skaitytaknyga.lt\/wp-content\/uploads\/2024\/05\/cropped-cropped-cropped-02_00843_jt3bggkj1j3HLc7SyY6rEUpg.jpeg\",\"contentUrl\":\"https:\/\/skaitytaknyga.lt\/wp-content\/uploads\/2024\/05\/cropped-cropped-cropped-02_00843_jt3bggkj1j3HLc7SyY6rEUpg.jpeg\",\"width\":1600,\"height\":1600,\"caption\":\"skaitytaknyga.lt\"},\"image\":{\"@id\":\"https:\/\/skaitytaknyga.lt\/#\/schema\/logo\/image\/\"},\"sameAs\":[\"https:\/\/www.facebook.com\/skaitytaknyga\/\"]}]}<\/script>\n<!-- \/ Yoast SEO plugin. -->","yoast_head_json":{"title":"Nove\u010dentas. Monologas","description":"Allesandro Baricco (Aleksandras Bariko, g. 1958 m.) \u2013 Lietuvos skaitytojams puikiai pa\u017e\u012fstamas \u0161iuolaikinis ital\u0173 ra\u0161ytojas. Lietuvi\u0173 kalba yra i\u0161leisti","robots":{"index":"index","follow":"follow","max-snippet":"max-snippet:-1","max-image-preview":"max-image-preview:large","max-video-preview":"max-video-preview:-1"},"canonical":"https:\/\/skaitytaknyga.lt\/en\/produktas\/novecentas-monologas\/","og_locale":"en_GB","og_type":"article","og_title":"[:lt]Nove\u010dentas. Monologas[:] - Skaitytaknyga","og_description":"Allesandro Baricco (Aleksandras Bariko, g. 1958 m.) \u2013 Lietuvos skaitytojams puikiai pa\u017e\u012fstamas \u0161iuolaikinis ital\u0173 ra\u0161ytojas. Lietuvi\u0173 kalba yra i\u0161leisti","og_url":"https:\/\/skaitytaknyga.lt\/en\/produktas\/novecentas-monologas\/","og_site_name":"Skaitytaknyga","article_publisher":"https:\/\/www.facebook.com\/skaitytaknyga\/","article_modified_time":"2026-03-05T11:54:02+00:00","og_image":[{"width":300,"height":440,"url":"https:\/\/skaitytaknyga.lt\/wp-content\/uploads\/2026\/01\/Novecentas.-Monologas-1.webp","type":"image\/webp"}],"twitter_card":"summary_large_image","twitter_misc":{"Estimated reading time":"1 minute"},"schema":{"@context":"https:\/\/schema.org","@graph":[{"@type":"WebPage","@id":"https:\/\/skaitytaknyga.lt\/produktas\/novecentas-monologas\/","url":"https:\/\/skaitytaknyga.lt\/produktas\/novecentas-monologas\/","name":"Nove\u010dentas. Monologas","isPartOf":{"@id":"https:\/\/skaitytaknyga.lt\/#website"},"primaryImageOfPage":{"@id":"https:\/\/skaitytaknyga.lt\/produktas\/novecentas-monologas\/#primaryimage"},"image":{"@id":"https:\/\/skaitytaknyga.lt\/produktas\/novecentas-monologas\/#primaryimage"},"thumbnailUrl":"https:\/\/skaitytaknyga.lt\/wp-content\/uploads\/2026\/01\/Novecentas.-Monologas-1.webp","datePublished":"2026-01-09T18:06:27+00:00","dateModified":"2026-03-05T11:54:02+00:00","description":"Allesandro Baricco (Aleksandras Bariko, g. 1958 m.) \u2013 Lietuvos skaitytojams puikiai pa\u017e\u012fstamas \u0161iuolaikinis ital\u0173 ra\u0161ytojas. Lietuvi\u0173 kalba yra i\u0161leisti","breadcrumb":{"@id":"https:\/\/skaitytaknyga.lt\/produktas\/novecentas-monologas\/#breadcrumb"},"inLanguage":"en-GB","potentialAction":[{"@type":"ReadAction","target":["https:\/\/skaitytaknyga.lt\/produktas\/novecentas-monologas\/"]}]},{"@type":"ImageObject","inLanguage":"en-GB","@id":"https:\/\/skaitytaknyga.lt\/produktas\/novecentas-monologas\/#primaryimage","url":"https:\/\/skaitytaknyga.lt\/wp-content\/uploads\/2026\/01\/Novecentas.-Monologas-1.webp","contentUrl":"https:\/\/skaitytaknyga.lt\/wp-content\/uploads\/2026\/01\/Novecentas.-Monologas-1.webp","width":300,"height":440},{"@type":"BreadcrumbList","@id":"https:\/\/skaitytaknyga.lt\/produktas\/novecentas-monologas\/#breadcrumb","itemListElement":[{"@type":"ListItem","position":1,"name":"Home","item":"https:\/\/skaitytaknyga.lt\/"},{"@type":"ListItem","position":2,"name":"Parduotuv\u0117","item":"https:\/\/skaitytaknyga.lt\/knygu-parduotuve\/"},{"@type":"ListItem","position":3,"name":"Nove\u010dentas. Monologas"}]},{"@type":"WebSite","@id":"https:\/\/skaitytaknyga.lt\/#website","url":"https:\/\/skaitytaknyga.lt\/","name":"skaitytaknyga.lt","description":"Skaitytaknyga.lt \u2013 tai ma\u017eas \u0161eimos verslas, kuris prasid\u0117jo nuo meil\u0117s knygoms ir siekio i\u0161gelb\u0117ti knygas nuo likimo prie konteinerio. Kas vienam nereikalingas daiktas \u2013 kitam lobis, o mes esame tarpininkai, kurie padeda abiems tapti laimingesniems ???? \u017dinome kaip nelengva i\u0161gyventi ma\u017eiems verslams, tad nuo \u0161iol, \u010dia rasite ir kit\u0173, ma\u017e\u0173 \u0161eim\u0173 versl\u0173, rank\u0173 darbo, dovan\u0173 sau ir artimiesiems.","publisher":{"@id":"https:\/\/skaitytaknyga.lt\/#organization"},"potentialAction":[{"@type":"SearchAction","target":{"@type":"EntryPoint","urlTemplate":"https:\/\/skaitytaknyga.lt\/?s={search_term_string}"},"query-input":{"@type":"PropertyValueSpecification","valueRequired":true,"valueName":"search_term_string"}}],"inLanguage":"en-GB"},{"@type":"Organization","@id":"https:\/\/skaitytaknyga.lt\/#organization","name":"skaitytaknyga.lt","url":"https:\/\/skaitytaknyga.lt\/","logo":{"@type":"ImageObject","inLanguage":"en-GB","@id":"https:\/\/skaitytaknyga.lt\/#\/schema\/logo\/image\/","url":"https:\/\/skaitytaknyga.lt\/wp-content\/uploads\/2024\/05\/cropped-cropped-cropped-02_00843_jt3bggkj1j3HLc7SyY6rEUpg.jpeg","contentUrl":"https:\/\/skaitytaknyga.lt\/wp-content\/uploads\/2024\/05\/cropped-cropped-cropped-02_00843_jt3bggkj1j3HLc7SyY6rEUpg.jpeg","width":1600,"height":1600,"caption":"skaitytaknyga.lt"},"image":{"@id":"https:\/\/skaitytaknyga.lt\/#\/schema\/logo\/image\/"},"sameAs":["https:\/\/www.facebook.com\/skaitytaknyga\/"]}]}},"_links":{"self":[{"href":"https:\/\/skaitytaknyga.lt\/en\/wp-json\/wp\/v2\/product\/22671","targetHints":{"allow":["GET"]}}],"collection":[{"href":"https:\/\/skaitytaknyga.lt\/en\/wp-json\/wp\/v2\/product"}],"about":[{"href":"https:\/\/skaitytaknyga.lt\/en\/wp-json\/wp\/v2\/types\/product"}],"replies":[{"embeddable":true,"href":"https:\/\/skaitytaknyga.lt\/en\/wp-json\/wp\/v2\/comments?post=22671"}],"wp:featuredmedia":[{"embeddable":true,"href":"https:\/\/skaitytaknyga.lt\/en\/wp-json\/wp\/v2\/media\/22676"}],"wp:attachment":[{"href":"https:\/\/skaitytaknyga.lt\/en\/wp-json\/wp\/v2\/media?parent=22671"}],"wp:term":[{"taxonomy":"product_brand","embeddable":true,"href":"https:\/\/skaitytaknyga.lt\/en\/wp-json\/wp\/v2\/product_brand?post=22671"},{"taxonomy":"product_cat","embeddable":true,"href":"https:\/\/skaitytaknyga.lt\/en\/wp-json\/wp\/v2\/product_cat?post=22671"},{"taxonomy":"product_tag","embeddable":true,"href":"https:\/\/skaitytaknyga.lt\/en\/wp-json\/wp\/v2\/product_tag?post=22671"}],"curies":[{"name":"wp","href":"https:\/\/api.w.org\/{rel}","templated":true}]}}