{"id":22665,"date":"2026-01-09T19:17:22","date_gmt":"2026-01-09T17:17:22","guid":{"rendered":"https:\/\/skaitytaknyga.lt\/?post_type=product&#038;p=22665"},"modified":"2026-01-09T20:07:10","modified_gmt":"2026-01-09T18:07:10","slug":"vagis-is-drezdeno","status":"publish","type":"product","link":"https:\/\/skaitytaknyga.lt\/en\/produktas\/vagis-is-drezdeno\/","title":{"rendered":"Vagis i\u0161 Drezdeno"},"content":{"rendered":"<p>Tai istorinis kriminalinis romanas. Sutriu\u0161kintas Rusijoje Napoleonas 1813 metais patraukia \u012f Drezdeno apylinkes ir ten vadovauja paskutiniams savo m\u016b\u0161iams. Pasitelk\u0119 slapt\u0105j\u0105 diplomatij\u0105 jo prie\u0161ininkai siekia paskirstyti vald\u017ei\u0105. \u0160ioje keblioje situacijoje r\u016bm\u0173 patar\u0117jas fon Blokas, \u017dymiosos \u017dali\u0173j\u0173 skliat\u0173 meno k\u016brini\u0173 kolekcijos direktorius, atsiduria valdan\u010di\u0173j\u0173 politik\u0173 pinkl\u0117se. Nu\u017eud\u017eius Bloko pavaduotoj\u0105, visi \u012ftarimai d\u0117l \u017emog\u017eudyst\u0117s krenta jam. R\u016bm\u0173 patar\u0117jas n\u0117ra \u017eudikas, ta\u010diau jis saugo stulbinam\u0105 paslapt\u012f. Kad neatskleist\u0173 savo dvilypio gyvenimo, jis nutaria teikti infomacij\u0105 pr\u016bsams.Su\u0117mus Blok\u0105, jo paaugl\u0119 dukter\u012f Arian\u0105 apima siaubas, ji tvirtai pasiry\u017eta \u012frodyti t\u0117vo nekaltum\u0105 ir, padedama fortepijono mokytojo E. T. A. Hofmano, imasi tyrimo. Bet juo daugiau jiedu su\u017eino, juo labiau ai\u0161k\u0117ja, kad Blokas n\u0117ra jau toks nekaltas.<\/p>\n","protected":false},"excerpt":{"rendered":"<p>Tai istorinis kriminalinis romanas. Sutriu\u0161kintas Rusijoje Napoleonas 1813 metais patraukia \u012f Drezdeno apylinkes ir ten vadovauja paskutiniams savo m\u016b\u0161iams. Pasitelk\u0119 slapt\u0105j\u0105 diplomatij\u0105 jo prie\u0161ininkai siekia paskirstyti vald\u017ei\u0105. \u0160ioje keblioje situacijoje r\u016bm\u0173 patar\u0117jas fon Blokas, \u017dymiosos \u017dali\u0173j\u0173 skliat\u0173 meno k\u016brini\u0173 kolekcijos direktorius, atsiduria valdan\u010di\u0173j\u0173 politik\u0173 pinkl\u0117se. Nu\u017eud\u017eius Bloko pavaduotoj\u0105, visi \u012ftarimai d\u0117l \u017emog\u017eudyst\u0117s krenta jam. R\u016bm\u0173 patar\u0117jas n\u0117ra \u017eudikas, ta\u010diau jis saugo stulbinam\u0105 paslapt\u012f. Kad neatskleist\u0173 savo dvilypio gyvenimo, jis nutaria teikti infomacij\u0105 pr\u016bsams.Su\u0117mus Blok\u0105, jo paaugl\u0119 dukter\u012f Arian\u0105 apima siaubas, ji tvirtai pasiry\u017eta \u012frodyti t\u0117vo nekaltum\u0105 ir, padedama fortepijono mokytojo E. T. A. Hofmano, imasi tyrimo. Bet juo daugiau jiedu su\u017eino, juo labiau ai\u0161k\u0117ja, kad Blokas n\u0117ra jau toks nekaltas.<\/p>\n","protected":false},"featured_media":22670,"comment_status":"open","ping_status":"closed","template":"","meta":{"_acf_changed":false,"site-sidebar-layout":"default","site-content-layout":"","ast-site-content-layout":"default","site-content-style":"default","site-sidebar-style":"default","ast-global-header-display":"","ast-banner-title-visibility":"","ast-main-header-display":"","ast-hfb-above-header-display":"","ast-hfb-below-header-display":"","ast-hfb-mobile-header-display":"","site-post-title":"","ast-breadcrumbs-content":"","ast-featured-img":"","footer-sml-layout":"","ast-disable-related-posts":"","theme-transparent-header-meta":"","adv-header-id-meta":"","stick-header-meta":"","header-above-stick-meta":"","header-main-stick-meta":"","header-below-stick-meta":"","astra-migrate-meta-layouts":"default","ast-page-background-enabled":"default","ast-page-background-meta":{"desktop":{"background-color":"","background-image":"","background-repeat":"repeat","background-position":"center center","background-size":"auto","background-attachment":"scroll","background-type":"","background-media":"","overlay-type":"","overlay-color":"","overlay-opacity":"","overlay-gradient":""},"tablet":{"background-color":"","background-image":"","background-repeat":"repeat","background-position":"center center","background-size":"auto","background-attachment":"scroll","background-type":"","background-media":"","overlay-type":"","overlay-color":"","overlay-opacity":"","overlay-gradient":""},"mobile":{"background-color":"","background-image":"","background-repeat":"repeat","background-position":"center center","background-size":"auto","background-attachment":"scroll","background-type":"","background-media":"","overlay-type":"","overlay-color":"","overlay-opacity":"","overlay-gradient":""}},"ast-content-background-meta":{"desktop":{"background-color":"var(--ast-global-color-4)","background-image":"","background-repeat":"repeat","background-position":"center center","background-size":"auto","background-attachment":"scroll","background-type":"","background-media":"","overlay-type":"","overlay-color":"","overlay-opacity":"","overlay-gradient":""},"tablet":{"background-color":"var(--ast-global-color-4)","background-image":"","background-repeat":"repeat","background-position":"center center","background-size":"auto","background-attachment":"scroll","background-type":"","background-media":"","overlay-type":"","overlay-color":"","overlay-opacity":"","overlay-gradient":""},"mobile":{"background-color":"var(--ast-global-color-4)","background-image":"","background-repeat":"repeat","background-position":"center center","background-size":"auto","background-attachment":"scroll","background-type":"","background-media":"","overlay-type":"","overlay-color":"","overlay-opacity":"","overlay-gradient":""}}},"product_brand":[],"product_cat":[31],"product_tag":[],"class_list":{"0":"post-22665","1":"product","2":"type-product","3":"status-publish","4":"has-post-thumbnail","6":"product_cat-grozine-literatura","7":"desktop-align-left","8":"tablet-align-left","9":"mobile-align-left","11":"first","12":"instock","13":"shipping-taxable","14":"purchasable","15":"product-type-simple"},"acf":[],"yoast_head":"<!-- This site is optimized with the Yoast SEO plugin v27.0 - https:\/\/yoast.com\/product\/yoast-seo-wordpress\/ -->\n<title>Vagis i\u0161 Drezdeno<\/title>\n<meta name=\"description\" content=\"Tai istorinis kriminalinis romanas. Sutriu\u0161kintas Rusijoje Napoleonas 1813 metais patraukia \u012f Drezdeno apylinkes ir ten vadovauja paskutiniams savo\" \/>\n<meta name=\"robots\" content=\"index, follow, max-snippet:-1, max-image-preview:large, max-video-preview:-1\" \/>\n<link rel=\"canonical\" href=\"https:\/\/skaitytaknyga.lt\/en\/produktas\/vagis-is-drezdeno\/\" \/>\n<meta property=\"og:locale\" content=\"en_GB\" \/>\n<meta property=\"og:locale:alternate\" content=\"lt_LT\" \/>\n<meta property=\"og:type\" content=\"article\" \/>\n<meta property=\"og:title\" content=\"Vagis i\u0161 Drezdeno\" \/>\n<meta property=\"og:description\" content=\"Tai istorinis kriminalinis romanas. Sutriu\u0161kintas Rusijoje Napoleonas 1813 metais patraukia \u012f Drezdeno apylinkes ir ten vadovauja paskutiniams savo\" \/>\n<meta property=\"og:url\" content=\"https:\/\/skaitytaknyga.lt\/en\/produktas\/vagis-is-drezdeno\/\" \/>\n<meta property=\"og:site_name\" content=\"Skaitytaknyga\" \/>\n<meta property=\"article:publisher\" content=\"https:\/\/www.facebook.com\/skaitytaknyga\/\" \/>\n<meta property=\"article:modified_time\" content=\"2026-01-09T18:07:10+00:00\" \/>\n<meta property=\"og:image\" content=\"https:\/\/skaitytaknyga.lt\/wp-content\/uploads\/2026\/01\/Vagis-is-Drezdeno.webp\" \/>\n\t<meta property=\"og:image:width\" content=\"360\" \/>\n\t<meta property=\"og:image:height\" content=\"575\" \/>\n\t<meta property=\"og:image:type\" content=\"image\/webp\" \/>\n<meta name=\"twitter:card\" content=\"summary_large_image\" \/>\n<meta name=\"twitter:label1\" content=\"Estimated reading time\" \/>\n\t<meta name=\"twitter:data1\" content=\"1 minute\" \/>\n<script type=\"application\/ld+json\" class=\"yoast-schema-graph\">{\"@context\":\"https:\/\/schema.org\",\"@graph\":[{\"@type\":\"WebPage\",\"@id\":\"https:\/\/skaitytaknyga.lt\/produktas\/vagis-is-drezdeno\/\",\"url\":\"https:\/\/skaitytaknyga.lt\/produktas\/vagis-is-drezdeno\/\",\"name\":\"Vagis i\u0161 Drezdeno\",\"isPartOf\":{\"@id\":\"https:\/\/skaitytaknyga.lt\/#website\"},\"primaryImageOfPage\":{\"@id\":\"https:\/\/skaitytaknyga.lt\/produktas\/vagis-is-drezdeno\/#primaryimage\"},\"image\":{\"@id\":\"https:\/\/skaitytaknyga.lt\/produktas\/vagis-is-drezdeno\/#primaryimage\"},\"thumbnailUrl\":\"https:\/\/skaitytaknyga.lt\/wp-content\/uploads\/2026\/01\/Vagis-is-Drezdeno.webp\",\"datePublished\":\"2026-01-09T17:17:22+00:00\",\"dateModified\":\"2026-01-09T18:07:10+00:00\",\"description\":\"Tai istorinis kriminalinis romanas. Sutriu\u0161kintas Rusijoje Napoleonas 1813 metais patraukia \u012f Drezdeno apylinkes ir ten vadovauja paskutiniams savo\",\"breadcrumb\":{\"@id\":\"https:\/\/skaitytaknyga.lt\/produktas\/vagis-is-drezdeno\/#breadcrumb\"},\"inLanguage\":\"en-GB\",\"potentialAction\":[{\"@type\":\"ReadAction\",\"target\":[\"https:\/\/skaitytaknyga.lt\/produktas\/vagis-is-drezdeno\/\"]}]},{\"@type\":\"ImageObject\",\"inLanguage\":\"en-GB\",\"@id\":\"https:\/\/skaitytaknyga.lt\/produktas\/vagis-is-drezdeno\/#primaryimage\",\"url\":\"https:\/\/skaitytaknyga.lt\/wp-content\/uploads\/2026\/01\/Vagis-is-Drezdeno.webp\",\"contentUrl\":\"https:\/\/skaitytaknyga.lt\/wp-content\/uploads\/2026\/01\/Vagis-is-Drezdeno.webp\",\"width\":360,\"height\":575},{\"@type\":\"BreadcrumbList\",\"@id\":\"https:\/\/skaitytaknyga.lt\/produktas\/vagis-is-drezdeno\/#breadcrumb\",\"itemListElement\":[{\"@type\":\"ListItem\",\"position\":1,\"name\":\"Home\",\"item\":\"https:\/\/skaitytaknyga.lt\/\"},{\"@type\":\"ListItem\",\"position\":2,\"name\":\"Parduotuv\u0117\",\"item\":\"https:\/\/skaitytaknyga.lt\/knygu-parduotuve\/\"},{\"@type\":\"ListItem\",\"position\":3,\"name\":\"Vagis i\u0161 Drezdeno\"}]},{\"@type\":\"WebSite\",\"@id\":\"https:\/\/skaitytaknyga.lt\/#website\",\"url\":\"https:\/\/skaitytaknyga.lt\/\",\"name\":\"skaitytaknyga.lt\",\"description\":\"Skaitytaknyga.lt \u2013 tai ma\u017eas \u0161eimos verslas, kuris prasid\u0117jo nuo meil\u0117s knygoms ir siekio i\u0161gelb\u0117ti knygas nuo likimo prie konteinerio. Kas vienam nereikalingas daiktas \u2013 kitam lobis, o mes esame tarpininkai, kurie padeda abiems tapti laimingesniems ???? \u017dinome kaip nelengva i\u0161gyventi ma\u017eiems verslams, tad nuo \u0161iol, \u010dia rasite ir kit\u0173, ma\u017e\u0173 \u0161eim\u0173 versl\u0173, rank\u0173 darbo, dovan\u0173 sau ir artimiesiems.\",\"publisher\":{\"@id\":\"https:\/\/skaitytaknyga.lt\/#organization\"},\"potentialAction\":[{\"@type\":\"SearchAction\",\"target\":{\"@type\":\"EntryPoint\",\"urlTemplate\":\"https:\/\/skaitytaknyga.lt\/?s={search_term_string}\"},\"query-input\":{\"@type\":\"PropertyValueSpecification\",\"valueRequired\":true,\"valueName\":\"search_term_string\"}}],\"inLanguage\":\"en-GB\"},{\"@type\":\"Organization\",\"@id\":\"https:\/\/skaitytaknyga.lt\/#organization\",\"name\":\"skaitytaknyga.lt\",\"url\":\"https:\/\/skaitytaknyga.lt\/\",\"logo\":{\"@type\":\"ImageObject\",\"inLanguage\":\"en-GB\",\"@id\":\"https:\/\/skaitytaknyga.lt\/#\/schema\/logo\/image\/\",\"url\":\"https:\/\/skaitytaknyga.lt\/wp-content\/uploads\/2024\/05\/cropped-cropped-cropped-02_00843_jt3bggkj1j3HLc7SyY6rEUpg.jpeg\",\"contentUrl\":\"https:\/\/skaitytaknyga.lt\/wp-content\/uploads\/2024\/05\/cropped-cropped-cropped-02_00843_jt3bggkj1j3HLc7SyY6rEUpg.jpeg\",\"width\":1600,\"height\":1600,\"caption\":\"skaitytaknyga.lt\"},\"image\":{\"@id\":\"https:\/\/skaitytaknyga.lt\/#\/schema\/logo\/image\/\"},\"sameAs\":[\"https:\/\/www.facebook.com\/skaitytaknyga\/\"]}]}<\/script>\n<!-- \/ Yoast SEO plugin. -->","yoast_head_json":{"title":"Vagis i\u0161 Drezdeno","description":"Tai istorinis kriminalinis romanas. Sutriu\u0161kintas Rusijoje Napoleonas 1813 metais patraukia \u012f Drezdeno apylinkes ir ten vadovauja paskutiniams savo","robots":{"index":"index","follow":"follow","max-snippet":"max-snippet:-1","max-image-preview":"max-image-preview:large","max-video-preview":"max-video-preview:-1"},"canonical":"https:\/\/skaitytaknyga.lt\/en\/produktas\/vagis-is-drezdeno\/","og_locale":"en_GB","og_type":"article","og_title":"[:lt]Vagis i\u0161 Drezdeno[:] - Skaitytaknyga","og_description":"Tai istorinis kriminalinis romanas. Sutriu\u0161kintas Rusijoje Napoleonas 1813 metais patraukia \u012f Drezdeno apylinkes ir ten vadovauja paskutiniams savo","og_url":"https:\/\/skaitytaknyga.lt\/en\/produktas\/vagis-is-drezdeno\/","og_site_name":"Skaitytaknyga","article_publisher":"https:\/\/www.facebook.com\/skaitytaknyga\/","article_modified_time":"2026-01-09T18:07:10+00:00","og_image":[{"width":360,"height":575,"url":"https:\/\/skaitytaknyga.lt\/wp-content\/uploads\/2026\/01\/Vagis-is-Drezdeno.webp","type":"image\/webp"}],"twitter_card":"summary_large_image","twitter_misc":{"Estimated reading time":"1 minute"},"schema":{"@context":"https:\/\/schema.org","@graph":[{"@type":"WebPage","@id":"https:\/\/skaitytaknyga.lt\/produktas\/vagis-is-drezdeno\/","url":"https:\/\/skaitytaknyga.lt\/produktas\/vagis-is-drezdeno\/","name":"Vagis i\u0161 Drezdeno","isPartOf":{"@id":"https:\/\/skaitytaknyga.lt\/#website"},"primaryImageOfPage":{"@id":"https:\/\/skaitytaknyga.lt\/produktas\/vagis-is-drezdeno\/#primaryimage"},"image":{"@id":"https:\/\/skaitytaknyga.lt\/produktas\/vagis-is-drezdeno\/#primaryimage"},"thumbnailUrl":"https:\/\/skaitytaknyga.lt\/wp-content\/uploads\/2026\/01\/Vagis-is-Drezdeno.webp","datePublished":"2026-01-09T17:17:22+00:00","dateModified":"2026-01-09T18:07:10+00:00","description":"Tai istorinis kriminalinis romanas. Sutriu\u0161kintas Rusijoje Napoleonas 1813 metais patraukia \u012f Drezdeno apylinkes ir ten vadovauja paskutiniams savo","breadcrumb":{"@id":"https:\/\/skaitytaknyga.lt\/produktas\/vagis-is-drezdeno\/#breadcrumb"},"inLanguage":"en-GB","potentialAction":[{"@type":"ReadAction","target":["https:\/\/skaitytaknyga.lt\/produktas\/vagis-is-drezdeno\/"]}]},{"@type":"ImageObject","inLanguage":"en-GB","@id":"https:\/\/skaitytaknyga.lt\/produktas\/vagis-is-drezdeno\/#primaryimage","url":"https:\/\/skaitytaknyga.lt\/wp-content\/uploads\/2026\/01\/Vagis-is-Drezdeno.webp","contentUrl":"https:\/\/skaitytaknyga.lt\/wp-content\/uploads\/2026\/01\/Vagis-is-Drezdeno.webp","width":360,"height":575},{"@type":"BreadcrumbList","@id":"https:\/\/skaitytaknyga.lt\/produktas\/vagis-is-drezdeno\/#breadcrumb","itemListElement":[{"@type":"ListItem","position":1,"name":"Home","item":"https:\/\/skaitytaknyga.lt\/"},{"@type":"ListItem","position":2,"name":"Parduotuv\u0117","item":"https:\/\/skaitytaknyga.lt\/knygu-parduotuve\/"},{"@type":"ListItem","position":3,"name":"Vagis i\u0161 Drezdeno"}]},{"@type":"WebSite","@id":"https:\/\/skaitytaknyga.lt\/#website","url":"https:\/\/skaitytaknyga.lt\/","name":"skaitytaknyga.lt","description":"Skaitytaknyga.lt \u2013 tai ma\u017eas \u0161eimos verslas, kuris prasid\u0117jo nuo meil\u0117s knygoms ir siekio i\u0161gelb\u0117ti knygas nuo likimo prie konteinerio. Kas vienam nereikalingas daiktas \u2013 kitam lobis, o mes esame tarpininkai, kurie padeda abiems tapti laimingesniems ???? \u017dinome kaip nelengva i\u0161gyventi ma\u017eiems verslams, tad nuo \u0161iol, \u010dia rasite ir kit\u0173, ma\u017e\u0173 \u0161eim\u0173 versl\u0173, rank\u0173 darbo, dovan\u0173 sau ir artimiesiems.","publisher":{"@id":"https:\/\/skaitytaknyga.lt\/#organization"},"potentialAction":[{"@type":"SearchAction","target":{"@type":"EntryPoint","urlTemplate":"https:\/\/skaitytaknyga.lt\/?s={search_term_string}"},"query-input":{"@type":"PropertyValueSpecification","valueRequired":true,"valueName":"search_term_string"}}],"inLanguage":"en-GB"},{"@type":"Organization","@id":"https:\/\/skaitytaknyga.lt\/#organization","name":"skaitytaknyga.lt","url":"https:\/\/skaitytaknyga.lt\/","logo":{"@type":"ImageObject","inLanguage":"en-GB","@id":"https:\/\/skaitytaknyga.lt\/#\/schema\/logo\/image\/","url":"https:\/\/skaitytaknyga.lt\/wp-content\/uploads\/2024\/05\/cropped-cropped-cropped-02_00843_jt3bggkj1j3HLc7SyY6rEUpg.jpeg","contentUrl":"https:\/\/skaitytaknyga.lt\/wp-content\/uploads\/2024\/05\/cropped-cropped-cropped-02_00843_jt3bggkj1j3HLc7SyY6rEUpg.jpeg","width":1600,"height":1600,"caption":"skaitytaknyga.lt"},"image":{"@id":"https:\/\/skaitytaknyga.lt\/#\/schema\/logo\/image\/"},"sameAs":["https:\/\/www.facebook.com\/skaitytaknyga\/"]}]}},"_links":{"self":[{"href":"https:\/\/skaitytaknyga.lt\/en\/wp-json\/wp\/v2\/product\/22665","targetHints":{"allow":["GET"]}}],"collection":[{"href":"https:\/\/skaitytaknyga.lt\/en\/wp-json\/wp\/v2\/product"}],"about":[{"href":"https:\/\/skaitytaknyga.lt\/en\/wp-json\/wp\/v2\/types\/product"}],"replies":[{"embeddable":true,"href":"https:\/\/skaitytaknyga.lt\/en\/wp-json\/wp\/v2\/comments?post=22665"}],"wp:featuredmedia":[{"embeddable":true,"href":"https:\/\/skaitytaknyga.lt\/en\/wp-json\/wp\/v2\/media\/22670"}],"wp:attachment":[{"href":"https:\/\/skaitytaknyga.lt\/en\/wp-json\/wp\/v2\/media?parent=22665"}],"wp:term":[{"taxonomy":"product_brand","embeddable":true,"href":"https:\/\/skaitytaknyga.lt\/en\/wp-json\/wp\/v2\/product_brand?post=22665"},{"taxonomy":"product_cat","embeddable":true,"href":"https:\/\/skaitytaknyga.lt\/en\/wp-json\/wp\/v2\/product_cat?post=22665"},{"taxonomy":"product_tag","embeddable":true,"href":"https:\/\/skaitytaknyga.lt\/en\/wp-json\/wp\/v2\/product_tag?post=22665"}],"curies":[{"name":"wp","href":"https:\/\/api.w.org\/{rel}","templated":true}]}}