{"id":22664,"date":"2026-01-09T19:17:21","date_gmt":"2026-01-09T17:17:21","guid":{"rendered":"https:\/\/skaitytaknyga.lt\/?post_type=product&#038;p=22664"},"modified":"2026-02-26T10:05:55","modified_gmt":"2026-02-26T08:05:55","slug":"tikslas-ii-sekme-priklauso-ne-nuo-laimes","status":"publish","type":"product","link":"https:\/\/skaitytaknyga.lt\/en\/produktas\/tikslas-ii-sekme-priklauso-ne-nuo-laimes\/","title":{"rendered":"TIKSLAS II . S\u0117km\u0117 priklauso ne nuo laim\u0117s"},"content":{"rendered":"<p>Tai romano formoje pateikta rinkos problem\u0173 analiz\u0117 ir realiai \u012fgyvendinti ir \u012fgyvendinami marketingo sprendimai.<br \/>\n&#8230;art\u0117jo XXI am\u017eius ir klientai dar\u0117si dar i\u0161rankesni, konkurencija dar \u017eiauresn\u0117. Kas dabar gali u\u017etikrinti konkurencin\u012f prana\u0161um\u0105? Kaip konkuruoti rinkoje, kurioje kritusios kainos, pasirinkimas didelis, o kokyb\u0117 ir pristatymo terminai pana\u0161\u016bs? Atsakymu gali b\u016bti &#8211; \u012f Partneryst\u0119 orientuotas pardavimo b\u016bdas. Pagrindinis \u0161io po\u017ei\u016brio credo yra: dirbdami drauge su Jumis pasieksime J\u016bs\u0173 verslo tikslus.<br \/>\n\u0160ioje knygoje rasite pasakojim\u0105, kaip to galima pasiekti. Ar da\u017enas i\u0161 m\u016bs\u0173 verslinink\u0173 gali pasigirti savaisiais pardavimo vadybininkais, i\u0161manan\u010diais klient\u0173 problemas, \u017einan\u010diais j\u0173 verslo s\u0117km\u0117s faktorius, j\u0173 gaunam\u0105 ekonomin\u0119 naud\u0105 i\u0161 m\u016bs\u0173 pasi\u016blym\u0173? Ar da\u017enas i\u0161 m\u016bs\u0173 vadovaujasi logika \u201cKol galutinis pirk\u0117jas nenupirko, \u2013 niekas i\u0161 m\u016bs\u0173 nepardav\u0117!\u201d? O kiek verslinink\u0173 vis d\u0117lto mano, kad tik kainos dydis visk\u0105 lemia? Kuris i\u0161 m\u016bs\u0173 yra pam\u0105st\u0119s, kaip parengti tok\u012f sprendim\u0105, kad dar labiau padid\u0117t\u0173 kliento s\u0117km\u0117?..<br \/>\nTokia naujoji m\u0105stymo logika yra apra\u0161yta \u0161iame romane &#8211; vadov\u0117lyje. Jis pagr\u012fstas keliomis de\u0161imtimis s\u0117kming\u0173 verslo atvej\u0173 analizi\u0173. Tie atvejai santykinai sugrupuoti \u012f tris verslus, kurie i\u0161 esm\u0117s yra visi\u0161kai skirtingi: kosmetikos gamyba ir pardavimas (sprendimai ma\u017emenai), spaustuv\u0117, kurios \u012franga pasenusi ir d\u0117l to beveik nebe\u012fmanoma rungtis su modernesniais konkurentais, bei suspausto garo tiekimas.<br \/>\nPagrindiniam knygos veik\u0117jui i\u0161kyla b\u016btinyb\u0117 per tris m\u0117nesius rasti sprendimus trims labai skirtingiems verslams, kad tie sprendimai b\u016bt\u0173 unikal\u016bs ir kartu \u201ctira\u017euojami\u201d. Galima b\u016bt\u0173 \u012ftarti, kad siu\u017eetas i\u0161galvotas, jeigu knygos herojus netur\u0117t\u0173 gyvo prototipo \u0161iuolaikiniame verslo pasaulyje.<\/p>\n","protected":false},"excerpt":{"rendered":"<p>Tai romano formoje pateikta rinkos problem\u0173 analiz\u0117 ir realiai \u012fgyvendinti ir \u012fgyvendinami marketingo sprendimai. &#8230;art\u0117jo XXI am\u017eius ir klientai dar\u0117si dar i\u0161rankesni, konkurencija dar \u017eiauresn\u0117. Kas dabar gali u\u017etikrinti konkurencin\u012f prana\u0161um\u0105? Kaip konkuruoti rinkoje, kurioje kritusios kainos, pasirinkimas didelis, o kokyb\u0117 ir pristatymo terminai pana\u0161\u016bs? Atsakymu gali b\u016bti &#8211; \u012f Partneryst\u0119 orientuotas pardavimo b\u016bdas. Pagrindinis \u0161io po\u017ei\u016brio credo yra: dirbdami drauge su Jumis pasieksime J\u016bs\u0173 verslo tikslus. \u0160ioje knygoje rasite pasakojim\u0105, kaip to galima pasiekti. Ar da\u017enas i\u0161 m\u016bs\u0173 verslinink\u0173 gali pasigirti savaisiais pardavimo vadybininkais, i\u0161manan\u010diais klient\u0173 problemas, \u017einan\u010diais j\u0173 verslo s\u0117km\u0117s faktorius, j\u0173 gaunam\u0105 ekonomin\u0119 naud\u0105 i\u0161 m\u016bs\u0173 pasi\u016blym\u0173? Ar da\u017enas i\u0161 m\u016bs\u0173 vadovaujasi logika \u201cKol galutinis pirk\u0117jas nenupirko, \u2013 niekas i\u0161 m\u016bs\u0173 nepardav\u0117!\u201d? O kiek verslinink\u0173 vis d\u0117lto mano, kad tik kainos dydis visk\u0105 lemia? Kuris i\u0161 m\u016bs\u0173 yra pam\u0105st\u0119s, kaip parengti tok\u012f sprendim\u0105, kad dar labiau padid\u0117t\u0173 kliento s\u0117km\u0117?.. Tokia naujoji m\u0105stymo logika yra apra\u0161yta \u0161iame romane &#8211; vadov\u0117lyje. Jis pagr\u012fstas keliomis de\u0161imtimis s\u0117kming\u0173 verslo atvej\u0173 analizi\u0173. Tie atvejai santykinai sugrupuoti \u012f tris verslus, kurie i\u0161 esm\u0117s yra visi\u0161kai skirtingi: kosmetikos gamyba ir pardavimas (sprendimai ma\u017emenai), spaustuv\u0117, kurios \u012franga pasenusi ir d\u0117l to beveik nebe\u012fmanoma rungtis su modernesniais konkurentais, bei suspausto garo tiekimas. Pagrindiniam knygos veik\u0117jui i\u0161kyla b\u016btinyb\u0117 per tris m\u0117nesius rasti sprendimus trims labai skirtingiems verslams, kad tie sprendimai b\u016bt\u0173 unikal\u016bs ir kartu \u201ctira\u017euojami\u201d. Galima b\u016bt\u0173 \u012ftarti, kad siu\u017eetas i\u0161galvotas, jeigu knygos herojus netur\u0117t\u0173 gyvo prototipo \u0161iuolaikiniame verslo pasaulyje.<\/p>\n","protected":false},"featured_media":22669,"comment_status":"open","ping_status":"closed","template":"","meta":{"_acf_changed":false,"site-sidebar-layout":"default","site-content-layout":"","ast-site-content-layout":"default","site-content-style":"default","site-sidebar-style":"default","ast-global-header-display":"","ast-banner-title-visibility":"","ast-main-header-display":"","ast-hfb-above-header-display":"","ast-hfb-below-header-display":"","ast-hfb-mobile-header-display":"","site-post-title":"","ast-breadcrumbs-content":"","ast-featured-img":"","footer-sml-layout":"","ast-disable-related-posts":"","theme-transparent-header-meta":"","adv-header-id-meta":"","stick-header-meta":"","header-above-stick-meta":"","header-main-stick-meta":"","header-below-stick-meta":"","astra-migrate-meta-layouts":"default","ast-page-background-enabled":"default","ast-page-background-meta":{"desktop":{"background-color":"","background-image":"","background-repeat":"repeat","background-position":"center center","background-size":"auto","background-attachment":"scroll","background-type":"","background-media":"","overlay-type":"","overlay-color":"","overlay-opacity":"","overlay-gradient":""},"tablet":{"background-color":"","background-image":"","background-repeat":"repeat","background-position":"center center","background-size":"auto","background-attachment":"scroll","background-type":"","background-media":"","overlay-type":"","overlay-color":"","overlay-opacity":"","overlay-gradient":""},"mobile":{"background-color":"","background-image":"","background-repeat":"repeat","background-position":"center center","background-size":"auto","background-attachment":"scroll","background-type":"","background-media":"","overlay-type":"","overlay-color":"","overlay-opacity":"","overlay-gradient":""}},"ast-content-background-meta":{"desktop":{"background-color":"var(--ast-global-color-4)","background-image":"","background-repeat":"repeat","background-position":"center center","background-size":"auto","background-attachment":"scroll","background-type":"","background-media":"","overlay-type":"","overlay-color":"","overlay-opacity":"","overlay-gradient":""},"tablet":{"background-color":"var(--ast-global-color-4)","background-image":"","background-repeat":"repeat","background-position":"center center","background-size":"auto","background-attachment":"scroll","background-type":"","background-media":"","overlay-type":"","overlay-color":"","overlay-opacity":"","overlay-gradient":""},"mobile":{"background-color":"var(--ast-global-color-4)","background-image":"","background-repeat":"repeat","background-position":"center center","background-size":"auto","background-attachment":"scroll","background-type":"","background-media":"","overlay-type":"","overlay-color":"","overlay-opacity":"","overlay-gradient":""}}},"product_brand":[],"product_cat":[26],"product_tag":[],"class_list":{"0":"post-22664","1":"product","2":"type-product","3":"status-publish","4":"has-post-thumbnail","6":"product_cat-verslas-vadyba-ir-finansai","7":"desktop-align-left","8":"tablet-align-left","9":"mobile-align-left","11":"first","12":"instock","13":"shipping-taxable","14":"purchasable","15":"product-type-simple"},"acf":[],"yoast_head":"<!-- This site is optimized with the Yoast SEO plugin v27.0 - https:\/\/yoast.com\/product\/yoast-seo-wordpress\/ -->\n<title>TIKSLAS II . S\u0117km\u0117 priklauso ne nuo laim\u0117s<\/title>\n<meta name=\"description\" content=\"Tai romano formoje pateikta rinkos problem\u0173 analiz\u0117 ir realiai \u012fgyvendinti ir \u012fgyvendinami marketingo sprendimai. ...art\u0117jo XXI am\u017eius ir klientai dar\u0117si\" \/>\n<meta name=\"robots\" content=\"index, follow, max-snippet:-1, max-image-preview:large, max-video-preview:-1\" \/>\n<link rel=\"canonical\" href=\"https:\/\/skaitytaknyga.lt\/en\/produktas\/tikslas-ii-sekme-priklauso-ne-nuo-laimes\/\" \/>\n<meta property=\"og:locale\" content=\"en_GB\" \/>\n<meta property=\"og:locale:alternate\" content=\"lt_LT\" \/>\n<meta property=\"og:type\" content=\"article\" \/>\n<meta property=\"og:title\" content=\"TIKSLAS II . S\u0117km\u0117 priklauso ne nuo laim\u0117s\" \/>\n<meta property=\"og:description\" content=\"Tai romano formoje pateikta rinkos problem\u0173 analiz\u0117 ir realiai \u012fgyvendinti ir \u012fgyvendinami marketingo sprendimai. ...art\u0117jo XXI am\u017eius ir klientai dar\u0117si\" \/>\n<meta property=\"og:url\" content=\"https:\/\/skaitytaknyga.lt\/en\/produktas\/tikslas-ii-sekme-priklauso-ne-nuo-laimes\/\" \/>\n<meta property=\"og:site_name\" content=\"Skaitytaknyga\" \/>\n<meta property=\"article:publisher\" content=\"https:\/\/www.facebook.com\/skaitytaknyga\/\" \/>\n<meta property=\"article:modified_time\" content=\"2026-02-26T08:05:55+00:00\" \/>\n<meta property=\"og:image\" content=\"https:\/\/skaitytaknyga.lt\/wp-content\/uploads\/2026\/01\/TIKSLAS-II-.-Sekme-priklauso-ne-nuo-laimes.webp\" \/>\n\t<meta property=\"og:image:width\" content=\"360\" \/>\n\t<meta property=\"og:image:height\" content=\"575\" \/>\n\t<meta property=\"og:image:type\" content=\"image\/webp\" \/>\n<meta name=\"twitter:card\" content=\"summary_large_image\" \/>\n<meta name=\"twitter:label1\" content=\"Estimated reading time\" \/>\n\t<meta name=\"twitter:data1\" content=\"1 minute\" \/>\n<script type=\"application\/ld+json\" class=\"yoast-schema-graph\">{\"@context\":\"https:\/\/schema.org\",\"@graph\":[{\"@type\":\"WebPage\",\"@id\":\"https:\/\/skaitytaknyga.lt\/produktas\/tikslas-ii-sekme-priklauso-ne-nuo-laimes\/\",\"url\":\"https:\/\/skaitytaknyga.lt\/produktas\/tikslas-ii-sekme-priklauso-ne-nuo-laimes\/\",\"name\":\"TIKSLAS II . S\u0117km\u0117 priklauso ne nuo laim\u0117s\",\"isPartOf\":{\"@id\":\"https:\/\/skaitytaknyga.lt\/#website\"},\"primaryImageOfPage\":{\"@id\":\"https:\/\/skaitytaknyga.lt\/produktas\/tikslas-ii-sekme-priklauso-ne-nuo-laimes\/#primaryimage\"},\"image\":{\"@id\":\"https:\/\/skaitytaknyga.lt\/produktas\/tikslas-ii-sekme-priklauso-ne-nuo-laimes\/#primaryimage\"},\"thumbnailUrl\":\"https:\/\/skaitytaknyga.lt\/wp-content\/uploads\/2026\/01\/TIKSLAS-II-.-Sekme-priklauso-ne-nuo-laimes.webp\",\"datePublished\":\"2026-01-09T17:17:21+00:00\",\"dateModified\":\"2026-02-26T08:05:55+00:00\",\"description\":\"Tai romano formoje pateikta rinkos problem\u0173 analiz\u0117 ir realiai \u012fgyvendinti ir \u012fgyvendinami marketingo sprendimai. ...art\u0117jo XXI am\u017eius ir klientai dar\u0117si\",\"breadcrumb\":{\"@id\":\"https:\/\/skaitytaknyga.lt\/produktas\/tikslas-ii-sekme-priklauso-ne-nuo-laimes\/#breadcrumb\"},\"inLanguage\":\"en-GB\",\"potentialAction\":[{\"@type\":\"ReadAction\",\"target\":[\"https:\/\/skaitytaknyga.lt\/produktas\/tikslas-ii-sekme-priklauso-ne-nuo-laimes\/\"]}]},{\"@type\":\"ImageObject\",\"inLanguage\":\"en-GB\",\"@id\":\"https:\/\/skaitytaknyga.lt\/produktas\/tikslas-ii-sekme-priklauso-ne-nuo-laimes\/#primaryimage\",\"url\":\"https:\/\/skaitytaknyga.lt\/wp-content\/uploads\/2026\/01\/TIKSLAS-II-.-Sekme-priklauso-ne-nuo-laimes.webp\",\"contentUrl\":\"https:\/\/skaitytaknyga.lt\/wp-content\/uploads\/2026\/01\/TIKSLAS-II-.-Sekme-priklauso-ne-nuo-laimes.webp\",\"width\":360,\"height\":575,\"caption\":\"TIKSLAS II . S\u0117km\u0117 priklauso ne nuo laim\u0117s\"},{\"@type\":\"BreadcrumbList\",\"@id\":\"https:\/\/skaitytaknyga.lt\/produktas\/tikslas-ii-sekme-priklauso-ne-nuo-laimes\/#breadcrumb\",\"itemListElement\":[{\"@type\":\"ListItem\",\"position\":1,\"name\":\"Home\",\"item\":\"https:\/\/skaitytaknyga.lt\/\"},{\"@type\":\"ListItem\",\"position\":2,\"name\":\"Parduotuv\u0117\",\"item\":\"https:\/\/skaitytaknyga.lt\/knygu-parduotuve\/\"},{\"@type\":\"ListItem\",\"position\":3,\"name\":\"TIKSLAS II . S\u0117km\u0117 priklauso ne nuo laim\u0117s\"}]},{\"@type\":\"WebSite\",\"@id\":\"https:\/\/skaitytaknyga.lt\/#website\",\"url\":\"https:\/\/skaitytaknyga.lt\/\",\"name\":\"skaitytaknyga.lt\",\"description\":\"Skaitytaknyga.lt \u2013 tai ma\u017eas \u0161eimos verslas, kuris prasid\u0117jo nuo meil\u0117s knygoms ir siekio i\u0161gelb\u0117ti knygas nuo likimo prie konteinerio. Kas vienam nereikalingas daiktas \u2013 kitam lobis, o mes esame tarpininkai, kurie padeda abiems tapti laimingesniems ???? \u017dinome kaip nelengva i\u0161gyventi ma\u017eiems verslams, tad nuo \u0161iol, \u010dia rasite ir kit\u0173, ma\u017e\u0173 \u0161eim\u0173 versl\u0173, rank\u0173 darbo, dovan\u0173 sau ir artimiesiems.\",\"publisher\":{\"@id\":\"https:\/\/skaitytaknyga.lt\/#organization\"},\"potentialAction\":[{\"@type\":\"SearchAction\",\"target\":{\"@type\":\"EntryPoint\",\"urlTemplate\":\"https:\/\/skaitytaknyga.lt\/?s={search_term_string}\"},\"query-input\":{\"@type\":\"PropertyValueSpecification\",\"valueRequired\":true,\"valueName\":\"search_term_string\"}}],\"inLanguage\":\"en-GB\"},{\"@type\":\"Organization\",\"@id\":\"https:\/\/skaitytaknyga.lt\/#organization\",\"name\":\"skaitytaknyga.lt\",\"url\":\"https:\/\/skaitytaknyga.lt\/\",\"logo\":{\"@type\":\"ImageObject\",\"inLanguage\":\"en-GB\",\"@id\":\"https:\/\/skaitytaknyga.lt\/#\/schema\/logo\/image\/\",\"url\":\"https:\/\/skaitytaknyga.lt\/wp-content\/uploads\/2024\/05\/cropped-cropped-cropped-02_00843_jt3bggkj1j3HLc7SyY6rEUpg.jpeg\",\"contentUrl\":\"https:\/\/skaitytaknyga.lt\/wp-content\/uploads\/2024\/05\/cropped-cropped-cropped-02_00843_jt3bggkj1j3HLc7SyY6rEUpg.jpeg\",\"width\":1600,\"height\":1600,\"caption\":\"skaitytaknyga.lt\"},\"image\":{\"@id\":\"https:\/\/skaitytaknyga.lt\/#\/schema\/logo\/image\/\"},\"sameAs\":[\"https:\/\/www.facebook.com\/skaitytaknyga\/\"]}]}<\/script>\n<!-- \/ Yoast SEO plugin. -->","yoast_head_json":{"title":"TIKSLAS II . S\u0117km\u0117 priklauso ne nuo laim\u0117s","description":"Tai romano formoje pateikta rinkos problem\u0173 analiz\u0117 ir realiai \u012fgyvendinti ir \u012fgyvendinami marketingo sprendimai. ...art\u0117jo XXI am\u017eius ir klientai dar\u0117si","robots":{"index":"index","follow":"follow","max-snippet":"max-snippet:-1","max-image-preview":"max-image-preview:large","max-video-preview":"max-video-preview:-1"},"canonical":"https:\/\/skaitytaknyga.lt\/en\/produktas\/tikslas-ii-sekme-priklauso-ne-nuo-laimes\/","og_locale":"en_GB","og_type":"article","og_title":"[:lt]TIKSLAS II . S\u0117km\u0117 priklauso ne nuo laim\u0117s[:] - Skaitytaknyga","og_description":"Tai romano formoje pateikta rinkos problem\u0173 analiz\u0117 ir realiai \u012fgyvendinti ir \u012fgyvendinami marketingo sprendimai. ...art\u0117jo XXI am\u017eius ir klientai dar\u0117si","og_url":"https:\/\/skaitytaknyga.lt\/en\/produktas\/tikslas-ii-sekme-priklauso-ne-nuo-laimes\/","og_site_name":"Skaitytaknyga","article_publisher":"https:\/\/www.facebook.com\/skaitytaknyga\/","article_modified_time":"2026-02-26T08:05:55+00:00","og_image":[{"width":360,"height":575,"url":"https:\/\/skaitytaknyga.lt\/wp-content\/uploads\/2026\/01\/TIKSLAS-II-.-Sekme-priklauso-ne-nuo-laimes.webp","type":"image\/webp"}],"twitter_card":"summary_large_image","twitter_misc":{"Estimated reading time":"1 minute"},"schema":{"@context":"https:\/\/schema.org","@graph":[{"@type":"WebPage","@id":"https:\/\/skaitytaknyga.lt\/produktas\/tikslas-ii-sekme-priklauso-ne-nuo-laimes\/","url":"https:\/\/skaitytaknyga.lt\/produktas\/tikslas-ii-sekme-priklauso-ne-nuo-laimes\/","name":"TIKSLAS II . S\u0117km\u0117 priklauso ne nuo laim\u0117s","isPartOf":{"@id":"https:\/\/skaitytaknyga.lt\/#website"},"primaryImageOfPage":{"@id":"https:\/\/skaitytaknyga.lt\/produktas\/tikslas-ii-sekme-priklauso-ne-nuo-laimes\/#primaryimage"},"image":{"@id":"https:\/\/skaitytaknyga.lt\/produktas\/tikslas-ii-sekme-priklauso-ne-nuo-laimes\/#primaryimage"},"thumbnailUrl":"https:\/\/skaitytaknyga.lt\/wp-content\/uploads\/2026\/01\/TIKSLAS-II-.-Sekme-priklauso-ne-nuo-laimes.webp","datePublished":"2026-01-09T17:17:21+00:00","dateModified":"2026-02-26T08:05:55+00:00","description":"Tai romano formoje pateikta rinkos problem\u0173 analiz\u0117 ir realiai \u012fgyvendinti ir \u012fgyvendinami marketingo sprendimai. ...art\u0117jo XXI am\u017eius ir klientai dar\u0117si","breadcrumb":{"@id":"https:\/\/skaitytaknyga.lt\/produktas\/tikslas-ii-sekme-priklauso-ne-nuo-laimes\/#breadcrumb"},"inLanguage":"en-GB","potentialAction":[{"@type":"ReadAction","target":["https:\/\/skaitytaknyga.lt\/produktas\/tikslas-ii-sekme-priklauso-ne-nuo-laimes\/"]}]},{"@type":"ImageObject","inLanguage":"en-GB","@id":"https:\/\/skaitytaknyga.lt\/produktas\/tikslas-ii-sekme-priklauso-ne-nuo-laimes\/#primaryimage","url":"https:\/\/skaitytaknyga.lt\/wp-content\/uploads\/2026\/01\/TIKSLAS-II-.-Sekme-priklauso-ne-nuo-laimes.webp","contentUrl":"https:\/\/skaitytaknyga.lt\/wp-content\/uploads\/2026\/01\/TIKSLAS-II-.-Sekme-priklauso-ne-nuo-laimes.webp","width":360,"height":575,"caption":"TIKSLAS II . S\u0117km\u0117 priklauso ne nuo laim\u0117s"},{"@type":"BreadcrumbList","@id":"https:\/\/skaitytaknyga.lt\/produktas\/tikslas-ii-sekme-priklauso-ne-nuo-laimes\/#breadcrumb","itemListElement":[{"@type":"ListItem","position":1,"name":"Home","item":"https:\/\/skaitytaknyga.lt\/"},{"@type":"ListItem","position":2,"name":"Parduotuv\u0117","item":"https:\/\/skaitytaknyga.lt\/knygu-parduotuve\/"},{"@type":"ListItem","position":3,"name":"TIKSLAS II . S\u0117km\u0117 priklauso ne nuo laim\u0117s"}]},{"@type":"WebSite","@id":"https:\/\/skaitytaknyga.lt\/#website","url":"https:\/\/skaitytaknyga.lt\/","name":"skaitytaknyga.lt","description":"Skaitytaknyga.lt \u2013 tai ma\u017eas \u0161eimos verslas, kuris prasid\u0117jo nuo meil\u0117s knygoms ir siekio i\u0161gelb\u0117ti knygas nuo likimo prie konteinerio. Kas vienam nereikalingas daiktas \u2013 kitam lobis, o mes esame tarpininkai, kurie padeda abiems tapti laimingesniems ???? \u017dinome kaip nelengva i\u0161gyventi ma\u017eiems verslams, tad nuo \u0161iol, \u010dia rasite ir kit\u0173, ma\u017e\u0173 \u0161eim\u0173 versl\u0173, rank\u0173 darbo, dovan\u0173 sau ir artimiesiems.","publisher":{"@id":"https:\/\/skaitytaknyga.lt\/#organization"},"potentialAction":[{"@type":"SearchAction","target":{"@type":"EntryPoint","urlTemplate":"https:\/\/skaitytaknyga.lt\/?s={search_term_string}"},"query-input":{"@type":"PropertyValueSpecification","valueRequired":true,"valueName":"search_term_string"}}],"inLanguage":"en-GB"},{"@type":"Organization","@id":"https:\/\/skaitytaknyga.lt\/#organization","name":"skaitytaknyga.lt","url":"https:\/\/skaitytaknyga.lt\/","logo":{"@type":"ImageObject","inLanguage":"en-GB","@id":"https:\/\/skaitytaknyga.lt\/#\/schema\/logo\/image\/","url":"https:\/\/skaitytaknyga.lt\/wp-content\/uploads\/2024\/05\/cropped-cropped-cropped-02_00843_jt3bggkj1j3HLc7SyY6rEUpg.jpeg","contentUrl":"https:\/\/skaitytaknyga.lt\/wp-content\/uploads\/2024\/05\/cropped-cropped-cropped-02_00843_jt3bggkj1j3HLc7SyY6rEUpg.jpeg","width":1600,"height":1600,"caption":"skaitytaknyga.lt"},"image":{"@id":"https:\/\/skaitytaknyga.lt\/#\/schema\/logo\/image\/"},"sameAs":["https:\/\/www.facebook.com\/skaitytaknyga\/"]}]}},"_links":{"self":[{"href":"https:\/\/skaitytaknyga.lt\/en\/wp-json\/wp\/v2\/product\/22664","targetHints":{"allow":["GET"]}}],"collection":[{"href":"https:\/\/skaitytaknyga.lt\/en\/wp-json\/wp\/v2\/product"}],"about":[{"href":"https:\/\/skaitytaknyga.lt\/en\/wp-json\/wp\/v2\/types\/product"}],"replies":[{"embeddable":true,"href":"https:\/\/skaitytaknyga.lt\/en\/wp-json\/wp\/v2\/comments?post=22664"}],"wp:featuredmedia":[{"embeddable":true,"href":"https:\/\/skaitytaknyga.lt\/en\/wp-json\/wp\/v2\/media\/22669"}],"wp:attachment":[{"href":"https:\/\/skaitytaknyga.lt\/en\/wp-json\/wp\/v2\/media?parent=22664"}],"wp:term":[{"taxonomy":"product_brand","embeddable":true,"href":"https:\/\/skaitytaknyga.lt\/en\/wp-json\/wp\/v2\/product_brand?post=22664"},{"taxonomy":"product_cat","embeddable":true,"href":"https:\/\/skaitytaknyga.lt\/en\/wp-json\/wp\/v2\/product_cat?post=22664"},{"taxonomy":"product_tag","embeddable":true,"href":"https:\/\/skaitytaknyga.lt\/en\/wp-json\/wp\/v2\/product_tag?post=22664"}],"curies":[{"name":"wp","href":"https:\/\/api.w.org\/{rel}","templated":true}]}}