{"id":22663,"date":"2026-01-09T19:17:21","date_gmt":"2026-01-09T17:17:21","guid":{"rendered":"https:\/\/skaitytaknyga.lt\/?post_type=product&#038;p=22663"},"modified":"2026-03-18T15:02:38","modified_gmt":"2026-03-18T13:02:38","slug":"komunizma-i-tarptautini-tribunola","status":"publish","type":"product","link":"https:\/\/skaitytaknyga.lt\/en\/produktas\/komunizma-i-tarptautini-tribunola\/","title":{"rendered":"Komunizm\u0105 &#8211; \u012f tarptautin\u012f tribunol\u0105"},"content":{"rendered":"<p>Tarptautin\u0117je akcijoje &#8220;Komunizm\u0105 &#8211; \u012f Tarptautin\u012f tribunol\u0105&#8221; dalyvavo 6 valstyb\u0117s &#8211; Lietuva, Latvija, Estija, Baltarusija, Makedonija, Slovakija. Lietuvos organizacinis komitetas, \u012fvertindamas nuo okupacijos nukent\u0117jusi\u0173 \u017emoni\u0173 pageidavimus nutar\u0117 i\u0161leisti lietuvi\u0173 kalba Lietuvoje (Vilniaus universiteto did\u017eiojoje Auloje) \u012fvykusios konferencijos med\u017eiag\u0105. Turinys: Tarptautinis bendradarbiavimas \u012fvertinant komunistini\u0173 re\u017eim\u0173 nusikaltimus. Naci\u0173 ir komunistini\u0173 totalitarini\u0173 nusikaltim\u0173 \u017emoni\u0161kumui vienodo vertinimo problema ES. Okupacija ir masin\u0117s represijos. Lietuvos netektys sovietin\u0117s okupacijos metais. Lietuvos ir kit\u0173 Vidurio ir Ryt\u0173 Europos postkomunistini\u0173 \u0161ali\u0173 pastarojo meto liustracijos proces\u0173 eiga. Demokratijos atsakomyb\u0117 u\u017e teisingumo \u012fgyvendinim\u0105. Antikomunizmas: komunistin\u0117s, nacistin\u0117s ir globalistin\u0117s ideologij\u0173 paralel\u0117s. Sovietinis komunizmas &#8211; taut\u0173 apsisprendimo teis\u0117s prie\u0161as. Atsakomyb\u0117s u\u017e Lietuvos respublikos okupacij\u0105 tarptautiniai teisiniai pagrindai. Tarptautinio visuomeninio tribunolo, skirto komunizmo nusikaltimams \u012fvertinti, s\u0105ranga ir jo efektyvumas. Komunizmas &#8211; pasaulinis \u017eudyni\u0173 sindikatas. Prievartin\u0117 visuomen\u0117s ateizacija soviet\u0173 Lietuvoje. KGB veiklos metodai &#8211; komunistin\u0117s SSRS sistemos atspindys. Sovietinio-komunistinio re\u017eimo nusikaltimai ; Nacionalinio ir tarptautinio \u012fvertinimo perspektyvos. Baigiamasis Ma\u017eosios Lietuvos gyventoj\u0173 genocidas.<\/p>\n","protected":false},"excerpt":{"rendered":"<p>Tarptautin\u0117je akcijoje &#8220;Komunizm\u0105 &#8211; \u012f Tarptautin\u012f tribunol\u0105&#8221; dalyvavo 6 valstyb\u0117s &#8211; Lietuva, Latvija, Estija, Baltarusija, Makedonija, Slovakija. Lietuvos organizacinis komitetas, \u012fvertindamas nuo okupacijos nukent\u0117jusi\u0173 \u017emoni\u0173 pageidavimus nutar\u0117 i\u0161leisti lietuvi\u0173 kalba Lietuvoje (Vilniaus universiteto did\u017eiojoje Auloje) \u012fvykusios konferencijos med\u017eiag\u0105. Turinys: Tarptautinis bendradarbiavimas \u012fvertinant komunistini\u0173 re\u017eim\u0173 nusikaltimus. Naci\u0173 ir komunistini\u0173 totalitarini\u0173 nusikaltim\u0173 \u017emoni\u0161kumui vienodo vertinimo problema ES. Okupacija ir masin\u0117s represijos. Lietuvos netektys sovietin\u0117s okupacijos metais. Lietuvos ir kit\u0173 Vidurio ir Ryt\u0173 Europos postkomunistini\u0173 \u0161ali\u0173 pastarojo meto liustracijos proces\u0173 eiga. Demokratijos atsakomyb\u0117 u\u017e teisingumo \u012fgyvendinim\u0105. Antikomunizmas: komunistin\u0117s, nacistin\u0117s ir globalistin\u0117s ideologij\u0173 paralel\u0117s. Sovietinis komunizmas &#8211; taut\u0173 apsisprendimo teis\u0117s prie\u0161as. Atsakomyb\u0117s u\u017e Lietuvos respublikos okupacij\u0105 tarptautiniai teisiniai pagrindai. Tarptautinio visuomeninio tribunolo, skirto komunizmo nusikaltimams \u012fvertinti, s\u0105ranga ir jo efektyvumas. Komunizmas &#8211; pasaulinis \u017eudyni\u0173 sindikatas. Prievartin\u0117 visuomen\u0117s ateizacija soviet\u0173 Lietuvoje. KGB veiklos metodai &#8211; komunistin\u0117s SSRS sistemos atspindys. Sovietinio-komunistinio re\u017eimo nusikaltimai ; Nacionalinio ir tarptautinio \u012fvertinimo perspektyvos. Baigiamasis Ma\u017eosios Lietuvos gyventoj\u0173 genocidas.<\/p>\n","protected":false},"featured_media":22668,"comment_status":"open","ping_status":"closed","template":"","meta":{"_acf_changed":false,"site-sidebar-layout":"default","site-content-layout":"","ast-site-content-layout":"default","site-content-style":"default","site-sidebar-style":"default","ast-global-header-display":"","ast-banner-title-visibility":"","ast-main-header-display":"","ast-hfb-above-header-display":"","ast-hfb-below-header-display":"","ast-hfb-mobile-header-display":"","site-post-title":"","ast-breadcrumbs-content":"","ast-featured-img":"","footer-sml-layout":"","ast-disable-related-posts":"","theme-transparent-header-meta":"","adv-header-id-meta":"","stick-header-meta":"","header-above-stick-meta":"","header-main-stick-meta":"","header-below-stick-meta":"","astra-migrate-meta-layouts":"default","ast-page-background-enabled":"default","ast-page-background-meta":{"desktop":{"background-color":"","background-image":"","background-repeat":"repeat","background-position":"center center","background-size":"auto","background-attachment":"scroll","background-type":"","background-media":"","overlay-type":"","overlay-color":"","overlay-opacity":"","overlay-gradient":""},"tablet":{"background-color":"","background-image":"","background-repeat":"repeat","background-position":"center center","background-size":"auto","background-attachment":"scroll","background-type":"","background-media":"","overlay-type":"","overlay-color":"","overlay-opacity":"","overlay-gradient":""},"mobile":{"background-color":"","background-image":"","background-repeat":"repeat","background-position":"center center","background-size":"auto","background-attachment":"scroll","background-type":"","background-media":"","overlay-type":"","overlay-color":"","overlay-opacity":"","overlay-gradient":""}},"ast-content-background-meta":{"desktop":{"background-color":"var(--ast-global-color-4)","background-image":"","background-repeat":"repeat","background-position":"center center","background-size":"auto","background-attachment":"scroll","background-type":"","background-media":"","overlay-type":"","overlay-color":"","overlay-opacity":"","overlay-gradient":""},"tablet":{"background-color":"var(--ast-global-color-4)","background-image":"","background-repeat":"repeat","background-position":"center center","background-size":"auto","background-attachment":"scroll","background-type":"","background-media":"","overlay-type":"","overlay-color":"","overlay-opacity":"","overlay-gradient":""},"mobile":{"background-color":"var(--ast-global-color-4)","background-image":"","background-repeat":"repeat","background-position":"center center","background-size":"auto","background-attachment":"scroll","background-type":"","background-media":"","overlay-type":"","overlay-color":"","overlay-opacity":"","overlay-gradient":""}}},"product_brand":[],"product_cat":[9863,9862,174],"product_tag":[],"class_list":{"0":"post-22663","1":"product","2":"type-product","3":"status-publish","4":"has-post-thumbnail","6":"product_cat-europos-istorija","7":"product_cat-lietuvos-istorija","8":"product_cat-istorija-ir-politologija","9":"desktop-align-left","10":"tablet-align-left","11":"mobile-align-left","13":"first","14":"instock","15":"shipping-taxable","16":"purchasable","17":"product-type-simple"},"acf":[],"yoast_head":"<!-- This site is optimized with the Yoast SEO plugin v27.0 - https:\/\/yoast.com\/product\/yoast-seo-wordpress\/ -->\n<title>Komunizm\u0105 - \u012f tarptautin\u012f tribunol\u0105<\/title>\n<meta name=\"description\" content=\"Tarptautin\u0117je akcijoje &quot;Komunizm\u0105 - \u012f Tarptautin\u012f tribunol\u0105&quot; dalyvavo 6 valstyb\u0117s - Lietuva, Latvija, Estija, Baltarusija, Makedonija, Slovakija. Lietuvos\" \/>\n<meta name=\"robots\" content=\"index, follow, max-snippet:-1, max-image-preview:large, max-video-preview:-1\" \/>\n<link rel=\"canonical\" href=\"https:\/\/skaitytaknyga.lt\/en\/produktas\/komunizma-i-tarptautini-tribunola\/\" \/>\n<meta property=\"og:locale\" content=\"en_GB\" \/>\n<meta property=\"og:locale:alternate\" content=\"lt_LT\" \/>\n<meta property=\"og:type\" content=\"article\" \/>\n<meta property=\"og:title\" content=\"Komunizm\u0105 - \u012f tarptautin\u012f tribunol\u0105\" \/>\n<meta property=\"og:description\" content=\"Tarptautin\u0117je akcijoje &quot;Komunizm\u0105 - \u012f Tarptautin\u012f tribunol\u0105&quot; dalyvavo 6 valstyb\u0117s - Lietuva, Latvija, Estija, Baltarusija, Makedonija, Slovakija. Lietuvos\" \/>\n<meta property=\"og:url\" content=\"https:\/\/skaitytaknyga.lt\/en\/produktas\/komunizma-i-tarptautini-tribunola\/\" \/>\n<meta property=\"og:site_name\" content=\"Skaitytaknyga\" \/>\n<meta property=\"article:publisher\" content=\"https:\/\/www.facebook.com\/skaitytaknyga\/\" \/>\n<meta property=\"article:modified_time\" content=\"2026-03-18T13:02:38+00:00\" \/>\n<meta property=\"og:image\" content=\"https:\/\/skaitytaknyga.lt\/wp-content\/uploads\/2026\/01\/Komunizma-i-tarptautini-tribunola.webp\" \/>\n\t<meta property=\"og:image:width\" content=\"300\" \/>\n\t<meta property=\"og:image:height\" content=\"431\" \/>\n\t<meta property=\"og:image:type\" content=\"image\/webp\" \/>\n<meta name=\"twitter:card\" content=\"summary_large_image\" \/>\n<meta name=\"twitter:label1\" content=\"Estimated reading time\" \/>\n\t<meta name=\"twitter:data1\" content=\"1 minute\" \/>\n<script type=\"application\/ld+json\" class=\"yoast-schema-graph\">{\"@context\":\"https:\/\/schema.org\",\"@graph\":[{\"@type\":\"WebPage\",\"@id\":\"https:\/\/skaitytaknyga.lt\/produktas\/komunizma-i-tarptautini-tribunola\/\",\"url\":\"https:\/\/skaitytaknyga.lt\/produktas\/komunizma-i-tarptautini-tribunola\/\",\"name\":\"Komunizm\u0105 - \u012f tarptautin\u012f tribunol\u0105\",\"isPartOf\":{\"@id\":\"https:\/\/skaitytaknyga.lt\/#website\"},\"primaryImageOfPage\":{\"@id\":\"https:\/\/skaitytaknyga.lt\/produktas\/komunizma-i-tarptautini-tribunola\/#primaryimage\"},\"image\":{\"@id\":\"https:\/\/skaitytaknyga.lt\/produktas\/komunizma-i-tarptautini-tribunola\/#primaryimage\"},\"thumbnailUrl\":\"https:\/\/skaitytaknyga.lt\/wp-content\/uploads\/2026\/01\/Komunizma-i-tarptautini-tribunola.webp\",\"datePublished\":\"2026-01-09T17:17:21+00:00\",\"dateModified\":\"2026-03-18T13:02:38+00:00\",\"description\":\"Tarptautin\u0117je akcijoje \\\"Komunizm\u0105 - \u012f Tarptautin\u012f tribunol\u0105\\\" dalyvavo 6 valstyb\u0117s - Lietuva, Latvija, Estija, Baltarusija, Makedonija, Slovakija. Lietuvos\",\"breadcrumb\":{\"@id\":\"https:\/\/skaitytaknyga.lt\/produktas\/komunizma-i-tarptautini-tribunola\/#breadcrumb\"},\"inLanguage\":\"en-GB\",\"potentialAction\":[{\"@type\":\"ReadAction\",\"target\":[\"https:\/\/skaitytaknyga.lt\/produktas\/komunizma-i-tarptautini-tribunola\/\"]}]},{\"@type\":\"ImageObject\",\"inLanguage\":\"en-GB\",\"@id\":\"https:\/\/skaitytaknyga.lt\/produktas\/komunizma-i-tarptautini-tribunola\/#primaryimage\",\"url\":\"https:\/\/skaitytaknyga.lt\/wp-content\/uploads\/2026\/01\/Komunizma-i-tarptautini-tribunola.webp\",\"contentUrl\":\"https:\/\/skaitytaknyga.lt\/wp-content\/uploads\/2026\/01\/Komunizma-i-tarptautini-tribunola.webp\",\"width\":300,\"height\":431,\"caption\":\"Komunizm\u0105 - \u012f tarptautin\u012f tribunol\u0105\"},{\"@type\":\"BreadcrumbList\",\"@id\":\"https:\/\/skaitytaknyga.lt\/produktas\/komunizma-i-tarptautini-tribunola\/#breadcrumb\",\"itemListElement\":[{\"@type\":\"ListItem\",\"position\":1,\"name\":\"Home\",\"item\":\"https:\/\/skaitytaknyga.lt\/\"},{\"@type\":\"ListItem\",\"position\":2,\"name\":\"Parduotuv\u0117\",\"item\":\"https:\/\/skaitytaknyga.lt\/knygu-parduotuve\/\"},{\"@type\":\"ListItem\",\"position\":3,\"name\":\"Komunizm\u0105 &#8211; \u012f tarptautin\u012f tribunol\u0105\"}]},{\"@type\":\"WebSite\",\"@id\":\"https:\/\/skaitytaknyga.lt\/#website\",\"url\":\"https:\/\/skaitytaknyga.lt\/\",\"name\":\"skaitytaknyga.lt\",\"description\":\"Skaitytaknyga.lt \u2013 tai ma\u017eas \u0161eimos verslas, kuris prasid\u0117jo nuo meil\u0117s knygoms ir siekio i\u0161gelb\u0117ti knygas nuo likimo prie konteinerio. Kas vienam nereikalingas daiktas \u2013 kitam lobis, o mes esame tarpininkai, kurie padeda abiems tapti laimingesniems ???? \u017dinome kaip nelengva i\u0161gyventi ma\u017eiems verslams, tad nuo \u0161iol, \u010dia rasite ir kit\u0173, ma\u017e\u0173 \u0161eim\u0173 versl\u0173, rank\u0173 darbo, dovan\u0173 sau ir artimiesiems.\",\"publisher\":{\"@id\":\"https:\/\/skaitytaknyga.lt\/#organization\"},\"potentialAction\":[{\"@type\":\"SearchAction\",\"target\":{\"@type\":\"EntryPoint\",\"urlTemplate\":\"https:\/\/skaitytaknyga.lt\/?s={search_term_string}\"},\"query-input\":{\"@type\":\"PropertyValueSpecification\",\"valueRequired\":true,\"valueName\":\"search_term_string\"}}],\"inLanguage\":\"en-GB\"},{\"@type\":\"Organization\",\"@id\":\"https:\/\/skaitytaknyga.lt\/#organization\",\"name\":\"skaitytaknyga.lt\",\"url\":\"https:\/\/skaitytaknyga.lt\/\",\"logo\":{\"@type\":\"ImageObject\",\"inLanguage\":\"en-GB\",\"@id\":\"https:\/\/skaitytaknyga.lt\/#\/schema\/logo\/image\/\",\"url\":\"https:\/\/skaitytaknyga.lt\/wp-content\/uploads\/2024\/05\/cropped-cropped-cropped-02_00843_jt3bggkj1j3HLc7SyY6rEUpg.jpeg\",\"contentUrl\":\"https:\/\/skaitytaknyga.lt\/wp-content\/uploads\/2024\/05\/cropped-cropped-cropped-02_00843_jt3bggkj1j3HLc7SyY6rEUpg.jpeg\",\"width\":1600,\"height\":1600,\"caption\":\"skaitytaknyga.lt\"},\"image\":{\"@id\":\"https:\/\/skaitytaknyga.lt\/#\/schema\/logo\/image\/\"},\"sameAs\":[\"https:\/\/www.facebook.com\/skaitytaknyga\/\"]}]}<\/script>\n<!-- \/ Yoast SEO plugin. -->","yoast_head_json":{"title":"Komunizm\u0105 - \u012f tarptautin\u012f tribunol\u0105","description":"Tarptautin\u0117je akcijoje \"Komunizm\u0105 - \u012f Tarptautin\u012f tribunol\u0105\" dalyvavo 6 valstyb\u0117s - Lietuva, Latvija, Estija, Baltarusija, Makedonija, Slovakija. Lietuvos","robots":{"index":"index","follow":"follow","max-snippet":"max-snippet:-1","max-image-preview":"max-image-preview:large","max-video-preview":"max-video-preview:-1"},"canonical":"https:\/\/skaitytaknyga.lt\/en\/produktas\/komunizma-i-tarptautini-tribunola\/","og_locale":"en_GB","og_type":"article","og_title":"[:lt]Komunizm\u0105 - \u012f tarptautin\u012f tribunol\u0105[:] - Skaitytaknyga","og_description":"Tarptautin\u0117je akcijoje \"Komunizm\u0105 - \u012f Tarptautin\u012f tribunol\u0105\" dalyvavo 6 valstyb\u0117s - Lietuva, Latvija, Estija, Baltarusija, Makedonija, Slovakija. Lietuvos","og_url":"https:\/\/skaitytaknyga.lt\/en\/produktas\/komunizma-i-tarptautini-tribunola\/","og_site_name":"Skaitytaknyga","article_publisher":"https:\/\/www.facebook.com\/skaitytaknyga\/","article_modified_time":"2026-03-18T13:02:38+00:00","og_image":[{"width":300,"height":431,"url":"https:\/\/skaitytaknyga.lt\/wp-content\/uploads\/2026\/01\/Komunizma-i-tarptautini-tribunola.webp","type":"image\/webp"}],"twitter_card":"summary_large_image","twitter_misc":{"Estimated reading time":"1 minute"},"schema":{"@context":"https:\/\/schema.org","@graph":[{"@type":"WebPage","@id":"https:\/\/skaitytaknyga.lt\/produktas\/komunizma-i-tarptautini-tribunola\/","url":"https:\/\/skaitytaknyga.lt\/produktas\/komunizma-i-tarptautini-tribunola\/","name":"Komunizm\u0105 - \u012f tarptautin\u012f tribunol\u0105","isPartOf":{"@id":"https:\/\/skaitytaknyga.lt\/#website"},"primaryImageOfPage":{"@id":"https:\/\/skaitytaknyga.lt\/produktas\/komunizma-i-tarptautini-tribunola\/#primaryimage"},"image":{"@id":"https:\/\/skaitytaknyga.lt\/produktas\/komunizma-i-tarptautini-tribunola\/#primaryimage"},"thumbnailUrl":"https:\/\/skaitytaknyga.lt\/wp-content\/uploads\/2026\/01\/Komunizma-i-tarptautini-tribunola.webp","datePublished":"2026-01-09T17:17:21+00:00","dateModified":"2026-03-18T13:02:38+00:00","description":"Tarptautin\u0117je akcijoje \"Komunizm\u0105 - \u012f Tarptautin\u012f tribunol\u0105\" dalyvavo 6 valstyb\u0117s - Lietuva, Latvija, Estija, Baltarusija, Makedonija, Slovakija. Lietuvos","breadcrumb":{"@id":"https:\/\/skaitytaknyga.lt\/produktas\/komunizma-i-tarptautini-tribunola\/#breadcrumb"},"inLanguage":"en-GB","potentialAction":[{"@type":"ReadAction","target":["https:\/\/skaitytaknyga.lt\/produktas\/komunizma-i-tarptautini-tribunola\/"]}]},{"@type":"ImageObject","inLanguage":"en-GB","@id":"https:\/\/skaitytaknyga.lt\/produktas\/komunizma-i-tarptautini-tribunola\/#primaryimage","url":"https:\/\/skaitytaknyga.lt\/wp-content\/uploads\/2026\/01\/Komunizma-i-tarptautini-tribunola.webp","contentUrl":"https:\/\/skaitytaknyga.lt\/wp-content\/uploads\/2026\/01\/Komunizma-i-tarptautini-tribunola.webp","width":300,"height":431,"caption":"Komunizm\u0105 - \u012f tarptautin\u012f tribunol\u0105"},{"@type":"BreadcrumbList","@id":"https:\/\/skaitytaknyga.lt\/produktas\/komunizma-i-tarptautini-tribunola\/#breadcrumb","itemListElement":[{"@type":"ListItem","position":1,"name":"Home","item":"https:\/\/skaitytaknyga.lt\/"},{"@type":"ListItem","position":2,"name":"Parduotuv\u0117","item":"https:\/\/skaitytaknyga.lt\/knygu-parduotuve\/"},{"@type":"ListItem","position":3,"name":"Komunizm\u0105 &#8211; \u012f tarptautin\u012f tribunol\u0105"}]},{"@type":"WebSite","@id":"https:\/\/skaitytaknyga.lt\/#website","url":"https:\/\/skaitytaknyga.lt\/","name":"skaitytaknyga.lt","description":"Skaitytaknyga.lt \u2013 tai ma\u017eas \u0161eimos verslas, kuris prasid\u0117jo nuo meil\u0117s knygoms ir siekio i\u0161gelb\u0117ti knygas nuo likimo prie konteinerio. Kas vienam nereikalingas daiktas \u2013 kitam lobis, o mes esame tarpininkai, kurie padeda abiems tapti laimingesniems ???? \u017dinome kaip nelengva i\u0161gyventi ma\u017eiems verslams, tad nuo \u0161iol, \u010dia rasite ir kit\u0173, ma\u017e\u0173 \u0161eim\u0173 versl\u0173, rank\u0173 darbo, dovan\u0173 sau ir artimiesiems.","publisher":{"@id":"https:\/\/skaitytaknyga.lt\/#organization"},"potentialAction":[{"@type":"SearchAction","target":{"@type":"EntryPoint","urlTemplate":"https:\/\/skaitytaknyga.lt\/?s={search_term_string}"},"query-input":{"@type":"PropertyValueSpecification","valueRequired":true,"valueName":"search_term_string"}}],"inLanguage":"en-GB"},{"@type":"Organization","@id":"https:\/\/skaitytaknyga.lt\/#organization","name":"skaitytaknyga.lt","url":"https:\/\/skaitytaknyga.lt\/","logo":{"@type":"ImageObject","inLanguage":"en-GB","@id":"https:\/\/skaitytaknyga.lt\/#\/schema\/logo\/image\/","url":"https:\/\/skaitytaknyga.lt\/wp-content\/uploads\/2024\/05\/cropped-cropped-cropped-02_00843_jt3bggkj1j3HLc7SyY6rEUpg.jpeg","contentUrl":"https:\/\/skaitytaknyga.lt\/wp-content\/uploads\/2024\/05\/cropped-cropped-cropped-02_00843_jt3bggkj1j3HLc7SyY6rEUpg.jpeg","width":1600,"height":1600,"caption":"skaitytaknyga.lt"},"image":{"@id":"https:\/\/skaitytaknyga.lt\/#\/schema\/logo\/image\/"},"sameAs":["https:\/\/www.facebook.com\/skaitytaknyga\/"]}]}},"_links":{"self":[{"href":"https:\/\/skaitytaknyga.lt\/en\/wp-json\/wp\/v2\/product\/22663","targetHints":{"allow":["GET"]}}],"collection":[{"href":"https:\/\/skaitytaknyga.lt\/en\/wp-json\/wp\/v2\/product"}],"about":[{"href":"https:\/\/skaitytaknyga.lt\/en\/wp-json\/wp\/v2\/types\/product"}],"replies":[{"embeddable":true,"href":"https:\/\/skaitytaknyga.lt\/en\/wp-json\/wp\/v2\/comments?post=22663"}],"wp:featuredmedia":[{"embeddable":true,"href":"https:\/\/skaitytaknyga.lt\/en\/wp-json\/wp\/v2\/media\/22668"}],"wp:attachment":[{"href":"https:\/\/skaitytaknyga.lt\/en\/wp-json\/wp\/v2\/media?parent=22663"}],"wp:term":[{"taxonomy":"product_brand","embeddable":true,"href":"https:\/\/skaitytaknyga.lt\/en\/wp-json\/wp\/v2\/product_brand?post=22663"},{"taxonomy":"product_cat","embeddable":true,"href":"https:\/\/skaitytaknyga.lt\/en\/wp-json\/wp\/v2\/product_cat?post=22663"},{"taxonomy":"product_tag","embeddable":true,"href":"https:\/\/skaitytaknyga.lt\/en\/wp-json\/wp\/v2\/product_tag?post=22663"}],"curies":[{"name":"wp","href":"https:\/\/api.w.org\/{rel}","templated":true}]}}