{"id":22661,"date":"2026-01-09T19:17:21","date_gmt":"2026-01-09T17:17:21","guid":{"rendered":"https:\/\/skaitytaknyga.lt\/?post_type=product&#038;p=22661"},"modified":"2026-02-26T09:56:13","modified_gmt":"2026-02-26T07:56:13","slug":"edgaras-keisas-miegantis-pranasas","status":"publish","type":"product","link":"https:\/\/skaitytaknyga.lt\/en\/produktas\/edgaras-keisas-miegantis-pranasas\/","title":{"rendered":"Edgaras Keisas-miegantis prana\u0161as"},"content":{"rendered":"<p>J. Stearnas \u2013 plataus pripa\u017einimo sulauk\u0119s \u017eurnalistas ir pirmaujantis amerikie\u010di\u0173 autorius, ra\u0161antis metafizikos temomis. Keturios knygos nagrin\u0117ja Edgaro Keiso gyvenim\u0105 ir jo psichinius sugeb\u0117jimus. B\u016btent \u0161is mistikas numat\u0117 \u012fvykius, ne kart\u0105 sukr\u0117tusius pasaul\u012f ir daugyb\u0119 kit\u0173 prana\u0161ys\u010di\u0173.<\/p>\n<p>Edgaro Keiso istorija \u2013 viena labiausiai prikaustan\u010di\u0173 d\u0117mes\u012f literat\u016broje, kuri suteikia \u012fkv\u0117pim\u0105. Daugiau kaip 40 met\u0173 \u201emiegantis prana\u0161as\u201c u\u017emerkdavo akis, pasinerdavo \u012f pakitus\u012f s\u0105mon\u0117s b\u016bv\u012f ir su pa\u010dia \u017emonijos \u0161irdimi ir siela kalb\u0117davosi apie sveikat\u0105, gydym\u0105, sapnus, prana\u0161ystes, meditacij\u0105 ir reinkarnacij\u0105. Daugiau kaip 14 000 jo \u201eskaitym\u0173\u201c yra saugomi Mokslini\u0173 tyrim\u0173 ir \u0161vietimo asociacijose Vird\u017einijoje, By\u010d Vird\u017einijos valstijoje.<\/p>\n","protected":false},"excerpt":{"rendered":"<p>J. Stearnas \u2013 plataus pripa\u017einimo sulauk\u0119s \u017eurnalistas ir pirmaujantis amerikie\u010di\u0173 autorius, ra\u0161antis metafizikos temomis. Keturios knygos nagrin\u0117ja Edgaro Keiso gyvenim\u0105 ir jo psichinius sugeb\u0117jimus. B\u016btent \u0161is mistikas numat\u0117 \u012fvykius, ne kart\u0105 sukr\u0117tusius pasaul\u012f ir daugyb\u0119 kit\u0173 prana\u0161ys\u010di\u0173. Edgaro Keiso istorija \u2013 viena labiausiai prikaustan\u010di\u0173 d\u0117mes\u012f literat\u016broje, kuri suteikia \u012fkv\u0117pim\u0105. Daugiau kaip 40 met\u0173 \u201emiegantis prana\u0161as\u201c u\u017emerkdavo akis, pasinerdavo \u012f pakitus\u012f s\u0105mon\u0117s b\u016bv\u012f ir su pa\u010dia \u017emonijos \u0161irdimi ir siela kalb\u0117davosi apie sveikat\u0105, gydym\u0105, sapnus, prana\u0161ystes, meditacij\u0105 ir reinkarnacij\u0105. Daugiau kaip 14 000 jo \u201eskaitym\u0173\u201c yra saugomi Mokslini\u0173 tyrim\u0173 ir \u0161vietimo asociacijose Vird\u017einijoje, By\u010d Vird\u017einijos valstijoje.<\/p>\n","protected":false},"featured_media":22666,"comment_status":"open","ping_status":"closed","template":"","meta":{"_acf_changed":false,"site-sidebar-layout":"default","site-content-layout":"","ast-site-content-layout":"default","site-content-style":"default","site-sidebar-style":"default","ast-global-header-display":"","ast-banner-title-visibility":"","ast-main-header-display":"","ast-hfb-above-header-display":"","ast-hfb-below-header-display":"","ast-hfb-mobile-header-display":"","site-post-title":"","ast-breadcrumbs-content":"","ast-featured-img":"","footer-sml-layout":"","ast-disable-related-posts":"","theme-transparent-header-meta":"","adv-header-id-meta":"","stick-header-meta":"","header-above-stick-meta":"","header-main-stick-meta":"","header-below-stick-meta":"","astra-migrate-meta-layouts":"default","ast-page-background-enabled":"default","ast-page-background-meta":{"desktop":{"background-color":"","background-image":"","background-repeat":"repeat","background-position":"center center","background-size":"auto","background-attachment":"scroll","background-type":"","background-media":"","overlay-type":"","overlay-color":"","overlay-opacity":"","overlay-gradient":""},"tablet":{"background-color":"","background-image":"","background-repeat":"repeat","background-position":"center center","background-size":"auto","background-attachment":"scroll","background-type":"","background-media":"","overlay-type":"","overlay-color":"","overlay-opacity":"","overlay-gradient":""},"mobile":{"background-color":"","background-image":"","background-repeat":"repeat","background-position":"center center","background-size":"auto","background-attachment":"scroll","background-type":"","background-media":"","overlay-type":"","overlay-color":"","overlay-opacity":"","overlay-gradient":""}},"ast-content-background-meta":{"desktop":{"background-color":"var(--ast-global-color-4)","background-image":"","background-repeat":"repeat","background-position":"center center","background-size":"auto","background-attachment":"scroll","background-type":"","background-media":"","overlay-type":"","overlay-color":"","overlay-opacity":"","overlay-gradient":""},"tablet":{"background-color":"var(--ast-global-color-4)","background-image":"","background-repeat":"repeat","background-position":"center center","background-size":"auto","background-attachment":"scroll","background-type":"","background-media":"","overlay-type":"","overlay-color":"","overlay-opacity":"","overlay-gradient":""},"mobile":{"background-color":"var(--ast-global-color-4)","background-image":"","background-repeat":"repeat","background-position":"center center","background-size":"auto","background-attachment":"scroll","background-type":"","background-media":"","overlay-type":"","overlay-color":"","overlay-opacity":"","overlay-gradient":""}}},"product_brand":[],"product_cat":[174],"product_tag":[9306],"class_list":{"0":"post-22661","1":"product","2":"type-product","3":"status-publish","4":"has-post-thumbnail","6":"product_cat-istorija-ir-politologija","7":"product_tag-ltstearn-jess","8":"desktop-align-left","9":"tablet-align-left","10":"mobile-align-left","12":"first","13":"instock","14":"shipping-taxable","15":"purchasable","16":"product-type-simple"},"acf":[],"yoast_head":"<!-- This site is optimized with the Yoast SEO plugin v27.0 - https:\/\/yoast.com\/product\/yoast-seo-wordpress\/ -->\n<title>Edgaras Keisas-miegantis prana\u0161as<\/title>\n<meta name=\"description\" content=\"J. Stearnas \u2013 plataus pripa\u017einimo sulauk\u0119s \u017eurnalistas ir pirmaujantis amerikie\u010di\u0173 autorius, ra\u0161antis metafizikos temomis. Keturios knygos nagrin\u0117ja\" \/>\n<meta name=\"robots\" content=\"index, follow, max-snippet:-1, max-image-preview:large, max-video-preview:-1\" \/>\n<link rel=\"canonical\" href=\"https:\/\/skaitytaknyga.lt\/en\/produktas\/edgaras-keisas-miegantis-pranasas\/\" \/>\n<meta property=\"og:locale\" content=\"en_GB\" \/>\n<meta property=\"og:locale:alternate\" content=\"lt_LT\" \/>\n<meta property=\"og:type\" content=\"article\" \/>\n<meta property=\"og:title\" content=\"Edgaras Keisas-miegantis prana\u0161as\" \/>\n<meta property=\"og:description\" content=\"J. Stearnas \u2013 plataus pripa\u017einimo sulauk\u0119s \u017eurnalistas ir pirmaujantis amerikie\u010di\u0173 autorius, ra\u0161antis metafizikos temomis. Keturios knygos nagrin\u0117ja\" \/>\n<meta property=\"og:url\" content=\"https:\/\/skaitytaknyga.lt\/en\/produktas\/edgaras-keisas-miegantis-pranasas\/\" \/>\n<meta property=\"og:site_name\" content=\"Skaitytaknyga\" \/>\n<meta property=\"article:publisher\" content=\"https:\/\/www.facebook.com\/skaitytaknyga\/\" \/>\n<meta property=\"article:modified_time\" content=\"2026-02-26T07:56:13+00:00\" \/>\n<meta property=\"og:image\" content=\"https:\/\/skaitytaknyga.lt\/wp-content\/uploads\/2026\/01\/Edgaras-Keisas-miegantis-pranasas-1.webp\" \/>\n\t<meta property=\"og:image:width\" content=\"300\" \/>\n\t<meta property=\"og:image:height\" content=\"427\" \/>\n\t<meta property=\"og:image:type\" content=\"image\/webp\" \/>\n<meta name=\"twitter:card\" content=\"summary_large_image\" \/>\n<meta name=\"twitter:label1\" content=\"Estimated reading time\" \/>\n\t<meta name=\"twitter:data1\" content=\"1 minute\" \/>\n<script type=\"application\/ld+json\" class=\"yoast-schema-graph\">{\"@context\":\"https:\/\/schema.org\",\"@graph\":[{\"@type\":\"WebPage\",\"@id\":\"https:\/\/skaitytaknyga.lt\/produktas\/edgaras-keisas-miegantis-pranasas\/\",\"url\":\"https:\/\/skaitytaknyga.lt\/produktas\/edgaras-keisas-miegantis-pranasas\/\",\"name\":\"Edgaras Keisas-miegantis prana\u0161as\",\"isPartOf\":{\"@id\":\"https:\/\/skaitytaknyga.lt\/#website\"},\"primaryImageOfPage\":{\"@id\":\"https:\/\/skaitytaknyga.lt\/produktas\/edgaras-keisas-miegantis-pranasas\/#primaryimage\"},\"image\":{\"@id\":\"https:\/\/skaitytaknyga.lt\/produktas\/edgaras-keisas-miegantis-pranasas\/#primaryimage\"},\"thumbnailUrl\":\"https:\/\/skaitytaknyga.lt\/wp-content\/uploads\/2026\/01\/Edgaras-Keisas-miegantis-pranasas-1.webp\",\"datePublished\":\"2026-01-09T17:17:21+00:00\",\"dateModified\":\"2026-02-26T07:56:13+00:00\",\"description\":\"J. Stearnas \u2013 plataus pripa\u017einimo sulauk\u0119s \u017eurnalistas ir pirmaujantis amerikie\u010di\u0173 autorius, ra\u0161antis metafizikos temomis. Keturios knygos nagrin\u0117ja\",\"breadcrumb\":{\"@id\":\"https:\/\/skaitytaknyga.lt\/produktas\/edgaras-keisas-miegantis-pranasas\/#breadcrumb\"},\"inLanguage\":\"en-GB\",\"potentialAction\":[{\"@type\":\"ReadAction\",\"target\":[\"https:\/\/skaitytaknyga.lt\/produktas\/edgaras-keisas-miegantis-pranasas\/\"]}]},{\"@type\":\"ImageObject\",\"inLanguage\":\"en-GB\",\"@id\":\"https:\/\/skaitytaknyga.lt\/produktas\/edgaras-keisas-miegantis-pranasas\/#primaryimage\",\"url\":\"https:\/\/skaitytaknyga.lt\/wp-content\/uploads\/2026\/01\/Edgaras-Keisas-miegantis-pranasas-1.webp\",\"contentUrl\":\"https:\/\/skaitytaknyga.lt\/wp-content\/uploads\/2026\/01\/Edgaras-Keisas-miegantis-pranasas-1.webp\",\"width\":300,\"height\":427,\"caption\":\"Edgaras Keisas-miegantis prana\u0161as\"},{\"@type\":\"BreadcrumbList\",\"@id\":\"https:\/\/skaitytaknyga.lt\/produktas\/edgaras-keisas-miegantis-pranasas\/#breadcrumb\",\"itemListElement\":[{\"@type\":\"ListItem\",\"position\":1,\"name\":\"Home\",\"item\":\"https:\/\/skaitytaknyga.lt\/\"},{\"@type\":\"ListItem\",\"position\":2,\"name\":\"Parduotuv\u0117\",\"item\":\"https:\/\/skaitytaknyga.lt\/knygu-parduotuve\/\"},{\"@type\":\"ListItem\",\"position\":3,\"name\":\"Edgaras Keisas-miegantis prana\u0161as\"}]},{\"@type\":\"WebSite\",\"@id\":\"https:\/\/skaitytaknyga.lt\/#website\",\"url\":\"https:\/\/skaitytaknyga.lt\/\",\"name\":\"skaitytaknyga.lt\",\"description\":\"Skaitytaknyga.lt \u2013 tai ma\u017eas \u0161eimos verslas, kuris prasid\u0117jo nuo meil\u0117s knygoms ir siekio i\u0161gelb\u0117ti knygas nuo likimo prie konteinerio. Kas vienam nereikalingas daiktas \u2013 kitam lobis, o mes esame tarpininkai, kurie padeda abiems tapti laimingesniems ???? \u017dinome kaip nelengva i\u0161gyventi ma\u017eiems verslams, tad nuo \u0161iol, \u010dia rasite ir kit\u0173, ma\u017e\u0173 \u0161eim\u0173 versl\u0173, rank\u0173 darbo, dovan\u0173 sau ir artimiesiems.\",\"publisher\":{\"@id\":\"https:\/\/skaitytaknyga.lt\/#organization\"},\"potentialAction\":[{\"@type\":\"SearchAction\",\"target\":{\"@type\":\"EntryPoint\",\"urlTemplate\":\"https:\/\/skaitytaknyga.lt\/?s={search_term_string}\"},\"query-input\":{\"@type\":\"PropertyValueSpecification\",\"valueRequired\":true,\"valueName\":\"search_term_string\"}}],\"inLanguage\":\"en-GB\"},{\"@type\":\"Organization\",\"@id\":\"https:\/\/skaitytaknyga.lt\/#organization\",\"name\":\"skaitytaknyga.lt\",\"url\":\"https:\/\/skaitytaknyga.lt\/\",\"logo\":{\"@type\":\"ImageObject\",\"inLanguage\":\"en-GB\",\"@id\":\"https:\/\/skaitytaknyga.lt\/#\/schema\/logo\/image\/\",\"url\":\"https:\/\/skaitytaknyga.lt\/wp-content\/uploads\/2024\/05\/cropped-cropped-cropped-02_00843_jt3bggkj1j3HLc7SyY6rEUpg.jpeg\",\"contentUrl\":\"https:\/\/skaitytaknyga.lt\/wp-content\/uploads\/2024\/05\/cropped-cropped-cropped-02_00843_jt3bggkj1j3HLc7SyY6rEUpg.jpeg\",\"width\":1600,\"height\":1600,\"caption\":\"skaitytaknyga.lt\"},\"image\":{\"@id\":\"https:\/\/skaitytaknyga.lt\/#\/schema\/logo\/image\/\"},\"sameAs\":[\"https:\/\/www.facebook.com\/skaitytaknyga\/\"]}]}<\/script>\n<!-- \/ Yoast SEO plugin. -->","yoast_head_json":{"title":"Edgaras Keisas-miegantis prana\u0161as","description":"J. Stearnas \u2013 plataus pripa\u017einimo sulauk\u0119s \u017eurnalistas ir pirmaujantis amerikie\u010di\u0173 autorius, ra\u0161antis metafizikos temomis. Keturios knygos nagrin\u0117ja","robots":{"index":"index","follow":"follow","max-snippet":"max-snippet:-1","max-image-preview":"max-image-preview:large","max-video-preview":"max-video-preview:-1"},"canonical":"https:\/\/skaitytaknyga.lt\/en\/produktas\/edgaras-keisas-miegantis-pranasas\/","og_locale":"en_GB","og_type":"article","og_title":"[:lt]Edgaras Keisas-miegantis prana\u0161as[:] - Skaitytaknyga","og_description":"J. Stearnas \u2013 plataus pripa\u017einimo sulauk\u0119s \u017eurnalistas ir pirmaujantis amerikie\u010di\u0173 autorius, ra\u0161antis metafizikos temomis. Keturios knygos nagrin\u0117ja","og_url":"https:\/\/skaitytaknyga.lt\/en\/produktas\/edgaras-keisas-miegantis-pranasas\/","og_site_name":"Skaitytaknyga","article_publisher":"https:\/\/www.facebook.com\/skaitytaknyga\/","article_modified_time":"2026-02-26T07:56:13+00:00","og_image":[{"width":300,"height":427,"url":"https:\/\/skaitytaknyga.lt\/wp-content\/uploads\/2026\/01\/Edgaras-Keisas-miegantis-pranasas-1.webp","type":"image\/webp"}],"twitter_card":"summary_large_image","twitter_misc":{"Estimated reading time":"1 minute"},"schema":{"@context":"https:\/\/schema.org","@graph":[{"@type":"WebPage","@id":"https:\/\/skaitytaknyga.lt\/produktas\/edgaras-keisas-miegantis-pranasas\/","url":"https:\/\/skaitytaknyga.lt\/produktas\/edgaras-keisas-miegantis-pranasas\/","name":"Edgaras Keisas-miegantis prana\u0161as","isPartOf":{"@id":"https:\/\/skaitytaknyga.lt\/#website"},"primaryImageOfPage":{"@id":"https:\/\/skaitytaknyga.lt\/produktas\/edgaras-keisas-miegantis-pranasas\/#primaryimage"},"image":{"@id":"https:\/\/skaitytaknyga.lt\/produktas\/edgaras-keisas-miegantis-pranasas\/#primaryimage"},"thumbnailUrl":"https:\/\/skaitytaknyga.lt\/wp-content\/uploads\/2026\/01\/Edgaras-Keisas-miegantis-pranasas-1.webp","datePublished":"2026-01-09T17:17:21+00:00","dateModified":"2026-02-26T07:56:13+00:00","description":"J. Stearnas \u2013 plataus pripa\u017einimo sulauk\u0119s \u017eurnalistas ir pirmaujantis amerikie\u010di\u0173 autorius, ra\u0161antis metafizikos temomis. Keturios knygos nagrin\u0117ja","breadcrumb":{"@id":"https:\/\/skaitytaknyga.lt\/produktas\/edgaras-keisas-miegantis-pranasas\/#breadcrumb"},"inLanguage":"en-GB","potentialAction":[{"@type":"ReadAction","target":["https:\/\/skaitytaknyga.lt\/produktas\/edgaras-keisas-miegantis-pranasas\/"]}]},{"@type":"ImageObject","inLanguage":"en-GB","@id":"https:\/\/skaitytaknyga.lt\/produktas\/edgaras-keisas-miegantis-pranasas\/#primaryimage","url":"https:\/\/skaitytaknyga.lt\/wp-content\/uploads\/2026\/01\/Edgaras-Keisas-miegantis-pranasas-1.webp","contentUrl":"https:\/\/skaitytaknyga.lt\/wp-content\/uploads\/2026\/01\/Edgaras-Keisas-miegantis-pranasas-1.webp","width":300,"height":427,"caption":"Edgaras Keisas-miegantis prana\u0161as"},{"@type":"BreadcrumbList","@id":"https:\/\/skaitytaknyga.lt\/produktas\/edgaras-keisas-miegantis-pranasas\/#breadcrumb","itemListElement":[{"@type":"ListItem","position":1,"name":"Home","item":"https:\/\/skaitytaknyga.lt\/"},{"@type":"ListItem","position":2,"name":"Parduotuv\u0117","item":"https:\/\/skaitytaknyga.lt\/knygu-parduotuve\/"},{"@type":"ListItem","position":3,"name":"Edgaras Keisas-miegantis prana\u0161as"}]},{"@type":"WebSite","@id":"https:\/\/skaitytaknyga.lt\/#website","url":"https:\/\/skaitytaknyga.lt\/","name":"skaitytaknyga.lt","description":"Skaitytaknyga.lt \u2013 tai ma\u017eas \u0161eimos verslas, kuris prasid\u0117jo nuo meil\u0117s knygoms ir siekio i\u0161gelb\u0117ti knygas nuo likimo prie konteinerio. Kas vienam nereikalingas daiktas \u2013 kitam lobis, o mes esame tarpininkai, kurie padeda abiems tapti laimingesniems ???? \u017dinome kaip nelengva i\u0161gyventi ma\u017eiems verslams, tad nuo \u0161iol, \u010dia rasite ir kit\u0173, ma\u017e\u0173 \u0161eim\u0173 versl\u0173, rank\u0173 darbo, dovan\u0173 sau ir artimiesiems.","publisher":{"@id":"https:\/\/skaitytaknyga.lt\/#organization"},"potentialAction":[{"@type":"SearchAction","target":{"@type":"EntryPoint","urlTemplate":"https:\/\/skaitytaknyga.lt\/?s={search_term_string}"},"query-input":{"@type":"PropertyValueSpecification","valueRequired":true,"valueName":"search_term_string"}}],"inLanguage":"en-GB"},{"@type":"Organization","@id":"https:\/\/skaitytaknyga.lt\/#organization","name":"skaitytaknyga.lt","url":"https:\/\/skaitytaknyga.lt\/","logo":{"@type":"ImageObject","inLanguage":"en-GB","@id":"https:\/\/skaitytaknyga.lt\/#\/schema\/logo\/image\/","url":"https:\/\/skaitytaknyga.lt\/wp-content\/uploads\/2024\/05\/cropped-cropped-cropped-02_00843_jt3bggkj1j3HLc7SyY6rEUpg.jpeg","contentUrl":"https:\/\/skaitytaknyga.lt\/wp-content\/uploads\/2024\/05\/cropped-cropped-cropped-02_00843_jt3bggkj1j3HLc7SyY6rEUpg.jpeg","width":1600,"height":1600,"caption":"skaitytaknyga.lt"},"image":{"@id":"https:\/\/skaitytaknyga.lt\/#\/schema\/logo\/image\/"},"sameAs":["https:\/\/www.facebook.com\/skaitytaknyga\/"]}]}},"_links":{"self":[{"href":"https:\/\/skaitytaknyga.lt\/en\/wp-json\/wp\/v2\/product\/22661","targetHints":{"allow":["GET"]}}],"collection":[{"href":"https:\/\/skaitytaknyga.lt\/en\/wp-json\/wp\/v2\/product"}],"about":[{"href":"https:\/\/skaitytaknyga.lt\/en\/wp-json\/wp\/v2\/types\/product"}],"replies":[{"embeddable":true,"href":"https:\/\/skaitytaknyga.lt\/en\/wp-json\/wp\/v2\/comments?post=22661"}],"wp:featuredmedia":[{"embeddable":true,"href":"https:\/\/skaitytaknyga.lt\/en\/wp-json\/wp\/v2\/media\/22666"}],"wp:attachment":[{"href":"https:\/\/skaitytaknyga.lt\/en\/wp-json\/wp\/v2\/media?parent=22661"}],"wp:term":[{"taxonomy":"product_brand","embeddable":true,"href":"https:\/\/skaitytaknyga.lt\/en\/wp-json\/wp\/v2\/product_brand?post=22661"},{"taxonomy":"product_cat","embeddable":true,"href":"https:\/\/skaitytaknyga.lt\/en\/wp-json\/wp\/v2\/product_cat?post=22661"},{"taxonomy":"product_tag","embeddable":true,"href":"https:\/\/skaitytaknyga.lt\/en\/wp-json\/wp\/v2\/product_tag?post=22661"}],"curies":[{"name":"wp","href":"https:\/\/api.w.org\/{rel}","templated":true}]}}