{"id":22654,"date":"2026-01-09T17:38:16","date_gmt":"2026-01-09T15:38:16","guid":{"rendered":"https:\/\/skaitytaknyga.lt\/?post_type=product&#038;p=22654"},"modified":"2026-01-30T12:13:32","modified_gmt":"2026-01-30T10:13:32","slug":"moteris-su-automobiliu-akiniais-ir-ginklu","status":"publish","type":"product","link":"https:\/\/skaitytaknyga.lt\/en\/produktas\/moteris-su-automobiliu-akiniais-ir-ginklu\/","title":{"rendered":"Moteris su automobiliu, akiniais ir ginklu"},"content":{"rendered":"<p>Dani gauna u\u017eduot\u012f. Merginos vadovas, charizmati\u0161kasis Mi\u0161elis, pra\u0161o j\u012f su \u0161eima nuve\u017eti \u012f oro uost\u0105 ir parvairuoti prabang\u0173 automobil\u012f atgal \u012f Pary\u017ei\u0173. Naudodamasi proga mergina nusprend\u017eia aplankyti Pranc\u016bzijos pietus, nes niekada n\u0117ra buvusi prie j\u016bros. Ta\u010diau svaigul\u012f ir beproti\u0161k\u0105 laisv\u0117s poj\u016bt\u012f va\u017eiuojant pakrante sudrums\u010dia keisti \u012fvykiai. Sustojus pakeliui, j\u0105 u\u017ekalbina moteris, kuri tvirtina, kad Dani \u0161\u012f ryt\u0105 buvo jos kavin\u0117je ir pamir\u0161o palt\u0105. V\u0117liau autoservise j\u0105 ka\u017ekas u\u017epuola ir su\u017ealoja rank\u0105, o savininkas tvirtina, kad dar vakar tais\u0117 jos automobil\u012f. Nakt\u012f sustabdo policininkas, \u012fsitikin\u0119s, kad jau \u012fsp\u0117jo d\u0117l ne\u0161vie\u010dian\u010di\u0173 \u017eibint\u0173. Negana to, paai\u0161k\u0117ja, jog automobilio baga\u017ein\u0117je yra kai kas, d\u0117l ko mergina gal\u0117t\u0173 atsidurti kal\u0117jime. Dani vis didina greit\u012f, bet u\u017euot priart\u0117jusi prie tiesos, nuo jos vis labiau tolsta.<\/p>\n<p>Giliai u\u017esl\u0117pt\u0105 ties\u0105 subtiliai atskleid\u017eia automobilis, akiniai ir ginklas. Kiekvienas i\u0161duoda po dalel\u0119 nedoros gudryb\u0117s, kuri slepiasi tamsi\u0173 praeities \u0161e\u0161\u0117li\u0173 \u0161okyje.<\/p>\n","protected":false},"excerpt":{"rendered":"<p>Dani gauna u\u017eduot\u012f. Merginos vadovas, charizmati\u0161kasis Mi\u0161elis, pra\u0161o j\u012f su \u0161eima nuve\u017eti \u012f oro uost\u0105 ir parvairuoti prabang\u0173 automobil\u012f atgal \u012f Pary\u017ei\u0173. Naudodamasi proga mergina nusprend\u017eia aplankyti Pranc\u016bzijos pietus, nes niekada n\u0117ra buvusi prie j\u016bros. Ta\u010diau svaigul\u012f ir beproti\u0161k\u0105 laisv\u0117s poj\u016bt\u012f va\u017eiuojant pakrante sudrums\u010dia keisti \u012fvykiai. Sustojus pakeliui, j\u0105 u\u017ekalbina moteris, kuri tvirtina, kad Dani \u0161\u012f ryt\u0105 buvo jos kavin\u0117je ir pamir\u0161o palt\u0105. V\u0117liau autoservise j\u0105 ka\u017ekas u\u017epuola ir su\u017ealoja rank\u0105, o savininkas tvirtina, kad dar vakar tais\u0117 jos automobil\u012f. Nakt\u012f sustabdo policininkas, \u012fsitikin\u0119s, kad jau \u012fsp\u0117jo d\u0117l ne\u0161vie\u010dian\u010di\u0173 \u017eibint\u0173. Negana to, paai\u0161k\u0117ja, jog automobilio baga\u017ein\u0117je yra kai kas, d\u0117l ko mergina gal\u0117t\u0173 atsidurti kal\u0117jime. Dani vis didina greit\u012f, bet u\u017euot priart\u0117jusi prie tiesos, nuo jos vis labiau tolsta. Giliai u\u017esl\u0117pt\u0105 ties\u0105 subtiliai atskleid\u017eia automobilis, akiniai ir ginklas. Kiekvienas i\u0161duoda po dalel\u0119 nedoros gudryb\u0117s, kuri slepiasi tamsi\u0173 praeities \u0161e\u0161\u0117li\u0173 \u0161okyje.<\/p>\n","protected":false},"featured_media":22659,"comment_status":"open","ping_status":"closed","template":"","meta":{"_acf_changed":false,"site-sidebar-layout":"default","site-content-layout":"","ast-site-content-layout":"default","site-content-style":"default","site-sidebar-style":"default","ast-global-header-display":"","ast-banner-title-visibility":"","ast-main-header-display":"","ast-hfb-above-header-display":"","ast-hfb-below-header-display":"","ast-hfb-mobile-header-display":"","site-post-title":"","ast-breadcrumbs-content":"","ast-featured-img":"","footer-sml-layout":"","ast-disable-related-posts":"","theme-transparent-header-meta":"","adv-header-id-meta":"","stick-header-meta":"","header-above-stick-meta":"","header-main-stick-meta":"","header-below-stick-meta":"","astra-migrate-meta-layouts":"default","ast-page-background-enabled":"default","ast-page-background-meta":{"desktop":{"background-color":"","background-image":"","background-repeat":"repeat","background-position":"center center","background-size":"auto","background-attachment":"scroll","background-type":"","background-media":"","overlay-type":"","overlay-color":"","overlay-opacity":"","overlay-gradient":""},"tablet":{"background-color":"","background-image":"","background-repeat":"repeat","background-position":"center center","background-size":"auto","background-attachment":"scroll","background-type":"","background-media":"","overlay-type":"","overlay-color":"","overlay-opacity":"","overlay-gradient":""},"mobile":{"background-color":"","background-image":"","background-repeat":"repeat","background-position":"center center","background-size":"auto","background-attachment":"scroll","background-type":"","background-media":"","overlay-type":"","overlay-color":"","overlay-opacity":"","overlay-gradient":""}},"ast-content-background-meta":{"desktop":{"background-color":"var(--ast-global-color-4)","background-image":"","background-repeat":"repeat","background-position":"center center","background-size":"auto","background-attachment":"scroll","background-type":"","background-media":"","overlay-type":"","overlay-color":"","overlay-opacity":"","overlay-gradient":""},"tablet":{"background-color":"var(--ast-global-color-4)","background-image":"","background-repeat":"repeat","background-position":"center center","background-size":"auto","background-attachment":"scroll","background-type":"","background-media":"","overlay-type":"","overlay-color":"","overlay-opacity":"","overlay-gradient":""},"mobile":{"background-color":"var(--ast-global-color-4)","background-image":"","background-repeat":"repeat","background-position":"center center","background-size":"auto","background-attachment":"scroll","background-type":"","background-media":"","overlay-type":"","overlay-color":"","overlay-opacity":"","overlay-gradient":""}}},"product_brand":[],"product_cat":[31],"product_tag":[9305],"class_list":{"0":"post-22654","1":"product","2":"type-product","3":"status-publish","4":"has-post-thumbnail","6":"product_cat-grozine-literatura","7":"product_tag-ltsebastien-japrisot","8":"desktop-align-left","9":"tablet-align-left","10":"mobile-align-left","12":"first","13":"instock","14":"shipping-taxable","15":"purchasable","16":"product-type-simple"},"acf":[],"yoast_head":"<!-- This site is optimized with the Yoast SEO plugin v27.0 - https:\/\/yoast.com\/product\/yoast-seo-wordpress\/ -->\n<title>Moteris su automobiliu, akiniais ir ginklu<\/title>\n<meta name=\"description\" content=\"Dani gauna u\u017eduot\u012f. Merginos vadovas, charizmati\u0161kasis Mi\u0161elis, pra\u0161o j\u012f su \u0161eima nuve\u017eti \u012f oro uost\u0105 ir parvairuoti prabang\u0173 automobil\u012f atgal \u012f Pary\u017ei\u0173.\" \/>\n<meta name=\"robots\" content=\"index, follow, max-snippet:-1, max-image-preview:large, max-video-preview:-1\" \/>\n<link rel=\"canonical\" href=\"https:\/\/skaitytaknyga.lt\/en\/produktas\/moteris-su-automobiliu-akiniais-ir-ginklu\/\" \/>\n<meta property=\"og:locale\" content=\"en_GB\" \/>\n<meta property=\"og:locale:alternate\" content=\"lt_LT\" \/>\n<meta property=\"og:type\" content=\"article\" \/>\n<meta property=\"og:title\" content=\"Moteris su automobiliu, akiniais ir ginklu\" \/>\n<meta property=\"og:description\" content=\"Dani gauna u\u017eduot\u012f. Merginos vadovas, charizmati\u0161kasis Mi\u0161elis, pra\u0161o j\u012f su \u0161eima nuve\u017eti \u012f oro uost\u0105 ir parvairuoti prabang\u0173 automobil\u012f atgal \u012f Pary\u017ei\u0173.\" \/>\n<meta property=\"og:url\" content=\"https:\/\/skaitytaknyga.lt\/en\/produktas\/moteris-su-automobiliu-akiniais-ir-ginklu\/\" \/>\n<meta property=\"og:site_name\" content=\"Skaitytaknyga\" \/>\n<meta property=\"article:publisher\" content=\"https:\/\/www.facebook.com\/skaitytaknyga\/\" \/>\n<meta property=\"article:modified_time\" content=\"2026-01-30T10:13:32+00:00\" \/>\n<meta property=\"og:image\" content=\"https:\/\/skaitytaknyga.lt\/wp-content\/uploads\/2026\/01\/Moteris-su-automobiliu-akiniais-ir-ginklu-1.webp\" \/>\n\t<meta property=\"og:image:width\" content=\"300\" \/>\n\t<meta property=\"og:image:height\" content=\"450\" \/>\n\t<meta property=\"og:image:type\" content=\"image\/webp\" \/>\n<meta name=\"twitter:card\" content=\"summary_large_image\" \/>\n<meta name=\"twitter:label1\" content=\"Estimated reading time\" \/>\n\t<meta name=\"twitter:data1\" content=\"1 minute\" \/>\n<script type=\"application\/ld+json\" class=\"yoast-schema-graph\">{\"@context\":\"https:\/\/schema.org\",\"@graph\":[{\"@type\":\"WebPage\",\"@id\":\"https:\/\/skaitytaknyga.lt\/produktas\/moteris-su-automobiliu-akiniais-ir-ginklu\/\",\"url\":\"https:\/\/skaitytaknyga.lt\/produktas\/moteris-su-automobiliu-akiniais-ir-ginklu\/\",\"name\":\"Moteris su automobiliu, akiniais ir ginklu\",\"isPartOf\":{\"@id\":\"https:\/\/skaitytaknyga.lt\/#website\"},\"primaryImageOfPage\":{\"@id\":\"https:\/\/skaitytaknyga.lt\/produktas\/moteris-su-automobiliu-akiniais-ir-ginklu\/#primaryimage\"},\"image\":{\"@id\":\"https:\/\/skaitytaknyga.lt\/produktas\/moteris-su-automobiliu-akiniais-ir-ginklu\/#primaryimage\"},\"thumbnailUrl\":\"https:\/\/skaitytaknyga.lt\/wp-content\/uploads\/2026\/01\/Moteris-su-automobiliu-akiniais-ir-ginklu-1.webp\",\"datePublished\":\"2026-01-09T15:38:16+00:00\",\"dateModified\":\"2026-01-30T10:13:32+00:00\",\"description\":\"Dani gauna u\u017eduot\u012f. Merginos vadovas, charizmati\u0161kasis Mi\u0161elis, pra\u0161o j\u012f su \u0161eima nuve\u017eti \u012f oro uost\u0105 ir parvairuoti prabang\u0173 automobil\u012f atgal \u012f Pary\u017ei\u0173.\",\"breadcrumb\":{\"@id\":\"https:\/\/skaitytaknyga.lt\/produktas\/moteris-su-automobiliu-akiniais-ir-ginklu\/#breadcrumb\"},\"inLanguage\":\"en-GB\",\"potentialAction\":[{\"@type\":\"ReadAction\",\"target\":[\"https:\/\/skaitytaknyga.lt\/produktas\/moteris-su-automobiliu-akiniais-ir-ginklu\/\"]}]},{\"@type\":\"ImageObject\",\"inLanguage\":\"en-GB\",\"@id\":\"https:\/\/skaitytaknyga.lt\/produktas\/moteris-su-automobiliu-akiniais-ir-ginklu\/#primaryimage\",\"url\":\"https:\/\/skaitytaknyga.lt\/wp-content\/uploads\/2026\/01\/Moteris-su-automobiliu-akiniais-ir-ginklu-1.webp\",\"contentUrl\":\"https:\/\/skaitytaknyga.lt\/wp-content\/uploads\/2026\/01\/Moteris-su-automobiliu-akiniais-ir-ginklu-1.webp\",\"width\":300,\"height\":450,\"caption\":\"Moteris su automobiliu, akiniais ir ginklu\"},{\"@type\":\"BreadcrumbList\",\"@id\":\"https:\/\/skaitytaknyga.lt\/produktas\/moteris-su-automobiliu-akiniais-ir-ginklu\/#breadcrumb\",\"itemListElement\":[{\"@type\":\"ListItem\",\"position\":1,\"name\":\"Home\",\"item\":\"https:\/\/skaitytaknyga.lt\/\"},{\"@type\":\"ListItem\",\"position\":2,\"name\":\"Parduotuv\u0117\",\"item\":\"https:\/\/skaitytaknyga.lt\/knygu-parduotuve\/\"},{\"@type\":\"ListItem\",\"position\":3,\"name\":\"Moteris su automobiliu, akiniais ir ginklu\"}]},{\"@type\":\"WebSite\",\"@id\":\"https:\/\/skaitytaknyga.lt\/#website\",\"url\":\"https:\/\/skaitytaknyga.lt\/\",\"name\":\"skaitytaknyga.lt\",\"description\":\"Skaitytaknyga.lt \u2013 tai ma\u017eas \u0161eimos verslas, kuris prasid\u0117jo nuo meil\u0117s knygoms ir siekio i\u0161gelb\u0117ti knygas nuo likimo prie konteinerio. Kas vienam nereikalingas daiktas \u2013 kitam lobis, o mes esame tarpininkai, kurie padeda abiems tapti laimingesniems ???? \u017dinome kaip nelengva i\u0161gyventi ma\u017eiems verslams, tad nuo \u0161iol, \u010dia rasite ir kit\u0173, ma\u017e\u0173 \u0161eim\u0173 versl\u0173, rank\u0173 darbo, dovan\u0173 sau ir artimiesiems.\",\"publisher\":{\"@id\":\"https:\/\/skaitytaknyga.lt\/#organization\"},\"potentialAction\":[{\"@type\":\"SearchAction\",\"target\":{\"@type\":\"EntryPoint\",\"urlTemplate\":\"https:\/\/skaitytaknyga.lt\/?s={search_term_string}\"},\"query-input\":{\"@type\":\"PropertyValueSpecification\",\"valueRequired\":true,\"valueName\":\"search_term_string\"}}],\"inLanguage\":\"en-GB\"},{\"@type\":\"Organization\",\"@id\":\"https:\/\/skaitytaknyga.lt\/#organization\",\"name\":\"skaitytaknyga.lt\",\"url\":\"https:\/\/skaitytaknyga.lt\/\",\"logo\":{\"@type\":\"ImageObject\",\"inLanguage\":\"en-GB\",\"@id\":\"https:\/\/skaitytaknyga.lt\/#\/schema\/logo\/image\/\",\"url\":\"https:\/\/skaitytaknyga.lt\/wp-content\/uploads\/2024\/05\/cropped-cropped-cropped-02_00843_jt3bggkj1j3HLc7SyY6rEUpg.jpeg\",\"contentUrl\":\"https:\/\/skaitytaknyga.lt\/wp-content\/uploads\/2024\/05\/cropped-cropped-cropped-02_00843_jt3bggkj1j3HLc7SyY6rEUpg.jpeg\",\"width\":1600,\"height\":1600,\"caption\":\"skaitytaknyga.lt\"},\"image\":{\"@id\":\"https:\/\/skaitytaknyga.lt\/#\/schema\/logo\/image\/\"},\"sameAs\":[\"https:\/\/www.facebook.com\/skaitytaknyga\/\"]}]}<\/script>\n<!-- \/ Yoast SEO plugin. -->","yoast_head_json":{"title":"Moteris su automobiliu, akiniais ir ginklu","description":"Dani gauna u\u017eduot\u012f. Merginos vadovas, charizmati\u0161kasis Mi\u0161elis, pra\u0161o j\u012f su \u0161eima nuve\u017eti \u012f oro uost\u0105 ir parvairuoti prabang\u0173 automobil\u012f atgal \u012f Pary\u017ei\u0173.","robots":{"index":"index","follow":"follow","max-snippet":"max-snippet:-1","max-image-preview":"max-image-preview:large","max-video-preview":"max-video-preview:-1"},"canonical":"https:\/\/skaitytaknyga.lt\/en\/produktas\/moteris-su-automobiliu-akiniais-ir-ginklu\/","og_locale":"en_GB","og_type":"article","og_title":"[:lt]Moteris su automobiliu, akiniais ir ginklu[:] - Skaitytaknyga","og_description":"Dani gauna u\u017eduot\u012f. Merginos vadovas, charizmati\u0161kasis Mi\u0161elis, pra\u0161o j\u012f su \u0161eima nuve\u017eti \u012f oro uost\u0105 ir parvairuoti prabang\u0173 automobil\u012f atgal \u012f Pary\u017ei\u0173.","og_url":"https:\/\/skaitytaknyga.lt\/en\/produktas\/moteris-su-automobiliu-akiniais-ir-ginklu\/","og_site_name":"Skaitytaknyga","article_publisher":"https:\/\/www.facebook.com\/skaitytaknyga\/","article_modified_time":"2026-01-30T10:13:32+00:00","og_image":[{"width":300,"height":450,"url":"https:\/\/skaitytaknyga.lt\/wp-content\/uploads\/2026\/01\/Moteris-su-automobiliu-akiniais-ir-ginklu-1.webp","type":"image\/webp"}],"twitter_card":"summary_large_image","twitter_misc":{"Estimated reading time":"1 minute"},"schema":{"@context":"https:\/\/schema.org","@graph":[{"@type":"WebPage","@id":"https:\/\/skaitytaknyga.lt\/produktas\/moteris-su-automobiliu-akiniais-ir-ginklu\/","url":"https:\/\/skaitytaknyga.lt\/produktas\/moteris-su-automobiliu-akiniais-ir-ginklu\/","name":"Moteris su automobiliu, akiniais ir ginklu","isPartOf":{"@id":"https:\/\/skaitytaknyga.lt\/#website"},"primaryImageOfPage":{"@id":"https:\/\/skaitytaknyga.lt\/produktas\/moteris-su-automobiliu-akiniais-ir-ginklu\/#primaryimage"},"image":{"@id":"https:\/\/skaitytaknyga.lt\/produktas\/moteris-su-automobiliu-akiniais-ir-ginklu\/#primaryimage"},"thumbnailUrl":"https:\/\/skaitytaknyga.lt\/wp-content\/uploads\/2026\/01\/Moteris-su-automobiliu-akiniais-ir-ginklu-1.webp","datePublished":"2026-01-09T15:38:16+00:00","dateModified":"2026-01-30T10:13:32+00:00","description":"Dani gauna u\u017eduot\u012f. Merginos vadovas, charizmati\u0161kasis Mi\u0161elis, pra\u0161o j\u012f su \u0161eima nuve\u017eti \u012f oro uost\u0105 ir parvairuoti prabang\u0173 automobil\u012f atgal \u012f Pary\u017ei\u0173.","breadcrumb":{"@id":"https:\/\/skaitytaknyga.lt\/produktas\/moteris-su-automobiliu-akiniais-ir-ginklu\/#breadcrumb"},"inLanguage":"en-GB","potentialAction":[{"@type":"ReadAction","target":["https:\/\/skaitytaknyga.lt\/produktas\/moteris-su-automobiliu-akiniais-ir-ginklu\/"]}]},{"@type":"ImageObject","inLanguage":"en-GB","@id":"https:\/\/skaitytaknyga.lt\/produktas\/moteris-su-automobiliu-akiniais-ir-ginklu\/#primaryimage","url":"https:\/\/skaitytaknyga.lt\/wp-content\/uploads\/2026\/01\/Moteris-su-automobiliu-akiniais-ir-ginklu-1.webp","contentUrl":"https:\/\/skaitytaknyga.lt\/wp-content\/uploads\/2026\/01\/Moteris-su-automobiliu-akiniais-ir-ginklu-1.webp","width":300,"height":450,"caption":"Moteris su automobiliu, akiniais ir ginklu"},{"@type":"BreadcrumbList","@id":"https:\/\/skaitytaknyga.lt\/produktas\/moteris-su-automobiliu-akiniais-ir-ginklu\/#breadcrumb","itemListElement":[{"@type":"ListItem","position":1,"name":"Home","item":"https:\/\/skaitytaknyga.lt\/"},{"@type":"ListItem","position":2,"name":"Parduotuv\u0117","item":"https:\/\/skaitytaknyga.lt\/knygu-parduotuve\/"},{"@type":"ListItem","position":3,"name":"Moteris su automobiliu, akiniais ir ginklu"}]},{"@type":"WebSite","@id":"https:\/\/skaitytaknyga.lt\/#website","url":"https:\/\/skaitytaknyga.lt\/","name":"skaitytaknyga.lt","description":"Skaitytaknyga.lt \u2013 tai ma\u017eas \u0161eimos verslas, kuris prasid\u0117jo nuo meil\u0117s knygoms ir siekio i\u0161gelb\u0117ti knygas nuo likimo prie konteinerio. Kas vienam nereikalingas daiktas \u2013 kitam lobis, o mes esame tarpininkai, kurie padeda abiems tapti laimingesniems ???? \u017dinome kaip nelengva i\u0161gyventi ma\u017eiems verslams, tad nuo \u0161iol, \u010dia rasite ir kit\u0173, ma\u017e\u0173 \u0161eim\u0173 versl\u0173, rank\u0173 darbo, dovan\u0173 sau ir artimiesiems.","publisher":{"@id":"https:\/\/skaitytaknyga.lt\/#organization"},"potentialAction":[{"@type":"SearchAction","target":{"@type":"EntryPoint","urlTemplate":"https:\/\/skaitytaknyga.lt\/?s={search_term_string}"},"query-input":{"@type":"PropertyValueSpecification","valueRequired":true,"valueName":"search_term_string"}}],"inLanguage":"en-GB"},{"@type":"Organization","@id":"https:\/\/skaitytaknyga.lt\/#organization","name":"skaitytaknyga.lt","url":"https:\/\/skaitytaknyga.lt\/","logo":{"@type":"ImageObject","inLanguage":"en-GB","@id":"https:\/\/skaitytaknyga.lt\/#\/schema\/logo\/image\/","url":"https:\/\/skaitytaknyga.lt\/wp-content\/uploads\/2024\/05\/cropped-cropped-cropped-02_00843_jt3bggkj1j3HLc7SyY6rEUpg.jpeg","contentUrl":"https:\/\/skaitytaknyga.lt\/wp-content\/uploads\/2024\/05\/cropped-cropped-cropped-02_00843_jt3bggkj1j3HLc7SyY6rEUpg.jpeg","width":1600,"height":1600,"caption":"skaitytaknyga.lt"},"image":{"@id":"https:\/\/skaitytaknyga.lt\/#\/schema\/logo\/image\/"},"sameAs":["https:\/\/www.facebook.com\/skaitytaknyga\/"]}]}},"_links":{"self":[{"href":"https:\/\/skaitytaknyga.lt\/en\/wp-json\/wp\/v2\/product\/22654","targetHints":{"allow":["GET"]}}],"collection":[{"href":"https:\/\/skaitytaknyga.lt\/en\/wp-json\/wp\/v2\/product"}],"about":[{"href":"https:\/\/skaitytaknyga.lt\/en\/wp-json\/wp\/v2\/types\/product"}],"replies":[{"embeddable":true,"href":"https:\/\/skaitytaknyga.lt\/en\/wp-json\/wp\/v2\/comments?post=22654"}],"wp:featuredmedia":[{"embeddable":true,"href":"https:\/\/skaitytaknyga.lt\/en\/wp-json\/wp\/v2\/media\/22659"}],"wp:attachment":[{"href":"https:\/\/skaitytaknyga.lt\/en\/wp-json\/wp\/v2\/media?parent=22654"}],"wp:term":[{"taxonomy":"product_brand","embeddable":true,"href":"https:\/\/skaitytaknyga.lt\/en\/wp-json\/wp\/v2\/product_brand?post=22654"},{"taxonomy":"product_cat","embeddable":true,"href":"https:\/\/skaitytaknyga.lt\/en\/wp-json\/wp\/v2\/product_cat?post=22654"},{"taxonomy":"product_tag","embeddable":true,"href":"https:\/\/skaitytaknyga.lt\/en\/wp-json\/wp\/v2\/product_tag?post=22654"}],"curies":[{"name":"wp","href":"https:\/\/api.w.org\/{rel}","templated":true}]}}