{"id":22652,"date":"2026-01-09T17:38:13","date_gmt":"2026-01-09T15:38:13","guid":{"rendered":"https:\/\/skaitytaknyga.lt\/?post_type=product&#038;p=22652"},"modified":"2026-01-09T19:23:03","modified_gmt":"2026-01-09T17:23:03","slug":"bridzita-dzouns-pamisusi-del-meiles","status":"publish","type":"product","link":"https:\/\/skaitytaknyga.lt\/en\/produktas\/bridzita-dzouns-pamisusi-del-meiles\/","title":{"rendered":"Brid\u017eita D\u017eouns. Pami\u0161usi d\u0117l meil\u0117s"},"content":{"rendered":"<p>\u201eBrid\u017eita D\u017eouns. Pami\u0161usi d\u0117l meil\u0117s\u201c \u2013 subtili, jaudinanti, tokia pat ne\u012ftik\u0117tinai \u012fdomi, s\u0105mojinga, i\u0161mintinga ir velni\u0161kai juokinga.<\/p>\n<p>Ilgai lauktoje tre\u010dioje knygoje \u201eBrid\u017eita D\u017eouns. Pami\u0161usi d\u0117l meil\u0117s\u201c \u017eavioji heroj\u0117 i\u0161gyvena nauj\u0105 etap\u0105. Nors kei\u010diasi jos k\u016bno formos ir drabu\u017ei\u0173 dyd\u017eiai, o kova su nesuvokiamai sud\u0117tingais nuotolinio valdymo pulteliais tik \u012fgauna pagreit\u012f, ji i\u0161lieka ta pati ne\u012fveikiama ir jaudinanti b\u016btyb\u0117, kuri\u0105 prisimename i\u0161 ankstesni\u0173 roman\u0173.<\/p>\n<p>Brid\u017eitai tenka susidoroti su vieni\u0161os motinos vaidmeniu, \u012fveikti tviter\u012f, SMS susira\u0161in\u0117jim\u0105 ir kitas technologijas, i\u0161 naujo atrasti savo seksualum\u0105, net b\u016bnant \u2013 atsargiai, tuoj bus labai bais\u016bs, pasen\u0119 \u017eod\u017eiai! \u2013 vidutinio am\u017eiaus.<\/p>\n<p>\u0160ios kartos fenomenas ir vis\u0173 tobul\u0173j\u0173 moter\u0173 prie\u0161ingyb\u0117 Brid\u017eita D\u017eouns tiesiog u\u017ekariavo pasaul\u012f: pirmosios dvi knygos i\u0161leistos 40 \u0161ali\u0173 daugiau kaip 15 milijon\u0173 egzempliori\u0173 tira\u017eu!<\/p>\n<p>Romanai \u201eBrid\u017eita D\u017eouns. Dienora\u0161tis\u201c ir \u201eBrid\u017eita D\u017eouns. Ties proto riba\u201c ekranizuoti, o filmuose vaidino gars\u016bs aktoriai Ren\u0117 Zelveger, Hju Grantas ir Kolinas Firtas.<\/p>\n<p>\u0160ioje knygoje Brid\u017eit\u0105 u\u017egrius galyb\u0117 paini\u0173 klausim\u0173: k\u0105 daryti, jei draug\u0117s gimtadienis i\u0161puola t\u0105 pa\u010di\u0105 dien\u0105, kaip ir beveik perpus jaunesnio vaikino? Nuo ko geriau mirti \u2013 nuo botokso ar nuo vienatv\u0117s, nes esi visa rauk\u0161l\u0117ta? Ar permiegoti su vaikinu po dviej\u0173 pasimatym\u0173 ir \u0161e\u0161i\u0173 savai\u010di\u0173 susira\u0161in\u0117jimo internete yra tas pats, kaip susituokti su vyri\u0161kiu po dviej\u0173 susitikim\u0173 ir \u0161e\u0161i\u0173 m\u0117nesi\u0173 susira\u0161in\u0117jimo lai\u0161kais D\u017eein\u0117s Ostin laikais?<\/p>\n","protected":false},"excerpt":{"rendered":"<p>\u201eBrid\u017eita D\u017eouns. Pami\u0161usi d\u0117l meil\u0117s\u201c \u2013 subtili, jaudinanti, tokia pat ne\u012ftik\u0117tinai \u012fdomi, s\u0105mojinga, i\u0161mintinga ir velni\u0161kai juokinga. Ilgai lauktoje tre\u010dioje knygoje \u201eBrid\u017eita D\u017eouns. Pami\u0161usi d\u0117l meil\u0117s\u201c \u017eavioji heroj\u0117 i\u0161gyvena nauj\u0105 etap\u0105. Nors kei\u010diasi jos k\u016bno formos ir drabu\u017ei\u0173 dyd\u017eiai, o kova su nesuvokiamai sud\u0117tingais nuotolinio valdymo pulteliais tik \u012fgauna pagreit\u012f, ji i\u0161lieka ta pati ne\u012fveikiama ir jaudinanti b\u016btyb\u0117, kuri\u0105 prisimename i\u0161 ankstesni\u0173 roman\u0173. Brid\u017eitai tenka susidoroti su vieni\u0161os motinos vaidmeniu, \u012fveikti tviter\u012f, SMS susira\u0161in\u0117jim\u0105 ir kitas technologijas, i\u0161 naujo atrasti savo seksualum\u0105, net b\u016bnant \u2013 atsargiai, tuoj bus labai bais\u016bs, pasen\u0119 \u017eod\u017eiai! \u2013 vidutinio am\u017eiaus. \u0160ios kartos fenomenas ir vis\u0173 tobul\u0173j\u0173 moter\u0173 prie\u0161ingyb\u0117 Brid\u017eita D\u017eouns tiesiog u\u017ekariavo pasaul\u012f: pirmosios dvi knygos i\u0161leistos 40 \u0161ali\u0173 daugiau kaip 15 milijon\u0173 egzempliori\u0173 tira\u017eu! Romanai \u201eBrid\u017eita D\u017eouns. Dienora\u0161tis\u201c ir \u201eBrid\u017eita D\u017eouns. Ties proto riba\u201c ekranizuoti, o filmuose vaidino gars\u016bs aktoriai Ren\u0117 Zelveger, Hju Grantas ir Kolinas Firtas. \u0160ioje knygoje Brid\u017eit\u0105 u\u017egrius galyb\u0117 paini\u0173 klausim\u0173: k\u0105 daryti, jei draug\u0117s gimtadienis i\u0161puola t\u0105 pa\u010di\u0105 dien\u0105, kaip ir beveik perpus jaunesnio vaikino? Nuo ko geriau mirti \u2013 nuo botokso ar nuo vienatv\u0117s, nes esi visa rauk\u0161l\u0117ta? Ar permiegoti su vaikinu po dviej\u0173 pasimatym\u0173 ir \u0161e\u0161i\u0173 savai\u010di\u0173 susira\u0161in\u0117jimo internete yra tas pats, kaip susituokti su vyri\u0161kiu po dviej\u0173 susitikim\u0173 ir \u0161e\u0161i\u0173 m\u0117nesi\u0173 susira\u0161in\u0117jimo lai\u0161kais D\u017eein\u0117s Ostin laikais?<\/p>\n","protected":false},"featured_media":22657,"comment_status":"open","ping_status":"closed","template":"","meta":{"_acf_changed":false,"site-sidebar-layout":"default","site-content-layout":"","ast-site-content-layout":"default","site-content-style":"default","site-sidebar-style":"default","ast-global-header-display":"","ast-banner-title-visibility":"","ast-main-header-display":"","ast-hfb-above-header-display":"","ast-hfb-below-header-display":"","ast-hfb-mobile-header-display":"","site-post-title":"","ast-breadcrumbs-content":"","ast-featured-img":"","footer-sml-layout":"","ast-disable-related-posts":"","theme-transparent-header-meta":"","adv-header-id-meta":"","stick-header-meta":"","header-above-stick-meta":"","header-main-stick-meta":"","header-below-stick-meta":"","astra-migrate-meta-layouts":"default","ast-page-background-enabled":"default","ast-page-background-meta":{"desktop":{"background-color":"","background-image":"","background-repeat":"repeat","background-position":"center center","background-size":"auto","background-attachment":"scroll","background-type":"","background-media":"","overlay-type":"","overlay-color":"","overlay-opacity":"","overlay-gradient":""},"tablet":{"background-color":"","background-image":"","background-repeat":"repeat","background-position":"center center","background-size":"auto","background-attachment":"scroll","background-type":"","background-media":"","overlay-type":"","overlay-color":"","overlay-opacity":"","overlay-gradient":""},"mobile":{"background-color":"","background-image":"","background-repeat":"repeat","background-position":"center center","background-size":"auto","background-attachment":"scroll","background-type":"","background-media":"","overlay-type":"","overlay-color":"","overlay-opacity":"","overlay-gradient":""}},"ast-content-background-meta":{"desktop":{"background-color":"var(--ast-global-color-4)","background-image":"","background-repeat":"repeat","background-position":"center center","background-size":"auto","background-attachment":"scroll","background-type":"","background-media":"","overlay-type":"","overlay-color":"","overlay-opacity":"","overlay-gradient":""},"tablet":{"background-color":"var(--ast-global-color-4)","background-image":"","background-repeat":"repeat","background-position":"center center","background-size":"auto","background-attachment":"scroll","background-type":"","background-media":"","overlay-type":"","overlay-color":"","overlay-opacity":"","overlay-gradient":""},"mobile":{"background-color":"var(--ast-global-color-4)","background-image":"","background-repeat":"repeat","background-position":"center center","background-size":"auto","background-attachment":"scroll","background-type":"","background-media":"","overlay-type":"","overlay-color":"","overlay-opacity":"","overlay-gradient":""}}},"product_brand":[],"product_cat":[31],"product_tag":[],"class_list":{"0":"post-22652","1":"product","2":"type-product","3":"status-publish","4":"has-post-thumbnail","6":"product_cat-grozine-literatura","7":"desktop-align-left","8":"tablet-align-left","9":"mobile-align-left","11":"first","12":"instock","13":"shipping-taxable","14":"purchasable","15":"product-type-simple"},"acf":[],"yoast_head":"<!-- This site is optimized with the Yoast SEO plugin v27.0 - https:\/\/yoast.com\/product\/yoast-seo-wordpress\/ -->\n<title>Brid\u017eita D\u017eouns. Pami\u0161usi d\u0117l meil\u0117s<\/title>\n<meta name=\"description\" content=\"\u201eBrid\u017eita D\u017eouns. Pami\u0161usi d\u0117l meil\u0117s\u201c \u2013 subtili, jaudinanti, tokia pat ne\u012ftik\u0117tinai \u012fdomi, s\u0105mojinga, i\u0161mintinga ir velni\u0161kai juokinga. Ilgai lauktoje\" \/>\n<meta name=\"robots\" content=\"index, follow, max-snippet:-1, max-image-preview:large, max-video-preview:-1\" \/>\n<link rel=\"canonical\" href=\"https:\/\/skaitytaknyga.lt\/en\/produktas\/bridzita-dzouns-pamisusi-del-meiles\/\" \/>\n<meta property=\"og:locale\" content=\"en_GB\" \/>\n<meta property=\"og:locale:alternate\" content=\"lt_LT\" \/>\n<meta property=\"og:type\" content=\"article\" \/>\n<meta property=\"og:title\" content=\"Brid\u017eita D\u017eouns. Pami\u0161usi d\u0117l meil\u0117s\" \/>\n<meta property=\"og:description\" content=\"\u201eBrid\u017eita D\u017eouns. Pami\u0161usi d\u0117l meil\u0117s\u201c \u2013 subtili, jaudinanti, tokia pat ne\u012ftik\u0117tinai \u012fdomi, s\u0105mojinga, i\u0161mintinga ir velni\u0161kai juokinga. Ilgai lauktoje\" \/>\n<meta property=\"og:url\" content=\"https:\/\/skaitytaknyga.lt\/en\/produktas\/bridzita-dzouns-pamisusi-del-meiles\/\" \/>\n<meta property=\"og:site_name\" content=\"Skaitytaknyga\" \/>\n<meta property=\"article:publisher\" content=\"https:\/\/www.facebook.com\/skaitytaknyga\/\" \/>\n<meta property=\"article:modified_time\" content=\"2026-01-09T17:23:03+00:00\" \/>\n<meta property=\"og:image\" content=\"https:\/\/skaitytaknyga.lt\/wp-content\/uploads\/2026\/01\/Bridzita-Dzouns.-Pamisusi-del-meiles-1.webp\" \/>\n\t<meta property=\"og:image:width\" content=\"300\" \/>\n\t<meta property=\"og:image:height\" content=\"492\" \/>\n\t<meta property=\"og:image:type\" content=\"image\/webp\" \/>\n<meta name=\"twitter:card\" content=\"summary_large_image\" \/>\n<meta name=\"twitter:label1\" content=\"Estimated reading time\" \/>\n\t<meta name=\"twitter:data1\" content=\"1 minute\" \/>\n<script type=\"application\/ld+json\" class=\"yoast-schema-graph\">{\"@context\":\"https:\/\/schema.org\",\"@graph\":[{\"@type\":\"WebPage\",\"@id\":\"https:\/\/skaitytaknyga.lt\/produktas\/bridzita-dzouns-pamisusi-del-meiles\/\",\"url\":\"https:\/\/skaitytaknyga.lt\/produktas\/bridzita-dzouns-pamisusi-del-meiles\/\",\"name\":\"Brid\u017eita D\u017eouns. Pami\u0161usi d\u0117l meil\u0117s\",\"isPartOf\":{\"@id\":\"https:\/\/skaitytaknyga.lt\/#website\"},\"primaryImageOfPage\":{\"@id\":\"https:\/\/skaitytaknyga.lt\/produktas\/bridzita-dzouns-pamisusi-del-meiles\/#primaryimage\"},\"image\":{\"@id\":\"https:\/\/skaitytaknyga.lt\/produktas\/bridzita-dzouns-pamisusi-del-meiles\/#primaryimage\"},\"thumbnailUrl\":\"https:\/\/skaitytaknyga.lt\/wp-content\/uploads\/2026\/01\/Bridzita-Dzouns.-Pamisusi-del-meiles-1.webp\",\"datePublished\":\"2026-01-09T15:38:13+00:00\",\"dateModified\":\"2026-01-09T17:23:03+00:00\",\"description\":\"\u201eBrid\u017eita D\u017eouns. Pami\u0161usi d\u0117l meil\u0117s\u201c \u2013 subtili, jaudinanti, tokia pat ne\u012ftik\u0117tinai \u012fdomi, s\u0105mojinga, i\u0161mintinga ir velni\u0161kai juokinga. Ilgai lauktoje\",\"breadcrumb\":{\"@id\":\"https:\/\/skaitytaknyga.lt\/produktas\/bridzita-dzouns-pamisusi-del-meiles\/#breadcrumb\"},\"inLanguage\":\"en-GB\",\"potentialAction\":[{\"@type\":\"ReadAction\",\"target\":[\"https:\/\/skaitytaknyga.lt\/produktas\/bridzita-dzouns-pamisusi-del-meiles\/\"]}]},{\"@type\":\"ImageObject\",\"inLanguage\":\"en-GB\",\"@id\":\"https:\/\/skaitytaknyga.lt\/produktas\/bridzita-dzouns-pamisusi-del-meiles\/#primaryimage\",\"url\":\"https:\/\/skaitytaknyga.lt\/wp-content\/uploads\/2026\/01\/Bridzita-Dzouns.-Pamisusi-del-meiles-1.webp\",\"contentUrl\":\"https:\/\/skaitytaknyga.lt\/wp-content\/uploads\/2026\/01\/Bridzita-Dzouns.-Pamisusi-del-meiles-1.webp\",\"width\":300,\"height\":492,\"caption\":\"Brid\u017eita D\u017eouns. Pami\u0161usi d\u0117l meil\u0117s\"},{\"@type\":\"BreadcrumbList\",\"@id\":\"https:\/\/skaitytaknyga.lt\/produktas\/bridzita-dzouns-pamisusi-del-meiles\/#breadcrumb\",\"itemListElement\":[{\"@type\":\"ListItem\",\"position\":1,\"name\":\"Home\",\"item\":\"https:\/\/skaitytaknyga.lt\/\"},{\"@type\":\"ListItem\",\"position\":2,\"name\":\"Parduotuv\u0117\",\"item\":\"https:\/\/skaitytaknyga.lt\/knygu-parduotuve\/\"},{\"@type\":\"ListItem\",\"position\":3,\"name\":\"Brid\u017eita D\u017eouns. Pami\u0161usi d\u0117l meil\u0117s\"}]},{\"@type\":\"WebSite\",\"@id\":\"https:\/\/skaitytaknyga.lt\/#website\",\"url\":\"https:\/\/skaitytaknyga.lt\/\",\"name\":\"skaitytaknyga.lt\",\"description\":\"Skaitytaknyga.lt \u2013 tai ma\u017eas \u0161eimos verslas, kuris prasid\u0117jo nuo meil\u0117s knygoms ir siekio i\u0161gelb\u0117ti knygas nuo likimo prie konteinerio. Kas vienam nereikalingas daiktas \u2013 kitam lobis, o mes esame tarpininkai, kurie padeda abiems tapti laimingesniems ???? \u017dinome kaip nelengva i\u0161gyventi ma\u017eiems verslams, tad nuo \u0161iol, \u010dia rasite ir kit\u0173, ma\u017e\u0173 \u0161eim\u0173 versl\u0173, rank\u0173 darbo, dovan\u0173 sau ir artimiesiems.\",\"publisher\":{\"@id\":\"https:\/\/skaitytaknyga.lt\/#organization\"},\"potentialAction\":[{\"@type\":\"SearchAction\",\"target\":{\"@type\":\"EntryPoint\",\"urlTemplate\":\"https:\/\/skaitytaknyga.lt\/?s={search_term_string}\"},\"query-input\":{\"@type\":\"PropertyValueSpecification\",\"valueRequired\":true,\"valueName\":\"search_term_string\"}}],\"inLanguage\":\"en-GB\"},{\"@type\":\"Organization\",\"@id\":\"https:\/\/skaitytaknyga.lt\/#organization\",\"name\":\"skaitytaknyga.lt\",\"url\":\"https:\/\/skaitytaknyga.lt\/\",\"logo\":{\"@type\":\"ImageObject\",\"inLanguage\":\"en-GB\",\"@id\":\"https:\/\/skaitytaknyga.lt\/#\/schema\/logo\/image\/\",\"url\":\"https:\/\/skaitytaknyga.lt\/wp-content\/uploads\/2024\/05\/cropped-cropped-cropped-02_00843_jt3bggkj1j3HLc7SyY6rEUpg.jpeg\",\"contentUrl\":\"https:\/\/skaitytaknyga.lt\/wp-content\/uploads\/2024\/05\/cropped-cropped-cropped-02_00843_jt3bggkj1j3HLc7SyY6rEUpg.jpeg\",\"width\":1600,\"height\":1600,\"caption\":\"skaitytaknyga.lt\"},\"image\":{\"@id\":\"https:\/\/skaitytaknyga.lt\/#\/schema\/logo\/image\/\"},\"sameAs\":[\"https:\/\/www.facebook.com\/skaitytaknyga\/\"]}]}<\/script>\n<!-- \/ Yoast SEO plugin. -->","yoast_head_json":{"title":"Brid\u017eita D\u017eouns. Pami\u0161usi d\u0117l meil\u0117s","description":"\u201eBrid\u017eita D\u017eouns. Pami\u0161usi d\u0117l meil\u0117s\u201c \u2013 subtili, jaudinanti, tokia pat ne\u012ftik\u0117tinai \u012fdomi, s\u0105mojinga, i\u0161mintinga ir velni\u0161kai juokinga. Ilgai lauktoje","robots":{"index":"index","follow":"follow","max-snippet":"max-snippet:-1","max-image-preview":"max-image-preview:large","max-video-preview":"max-video-preview:-1"},"canonical":"https:\/\/skaitytaknyga.lt\/en\/produktas\/bridzita-dzouns-pamisusi-del-meiles\/","og_locale":"en_GB","og_type":"article","og_title":"[:lt]Brid\u017eita D\u017eouns. Pami\u0161usi d\u0117l meil\u0117s[:] - Skaitytaknyga","og_description":"\u201eBrid\u017eita D\u017eouns. Pami\u0161usi d\u0117l meil\u0117s\u201c \u2013 subtili, jaudinanti, tokia pat ne\u012ftik\u0117tinai \u012fdomi, s\u0105mojinga, i\u0161mintinga ir velni\u0161kai juokinga. Ilgai lauktoje","og_url":"https:\/\/skaitytaknyga.lt\/en\/produktas\/bridzita-dzouns-pamisusi-del-meiles\/","og_site_name":"Skaitytaknyga","article_publisher":"https:\/\/www.facebook.com\/skaitytaknyga\/","article_modified_time":"2026-01-09T17:23:03+00:00","og_image":[{"width":300,"height":492,"url":"https:\/\/skaitytaknyga.lt\/wp-content\/uploads\/2026\/01\/Bridzita-Dzouns.-Pamisusi-del-meiles-1.webp","type":"image\/webp"}],"twitter_card":"summary_large_image","twitter_misc":{"Estimated reading time":"1 minute"},"schema":{"@context":"https:\/\/schema.org","@graph":[{"@type":"WebPage","@id":"https:\/\/skaitytaknyga.lt\/produktas\/bridzita-dzouns-pamisusi-del-meiles\/","url":"https:\/\/skaitytaknyga.lt\/produktas\/bridzita-dzouns-pamisusi-del-meiles\/","name":"Brid\u017eita D\u017eouns. Pami\u0161usi d\u0117l meil\u0117s","isPartOf":{"@id":"https:\/\/skaitytaknyga.lt\/#website"},"primaryImageOfPage":{"@id":"https:\/\/skaitytaknyga.lt\/produktas\/bridzita-dzouns-pamisusi-del-meiles\/#primaryimage"},"image":{"@id":"https:\/\/skaitytaknyga.lt\/produktas\/bridzita-dzouns-pamisusi-del-meiles\/#primaryimage"},"thumbnailUrl":"https:\/\/skaitytaknyga.lt\/wp-content\/uploads\/2026\/01\/Bridzita-Dzouns.-Pamisusi-del-meiles-1.webp","datePublished":"2026-01-09T15:38:13+00:00","dateModified":"2026-01-09T17:23:03+00:00","description":"\u201eBrid\u017eita D\u017eouns. Pami\u0161usi d\u0117l meil\u0117s\u201c \u2013 subtili, jaudinanti, tokia pat ne\u012ftik\u0117tinai \u012fdomi, s\u0105mojinga, i\u0161mintinga ir velni\u0161kai juokinga. Ilgai lauktoje","breadcrumb":{"@id":"https:\/\/skaitytaknyga.lt\/produktas\/bridzita-dzouns-pamisusi-del-meiles\/#breadcrumb"},"inLanguage":"en-GB","potentialAction":[{"@type":"ReadAction","target":["https:\/\/skaitytaknyga.lt\/produktas\/bridzita-dzouns-pamisusi-del-meiles\/"]}]},{"@type":"ImageObject","inLanguage":"en-GB","@id":"https:\/\/skaitytaknyga.lt\/produktas\/bridzita-dzouns-pamisusi-del-meiles\/#primaryimage","url":"https:\/\/skaitytaknyga.lt\/wp-content\/uploads\/2026\/01\/Bridzita-Dzouns.-Pamisusi-del-meiles-1.webp","contentUrl":"https:\/\/skaitytaknyga.lt\/wp-content\/uploads\/2026\/01\/Bridzita-Dzouns.-Pamisusi-del-meiles-1.webp","width":300,"height":492,"caption":"Brid\u017eita D\u017eouns. Pami\u0161usi d\u0117l meil\u0117s"},{"@type":"BreadcrumbList","@id":"https:\/\/skaitytaknyga.lt\/produktas\/bridzita-dzouns-pamisusi-del-meiles\/#breadcrumb","itemListElement":[{"@type":"ListItem","position":1,"name":"Home","item":"https:\/\/skaitytaknyga.lt\/"},{"@type":"ListItem","position":2,"name":"Parduotuv\u0117","item":"https:\/\/skaitytaknyga.lt\/knygu-parduotuve\/"},{"@type":"ListItem","position":3,"name":"Brid\u017eita D\u017eouns. Pami\u0161usi d\u0117l meil\u0117s"}]},{"@type":"WebSite","@id":"https:\/\/skaitytaknyga.lt\/#website","url":"https:\/\/skaitytaknyga.lt\/","name":"skaitytaknyga.lt","description":"Skaitytaknyga.lt \u2013 tai ma\u017eas \u0161eimos verslas, kuris prasid\u0117jo nuo meil\u0117s knygoms ir siekio i\u0161gelb\u0117ti knygas nuo likimo prie konteinerio. Kas vienam nereikalingas daiktas \u2013 kitam lobis, o mes esame tarpininkai, kurie padeda abiems tapti laimingesniems ???? \u017dinome kaip nelengva i\u0161gyventi ma\u017eiems verslams, tad nuo \u0161iol, \u010dia rasite ir kit\u0173, ma\u017e\u0173 \u0161eim\u0173 versl\u0173, rank\u0173 darbo, dovan\u0173 sau ir artimiesiems.","publisher":{"@id":"https:\/\/skaitytaknyga.lt\/#organization"},"potentialAction":[{"@type":"SearchAction","target":{"@type":"EntryPoint","urlTemplate":"https:\/\/skaitytaknyga.lt\/?s={search_term_string}"},"query-input":{"@type":"PropertyValueSpecification","valueRequired":true,"valueName":"search_term_string"}}],"inLanguage":"en-GB"},{"@type":"Organization","@id":"https:\/\/skaitytaknyga.lt\/#organization","name":"skaitytaknyga.lt","url":"https:\/\/skaitytaknyga.lt\/","logo":{"@type":"ImageObject","inLanguage":"en-GB","@id":"https:\/\/skaitytaknyga.lt\/#\/schema\/logo\/image\/","url":"https:\/\/skaitytaknyga.lt\/wp-content\/uploads\/2024\/05\/cropped-cropped-cropped-02_00843_jt3bggkj1j3HLc7SyY6rEUpg.jpeg","contentUrl":"https:\/\/skaitytaknyga.lt\/wp-content\/uploads\/2024\/05\/cropped-cropped-cropped-02_00843_jt3bggkj1j3HLc7SyY6rEUpg.jpeg","width":1600,"height":1600,"caption":"skaitytaknyga.lt"},"image":{"@id":"https:\/\/skaitytaknyga.lt\/#\/schema\/logo\/image\/"},"sameAs":["https:\/\/www.facebook.com\/skaitytaknyga\/"]}]}},"_links":{"self":[{"href":"https:\/\/skaitytaknyga.lt\/en\/wp-json\/wp\/v2\/product\/22652","targetHints":{"allow":["GET"]}}],"collection":[{"href":"https:\/\/skaitytaknyga.lt\/en\/wp-json\/wp\/v2\/product"}],"about":[{"href":"https:\/\/skaitytaknyga.lt\/en\/wp-json\/wp\/v2\/types\/product"}],"replies":[{"embeddable":true,"href":"https:\/\/skaitytaknyga.lt\/en\/wp-json\/wp\/v2\/comments?post=22652"}],"wp:featuredmedia":[{"embeddable":true,"href":"https:\/\/skaitytaknyga.lt\/en\/wp-json\/wp\/v2\/media\/22657"}],"wp:attachment":[{"href":"https:\/\/skaitytaknyga.lt\/en\/wp-json\/wp\/v2\/media?parent=22652"}],"wp:term":[{"taxonomy":"product_brand","embeddable":true,"href":"https:\/\/skaitytaknyga.lt\/en\/wp-json\/wp\/v2\/product_brand?post=22652"},{"taxonomy":"product_cat","embeddable":true,"href":"https:\/\/skaitytaknyga.lt\/en\/wp-json\/wp\/v2\/product_cat?post=22652"},{"taxonomy":"product_tag","embeddable":true,"href":"https:\/\/skaitytaknyga.lt\/en\/wp-json\/wp\/v2\/product_tag?post=22652"}],"curies":[{"name":"wp","href":"https:\/\/api.w.org\/{rel}","templated":true}]}}