{"id":22634,"date":"2026-01-02T22:46:09","date_gmt":"2026-01-02T20:46:09","guid":{"rendered":"https:\/\/skaitytaknyga.lt\/?post_type=product&#038;p=22634"},"modified":"2026-01-30T12:13:32","modified_gmt":"2026-01-30T10:13:32","slug":"desimt-minuciu-romanas-kuris-keicia-gyvenimus","status":"publish","type":"product","link":"https:\/\/skaitytaknyga.lt\/en\/produktas\/desimt-minuciu-romanas-kuris-keicia-gyvenimus\/","title":{"rendered":"De\u0161imt minu\u010di\u0173. Romanas, kuris kei\u010dia gyvenimus"},"content":{"rendered":"<p>Romanas \u201eDe\u0161imt minu\u010di\u0173\u201c \u2013 daug daugiau nei tik papasakota istorija. Tai terapija paliktoms \u017emonoms, nusivylusioms merginoms, d\u0117l geresnio darbo kovojan\u010dioms moterims, sutrikusioms vieni\u0161\u0117ms ir apskritai \u2013 mums visoms, tam tikru metu su\u0161unkan\u010dioms: daugiau nebegaliu!<\/p>\n<p>Laimingas Kjaros gyvenimas vien\u0105 dien\u0105 subyra \u012f \u0161ipulius: to, kas buvo svarbiausia ir d\u0117l ko vert\u0117jo gyventi, nebeliko. Kad Kjara i\u0161sikapstyt\u0173 i\u0161 kasdienio li\u016bdesio ir gilios sumai\u0161ties, psicholog\u0117 jai pasi\u016blo i\u0161m\u0117ginti Rudolfo \u0160tainerio \u017eaidim\u0105.<\/p>\n<p>Kjara suvokia neturinti ko prarasti \u2013 tad kod\u0117l nepam\u0117ginus? Kiekvien\u0105 dien\u0105 bent de\u0161imt minu\u010di\u0173 reik\u0117s veikti ka\u017ek\u0105 naujo, niekada nedaryto. Vis\u0105 m\u0117nes\u012f.<\/p>\n<p>Tragikomi\u0161k\u0173 situacij\u0173 ir gili\u0173 \u012f\u017evalg\u0173 gausus Chiaros Gamberale romanas \u201eDe\u0161imt minu\u010di\u0173\u201c kalba apie poky\u010di\u0173 baim\u0119 ir j\u0173 b\u016btinum\u0105. O svarbiausia, \u012frodo, kad net po dideli\u0173 sukr\u0117tim\u0173 \u012fmanoma atsitiesti \u2013 neskubant, minut\u0117 po minut\u0117s.<\/p>\n<p>Chiara Gamberale \u2013 jauna ra\u0161ytoja i\u0161 Romos, galinti pasigirti stulbinama s\u0117km\u0117s istorija. Karjer\u0105 prad\u0117jusi kaip talentinga radijo laid\u0173 ved\u0117ja, ji vien\u0105 po kito i\u0161leido kritik\u0173 puikiai \u012fvertintus romanus. 2008 m. buvo apdovanota Italijos Campiello premija. V\u0117liau savo s\u0117km\u0119 ji \u012ftvirtino dar trim romanais, kol staiga spartus kopimas \u012f profesines auk\u0161tumas nutr\u016bko. <\/p>\n<p>Tai, kas tuo metu nutiko Chiaros Gamberale gyvenime, atvirai ir nuo\u0161ird\u017eiai apra\u0161oma \u0161ios knygos puslapiuose. Autor\u0117 j\u0105 vadina \u201edaline autobiografija\u201c, jos pagrindin\u0117 veik\u0117ja \u2013 taip pat ra\u0161ytoja, taip pat vardu Kjara, net jos naujausias romanas vadinasi taip pat kaip ir tikrosios Chiaros. Moteris m\u0117gina i\u0161 gabaliuk\u0173 atkurti gyvenim\u0105, sugriuvus\u012f po skyryb\u0173 su vyru.<\/p>\n<p>\u201eRomano id\u0117ja labai u\u017ekre\u010diama. Jau m\u0105stau, kaip pats praleis\u010diau savo de\u0161imt minu\u010di\u0173.\u201c<\/p>\n","protected":false},"excerpt":{"rendered":"<p>Romanas \u201eDe\u0161imt minu\u010di\u0173\u201c \u2013 daug daugiau nei tik papasakota istorija. Tai terapija paliktoms \u017emonoms, nusivylusioms merginoms, d\u0117l geresnio darbo kovojan\u010dioms moterims, sutrikusioms vieni\u0161\u0117ms ir apskritai \u2013 mums visoms, tam tikru metu su\u0161unkan\u010dioms: daugiau nebegaliu! Laimingas Kjaros gyvenimas vien\u0105 dien\u0105 subyra \u012f \u0161ipulius: to, kas buvo svarbiausia ir d\u0117l ko vert\u0117jo gyventi, nebeliko. Kad Kjara i\u0161sikapstyt\u0173 i\u0161 kasdienio li\u016bdesio ir gilios sumai\u0161ties, psicholog\u0117 jai pasi\u016blo i\u0161m\u0117ginti Rudolfo \u0160tainerio \u017eaidim\u0105. Kjara suvokia neturinti ko prarasti \u2013 tad kod\u0117l nepam\u0117ginus? Kiekvien\u0105 dien\u0105 bent de\u0161imt minu\u010di\u0173 reik\u0117s veikti ka\u017ek\u0105 naujo, niekada nedaryto. Vis\u0105 m\u0117nes\u012f. Tragikomi\u0161k\u0173 situacij\u0173 ir gili\u0173 \u012f\u017evalg\u0173 gausus Chiaros Gamberale romanas \u201eDe\u0161imt minu\u010di\u0173\u201c kalba apie poky\u010di\u0173 baim\u0119 ir j\u0173 b\u016btinum\u0105. O svarbiausia, \u012frodo, kad net po dideli\u0173 sukr\u0117tim\u0173 \u012fmanoma atsitiesti \u2013 neskubant, minut\u0117 po minut\u0117s. Chiara Gamberale \u2013 jauna ra\u0161ytoja i\u0161 Romos, galinti pasigirti stulbinama s\u0117km\u0117s istorija. Karjer\u0105 prad\u0117jusi kaip talentinga radijo laid\u0173 ved\u0117ja, ji vien\u0105 po kito i\u0161leido kritik\u0173 puikiai \u012fvertintus romanus. 2008 m. buvo apdovanota Italijos Campiello premija. V\u0117liau savo s\u0117km\u0119 ji \u012ftvirtino dar trim romanais, kol staiga spartus kopimas \u012f profesines auk\u0161tumas nutr\u016bko. Tai, kas tuo metu nutiko Chiaros Gamberale gyvenime, atvirai ir nuo\u0161ird\u017eiai apra\u0161oma \u0161ios knygos puslapiuose. Autor\u0117 j\u0105 vadina \u201edaline autobiografija\u201c, jos pagrindin\u0117 veik\u0117ja \u2013 taip pat ra\u0161ytoja, taip pat vardu Kjara, net jos naujausias romanas vadinasi taip pat kaip ir tikrosios Chiaros. Moteris m\u0117gina i\u0161 gabaliuk\u0173 atkurti gyvenim\u0105, sugriuvus\u012f po skyryb\u0173 su vyru. \u201eRomano id\u0117ja labai u\u017ekre\u010diama. Jau m\u0105stau, kaip pats praleis\u010diau savo de\u0161imt minu\u010di\u0173.\u201c<\/p>\n","protected":false},"featured_media":22650,"comment_status":"open","ping_status":"closed","template":"","meta":{"_acf_changed":false,"site-sidebar-layout":"default","site-content-layout":"","ast-site-content-layout":"default","site-content-style":"default","site-sidebar-style":"default","ast-global-header-display":"","ast-banner-title-visibility":"","ast-main-header-display":"","ast-hfb-above-header-display":"","ast-hfb-below-header-display":"","ast-hfb-mobile-header-display":"","site-post-title":"","ast-breadcrumbs-content":"","ast-featured-img":"","footer-sml-layout":"","ast-disable-related-posts":"","theme-transparent-header-meta":"","adv-header-id-meta":"","stick-header-meta":"","header-above-stick-meta":"","header-main-stick-meta":"","header-below-stick-meta":"","astra-migrate-meta-layouts":"default","ast-page-background-enabled":"default","ast-page-background-meta":{"desktop":{"background-color":"","background-image":"","background-repeat":"repeat","background-position":"center center","background-size":"auto","background-attachment":"scroll","background-type":"","background-media":"","overlay-type":"","overlay-color":"","overlay-opacity":"","overlay-gradient":""},"tablet":{"background-color":"","background-image":"","background-repeat":"repeat","background-position":"center center","background-size":"auto","background-attachment":"scroll","background-type":"","background-media":"","overlay-type":"","overlay-color":"","overlay-opacity":"","overlay-gradient":""},"mobile":{"background-color":"","background-image":"","background-repeat":"repeat","background-position":"center center","background-size":"auto","background-attachment":"scroll","background-type":"","background-media":"","overlay-type":"","overlay-color":"","overlay-opacity":"","overlay-gradient":""}},"ast-content-background-meta":{"desktop":{"background-color":"var(--ast-global-color-4)","background-image":"","background-repeat":"repeat","background-position":"center center","background-size":"auto","background-attachment":"scroll","background-type":"","background-media":"","overlay-type":"","overlay-color":"","overlay-opacity":"","overlay-gradient":""},"tablet":{"background-color":"var(--ast-global-color-4)","background-image":"","background-repeat":"repeat","background-position":"center center","background-size":"auto","background-attachment":"scroll","background-type":"","background-media":"","overlay-type":"","overlay-color":"","overlay-opacity":"","overlay-gradient":""},"mobile":{"background-color":"var(--ast-global-color-4)","background-image":"","background-repeat":"repeat","background-position":"center center","background-size":"auto","background-attachment":"scroll","background-type":"","background-media":"","overlay-type":"","overlay-color":"","overlay-opacity":"","overlay-gradient":""}}},"product_brand":[],"product_cat":[31],"product_tag":[9301],"class_list":{"0":"post-22634","1":"product","2":"type-product","3":"status-publish","4":"has-post-thumbnail","6":"product_cat-grozine-literatura","7":"product_tag-ltchiara-gamberale","8":"desktop-align-left","9":"tablet-align-left","10":"mobile-align-left","12":"first","13":"instock","14":"shipping-taxable","15":"purchasable","16":"product-type-simple"},"acf":[],"yoast_head":"<!-- This site is optimized with the Yoast SEO plugin v27.0 - https:\/\/yoast.com\/product\/yoast-seo-wordpress\/ -->\n<title>De\u0161imt minu\u010di\u0173. Romanas, kuris kei\u010dia gyvenimus<\/title>\n<meta name=\"description\" content=\"Romanas \u201eDe\u0161imt minu\u010di\u0173\u201c \u2013 daug daugiau nei tik papasakota istorija. Tai terapija paliktoms \u017emonoms, nusivylusioms merginoms, d\u0117l geresnio darbo\" \/>\n<meta name=\"robots\" content=\"index, follow, max-snippet:-1, max-image-preview:large, max-video-preview:-1\" \/>\n<link rel=\"canonical\" href=\"https:\/\/skaitytaknyga.lt\/en\/produktas\/desimt-minuciu-romanas-kuris-keicia-gyvenimus\/\" \/>\n<meta property=\"og:locale\" content=\"en_GB\" \/>\n<meta property=\"og:locale:alternate\" content=\"lt_LT\" \/>\n<meta property=\"og:type\" content=\"article\" \/>\n<meta property=\"og:title\" content=\"De\u0161imt minu\u010di\u0173. Romanas, kuris kei\u010dia gyvenimus\" \/>\n<meta property=\"og:description\" content=\"Romanas \u201eDe\u0161imt minu\u010di\u0173\u201c \u2013 daug daugiau nei tik papasakota istorija. Tai terapija paliktoms \u017emonoms, nusivylusioms merginoms, d\u0117l geresnio darbo\" \/>\n<meta property=\"og:url\" content=\"https:\/\/skaitytaknyga.lt\/en\/produktas\/desimt-minuciu-romanas-kuris-keicia-gyvenimus\/\" \/>\n<meta property=\"og:site_name\" content=\"Skaitytaknyga\" \/>\n<meta property=\"article:publisher\" content=\"https:\/\/www.facebook.com\/skaitytaknyga\/\" \/>\n<meta property=\"article:modified_time\" content=\"2026-01-30T10:13:32+00:00\" \/>\n<meta property=\"og:image\" content=\"https:\/\/skaitytaknyga.lt\/wp-content\/uploads\/2026\/01\/Desimt-minuciu.-Romanas-kuris-keicia-gyvenimus-1.webp\" \/>\n\t<meta property=\"og:image:width\" content=\"300\" \/>\n\t<meta property=\"og:image:height\" content=\"492\" \/>\n\t<meta property=\"og:image:type\" content=\"image\/webp\" \/>\n<meta name=\"twitter:card\" content=\"summary_large_image\" \/>\n<meta name=\"twitter:label1\" content=\"Estimated reading time\" \/>\n\t<meta name=\"twitter:data1\" content=\"1 minute\" \/>\n<script type=\"application\/ld+json\" class=\"yoast-schema-graph\">{\"@context\":\"https:\/\/schema.org\",\"@graph\":[{\"@type\":\"WebPage\",\"@id\":\"https:\/\/skaitytaknyga.lt\/produktas\/desimt-minuciu-romanas-kuris-keicia-gyvenimus\/\",\"url\":\"https:\/\/skaitytaknyga.lt\/produktas\/desimt-minuciu-romanas-kuris-keicia-gyvenimus\/\",\"name\":\"De\u0161imt minu\u010di\u0173. Romanas, kuris kei\u010dia gyvenimus\",\"isPartOf\":{\"@id\":\"https:\/\/skaitytaknyga.lt\/#website\"},\"primaryImageOfPage\":{\"@id\":\"https:\/\/skaitytaknyga.lt\/produktas\/desimt-minuciu-romanas-kuris-keicia-gyvenimus\/#primaryimage\"},\"image\":{\"@id\":\"https:\/\/skaitytaknyga.lt\/produktas\/desimt-minuciu-romanas-kuris-keicia-gyvenimus\/#primaryimage\"},\"thumbnailUrl\":\"https:\/\/skaitytaknyga.lt\/wp-content\/uploads\/2026\/01\/Desimt-minuciu.-Romanas-kuris-keicia-gyvenimus-1.webp\",\"datePublished\":\"2026-01-02T20:46:09+00:00\",\"dateModified\":\"2026-01-30T10:13:32+00:00\",\"description\":\"Romanas \u201eDe\u0161imt minu\u010di\u0173\u201c \u2013 daug daugiau nei tik papasakota istorija. Tai terapija paliktoms \u017emonoms, nusivylusioms merginoms, d\u0117l geresnio darbo\",\"breadcrumb\":{\"@id\":\"https:\/\/skaitytaknyga.lt\/produktas\/desimt-minuciu-romanas-kuris-keicia-gyvenimus\/#breadcrumb\"},\"inLanguage\":\"en-GB\",\"potentialAction\":[{\"@type\":\"ReadAction\",\"target\":[\"https:\/\/skaitytaknyga.lt\/produktas\/desimt-minuciu-romanas-kuris-keicia-gyvenimus\/\"]}]},{\"@type\":\"ImageObject\",\"inLanguage\":\"en-GB\",\"@id\":\"https:\/\/skaitytaknyga.lt\/produktas\/desimt-minuciu-romanas-kuris-keicia-gyvenimus\/#primaryimage\",\"url\":\"https:\/\/skaitytaknyga.lt\/wp-content\/uploads\/2026\/01\/Desimt-minuciu.-Romanas-kuris-keicia-gyvenimus-1.webp\",\"contentUrl\":\"https:\/\/skaitytaknyga.lt\/wp-content\/uploads\/2026\/01\/Desimt-minuciu.-Romanas-kuris-keicia-gyvenimus-1.webp\",\"width\":300,\"height\":492},{\"@type\":\"BreadcrumbList\",\"@id\":\"https:\/\/skaitytaknyga.lt\/produktas\/desimt-minuciu-romanas-kuris-keicia-gyvenimus\/#breadcrumb\",\"itemListElement\":[{\"@type\":\"ListItem\",\"position\":1,\"name\":\"Home\",\"item\":\"https:\/\/skaitytaknyga.lt\/\"},{\"@type\":\"ListItem\",\"position\":2,\"name\":\"Parduotuv\u0117\",\"item\":\"https:\/\/skaitytaknyga.lt\/knygu-parduotuve\/\"},{\"@type\":\"ListItem\",\"position\":3,\"name\":\"De\u0161imt minu\u010di\u0173. Romanas, kuris kei\u010dia gyvenimus\"}]},{\"@type\":\"WebSite\",\"@id\":\"https:\/\/skaitytaknyga.lt\/#website\",\"url\":\"https:\/\/skaitytaknyga.lt\/\",\"name\":\"skaitytaknyga.lt\",\"description\":\"Skaitytaknyga.lt \u2013 tai ma\u017eas \u0161eimos verslas, kuris prasid\u0117jo nuo meil\u0117s knygoms ir siekio i\u0161gelb\u0117ti knygas nuo likimo prie konteinerio. Kas vienam nereikalingas daiktas \u2013 kitam lobis, o mes esame tarpininkai, kurie padeda abiems tapti laimingesniems ???? \u017dinome kaip nelengva i\u0161gyventi ma\u017eiems verslams, tad nuo \u0161iol, \u010dia rasite ir kit\u0173, ma\u017e\u0173 \u0161eim\u0173 versl\u0173, rank\u0173 darbo, dovan\u0173 sau ir artimiesiems.\",\"publisher\":{\"@id\":\"https:\/\/skaitytaknyga.lt\/#organization\"},\"potentialAction\":[{\"@type\":\"SearchAction\",\"target\":{\"@type\":\"EntryPoint\",\"urlTemplate\":\"https:\/\/skaitytaknyga.lt\/?s={search_term_string}\"},\"query-input\":{\"@type\":\"PropertyValueSpecification\",\"valueRequired\":true,\"valueName\":\"search_term_string\"}}],\"inLanguage\":\"en-GB\"},{\"@type\":\"Organization\",\"@id\":\"https:\/\/skaitytaknyga.lt\/#organization\",\"name\":\"skaitytaknyga.lt\",\"url\":\"https:\/\/skaitytaknyga.lt\/\",\"logo\":{\"@type\":\"ImageObject\",\"inLanguage\":\"en-GB\",\"@id\":\"https:\/\/skaitytaknyga.lt\/#\/schema\/logo\/image\/\",\"url\":\"https:\/\/skaitytaknyga.lt\/wp-content\/uploads\/2024\/05\/cropped-cropped-cropped-02_00843_jt3bggkj1j3HLc7SyY6rEUpg.jpeg\",\"contentUrl\":\"https:\/\/skaitytaknyga.lt\/wp-content\/uploads\/2024\/05\/cropped-cropped-cropped-02_00843_jt3bggkj1j3HLc7SyY6rEUpg.jpeg\",\"width\":1600,\"height\":1600,\"caption\":\"skaitytaknyga.lt\"},\"image\":{\"@id\":\"https:\/\/skaitytaknyga.lt\/#\/schema\/logo\/image\/\"},\"sameAs\":[\"https:\/\/www.facebook.com\/skaitytaknyga\/\"]}]}<\/script>\n<!-- \/ Yoast SEO plugin. -->","yoast_head_json":{"title":"De\u0161imt minu\u010di\u0173. Romanas, kuris kei\u010dia gyvenimus","description":"Romanas \u201eDe\u0161imt minu\u010di\u0173\u201c \u2013 daug daugiau nei tik papasakota istorija. Tai terapija paliktoms \u017emonoms, nusivylusioms merginoms, d\u0117l geresnio darbo","robots":{"index":"index","follow":"follow","max-snippet":"max-snippet:-1","max-image-preview":"max-image-preview:large","max-video-preview":"max-video-preview:-1"},"canonical":"https:\/\/skaitytaknyga.lt\/en\/produktas\/desimt-minuciu-romanas-kuris-keicia-gyvenimus\/","og_locale":"en_GB","og_type":"article","og_title":"[:lt]De\u0161imt minu\u010di\u0173. Romanas, kuris kei\u010dia gyvenimus[:] - Skaitytaknyga","og_description":"Romanas \u201eDe\u0161imt minu\u010di\u0173\u201c \u2013 daug daugiau nei tik papasakota istorija. Tai terapija paliktoms \u017emonoms, nusivylusioms merginoms, d\u0117l geresnio darbo","og_url":"https:\/\/skaitytaknyga.lt\/en\/produktas\/desimt-minuciu-romanas-kuris-keicia-gyvenimus\/","og_site_name":"Skaitytaknyga","article_publisher":"https:\/\/www.facebook.com\/skaitytaknyga\/","article_modified_time":"2026-01-30T10:13:32+00:00","og_image":[{"width":300,"height":492,"url":"https:\/\/skaitytaknyga.lt\/wp-content\/uploads\/2026\/01\/Desimt-minuciu.-Romanas-kuris-keicia-gyvenimus-1.webp","type":"image\/webp"}],"twitter_card":"summary_large_image","twitter_misc":{"Estimated reading time":"1 minute"},"schema":{"@context":"https:\/\/schema.org","@graph":[{"@type":"WebPage","@id":"https:\/\/skaitytaknyga.lt\/produktas\/desimt-minuciu-romanas-kuris-keicia-gyvenimus\/","url":"https:\/\/skaitytaknyga.lt\/produktas\/desimt-minuciu-romanas-kuris-keicia-gyvenimus\/","name":"De\u0161imt minu\u010di\u0173. Romanas, kuris kei\u010dia gyvenimus","isPartOf":{"@id":"https:\/\/skaitytaknyga.lt\/#website"},"primaryImageOfPage":{"@id":"https:\/\/skaitytaknyga.lt\/produktas\/desimt-minuciu-romanas-kuris-keicia-gyvenimus\/#primaryimage"},"image":{"@id":"https:\/\/skaitytaknyga.lt\/produktas\/desimt-minuciu-romanas-kuris-keicia-gyvenimus\/#primaryimage"},"thumbnailUrl":"https:\/\/skaitytaknyga.lt\/wp-content\/uploads\/2026\/01\/Desimt-minuciu.-Romanas-kuris-keicia-gyvenimus-1.webp","datePublished":"2026-01-02T20:46:09+00:00","dateModified":"2026-01-30T10:13:32+00:00","description":"Romanas \u201eDe\u0161imt minu\u010di\u0173\u201c \u2013 daug daugiau nei tik papasakota istorija. Tai terapija paliktoms \u017emonoms, nusivylusioms merginoms, d\u0117l geresnio darbo","breadcrumb":{"@id":"https:\/\/skaitytaknyga.lt\/produktas\/desimt-minuciu-romanas-kuris-keicia-gyvenimus\/#breadcrumb"},"inLanguage":"en-GB","potentialAction":[{"@type":"ReadAction","target":["https:\/\/skaitytaknyga.lt\/produktas\/desimt-minuciu-romanas-kuris-keicia-gyvenimus\/"]}]},{"@type":"ImageObject","inLanguage":"en-GB","@id":"https:\/\/skaitytaknyga.lt\/produktas\/desimt-minuciu-romanas-kuris-keicia-gyvenimus\/#primaryimage","url":"https:\/\/skaitytaknyga.lt\/wp-content\/uploads\/2026\/01\/Desimt-minuciu.-Romanas-kuris-keicia-gyvenimus-1.webp","contentUrl":"https:\/\/skaitytaknyga.lt\/wp-content\/uploads\/2026\/01\/Desimt-minuciu.-Romanas-kuris-keicia-gyvenimus-1.webp","width":300,"height":492},{"@type":"BreadcrumbList","@id":"https:\/\/skaitytaknyga.lt\/produktas\/desimt-minuciu-romanas-kuris-keicia-gyvenimus\/#breadcrumb","itemListElement":[{"@type":"ListItem","position":1,"name":"Home","item":"https:\/\/skaitytaknyga.lt\/"},{"@type":"ListItem","position":2,"name":"Parduotuv\u0117","item":"https:\/\/skaitytaknyga.lt\/knygu-parduotuve\/"},{"@type":"ListItem","position":3,"name":"De\u0161imt minu\u010di\u0173. Romanas, kuris kei\u010dia gyvenimus"}]},{"@type":"WebSite","@id":"https:\/\/skaitytaknyga.lt\/#website","url":"https:\/\/skaitytaknyga.lt\/","name":"skaitytaknyga.lt","description":"Skaitytaknyga.lt \u2013 tai ma\u017eas \u0161eimos verslas, kuris prasid\u0117jo nuo meil\u0117s knygoms ir siekio i\u0161gelb\u0117ti knygas nuo likimo prie konteinerio. Kas vienam nereikalingas daiktas \u2013 kitam lobis, o mes esame tarpininkai, kurie padeda abiems tapti laimingesniems ???? \u017dinome kaip nelengva i\u0161gyventi ma\u017eiems verslams, tad nuo \u0161iol, \u010dia rasite ir kit\u0173, ma\u017e\u0173 \u0161eim\u0173 versl\u0173, rank\u0173 darbo, dovan\u0173 sau ir artimiesiems.","publisher":{"@id":"https:\/\/skaitytaknyga.lt\/#organization"},"potentialAction":[{"@type":"SearchAction","target":{"@type":"EntryPoint","urlTemplate":"https:\/\/skaitytaknyga.lt\/?s={search_term_string}"},"query-input":{"@type":"PropertyValueSpecification","valueRequired":true,"valueName":"search_term_string"}}],"inLanguage":"en-GB"},{"@type":"Organization","@id":"https:\/\/skaitytaknyga.lt\/#organization","name":"skaitytaknyga.lt","url":"https:\/\/skaitytaknyga.lt\/","logo":{"@type":"ImageObject","inLanguage":"en-GB","@id":"https:\/\/skaitytaknyga.lt\/#\/schema\/logo\/image\/","url":"https:\/\/skaitytaknyga.lt\/wp-content\/uploads\/2024\/05\/cropped-cropped-cropped-02_00843_jt3bggkj1j3HLc7SyY6rEUpg.jpeg","contentUrl":"https:\/\/skaitytaknyga.lt\/wp-content\/uploads\/2024\/05\/cropped-cropped-cropped-02_00843_jt3bggkj1j3HLc7SyY6rEUpg.jpeg","width":1600,"height":1600,"caption":"skaitytaknyga.lt"},"image":{"@id":"https:\/\/skaitytaknyga.lt\/#\/schema\/logo\/image\/"},"sameAs":["https:\/\/www.facebook.com\/skaitytaknyga\/"]}]}},"_links":{"self":[{"href":"https:\/\/skaitytaknyga.lt\/en\/wp-json\/wp\/v2\/product\/22634","targetHints":{"allow":["GET"]}}],"collection":[{"href":"https:\/\/skaitytaknyga.lt\/en\/wp-json\/wp\/v2\/product"}],"about":[{"href":"https:\/\/skaitytaknyga.lt\/en\/wp-json\/wp\/v2\/types\/product"}],"replies":[{"embeddable":true,"href":"https:\/\/skaitytaknyga.lt\/en\/wp-json\/wp\/v2\/comments?post=22634"}],"wp:featuredmedia":[{"embeddable":true,"href":"https:\/\/skaitytaknyga.lt\/en\/wp-json\/wp\/v2\/media\/22650"}],"wp:attachment":[{"href":"https:\/\/skaitytaknyga.lt\/en\/wp-json\/wp\/v2\/media?parent=22634"}],"wp:term":[{"taxonomy":"product_brand","embeddable":true,"href":"https:\/\/skaitytaknyga.lt\/en\/wp-json\/wp\/v2\/product_brand?post=22634"},{"taxonomy":"product_cat","embeddable":true,"href":"https:\/\/skaitytaknyga.lt\/en\/wp-json\/wp\/v2\/product_cat?post=22634"},{"taxonomy":"product_tag","embeddable":true,"href":"https:\/\/skaitytaknyga.lt\/en\/wp-json\/wp\/v2\/product_tag?post=22634"}],"curies":[{"name":"wp","href":"https:\/\/api.w.org\/{rel}","templated":true}]}}