{"id":22632,"date":"2026-01-02T22:46:08","date_gmt":"2026-01-02T20:46:08","guid":{"rendered":"https:\/\/skaitytaknyga.lt\/?post_type=product&#038;p=22632"},"modified":"2026-01-30T12:13:32","modified_gmt":"2026-01-30T10:13:32","slug":"faktai-ir-sypsenos","status":"publish","type":"product","link":"https:\/\/skaitytaknyga.lt\/en\/produktas\/faktai-ir-sypsenos\/","title":{"rendered":"Faktai ir \u0161ypsenos"},"content":{"rendered":"<p>\u0160i knyga papuo\u0161 ne vienos \u0161eimos bibliotek\u0105. Ji atsako \u012f daugel\u012f klausim\u0173, tarp j\u0173 \u2013 ir \u012f tuos , u\u017eduoti kuriuos ne kiekvienam ateina \u012f galv\u0105.<\/p>\n<p>Apie \u017dalgirio m\u016b\u0161\u012f \u2013 kaip tos dvi \u017emoni\u0173 kariaunos surado viena kit\u0105? Kaip bekele buvo ve\u017eamos de\u0161imtis centneri\u0173 sverian\u010dios patrankos? K\u0105 valg\u0117 m\u016bs\u0173 kariai ir i\u0161 kur \u0117m\u0117 maist\u0105? Kaip buvo palaikoma disciplina?<\/p>\n<p>Koki\u0105 \u012ftak\u0105 karui Afganistane turi auk\u0161t\u0173 Amerikos karinink\u0173 \u017emonos?<\/p>\n<p>Kiek angl\u0173 tautoje sluoksni\u0173, kuo jie ypatingi, kiek specifiniai t\u0173 sluoksni\u0173 dialektai ir kod\u0117l angl\u0173 kalba \u2013 \u017eodingiausia pasaulyje?<\/p>\n<p>Danai n\u0117ra turtingiausi, bet patys pripa\u017e\u012fsta, kad jie \u2013 laimingiausi pasaulyje. Kaip jiems pavyksta?<\/p>\n<p>Kod\u0117l Izraelio nenugali daug gausesni  ir puikiai ginkluoti prie\u0161ai?<\/p>\n<p>Koki\u0105 \u012ftak\u0105 dar\u017eelinuk\u0173 aukl\u0117tojai turi b\u016bsimiems pilie\u010diams ir valstyb\u0117s ekonomikai?<\/p>\n<p>Kaip flirtuoja amerikie\u010diai, kaip skiriasi japonai? Kur slepiasi ir kiek trunka meil\u0117?<\/p>\n<p>59 temos, kurios pagyvins pa\u0161nekesius Lietuvoje, o m\u016bs\u0173 emigrantams duos argument\u0173,  kuriems neatsispirsi.<\/p>\n<p>Autorius ilgus metus laisvalaikiu vadovavo m\u016bs\u0173 turist\u0173 grup\u0117ms, keliaujan\u010dioms po u\u017esienio \u0161alis. \u0160ioje knygoje \u2013 \u017evilgsnis \u012f tas grupes i\u0161 vidaus.<\/p>\n","protected":false},"excerpt":{"rendered":"<p>\u0160i knyga papuo\u0161 ne vienos \u0161eimos bibliotek\u0105. Ji atsako \u012f daugel\u012f klausim\u0173, tarp j\u0173 \u2013 ir \u012f tuos , u\u017eduoti kuriuos ne kiekvienam ateina \u012f galv\u0105. Apie \u017dalgirio m\u016b\u0161\u012f \u2013 kaip tos dvi \u017emoni\u0173 kariaunos surado viena kit\u0105? Kaip bekele buvo ve\u017eamos de\u0161imtis centneri\u0173 sverian\u010dios patrankos? K\u0105 valg\u0117 m\u016bs\u0173 kariai ir i\u0161 kur \u0117m\u0117 maist\u0105? Kaip buvo palaikoma disciplina? Koki\u0105 \u012ftak\u0105 karui Afganistane turi auk\u0161t\u0173 Amerikos karinink\u0173 \u017emonos? Kiek angl\u0173 tautoje sluoksni\u0173, kuo jie ypatingi, kiek specifiniai t\u0173 sluoksni\u0173 dialektai ir kod\u0117l angl\u0173 kalba \u2013 \u017eodingiausia pasaulyje? Danai n\u0117ra turtingiausi, bet patys pripa\u017e\u012fsta, kad jie \u2013 laimingiausi pasaulyje. Kaip jiems pavyksta? Kod\u0117l Izraelio nenugali daug gausesni ir puikiai ginkluoti prie\u0161ai? Koki\u0105 \u012ftak\u0105 dar\u017eelinuk\u0173 aukl\u0117tojai turi b\u016bsimiems pilie\u010diams ir valstyb\u0117s ekonomikai? Kaip flirtuoja amerikie\u010diai, kaip skiriasi japonai? Kur slepiasi ir kiek trunka meil\u0117? 59 temos, kurios pagyvins pa\u0161nekesius Lietuvoje, o m\u016bs\u0173 emigrantams duos argument\u0173, kuriems neatsispirsi. Autorius ilgus metus laisvalaikiu vadovavo m\u016bs\u0173 turist\u0173 grup\u0117ms, keliaujan\u010dioms po u\u017esienio \u0161alis. \u0160ioje knygoje \u2013 \u017evilgsnis \u012f tas grupes i\u0161 vidaus.<\/p>\n","protected":false},"featured_media":22648,"comment_status":"open","ping_status":"closed","template":"","meta":{"_acf_changed":false,"site-sidebar-layout":"default","site-content-layout":"","ast-site-content-layout":"default","site-content-style":"default","site-sidebar-style":"default","ast-global-header-display":"","ast-banner-title-visibility":"","ast-main-header-display":"","ast-hfb-above-header-display":"","ast-hfb-below-header-display":"","ast-hfb-mobile-header-display":"","site-post-title":"","ast-breadcrumbs-content":"","ast-featured-img":"","footer-sml-layout":"","ast-disable-related-posts":"","theme-transparent-header-meta":"","adv-header-id-meta":"","stick-header-meta":"","header-above-stick-meta":"","header-main-stick-meta":"","header-below-stick-meta":"","astra-migrate-meta-layouts":"default","ast-page-background-enabled":"default","ast-page-background-meta":{"desktop":{"background-color":"","background-image":"","background-repeat":"repeat","background-position":"center center","background-size":"auto","background-attachment":"scroll","background-type":"","background-media":"","overlay-type":"","overlay-color":"","overlay-opacity":"","overlay-gradient":""},"tablet":{"background-color":"","background-image":"","background-repeat":"repeat","background-position":"center center","background-size":"auto","background-attachment":"scroll","background-type":"","background-media":"","overlay-type":"","overlay-color":"","overlay-opacity":"","overlay-gradient":""},"mobile":{"background-color":"","background-image":"","background-repeat":"repeat","background-position":"center center","background-size":"auto","background-attachment":"scroll","background-type":"","background-media":"","overlay-type":"","overlay-color":"","overlay-opacity":"","overlay-gradient":""}},"ast-content-background-meta":{"desktop":{"background-color":"var(--ast-global-color-4)","background-image":"","background-repeat":"repeat","background-position":"center center","background-size":"auto","background-attachment":"scroll","background-type":"","background-media":"","overlay-type":"","overlay-color":"","overlay-opacity":"","overlay-gradient":""},"tablet":{"background-color":"var(--ast-global-color-4)","background-image":"","background-repeat":"repeat","background-position":"center center","background-size":"auto","background-attachment":"scroll","background-type":"","background-media":"","overlay-type":"","overlay-color":"","overlay-opacity":"","overlay-gradient":""},"mobile":{"background-color":"var(--ast-global-color-4)","background-image":"","background-repeat":"repeat","background-position":"center center","background-size":"auto","background-attachment":"scroll","background-type":"","background-media":"","overlay-type":"","overlay-color":"","overlay-opacity":"","overlay-gradient":""}}},"product_brand":[],"product_cat":[31],"product_tag":[9300],"class_list":{"0":"post-22632","1":"product","2":"type-product","3":"status-publish","4":"has-post-thumbnail","6":"product_cat-grozine-literatura","7":"product_tag-ltalgimantas-cekuolis","8":"desktop-align-left","9":"tablet-align-left","10":"mobile-align-left","12":"first","13":"instock","14":"shipping-taxable","15":"purchasable","16":"product-type-simple"},"acf":[],"yoast_head":"<!-- This site is optimized with the Yoast SEO plugin v27.0 - https:\/\/yoast.com\/product\/yoast-seo-wordpress\/ -->\n<title>Faktai ir \u0161ypsenos<\/title>\n<meta name=\"description\" content=\"\u0160i knyga papuo\u0161 ne vienos \u0161eimos bibliotek\u0105. Ji atsako \u012f daugel\u012f klausim\u0173, tarp j\u0173 \u2013 ir \u012f tuos , u\u017eduoti kuriuos ne kiekvienam ateina \u012f galv\u0105. Apie\" \/>\n<meta name=\"robots\" content=\"index, follow, max-snippet:-1, max-image-preview:large, max-video-preview:-1\" \/>\n<link rel=\"canonical\" href=\"https:\/\/skaitytaknyga.lt\/en\/produktas\/faktai-ir-sypsenos\/\" \/>\n<meta property=\"og:locale\" content=\"en_GB\" \/>\n<meta property=\"og:locale:alternate\" content=\"lt_LT\" \/>\n<meta property=\"og:type\" content=\"article\" \/>\n<meta property=\"og:title\" content=\"Faktai ir \u0161ypsenos\" \/>\n<meta property=\"og:description\" content=\"\u0160i knyga papuo\u0161 ne vienos \u0161eimos bibliotek\u0105. Ji atsako \u012f daugel\u012f klausim\u0173, tarp j\u0173 \u2013 ir \u012f tuos , u\u017eduoti kuriuos ne kiekvienam ateina \u012f galv\u0105. Apie\" \/>\n<meta property=\"og:url\" content=\"https:\/\/skaitytaknyga.lt\/en\/produktas\/faktai-ir-sypsenos\/\" \/>\n<meta property=\"og:site_name\" content=\"Skaitytaknyga\" \/>\n<meta property=\"article:publisher\" content=\"https:\/\/www.facebook.com\/skaitytaknyga\/\" \/>\n<meta property=\"article:modified_time\" content=\"2026-01-30T10:13:32+00:00\" \/>\n<meta property=\"og:image\" content=\"https:\/\/skaitytaknyga.lt\/wp-content\/uploads\/2026\/01\/Faktai-ir-sypsenos-1.webp\" \/>\n\t<meta property=\"og:image:width\" content=\"300\" \/>\n\t<meta property=\"og:image:height\" content=\"473\" \/>\n\t<meta property=\"og:image:type\" content=\"image\/webp\" \/>\n<meta name=\"twitter:card\" content=\"summary_large_image\" \/>\n<meta name=\"twitter:label1\" content=\"Estimated reading time\" \/>\n\t<meta name=\"twitter:data1\" content=\"1 minute\" \/>\n<script type=\"application\/ld+json\" class=\"yoast-schema-graph\">{\"@context\":\"https:\/\/schema.org\",\"@graph\":[{\"@type\":\"WebPage\",\"@id\":\"https:\/\/skaitytaknyga.lt\/produktas\/faktai-ir-sypsenos\/\",\"url\":\"https:\/\/skaitytaknyga.lt\/produktas\/faktai-ir-sypsenos\/\",\"name\":\"Faktai ir \u0161ypsenos\",\"isPartOf\":{\"@id\":\"https:\/\/skaitytaknyga.lt\/#website\"},\"primaryImageOfPage\":{\"@id\":\"https:\/\/skaitytaknyga.lt\/produktas\/faktai-ir-sypsenos\/#primaryimage\"},\"image\":{\"@id\":\"https:\/\/skaitytaknyga.lt\/produktas\/faktai-ir-sypsenos\/#primaryimage\"},\"thumbnailUrl\":\"https:\/\/skaitytaknyga.lt\/wp-content\/uploads\/2026\/01\/Faktai-ir-sypsenos-1.webp\",\"datePublished\":\"2026-01-02T20:46:08+00:00\",\"dateModified\":\"2026-01-30T10:13:32+00:00\",\"description\":\"\u0160i knyga papuo\u0161 ne vienos \u0161eimos bibliotek\u0105. Ji atsako \u012f daugel\u012f klausim\u0173, tarp j\u0173 \u2013 ir \u012f tuos , u\u017eduoti kuriuos ne kiekvienam ateina \u012f galv\u0105. Apie\",\"breadcrumb\":{\"@id\":\"https:\/\/skaitytaknyga.lt\/produktas\/faktai-ir-sypsenos\/#breadcrumb\"},\"inLanguage\":\"en-GB\",\"potentialAction\":[{\"@type\":\"ReadAction\",\"target\":[\"https:\/\/skaitytaknyga.lt\/produktas\/faktai-ir-sypsenos\/\"]}]},{\"@type\":\"ImageObject\",\"inLanguage\":\"en-GB\",\"@id\":\"https:\/\/skaitytaknyga.lt\/produktas\/faktai-ir-sypsenos\/#primaryimage\",\"url\":\"https:\/\/skaitytaknyga.lt\/wp-content\/uploads\/2026\/01\/Faktai-ir-sypsenos-1.webp\",\"contentUrl\":\"https:\/\/skaitytaknyga.lt\/wp-content\/uploads\/2026\/01\/Faktai-ir-sypsenos-1.webp\",\"width\":300,\"height\":473,\"caption\":\"Faktai ir \u0161ypsenos\"},{\"@type\":\"BreadcrumbList\",\"@id\":\"https:\/\/skaitytaknyga.lt\/produktas\/faktai-ir-sypsenos\/#breadcrumb\",\"itemListElement\":[{\"@type\":\"ListItem\",\"position\":1,\"name\":\"Home\",\"item\":\"https:\/\/skaitytaknyga.lt\/\"},{\"@type\":\"ListItem\",\"position\":2,\"name\":\"Parduotuv\u0117\",\"item\":\"https:\/\/skaitytaknyga.lt\/knygu-parduotuve\/\"},{\"@type\":\"ListItem\",\"position\":3,\"name\":\"Faktai ir \u0161ypsenos\"}]},{\"@type\":\"WebSite\",\"@id\":\"https:\/\/skaitytaknyga.lt\/#website\",\"url\":\"https:\/\/skaitytaknyga.lt\/\",\"name\":\"skaitytaknyga.lt\",\"description\":\"Skaitytaknyga.lt \u2013 tai ma\u017eas \u0161eimos verslas, kuris prasid\u0117jo nuo meil\u0117s knygoms ir siekio i\u0161gelb\u0117ti knygas nuo likimo prie konteinerio. Kas vienam nereikalingas daiktas \u2013 kitam lobis, o mes esame tarpininkai, kurie padeda abiems tapti laimingesniems ???? \u017dinome kaip nelengva i\u0161gyventi ma\u017eiems verslams, tad nuo \u0161iol, \u010dia rasite ir kit\u0173, ma\u017e\u0173 \u0161eim\u0173 versl\u0173, rank\u0173 darbo, dovan\u0173 sau ir artimiesiems.\",\"publisher\":{\"@id\":\"https:\/\/skaitytaknyga.lt\/#organization\"},\"potentialAction\":[{\"@type\":\"SearchAction\",\"target\":{\"@type\":\"EntryPoint\",\"urlTemplate\":\"https:\/\/skaitytaknyga.lt\/?s={search_term_string}\"},\"query-input\":{\"@type\":\"PropertyValueSpecification\",\"valueRequired\":true,\"valueName\":\"search_term_string\"}}],\"inLanguage\":\"en-GB\"},{\"@type\":\"Organization\",\"@id\":\"https:\/\/skaitytaknyga.lt\/#organization\",\"name\":\"skaitytaknyga.lt\",\"url\":\"https:\/\/skaitytaknyga.lt\/\",\"logo\":{\"@type\":\"ImageObject\",\"inLanguage\":\"en-GB\",\"@id\":\"https:\/\/skaitytaknyga.lt\/#\/schema\/logo\/image\/\",\"url\":\"https:\/\/skaitytaknyga.lt\/wp-content\/uploads\/2024\/05\/cropped-cropped-cropped-02_00843_jt3bggkj1j3HLc7SyY6rEUpg.jpeg\",\"contentUrl\":\"https:\/\/skaitytaknyga.lt\/wp-content\/uploads\/2024\/05\/cropped-cropped-cropped-02_00843_jt3bggkj1j3HLc7SyY6rEUpg.jpeg\",\"width\":1600,\"height\":1600,\"caption\":\"skaitytaknyga.lt\"},\"image\":{\"@id\":\"https:\/\/skaitytaknyga.lt\/#\/schema\/logo\/image\/\"},\"sameAs\":[\"https:\/\/www.facebook.com\/skaitytaknyga\/\"]}]}<\/script>\n<!-- \/ Yoast SEO plugin. -->","yoast_head_json":{"title":"Faktai ir \u0161ypsenos","description":"\u0160i knyga papuo\u0161 ne vienos \u0161eimos bibliotek\u0105. Ji atsako \u012f daugel\u012f klausim\u0173, tarp j\u0173 \u2013 ir \u012f tuos , u\u017eduoti kuriuos ne kiekvienam ateina \u012f galv\u0105. Apie","robots":{"index":"index","follow":"follow","max-snippet":"max-snippet:-1","max-image-preview":"max-image-preview:large","max-video-preview":"max-video-preview:-1"},"canonical":"https:\/\/skaitytaknyga.lt\/en\/produktas\/faktai-ir-sypsenos\/","og_locale":"en_GB","og_type":"article","og_title":"[:lt]Faktai ir \u0161ypsenos[:] - Skaitytaknyga","og_description":"\u0160i knyga papuo\u0161 ne vienos \u0161eimos bibliotek\u0105. Ji atsako \u012f daugel\u012f klausim\u0173, tarp j\u0173 \u2013 ir \u012f tuos , u\u017eduoti kuriuos ne kiekvienam ateina \u012f galv\u0105. Apie","og_url":"https:\/\/skaitytaknyga.lt\/en\/produktas\/faktai-ir-sypsenos\/","og_site_name":"Skaitytaknyga","article_publisher":"https:\/\/www.facebook.com\/skaitytaknyga\/","article_modified_time":"2026-01-30T10:13:32+00:00","og_image":[{"width":300,"height":473,"url":"https:\/\/skaitytaknyga.lt\/wp-content\/uploads\/2026\/01\/Faktai-ir-sypsenos-1.webp","type":"image\/webp"}],"twitter_card":"summary_large_image","twitter_misc":{"Estimated reading time":"1 minute"},"schema":{"@context":"https:\/\/schema.org","@graph":[{"@type":"WebPage","@id":"https:\/\/skaitytaknyga.lt\/produktas\/faktai-ir-sypsenos\/","url":"https:\/\/skaitytaknyga.lt\/produktas\/faktai-ir-sypsenos\/","name":"Faktai ir \u0161ypsenos","isPartOf":{"@id":"https:\/\/skaitytaknyga.lt\/#website"},"primaryImageOfPage":{"@id":"https:\/\/skaitytaknyga.lt\/produktas\/faktai-ir-sypsenos\/#primaryimage"},"image":{"@id":"https:\/\/skaitytaknyga.lt\/produktas\/faktai-ir-sypsenos\/#primaryimage"},"thumbnailUrl":"https:\/\/skaitytaknyga.lt\/wp-content\/uploads\/2026\/01\/Faktai-ir-sypsenos-1.webp","datePublished":"2026-01-02T20:46:08+00:00","dateModified":"2026-01-30T10:13:32+00:00","description":"\u0160i knyga papuo\u0161 ne vienos \u0161eimos bibliotek\u0105. Ji atsako \u012f daugel\u012f klausim\u0173, tarp j\u0173 \u2013 ir \u012f tuos , u\u017eduoti kuriuos ne kiekvienam ateina \u012f galv\u0105. Apie","breadcrumb":{"@id":"https:\/\/skaitytaknyga.lt\/produktas\/faktai-ir-sypsenos\/#breadcrumb"},"inLanguage":"en-GB","potentialAction":[{"@type":"ReadAction","target":["https:\/\/skaitytaknyga.lt\/produktas\/faktai-ir-sypsenos\/"]}]},{"@type":"ImageObject","inLanguage":"en-GB","@id":"https:\/\/skaitytaknyga.lt\/produktas\/faktai-ir-sypsenos\/#primaryimage","url":"https:\/\/skaitytaknyga.lt\/wp-content\/uploads\/2026\/01\/Faktai-ir-sypsenos-1.webp","contentUrl":"https:\/\/skaitytaknyga.lt\/wp-content\/uploads\/2026\/01\/Faktai-ir-sypsenos-1.webp","width":300,"height":473,"caption":"Faktai ir \u0161ypsenos"},{"@type":"BreadcrumbList","@id":"https:\/\/skaitytaknyga.lt\/produktas\/faktai-ir-sypsenos\/#breadcrumb","itemListElement":[{"@type":"ListItem","position":1,"name":"Home","item":"https:\/\/skaitytaknyga.lt\/"},{"@type":"ListItem","position":2,"name":"Parduotuv\u0117","item":"https:\/\/skaitytaknyga.lt\/knygu-parduotuve\/"},{"@type":"ListItem","position":3,"name":"Faktai ir \u0161ypsenos"}]},{"@type":"WebSite","@id":"https:\/\/skaitytaknyga.lt\/#website","url":"https:\/\/skaitytaknyga.lt\/","name":"skaitytaknyga.lt","description":"Skaitytaknyga.lt \u2013 tai ma\u017eas \u0161eimos verslas, kuris prasid\u0117jo nuo meil\u0117s knygoms ir siekio i\u0161gelb\u0117ti knygas nuo likimo prie konteinerio. Kas vienam nereikalingas daiktas \u2013 kitam lobis, o mes esame tarpininkai, kurie padeda abiems tapti laimingesniems ???? \u017dinome kaip nelengva i\u0161gyventi ma\u017eiems verslams, tad nuo \u0161iol, \u010dia rasite ir kit\u0173, ma\u017e\u0173 \u0161eim\u0173 versl\u0173, rank\u0173 darbo, dovan\u0173 sau ir artimiesiems.","publisher":{"@id":"https:\/\/skaitytaknyga.lt\/#organization"},"potentialAction":[{"@type":"SearchAction","target":{"@type":"EntryPoint","urlTemplate":"https:\/\/skaitytaknyga.lt\/?s={search_term_string}"},"query-input":{"@type":"PropertyValueSpecification","valueRequired":true,"valueName":"search_term_string"}}],"inLanguage":"en-GB"},{"@type":"Organization","@id":"https:\/\/skaitytaknyga.lt\/#organization","name":"skaitytaknyga.lt","url":"https:\/\/skaitytaknyga.lt\/","logo":{"@type":"ImageObject","inLanguage":"en-GB","@id":"https:\/\/skaitytaknyga.lt\/#\/schema\/logo\/image\/","url":"https:\/\/skaitytaknyga.lt\/wp-content\/uploads\/2024\/05\/cropped-cropped-cropped-02_00843_jt3bggkj1j3HLc7SyY6rEUpg.jpeg","contentUrl":"https:\/\/skaitytaknyga.lt\/wp-content\/uploads\/2024\/05\/cropped-cropped-cropped-02_00843_jt3bggkj1j3HLc7SyY6rEUpg.jpeg","width":1600,"height":1600,"caption":"skaitytaknyga.lt"},"image":{"@id":"https:\/\/skaitytaknyga.lt\/#\/schema\/logo\/image\/"},"sameAs":["https:\/\/www.facebook.com\/skaitytaknyga\/"]}]}},"_links":{"self":[{"href":"https:\/\/skaitytaknyga.lt\/en\/wp-json\/wp\/v2\/product\/22632","targetHints":{"allow":["GET"]}}],"collection":[{"href":"https:\/\/skaitytaknyga.lt\/en\/wp-json\/wp\/v2\/product"}],"about":[{"href":"https:\/\/skaitytaknyga.lt\/en\/wp-json\/wp\/v2\/types\/product"}],"replies":[{"embeddable":true,"href":"https:\/\/skaitytaknyga.lt\/en\/wp-json\/wp\/v2\/comments?post=22632"}],"wp:featuredmedia":[{"embeddable":true,"href":"https:\/\/skaitytaknyga.lt\/en\/wp-json\/wp\/v2\/media\/22648"}],"wp:attachment":[{"href":"https:\/\/skaitytaknyga.lt\/en\/wp-json\/wp\/v2\/media?parent=22632"}],"wp:term":[{"taxonomy":"product_brand","embeddable":true,"href":"https:\/\/skaitytaknyga.lt\/en\/wp-json\/wp\/v2\/product_brand?post=22632"},{"taxonomy":"product_cat","embeddable":true,"href":"https:\/\/skaitytaknyga.lt\/en\/wp-json\/wp\/v2\/product_cat?post=22632"},{"taxonomy":"product_tag","embeddable":true,"href":"https:\/\/skaitytaknyga.lt\/en\/wp-json\/wp\/v2\/product_tag?post=22632"}],"curies":[{"name":"wp","href":"https:\/\/api.w.org\/{rel}","templated":true}]}}