{"id":22631,"date":"2026-01-02T22:46:06","date_gmt":"2026-01-02T20:46:06","guid":{"rendered":"https:\/\/skaitytaknyga.lt\/?post_type=product&#038;p=22631"},"modified":"2026-01-09T17:28:50","modified_gmt":"2026-01-09T15:28:50","slug":"judesiu-mokslas-raumenys-valdymas-mokymas-reabilitavimas-sveikatinimas-treniravimas-metodologija","status":"publish","type":"product","link":"https:\/\/skaitytaknyga.lt\/en\/produktas\/judesiu-mokslas-raumenys-valdymas-mokymas-reabilitavimas-sveikatinimas-treniravimas-metodologija\/","title":{"rendered":"Judesi\u0173 mokslas: raumenys, valdymas, mokymas, reabilitavimas, sveikatinimas, treniravimas, metodologija"},"content":{"rendered":"<p>Vadov\u0117lyje perteikiama judesi\u0173 mokslo klasika ir naujov\u0117s &#8211; griau\u010di\u0173 raumen\u0173 strukt\u016bra ir funkcija, judesi\u0173 valdymas ir mokymas, fizini\u0173 ypatybi\u0173 ugdymas, fizinio aktyvumo poveikis \u017emogaus sveikatai, sporto treniruo\u010di\u0173 naujov\u0117s ir motorin\u0117s sistemos, kaip sud\u0117tingosios dinamin\u0117s sistemos, tyrimo metodologija.<\/p>\n<p>Vadov\u0117lis skirtas Lietuvos auk\u0161t\u0173j\u0173 mokykl\u0173 k\u016bno kult\u016bros ir sporto specialybi\u0173 studentams, sporto \u0161ak\u0173 treneriams, k\u016bno kult\u016bros ir sveikatos mokytojams, kineziterapeutams, taikomosios k\u016bno kult\u016bros specialistams, visiems sportininkams ir sportuotojams.<\/p>\n","protected":false},"excerpt":{"rendered":"<p>Vadov\u0117lyje perteikiama judesi\u0173 mokslo klasika ir naujov\u0117s &#8211; griau\u010di\u0173 raumen\u0173 strukt\u016bra ir funkcija, judesi\u0173 valdymas ir mokymas, fizini\u0173 ypatybi\u0173 ugdymas, fizinio aktyvumo poveikis \u017emogaus sveikatai, sporto treniruo\u010di\u0173 naujov\u0117s ir motorin\u0117s sistemos, kaip sud\u0117tingosios dinamin\u0117s sistemos, tyrimo metodologija. Vadov\u0117lis skirtas Lietuvos auk\u0161t\u0173j\u0173 mokykl\u0173 k\u016bno kult\u016bros ir sporto specialybi\u0173 studentams, sporto \u0161ak\u0173 treneriams, k\u016bno kult\u016bros ir sveikatos mokytojams, kineziterapeutams, taikomosios k\u016bno kult\u016bros specialistams, visiems sportininkams ir sportuotojams.<\/p>\n","protected":false},"featured_media":22636,"comment_status":"open","ping_status":"closed","template":"","meta":{"_acf_changed":false,"site-sidebar-layout":"default","site-content-layout":"","ast-site-content-layout":"default","site-content-style":"default","site-sidebar-style":"default","ast-global-header-display":"","ast-banner-title-visibility":"","ast-main-header-display":"","ast-hfb-above-header-display":"","ast-hfb-below-header-display":"","ast-hfb-mobile-header-display":"","site-post-title":"","ast-breadcrumbs-content":"","ast-featured-img":"","footer-sml-layout":"","ast-disable-related-posts":"","theme-transparent-header-meta":"","adv-header-id-meta":"","stick-header-meta":"","header-above-stick-meta":"","header-main-stick-meta":"","header-below-stick-meta":"","astra-migrate-meta-layouts":"default","ast-page-background-enabled":"default","ast-page-background-meta":{"desktop":{"background-color":"","background-image":"","background-repeat":"repeat","background-position":"center center","background-size":"auto","background-attachment":"scroll","background-type":"","background-media":"","overlay-type":"","overlay-color":"","overlay-opacity":"","overlay-gradient":""},"tablet":{"background-color":"","background-image":"","background-repeat":"repeat","background-position":"center center","background-size":"auto","background-attachment":"scroll","background-type":"","background-media":"","overlay-type":"","overlay-color":"","overlay-opacity":"","overlay-gradient":""},"mobile":{"background-color":"","background-image":"","background-repeat":"repeat","background-position":"center center","background-size":"auto","background-attachment":"scroll","background-type":"","background-media":"","overlay-type":"","overlay-color":"","overlay-opacity":"","overlay-gradient":""}},"ast-content-background-meta":{"desktop":{"background-color":"var(--ast-global-color-4)","background-image":"","background-repeat":"repeat","background-position":"center center","background-size":"auto","background-attachment":"scroll","background-type":"","background-media":"","overlay-type":"","overlay-color":"","overlay-opacity":"","overlay-gradient":""},"tablet":{"background-color":"var(--ast-global-color-4)","background-image":"","background-repeat":"repeat","background-position":"center center","background-size":"auto","background-attachment":"scroll","background-type":"","background-media":"","overlay-type":"","overlay-color":"","overlay-opacity":"","overlay-gradient":""},"mobile":{"background-color":"var(--ast-global-color-4)","background-image":"","background-repeat":"repeat","background-position":"center center","background-size":"auto","background-attachment":"scroll","background-type":"","background-media":"","overlay-type":"","overlay-color":"","overlay-opacity":"","overlay-gradient":""}}},"product_brand":[],"product_cat":[15],"product_tag":[],"class_list":{"0":"post-22631","1":"product","2":"type-product","3":"status-publish","4":"has-post-thumbnail","6":"product_cat-uncategorized","7":"desktop-align-left","8":"tablet-align-left","9":"mobile-align-left","11":"first","12":"instock","13":"shipping-taxable","14":"purchasable","15":"product-type-simple"},"acf":[],"yoast_head":"<!-- This site is optimized with the Yoast SEO plugin v27.0 - https:\/\/yoast.com\/product\/yoast-seo-wordpress\/ -->\n<title>Judesi\u0173 mokslas: raumenys, valdymas, mokymas, reabilitavimas, sveikatinimas, treniravimas, metodologija<\/title>\n<meta name=\"description\" content=\"Vadov\u0117lyje perteikiama judesi\u0173 mokslo klasika ir naujov\u0117s - griau\u010di\u0173 raumen\u0173 strukt\u016bra ir funkcija, judesi\u0173 valdymas ir mokymas, fizini\u0173 ypatybi\u0173 ugdymas,\" \/>\n<meta name=\"robots\" content=\"index, follow, max-snippet:-1, max-image-preview:large, max-video-preview:-1\" \/>\n<link rel=\"canonical\" href=\"https:\/\/skaitytaknyga.lt\/en\/produktas\/judesiu-mokslas-raumenys-valdymas-mokymas-reabilitavimas-sveikatinimas-treniravimas-metodologija\/\" \/>\n<meta property=\"og:locale\" content=\"en_GB\" \/>\n<meta property=\"og:locale:alternate\" content=\"lt_LT\" \/>\n<meta property=\"og:type\" content=\"article\" \/>\n<meta property=\"og:title\" content=\"Judesi\u0173 mokslas: raumenys, valdymas, mokymas, reabilitavimas, sveikatinimas, treniravimas, metodologija\" \/>\n<meta property=\"og:description\" content=\"Vadov\u0117lyje perteikiama judesi\u0173 mokslo klasika ir naujov\u0117s - griau\u010di\u0173 raumen\u0173 strukt\u016bra ir funkcija, judesi\u0173 valdymas ir mokymas, fizini\u0173 ypatybi\u0173 ugdymas,\" \/>\n<meta property=\"og:url\" content=\"https:\/\/skaitytaknyga.lt\/en\/produktas\/judesiu-mokslas-raumenys-valdymas-mokymas-reabilitavimas-sveikatinimas-treniravimas-metodologija\/\" \/>\n<meta property=\"og:site_name\" content=\"Skaitytaknyga\" \/>\n<meta property=\"article:publisher\" content=\"https:\/\/www.facebook.com\/skaitytaknyga\/\" \/>\n<meta property=\"article:modified_time\" content=\"2026-01-09T15:28:50+00:00\" \/>\n<meta property=\"og:image\" content=\"https:\/\/skaitytaknyga.lt\/wp-content\/uploads\/2026\/01\/Judesiu-mokslas-raumenys-valdymas-mokymas-reabilitavimas-sveikatinimas-treniravimas-metodologija.webp\" \/>\n\t<meta property=\"og:image:width\" content=\"564\" \/>\n\t<meta property=\"og:image:height\" content=\"801\" \/>\n\t<meta property=\"og:image:type\" content=\"image\/webp\" \/>\n<meta name=\"twitter:card\" content=\"summary_large_image\" \/>\n<script type=\"application\/ld+json\" class=\"yoast-schema-graph\">{\"@context\":\"https:\/\/schema.org\",\"@graph\":[{\"@type\":\"WebPage\",\"@id\":\"https:\/\/skaitytaknyga.lt\/produktas\/judesiu-mokslas-raumenys-valdymas-mokymas-reabilitavimas-sveikatinimas-treniravimas-metodologija\/\",\"url\":\"https:\/\/skaitytaknyga.lt\/produktas\/judesiu-mokslas-raumenys-valdymas-mokymas-reabilitavimas-sveikatinimas-treniravimas-metodologija\/\",\"name\":\"Judesi\u0173 mokslas: raumenys, valdymas, mokymas, reabilitavimas, sveikatinimas, treniravimas, metodologija\",\"isPartOf\":{\"@id\":\"https:\/\/skaitytaknyga.lt\/#website\"},\"primaryImageOfPage\":{\"@id\":\"https:\/\/skaitytaknyga.lt\/produktas\/judesiu-mokslas-raumenys-valdymas-mokymas-reabilitavimas-sveikatinimas-treniravimas-metodologija\/#primaryimage\"},\"image\":{\"@id\":\"https:\/\/skaitytaknyga.lt\/produktas\/judesiu-mokslas-raumenys-valdymas-mokymas-reabilitavimas-sveikatinimas-treniravimas-metodologija\/#primaryimage\"},\"thumbnailUrl\":\"https:\/\/skaitytaknyga.lt\/wp-content\/uploads\/2026\/01\/Judesiu-mokslas-raumenys-valdymas-mokymas-reabilitavimas-sveikatinimas-treniravimas-metodologija.webp\",\"datePublished\":\"2026-01-02T20:46:06+00:00\",\"dateModified\":\"2026-01-09T15:28:50+00:00\",\"description\":\"Vadov\u0117lyje perteikiama judesi\u0173 mokslo klasika ir naujov\u0117s - griau\u010di\u0173 raumen\u0173 strukt\u016bra ir funkcija, judesi\u0173 valdymas ir mokymas, fizini\u0173 ypatybi\u0173 ugdymas,\",\"breadcrumb\":{\"@id\":\"https:\/\/skaitytaknyga.lt\/produktas\/judesiu-mokslas-raumenys-valdymas-mokymas-reabilitavimas-sveikatinimas-treniravimas-metodologija\/#breadcrumb\"},\"inLanguage\":\"en-GB\",\"potentialAction\":[{\"@type\":\"ReadAction\",\"target\":[\"https:\/\/skaitytaknyga.lt\/produktas\/judesiu-mokslas-raumenys-valdymas-mokymas-reabilitavimas-sveikatinimas-treniravimas-metodologija\/\"]}]},{\"@type\":\"ImageObject\",\"inLanguage\":\"en-GB\",\"@id\":\"https:\/\/skaitytaknyga.lt\/produktas\/judesiu-mokslas-raumenys-valdymas-mokymas-reabilitavimas-sveikatinimas-treniravimas-metodologija\/#primaryimage\",\"url\":\"https:\/\/skaitytaknyga.lt\/wp-content\/uploads\/2026\/01\/Judesiu-mokslas-raumenys-valdymas-mokymas-reabilitavimas-sveikatinimas-treniravimas-metodologija.webp\",\"contentUrl\":\"https:\/\/skaitytaknyga.lt\/wp-content\/uploads\/2026\/01\/Judesiu-mokslas-raumenys-valdymas-mokymas-reabilitavimas-sveikatinimas-treniravimas-metodologija.webp\",\"width\":564,\"height\":801,\"caption\":\"Judesi\u0173 mokslas: raumenys, valdymas, mokymas, reabilitavimas, sveikatinimas, treniravimas, metodologija\"},{\"@type\":\"BreadcrumbList\",\"@id\":\"https:\/\/skaitytaknyga.lt\/produktas\/judesiu-mokslas-raumenys-valdymas-mokymas-reabilitavimas-sveikatinimas-treniravimas-metodologija\/#breadcrumb\",\"itemListElement\":[{\"@type\":\"ListItem\",\"position\":1,\"name\":\"Home\",\"item\":\"https:\/\/skaitytaknyga.lt\/\"},{\"@type\":\"ListItem\",\"position\":2,\"name\":\"Parduotuv\u0117\",\"item\":\"https:\/\/skaitytaknyga.lt\/knygu-parduotuve\/\"},{\"@type\":\"ListItem\",\"position\":3,\"name\":\"Judesi\u0173 mokslas: raumenys, valdymas, mokymas, reabilitavimas, sveikatinimas, treniravimas, metodologija\"}]},{\"@type\":\"WebSite\",\"@id\":\"https:\/\/skaitytaknyga.lt\/#website\",\"url\":\"https:\/\/skaitytaknyga.lt\/\",\"name\":\"skaitytaknyga.lt\",\"description\":\"Skaitytaknyga.lt \u2013 tai ma\u017eas \u0161eimos verslas, kuris prasid\u0117jo nuo meil\u0117s knygoms ir siekio i\u0161gelb\u0117ti knygas nuo likimo prie konteinerio. Kas vienam nereikalingas daiktas \u2013 kitam lobis, o mes esame tarpininkai, kurie padeda abiems tapti laimingesniems ???? \u017dinome kaip nelengva i\u0161gyventi ma\u017eiems verslams, tad nuo \u0161iol, \u010dia rasite ir kit\u0173, ma\u017e\u0173 \u0161eim\u0173 versl\u0173, rank\u0173 darbo, dovan\u0173 sau ir artimiesiems.\",\"publisher\":{\"@id\":\"https:\/\/skaitytaknyga.lt\/#organization\"},\"potentialAction\":[{\"@type\":\"SearchAction\",\"target\":{\"@type\":\"EntryPoint\",\"urlTemplate\":\"https:\/\/skaitytaknyga.lt\/?s={search_term_string}\"},\"query-input\":{\"@type\":\"PropertyValueSpecification\",\"valueRequired\":true,\"valueName\":\"search_term_string\"}}],\"inLanguage\":\"en-GB\"},{\"@type\":\"Organization\",\"@id\":\"https:\/\/skaitytaknyga.lt\/#organization\",\"name\":\"skaitytaknyga.lt\",\"url\":\"https:\/\/skaitytaknyga.lt\/\",\"logo\":{\"@type\":\"ImageObject\",\"inLanguage\":\"en-GB\",\"@id\":\"https:\/\/skaitytaknyga.lt\/#\/schema\/logo\/image\/\",\"url\":\"https:\/\/skaitytaknyga.lt\/wp-content\/uploads\/2024\/05\/cropped-cropped-cropped-02_00843_jt3bggkj1j3HLc7SyY6rEUpg.jpeg\",\"contentUrl\":\"https:\/\/skaitytaknyga.lt\/wp-content\/uploads\/2024\/05\/cropped-cropped-cropped-02_00843_jt3bggkj1j3HLc7SyY6rEUpg.jpeg\",\"width\":1600,\"height\":1600,\"caption\":\"skaitytaknyga.lt\"},\"image\":{\"@id\":\"https:\/\/skaitytaknyga.lt\/#\/schema\/logo\/image\/\"},\"sameAs\":[\"https:\/\/www.facebook.com\/skaitytaknyga\/\"]}]}<\/script>\n<!-- \/ Yoast SEO plugin. -->","yoast_head_json":{"title":"Judesi\u0173 mokslas: raumenys, valdymas, mokymas, reabilitavimas, sveikatinimas, treniravimas, metodologija","description":"Vadov\u0117lyje perteikiama judesi\u0173 mokslo klasika ir naujov\u0117s - griau\u010di\u0173 raumen\u0173 strukt\u016bra ir funkcija, judesi\u0173 valdymas ir mokymas, fizini\u0173 ypatybi\u0173 ugdymas,","robots":{"index":"index","follow":"follow","max-snippet":"max-snippet:-1","max-image-preview":"max-image-preview:large","max-video-preview":"max-video-preview:-1"},"canonical":"https:\/\/skaitytaknyga.lt\/en\/produktas\/judesiu-mokslas-raumenys-valdymas-mokymas-reabilitavimas-sveikatinimas-treniravimas-metodologija\/","og_locale":"en_GB","og_type":"article","og_title":"[:lt]Judesi\u0173 mokslas: raumenys, valdymas, mokymas, reabilitavimas, sveikatinimas, treniravimas, metodologija[:] - Skaitytaknyga","og_description":"Vadov\u0117lyje perteikiama judesi\u0173 mokslo klasika ir naujov\u0117s - griau\u010di\u0173 raumen\u0173 strukt\u016bra ir funkcija, judesi\u0173 valdymas ir mokymas, fizini\u0173 ypatybi\u0173 ugdymas,","og_url":"https:\/\/skaitytaknyga.lt\/en\/produktas\/judesiu-mokslas-raumenys-valdymas-mokymas-reabilitavimas-sveikatinimas-treniravimas-metodologija\/","og_site_name":"Skaitytaknyga","article_publisher":"https:\/\/www.facebook.com\/skaitytaknyga\/","article_modified_time":"2026-01-09T15:28:50+00:00","og_image":[{"width":564,"height":801,"url":"https:\/\/skaitytaknyga.lt\/wp-content\/uploads\/2026\/01\/Judesiu-mokslas-raumenys-valdymas-mokymas-reabilitavimas-sveikatinimas-treniravimas-metodologija.webp","type":"image\/webp"}],"twitter_card":"summary_large_image","schema":{"@context":"https:\/\/schema.org","@graph":[{"@type":"WebPage","@id":"https:\/\/skaitytaknyga.lt\/produktas\/judesiu-mokslas-raumenys-valdymas-mokymas-reabilitavimas-sveikatinimas-treniravimas-metodologija\/","url":"https:\/\/skaitytaknyga.lt\/produktas\/judesiu-mokslas-raumenys-valdymas-mokymas-reabilitavimas-sveikatinimas-treniravimas-metodologija\/","name":"Judesi\u0173 mokslas: raumenys, valdymas, mokymas, reabilitavimas, sveikatinimas, treniravimas, metodologija","isPartOf":{"@id":"https:\/\/skaitytaknyga.lt\/#website"},"primaryImageOfPage":{"@id":"https:\/\/skaitytaknyga.lt\/produktas\/judesiu-mokslas-raumenys-valdymas-mokymas-reabilitavimas-sveikatinimas-treniravimas-metodologija\/#primaryimage"},"image":{"@id":"https:\/\/skaitytaknyga.lt\/produktas\/judesiu-mokslas-raumenys-valdymas-mokymas-reabilitavimas-sveikatinimas-treniravimas-metodologija\/#primaryimage"},"thumbnailUrl":"https:\/\/skaitytaknyga.lt\/wp-content\/uploads\/2026\/01\/Judesiu-mokslas-raumenys-valdymas-mokymas-reabilitavimas-sveikatinimas-treniravimas-metodologija.webp","datePublished":"2026-01-02T20:46:06+00:00","dateModified":"2026-01-09T15:28:50+00:00","description":"Vadov\u0117lyje perteikiama judesi\u0173 mokslo klasika ir naujov\u0117s - griau\u010di\u0173 raumen\u0173 strukt\u016bra ir funkcija, judesi\u0173 valdymas ir mokymas, fizini\u0173 ypatybi\u0173 ugdymas,","breadcrumb":{"@id":"https:\/\/skaitytaknyga.lt\/produktas\/judesiu-mokslas-raumenys-valdymas-mokymas-reabilitavimas-sveikatinimas-treniravimas-metodologija\/#breadcrumb"},"inLanguage":"en-GB","potentialAction":[{"@type":"ReadAction","target":["https:\/\/skaitytaknyga.lt\/produktas\/judesiu-mokslas-raumenys-valdymas-mokymas-reabilitavimas-sveikatinimas-treniravimas-metodologija\/"]}]},{"@type":"ImageObject","inLanguage":"en-GB","@id":"https:\/\/skaitytaknyga.lt\/produktas\/judesiu-mokslas-raumenys-valdymas-mokymas-reabilitavimas-sveikatinimas-treniravimas-metodologija\/#primaryimage","url":"https:\/\/skaitytaknyga.lt\/wp-content\/uploads\/2026\/01\/Judesiu-mokslas-raumenys-valdymas-mokymas-reabilitavimas-sveikatinimas-treniravimas-metodologija.webp","contentUrl":"https:\/\/skaitytaknyga.lt\/wp-content\/uploads\/2026\/01\/Judesiu-mokslas-raumenys-valdymas-mokymas-reabilitavimas-sveikatinimas-treniravimas-metodologija.webp","width":564,"height":801,"caption":"Judesi\u0173 mokslas: raumenys, valdymas, mokymas, reabilitavimas, sveikatinimas, treniravimas, metodologija"},{"@type":"BreadcrumbList","@id":"https:\/\/skaitytaknyga.lt\/produktas\/judesiu-mokslas-raumenys-valdymas-mokymas-reabilitavimas-sveikatinimas-treniravimas-metodologija\/#breadcrumb","itemListElement":[{"@type":"ListItem","position":1,"name":"Home","item":"https:\/\/skaitytaknyga.lt\/"},{"@type":"ListItem","position":2,"name":"Parduotuv\u0117","item":"https:\/\/skaitytaknyga.lt\/knygu-parduotuve\/"},{"@type":"ListItem","position":3,"name":"Judesi\u0173 mokslas: raumenys, valdymas, mokymas, reabilitavimas, sveikatinimas, treniravimas, metodologija"}]},{"@type":"WebSite","@id":"https:\/\/skaitytaknyga.lt\/#website","url":"https:\/\/skaitytaknyga.lt\/","name":"skaitytaknyga.lt","description":"Skaitytaknyga.lt \u2013 tai ma\u017eas \u0161eimos verslas, kuris prasid\u0117jo nuo meil\u0117s knygoms ir siekio i\u0161gelb\u0117ti knygas nuo likimo prie konteinerio. Kas vienam nereikalingas daiktas \u2013 kitam lobis, o mes esame tarpininkai, kurie padeda abiems tapti laimingesniems ???? \u017dinome kaip nelengva i\u0161gyventi ma\u017eiems verslams, tad nuo \u0161iol, \u010dia rasite ir kit\u0173, ma\u017e\u0173 \u0161eim\u0173 versl\u0173, rank\u0173 darbo, dovan\u0173 sau ir artimiesiems.","publisher":{"@id":"https:\/\/skaitytaknyga.lt\/#organization"},"potentialAction":[{"@type":"SearchAction","target":{"@type":"EntryPoint","urlTemplate":"https:\/\/skaitytaknyga.lt\/?s={search_term_string}"},"query-input":{"@type":"PropertyValueSpecification","valueRequired":true,"valueName":"search_term_string"}}],"inLanguage":"en-GB"},{"@type":"Organization","@id":"https:\/\/skaitytaknyga.lt\/#organization","name":"skaitytaknyga.lt","url":"https:\/\/skaitytaknyga.lt\/","logo":{"@type":"ImageObject","inLanguage":"en-GB","@id":"https:\/\/skaitytaknyga.lt\/#\/schema\/logo\/image\/","url":"https:\/\/skaitytaknyga.lt\/wp-content\/uploads\/2024\/05\/cropped-cropped-cropped-02_00843_jt3bggkj1j3HLc7SyY6rEUpg.jpeg","contentUrl":"https:\/\/skaitytaknyga.lt\/wp-content\/uploads\/2024\/05\/cropped-cropped-cropped-02_00843_jt3bggkj1j3HLc7SyY6rEUpg.jpeg","width":1600,"height":1600,"caption":"skaitytaknyga.lt"},"image":{"@id":"https:\/\/skaitytaknyga.lt\/#\/schema\/logo\/image\/"},"sameAs":["https:\/\/www.facebook.com\/skaitytaknyga\/"]}]}},"_links":{"self":[{"href":"https:\/\/skaitytaknyga.lt\/en\/wp-json\/wp\/v2\/product\/22631","targetHints":{"allow":["GET"]}}],"collection":[{"href":"https:\/\/skaitytaknyga.lt\/en\/wp-json\/wp\/v2\/product"}],"about":[{"href":"https:\/\/skaitytaknyga.lt\/en\/wp-json\/wp\/v2\/types\/product"}],"replies":[{"embeddable":true,"href":"https:\/\/skaitytaknyga.lt\/en\/wp-json\/wp\/v2\/comments?post=22631"}],"wp:featuredmedia":[{"embeddable":true,"href":"https:\/\/skaitytaknyga.lt\/en\/wp-json\/wp\/v2\/media\/22636"}],"wp:attachment":[{"href":"https:\/\/skaitytaknyga.lt\/en\/wp-json\/wp\/v2\/media?parent=22631"}],"wp:term":[{"taxonomy":"product_brand","embeddable":true,"href":"https:\/\/skaitytaknyga.lt\/en\/wp-json\/wp\/v2\/product_brand?post=22631"},{"taxonomy":"product_cat","embeddable":true,"href":"https:\/\/skaitytaknyga.lt\/en\/wp-json\/wp\/v2\/product_cat?post=22631"},{"taxonomy":"product_tag","embeddable":true,"href":"https:\/\/skaitytaknyga.lt\/en\/wp-json\/wp\/v2\/product_tag?post=22631"}],"curies":[{"name":"wp","href":"https:\/\/api.w.org\/{rel}","templated":true}]}}