{"id":22630,"date":"2026-01-02T22:46:04","date_gmt":"2026-01-02T20:46:04","guid":{"rendered":"https:\/\/skaitytaknyga.lt\/?post_type=product&#038;p=22630"},"modified":"2026-03-18T11:44:42","modified_gmt":"2026-03-18T09:44:42","slug":"marksizmas-ir-krikscionybe","status":"publish","type":"product","link":"https:\/\/skaitytaknyga.lt\/en\/produktas\/marksizmas-ir-krikscionybe\/","title":{"rendered":"Marksizmas ir krik\u0161\u010dionyb\u0117"},"content":{"rendered":"<p>Pasak A.MacIntyre\u2019o, Soviet\u0173 S\u0105jungos \u017elugimas tiek Lietuvoje, tiek kitose Ryt\u0173 Europos \u0161alyse, deja, nepadar\u0117 galo sovietinio marksizmo \u012ftakai dviem svarbiais at\u017evilgiais.<\/p>\n<p>Vis dar daug \u017emoni\u0173 tiki, kad sovietinio marksizmo diskretitavimas diskredituoja pat\u012f marksizm\u0105 apskritai ir kad marksizmo ry\u0161ys su krik\u0161\u010dionybe gali b\u016bti tik antagonistinis. Pagrindin\u0117 \u0161ios knygos tez\u0117 yra teiginys, kad abi \u0161ios nuostatos yra klaidingos<\/p>\n","protected":false},"excerpt":{"rendered":"<p>Pasak A.MacIntyre\u2019o, Soviet\u0173 S\u0105jungos \u017elugimas tiek Lietuvoje, tiek kitose Ryt\u0173 Europos \u0161alyse, deja, nepadar\u0117 galo sovietinio marksizmo \u012ftakai dviem svarbiais at\u017evilgiais. Vis dar daug \u017emoni\u0173 tiki, kad sovietinio marksizmo diskretitavimas diskredituoja pat\u012f marksizm\u0105 apskritai ir kad marksizmo ry\u0161ys su krik\u0161\u010dionybe gali b\u016bti tik antagonistinis. Pagrindin\u0117 \u0161ios knygos tez\u0117 yra teiginys, kad abi \u0161ios nuostatos yra klaidingos<\/p>\n","protected":false},"featured_media":22635,"comment_status":"open","ping_status":"closed","template":"","meta":{"_acf_changed":false,"site-sidebar-layout":"default","site-content-layout":"","ast-site-content-layout":"default","site-content-style":"default","site-sidebar-style":"default","ast-global-header-display":"","ast-banner-title-visibility":"","ast-main-header-display":"","ast-hfb-above-header-display":"","ast-hfb-below-header-display":"","ast-hfb-mobile-header-display":"","site-post-title":"","ast-breadcrumbs-content":"","ast-featured-img":"","footer-sml-layout":"","ast-disable-related-posts":"","theme-transparent-header-meta":"","adv-header-id-meta":"","stick-header-meta":"","header-above-stick-meta":"","header-main-stick-meta":"","header-below-stick-meta":"","astra-migrate-meta-layouts":"default","ast-page-background-enabled":"default","ast-page-background-meta":{"desktop":{"background-color":"","background-image":"","background-repeat":"repeat","background-position":"center center","background-size":"auto","background-attachment":"scroll","background-type":"","background-media":"","overlay-type":"","overlay-color":"","overlay-opacity":"","overlay-gradient":""},"tablet":{"background-color":"","background-image":"","background-repeat":"repeat","background-position":"center center","background-size":"auto","background-attachment":"scroll","background-type":"","background-media":"","overlay-type":"","overlay-color":"","overlay-opacity":"","overlay-gradient":""},"mobile":{"background-color":"","background-image":"","background-repeat":"repeat","background-position":"center center","background-size":"auto","background-attachment":"scroll","background-type":"","background-media":"","overlay-type":"","overlay-color":"","overlay-opacity":"","overlay-gradient":""}},"ast-content-background-meta":{"desktop":{"background-color":"var(--ast-global-color-4)","background-image":"","background-repeat":"repeat","background-position":"center center","background-size":"auto","background-attachment":"scroll","background-type":"","background-media":"","overlay-type":"","overlay-color":"","overlay-opacity":"","overlay-gradient":""},"tablet":{"background-color":"var(--ast-global-color-4)","background-image":"","background-repeat":"repeat","background-position":"center center","background-size":"auto","background-attachment":"scroll","background-type":"","background-media":"","overlay-type":"","overlay-color":"","overlay-opacity":"","overlay-gradient":""},"mobile":{"background-color":"var(--ast-global-color-4)","background-image":"","background-repeat":"repeat","background-position":"center center","background-size":"auto","background-attachment":"scroll","background-type":"","background-media":"","overlay-type":"","overlay-color":"","overlay-opacity":"","overlay-gradient":""}}},"product_brand":[],"product_cat":[9753],"product_tag":[],"class_list":{"0":"post-22630","1":"product","2":"type-product","3":"status-publish","4":"has-post-thumbnail","6":"product_cat-religija","7":"desktop-align-left","8":"tablet-align-left","9":"mobile-align-left","11":"first","12":"instock","13":"shipping-taxable","14":"purchasable","15":"product-type-simple"},"acf":[],"yoast_head":"<!-- This site is optimized with the Yoast SEO plugin v27.0 - https:\/\/yoast.com\/product\/yoast-seo-wordpress\/ -->\n<title>Marksizmas ir krik\u0161\u010dionyb\u0117<\/title>\n<meta name=\"description\" content=\"Pasak A.MacIntyre\u2019o, Soviet\u0173 S\u0105jungos \u017elugimas tiek Lietuvoje, tiek kitose Ryt\u0173 Europos \u0161alyse, deja, nepadar\u0117 galo sovietinio marksizmo \u012ftakai dviem\" \/>\n<meta name=\"robots\" content=\"index, follow, max-snippet:-1, max-image-preview:large, max-video-preview:-1\" \/>\n<link rel=\"canonical\" href=\"https:\/\/skaitytaknyga.lt\/en\/produktas\/marksizmas-ir-krikscionybe\/\" \/>\n<meta property=\"og:locale\" content=\"en_GB\" \/>\n<meta property=\"og:locale:alternate\" content=\"lt_LT\" \/>\n<meta property=\"og:type\" content=\"article\" \/>\n<meta property=\"og:title\" content=\"Marksizmas ir krik\u0161\u010dionyb\u0117\" \/>\n<meta property=\"og:description\" content=\"Pasak A.MacIntyre\u2019o, Soviet\u0173 S\u0105jungos \u017elugimas tiek Lietuvoje, tiek kitose Ryt\u0173 Europos \u0161alyse, deja, nepadar\u0117 galo sovietinio marksizmo \u012ftakai dviem\" \/>\n<meta property=\"og:url\" content=\"https:\/\/skaitytaknyga.lt\/en\/produktas\/marksizmas-ir-krikscionybe\/\" \/>\n<meta property=\"og:site_name\" content=\"Skaitytaknyga\" \/>\n<meta property=\"article:publisher\" content=\"https:\/\/www.facebook.com\/skaitytaknyga\/\" \/>\n<meta property=\"article:modified_time\" content=\"2026-03-18T09:44:42+00:00\" \/>\n<meta property=\"og:image\" content=\"https:\/\/skaitytaknyga.lt\/wp-content\/uploads\/2026\/01\/Marksizmas-ir-krikscionybe-1.webp\" \/>\n\t<meta property=\"og:image:width\" content=\"300\" \/>\n\t<meta property=\"og:image:height\" content=\"382\" \/>\n\t<meta property=\"og:image:type\" content=\"image\/webp\" \/>\n<meta name=\"twitter:card\" content=\"summary_large_image\" \/>\n<script type=\"application\/ld+json\" class=\"yoast-schema-graph\">{\"@context\":\"https:\/\/schema.org\",\"@graph\":[{\"@type\":\"WebPage\",\"@id\":\"https:\/\/skaitytaknyga.lt\/produktas\/marksizmas-ir-krikscionybe\/\",\"url\":\"https:\/\/skaitytaknyga.lt\/produktas\/marksizmas-ir-krikscionybe\/\",\"name\":\"Marksizmas ir krik\u0161\u010dionyb\u0117\",\"isPartOf\":{\"@id\":\"https:\/\/skaitytaknyga.lt\/#website\"},\"primaryImageOfPage\":{\"@id\":\"https:\/\/skaitytaknyga.lt\/produktas\/marksizmas-ir-krikscionybe\/#primaryimage\"},\"image\":{\"@id\":\"https:\/\/skaitytaknyga.lt\/produktas\/marksizmas-ir-krikscionybe\/#primaryimage\"},\"thumbnailUrl\":\"https:\/\/skaitytaknyga.lt\/wp-content\/uploads\/2026\/01\/Marksizmas-ir-krikscionybe-1.webp\",\"datePublished\":\"2026-01-02T20:46:04+00:00\",\"dateModified\":\"2026-03-18T09:44:42+00:00\",\"description\":\"Pasak A.MacIntyre\u2019o, Soviet\u0173 S\u0105jungos \u017elugimas tiek Lietuvoje, tiek kitose Ryt\u0173 Europos \u0161alyse, deja, nepadar\u0117 galo sovietinio marksizmo \u012ftakai dviem\",\"breadcrumb\":{\"@id\":\"https:\/\/skaitytaknyga.lt\/produktas\/marksizmas-ir-krikscionybe\/#breadcrumb\"},\"inLanguage\":\"en-GB\",\"potentialAction\":[{\"@type\":\"ReadAction\",\"target\":[\"https:\/\/skaitytaknyga.lt\/produktas\/marksizmas-ir-krikscionybe\/\"]}]},{\"@type\":\"ImageObject\",\"inLanguage\":\"en-GB\",\"@id\":\"https:\/\/skaitytaknyga.lt\/produktas\/marksizmas-ir-krikscionybe\/#primaryimage\",\"url\":\"https:\/\/skaitytaknyga.lt\/wp-content\/uploads\/2026\/01\/Marksizmas-ir-krikscionybe-1.webp\",\"contentUrl\":\"https:\/\/skaitytaknyga.lt\/wp-content\/uploads\/2026\/01\/Marksizmas-ir-krikscionybe-1.webp\",\"width\":300,\"height\":382,\"caption\":\"Marksizmas ir krik\u0161\u010dionyb\u0117\"},{\"@type\":\"BreadcrumbList\",\"@id\":\"https:\/\/skaitytaknyga.lt\/produktas\/marksizmas-ir-krikscionybe\/#breadcrumb\",\"itemListElement\":[{\"@type\":\"ListItem\",\"position\":1,\"name\":\"Home\",\"item\":\"https:\/\/skaitytaknyga.lt\/\"},{\"@type\":\"ListItem\",\"position\":2,\"name\":\"Parduotuv\u0117\",\"item\":\"https:\/\/skaitytaknyga.lt\/knygu-parduotuve\/\"},{\"@type\":\"ListItem\",\"position\":3,\"name\":\"Marksizmas ir krik\u0161\u010dionyb\u0117\"}]},{\"@type\":\"WebSite\",\"@id\":\"https:\/\/skaitytaknyga.lt\/#website\",\"url\":\"https:\/\/skaitytaknyga.lt\/\",\"name\":\"skaitytaknyga.lt\",\"description\":\"Skaitytaknyga.lt \u2013 tai ma\u017eas \u0161eimos verslas, kuris prasid\u0117jo nuo meil\u0117s knygoms ir siekio i\u0161gelb\u0117ti knygas nuo likimo prie konteinerio. Kas vienam nereikalingas daiktas \u2013 kitam lobis, o mes esame tarpininkai, kurie padeda abiems tapti laimingesniems ???? \u017dinome kaip nelengva i\u0161gyventi ma\u017eiems verslams, tad nuo \u0161iol, \u010dia rasite ir kit\u0173, ma\u017e\u0173 \u0161eim\u0173 versl\u0173, rank\u0173 darbo, dovan\u0173 sau ir artimiesiems.\",\"publisher\":{\"@id\":\"https:\/\/skaitytaknyga.lt\/#organization\"},\"potentialAction\":[{\"@type\":\"SearchAction\",\"target\":{\"@type\":\"EntryPoint\",\"urlTemplate\":\"https:\/\/skaitytaknyga.lt\/?s={search_term_string}\"},\"query-input\":{\"@type\":\"PropertyValueSpecification\",\"valueRequired\":true,\"valueName\":\"search_term_string\"}}],\"inLanguage\":\"en-GB\"},{\"@type\":\"Organization\",\"@id\":\"https:\/\/skaitytaknyga.lt\/#organization\",\"name\":\"skaitytaknyga.lt\",\"url\":\"https:\/\/skaitytaknyga.lt\/\",\"logo\":{\"@type\":\"ImageObject\",\"inLanguage\":\"en-GB\",\"@id\":\"https:\/\/skaitytaknyga.lt\/#\/schema\/logo\/image\/\",\"url\":\"https:\/\/skaitytaknyga.lt\/wp-content\/uploads\/2024\/05\/cropped-cropped-cropped-02_00843_jt3bggkj1j3HLc7SyY6rEUpg.jpeg\",\"contentUrl\":\"https:\/\/skaitytaknyga.lt\/wp-content\/uploads\/2024\/05\/cropped-cropped-cropped-02_00843_jt3bggkj1j3HLc7SyY6rEUpg.jpeg\",\"width\":1600,\"height\":1600,\"caption\":\"skaitytaknyga.lt\"},\"image\":{\"@id\":\"https:\/\/skaitytaknyga.lt\/#\/schema\/logo\/image\/\"},\"sameAs\":[\"https:\/\/www.facebook.com\/skaitytaknyga\/\"]}]}<\/script>\n<!-- \/ Yoast SEO plugin. -->","yoast_head_json":{"title":"Marksizmas ir krik\u0161\u010dionyb\u0117","description":"Pasak A.MacIntyre\u2019o, Soviet\u0173 S\u0105jungos \u017elugimas tiek Lietuvoje, tiek kitose Ryt\u0173 Europos \u0161alyse, deja, nepadar\u0117 galo sovietinio marksizmo \u012ftakai dviem","robots":{"index":"index","follow":"follow","max-snippet":"max-snippet:-1","max-image-preview":"max-image-preview:large","max-video-preview":"max-video-preview:-1"},"canonical":"https:\/\/skaitytaknyga.lt\/en\/produktas\/marksizmas-ir-krikscionybe\/","og_locale":"en_GB","og_type":"article","og_title":"[:lt]Marksizmas ir krik\u0161\u010dionyb\u0117[:] - Skaitytaknyga","og_description":"Pasak A.MacIntyre\u2019o, Soviet\u0173 S\u0105jungos \u017elugimas tiek Lietuvoje, tiek kitose Ryt\u0173 Europos \u0161alyse, deja, nepadar\u0117 galo sovietinio marksizmo \u012ftakai dviem","og_url":"https:\/\/skaitytaknyga.lt\/en\/produktas\/marksizmas-ir-krikscionybe\/","og_site_name":"Skaitytaknyga","article_publisher":"https:\/\/www.facebook.com\/skaitytaknyga\/","article_modified_time":"2026-03-18T09:44:42+00:00","og_image":[{"width":300,"height":382,"url":"https:\/\/skaitytaknyga.lt\/wp-content\/uploads\/2026\/01\/Marksizmas-ir-krikscionybe-1.webp","type":"image\/webp"}],"twitter_card":"summary_large_image","schema":{"@context":"https:\/\/schema.org","@graph":[{"@type":"WebPage","@id":"https:\/\/skaitytaknyga.lt\/produktas\/marksizmas-ir-krikscionybe\/","url":"https:\/\/skaitytaknyga.lt\/produktas\/marksizmas-ir-krikscionybe\/","name":"Marksizmas ir krik\u0161\u010dionyb\u0117","isPartOf":{"@id":"https:\/\/skaitytaknyga.lt\/#website"},"primaryImageOfPage":{"@id":"https:\/\/skaitytaknyga.lt\/produktas\/marksizmas-ir-krikscionybe\/#primaryimage"},"image":{"@id":"https:\/\/skaitytaknyga.lt\/produktas\/marksizmas-ir-krikscionybe\/#primaryimage"},"thumbnailUrl":"https:\/\/skaitytaknyga.lt\/wp-content\/uploads\/2026\/01\/Marksizmas-ir-krikscionybe-1.webp","datePublished":"2026-01-02T20:46:04+00:00","dateModified":"2026-03-18T09:44:42+00:00","description":"Pasak A.MacIntyre\u2019o, Soviet\u0173 S\u0105jungos \u017elugimas tiek Lietuvoje, tiek kitose Ryt\u0173 Europos \u0161alyse, deja, nepadar\u0117 galo sovietinio marksizmo \u012ftakai dviem","breadcrumb":{"@id":"https:\/\/skaitytaknyga.lt\/produktas\/marksizmas-ir-krikscionybe\/#breadcrumb"},"inLanguage":"en-GB","potentialAction":[{"@type":"ReadAction","target":["https:\/\/skaitytaknyga.lt\/produktas\/marksizmas-ir-krikscionybe\/"]}]},{"@type":"ImageObject","inLanguage":"en-GB","@id":"https:\/\/skaitytaknyga.lt\/produktas\/marksizmas-ir-krikscionybe\/#primaryimage","url":"https:\/\/skaitytaknyga.lt\/wp-content\/uploads\/2026\/01\/Marksizmas-ir-krikscionybe-1.webp","contentUrl":"https:\/\/skaitytaknyga.lt\/wp-content\/uploads\/2026\/01\/Marksizmas-ir-krikscionybe-1.webp","width":300,"height":382,"caption":"Marksizmas ir krik\u0161\u010dionyb\u0117"},{"@type":"BreadcrumbList","@id":"https:\/\/skaitytaknyga.lt\/produktas\/marksizmas-ir-krikscionybe\/#breadcrumb","itemListElement":[{"@type":"ListItem","position":1,"name":"Home","item":"https:\/\/skaitytaknyga.lt\/"},{"@type":"ListItem","position":2,"name":"Parduotuv\u0117","item":"https:\/\/skaitytaknyga.lt\/knygu-parduotuve\/"},{"@type":"ListItem","position":3,"name":"Marksizmas ir krik\u0161\u010dionyb\u0117"}]},{"@type":"WebSite","@id":"https:\/\/skaitytaknyga.lt\/#website","url":"https:\/\/skaitytaknyga.lt\/","name":"skaitytaknyga.lt","description":"Skaitytaknyga.lt \u2013 tai ma\u017eas \u0161eimos verslas, kuris prasid\u0117jo nuo meil\u0117s knygoms ir siekio i\u0161gelb\u0117ti knygas nuo likimo prie konteinerio. Kas vienam nereikalingas daiktas \u2013 kitam lobis, o mes esame tarpininkai, kurie padeda abiems tapti laimingesniems ???? \u017dinome kaip nelengva i\u0161gyventi ma\u017eiems verslams, tad nuo \u0161iol, \u010dia rasite ir kit\u0173, ma\u017e\u0173 \u0161eim\u0173 versl\u0173, rank\u0173 darbo, dovan\u0173 sau ir artimiesiems.","publisher":{"@id":"https:\/\/skaitytaknyga.lt\/#organization"},"potentialAction":[{"@type":"SearchAction","target":{"@type":"EntryPoint","urlTemplate":"https:\/\/skaitytaknyga.lt\/?s={search_term_string}"},"query-input":{"@type":"PropertyValueSpecification","valueRequired":true,"valueName":"search_term_string"}}],"inLanguage":"en-GB"},{"@type":"Organization","@id":"https:\/\/skaitytaknyga.lt\/#organization","name":"skaitytaknyga.lt","url":"https:\/\/skaitytaknyga.lt\/","logo":{"@type":"ImageObject","inLanguage":"en-GB","@id":"https:\/\/skaitytaknyga.lt\/#\/schema\/logo\/image\/","url":"https:\/\/skaitytaknyga.lt\/wp-content\/uploads\/2024\/05\/cropped-cropped-cropped-02_00843_jt3bggkj1j3HLc7SyY6rEUpg.jpeg","contentUrl":"https:\/\/skaitytaknyga.lt\/wp-content\/uploads\/2024\/05\/cropped-cropped-cropped-02_00843_jt3bggkj1j3HLc7SyY6rEUpg.jpeg","width":1600,"height":1600,"caption":"skaitytaknyga.lt"},"image":{"@id":"https:\/\/skaitytaknyga.lt\/#\/schema\/logo\/image\/"},"sameAs":["https:\/\/www.facebook.com\/skaitytaknyga\/"]}]}},"_links":{"self":[{"href":"https:\/\/skaitytaknyga.lt\/en\/wp-json\/wp\/v2\/product\/22630","targetHints":{"allow":["GET"]}}],"collection":[{"href":"https:\/\/skaitytaknyga.lt\/en\/wp-json\/wp\/v2\/product"}],"about":[{"href":"https:\/\/skaitytaknyga.lt\/en\/wp-json\/wp\/v2\/types\/product"}],"replies":[{"embeddable":true,"href":"https:\/\/skaitytaknyga.lt\/en\/wp-json\/wp\/v2\/comments?post=22630"}],"wp:featuredmedia":[{"embeddable":true,"href":"https:\/\/skaitytaknyga.lt\/en\/wp-json\/wp\/v2\/media\/22635"}],"wp:attachment":[{"href":"https:\/\/skaitytaknyga.lt\/en\/wp-json\/wp\/v2\/media?parent=22630"}],"wp:term":[{"taxonomy":"product_brand","embeddable":true,"href":"https:\/\/skaitytaknyga.lt\/en\/wp-json\/wp\/v2\/product_brand?post=22630"},{"taxonomy":"product_cat","embeddable":true,"href":"https:\/\/skaitytaknyga.lt\/en\/wp-json\/wp\/v2\/product_cat?post=22630"},{"taxonomy":"product_tag","embeddable":true,"href":"https:\/\/skaitytaknyga.lt\/en\/wp-json\/wp\/v2\/product_tag?post=22630"}],"curies":[{"name":"wp","href":"https:\/\/api.w.org\/{rel}","templated":true}]}}