{"id":22624,"date":"2026-01-02T21:48:55","date_gmt":"2026-01-02T19:48:55","guid":{"rendered":"https:\/\/skaitytaknyga.lt\/?post_type=product&#038;p=22624"},"modified":"2026-03-06T16:24:59","modified_gmt":"2026-03-06T14:24:59","slug":"kai-ateitis-uzvaldo-mus","status":"publish","type":"product","link":"https:\/\/skaitytaknyga.lt\/en\/produktas\/kai-ateitis-uzvaldo-mus\/","title":{"rendered":"Kai ateitis u\u017evaldo mus"},"content":{"rendered":"<p>Juanas Enriquezas yra Gyvyb\u0117s moksl\u0173 projekto vadovas Harvardo verslo mokykloje. Ten jis suk\u016br\u0117 centr\u0105, tiriant\u012f kaip gyvyb\u0117s moksl\u0173 revoliucija lemia versl\u0105.<\/p>\n<p>Atsiliepimai<\/p>\n<p>Su nepakartojama \u012f\u017evalga ir grafiniu, bevei poetiniu ra\u0161ymo stiliumi Enriquezas apra\u0161o, kaip kompiuteriai, genomika ir kitos naujos technologijos formuoja m\u016bs\u0173 dabart\u012f ir ateit\u012f.<\/p>\n<p>Hamiltonas O. Smithas (Nobelio premijos laureatas medicinos stityje)<\/p>\n<p>Kai ateitis u\u017evaldo mus tuo pa\u010diu ir \u017eaisminga, ir galinga. Ji pateikia daug sverbi\u0173 tem\u0173 atei\u010diai. Joje tiksl\u016bs duomenys ir apra\u0161ymai derinami su svariais ir ai\u0161kiais teiginiais apie pagrindines tendencijas.<\/p>\n<p>Stanas Davisas (Knyg\u0173 Lessons from the future autorius ir Blur bendraautorius)<\/p>\n","protected":false},"excerpt":{"rendered":"<p>Juanas Enriquezas yra Gyvyb\u0117s moksl\u0173 projekto vadovas Harvardo verslo mokykloje. Ten jis suk\u016br\u0117 centr\u0105, tiriant\u012f kaip gyvyb\u0117s moksl\u0173 revoliucija lemia versl\u0105. Atsiliepimai Su nepakartojama \u012f\u017evalga ir grafiniu, bevei poetiniu ra\u0161ymo stiliumi Enriquezas apra\u0161o, kaip kompiuteriai, genomika ir kitos naujos technologijos formuoja m\u016bs\u0173 dabart\u012f ir ateit\u012f. Hamiltonas O. Smithas (Nobelio premijos laureatas medicinos stityje) Kai ateitis u\u017evaldo mus tuo pa\u010diu ir \u017eaisminga, ir galinga. Ji pateikia daug sverbi\u0173 tem\u0173 atei\u010diai. Joje tiksl\u016bs duomenys ir apra\u0161ymai derinami su svariais ir ai\u0161kiais teiginiais apie pagrindines tendencijas. Stanas Davisas (Knyg\u0173 Lessons from the future autorius ir Blur bendraautorius)<\/p>\n","protected":false},"featured_media":22629,"comment_status":"open","ping_status":"closed","template":"","meta":{"_acf_changed":false,"site-sidebar-layout":"default","site-content-layout":"","ast-site-content-layout":"default","site-content-style":"default","site-sidebar-style":"default","ast-global-header-display":"","ast-banner-title-visibility":"","ast-main-header-display":"","ast-hfb-above-header-display":"","ast-hfb-below-header-display":"","ast-hfb-mobile-header-display":"","site-post-title":"","ast-breadcrumbs-content":"","ast-featured-img":"","footer-sml-layout":"","ast-disable-related-posts":"","theme-transparent-header-meta":"","adv-header-id-meta":"","stick-header-meta":"","header-above-stick-meta":"","header-main-stick-meta":"","header-below-stick-meta":"","astra-migrate-meta-layouts":"default","ast-page-background-enabled":"default","ast-page-background-meta":{"desktop":{"background-color":"","background-image":"","background-repeat":"repeat","background-position":"center center","background-size":"auto","background-attachment":"scroll","background-type":"","background-media":"","overlay-type":"","overlay-color":"","overlay-opacity":"","overlay-gradient":""},"tablet":{"background-color":"","background-image":"","background-repeat":"repeat","background-position":"center center","background-size":"auto","background-attachment":"scroll","background-type":"","background-media":"","overlay-type":"","overlay-color":"","overlay-opacity":"","overlay-gradient":""},"mobile":{"background-color":"","background-image":"","background-repeat":"repeat","background-position":"center center","background-size":"auto","background-attachment":"scroll","background-type":"","background-media":"","overlay-type":"","overlay-color":"","overlay-opacity":"","overlay-gradient":""}},"ast-content-background-meta":{"desktop":{"background-color":"var(--ast-global-color-4)","background-image":"","background-repeat":"repeat","background-position":"center center","background-size":"auto","background-attachment":"scroll","background-type":"","background-media":"","overlay-type":"","overlay-color":"","overlay-opacity":"","overlay-gradient":""},"tablet":{"background-color":"var(--ast-global-color-4)","background-image":"","background-repeat":"repeat","background-position":"center center","background-size":"auto","background-attachment":"scroll","background-type":"","background-media":"","overlay-type":"","overlay-color":"","overlay-opacity":"","overlay-gradient":""},"mobile":{"background-color":"var(--ast-global-color-4)","background-image":"","background-repeat":"repeat","background-position":"center center","background-size":"auto","background-attachment":"scroll","background-type":"","background-media":"","overlay-type":"","overlay-color":"","overlay-opacity":"","overlay-gradient":""}}},"product_brand":[],"product_cat":[269],"product_tag":[],"class_list":{"0":"post-22624","1":"product","2":"type-product","3":"status-publish","4":"has-post-thumbnail","6":"product_cat-gamtos-mokslai","7":"desktop-align-left","8":"tablet-align-left","9":"mobile-align-left","11":"first","12":"instock","13":"shipping-taxable","14":"purchasable","15":"product-type-simple"},"acf":[],"yoast_head":"<!-- This site is optimized with the Yoast SEO plugin v27.0 - https:\/\/yoast.com\/product\/yoast-seo-wordpress\/ -->\n<title>Kai ateitis u\u017evaldo mus<\/title>\n<meta name=\"description\" content=\"Juanas Enriquezas yra Gyvyb\u0117s moksl\u0173 projekto vadovas Harvardo verslo mokykloje. Ten jis suk\u016br\u0117 centr\u0105, tiriant\u012f kaip gyvyb\u0117s moksl\u0173 revoliucija lemia\" \/>\n<meta name=\"robots\" content=\"index, follow, max-snippet:-1, max-image-preview:large, max-video-preview:-1\" \/>\n<link rel=\"canonical\" href=\"https:\/\/skaitytaknyga.lt\/en\/produktas\/kai-ateitis-uzvaldo-mus\/\" \/>\n<meta property=\"og:locale\" content=\"en_GB\" \/>\n<meta property=\"og:locale:alternate\" content=\"lt_LT\" \/>\n<meta property=\"og:type\" content=\"article\" \/>\n<meta property=\"og:title\" content=\"Kai ateitis u\u017evaldo mus\" \/>\n<meta property=\"og:description\" content=\"Juanas Enriquezas yra Gyvyb\u0117s moksl\u0173 projekto vadovas Harvardo verslo mokykloje. Ten jis suk\u016br\u0117 centr\u0105, tiriant\u012f kaip gyvyb\u0117s moksl\u0173 revoliucija lemia\" \/>\n<meta property=\"og:url\" content=\"https:\/\/skaitytaknyga.lt\/en\/produktas\/kai-ateitis-uzvaldo-mus\/\" \/>\n<meta property=\"og:site_name\" content=\"Skaitytaknyga\" \/>\n<meta property=\"article:publisher\" content=\"https:\/\/www.facebook.com\/skaitytaknyga\/\" \/>\n<meta property=\"article:modified_time\" content=\"2026-03-06T14:24:59+00:00\" \/>\n<meta property=\"og:image\" content=\"https:\/\/skaitytaknyga.lt\/wp-content\/uploads\/2026\/01\/Kai-ateitis-uzvaldo-mus-1.webp\" \/>\n\t<meta property=\"og:image:width\" content=\"300\" \/>\n\t<meta property=\"og:image:height\" content=\"493\" \/>\n\t<meta property=\"og:image:type\" content=\"image\/webp\" \/>\n<meta name=\"twitter:card\" content=\"summary_large_image\" \/>\n<meta name=\"twitter:label1\" content=\"Estimated reading time\" \/>\n\t<meta name=\"twitter:data1\" content=\"1 minute\" \/>\n<script type=\"application\/ld+json\" class=\"yoast-schema-graph\">{\"@context\":\"https:\/\/schema.org\",\"@graph\":[{\"@type\":\"WebPage\",\"@id\":\"https:\/\/skaitytaknyga.lt\/produktas\/kai-ateitis-uzvaldo-mus\/\",\"url\":\"https:\/\/skaitytaknyga.lt\/produktas\/kai-ateitis-uzvaldo-mus\/\",\"name\":\"Kai ateitis u\u017evaldo mus\",\"isPartOf\":{\"@id\":\"https:\/\/skaitytaknyga.lt\/#website\"},\"primaryImageOfPage\":{\"@id\":\"https:\/\/skaitytaknyga.lt\/produktas\/kai-ateitis-uzvaldo-mus\/#primaryimage\"},\"image\":{\"@id\":\"https:\/\/skaitytaknyga.lt\/produktas\/kai-ateitis-uzvaldo-mus\/#primaryimage\"},\"thumbnailUrl\":\"https:\/\/skaitytaknyga.lt\/wp-content\/uploads\/2026\/01\/Kai-ateitis-uzvaldo-mus-1.webp\",\"datePublished\":\"2026-01-02T19:48:55+00:00\",\"dateModified\":\"2026-03-06T14:24:59+00:00\",\"description\":\"Juanas Enriquezas yra Gyvyb\u0117s moksl\u0173 projekto vadovas Harvardo verslo mokykloje. Ten jis suk\u016br\u0117 centr\u0105, tiriant\u012f kaip gyvyb\u0117s moksl\u0173 revoliucija lemia\",\"breadcrumb\":{\"@id\":\"https:\/\/skaitytaknyga.lt\/produktas\/kai-ateitis-uzvaldo-mus\/#breadcrumb\"},\"inLanguage\":\"en-GB\",\"potentialAction\":[{\"@type\":\"ReadAction\",\"target\":[\"https:\/\/skaitytaknyga.lt\/produktas\/kai-ateitis-uzvaldo-mus\/\"]}]},{\"@type\":\"ImageObject\",\"inLanguage\":\"en-GB\",\"@id\":\"https:\/\/skaitytaknyga.lt\/produktas\/kai-ateitis-uzvaldo-mus\/#primaryimage\",\"url\":\"https:\/\/skaitytaknyga.lt\/wp-content\/uploads\/2026\/01\/Kai-ateitis-uzvaldo-mus-1.webp\",\"contentUrl\":\"https:\/\/skaitytaknyga.lt\/wp-content\/uploads\/2026\/01\/Kai-ateitis-uzvaldo-mus-1.webp\",\"width\":300,\"height\":493,\"caption\":\"Kai ateitis u\u017evaldo mus\"},{\"@type\":\"BreadcrumbList\",\"@id\":\"https:\/\/skaitytaknyga.lt\/produktas\/kai-ateitis-uzvaldo-mus\/#breadcrumb\",\"itemListElement\":[{\"@type\":\"ListItem\",\"position\":1,\"name\":\"Home\",\"item\":\"https:\/\/skaitytaknyga.lt\/\"},{\"@type\":\"ListItem\",\"position\":2,\"name\":\"Parduotuv\u0117\",\"item\":\"https:\/\/skaitytaknyga.lt\/knygu-parduotuve\/\"},{\"@type\":\"ListItem\",\"position\":3,\"name\":\"Kai ateitis u\u017evaldo mus\"}]},{\"@type\":\"WebSite\",\"@id\":\"https:\/\/skaitytaknyga.lt\/#website\",\"url\":\"https:\/\/skaitytaknyga.lt\/\",\"name\":\"skaitytaknyga.lt\",\"description\":\"Skaitytaknyga.lt \u2013 tai ma\u017eas \u0161eimos verslas, kuris prasid\u0117jo nuo meil\u0117s knygoms ir siekio i\u0161gelb\u0117ti knygas nuo likimo prie konteinerio. Kas vienam nereikalingas daiktas \u2013 kitam lobis, o mes esame tarpininkai, kurie padeda abiems tapti laimingesniems ???? \u017dinome kaip nelengva i\u0161gyventi ma\u017eiems verslams, tad nuo \u0161iol, \u010dia rasite ir kit\u0173, ma\u017e\u0173 \u0161eim\u0173 versl\u0173, rank\u0173 darbo, dovan\u0173 sau ir artimiesiems.\",\"publisher\":{\"@id\":\"https:\/\/skaitytaknyga.lt\/#organization\"},\"potentialAction\":[{\"@type\":\"SearchAction\",\"target\":{\"@type\":\"EntryPoint\",\"urlTemplate\":\"https:\/\/skaitytaknyga.lt\/?s={search_term_string}\"},\"query-input\":{\"@type\":\"PropertyValueSpecification\",\"valueRequired\":true,\"valueName\":\"search_term_string\"}}],\"inLanguage\":\"en-GB\"},{\"@type\":\"Organization\",\"@id\":\"https:\/\/skaitytaknyga.lt\/#organization\",\"name\":\"skaitytaknyga.lt\",\"url\":\"https:\/\/skaitytaknyga.lt\/\",\"logo\":{\"@type\":\"ImageObject\",\"inLanguage\":\"en-GB\",\"@id\":\"https:\/\/skaitytaknyga.lt\/#\/schema\/logo\/image\/\",\"url\":\"https:\/\/skaitytaknyga.lt\/wp-content\/uploads\/2024\/05\/cropped-cropped-cropped-02_00843_jt3bggkj1j3HLc7SyY6rEUpg.jpeg\",\"contentUrl\":\"https:\/\/skaitytaknyga.lt\/wp-content\/uploads\/2024\/05\/cropped-cropped-cropped-02_00843_jt3bggkj1j3HLc7SyY6rEUpg.jpeg\",\"width\":1600,\"height\":1600,\"caption\":\"skaitytaknyga.lt\"},\"image\":{\"@id\":\"https:\/\/skaitytaknyga.lt\/#\/schema\/logo\/image\/\"},\"sameAs\":[\"https:\/\/www.facebook.com\/skaitytaknyga\/\"]}]}<\/script>\n<!-- \/ Yoast SEO plugin. -->","yoast_head_json":{"title":"Kai ateitis u\u017evaldo mus","description":"Juanas Enriquezas yra Gyvyb\u0117s moksl\u0173 projekto vadovas Harvardo verslo mokykloje. Ten jis suk\u016br\u0117 centr\u0105, tiriant\u012f kaip gyvyb\u0117s moksl\u0173 revoliucija lemia","robots":{"index":"index","follow":"follow","max-snippet":"max-snippet:-1","max-image-preview":"max-image-preview:large","max-video-preview":"max-video-preview:-1"},"canonical":"https:\/\/skaitytaknyga.lt\/en\/produktas\/kai-ateitis-uzvaldo-mus\/","og_locale":"en_GB","og_type":"article","og_title":"[:lt]Kai ateitis u\u017evaldo mus[:] - Skaitytaknyga","og_description":"Juanas Enriquezas yra Gyvyb\u0117s moksl\u0173 projekto vadovas Harvardo verslo mokykloje. Ten jis suk\u016br\u0117 centr\u0105, tiriant\u012f kaip gyvyb\u0117s moksl\u0173 revoliucija lemia","og_url":"https:\/\/skaitytaknyga.lt\/en\/produktas\/kai-ateitis-uzvaldo-mus\/","og_site_name":"Skaitytaknyga","article_publisher":"https:\/\/www.facebook.com\/skaitytaknyga\/","article_modified_time":"2026-03-06T14:24:59+00:00","og_image":[{"width":300,"height":493,"url":"https:\/\/skaitytaknyga.lt\/wp-content\/uploads\/2026\/01\/Kai-ateitis-uzvaldo-mus-1.webp","type":"image\/webp"}],"twitter_card":"summary_large_image","twitter_misc":{"Estimated reading time":"1 minute"},"schema":{"@context":"https:\/\/schema.org","@graph":[{"@type":"WebPage","@id":"https:\/\/skaitytaknyga.lt\/produktas\/kai-ateitis-uzvaldo-mus\/","url":"https:\/\/skaitytaknyga.lt\/produktas\/kai-ateitis-uzvaldo-mus\/","name":"Kai ateitis u\u017evaldo mus","isPartOf":{"@id":"https:\/\/skaitytaknyga.lt\/#website"},"primaryImageOfPage":{"@id":"https:\/\/skaitytaknyga.lt\/produktas\/kai-ateitis-uzvaldo-mus\/#primaryimage"},"image":{"@id":"https:\/\/skaitytaknyga.lt\/produktas\/kai-ateitis-uzvaldo-mus\/#primaryimage"},"thumbnailUrl":"https:\/\/skaitytaknyga.lt\/wp-content\/uploads\/2026\/01\/Kai-ateitis-uzvaldo-mus-1.webp","datePublished":"2026-01-02T19:48:55+00:00","dateModified":"2026-03-06T14:24:59+00:00","description":"Juanas Enriquezas yra Gyvyb\u0117s moksl\u0173 projekto vadovas Harvardo verslo mokykloje. Ten jis suk\u016br\u0117 centr\u0105, tiriant\u012f kaip gyvyb\u0117s moksl\u0173 revoliucija lemia","breadcrumb":{"@id":"https:\/\/skaitytaknyga.lt\/produktas\/kai-ateitis-uzvaldo-mus\/#breadcrumb"},"inLanguage":"en-GB","potentialAction":[{"@type":"ReadAction","target":["https:\/\/skaitytaknyga.lt\/produktas\/kai-ateitis-uzvaldo-mus\/"]}]},{"@type":"ImageObject","inLanguage":"en-GB","@id":"https:\/\/skaitytaknyga.lt\/produktas\/kai-ateitis-uzvaldo-mus\/#primaryimage","url":"https:\/\/skaitytaknyga.lt\/wp-content\/uploads\/2026\/01\/Kai-ateitis-uzvaldo-mus-1.webp","contentUrl":"https:\/\/skaitytaknyga.lt\/wp-content\/uploads\/2026\/01\/Kai-ateitis-uzvaldo-mus-1.webp","width":300,"height":493,"caption":"Kai ateitis u\u017evaldo mus"},{"@type":"BreadcrumbList","@id":"https:\/\/skaitytaknyga.lt\/produktas\/kai-ateitis-uzvaldo-mus\/#breadcrumb","itemListElement":[{"@type":"ListItem","position":1,"name":"Home","item":"https:\/\/skaitytaknyga.lt\/"},{"@type":"ListItem","position":2,"name":"Parduotuv\u0117","item":"https:\/\/skaitytaknyga.lt\/knygu-parduotuve\/"},{"@type":"ListItem","position":3,"name":"Kai ateitis u\u017evaldo mus"}]},{"@type":"WebSite","@id":"https:\/\/skaitytaknyga.lt\/#website","url":"https:\/\/skaitytaknyga.lt\/","name":"skaitytaknyga.lt","description":"Skaitytaknyga.lt \u2013 tai ma\u017eas \u0161eimos verslas, kuris prasid\u0117jo nuo meil\u0117s knygoms ir siekio i\u0161gelb\u0117ti knygas nuo likimo prie konteinerio. Kas vienam nereikalingas daiktas \u2013 kitam lobis, o mes esame tarpininkai, kurie padeda abiems tapti laimingesniems ???? \u017dinome kaip nelengva i\u0161gyventi ma\u017eiems verslams, tad nuo \u0161iol, \u010dia rasite ir kit\u0173, ma\u017e\u0173 \u0161eim\u0173 versl\u0173, rank\u0173 darbo, dovan\u0173 sau ir artimiesiems.","publisher":{"@id":"https:\/\/skaitytaknyga.lt\/#organization"},"potentialAction":[{"@type":"SearchAction","target":{"@type":"EntryPoint","urlTemplate":"https:\/\/skaitytaknyga.lt\/?s={search_term_string}"},"query-input":{"@type":"PropertyValueSpecification","valueRequired":true,"valueName":"search_term_string"}}],"inLanguage":"en-GB"},{"@type":"Organization","@id":"https:\/\/skaitytaknyga.lt\/#organization","name":"skaitytaknyga.lt","url":"https:\/\/skaitytaknyga.lt\/","logo":{"@type":"ImageObject","inLanguage":"en-GB","@id":"https:\/\/skaitytaknyga.lt\/#\/schema\/logo\/image\/","url":"https:\/\/skaitytaknyga.lt\/wp-content\/uploads\/2024\/05\/cropped-cropped-cropped-02_00843_jt3bggkj1j3HLc7SyY6rEUpg.jpeg","contentUrl":"https:\/\/skaitytaknyga.lt\/wp-content\/uploads\/2024\/05\/cropped-cropped-cropped-02_00843_jt3bggkj1j3HLc7SyY6rEUpg.jpeg","width":1600,"height":1600,"caption":"skaitytaknyga.lt"},"image":{"@id":"https:\/\/skaitytaknyga.lt\/#\/schema\/logo\/image\/"},"sameAs":["https:\/\/www.facebook.com\/skaitytaknyga\/"]}]}},"_links":{"self":[{"href":"https:\/\/skaitytaknyga.lt\/en\/wp-json\/wp\/v2\/product\/22624","targetHints":{"allow":["GET"]}}],"collection":[{"href":"https:\/\/skaitytaknyga.lt\/en\/wp-json\/wp\/v2\/product"}],"about":[{"href":"https:\/\/skaitytaknyga.lt\/en\/wp-json\/wp\/v2\/types\/product"}],"replies":[{"embeddable":true,"href":"https:\/\/skaitytaknyga.lt\/en\/wp-json\/wp\/v2\/comments?post=22624"}],"wp:featuredmedia":[{"embeddable":true,"href":"https:\/\/skaitytaknyga.lt\/en\/wp-json\/wp\/v2\/media\/22629"}],"wp:attachment":[{"href":"https:\/\/skaitytaknyga.lt\/en\/wp-json\/wp\/v2\/media?parent=22624"}],"wp:term":[{"taxonomy":"product_brand","embeddable":true,"href":"https:\/\/skaitytaknyga.lt\/en\/wp-json\/wp\/v2\/product_brand?post=22624"},{"taxonomy":"product_cat","embeddable":true,"href":"https:\/\/skaitytaknyga.lt\/en\/wp-json\/wp\/v2\/product_cat?post=22624"},{"taxonomy":"product_tag","embeddable":true,"href":"https:\/\/skaitytaknyga.lt\/en\/wp-json\/wp\/v2\/product_tag?post=22624"}],"curies":[{"name":"wp","href":"https:\/\/api.w.org\/{rel}","templated":true}]}}