{"id":22621,"date":"2026-01-02T21:48:55","date_gmt":"2026-01-02T19:48:55","guid":{"rendered":"https:\/\/skaitytaknyga.lt\/?post_type=product&#038;p=22621"},"modified":"2026-01-02T22:44:38","modified_gmt":"2026-01-02T20:44:38","slug":"musu-kudirka","status":"publish","type":"product","link":"https:\/\/skaitytaknyga.lt\/en\/produktas\/musu-kudirka\/","title":{"rendered":"M\u016bs\u0173 Kudirka"},"content":{"rendered":"<p>Vincas Kudirka \u2013 gerai \u017einoma ir pasi\u017eym\u0117jusi asmenyb\u0117, kurios bent vien\u0105 k\u016brin\u012f mintinai moka kiekvienas lietuvis, juk tai yra m\u016bs\u0173 \u0161alies valstybinis himnas \u2013 \u201eTauti\u0161ka giesm\u0117\u201c.<\/p>\n<p>Autoriaus biografijoje i\u0161 ties\u0173 daugyb\u0117 darb\u0173 ir nuopeln\u0173 m\u016bs\u0173 \u0161alies labui. Jau prad\u017eios mokykloje Vincas Kudirka pasi\u017eym\u0117jo gabumais mokslams. Tuo metu daugelis t\u0117v\u0173 svajojo, kad j\u0173 vaikai studijuot\u0173 kunig\u0173 seminarijoje, kur \u012fstojo ir Vincas, ta\u010diau po poros met\u0173 buvo pa\u0161alintas, baig\u0117 gimnazij\u0105 ir i\u0161vyko mokytis \u012f Var\u0161uvos universitete. Prad\u0117j\u0119s nuo filologijos, v\u0117liau pasirinko medicinos studij\u0173 krypt\u012f. Karjer\u0105 literat\u016bros pasaulyje Vincas Kudirka prad\u0117jo nuo satyrinio poezijos k\u016brinio, kuris 1885-ais metais buvo i\u0161spausdintas leidinyje \u201eAu\u0161ra\u201c. Po keli\u0173 met\u0173 jis Lenkijoje \u012fk\u016br\u0117 lietuvi\u0173 student\u0173 draugij\u0105, kuri \u0117m\u0117 leisti laikra\u0161t\u012f \u201eVarpas\u201c. Vincas Kudirka tapo jo redaktoriumi. Taip pat jis organizavo ir kit\u0173 leidini\u0173 leidyb\u0105. Autorius nuolat ra\u0161\u0117 publicistinius kult\u016bros ir ekonominius straipsnius, kuriuose siek\u0117 ugdyti tautin\u0119 savivok\u0105, kritikavo valdininkus, smerk\u0117 Rusijos vald\u017eios politik\u0105. Straipsniuose atsiskleid\u017eia i\u0161skirtiniai autoriaus k\u016brybos bruo\u017eai: geb\u0117jimas derinti s\u0105moj\u012f su rimtomis temomis, gyva kalba, ironija, \u012fvairi\u0173 netradicini\u0173 menini\u0173 priemoni\u0173 derinimas su aktualijomis. Prad\u0117j\u0119s nuo satyrini\u0173 eil\u0117ra\u0161tuk\u0173, autorius v\u0117liau ra\u0161\u0117 labiau patriotines eiles, kritik\u0105, alegorinius k\u016brinius, didaktin\u0119 poezij\u0105. Beveik kiekviena proga poetas sukurdavo tam tinkam\u0105 k\u016brin\u012f, pavyzd\u017eiui, universiteto baigimui \u012fam\u017einti jis para\u0161\u0117 alegorin\u012f eil\u0117ra\u0161t\u012f \u201eLabora!\u201c, kuris tapo moksleiviu himnu. Taip pat ra\u0161ytojas yra suk\u016br\u0119s pasak\u0117\u010di\u0173, meil\u0117s sonet\u0173 ir kit\u0173 \u017eanr\u0173 k\u016brini\u0173. Savo k\u016briniuose Vincas Kudirka skatino meil\u0119 Lietuvai ir gamtai. Taip pat vert\u0117 kit\u0173 autori\u0173 eil\u0117ra\u0161\u010dius, rinko lietuvi\u0173 liaudies dainas, ra\u0161\u0117 muzik\u0105. \u201eTauti\u0161ka giesm\u0117\u201c pirm\u0105 kart\u0105 i\u0161spausdinta 1898-ais metais, laikra\u0161tyje \u201eVarpas\u201c. 1992-ais metais j\u012f Konstitucijoje patvirtinta Lietuvos valstybiniu himnu.<\/p>\n","protected":false},"excerpt":{"rendered":"<p>Vincas Kudirka \u2013 gerai \u017einoma ir pasi\u017eym\u0117jusi asmenyb\u0117, kurios bent vien\u0105 k\u016brin\u012f mintinai moka kiekvienas lietuvis, juk tai yra m\u016bs\u0173 \u0161alies valstybinis himnas \u2013 \u201eTauti\u0161ka giesm\u0117\u201c. Autoriaus biografijoje i\u0161 ties\u0173 daugyb\u0117 darb\u0173 ir nuopeln\u0173 m\u016bs\u0173 \u0161alies labui. Jau prad\u017eios mokykloje Vincas Kudirka pasi\u017eym\u0117jo gabumais mokslams. Tuo metu daugelis t\u0117v\u0173 svajojo, kad j\u0173 vaikai studijuot\u0173 kunig\u0173 seminarijoje, kur \u012fstojo ir Vincas, ta\u010diau po poros met\u0173 buvo pa\u0161alintas, baig\u0117 gimnazij\u0105 ir i\u0161vyko mokytis \u012f Var\u0161uvos universitete. Prad\u0117j\u0119s nuo filologijos, v\u0117liau pasirinko medicinos studij\u0173 krypt\u012f. Karjer\u0105 literat\u016bros pasaulyje Vincas Kudirka prad\u0117jo nuo satyrinio poezijos k\u016brinio, kuris 1885-ais metais buvo i\u0161spausdintas leidinyje \u201eAu\u0161ra\u201c. Po keli\u0173 met\u0173 jis Lenkijoje \u012fk\u016br\u0117 lietuvi\u0173 student\u0173 draugij\u0105, kuri \u0117m\u0117 leisti laikra\u0161t\u012f \u201eVarpas\u201c. Vincas Kudirka tapo jo redaktoriumi. Taip pat jis organizavo ir kit\u0173 leidini\u0173 leidyb\u0105. Autorius nuolat ra\u0161\u0117 publicistinius kult\u016bros ir ekonominius straipsnius, kuriuose siek\u0117 ugdyti tautin\u0119 savivok\u0105, kritikavo valdininkus, smerk\u0117 Rusijos vald\u017eios politik\u0105. Straipsniuose atsiskleid\u017eia i\u0161skirtiniai autoriaus k\u016brybos bruo\u017eai: geb\u0117jimas derinti s\u0105moj\u012f su rimtomis temomis, gyva kalba, ironija, \u012fvairi\u0173 netradicini\u0173 menini\u0173 priemoni\u0173 derinimas su aktualijomis. Prad\u0117j\u0119s nuo satyrini\u0173 eil\u0117ra\u0161tuk\u0173, autorius v\u0117liau ra\u0161\u0117 labiau patriotines eiles, kritik\u0105, alegorinius k\u016brinius, didaktin\u0119 poezij\u0105. Beveik kiekviena proga poetas sukurdavo tam tinkam\u0105 k\u016brin\u012f, pavyzd\u017eiui, universiteto baigimui \u012fam\u017einti jis para\u0161\u0117 alegorin\u012f eil\u0117ra\u0161t\u012f \u201eLabora!\u201c, kuris tapo moksleiviu himnu. Taip pat ra\u0161ytojas yra suk\u016br\u0119s pasak\u0117\u010di\u0173, meil\u0117s sonet\u0173 ir kit\u0173 \u017eanr\u0173 k\u016brini\u0173. Savo k\u016briniuose Vincas Kudirka skatino meil\u0119 Lietuvai ir gamtai. Taip pat vert\u0117 kit\u0173 autori\u0173 eil\u0117ra\u0161\u010dius, rinko lietuvi\u0173 liaudies dainas, ra\u0161\u0117 muzik\u0105. \u201eTauti\u0161ka giesm\u0117\u201c pirm\u0105 kart\u0105 i\u0161spausdinta 1898-ais metais, laikra\u0161tyje \u201eVarpas\u201c. 1992-ais metais j\u012f Konstitucijoje patvirtinta Lietuvos valstybiniu himnu.<\/p>\n","protected":false},"featured_media":22626,"comment_status":"open","ping_status":"closed","template":"","meta":{"_acf_changed":false,"site-sidebar-layout":"default","site-content-layout":"","ast-site-content-layout":"default","site-content-style":"default","site-sidebar-style":"default","ast-global-header-display":"","ast-banner-title-visibility":"","ast-main-header-display":"","ast-hfb-above-header-display":"","ast-hfb-below-header-display":"","ast-hfb-mobile-header-display":"","site-post-title":"","ast-breadcrumbs-content":"","ast-featured-img":"","footer-sml-layout":"","ast-disable-related-posts":"","theme-transparent-header-meta":"","adv-header-id-meta":"","stick-header-meta":"","header-above-stick-meta":"","header-main-stick-meta":"","header-below-stick-meta":"","astra-migrate-meta-layouts":"default","ast-page-background-enabled":"default","ast-page-background-meta":{"desktop":{"background-color":"","background-image":"","background-repeat":"repeat","background-position":"center center","background-size":"auto","background-attachment":"scroll","background-type":"","background-media":"","overlay-type":"","overlay-color":"","overlay-opacity":"","overlay-gradient":""},"tablet":{"background-color":"","background-image":"","background-repeat":"repeat","background-position":"center center","background-size":"auto","background-attachment":"scroll","background-type":"","background-media":"","overlay-type":"","overlay-color":"","overlay-opacity":"","overlay-gradient":""},"mobile":{"background-color":"","background-image":"","background-repeat":"repeat","background-position":"center center","background-size":"auto","background-attachment":"scroll","background-type":"","background-media":"","overlay-type":"","overlay-color":"","overlay-opacity":"","overlay-gradient":""}},"ast-content-background-meta":{"desktop":{"background-color":"var(--ast-global-color-4)","background-image":"","background-repeat":"repeat","background-position":"center center","background-size":"auto","background-attachment":"scroll","background-type":"","background-media":"","overlay-type":"","overlay-color":"","overlay-opacity":"","overlay-gradient":""},"tablet":{"background-color":"var(--ast-global-color-4)","background-image":"","background-repeat":"repeat","background-position":"center center","background-size":"auto","background-attachment":"scroll","background-type":"","background-media":"","overlay-type":"","overlay-color":"","overlay-opacity":"","overlay-gradient":""},"mobile":{"background-color":"var(--ast-global-color-4)","background-image":"","background-repeat":"repeat","background-position":"center center","background-size":"auto","background-attachment":"scroll","background-type":"","background-media":"","overlay-type":"","overlay-color":"","overlay-opacity":"","overlay-gradient":""}}},"product_brand":[],"product_cat":[33],"product_tag":[],"class_list":{"0":"post-22621","1":"product","2":"type-product","3":"status-publish","4":"has-post-thumbnail","6":"product_cat-biografijos","7":"desktop-align-left","8":"tablet-align-left","9":"mobile-align-left","11":"first","12":"instock","13":"shipping-taxable","14":"purchasable","15":"product-type-simple"},"acf":[],"yoast_head":"<!-- This site is optimized with the Yoast SEO plugin v27.0 - https:\/\/yoast.com\/product\/yoast-seo-wordpress\/ -->\n<title>M\u016bs\u0173 Kudirka<\/title>\n<meta name=\"description\" content=\"Vincas Kudirka \u2013 gerai \u017einoma ir pasi\u017eym\u0117jusi asmenyb\u0117, kurios bent vien\u0105 k\u016brin\u012f mintinai moka kiekvienas lietuvis, juk tai yra m\u016bs\u0173 \u0161alies valstybinis\" \/>\n<meta name=\"robots\" content=\"index, follow, max-snippet:-1, max-image-preview:large, max-video-preview:-1\" \/>\n<link rel=\"canonical\" href=\"https:\/\/skaitytaknyga.lt\/en\/produktas\/musu-kudirka\/\" \/>\n<meta property=\"og:locale\" content=\"en_GB\" \/>\n<meta property=\"og:locale:alternate\" content=\"lt_LT\" \/>\n<meta property=\"og:type\" content=\"article\" \/>\n<meta property=\"og:title\" content=\"M\u016bs\u0173 Kudirka\" \/>\n<meta property=\"og:description\" content=\"Vincas Kudirka \u2013 gerai \u017einoma ir pasi\u017eym\u0117jusi asmenyb\u0117, kurios bent vien\u0105 k\u016brin\u012f mintinai moka kiekvienas lietuvis, juk tai yra m\u016bs\u0173 \u0161alies valstybinis\" \/>\n<meta property=\"og:url\" content=\"https:\/\/skaitytaknyga.lt\/en\/produktas\/musu-kudirka\/\" \/>\n<meta property=\"og:site_name\" content=\"Skaitytaknyga\" \/>\n<meta property=\"article:publisher\" content=\"https:\/\/www.facebook.com\/skaitytaknyga\/\" \/>\n<meta property=\"article:modified_time\" content=\"2026-01-02T20:44:38+00:00\" \/>\n<meta property=\"og:image\" content=\"https:\/\/skaitytaknyga.lt\/wp-content\/uploads\/2026\/01\/Musu-Kudirka.jpg\" \/>\n\t<meta property=\"og:image:width\" content=\"431\" \/>\n\t<meta property=\"og:image:height\" content=\"575\" \/>\n\t<meta property=\"og:image:type\" content=\"image\/jpeg\" \/>\n<meta name=\"twitter:card\" content=\"summary_large_image\" \/>\n<meta name=\"twitter:label1\" content=\"Estimated reading time\" \/>\n\t<meta name=\"twitter:data1\" content=\"2 minutes\" \/>\n<script type=\"application\/ld+json\" class=\"yoast-schema-graph\">{\"@context\":\"https:\/\/schema.org\",\"@graph\":[{\"@type\":\"WebPage\",\"@id\":\"https:\/\/skaitytaknyga.lt\/produktas\/musu-kudirka\/\",\"url\":\"https:\/\/skaitytaknyga.lt\/produktas\/musu-kudirka\/\",\"name\":\"M\u016bs\u0173 Kudirka\",\"isPartOf\":{\"@id\":\"https:\/\/skaitytaknyga.lt\/#website\"},\"primaryImageOfPage\":{\"@id\":\"https:\/\/skaitytaknyga.lt\/produktas\/musu-kudirka\/#primaryimage\"},\"image\":{\"@id\":\"https:\/\/skaitytaknyga.lt\/produktas\/musu-kudirka\/#primaryimage\"},\"thumbnailUrl\":\"https:\/\/skaitytaknyga.lt\/wp-content\/uploads\/2026\/01\/Musu-Kudirka.jpg\",\"datePublished\":\"2026-01-02T19:48:55+00:00\",\"dateModified\":\"2026-01-02T20:44:38+00:00\",\"description\":\"Vincas Kudirka \u2013 gerai \u017einoma ir pasi\u017eym\u0117jusi asmenyb\u0117, kurios bent vien\u0105 k\u016brin\u012f mintinai moka kiekvienas lietuvis, juk tai yra m\u016bs\u0173 \u0161alies valstybinis\",\"breadcrumb\":{\"@id\":\"https:\/\/skaitytaknyga.lt\/produktas\/musu-kudirka\/#breadcrumb\"},\"inLanguage\":\"en-GB\",\"potentialAction\":[{\"@type\":\"ReadAction\",\"target\":[\"https:\/\/skaitytaknyga.lt\/produktas\/musu-kudirka\/\"]}]},{\"@type\":\"ImageObject\",\"inLanguage\":\"en-GB\",\"@id\":\"https:\/\/skaitytaknyga.lt\/produktas\/musu-kudirka\/#primaryimage\",\"url\":\"https:\/\/skaitytaknyga.lt\/wp-content\/uploads\/2026\/01\/Musu-Kudirka.jpg\",\"contentUrl\":\"https:\/\/skaitytaknyga.lt\/wp-content\/uploads\/2026\/01\/Musu-Kudirka.jpg\",\"width\":431,\"height\":575,\"caption\":\"M\u016bs\u0173 Kudirka\"},{\"@type\":\"BreadcrumbList\",\"@id\":\"https:\/\/skaitytaknyga.lt\/produktas\/musu-kudirka\/#breadcrumb\",\"itemListElement\":[{\"@type\":\"ListItem\",\"position\":1,\"name\":\"Home\",\"item\":\"https:\/\/skaitytaknyga.lt\/\"},{\"@type\":\"ListItem\",\"position\":2,\"name\":\"Parduotuv\u0117\",\"item\":\"https:\/\/skaitytaknyga.lt\/knygu-parduotuve\/\"},{\"@type\":\"ListItem\",\"position\":3,\"name\":\"M\u016bs\u0173 Kudirka\"}]},{\"@type\":\"WebSite\",\"@id\":\"https:\/\/skaitytaknyga.lt\/#website\",\"url\":\"https:\/\/skaitytaknyga.lt\/\",\"name\":\"skaitytaknyga.lt\",\"description\":\"Skaitytaknyga.lt \u2013 tai ma\u017eas \u0161eimos verslas, kuris prasid\u0117jo nuo meil\u0117s knygoms ir siekio i\u0161gelb\u0117ti knygas nuo likimo prie konteinerio. Kas vienam nereikalingas daiktas \u2013 kitam lobis, o mes esame tarpininkai, kurie padeda abiems tapti laimingesniems ???? \u017dinome kaip nelengva i\u0161gyventi ma\u017eiems verslams, tad nuo \u0161iol, \u010dia rasite ir kit\u0173, ma\u017e\u0173 \u0161eim\u0173 versl\u0173, rank\u0173 darbo, dovan\u0173 sau ir artimiesiems.\",\"publisher\":{\"@id\":\"https:\/\/skaitytaknyga.lt\/#organization\"},\"potentialAction\":[{\"@type\":\"SearchAction\",\"target\":{\"@type\":\"EntryPoint\",\"urlTemplate\":\"https:\/\/skaitytaknyga.lt\/?s={search_term_string}\"},\"query-input\":{\"@type\":\"PropertyValueSpecification\",\"valueRequired\":true,\"valueName\":\"search_term_string\"}}],\"inLanguage\":\"en-GB\"},{\"@type\":\"Organization\",\"@id\":\"https:\/\/skaitytaknyga.lt\/#organization\",\"name\":\"skaitytaknyga.lt\",\"url\":\"https:\/\/skaitytaknyga.lt\/\",\"logo\":{\"@type\":\"ImageObject\",\"inLanguage\":\"en-GB\",\"@id\":\"https:\/\/skaitytaknyga.lt\/#\/schema\/logo\/image\/\",\"url\":\"https:\/\/skaitytaknyga.lt\/wp-content\/uploads\/2024\/05\/cropped-cropped-cropped-02_00843_jt3bggkj1j3HLc7SyY6rEUpg.jpeg\",\"contentUrl\":\"https:\/\/skaitytaknyga.lt\/wp-content\/uploads\/2024\/05\/cropped-cropped-cropped-02_00843_jt3bggkj1j3HLc7SyY6rEUpg.jpeg\",\"width\":1600,\"height\":1600,\"caption\":\"skaitytaknyga.lt\"},\"image\":{\"@id\":\"https:\/\/skaitytaknyga.lt\/#\/schema\/logo\/image\/\"},\"sameAs\":[\"https:\/\/www.facebook.com\/skaitytaknyga\/\"]}]}<\/script>\n<!-- \/ Yoast SEO plugin. -->","yoast_head_json":{"title":"M\u016bs\u0173 Kudirka","description":"Vincas Kudirka \u2013 gerai \u017einoma ir pasi\u017eym\u0117jusi asmenyb\u0117, kurios bent vien\u0105 k\u016brin\u012f mintinai moka kiekvienas lietuvis, juk tai yra m\u016bs\u0173 \u0161alies valstybinis","robots":{"index":"index","follow":"follow","max-snippet":"max-snippet:-1","max-image-preview":"max-image-preview:large","max-video-preview":"max-video-preview:-1"},"canonical":"https:\/\/skaitytaknyga.lt\/en\/produktas\/musu-kudirka\/","og_locale":"en_GB","og_type":"article","og_title":"[:lt]M\u016bs\u0173 Kudirka[:] - Skaitytaknyga","og_description":"Vincas Kudirka \u2013 gerai \u017einoma ir pasi\u017eym\u0117jusi asmenyb\u0117, kurios bent vien\u0105 k\u016brin\u012f mintinai moka kiekvienas lietuvis, juk tai yra m\u016bs\u0173 \u0161alies valstybinis","og_url":"https:\/\/skaitytaknyga.lt\/en\/produktas\/musu-kudirka\/","og_site_name":"Skaitytaknyga","article_publisher":"https:\/\/www.facebook.com\/skaitytaknyga\/","article_modified_time":"2026-01-02T20:44:38+00:00","og_image":[{"width":431,"height":575,"url":"https:\/\/skaitytaknyga.lt\/wp-content\/uploads\/2026\/01\/Musu-Kudirka.jpg","type":"image\/jpeg"}],"twitter_card":"summary_large_image","twitter_misc":{"Estimated reading time":"2 minutes"},"schema":{"@context":"https:\/\/schema.org","@graph":[{"@type":"WebPage","@id":"https:\/\/skaitytaknyga.lt\/produktas\/musu-kudirka\/","url":"https:\/\/skaitytaknyga.lt\/produktas\/musu-kudirka\/","name":"M\u016bs\u0173 Kudirka","isPartOf":{"@id":"https:\/\/skaitytaknyga.lt\/#website"},"primaryImageOfPage":{"@id":"https:\/\/skaitytaknyga.lt\/produktas\/musu-kudirka\/#primaryimage"},"image":{"@id":"https:\/\/skaitytaknyga.lt\/produktas\/musu-kudirka\/#primaryimage"},"thumbnailUrl":"https:\/\/skaitytaknyga.lt\/wp-content\/uploads\/2026\/01\/Musu-Kudirka.jpg","datePublished":"2026-01-02T19:48:55+00:00","dateModified":"2026-01-02T20:44:38+00:00","description":"Vincas Kudirka \u2013 gerai \u017einoma ir pasi\u017eym\u0117jusi asmenyb\u0117, kurios bent vien\u0105 k\u016brin\u012f mintinai moka kiekvienas lietuvis, juk tai yra m\u016bs\u0173 \u0161alies valstybinis","breadcrumb":{"@id":"https:\/\/skaitytaknyga.lt\/produktas\/musu-kudirka\/#breadcrumb"},"inLanguage":"en-GB","potentialAction":[{"@type":"ReadAction","target":["https:\/\/skaitytaknyga.lt\/produktas\/musu-kudirka\/"]}]},{"@type":"ImageObject","inLanguage":"en-GB","@id":"https:\/\/skaitytaknyga.lt\/produktas\/musu-kudirka\/#primaryimage","url":"https:\/\/skaitytaknyga.lt\/wp-content\/uploads\/2026\/01\/Musu-Kudirka.jpg","contentUrl":"https:\/\/skaitytaknyga.lt\/wp-content\/uploads\/2026\/01\/Musu-Kudirka.jpg","width":431,"height":575,"caption":"M\u016bs\u0173 Kudirka"},{"@type":"BreadcrumbList","@id":"https:\/\/skaitytaknyga.lt\/produktas\/musu-kudirka\/#breadcrumb","itemListElement":[{"@type":"ListItem","position":1,"name":"Home","item":"https:\/\/skaitytaknyga.lt\/"},{"@type":"ListItem","position":2,"name":"Parduotuv\u0117","item":"https:\/\/skaitytaknyga.lt\/knygu-parduotuve\/"},{"@type":"ListItem","position":3,"name":"M\u016bs\u0173 Kudirka"}]},{"@type":"WebSite","@id":"https:\/\/skaitytaknyga.lt\/#website","url":"https:\/\/skaitytaknyga.lt\/","name":"skaitytaknyga.lt","description":"Skaitytaknyga.lt \u2013 tai ma\u017eas \u0161eimos verslas, kuris prasid\u0117jo nuo meil\u0117s knygoms ir siekio i\u0161gelb\u0117ti knygas nuo likimo prie konteinerio. Kas vienam nereikalingas daiktas \u2013 kitam lobis, o mes esame tarpininkai, kurie padeda abiems tapti laimingesniems ???? \u017dinome kaip nelengva i\u0161gyventi ma\u017eiems verslams, tad nuo \u0161iol, \u010dia rasite ir kit\u0173, ma\u017e\u0173 \u0161eim\u0173 versl\u0173, rank\u0173 darbo, dovan\u0173 sau ir artimiesiems.","publisher":{"@id":"https:\/\/skaitytaknyga.lt\/#organization"},"potentialAction":[{"@type":"SearchAction","target":{"@type":"EntryPoint","urlTemplate":"https:\/\/skaitytaknyga.lt\/?s={search_term_string}"},"query-input":{"@type":"PropertyValueSpecification","valueRequired":true,"valueName":"search_term_string"}}],"inLanguage":"en-GB"},{"@type":"Organization","@id":"https:\/\/skaitytaknyga.lt\/#organization","name":"skaitytaknyga.lt","url":"https:\/\/skaitytaknyga.lt\/","logo":{"@type":"ImageObject","inLanguage":"en-GB","@id":"https:\/\/skaitytaknyga.lt\/#\/schema\/logo\/image\/","url":"https:\/\/skaitytaknyga.lt\/wp-content\/uploads\/2024\/05\/cropped-cropped-cropped-02_00843_jt3bggkj1j3HLc7SyY6rEUpg.jpeg","contentUrl":"https:\/\/skaitytaknyga.lt\/wp-content\/uploads\/2024\/05\/cropped-cropped-cropped-02_00843_jt3bggkj1j3HLc7SyY6rEUpg.jpeg","width":1600,"height":1600,"caption":"skaitytaknyga.lt"},"image":{"@id":"https:\/\/skaitytaknyga.lt\/#\/schema\/logo\/image\/"},"sameAs":["https:\/\/www.facebook.com\/skaitytaknyga\/"]}]}},"_links":{"self":[{"href":"https:\/\/skaitytaknyga.lt\/en\/wp-json\/wp\/v2\/product\/22621","targetHints":{"allow":["GET"]}}],"collection":[{"href":"https:\/\/skaitytaknyga.lt\/en\/wp-json\/wp\/v2\/product"}],"about":[{"href":"https:\/\/skaitytaknyga.lt\/en\/wp-json\/wp\/v2\/types\/product"}],"replies":[{"embeddable":true,"href":"https:\/\/skaitytaknyga.lt\/en\/wp-json\/wp\/v2\/comments?post=22621"}],"wp:featuredmedia":[{"embeddable":true,"href":"https:\/\/skaitytaknyga.lt\/en\/wp-json\/wp\/v2\/media\/22626"}],"wp:attachment":[{"href":"https:\/\/skaitytaknyga.lt\/en\/wp-json\/wp\/v2\/media?parent=22621"}],"wp:term":[{"taxonomy":"product_brand","embeddable":true,"href":"https:\/\/skaitytaknyga.lt\/en\/wp-json\/wp\/v2\/product_brand?post=22621"},{"taxonomy":"product_cat","embeddable":true,"href":"https:\/\/skaitytaknyga.lt\/en\/wp-json\/wp\/v2\/product_cat?post=22621"},{"taxonomy":"product_tag","embeddable":true,"href":"https:\/\/skaitytaknyga.lt\/en\/wp-json\/wp\/v2\/product_tag?post=22621"}],"curies":[{"name":"wp","href":"https:\/\/api.w.org\/{rel}","templated":true}]}}