{"id":2262,"date":"2024-04-17T16:06:51","date_gmt":"2024-04-17T13:06:51","guid":{"rendered":"https:\/\/skaitytaknyga.lt\/?post_type=product&#038;p=2262"},"modified":"2025-07-02T21:38:44","modified_gmt":"2025-07-02T18:38:44","slug":"p-senuta-sfera","status":"publish","type":"product","link":"https:\/\/skaitytaknyga.lt\/en\/produktas\/p-senuta-sfera\/","title":{"rendered":"P. Sen\u016bta \u201eSfera\u201c"},"content":{"rendered":"","protected":false},"excerpt":{"rendered":"<p>\u201eSfera \u2013 tai \u017evilgsnis \u012f protus \u017emoni\u0173, kuriuos laikome bepro\u010diais. Romano herojai tokie tikri, kad skaitydama gird\u0117jau juos kalban\u010dius savo virtuv\u0117je. Buvo nejauku, o kartais \u2013 be galo juokinga. Lietuvi\u0173 literat\u016broje ligi \u0161iol nebuvo nieko pana\u0161aus.&#8221;<\/p>\n<p>Akvil\u0117 Kavaliauskait\u0117<\/p>\n<p>\u201eEsu i\u0161 t\u0173, kuriems kai kurie dalykai absoliu\u010diai ai\u0161k\u016bs ir n\u0117ra jokios alternatyvios nuomon\u0117s. Visgi skaitydama \u0161i\u0105 knyg\u0105 pagavau save kiek suabejojusi\u0105 tuo, kad \u017dem\u0117 yra apvali.&#8221;<\/p>\n<p>Ingrida \u0160imonyt\u0117<\/p>\n<p>\u201eTai knyga, kuri kelia \u0161iandienos \u017emogui svarbius egzistencinius klausimus apie prasm\u0119, o \u201e\u012fkalt\u0173&#8221; ties\u0173 kvestionavimas, naivus ir snobi\u0161kas heroj\u0173 mai\u0161tas duoda impuls\u0105 perm\u0105styti, ar visos tiesos, kuriomis tikime, yra nepajudinamos. Aktualu ir nauja lietuvi\u0161k\u0173 knyg\u0173 lentynoje. Moderni kalba ir geras skonis.&#8221;<\/p>\n<p>Saulius Urbonavi\u010dius-Samas<\/p>\n<p>\u201eSkaitydamas Sfer\u0105 jau\u010diausi, lyg dalyvau\u010diau elitiniame protm\u016b\u0161yje, kur\u012f moderuoja azarti\u0161kas ved\u0117jas, \u017eaidimo eigoje kei\u010diantis ir jo taisykles, o kartais \u2013 ir pa\u010di\u0105 \u017eaidimo prigimt\u012f.&#8221;<\/p>\n","protected":false},"featured_media":2311,"comment_status":"closed","ping_status":"closed","template":"","meta":{"_acf_changed":false,"site-sidebar-layout":"default","site-content-layout":"","ast-site-content-layout":"default","site-content-style":"default","site-sidebar-style":"default","ast-global-header-display":"","ast-banner-title-visibility":"","ast-main-header-display":"","ast-hfb-above-header-display":"","ast-hfb-below-header-display":"","ast-hfb-mobile-header-display":"","site-post-title":"","ast-breadcrumbs-content":"","ast-featured-img":"","footer-sml-layout":"","ast-disable-related-posts":"","theme-transparent-header-meta":"","adv-header-id-meta":"","stick-header-meta":"","header-above-stick-meta":"","header-main-stick-meta":"","header-below-stick-meta":"","astra-migrate-meta-layouts":"default","ast-page-background-enabled":"default","ast-page-background-meta":{"desktop":{"background-color":"","background-image":"","background-repeat":"repeat","background-position":"center center","background-size":"auto","background-attachment":"scroll","background-type":"","background-media":"","overlay-type":"","overlay-color":"","overlay-opacity":"","overlay-gradient":""},"tablet":{"background-color":"","background-image":"","background-repeat":"repeat","background-position":"center center","background-size":"auto","background-attachment":"scroll","background-type":"","background-media":"","overlay-type":"","overlay-color":"","overlay-opacity":"","overlay-gradient":""},"mobile":{"background-color":"","background-image":"","background-repeat":"repeat","background-position":"center center","background-size":"auto","background-attachment":"scroll","background-type":"","background-media":"","overlay-type":"","overlay-color":"","overlay-opacity":"","overlay-gradient":""}},"ast-content-background-meta":{"desktop":{"background-color":"var(--ast-global-color-4)","background-image":"","background-repeat":"repeat","background-position":"center center","background-size":"auto","background-attachment":"scroll","background-type":"","background-media":"","overlay-type":"","overlay-color":"","overlay-opacity":"","overlay-gradient":""},"tablet":{"background-color":"var(--ast-global-color-4)","background-image":"","background-repeat":"repeat","background-position":"center center","background-size":"auto","background-attachment":"scroll","background-type":"","background-media":"","overlay-type":"","overlay-color":"","overlay-opacity":"","overlay-gradient":""},"mobile":{"background-color":"var(--ast-global-color-4)","background-image":"","background-repeat":"repeat","background-position":"center center","background-size":"auto","background-attachment":"scroll","background-type":"","background-media":"","overlay-type":"","overlay-color":"","overlay-opacity":"","overlay-gradient":""}}},"product_brand":[],"product_cat":[31],"product_tag":[],"class_list":{"0":"post-2262","1":"product","2":"type-product","3":"status-publish","4":"has-post-thumbnail","6":"product_cat-grozine-literatura","7":"desktop-align-left","8":"tablet-align-left","9":"mobile-align-left","11":"first","12":"instock","13":"shipping-taxable","14":"purchasable","15":"product-type-simple"},"acf":[],"yoast_head":"<!-- This site is optimized with the Yoast SEO plugin v27.0 - https:\/\/yoast.com\/product\/yoast-seo-wordpress\/ -->\n<title>P. Sen\u016bta \u201eSfera\u201c<\/title>\n<meta name=\"description\" content=\"\u201eSfera \u2013 tai \u017evilgsnis \u012f protus \u017emoni\u0173, kuriuos laikome bepro\u010diais. Romano herojai tokie tikri, kad skaitydama gird\u0117jau juos kalban\u010dius savo virtuv\u0117je. Buvo nejauku, o kartais \u2013 be galo juokinga. Lietuvi\u0173 literat\u016broje ligi \u0161iol nebuvo nieko pana\u0161aus.&quot;  Akvil\u0117 Kavaliauskait\u0117  \u201eEsu i\u0161 t\u0173, kuriems kai kurie dalykai absoliu\u010diai ai\u0161k\u016bs ir n\u0117ra jokios alternatyvios nuomon\u0117s. Visgi skaitydama \u0161i\u0105 knyg\u0105 pagavau save kiek suabejojusi\u0105 tuo, kad \u017dem\u0117 yra apvali.&quot;  Ingrida \u0160imonyt\u0117  \u201eTai knyga, kuri kelia \u0161iandienos \u017emogui svarbius egzistencinius klausimus apie prasm\u0119, o \u201e\u012fkalt\u0173&quot; ties\u0173 kvestionavimas, naivus ir snobi\u0161kas heroj\u0173 mai\u0161tas duoda impuls\u0105 perm\u0105styti, ar visos tiesos, kuriomis tikime, yra nepajudinamos. Aktualu ir nauja lietuvi\u0161k\u0173 knyg\u0173 lentynoje. Moderni kalba ir geras skonis.&quot;  Saulius Urbonavi\u010dius-Samas  \u201eSkaitydamas Sfer\u0105 jau\u010diausi, lyg dalyvau\u010diau elitiniame protm\u016b\u0161yje, kur\u012f moderuoja azarti\u0161kas ved\u0117jas, \u017eaidimo eigoje kei\u010diantis ir jo taisykles, o kartais \u2013 ir pa\u010di\u0105 \u017eaidimo prigimt\u012f.&quot;\" \/>\n<meta name=\"robots\" content=\"index, follow, max-snippet:-1, max-image-preview:large, max-video-preview:-1\" \/>\n<link rel=\"canonical\" href=\"https:\/\/skaitytaknyga.lt\/en\/produktas\/p-senuta-sfera\/\" \/>\n<meta property=\"og:locale\" content=\"en_GB\" \/>\n<meta property=\"og:locale:alternate\" content=\"lt_LT\" \/>\n<meta property=\"og:type\" content=\"article\" \/>\n<meta property=\"og:title\" content=\"P. Sen\u016bta \u201eSfera\u201c\" \/>\n<meta property=\"og:description\" content=\"\u201eSfera \u2013 tai \u017evilgsnis \u012f protus \u017emoni\u0173, kuriuos laikome bepro\u010diais. Romano herojai tokie tikri, kad skaitydama gird\u0117jau juos kalban\u010dius savo virtuv\u0117je. Buvo nejauku, o kartais \u2013 be galo juokinga. Lietuvi\u0173 literat\u016broje ligi \u0161iol nebuvo nieko pana\u0161aus.&quot;  Akvil\u0117 Kavaliauskait\u0117  \u201eEsu i\u0161 t\u0173, kuriems kai kurie dalykai absoliu\u010diai ai\u0161k\u016bs ir n\u0117ra jokios alternatyvios nuomon\u0117s. Visgi skaitydama \u0161i\u0105 knyg\u0105 pagavau save kiek suabejojusi\u0105 tuo, kad \u017dem\u0117 yra apvali.&quot;  Ingrida \u0160imonyt\u0117  \u201eTai knyga, kuri kelia \u0161iandienos \u017emogui svarbius egzistencinius klausimus apie prasm\u0119, o \u201e\u012fkalt\u0173&quot; ties\u0173 kvestionavimas, naivus ir snobi\u0161kas heroj\u0173 mai\u0161tas duoda impuls\u0105 perm\u0105styti, ar visos tiesos, kuriomis tikime, yra nepajudinamos. Aktualu ir nauja lietuvi\u0161k\u0173 knyg\u0173 lentynoje. Moderni kalba ir geras skonis.&quot;  Saulius Urbonavi\u010dius-Samas  \u201eSkaitydamas Sfer\u0105 jau\u010diausi, lyg dalyvau\u010diau elitiniame protm\u016b\u0161yje, kur\u012f moderuoja azarti\u0161kas ved\u0117jas, \u017eaidimo eigoje kei\u010diantis ir jo taisykles, o kartais \u2013 ir pa\u010di\u0105 \u017eaidimo prigimt\u012f.&quot;\" \/>\n<meta property=\"og:url\" content=\"https:\/\/skaitytaknyga.lt\/en\/produktas\/p-senuta-sfera\/\" \/>\n<meta property=\"og:site_name\" content=\"Skaitytaknyga\" \/>\n<meta property=\"article:publisher\" content=\"https:\/\/www.facebook.com\/skaitytaknyga\/\" \/>\n<meta property=\"article:modified_time\" content=\"2025-07-02T18:38:44+00:00\" \/>\n<meta property=\"og:image\" content=\"https:\/\/skaitytaknyga.lt\/wp-content\/uploads\/2024\/04\/sfera-senuta.jpg\" \/>\n\t<meta property=\"og:image:width\" content=\"600\" \/>\n\t<meta property=\"og:image:height\" content=\"921\" \/>\n\t<meta property=\"og:image:type\" content=\"image\/jpeg\" \/>\n<meta name=\"twitter:card\" content=\"summary_large_image\" \/>\n<script type=\"application\/ld+json\" class=\"yoast-schema-graph\">{\"@context\":\"https:\/\/schema.org\",\"@graph\":[{\"@type\":\"WebPage\",\"@id\":\"https:\/\/skaitytaknyga.lt\/produktas\/p-senuta-sfera\/\",\"url\":\"https:\/\/skaitytaknyga.lt\/produktas\/p-senuta-sfera\/\",\"name\":\"P. Sen\u016bta \u201eSfera\u201c\",\"isPartOf\":{\"@id\":\"https:\/\/skaitytaknyga.lt\/#website\"},\"primaryImageOfPage\":{\"@id\":\"https:\/\/skaitytaknyga.lt\/produktas\/p-senuta-sfera\/#primaryimage\"},\"image\":{\"@id\":\"https:\/\/skaitytaknyga.lt\/produktas\/p-senuta-sfera\/#primaryimage\"},\"thumbnailUrl\":\"https:\/\/skaitytaknyga.lt\/wp-content\/uploads\/2024\/04\/sfera-senuta.jpg\",\"datePublished\":\"2024-04-17T13:06:51+00:00\",\"dateModified\":\"2025-07-02T18:38:44+00:00\",\"description\":\"\u201eSfera \u2013 tai \u017evilgsnis \u012f protus \u017emoni\u0173, kuriuos laikome bepro\u010diais. Romano herojai tokie tikri, kad skaitydama gird\u0117jau juos kalban\u010dius savo virtuv\u0117je. Buvo nejauku, o kartais \u2013 be galo juokinga. Lietuvi\u0173 literat\u016broje ligi \u0161iol nebuvo nieko pana\u0161aus.\\\" Akvil\u0117 Kavaliauskait\u0117 \u201eEsu i\u0161 t\u0173, kuriems kai kurie dalykai absoliu\u010diai ai\u0161k\u016bs ir n\u0117ra jokios alternatyvios nuomon\u0117s. Visgi skaitydama \u0161i\u0105 knyg\u0105 pagavau save kiek suabejojusi\u0105 tuo, kad \u017dem\u0117 yra apvali.\\\" Ingrida \u0160imonyt\u0117 \u201eTai knyga, kuri kelia \u0161iandienos \u017emogui svarbius egzistencinius klausimus apie prasm\u0119, o \u201e\u012fkalt\u0173\\\" ties\u0173 kvestionavimas, naivus ir snobi\u0161kas heroj\u0173 mai\u0161tas duoda impuls\u0105 perm\u0105styti, ar visos tiesos, kuriomis tikime, yra nepajudinamos. Aktualu ir nauja lietuvi\u0161k\u0173 knyg\u0173 lentynoje. Moderni kalba ir geras skonis.\\\" Saulius Urbonavi\u010dius-Samas \u201eSkaitydamas Sfer\u0105 jau\u010diausi, lyg dalyvau\u010diau elitiniame protm\u016b\u0161yje, kur\u012f moderuoja azarti\u0161kas ved\u0117jas, \u017eaidimo eigoje kei\u010diantis ir jo taisykles, o kartais \u2013 ir pa\u010di\u0105 \u017eaidimo prigimt\u012f.\\\"\",\"breadcrumb\":{\"@id\":\"https:\/\/skaitytaknyga.lt\/produktas\/p-senuta-sfera\/#breadcrumb\"},\"inLanguage\":\"en-GB\",\"potentialAction\":[{\"@type\":\"ReadAction\",\"target\":[\"https:\/\/skaitytaknyga.lt\/produktas\/p-senuta-sfera\/\"]}]},{\"@type\":\"ImageObject\",\"inLanguage\":\"en-GB\",\"@id\":\"https:\/\/skaitytaknyga.lt\/produktas\/p-senuta-sfera\/#primaryimage\",\"url\":\"https:\/\/skaitytaknyga.lt\/wp-content\/uploads\/2024\/04\/sfera-senuta.jpg\",\"contentUrl\":\"https:\/\/skaitytaknyga.lt\/wp-content\/uploads\/2024\/04\/sfera-senuta.jpg\",\"width\":600,\"height\":921,\"caption\":\"sfera senuta\"},{\"@type\":\"BreadcrumbList\",\"@id\":\"https:\/\/skaitytaknyga.lt\/produktas\/p-senuta-sfera\/#breadcrumb\",\"itemListElement\":[{\"@type\":\"ListItem\",\"position\":1,\"name\":\"Home\",\"item\":\"https:\/\/skaitytaknyga.lt\/\"},{\"@type\":\"ListItem\",\"position\":2,\"name\":\"Parduotuv\u0117\",\"item\":\"https:\/\/skaitytaknyga.lt\/knygu-parduotuve\/\"},{\"@type\":\"ListItem\",\"position\":3,\"name\":\"P. Sen\u016bta \u201eSfera\u201c\"}]},{\"@type\":\"WebSite\",\"@id\":\"https:\/\/skaitytaknyga.lt\/#website\",\"url\":\"https:\/\/skaitytaknyga.lt\/\",\"name\":\"skaitytaknyga.lt\",\"description\":\"Skaitytaknyga.lt \u2013 tai ma\u017eas \u0161eimos verslas, kuris prasid\u0117jo nuo meil\u0117s knygoms ir siekio i\u0161gelb\u0117ti knygas nuo likimo prie konteinerio. Kas vienam nereikalingas daiktas \u2013 kitam lobis, o mes esame tarpininkai, kurie padeda abiems tapti laimingesniems ???? \u017dinome kaip nelengva i\u0161gyventi ma\u017eiems verslams, tad nuo \u0161iol, \u010dia rasite ir kit\u0173, ma\u017e\u0173 \u0161eim\u0173 versl\u0173, rank\u0173 darbo, dovan\u0173 sau ir artimiesiems.\",\"publisher\":{\"@id\":\"https:\/\/skaitytaknyga.lt\/#organization\"},\"potentialAction\":[{\"@type\":\"SearchAction\",\"target\":{\"@type\":\"EntryPoint\",\"urlTemplate\":\"https:\/\/skaitytaknyga.lt\/?s={search_term_string}\"},\"query-input\":{\"@type\":\"PropertyValueSpecification\",\"valueRequired\":true,\"valueName\":\"search_term_string\"}}],\"inLanguage\":\"en-GB\"},{\"@type\":\"Organization\",\"@id\":\"https:\/\/skaitytaknyga.lt\/#organization\",\"name\":\"skaitytaknyga.lt\",\"url\":\"https:\/\/skaitytaknyga.lt\/\",\"logo\":{\"@type\":\"ImageObject\",\"inLanguage\":\"en-GB\",\"@id\":\"https:\/\/skaitytaknyga.lt\/#\/schema\/logo\/image\/\",\"url\":\"https:\/\/skaitytaknyga.lt\/wp-content\/uploads\/2024\/05\/cropped-cropped-cropped-02_00843_jt3bggkj1j3HLc7SyY6rEUpg.jpeg\",\"contentUrl\":\"https:\/\/skaitytaknyga.lt\/wp-content\/uploads\/2024\/05\/cropped-cropped-cropped-02_00843_jt3bggkj1j3HLc7SyY6rEUpg.jpeg\",\"width\":1600,\"height\":1600,\"caption\":\"skaitytaknyga.lt\"},\"image\":{\"@id\":\"https:\/\/skaitytaknyga.lt\/#\/schema\/logo\/image\/\"},\"sameAs\":[\"https:\/\/www.facebook.com\/skaitytaknyga\/\"]}]}<\/script>\n<!-- \/ Yoast SEO plugin. -->","yoast_head_json":{"title":"P. Sen\u016bta \u201eSfera\u201c","description":"\u201eSfera \u2013 tai \u017evilgsnis \u012f protus \u017emoni\u0173, kuriuos laikome bepro\u010diais. Romano herojai tokie tikri, kad skaitydama gird\u0117jau juos kalban\u010dius savo virtuv\u0117je. Buvo nejauku, o kartais \u2013 be galo juokinga. Lietuvi\u0173 literat\u016broje ligi \u0161iol nebuvo nieko pana\u0161aus.\"  Akvil\u0117 Kavaliauskait\u0117  \u201eEsu i\u0161 t\u0173, kuriems kai kurie dalykai absoliu\u010diai ai\u0161k\u016bs ir n\u0117ra jokios alternatyvios nuomon\u0117s. Visgi skaitydama \u0161i\u0105 knyg\u0105 pagavau save kiek suabejojusi\u0105 tuo, kad \u017dem\u0117 yra apvali.\"  Ingrida \u0160imonyt\u0117  \u201eTai knyga, kuri kelia \u0161iandienos \u017emogui svarbius egzistencinius klausimus apie prasm\u0119, o \u201e\u012fkalt\u0173\" ties\u0173 kvestionavimas, naivus ir snobi\u0161kas heroj\u0173 mai\u0161tas duoda impuls\u0105 perm\u0105styti, ar visos tiesos, kuriomis tikime, yra nepajudinamos. Aktualu ir nauja lietuvi\u0161k\u0173 knyg\u0173 lentynoje. Moderni kalba ir geras skonis.\"  Saulius Urbonavi\u010dius-Samas  \u201eSkaitydamas Sfer\u0105 jau\u010diausi, lyg dalyvau\u010diau elitiniame protm\u016b\u0161yje, kur\u012f moderuoja azarti\u0161kas ved\u0117jas, \u017eaidimo eigoje kei\u010diantis ir jo taisykles, o kartais \u2013 ir pa\u010di\u0105 \u017eaidimo prigimt\u012f.\"","robots":{"index":"index","follow":"follow","max-snippet":"max-snippet:-1","max-image-preview":"max-image-preview:large","max-video-preview":"max-video-preview:-1"},"canonical":"https:\/\/skaitytaknyga.lt\/en\/produktas\/p-senuta-sfera\/","og_locale":"en_GB","og_type":"article","og_title":"[:lt]P. Sen\u016bta \u201eSfera\u201c[:] - Skaitytaknyga","og_description":"\u201eSfera \u2013 tai \u017evilgsnis \u012f protus \u017emoni\u0173, kuriuos laikome bepro\u010diais. Romano herojai tokie tikri, kad skaitydama gird\u0117jau juos kalban\u010dius savo virtuv\u0117je. Buvo nejauku, o kartais \u2013 be galo juokinga. Lietuvi\u0173 literat\u016broje ligi \u0161iol nebuvo nieko pana\u0161aus.\"  Akvil\u0117 Kavaliauskait\u0117  \u201eEsu i\u0161 t\u0173, kuriems kai kurie dalykai absoliu\u010diai ai\u0161k\u016bs ir n\u0117ra jokios alternatyvios nuomon\u0117s. Visgi skaitydama \u0161i\u0105 knyg\u0105 pagavau save kiek suabejojusi\u0105 tuo, kad \u017dem\u0117 yra apvali.\"  Ingrida \u0160imonyt\u0117  \u201eTai knyga, kuri kelia \u0161iandienos \u017emogui svarbius egzistencinius klausimus apie prasm\u0119, o \u201e\u012fkalt\u0173\" ties\u0173 kvestionavimas, naivus ir snobi\u0161kas heroj\u0173 mai\u0161tas duoda impuls\u0105 perm\u0105styti, ar visos tiesos, kuriomis tikime, yra nepajudinamos. Aktualu ir nauja lietuvi\u0161k\u0173 knyg\u0173 lentynoje. Moderni kalba ir geras skonis.\"  Saulius Urbonavi\u010dius-Samas  \u201eSkaitydamas Sfer\u0105 jau\u010diausi, lyg dalyvau\u010diau elitiniame protm\u016b\u0161yje, kur\u012f moderuoja azarti\u0161kas ved\u0117jas, \u017eaidimo eigoje kei\u010diantis ir jo taisykles, o kartais \u2013 ir pa\u010di\u0105 \u017eaidimo prigimt\u012f.\"","og_url":"https:\/\/skaitytaknyga.lt\/en\/produktas\/p-senuta-sfera\/","og_site_name":"Skaitytaknyga","article_publisher":"https:\/\/www.facebook.com\/skaitytaknyga\/","article_modified_time":"2025-07-02T18:38:44+00:00","og_image":[{"width":600,"height":921,"url":"https:\/\/skaitytaknyga.lt\/wp-content\/uploads\/2024\/04\/sfera-senuta.jpg","type":"image\/jpeg"}],"twitter_card":"summary_large_image","schema":{"@context":"https:\/\/schema.org","@graph":[{"@type":"WebPage","@id":"https:\/\/skaitytaknyga.lt\/produktas\/p-senuta-sfera\/","url":"https:\/\/skaitytaknyga.lt\/produktas\/p-senuta-sfera\/","name":"P. Sen\u016bta \u201eSfera\u201c","isPartOf":{"@id":"https:\/\/skaitytaknyga.lt\/#website"},"primaryImageOfPage":{"@id":"https:\/\/skaitytaknyga.lt\/produktas\/p-senuta-sfera\/#primaryimage"},"image":{"@id":"https:\/\/skaitytaknyga.lt\/produktas\/p-senuta-sfera\/#primaryimage"},"thumbnailUrl":"https:\/\/skaitytaknyga.lt\/wp-content\/uploads\/2024\/04\/sfera-senuta.jpg","datePublished":"2024-04-17T13:06:51+00:00","dateModified":"2025-07-02T18:38:44+00:00","description":"\u201eSfera \u2013 tai \u017evilgsnis \u012f protus \u017emoni\u0173, kuriuos laikome bepro\u010diais. Romano herojai tokie tikri, kad skaitydama gird\u0117jau juos kalban\u010dius savo virtuv\u0117je. Buvo nejauku, o kartais \u2013 be galo juokinga. Lietuvi\u0173 literat\u016broje ligi \u0161iol nebuvo nieko pana\u0161aus.\" Akvil\u0117 Kavaliauskait\u0117 \u201eEsu i\u0161 t\u0173, kuriems kai kurie dalykai absoliu\u010diai ai\u0161k\u016bs ir n\u0117ra jokios alternatyvios nuomon\u0117s. Visgi skaitydama \u0161i\u0105 knyg\u0105 pagavau save kiek suabejojusi\u0105 tuo, kad \u017dem\u0117 yra apvali.\" Ingrida \u0160imonyt\u0117 \u201eTai knyga, kuri kelia \u0161iandienos \u017emogui svarbius egzistencinius klausimus apie prasm\u0119, o \u201e\u012fkalt\u0173\" ties\u0173 kvestionavimas, naivus ir snobi\u0161kas heroj\u0173 mai\u0161tas duoda impuls\u0105 perm\u0105styti, ar visos tiesos, kuriomis tikime, yra nepajudinamos. Aktualu ir nauja lietuvi\u0161k\u0173 knyg\u0173 lentynoje. Moderni kalba ir geras skonis.\" Saulius Urbonavi\u010dius-Samas \u201eSkaitydamas Sfer\u0105 jau\u010diausi, lyg dalyvau\u010diau elitiniame protm\u016b\u0161yje, kur\u012f moderuoja azarti\u0161kas ved\u0117jas, \u017eaidimo eigoje kei\u010diantis ir jo taisykles, o kartais \u2013 ir pa\u010di\u0105 \u017eaidimo prigimt\u012f.\"","breadcrumb":{"@id":"https:\/\/skaitytaknyga.lt\/produktas\/p-senuta-sfera\/#breadcrumb"},"inLanguage":"en-GB","potentialAction":[{"@type":"ReadAction","target":["https:\/\/skaitytaknyga.lt\/produktas\/p-senuta-sfera\/"]}]},{"@type":"ImageObject","inLanguage":"en-GB","@id":"https:\/\/skaitytaknyga.lt\/produktas\/p-senuta-sfera\/#primaryimage","url":"https:\/\/skaitytaknyga.lt\/wp-content\/uploads\/2024\/04\/sfera-senuta.jpg","contentUrl":"https:\/\/skaitytaknyga.lt\/wp-content\/uploads\/2024\/04\/sfera-senuta.jpg","width":600,"height":921,"caption":"sfera senuta"},{"@type":"BreadcrumbList","@id":"https:\/\/skaitytaknyga.lt\/produktas\/p-senuta-sfera\/#breadcrumb","itemListElement":[{"@type":"ListItem","position":1,"name":"Home","item":"https:\/\/skaitytaknyga.lt\/"},{"@type":"ListItem","position":2,"name":"Parduotuv\u0117","item":"https:\/\/skaitytaknyga.lt\/knygu-parduotuve\/"},{"@type":"ListItem","position":3,"name":"P. Sen\u016bta \u201eSfera\u201c"}]},{"@type":"WebSite","@id":"https:\/\/skaitytaknyga.lt\/#website","url":"https:\/\/skaitytaknyga.lt\/","name":"skaitytaknyga.lt","description":"Skaitytaknyga.lt \u2013 tai ma\u017eas \u0161eimos verslas, kuris prasid\u0117jo nuo meil\u0117s knygoms ir siekio i\u0161gelb\u0117ti knygas nuo likimo prie konteinerio. Kas vienam nereikalingas daiktas \u2013 kitam lobis, o mes esame tarpininkai, kurie padeda abiems tapti laimingesniems ???? \u017dinome kaip nelengva i\u0161gyventi ma\u017eiems verslams, tad nuo \u0161iol, \u010dia rasite ir kit\u0173, ma\u017e\u0173 \u0161eim\u0173 versl\u0173, rank\u0173 darbo, dovan\u0173 sau ir artimiesiems.","publisher":{"@id":"https:\/\/skaitytaknyga.lt\/#organization"},"potentialAction":[{"@type":"SearchAction","target":{"@type":"EntryPoint","urlTemplate":"https:\/\/skaitytaknyga.lt\/?s={search_term_string}"},"query-input":{"@type":"PropertyValueSpecification","valueRequired":true,"valueName":"search_term_string"}}],"inLanguage":"en-GB"},{"@type":"Organization","@id":"https:\/\/skaitytaknyga.lt\/#organization","name":"skaitytaknyga.lt","url":"https:\/\/skaitytaknyga.lt\/","logo":{"@type":"ImageObject","inLanguage":"en-GB","@id":"https:\/\/skaitytaknyga.lt\/#\/schema\/logo\/image\/","url":"https:\/\/skaitytaknyga.lt\/wp-content\/uploads\/2024\/05\/cropped-cropped-cropped-02_00843_jt3bggkj1j3HLc7SyY6rEUpg.jpeg","contentUrl":"https:\/\/skaitytaknyga.lt\/wp-content\/uploads\/2024\/05\/cropped-cropped-cropped-02_00843_jt3bggkj1j3HLc7SyY6rEUpg.jpeg","width":1600,"height":1600,"caption":"skaitytaknyga.lt"},"image":{"@id":"https:\/\/skaitytaknyga.lt\/#\/schema\/logo\/image\/"},"sameAs":["https:\/\/www.facebook.com\/skaitytaknyga\/"]}]}},"_links":{"self":[{"href":"https:\/\/skaitytaknyga.lt\/en\/wp-json\/wp\/v2\/product\/2262","targetHints":{"allow":["GET"]}}],"collection":[{"href":"https:\/\/skaitytaknyga.lt\/en\/wp-json\/wp\/v2\/product"}],"about":[{"href":"https:\/\/skaitytaknyga.lt\/en\/wp-json\/wp\/v2\/types\/product"}],"replies":[{"embeddable":true,"href":"https:\/\/skaitytaknyga.lt\/en\/wp-json\/wp\/v2\/comments?post=2262"}],"wp:featuredmedia":[{"embeddable":true,"href":"https:\/\/skaitytaknyga.lt\/en\/wp-json\/wp\/v2\/media\/2311"}],"wp:attachment":[{"href":"https:\/\/skaitytaknyga.lt\/en\/wp-json\/wp\/v2\/media?parent=2262"}],"wp:term":[{"taxonomy":"product_brand","embeddable":true,"href":"https:\/\/skaitytaknyga.lt\/en\/wp-json\/wp\/v2\/product_brand?post=2262"},{"taxonomy":"product_cat","embeddable":true,"href":"https:\/\/skaitytaknyga.lt\/en\/wp-json\/wp\/v2\/product_cat?post=2262"},{"taxonomy":"product_tag","embeddable":true,"href":"https:\/\/skaitytaknyga.lt\/en\/wp-json\/wp\/v2\/product_tag?post=2262"}],"curies":[{"name":"wp","href":"https:\/\/api.w.org\/{rel}","templated":true}]}}