{"id":22613,"date":"2026-01-02T21:29:20","date_gmt":"2026-01-02T19:29:20","guid":{"rendered":"https:\/\/skaitytaknyga.lt\/?post_type=product&#038;p=22613"},"modified":"2026-02-26T09:56:14","modified_gmt":"2026-02-26T07:56:14","slug":"kelmes-dekanato-baznycios-ir-vienuolynai","status":"publish","type":"product","link":"https:\/\/skaitytaknyga.lt\/en\/produktas\/kelmes-dekanato-baznycios-ir-vienuolynai\/","title":{"rendered":"Kelm\u0117s dekanato ba\u017eny\u010dios ir vienuolynai"},"content":{"rendered":"<p>Leidinyje istoriniu ir meniniu aspektu pristatyti Kelm\u0117s dekanate esantys 24 ba\u017eny\u010di\u0173 ir vienuolyn\u0173 ansambliai, kuri\u0173 did\u017eioji dalis yra veikiantys, aptariami ir baigiantys nykti arba sunaikinti paminklai, apra\u0161oma kadaise garsi\u0173, bet XIX a. carin\u0117s vald\u017eios u\u017edaryt\u0173 , o kartais ir visi\u0161kai sunaikint\u0173 vienuolyn\u0173 kult\u016brin\u0117 veikla., taip pat supa\u017eindinama su i\u0161kilusiu nauju Palendri\u0173 benedektin\u0173 vienuolynu.<\/p>\n","protected":false},"excerpt":{"rendered":"<p>Leidinyje istoriniu ir meniniu aspektu pristatyti Kelm\u0117s dekanate esantys 24 ba\u017eny\u010di\u0173 ir vienuolyn\u0173 ansambliai, kuri\u0173 did\u017eioji dalis yra veikiantys, aptariami ir baigiantys nykti arba sunaikinti paminklai, apra\u0161oma kadaise garsi\u0173, bet XIX a. carin\u0117s vald\u017eios u\u017edaryt\u0173 , o kartais ir visi\u0161kai sunaikint\u0173 vienuolyn\u0173 kult\u016brin\u0117 veikla., taip pat supa\u017eindinama su i\u0161kilusiu nauju Palendri\u0173 benedektin\u0173 vienuolynu.<\/p>\n","protected":false},"featured_media":22618,"comment_status":"open","ping_status":"closed","template":"","meta":{"_acf_changed":false,"site-sidebar-layout":"default","site-content-layout":"","ast-site-content-layout":"default","site-content-style":"default","site-sidebar-style":"default","ast-global-header-display":"","ast-banner-title-visibility":"","ast-main-header-display":"","ast-hfb-above-header-display":"","ast-hfb-below-header-display":"","ast-hfb-mobile-header-display":"","site-post-title":"","ast-breadcrumbs-content":"","ast-featured-img":"","footer-sml-layout":"","ast-disable-related-posts":"","theme-transparent-header-meta":"","adv-header-id-meta":"","stick-header-meta":"","header-above-stick-meta":"","header-main-stick-meta":"","header-below-stick-meta":"","astra-migrate-meta-layouts":"default","ast-page-background-enabled":"default","ast-page-background-meta":{"desktop":{"background-color":"","background-image":"","background-repeat":"repeat","background-position":"center center","background-size":"auto","background-attachment":"scroll","background-type":"","background-media":"","overlay-type":"","overlay-color":"","overlay-opacity":"","overlay-gradient":""},"tablet":{"background-color":"","background-image":"","background-repeat":"repeat","background-position":"center center","background-size":"auto","background-attachment":"scroll","background-type":"","background-media":"","overlay-type":"","overlay-color":"","overlay-opacity":"","overlay-gradient":""},"mobile":{"background-color":"","background-image":"","background-repeat":"repeat","background-position":"center center","background-size":"auto","background-attachment":"scroll","background-type":"","background-media":"","overlay-type":"","overlay-color":"","overlay-opacity":"","overlay-gradient":""}},"ast-content-background-meta":{"desktop":{"background-color":"var(--ast-global-color-4)","background-image":"","background-repeat":"repeat","background-position":"center center","background-size":"auto","background-attachment":"scroll","background-type":"","background-media":"","overlay-type":"","overlay-color":"","overlay-opacity":"","overlay-gradient":""},"tablet":{"background-color":"var(--ast-global-color-4)","background-image":"","background-repeat":"repeat","background-position":"center center","background-size":"auto","background-attachment":"scroll","background-type":"","background-media":"","overlay-type":"","overlay-color":"","overlay-opacity":"","overlay-gradient":""},"mobile":{"background-color":"var(--ast-global-color-4)","background-image":"","background-repeat":"repeat","background-position":"center center","background-size":"auto","background-attachment":"scroll","background-type":"","background-media":"","overlay-type":"","overlay-color":"","overlay-opacity":"","overlay-gradient":""}}},"product_brand":[],"product_cat":[174],"product_tag":[],"class_list":{"0":"post-22613","1":"product","2":"type-product","3":"status-publish","4":"has-post-thumbnail","6":"product_cat-istorija-ir-politologija","7":"desktop-align-left","8":"tablet-align-left","9":"mobile-align-left","11":"first","12":"instock","13":"shipping-taxable","14":"purchasable","15":"product-type-simple"},"acf":[],"yoast_head":"<!-- This site is optimized with the Yoast SEO plugin v27.0 - https:\/\/yoast.com\/product\/yoast-seo-wordpress\/ -->\n<title>Kelm\u0117s dekanato ba\u017eny\u010dios ir vienuolynai<\/title>\n<meta name=\"description\" content=\"Leidinyje istoriniu ir meniniu aspektu pristatyti Kelm\u0117s dekanate esantys 24 ba\u017eny\u010di\u0173 ir vienuolyn\u0173 ansambliai, kuri\u0173 did\u017eioji dalis yra veikiantys,\" \/>\n<meta name=\"robots\" content=\"index, follow, max-snippet:-1, max-image-preview:large, max-video-preview:-1\" \/>\n<link rel=\"canonical\" href=\"https:\/\/skaitytaknyga.lt\/en\/produktas\/kelmes-dekanato-baznycios-ir-vienuolynai\/\" \/>\n<meta property=\"og:locale\" content=\"en_GB\" \/>\n<meta property=\"og:locale:alternate\" content=\"lt_LT\" \/>\n<meta property=\"og:type\" content=\"article\" \/>\n<meta property=\"og:title\" content=\"Kelm\u0117s dekanato ba\u017eny\u010dios ir vienuolynai\" \/>\n<meta property=\"og:description\" content=\"Leidinyje istoriniu ir meniniu aspektu pristatyti Kelm\u0117s dekanate esantys 24 ba\u017eny\u010di\u0173 ir vienuolyn\u0173 ansambliai, kuri\u0173 did\u017eioji dalis yra veikiantys,\" \/>\n<meta property=\"og:url\" content=\"https:\/\/skaitytaknyga.lt\/en\/produktas\/kelmes-dekanato-baznycios-ir-vienuolynai\/\" \/>\n<meta property=\"og:site_name\" content=\"Skaitytaknyga\" \/>\n<meta property=\"article:publisher\" content=\"https:\/\/www.facebook.com\/skaitytaknyga\/\" \/>\n<meta property=\"article:modified_time\" content=\"2026-02-26T07:56:14+00:00\" \/>\n<meta property=\"og:image\" content=\"https:\/\/skaitytaknyga.lt\/wp-content\/uploads\/2026\/01\/Kelmes-dekanato-baznycios-ir-vienuolynai-2.webp\" \/>\n\t<meta property=\"og:image:width\" content=\"300\" \/>\n\t<meta property=\"og:image:height\" content=\"388\" \/>\n\t<meta property=\"og:image:type\" content=\"image\/webp\" \/>\n<meta name=\"twitter:card\" content=\"summary_large_image\" \/>\n<script type=\"application\/ld+json\" class=\"yoast-schema-graph\">{\"@context\":\"https:\/\/schema.org\",\"@graph\":[{\"@type\":\"WebPage\",\"@id\":\"https:\/\/skaitytaknyga.lt\/produktas\/kelmes-dekanato-baznycios-ir-vienuolynai\/\",\"url\":\"https:\/\/skaitytaknyga.lt\/produktas\/kelmes-dekanato-baznycios-ir-vienuolynai\/\",\"name\":\"Kelm\u0117s dekanato ba\u017eny\u010dios ir vienuolynai\",\"isPartOf\":{\"@id\":\"https:\/\/skaitytaknyga.lt\/#website\"},\"primaryImageOfPage\":{\"@id\":\"https:\/\/skaitytaknyga.lt\/produktas\/kelmes-dekanato-baznycios-ir-vienuolynai\/#primaryimage\"},\"image\":{\"@id\":\"https:\/\/skaitytaknyga.lt\/produktas\/kelmes-dekanato-baznycios-ir-vienuolynai\/#primaryimage\"},\"thumbnailUrl\":\"https:\/\/skaitytaknyga.lt\/wp-content\/uploads\/2026\/01\/Kelmes-dekanato-baznycios-ir-vienuolynai-2.webp\",\"datePublished\":\"2026-01-02T19:29:20+00:00\",\"dateModified\":\"2026-02-26T07:56:14+00:00\",\"description\":\"Leidinyje istoriniu ir meniniu aspektu pristatyti Kelm\u0117s dekanate esantys 24 ba\u017eny\u010di\u0173 ir vienuolyn\u0173 ansambliai, kuri\u0173 did\u017eioji dalis yra veikiantys,\",\"breadcrumb\":{\"@id\":\"https:\/\/skaitytaknyga.lt\/produktas\/kelmes-dekanato-baznycios-ir-vienuolynai\/#breadcrumb\"},\"inLanguage\":\"en-GB\",\"potentialAction\":[{\"@type\":\"ReadAction\",\"target\":[\"https:\/\/skaitytaknyga.lt\/produktas\/kelmes-dekanato-baznycios-ir-vienuolynai\/\"]}]},{\"@type\":\"ImageObject\",\"inLanguage\":\"en-GB\",\"@id\":\"https:\/\/skaitytaknyga.lt\/produktas\/kelmes-dekanato-baznycios-ir-vienuolynai\/#primaryimage\",\"url\":\"https:\/\/skaitytaknyga.lt\/wp-content\/uploads\/2026\/01\/Kelmes-dekanato-baznycios-ir-vienuolynai-2.webp\",\"contentUrl\":\"https:\/\/skaitytaknyga.lt\/wp-content\/uploads\/2026\/01\/Kelmes-dekanato-baznycios-ir-vienuolynai-2.webp\",\"width\":300,\"height\":388,\"caption\":\"Kelm\u0117s dekanato ba\u017eny\u010dios ir vienuolynai\"},{\"@type\":\"BreadcrumbList\",\"@id\":\"https:\/\/skaitytaknyga.lt\/produktas\/kelmes-dekanato-baznycios-ir-vienuolynai\/#breadcrumb\",\"itemListElement\":[{\"@type\":\"ListItem\",\"position\":1,\"name\":\"Home\",\"item\":\"https:\/\/skaitytaknyga.lt\/\"},{\"@type\":\"ListItem\",\"position\":2,\"name\":\"Parduotuv\u0117\",\"item\":\"https:\/\/skaitytaknyga.lt\/knygu-parduotuve\/\"},{\"@type\":\"ListItem\",\"position\":3,\"name\":\"Kelm\u0117s dekanato ba\u017eny\u010dios ir vienuolynai\"}]},{\"@type\":\"WebSite\",\"@id\":\"https:\/\/skaitytaknyga.lt\/#website\",\"url\":\"https:\/\/skaitytaknyga.lt\/\",\"name\":\"skaitytaknyga.lt\",\"description\":\"Skaitytaknyga.lt \u2013 tai ma\u017eas \u0161eimos verslas, kuris prasid\u0117jo nuo meil\u0117s knygoms ir siekio i\u0161gelb\u0117ti knygas nuo likimo prie konteinerio. Kas vienam nereikalingas daiktas \u2013 kitam lobis, o mes esame tarpininkai, kurie padeda abiems tapti laimingesniems ???? \u017dinome kaip nelengva i\u0161gyventi ma\u017eiems verslams, tad nuo \u0161iol, \u010dia rasite ir kit\u0173, ma\u017e\u0173 \u0161eim\u0173 versl\u0173, rank\u0173 darbo, dovan\u0173 sau ir artimiesiems.\",\"publisher\":{\"@id\":\"https:\/\/skaitytaknyga.lt\/#organization\"},\"potentialAction\":[{\"@type\":\"SearchAction\",\"target\":{\"@type\":\"EntryPoint\",\"urlTemplate\":\"https:\/\/skaitytaknyga.lt\/?s={search_term_string}\"},\"query-input\":{\"@type\":\"PropertyValueSpecification\",\"valueRequired\":true,\"valueName\":\"search_term_string\"}}],\"inLanguage\":\"en-GB\"},{\"@type\":\"Organization\",\"@id\":\"https:\/\/skaitytaknyga.lt\/#organization\",\"name\":\"skaitytaknyga.lt\",\"url\":\"https:\/\/skaitytaknyga.lt\/\",\"logo\":{\"@type\":\"ImageObject\",\"inLanguage\":\"en-GB\",\"@id\":\"https:\/\/skaitytaknyga.lt\/#\/schema\/logo\/image\/\",\"url\":\"https:\/\/skaitytaknyga.lt\/wp-content\/uploads\/2024\/05\/cropped-cropped-cropped-02_00843_jt3bggkj1j3HLc7SyY6rEUpg.jpeg\",\"contentUrl\":\"https:\/\/skaitytaknyga.lt\/wp-content\/uploads\/2024\/05\/cropped-cropped-cropped-02_00843_jt3bggkj1j3HLc7SyY6rEUpg.jpeg\",\"width\":1600,\"height\":1600,\"caption\":\"skaitytaknyga.lt\"},\"image\":{\"@id\":\"https:\/\/skaitytaknyga.lt\/#\/schema\/logo\/image\/\"},\"sameAs\":[\"https:\/\/www.facebook.com\/skaitytaknyga\/\"]}]}<\/script>\n<!-- \/ Yoast SEO plugin. -->","yoast_head_json":{"title":"Kelm\u0117s dekanato ba\u017eny\u010dios ir vienuolynai","description":"Leidinyje istoriniu ir meniniu aspektu pristatyti Kelm\u0117s dekanate esantys 24 ba\u017eny\u010di\u0173 ir vienuolyn\u0173 ansambliai, kuri\u0173 did\u017eioji dalis yra veikiantys,","robots":{"index":"index","follow":"follow","max-snippet":"max-snippet:-1","max-image-preview":"max-image-preview:large","max-video-preview":"max-video-preview:-1"},"canonical":"https:\/\/skaitytaknyga.lt\/en\/produktas\/kelmes-dekanato-baznycios-ir-vienuolynai\/","og_locale":"en_GB","og_type":"article","og_title":"[:lt]Kelm\u0117s dekanato ba\u017eny\u010dios ir vienuolynai[:] - Skaitytaknyga","og_description":"Leidinyje istoriniu ir meniniu aspektu pristatyti Kelm\u0117s dekanate esantys 24 ba\u017eny\u010di\u0173 ir vienuolyn\u0173 ansambliai, kuri\u0173 did\u017eioji dalis yra veikiantys,","og_url":"https:\/\/skaitytaknyga.lt\/en\/produktas\/kelmes-dekanato-baznycios-ir-vienuolynai\/","og_site_name":"Skaitytaknyga","article_publisher":"https:\/\/www.facebook.com\/skaitytaknyga\/","article_modified_time":"2026-02-26T07:56:14+00:00","og_image":[{"width":300,"height":388,"url":"https:\/\/skaitytaknyga.lt\/wp-content\/uploads\/2026\/01\/Kelmes-dekanato-baznycios-ir-vienuolynai-2.webp","type":"image\/webp"}],"twitter_card":"summary_large_image","schema":{"@context":"https:\/\/schema.org","@graph":[{"@type":"WebPage","@id":"https:\/\/skaitytaknyga.lt\/produktas\/kelmes-dekanato-baznycios-ir-vienuolynai\/","url":"https:\/\/skaitytaknyga.lt\/produktas\/kelmes-dekanato-baznycios-ir-vienuolynai\/","name":"Kelm\u0117s dekanato ba\u017eny\u010dios ir vienuolynai","isPartOf":{"@id":"https:\/\/skaitytaknyga.lt\/#website"},"primaryImageOfPage":{"@id":"https:\/\/skaitytaknyga.lt\/produktas\/kelmes-dekanato-baznycios-ir-vienuolynai\/#primaryimage"},"image":{"@id":"https:\/\/skaitytaknyga.lt\/produktas\/kelmes-dekanato-baznycios-ir-vienuolynai\/#primaryimage"},"thumbnailUrl":"https:\/\/skaitytaknyga.lt\/wp-content\/uploads\/2026\/01\/Kelmes-dekanato-baznycios-ir-vienuolynai-2.webp","datePublished":"2026-01-02T19:29:20+00:00","dateModified":"2026-02-26T07:56:14+00:00","description":"Leidinyje istoriniu ir meniniu aspektu pristatyti Kelm\u0117s dekanate esantys 24 ba\u017eny\u010di\u0173 ir vienuolyn\u0173 ansambliai, kuri\u0173 did\u017eioji dalis yra veikiantys,","breadcrumb":{"@id":"https:\/\/skaitytaknyga.lt\/produktas\/kelmes-dekanato-baznycios-ir-vienuolynai\/#breadcrumb"},"inLanguage":"en-GB","potentialAction":[{"@type":"ReadAction","target":["https:\/\/skaitytaknyga.lt\/produktas\/kelmes-dekanato-baznycios-ir-vienuolynai\/"]}]},{"@type":"ImageObject","inLanguage":"en-GB","@id":"https:\/\/skaitytaknyga.lt\/produktas\/kelmes-dekanato-baznycios-ir-vienuolynai\/#primaryimage","url":"https:\/\/skaitytaknyga.lt\/wp-content\/uploads\/2026\/01\/Kelmes-dekanato-baznycios-ir-vienuolynai-2.webp","contentUrl":"https:\/\/skaitytaknyga.lt\/wp-content\/uploads\/2026\/01\/Kelmes-dekanato-baznycios-ir-vienuolynai-2.webp","width":300,"height":388,"caption":"Kelm\u0117s dekanato ba\u017eny\u010dios ir vienuolynai"},{"@type":"BreadcrumbList","@id":"https:\/\/skaitytaknyga.lt\/produktas\/kelmes-dekanato-baznycios-ir-vienuolynai\/#breadcrumb","itemListElement":[{"@type":"ListItem","position":1,"name":"Home","item":"https:\/\/skaitytaknyga.lt\/"},{"@type":"ListItem","position":2,"name":"Parduotuv\u0117","item":"https:\/\/skaitytaknyga.lt\/knygu-parduotuve\/"},{"@type":"ListItem","position":3,"name":"Kelm\u0117s dekanato ba\u017eny\u010dios ir vienuolynai"}]},{"@type":"WebSite","@id":"https:\/\/skaitytaknyga.lt\/#website","url":"https:\/\/skaitytaknyga.lt\/","name":"skaitytaknyga.lt","description":"Skaitytaknyga.lt \u2013 tai ma\u017eas \u0161eimos verslas, kuris prasid\u0117jo nuo meil\u0117s knygoms ir siekio i\u0161gelb\u0117ti knygas nuo likimo prie konteinerio. Kas vienam nereikalingas daiktas \u2013 kitam lobis, o mes esame tarpininkai, kurie padeda abiems tapti laimingesniems ???? \u017dinome kaip nelengva i\u0161gyventi ma\u017eiems verslams, tad nuo \u0161iol, \u010dia rasite ir kit\u0173, ma\u017e\u0173 \u0161eim\u0173 versl\u0173, rank\u0173 darbo, dovan\u0173 sau ir artimiesiems.","publisher":{"@id":"https:\/\/skaitytaknyga.lt\/#organization"},"potentialAction":[{"@type":"SearchAction","target":{"@type":"EntryPoint","urlTemplate":"https:\/\/skaitytaknyga.lt\/?s={search_term_string}"},"query-input":{"@type":"PropertyValueSpecification","valueRequired":true,"valueName":"search_term_string"}}],"inLanguage":"en-GB"},{"@type":"Organization","@id":"https:\/\/skaitytaknyga.lt\/#organization","name":"skaitytaknyga.lt","url":"https:\/\/skaitytaknyga.lt\/","logo":{"@type":"ImageObject","inLanguage":"en-GB","@id":"https:\/\/skaitytaknyga.lt\/#\/schema\/logo\/image\/","url":"https:\/\/skaitytaknyga.lt\/wp-content\/uploads\/2024\/05\/cropped-cropped-cropped-02_00843_jt3bggkj1j3HLc7SyY6rEUpg.jpeg","contentUrl":"https:\/\/skaitytaknyga.lt\/wp-content\/uploads\/2024\/05\/cropped-cropped-cropped-02_00843_jt3bggkj1j3HLc7SyY6rEUpg.jpeg","width":1600,"height":1600,"caption":"skaitytaknyga.lt"},"image":{"@id":"https:\/\/skaitytaknyga.lt\/#\/schema\/logo\/image\/"},"sameAs":["https:\/\/www.facebook.com\/skaitytaknyga\/"]}]}},"_links":{"self":[{"href":"https:\/\/skaitytaknyga.lt\/en\/wp-json\/wp\/v2\/product\/22613","targetHints":{"allow":["GET"]}}],"collection":[{"href":"https:\/\/skaitytaknyga.lt\/en\/wp-json\/wp\/v2\/product"}],"about":[{"href":"https:\/\/skaitytaknyga.lt\/en\/wp-json\/wp\/v2\/types\/product"}],"replies":[{"embeddable":true,"href":"https:\/\/skaitytaknyga.lt\/en\/wp-json\/wp\/v2\/comments?post=22613"}],"wp:featuredmedia":[{"embeddable":true,"href":"https:\/\/skaitytaknyga.lt\/en\/wp-json\/wp\/v2\/media\/22618"}],"wp:attachment":[{"href":"https:\/\/skaitytaknyga.lt\/en\/wp-json\/wp\/v2\/media?parent=22613"}],"wp:term":[{"taxonomy":"product_brand","embeddable":true,"href":"https:\/\/skaitytaknyga.lt\/en\/wp-json\/wp\/v2\/product_brand?post=22613"},{"taxonomy":"product_cat","embeddable":true,"href":"https:\/\/skaitytaknyga.lt\/en\/wp-json\/wp\/v2\/product_cat?post=22613"},{"taxonomy":"product_tag","embeddable":true,"href":"https:\/\/skaitytaknyga.lt\/en\/wp-json\/wp\/v2\/product_tag?post=22613"}],"curies":[{"name":"wp","href":"https:\/\/api.w.org\/{rel}","templated":true}]}}