{"id":22611,"date":"2026-01-02T21:29:19","date_gmt":"2026-01-02T19:29:19","guid":{"rendered":"https:\/\/skaitytaknyga.lt\/?post_type=product&#038;p=22611"},"modified":"2026-02-26T10:05:55","modified_gmt":"2026-02-26T08:05:55","slug":"kaip-bendrauti-su-ziniasklaida","status":"publish","type":"product","link":"https:\/\/skaitytaknyga.lt\/en\/produktas\/kaip-bendrauti-su-ziniasklaida\/","title":{"rendered":"Kaip bendrauti su \u017einiasklaida"},"content":{"rendered":"<p>Dr. \u017dygintas Pe\u010diulis \u2013 Vilniaus universiteto Komunikacijos fakulteto \u017durnalistikos instituto profesorius, d\u0117sto medij\u0173, masin\u0117s komunikacijos, \u017eurnalistikos istorijos ir teorijos dalykus.<\/p>\n<p>Susipa\u017einkime. Esu \u017eurnalistas. Dirbau spaudoje, radijuje, televizijoje. \u0160tai jau ketvirt\u012f am\u017eiaus b\u016bsimiems \u017eurnalistams Vilniaus universitete d\u0117stau \u017einiasklaidos istorijos, teorijos ir praktikos dalykus. Dar viena mano pom\u0117gi\u0173 sritis \u2013 vie\u0161oji komunikacija.<\/p>\n<p>\u012evairiuose universitetuose d\u0117stau \u201eEfektyvios komunikacijos\u201c, \u201e\u012evaizd\u017eio vadybos\u201c, \u201eTiesioginio eterio\u201c, \u201e\u012evairiaterp\u0117s rai\u0161kos\u201c disciplinas. Rengiu seminarus \u201eKaip bendrauti su \u017einiasklaida\u201c politikams, valstyb\u0117s tarnautojams.<\/p>\n<p>Seniai kirb\u0117jo noras para\u0161yti \u0161i\u0105 knyg\u0105. Kod\u0117l? S\u0117kmingas dialogas b\u016bna tada, kai pasirengusios abi komunikuojan\u010dios pus\u0117s. \u017diniasklaidos atveju \u2013 j\u016bs ir \u017eurnalistas. Abiej\u0173 tikslas yra tas pats \u2013 informuoti visuomen\u0119. Jeigu ir nepavyks susidraugauti su \u017eurnalistu, privalote tapti komunikacijos partneriais.<\/p>\n<p>Nor\u0117\u010diau, kad profesionaliai pasireng\u0119s \u017eurnalistas sutikt\u0173 jus, tam tikros srities \u017einov\u0105, ekspert\u0105, gebant\u012f kalb\u0117ti suprantamai, vaizd\u017eiai, \u012fsimintinai. Toks komunikacijos profesional\u0173 duetas \u2013 tikra palaima \u017einiasklaidos auditorijai, laukian\u010diai naujien\u0173, patarim\u0173, pramogos.<\/p>\n<p>\u0160i knyga skiriama visiems, kam tenka (ar gali tekti) bendrauti su \u017einiasklaida: duoti spaudos interviu, dalyvauti radijo ar televizijos laidose. Knyga pravers studijuojantiesiems vie\u0161\u0105j\u0105 komunikacij\u0105 ir visiems, kurie nori geriau perprasti \u017einiasklaid\u0105 ir \u017eurnalistik\u0105, geb\u0117ti suvokti jos turin\u012f.<\/p>\n<p>K\u0105 rasite \u0161ioje knygoje?<br \/>\nPirmame skyriuje susipa\u017einsite su \u017einiasklaidos virtuve, su\u017einosite \u017eurnalisto profesijos paslap\u010di\u0173. \u010cia paai\u0161k\u0117s, koks vaidmuo \u017einiasklaidoje gali tekti jums.<\/p>\n<p>Antrame skyriuje kalb\u0117sime apie mus u\u017evaldan\u010dius baim\u0119, nerim\u0105 ir b\u016bdus, kaip juos prisijaukinti, neutralizuoti, priversti tarnauti mums.<\/p>\n<p>Tre\u010diame skyriuje aptarsime, kaip ramiai ir metodi\u0161kai rengtis b\u016bsimam susitikimui su \u017eurnalistu.<\/p>\n<p>Ketvirtame skyriuje pateikti patarimai, kaip komunikuoti visais turimais kanalais ir tapti \u012ftaigiam.<\/p>\n<p>Penktas skyrius skirtas interviu ir diskusijai \u2013 populiariausiems \u017einiasklaidos \u017eanrams.<\/p>\n<p>Knygoje rasite pratim\u0173, praktini\u0173 patarim\u0173, pavyzd\u017ei\u0173. O kiekvieno skyriaus pabaigoje \u2013 atsakymus \u012f jums r\u016bpimus klausimus.<\/p>\n<p>Vis dar abejojate? Sakote \u2013 toki\u0173 knyg\u0173 daug. Netiesa. Knygos, skirtos bendravimo su \u017einiasklaida \u012fg\u016bd\u017eiams ugdyti, Lietuvoje dar nebuvo. Knygos, para\u0161ytos \u017eurnalistikos praktiko ir komunikacijos teoretiko viename asmenyje \u2013 taip pat nebuvo. Dar nebuvo lietuvi\u0161kos knygos, taip gausiai praturtintos frankofoni\u0161ka patirtimi (pranc\u016bzi\u0161ka, belgi\u0161ka, kanadieti\u0161ka, \u0161veicari\u0161ka). \u017dvilgtel\u0117kite \u012f literat\u016bros s\u0105ra\u0161\u0105. Manau, kad tai \u2013 prana\u0161umas. Juk, kaip sakoma, rusenom rusenom ir suangl\u0117jom&#8230;<\/p>\n<p>Metas atsiversti knyg\u0105. Kviesdamas malonaus skaitymo, palink\u0117siu to, k\u0105 paprastai sakau bendravimo su \u017einiasklaida seminar\u0173 pabaigoje. Nuo\u0161ird\u017eiai d\u017eiaugsiuosi spaudoje perskait\u0119s j\u016bs\u0173 \u0161maik\u0161\u010di\u0105 citat\u0105, radijo ar televizijos laidoje i\u0161gird\u0119s analogij\u0105 ar \u012fsimintin\u0105 istorij\u0105. Suprasiu, kad man \u0161ios knygos ra\u0161ymas, o jums skaitymas nenu\u0117jo veltui.<br \/>\nLinkiu kuo geriausios kloties.<br \/>\n\u017dygintas Pe\u010diulis<\/p>\n","protected":false},"excerpt":{"rendered":"<p>Dr. \u017dygintas Pe\u010diulis \u2013 Vilniaus universiteto Komunikacijos fakulteto \u017durnalistikos instituto profesorius, d\u0117sto medij\u0173, masin\u0117s komunikacijos, \u017eurnalistikos istorijos ir teorijos dalykus. Susipa\u017einkime. Esu \u017eurnalistas. Dirbau spaudoje, radijuje, televizijoje. \u0160tai jau ketvirt\u012f am\u017eiaus b\u016bsimiems \u017eurnalistams Vilniaus universitete d\u0117stau \u017einiasklaidos istorijos, teorijos ir praktikos dalykus. Dar viena mano pom\u0117gi\u0173 sritis \u2013 vie\u0161oji komunikacija. \u012evairiuose universitetuose d\u0117stau \u201eEfektyvios komunikacijos\u201c, \u201e\u012evaizd\u017eio vadybos\u201c, \u201eTiesioginio eterio\u201c, \u201e\u012evairiaterp\u0117s rai\u0161kos\u201c disciplinas. Rengiu seminarus \u201eKaip bendrauti su \u017einiasklaida\u201c politikams, valstyb\u0117s tarnautojams. Seniai kirb\u0117jo noras para\u0161yti \u0161i\u0105 knyg\u0105. Kod\u0117l? S\u0117kmingas dialogas b\u016bna tada, kai pasirengusios abi komunikuojan\u010dios pus\u0117s. \u017diniasklaidos atveju \u2013 j\u016bs ir \u017eurnalistas. Abiej\u0173 tikslas yra tas pats \u2013 informuoti visuomen\u0119. Jeigu ir nepavyks susidraugauti su \u017eurnalistu, privalote tapti komunikacijos partneriais. Nor\u0117\u010diau, kad profesionaliai pasireng\u0119s \u017eurnalistas sutikt\u0173 jus, tam tikros srities \u017einov\u0105, ekspert\u0105, gebant\u012f kalb\u0117ti suprantamai, vaizd\u017eiai, \u012fsimintinai. Toks komunikacijos profesional\u0173 duetas \u2013 tikra palaima \u017einiasklaidos auditorijai, laukian\u010diai naujien\u0173, patarim\u0173, pramogos. \u0160i knyga skiriama visiems, kam tenka (ar gali tekti) bendrauti su \u017einiasklaida: duoti spaudos interviu, dalyvauti radijo ar televizijos laidose. Knyga pravers studijuojantiesiems vie\u0161\u0105j\u0105 komunikacij\u0105 ir visiems, kurie nori geriau perprasti \u017einiasklaid\u0105 ir \u017eurnalistik\u0105, geb\u0117ti suvokti jos turin\u012f. K\u0105 rasite \u0161ioje knygoje? Pirmame skyriuje susipa\u017einsite su \u017einiasklaidos virtuve, su\u017einosite \u017eurnalisto profesijos paslap\u010di\u0173. \u010cia paai\u0161k\u0117s, koks vaidmuo \u017einiasklaidoje gali tekti jums. Antrame skyriuje kalb\u0117sime apie mus u\u017evaldan\u010dius baim\u0119, nerim\u0105 ir b\u016bdus, kaip juos prisijaukinti, neutralizuoti, priversti tarnauti mums. Tre\u010diame skyriuje aptarsime, kaip ramiai ir metodi\u0161kai rengtis b\u016bsimam susitikimui su \u017eurnalistu. Ketvirtame skyriuje pateikti patarimai, kaip komunikuoti visais turimais kanalais ir tapti \u012ftaigiam. Penktas skyrius skirtas interviu ir diskusijai \u2013 populiariausiems \u017einiasklaidos \u017eanrams. Knygoje rasite pratim\u0173, praktini\u0173 patarim\u0173, pavyzd\u017ei\u0173. O kiekvieno skyriaus pabaigoje \u2013 atsakymus \u012f jums r\u016bpimus klausimus. Vis dar abejojate? Sakote \u2013 toki\u0173 knyg\u0173 daug. Netiesa. Knygos, skirtos bendravimo su \u017einiasklaida \u012fg\u016bd\u017eiams ugdyti, Lietuvoje dar nebuvo. Knygos, para\u0161ytos \u017eurnalistikos praktiko ir komunikacijos teoretiko viename asmenyje \u2013 taip pat nebuvo. Dar nebuvo lietuvi\u0161kos knygos, taip gausiai praturtintos frankofoni\u0161ka patirtimi (pranc\u016bzi\u0161ka, belgi\u0161ka, kanadieti\u0161ka, \u0161veicari\u0161ka). \u017dvilgtel\u0117kite \u012f literat\u016bros s\u0105ra\u0161\u0105. Manau, kad tai \u2013 prana\u0161umas. Juk, kaip sakoma, rusenom rusenom ir suangl\u0117jom&#8230; Metas atsiversti knyg\u0105. Kviesdamas malonaus skaitymo, palink\u0117siu to, k\u0105 paprastai sakau bendravimo su \u017einiasklaida seminar\u0173 pabaigoje. Nuo\u0161ird\u017eiai d\u017eiaugsiuosi spaudoje perskait\u0119s j\u016bs\u0173 \u0161maik\u0161\u010di\u0105 citat\u0105, radijo ar televizijos laidoje i\u0161gird\u0119s analogij\u0105 ar \u012fsimintin\u0105 istorij\u0105. Suprasiu, kad man \u0161ios knygos ra\u0161ymas, o jums skaitymas nenu\u0117jo veltui. Linkiu kuo geriausios kloties. \u017dygintas Pe\u010diulis<\/p>\n","protected":false},"featured_media":22616,"comment_status":"open","ping_status":"closed","template":"","meta":{"_acf_changed":false,"site-sidebar-layout":"default","site-content-layout":"","ast-site-content-layout":"default","site-content-style":"default","site-sidebar-style":"default","ast-global-header-display":"","ast-banner-title-visibility":"","ast-main-header-display":"","ast-hfb-above-header-display":"","ast-hfb-below-header-display":"","ast-hfb-mobile-header-display":"","site-post-title":"","ast-breadcrumbs-content":"","ast-featured-img":"","footer-sml-layout":"","ast-disable-related-posts":"","theme-transparent-header-meta":"","adv-header-id-meta":"","stick-header-meta":"","header-above-stick-meta":"","header-main-stick-meta":"","header-below-stick-meta":"","astra-migrate-meta-layouts":"default","ast-page-background-enabled":"default","ast-page-background-meta":{"desktop":{"background-color":"","background-image":"","background-repeat":"repeat","background-position":"center center","background-size":"auto","background-attachment":"scroll","background-type":"","background-media":"","overlay-type":"","overlay-color":"","overlay-opacity":"","overlay-gradient":""},"tablet":{"background-color":"","background-image":"","background-repeat":"repeat","background-position":"center center","background-size":"auto","background-attachment":"scroll","background-type":"","background-media":"","overlay-type":"","overlay-color":"","overlay-opacity":"","overlay-gradient":""},"mobile":{"background-color":"","background-image":"","background-repeat":"repeat","background-position":"center center","background-size":"auto","background-attachment":"scroll","background-type":"","background-media":"","overlay-type":"","overlay-color":"","overlay-opacity":"","overlay-gradient":""}},"ast-content-background-meta":{"desktop":{"background-color":"var(--ast-global-color-4)","background-image":"","background-repeat":"repeat","background-position":"center center","background-size":"auto","background-attachment":"scroll","background-type":"","background-media":"","overlay-type":"","overlay-color":"","overlay-opacity":"","overlay-gradient":""},"tablet":{"background-color":"var(--ast-global-color-4)","background-image":"","background-repeat":"repeat","background-position":"center center","background-size":"auto","background-attachment":"scroll","background-type":"","background-media":"","overlay-type":"","overlay-color":"","overlay-opacity":"","overlay-gradient":""},"mobile":{"background-color":"var(--ast-global-color-4)","background-image":"","background-repeat":"repeat","background-position":"center center","background-size":"auto","background-attachment":"scroll","background-type":"","background-media":"","overlay-type":"","overlay-color":"","overlay-opacity":"","overlay-gradient":""}}},"product_brand":[],"product_cat":[26],"product_tag":[],"class_list":{"0":"post-22611","1":"product","2":"type-product","3":"status-publish","4":"has-post-thumbnail","6":"product_cat-verslas-vadyba-ir-finansai","7":"desktop-align-left","8":"tablet-align-left","9":"mobile-align-left","11":"first","12":"instock","13":"shipping-taxable","14":"purchasable","15":"product-type-simple"},"acf":[],"yoast_head":"<!-- This site is optimized with the Yoast SEO plugin v27.0 - https:\/\/yoast.com\/product\/yoast-seo-wordpress\/ -->\n<title>Kaip bendrauti su \u017einiasklaida<\/title>\n<meta name=\"description\" content=\"Dr. \u017dygintas Pe\u010diulis \u2013 Vilniaus universiteto Komunikacijos fakulteto \u017durnalistikos instituto profesorius, d\u0117sto medij\u0173, masin\u0117s komunikacijos,\" \/>\n<meta name=\"robots\" content=\"index, follow, max-snippet:-1, max-image-preview:large, max-video-preview:-1\" \/>\n<link rel=\"canonical\" href=\"https:\/\/skaitytaknyga.lt\/en\/produktas\/kaip-bendrauti-su-ziniasklaida\/\" \/>\n<meta property=\"og:locale\" content=\"en_GB\" \/>\n<meta property=\"og:locale:alternate\" content=\"lt_LT\" \/>\n<meta property=\"og:type\" content=\"article\" \/>\n<meta property=\"og:title\" content=\"Kaip bendrauti su \u017einiasklaida\" \/>\n<meta property=\"og:description\" content=\"Dr. \u017dygintas Pe\u010diulis \u2013 Vilniaus universiteto Komunikacijos fakulteto \u017durnalistikos instituto profesorius, d\u0117sto medij\u0173, masin\u0117s komunikacijos,\" \/>\n<meta property=\"og:url\" content=\"https:\/\/skaitytaknyga.lt\/en\/produktas\/kaip-bendrauti-su-ziniasklaida\/\" \/>\n<meta property=\"og:site_name\" content=\"Skaitytaknyga\" \/>\n<meta property=\"article:publisher\" content=\"https:\/\/www.facebook.com\/skaitytaknyga\/\" \/>\n<meta property=\"article:modified_time\" content=\"2026-02-26T08:05:55+00:00\" \/>\n<meta property=\"og:image\" content=\"https:\/\/skaitytaknyga.lt\/wp-content\/uploads\/2026\/01\/Kaip-bendrauti-su-ziniasklaida-1.webp\" \/>\n\t<meta property=\"og:image:width\" content=\"300\" \/>\n\t<meta property=\"og:image:height\" content=\"474\" \/>\n\t<meta property=\"og:image:type\" content=\"image\/webp\" \/>\n<meta name=\"twitter:card\" content=\"summary_large_image\" \/>\n<meta name=\"twitter:label1\" content=\"Estimated reading time\" \/>\n\t<meta name=\"twitter:data1\" content=\"2 minutes\" \/>\n<script type=\"application\/ld+json\" class=\"yoast-schema-graph\">{\"@context\":\"https:\/\/schema.org\",\"@graph\":[{\"@type\":\"WebPage\",\"@id\":\"https:\/\/skaitytaknyga.lt\/produktas\/kaip-bendrauti-su-ziniasklaida\/\",\"url\":\"https:\/\/skaitytaknyga.lt\/produktas\/kaip-bendrauti-su-ziniasklaida\/\",\"name\":\"Kaip bendrauti su \u017einiasklaida\",\"isPartOf\":{\"@id\":\"https:\/\/skaitytaknyga.lt\/#website\"},\"primaryImageOfPage\":{\"@id\":\"https:\/\/skaitytaknyga.lt\/produktas\/kaip-bendrauti-su-ziniasklaida\/#primaryimage\"},\"image\":{\"@id\":\"https:\/\/skaitytaknyga.lt\/produktas\/kaip-bendrauti-su-ziniasklaida\/#primaryimage\"},\"thumbnailUrl\":\"https:\/\/skaitytaknyga.lt\/wp-content\/uploads\/2026\/01\/Kaip-bendrauti-su-ziniasklaida-1.webp\",\"datePublished\":\"2026-01-02T19:29:19+00:00\",\"dateModified\":\"2026-02-26T08:05:55+00:00\",\"description\":\"Dr. \u017dygintas Pe\u010diulis \u2013 Vilniaus universiteto Komunikacijos fakulteto \u017durnalistikos instituto profesorius, d\u0117sto medij\u0173, masin\u0117s komunikacijos,\",\"breadcrumb\":{\"@id\":\"https:\/\/skaitytaknyga.lt\/produktas\/kaip-bendrauti-su-ziniasklaida\/#breadcrumb\"},\"inLanguage\":\"en-GB\",\"potentialAction\":[{\"@type\":\"ReadAction\",\"target\":[\"https:\/\/skaitytaknyga.lt\/produktas\/kaip-bendrauti-su-ziniasklaida\/\"]}]},{\"@type\":\"ImageObject\",\"inLanguage\":\"en-GB\",\"@id\":\"https:\/\/skaitytaknyga.lt\/produktas\/kaip-bendrauti-su-ziniasklaida\/#primaryimage\",\"url\":\"https:\/\/skaitytaknyga.lt\/wp-content\/uploads\/2026\/01\/Kaip-bendrauti-su-ziniasklaida-1.webp\",\"contentUrl\":\"https:\/\/skaitytaknyga.lt\/wp-content\/uploads\/2026\/01\/Kaip-bendrauti-su-ziniasklaida-1.webp\",\"width\":300,\"height\":474},{\"@type\":\"BreadcrumbList\",\"@id\":\"https:\/\/skaitytaknyga.lt\/produktas\/kaip-bendrauti-su-ziniasklaida\/#breadcrumb\",\"itemListElement\":[{\"@type\":\"ListItem\",\"position\":1,\"name\":\"Home\",\"item\":\"https:\/\/skaitytaknyga.lt\/\"},{\"@type\":\"ListItem\",\"position\":2,\"name\":\"Parduotuv\u0117\",\"item\":\"https:\/\/skaitytaknyga.lt\/knygu-parduotuve\/\"},{\"@type\":\"ListItem\",\"position\":3,\"name\":\"Kaip bendrauti su \u017einiasklaida\"}]},{\"@type\":\"WebSite\",\"@id\":\"https:\/\/skaitytaknyga.lt\/#website\",\"url\":\"https:\/\/skaitytaknyga.lt\/\",\"name\":\"skaitytaknyga.lt\",\"description\":\"Skaitytaknyga.lt \u2013 tai ma\u017eas \u0161eimos verslas, kuris prasid\u0117jo nuo meil\u0117s knygoms ir siekio i\u0161gelb\u0117ti knygas nuo likimo prie konteinerio. Kas vienam nereikalingas daiktas \u2013 kitam lobis, o mes esame tarpininkai, kurie padeda abiems tapti laimingesniems ???? \u017dinome kaip nelengva i\u0161gyventi ma\u017eiems verslams, tad nuo \u0161iol, \u010dia rasite ir kit\u0173, ma\u017e\u0173 \u0161eim\u0173 versl\u0173, rank\u0173 darbo, dovan\u0173 sau ir artimiesiems.\",\"publisher\":{\"@id\":\"https:\/\/skaitytaknyga.lt\/#organization\"},\"potentialAction\":[{\"@type\":\"SearchAction\",\"target\":{\"@type\":\"EntryPoint\",\"urlTemplate\":\"https:\/\/skaitytaknyga.lt\/?s={search_term_string}\"},\"query-input\":{\"@type\":\"PropertyValueSpecification\",\"valueRequired\":true,\"valueName\":\"search_term_string\"}}],\"inLanguage\":\"en-GB\"},{\"@type\":\"Organization\",\"@id\":\"https:\/\/skaitytaknyga.lt\/#organization\",\"name\":\"skaitytaknyga.lt\",\"url\":\"https:\/\/skaitytaknyga.lt\/\",\"logo\":{\"@type\":\"ImageObject\",\"inLanguage\":\"en-GB\",\"@id\":\"https:\/\/skaitytaknyga.lt\/#\/schema\/logo\/image\/\",\"url\":\"https:\/\/skaitytaknyga.lt\/wp-content\/uploads\/2024\/05\/cropped-cropped-cropped-02_00843_jt3bggkj1j3HLc7SyY6rEUpg.jpeg\",\"contentUrl\":\"https:\/\/skaitytaknyga.lt\/wp-content\/uploads\/2024\/05\/cropped-cropped-cropped-02_00843_jt3bggkj1j3HLc7SyY6rEUpg.jpeg\",\"width\":1600,\"height\":1600,\"caption\":\"skaitytaknyga.lt\"},\"image\":{\"@id\":\"https:\/\/skaitytaknyga.lt\/#\/schema\/logo\/image\/\"},\"sameAs\":[\"https:\/\/www.facebook.com\/skaitytaknyga\/\"]}]}<\/script>\n<!-- \/ Yoast SEO plugin. -->","yoast_head_json":{"title":"Kaip bendrauti su \u017einiasklaida","description":"Dr. \u017dygintas Pe\u010diulis \u2013 Vilniaus universiteto Komunikacijos fakulteto \u017durnalistikos instituto profesorius, d\u0117sto medij\u0173, masin\u0117s komunikacijos,","robots":{"index":"index","follow":"follow","max-snippet":"max-snippet:-1","max-image-preview":"max-image-preview:large","max-video-preview":"max-video-preview:-1"},"canonical":"https:\/\/skaitytaknyga.lt\/en\/produktas\/kaip-bendrauti-su-ziniasklaida\/","og_locale":"en_GB","og_type":"article","og_title":"[:lt]Kaip bendrauti su \u017einiasklaida[:] - Skaitytaknyga","og_description":"Dr. \u017dygintas Pe\u010diulis \u2013 Vilniaus universiteto Komunikacijos fakulteto \u017durnalistikos instituto profesorius, d\u0117sto medij\u0173, masin\u0117s komunikacijos,","og_url":"https:\/\/skaitytaknyga.lt\/en\/produktas\/kaip-bendrauti-su-ziniasklaida\/","og_site_name":"Skaitytaknyga","article_publisher":"https:\/\/www.facebook.com\/skaitytaknyga\/","article_modified_time":"2026-02-26T08:05:55+00:00","og_image":[{"width":300,"height":474,"url":"https:\/\/skaitytaknyga.lt\/wp-content\/uploads\/2026\/01\/Kaip-bendrauti-su-ziniasklaida-1.webp","type":"image\/webp"}],"twitter_card":"summary_large_image","twitter_misc":{"Estimated reading time":"2 minutes"},"schema":{"@context":"https:\/\/schema.org","@graph":[{"@type":"WebPage","@id":"https:\/\/skaitytaknyga.lt\/produktas\/kaip-bendrauti-su-ziniasklaida\/","url":"https:\/\/skaitytaknyga.lt\/produktas\/kaip-bendrauti-su-ziniasklaida\/","name":"Kaip bendrauti su \u017einiasklaida","isPartOf":{"@id":"https:\/\/skaitytaknyga.lt\/#website"},"primaryImageOfPage":{"@id":"https:\/\/skaitytaknyga.lt\/produktas\/kaip-bendrauti-su-ziniasklaida\/#primaryimage"},"image":{"@id":"https:\/\/skaitytaknyga.lt\/produktas\/kaip-bendrauti-su-ziniasklaida\/#primaryimage"},"thumbnailUrl":"https:\/\/skaitytaknyga.lt\/wp-content\/uploads\/2026\/01\/Kaip-bendrauti-su-ziniasklaida-1.webp","datePublished":"2026-01-02T19:29:19+00:00","dateModified":"2026-02-26T08:05:55+00:00","description":"Dr. \u017dygintas Pe\u010diulis \u2013 Vilniaus universiteto Komunikacijos fakulteto \u017durnalistikos instituto profesorius, d\u0117sto medij\u0173, masin\u0117s komunikacijos,","breadcrumb":{"@id":"https:\/\/skaitytaknyga.lt\/produktas\/kaip-bendrauti-su-ziniasklaida\/#breadcrumb"},"inLanguage":"en-GB","potentialAction":[{"@type":"ReadAction","target":["https:\/\/skaitytaknyga.lt\/produktas\/kaip-bendrauti-su-ziniasklaida\/"]}]},{"@type":"ImageObject","inLanguage":"en-GB","@id":"https:\/\/skaitytaknyga.lt\/produktas\/kaip-bendrauti-su-ziniasklaida\/#primaryimage","url":"https:\/\/skaitytaknyga.lt\/wp-content\/uploads\/2026\/01\/Kaip-bendrauti-su-ziniasklaida-1.webp","contentUrl":"https:\/\/skaitytaknyga.lt\/wp-content\/uploads\/2026\/01\/Kaip-bendrauti-su-ziniasklaida-1.webp","width":300,"height":474},{"@type":"BreadcrumbList","@id":"https:\/\/skaitytaknyga.lt\/produktas\/kaip-bendrauti-su-ziniasklaida\/#breadcrumb","itemListElement":[{"@type":"ListItem","position":1,"name":"Home","item":"https:\/\/skaitytaknyga.lt\/"},{"@type":"ListItem","position":2,"name":"Parduotuv\u0117","item":"https:\/\/skaitytaknyga.lt\/knygu-parduotuve\/"},{"@type":"ListItem","position":3,"name":"Kaip bendrauti su \u017einiasklaida"}]},{"@type":"WebSite","@id":"https:\/\/skaitytaknyga.lt\/#website","url":"https:\/\/skaitytaknyga.lt\/","name":"skaitytaknyga.lt","description":"Skaitytaknyga.lt \u2013 tai ma\u017eas \u0161eimos verslas, kuris prasid\u0117jo nuo meil\u0117s knygoms ir siekio i\u0161gelb\u0117ti knygas nuo likimo prie konteinerio. Kas vienam nereikalingas daiktas \u2013 kitam lobis, o mes esame tarpininkai, kurie padeda abiems tapti laimingesniems ???? \u017dinome kaip nelengva i\u0161gyventi ma\u017eiems verslams, tad nuo \u0161iol, \u010dia rasite ir kit\u0173, ma\u017e\u0173 \u0161eim\u0173 versl\u0173, rank\u0173 darbo, dovan\u0173 sau ir artimiesiems.","publisher":{"@id":"https:\/\/skaitytaknyga.lt\/#organization"},"potentialAction":[{"@type":"SearchAction","target":{"@type":"EntryPoint","urlTemplate":"https:\/\/skaitytaknyga.lt\/?s={search_term_string}"},"query-input":{"@type":"PropertyValueSpecification","valueRequired":true,"valueName":"search_term_string"}}],"inLanguage":"en-GB"},{"@type":"Organization","@id":"https:\/\/skaitytaknyga.lt\/#organization","name":"skaitytaknyga.lt","url":"https:\/\/skaitytaknyga.lt\/","logo":{"@type":"ImageObject","inLanguage":"en-GB","@id":"https:\/\/skaitytaknyga.lt\/#\/schema\/logo\/image\/","url":"https:\/\/skaitytaknyga.lt\/wp-content\/uploads\/2024\/05\/cropped-cropped-cropped-02_00843_jt3bggkj1j3HLc7SyY6rEUpg.jpeg","contentUrl":"https:\/\/skaitytaknyga.lt\/wp-content\/uploads\/2024\/05\/cropped-cropped-cropped-02_00843_jt3bggkj1j3HLc7SyY6rEUpg.jpeg","width":1600,"height":1600,"caption":"skaitytaknyga.lt"},"image":{"@id":"https:\/\/skaitytaknyga.lt\/#\/schema\/logo\/image\/"},"sameAs":["https:\/\/www.facebook.com\/skaitytaknyga\/"]}]}},"_links":{"self":[{"href":"https:\/\/skaitytaknyga.lt\/en\/wp-json\/wp\/v2\/product\/22611","targetHints":{"allow":["GET"]}}],"collection":[{"href":"https:\/\/skaitytaknyga.lt\/en\/wp-json\/wp\/v2\/product"}],"about":[{"href":"https:\/\/skaitytaknyga.lt\/en\/wp-json\/wp\/v2\/types\/product"}],"replies":[{"embeddable":true,"href":"https:\/\/skaitytaknyga.lt\/en\/wp-json\/wp\/v2\/comments?post=22611"}],"wp:featuredmedia":[{"embeddable":true,"href":"https:\/\/skaitytaknyga.lt\/en\/wp-json\/wp\/v2\/media\/22616"}],"wp:attachment":[{"href":"https:\/\/skaitytaknyga.lt\/en\/wp-json\/wp\/v2\/media?parent=22611"}],"wp:term":[{"taxonomy":"product_brand","embeddable":true,"href":"https:\/\/skaitytaknyga.lt\/en\/wp-json\/wp\/v2\/product_brand?post=22611"},{"taxonomy":"product_cat","embeddable":true,"href":"https:\/\/skaitytaknyga.lt\/en\/wp-json\/wp\/v2\/product_cat?post=22611"},{"taxonomy":"product_tag","embeddable":true,"href":"https:\/\/skaitytaknyga.lt\/en\/wp-json\/wp\/v2\/product_tag?post=22611"}],"curies":[{"name":"wp","href":"https:\/\/api.w.org\/{rel}","templated":true}]}}