{"id":22610,"date":"2026-01-02T21:29:19","date_gmt":"2026-01-02T19:29:19","guid":{"rendered":"https:\/\/skaitytaknyga.lt\/?post_type=product&#038;p=22610"},"modified":"2026-03-18T14:59:38","modified_gmt":"2026-03-18T12:59:38","slug":"istorijos-detektyvai-viduramziai-nuo-galvu-kapojimo-iki-meiles-intrigu","status":"publish","type":"product","link":"https:\/\/skaitytaknyga.lt\/en\/produktas\/istorijos-detektyvai-viduramziai-nuo-galvu-kapojimo-iki-meiles-intrigu\/","title":{"rendered":"Istorijos detektyvai. Viduram\u017eiai. Nuo galv\u0173 kapojimo iki meil\u0117s intrig\u0173"},"content":{"rendered":"<p>\u201eIstorijos detektyvai&#8221; \u2013 nenugin\u010dijamas \u012frodymas, kad istorijoje u\u017efiksuota tikrov\u0117 toli pranoksta \u017emogaus vaizduot\u0119 ir gali intriguoti kur kas labiau nei meistri\u0161kai para\u0161ytas romanas.<\/p>\n<p>Koks buvo kasdienis lietuvi\u0173 gyvenimas XIII am\u017eiuje? Kod\u0117l lietuviai po m\u016b\u0161io nukirsdavo prie\u0161ams galvas? Kaip jie sudarydavo sutartis ir kaip jas nutraukdavo? Karaliaus Mindaugo dvaro paslaptys: gimimo istorija, vardo paslaptis, karaliaus gyvenimo meil\u0117 \u2013 Morta. Kaip karaliaus \u017eudikas tapo \u0161ventuoju? Kada mirtini prie\u0161ai \u2013 lietuviai ir kry\u017eiuo\u010diai \u2013 susitikdavo prie puotos stalo? Kaip \u010dia nutiko, kad Vytauto sesuo i\u0161tek\u0117jo u\u017e vyskupo? Kod\u0117l b\u016bsimasis Anglijos karalius Henrikas IV Vilniuje nusipirko du berniukus? Koki\u0105 geniali\u0105 politin\u0119 kombinacij\u0105 surezg\u0117 Vokie\u010di\u0173 ordino magistras Vinrichas i\u0161 Kniprod\u0117s? Kaip \u012f Lietuv\u0105 atkeliavo pirmasis viduram\u017ei\u0173 euras?<\/p>\n<p>Jei \u201eIstorijos detektyvai&#8221; b\u016bt\u0173 romanas, j\u012f perskait\u0119s gal\u0117tum pamanyti, kad \u010dia pasakojamos istorijos yra i\u0161galvotos. Ta\u010diau visi apra\u0161yti \u012fvykiai yra tikri ir paliudyti patikim\u0173 \u0161altini\u0173. \u017durnalistas, istorikas, kult\u016bros antropologas Virginijus Savukynas knygoje atskleid\u017eia visai kitoki\u0105 XIII\u2013XIV a. Lietuv\u0105, nei esame \u012fprat\u0119 \u012fsivaizduoti.<\/p>\n<p>\u201eIstorijos detektyvai&#8221; \u2013 pats paslaptingiausias Lietuvos istorijos tarpsnis ir geram detektyvui prilygstan\u010dios intrigos.<\/p>\n","protected":false},"excerpt":{"rendered":"<p>\u201eIstorijos detektyvai&#8221; \u2013 nenugin\u010dijamas \u012frodymas, kad istorijoje u\u017efiksuota tikrov\u0117 toli pranoksta \u017emogaus vaizduot\u0119 ir gali intriguoti kur kas labiau nei meistri\u0161kai para\u0161ytas romanas. Koks buvo kasdienis lietuvi\u0173 gyvenimas XIII am\u017eiuje? Kod\u0117l lietuviai po m\u016b\u0161io nukirsdavo prie\u0161ams galvas? Kaip jie sudarydavo sutartis ir kaip jas nutraukdavo? Karaliaus Mindaugo dvaro paslaptys: gimimo istorija, vardo paslaptis, karaliaus gyvenimo meil\u0117 \u2013 Morta. Kaip karaliaus \u017eudikas tapo \u0161ventuoju? Kada mirtini prie\u0161ai \u2013 lietuviai ir kry\u017eiuo\u010diai \u2013 susitikdavo prie puotos stalo? Kaip \u010dia nutiko, kad Vytauto sesuo i\u0161tek\u0117jo u\u017e vyskupo? Kod\u0117l b\u016bsimasis Anglijos karalius Henrikas IV Vilniuje nusipirko du berniukus? Koki\u0105 geniali\u0105 politin\u0119 kombinacij\u0105 surezg\u0117 Vokie\u010di\u0173 ordino magistras Vinrichas i\u0161 Kniprod\u0117s? Kaip \u012f Lietuv\u0105 atkeliavo pirmasis viduram\u017ei\u0173 euras? Jei \u201eIstorijos detektyvai&#8221; b\u016bt\u0173 romanas, j\u012f perskait\u0119s gal\u0117tum pamanyti, kad \u010dia pasakojamos istorijos yra i\u0161galvotos. Ta\u010diau visi apra\u0161yti \u012fvykiai yra tikri ir paliudyti patikim\u0173 \u0161altini\u0173. \u017durnalistas, istorikas, kult\u016bros antropologas Virginijus Savukynas knygoje atskleid\u017eia visai kitoki\u0105 XIII\u2013XIV a. Lietuv\u0105, nei esame \u012fprat\u0119 \u012fsivaizduoti. \u201eIstorijos detektyvai&#8221; \u2013 pats paslaptingiausias Lietuvos istorijos tarpsnis ir geram detektyvui prilygstan\u010dios intrigos.<\/p>\n","protected":false},"featured_media":22615,"comment_status":"open","ping_status":"closed","template":"","meta":{"_acf_changed":false,"site-sidebar-layout":"default","site-content-layout":"","ast-site-content-layout":"default","site-content-style":"default","site-sidebar-style":"default","ast-global-header-display":"","ast-banner-title-visibility":"","ast-main-header-display":"","ast-hfb-above-header-display":"","ast-hfb-below-header-display":"","ast-hfb-mobile-header-display":"","site-post-title":"","ast-breadcrumbs-content":"","ast-featured-img":"","footer-sml-layout":"","ast-disable-related-posts":"","theme-transparent-header-meta":"","adv-header-id-meta":"","stick-header-meta":"","header-above-stick-meta":"","header-main-stick-meta":"","header-below-stick-meta":"","astra-migrate-meta-layouts":"default","ast-page-background-enabled":"default","ast-page-background-meta":{"desktop":{"background-color":"","background-image":"","background-repeat":"repeat","background-position":"center center","background-size":"auto","background-attachment":"scroll","background-type":"","background-media":"","overlay-type":"","overlay-color":"","overlay-opacity":"","overlay-gradient":""},"tablet":{"background-color":"","background-image":"","background-repeat":"repeat","background-position":"center center","background-size":"auto","background-attachment":"scroll","background-type":"","background-media":"","overlay-type":"","overlay-color":"","overlay-opacity":"","overlay-gradient":""},"mobile":{"background-color":"","background-image":"","background-repeat":"repeat","background-position":"center center","background-size":"auto","background-attachment":"scroll","background-type":"","background-media":"","overlay-type":"","overlay-color":"","overlay-opacity":"","overlay-gradient":""}},"ast-content-background-meta":{"desktop":{"background-color":"var(--ast-global-color-4)","background-image":"","background-repeat":"repeat","background-position":"center center","background-size":"auto","background-attachment":"scroll","background-type":"","background-media":"","overlay-type":"","overlay-color":"","overlay-opacity":"","overlay-gradient":""},"tablet":{"background-color":"var(--ast-global-color-4)","background-image":"","background-repeat":"repeat","background-position":"center center","background-size":"auto","background-attachment":"scroll","background-type":"","background-media":"","overlay-type":"","overlay-color":"","overlay-opacity":"","overlay-gradient":""},"mobile":{"background-color":"var(--ast-global-color-4)","background-image":"","background-repeat":"repeat","background-position":"center center","background-size":"auto","background-attachment":"scroll","background-type":"","background-media":"","overlay-type":"","overlay-color":"","overlay-opacity":"","overlay-gradient":""}}},"product_brand":[],"product_cat":[9862,174],"product_tag":[],"class_list":{"0":"post-22610","1":"product","2":"type-product","3":"status-publish","4":"has-post-thumbnail","6":"product_cat-lietuvos-istorija","7":"product_cat-istorija-ir-politologija","8":"desktop-align-left","9":"tablet-align-left","10":"mobile-align-left","12":"first","13":"instock","14":"shipping-taxable","15":"purchasable","16":"product-type-simple"},"acf":[],"yoast_head":"<!-- This site is optimized with the Yoast SEO plugin v27.0 - https:\/\/yoast.com\/product\/yoast-seo-wordpress\/ -->\n<title>Istorijos detektyvai. Viduram\u017eiai. Nuo galv\u0173 kapojimo iki meil\u0117s intrig\u0173<\/title>\n<meta name=\"description\" content=\"\u201eIstorijos detektyvai&quot; \u2013 nenugin\u010dijamas \u012frodymas, kad istorijoje u\u017efiksuota tikrov\u0117 toli pranoksta \u017emogaus vaizduot\u0119 ir gali intriguoti kur kas labiau nei\" \/>\n<meta name=\"robots\" content=\"index, follow, max-snippet:-1, max-image-preview:large, max-video-preview:-1\" \/>\n<link rel=\"canonical\" href=\"https:\/\/skaitytaknyga.lt\/en\/produktas\/istorijos-detektyvai-viduramziai-nuo-galvu-kapojimo-iki-meiles-intrigu\/\" \/>\n<meta property=\"og:locale\" content=\"en_GB\" \/>\n<meta property=\"og:locale:alternate\" content=\"lt_LT\" \/>\n<meta property=\"og:type\" content=\"article\" \/>\n<meta property=\"og:title\" content=\"Istorijos detektyvai. Viduram\u017eiai. Nuo galv\u0173 kapojimo iki meil\u0117s intrig\u0173\" \/>\n<meta property=\"og:description\" content=\"\u201eIstorijos detektyvai&quot; \u2013 nenugin\u010dijamas \u012frodymas, kad istorijoje u\u017efiksuota tikrov\u0117 toli pranoksta \u017emogaus vaizduot\u0119 ir gali intriguoti kur kas labiau nei\" \/>\n<meta property=\"og:url\" content=\"https:\/\/skaitytaknyga.lt\/en\/produktas\/istorijos-detektyvai-viduramziai-nuo-galvu-kapojimo-iki-meiles-intrigu\/\" \/>\n<meta property=\"og:site_name\" content=\"Skaitytaknyga\" \/>\n<meta property=\"article:publisher\" content=\"https:\/\/www.facebook.com\/skaitytaknyga\/\" \/>\n<meta property=\"article:modified_time\" content=\"2026-03-18T12:59:38+00:00\" \/>\n<meta property=\"og:image\" content=\"https:\/\/skaitytaknyga.lt\/wp-content\/uploads\/2026\/01\/Istorijos-detektyvai.-Viduramziai.-Nuo-galvu-kapojimo-iki-meiles-intrigu-1.webp\" \/>\n\t<meta property=\"og:image:width\" content=\"300\" \/>\n\t<meta property=\"og:image:height\" content=\"433\" \/>\n\t<meta property=\"og:image:type\" content=\"image\/webp\" \/>\n<meta name=\"twitter:card\" content=\"summary_large_image\" \/>\n<meta name=\"twitter:label1\" content=\"Estimated reading time\" \/>\n\t<meta name=\"twitter:data1\" content=\"1 minute\" \/>\n<script type=\"application\/ld+json\" class=\"yoast-schema-graph\">{\"@context\":\"https:\/\/schema.org\",\"@graph\":[{\"@type\":\"WebPage\",\"@id\":\"https:\/\/skaitytaknyga.lt\/produktas\/istorijos-detektyvai-viduramziai-nuo-galvu-kapojimo-iki-meiles-intrigu\/\",\"url\":\"https:\/\/skaitytaknyga.lt\/produktas\/istorijos-detektyvai-viduramziai-nuo-galvu-kapojimo-iki-meiles-intrigu\/\",\"name\":\"Istorijos detektyvai. Viduram\u017eiai. Nuo galv\u0173 kapojimo iki meil\u0117s intrig\u0173\",\"isPartOf\":{\"@id\":\"https:\/\/skaitytaknyga.lt\/#website\"},\"primaryImageOfPage\":{\"@id\":\"https:\/\/skaitytaknyga.lt\/produktas\/istorijos-detektyvai-viduramziai-nuo-galvu-kapojimo-iki-meiles-intrigu\/#primaryimage\"},\"image\":{\"@id\":\"https:\/\/skaitytaknyga.lt\/produktas\/istorijos-detektyvai-viduramziai-nuo-galvu-kapojimo-iki-meiles-intrigu\/#primaryimage\"},\"thumbnailUrl\":\"https:\/\/skaitytaknyga.lt\/wp-content\/uploads\/2026\/01\/Istorijos-detektyvai.-Viduramziai.-Nuo-galvu-kapojimo-iki-meiles-intrigu-1.webp\",\"datePublished\":\"2026-01-02T19:29:19+00:00\",\"dateModified\":\"2026-03-18T12:59:38+00:00\",\"description\":\"\u201eIstorijos detektyvai\\\" \u2013 nenugin\u010dijamas \u012frodymas, kad istorijoje u\u017efiksuota tikrov\u0117 toli pranoksta \u017emogaus vaizduot\u0119 ir gali intriguoti kur kas labiau nei\",\"breadcrumb\":{\"@id\":\"https:\/\/skaitytaknyga.lt\/produktas\/istorijos-detektyvai-viduramziai-nuo-galvu-kapojimo-iki-meiles-intrigu\/#breadcrumb\"},\"inLanguage\":\"en-GB\",\"potentialAction\":[{\"@type\":\"ReadAction\",\"target\":[\"https:\/\/skaitytaknyga.lt\/produktas\/istorijos-detektyvai-viduramziai-nuo-galvu-kapojimo-iki-meiles-intrigu\/\"]}]},{\"@type\":\"ImageObject\",\"inLanguage\":\"en-GB\",\"@id\":\"https:\/\/skaitytaknyga.lt\/produktas\/istorijos-detektyvai-viduramziai-nuo-galvu-kapojimo-iki-meiles-intrigu\/#primaryimage\",\"url\":\"https:\/\/skaitytaknyga.lt\/wp-content\/uploads\/2026\/01\/Istorijos-detektyvai.-Viduramziai.-Nuo-galvu-kapojimo-iki-meiles-intrigu-1.webp\",\"contentUrl\":\"https:\/\/skaitytaknyga.lt\/wp-content\/uploads\/2026\/01\/Istorijos-detektyvai.-Viduramziai.-Nuo-galvu-kapojimo-iki-meiles-intrigu-1.webp\",\"width\":300,\"height\":433,\"caption\":\"Istorijos detektyvai. Viduram\u017eiai. Nuo galv\u0173 kapojimo iki meil\u0117s intrig\u0173\"},{\"@type\":\"BreadcrumbList\",\"@id\":\"https:\/\/skaitytaknyga.lt\/produktas\/istorijos-detektyvai-viduramziai-nuo-galvu-kapojimo-iki-meiles-intrigu\/#breadcrumb\",\"itemListElement\":[{\"@type\":\"ListItem\",\"position\":1,\"name\":\"Home\",\"item\":\"https:\/\/skaitytaknyga.lt\/\"},{\"@type\":\"ListItem\",\"position\":2,\"name\":\"Parduotuv\u0117\",\"item\":\"https:\/\/skaitytaknyga.lt\/knygu-parduotuve\/\"},{\"@type\":\"ListItem\",\"position\":3,\"name\":\"Istorijos detektyvai. Viduram\u017eiai. Nuo galv\u0173 kapojimo iki meil\u0117s intrig\u0173\"}]},{\"@type\":\"WebSite\",\"@id\":\"https:\/\/skaitytaknyga.lt\/#website\",\"url\":\"https:\/\/skaitytaknyga.lt\/\",\"name\":\"skaitytaknyga.lt\",\"description\":\"Skaitytaknyga.lt \u2013 tai ma\u017eas \u0161eimos verslas, kuris prasid\u0117jo nuo meil\u0117s knygoms ir siekio i\u0161gelb\u0117ti knygas nuo likimo prie konteinerio. Kas vienam nereikalingas daiktas \u2013 kitam lobis, o mes esame tarpininkai, kurie padeda abiems tapti laimingesniems ???? \u017dinome kaip nelengva i\u0161gyventi ma\u017eiems verslams, tad nuo \u0161iol, \u010dia rasite ir kit\u0173, ma\u017e\u0173 \u0161eim\u0173 versl\u0173, rank\u0173 darbo, dovan\u0173 sau ir artimiesiems.\",\"publisher\":{\"@id\":\"https:\/\/skaitytaknyga.lt\/#organization\"},\"potentialAction\":[{\"@type\":\"SearchAction\",\"target\":{\"@type\":\"EntryPoint\",\"urlTemplate\":\"https:\/\/skaitytaknyga.lt\/?s={search_term_string}\"},\"query-input\":{\"@type\":\"PropertyValueSpecification\",\"valueRequired\":true,\"valueName\":\"search_term_string\"}}],\"inLanguage\":\"en-GB\"},{\"@type\":\"Organization\",\"@id\":\"https:\/\/skaitytaknyga.lt\/#organization\",\"name\":\"skaitytaknyga.lt\",\"url\":\"https:\/\/skaitytaknyga.lt\/\",\"logo\":{\"@type\":\"ImageObject\",\"inLanguage\":\"en-GB\",\"@id\":\"https:\/\/skaitytaknyga.lt\/#\/schema\/logo\/image\/\",\"url\":\"https:\/\/skaitytaknyga.lt\/wp-content\/uploads\/2024\/05\/cropped-cropped-cropped-02_00843_jt3bggkj1j3HLc7SyY6rEUpg.jpeg\",\"contentUrl\":\"https:\/\/skaitytaknyga.lt\/wp-content\/uploads\/2024\/05\/cropped-cropped-cropped-02_00843_jt3bggkj1j3HLc7SyY6rEUpg.jpeg\",\"width\":1600,\"height\":1600,\"caption\":\"skaitytaknyga.lt\"},\"image\":{\"@id\":\"https:\/\/skaitytaknyga.lt\/#\/schema\/logo\/image\/\"},\"sameAs\":[\"https:\/\/www.facebook.com\/skaitytaknyga\/\"]}]}<\/script>\n<!-- \/ Yoast SEO plugin. -->","yoast_head_json":{"title":"Istorijos detektyvai. Viduram\u017eiai. Nuo galv\u0173 kapojimo iki meil\u0117s intrig\u0173","description":"\u201eIstorijos detektyvai\" \u2013 nenugin\u010dijamas \u012frodymas, kad istorijoje u\u017efiksuota tikrov\u0117 toli pranoksta \u017emogaus vaizduot\u0119 ir gali intriguoti kur kas labiau nei","robots":{"index":"index","follow":"follow","max-snippet":"max-snippet:-1","max-image-preview":"max-image-preview:large","max-video-preview":"max-video-preview:-1"},"canonical":"https:\/\/skaitytaknyga.lt\/en\/produktas\/istorijos-detektyvai-viduramziai-nuo-galvu-kapojimo-iki-meiles-intrigu\/","og_locale":"en_GB","og_type":"article","og_title":"[:lt]Istorijos detektyvai. Viduram\u017eiai. Nuo galv\u0173 kapojimo iki meil\u0117s intrig\u0173[:] - Skaitytaknyga","og_description":"\u201eIstorijos detektyvai\" \u2013 nenugin\u010dijamas \u012frodymas, kad istorijoje u\u017efiksuota tikrov\u0117 toli pranoksta \u017emogaus vaizduot\u0119 ir gali intriguoti kur kas labiau nei","og_url":"https:\/\/skaitytaknyga.lt\/en\/produktas\/istorijos-detektyvai-viduramziai-nuo-galvu-kapojimo-iki-meiles-intrigu\/","og_site_name":"Skaitytaknyga","article_publisher":"https:\/\/www.facebook.com\/skaitytaknyga\/","article_modified_time":"2026-03-18T12:59:38+00:00","og_image":[{"width":300,"height":433,"url":"https:\/\/skaitytaknyga.lt\/wp-content\/uploads\/2026\/01\/Istorijos-detektyvai.-Viduramziai.-Nuo-galvu-kapojimo-iki-meiles-intrigu-1.webp","type":"image\/webp"}],"twitter_card":"summary_large_image","twitter_misc":{"Estimated reading time":"1 minute"},"schema":{"@context":"https:\/\/schema.org","@graph":[{"@type":"WebPage","@id":"https:\/\/skaitytaknyga.lt\/produktas\/istorijos-detektyvai-viduramziai-nuo-galvu-kapojimo-iki-meiles-intrigu\/","url":"https:\/\/skaitytaknyga.lt\/produktas\/istorijos-detektyvai-viduramziai-nuo-galvu-kapojimo-iki-meiles-intrigu\/","name":"Istorijos detektyvai. Viduram\u017eiai. Nuo galv\u0173 kapojimo iki meil\u0117s intrig\u0173","isPartOf":{"@id":"https:\/\/skaitytaknyga.lt\/#website"},"primaryImageOfPage":{"@id":"https:\/\/skaitytaknyga.lt\/produktas\/istorijos-detektyvai-viduramziai-nuo-galvu-kapojimo-iki-meiles-intrigu\/#primaryimage"},"image":{"@id":"https:\/\/skaitytaknyga.lt\/produktas\/istorijos-detektyvai-viduramziai-nuo-galvu-kapojimo-iki-meiles-intrigu\/#primaryimage"},"thumbnailUrl":"https:\/\/skaitytaknyga.lt\/wp-content\/uploads\/2026\/01\/Istorijos-detektyvai.-Viduramziai.-Nuo-galvu-kapojimo-iki-meiles-intrigu-1.webp","datePublished":"2026-01-02T19:29:19+00:00","dateModified":"2026-03-18T12:59:38+00:00","description":"\u201eIstorijos detektyvai\" \u2013 nenugin\u010dijamas \u012frodymas, kad istorijoje u\u017efiksuota tikrov\u0117 toli pranoksta \u017emogaus vaizduot\u0119 ir gali intriguoti kur kas labiau nei","breadcrumb":{"@id":"https:\/\/skaitytaknyga.lt\/produktas\/istorijos-detektyvai-viduramziai-nuo-galvu-kapojimo-iki-meiles-intrigu\/#breadcrumb"},"inLanguage":"en-GB","potentialAction":[{"@type":"ReadAction","target":["https:\/\/skaitytaknyga.lt\/produktas\/istorijos-detektyvai-viduramziai-nuo-galvu-kapojimo-iki-meiles-intrigu\/"]}]},{"@type":"ImageObject","inLanguage":"en-GB","@id":"https:\/\/skaitytaknyga.lt\/produktas\/istorijos-detektyvai-viduramziai-nuo-galvu-kapojimo-iki-meiles-intrigu\/#primaryimage","url":"https:\/\/skaitytaknyga.lt\/wp-content\/uploads\/2026\/01\/Istorijos-detektyvai.-Viduramziai.-Nuo-galvu-kapojimo-iki-meiles-intrigu-1.webp","contentUrl":"https:\/\/skaitytaknyga.lt\/wp-content\/uploads\/2026\/01\/Istorijos-detektyvai.-Viduramziai.-Nuo-galvu-kapojimo-iki-meiles-intrigu-1.webp","width":300,"height":433,"caption":"Istorijos detektyvai. Viduram\u017eiai. Nuo galv\u0173 kapojimo iki meil\u0117s intrig\u0173"},{"@type":"BreadcrumbList","@id":"https:\/\/skaitytaknyga.lt\/produktas\/istorijos-detektyvai-viduramziai-nuo-galvu-kapojimo-iki-meiles-intrigu\/#breadcrumb","itemListElement":[{"@type":"ListItem","position":1,"name":"Home","item":"https:\/\/skaitytaknyga.lt\/"},{"@type":"ListItem","position":2,"name":"Parduotuv\u0117","item":"https:\/\/skaitytaknyga.lt\/knygu-parduotuve\/"},{"@type":"ListItem","position":3,"name":"Istorijos detektyvai. Viduram\u017eiai. Nuo galv\u0173 kapojimo iki meil\u0117s intrig\u0173"}]},{"@type":"WebSite","@id":"https:\/\/skaitytaknyga.lt\/#website","url":"https:\/\/skaitytaknyga.lt\/","name":"skaitytaknyga.lt","description":"Skaitytaknyga.lt \u2013 tai ma\u017eas \u0161eimos verslas, kuris prasid\u0117jo nuo meil\u0117s knygoms ir siekio i\u0161gelb\u0117ti knygas nuo likimo prie konteinerio. Kas vienam nereikalingas daiktas \u2013 kitam lobis, o mes esame tarpininkai, kurie padeda abiems tapti laimingesniems ???? \u017dinome kaip nelengva i\u0161gyventi ma\u017eiems verslams, tad nuo \u0161iol, \u010dia rasite ir kit\u0173, ma\u017e\u0173 \u0161eim\u0173 versl\u0173, rank\u0173 darbo, dovan\u0173 sau ir artimiesiems.","publisher":{"@id":"https:\/\/skaitytaknyga.lt\/#organization"},"potentialAction":[{"@type":"SearchAction","target":{"@type":"EntryPoint","urlTemplate":"https:\/\/skaitytaknyga.lt\/?s={search_term_string}"},"query-input":{"@type":"PropertyValueSpecification","valueRequired":true,"valueName":"search_term_string"}}],"inLanguage":"en-GB"},{"@type":"Organization","@id":"https:\/\/skaitytaknyga.lt\/#organization","name":"skaitytaknyga.lt","url":"https:\/\/skaitytaknyga.lt\/","logo":{"@type":"ImageObject","inLanguage":"en-GB","@id":"https:\/\/skaitytaknyga.lt\/#\/schema\/logo\/image\/","url":"https:\/\/skaitytaknyga.lt\/wp-content\/uploads\/2024\/05\/cropped-cropped-cropped-02_00843_jt3bggkj1j3HLc7SyY6rEUpg.jpeg","contentUrl":"https:\/\/skaitytaknyga.lt\/wp-content\/uploads\/2024\/05\/cropped-cropped-cropped-02_00843_jt3bggkj1j3HLc7SyY6rEUpg.jpeg","width":1600,"height":1600,"caption":"skaitytaknyga.lt"},"image":{"@id":"https:\/\/skaitytaknyga.lt\/#\/schema\/logo\/image\/"},"sameAs":["https:\/\/www.facebook.com\/skaitytaknyga\/"]}]}},"_links":{"self":[{"href":"https:\/\/skaitytaknyga.lt\/en\/wp-json\/wp\/v2\/product\/22610","targetHints":{"allow":["GET"]}}],"collection":[{"href":"https:\/\/skaitytaknyga.lt\/en\/wp-json\/wp\/v2\/product"}],"about":[{"href":"https:\/\/skaitytaknyga.lt\/en\/wp-json\/wp\/v2\/types\/product"}],"replies":[{"embeddable":true,"href":"https:\/\/skaitytaknyga.lt\/en\/wp-json\/wp\/v2\/comments?post=22610"}],"wp:featuredmedia":[{"embeddable":true,"href":"https:\/\/skaitytaknyga.lt\/en\/wp-json\/wp\/v2\/media\/22615"}],"wp:attachment":[{"href":"https:\/\/skaitytaknyga.lt\/en\/wp-json\/wp\/v2\/media?parent=22610"}],"wp:term":[{"taxonomy":"product_brand","embeddable":true,"href":"https:\/\/skaitytaknyga.lt\/en\/wp-json\/wp\/v2\/product_brand?post=22610"},{"taxonomy":"product_cat","embeddable":true,"href":"https:\/\/skaitytaknyga.lt\/en\/wp-json\/wp\/v2\/product_cat?post=22610"},{"taxonomy":"product_tag","embeddable":true,"href":"https:\/\/skaitytaknyga.lt\/en\/wp-json\/wp\/v2\/product_tag?post=22610"}],"curies":[{"name":"wp","href":"https:\/\/api.w.org\/{rel}","templated":true}]}}