{"id":2260,"date":"2024-04-17T13:06:51","date_gmt":"2024-04-17T13:06:51","guid":{"rendered":"https:\/\/skaitytaknyga.lt\/?post_type=product&#038;p=2260"},"modified":"2025-07-03T15:30:03","modified_gmt":"2025-07-03T12:30:03","slug":"ruta-vanagaite-ne-bobu-vasara","status":"publish","type":"product","link":"https:\/\/skaitytaknyga.lt\/en\/produktas\/ruta-vanagaite-ne-bobu-vasara\/","title":{"rendered":"R\u016bta Vanagait\u0117 \u201eNe bob\u0173 vasara\u201c"},"content":{"rendered":"","protected":false},"excerpt":{"rendered":"<p><b>PAGELT\u0118 LAPAI<\/p>\n<p>\u201eNe bob\u0173 vasara\u201c<\/b>\u00a0\u2013 knyga brand\u017eioms moterims, kuria\u00a0<b>R\u016bta Vanagait\u0117\u00a0<\/b>pasitinka savo \u0161e\u0161iasde\u0161imtmet\u012f. Tai daugel\u012f tabu lau\u017eanti, skaud\u017eiai asmeni\u0161ka ir drauge universalios i\u0161minties kupina. J\u0105 verta perskaityti kiekvienai keturiasde\u0161imtmetei, o juo labiau toms, kuri\u0173 gyvenimas eina link auksinio rudens. Pasisemk i\u0161 R\u016btos i\u0161minties, dr\u0105sos ir optimizmo. B\u016bk pagaliau laiminga.<\/p>\n<p><i>\u201eAr tau jau keturiasde\u0161imt? O gal ma\u017eiau, bet i\u0161pa\u017e\u012fsti am\u017einos jaunyst\u0117s kult\u0105 ir gyvenimo pusiaukel\u0117 tau atrodo tolygi mir\u010diai? Tuomet paimk \u012f rankas \u0161i\u0105 knyg\u0105 ir pabandyk prisijaukinti sen\u0117jimo baim\u0119.<br \/>\nO gal tau jau daugiau nei penkiasde\u0161imt \u2013 kaip man?<br \/>\nSveika, mieloji. A\u0161 pa\u017e\u012fstu tave ir \u017einau, kaip jautiesi.<br \/>\nSvarbiausia, \u017einau, kad tu \u2013 ne boba. Tu Moteris \u2013 gra\u017ei, stipri, gera. Ir jauna, nes Moteris nesensta.<br \/>\nSavo jubiliejaus i\u0161vakar\u0117se para\u0161iau knyg\u0105, kuri pad\u0117s tau b\u016bti truput\u012f laimingesnei \u2013 kad ir kokio am\u017eiaus esi sulaukusi, kad ir kokius sunkumus patiri. Ji man pa\u010diai pad\u0117jo.<br \/>\n\u0160i knyga bus tavo draug\u0117, su kuria ni\u016bri\u0105 dien\u0105 lengviau i\u0161sklaidysi juodus debesis ir ai\u0161kiau pamatysi saul\u0119.<\/i><\/p>\n","protected":false},"featured_media":2309,"comment_status":"closed","ping_status":"closed","template":"","meta":{"_acf_changed":false,"site-sidebar-layout":"default","site-content-layout":"","ast-site-content-layout":"default","site-content-style":"default","site-sidebar-style":"default","ast-global-header-display":"","ast-banner-title-visibility":"","ast-main-header-display":"","ast-hfb-above-header-display":"","ast-hfb-below-header-display":"","ast-hfb-mobile-header-display":"","site-post-title":"","ast-breadcrumbs-content":"","ast-featured-img":"","footer-sml-layout":"","ast-disable-related-posts":"","theme-transparent-header-meta":"","adv-header-id-meta":"","stick-header-meta":"","header-above-stick-meta":"","header-main-stick-meta":"","header-below-stick-meta":"","astra-migrate-meta-layouts":"default","ast-page-background-enabled":"default","ast-page-background-meta":{"desktop":{"background-color":"","background-image":"","background-repeat":"repeat","background-position":"center center","background-size":"auto","background-attachment":"scroll","background-type":"","background-media":"","overlay-type":"","overlay-color":"","overlay-opacity":"","overlay-gradient":""},"tablet":{"background-color":"","background-image":"","background-repeat":"repeat","background-position":"center center","background-size":"auto","background-attachment":"scroll","background-type":"","background-media":"","overlay-type":"","overlay-color":"","overlay-opacity":"","overlay-gradient":""},"mobile":{"background-color":"","background-image":"","background-repeat":"repeat","background-position":"center center","background-size":"auto","background-attachment":"scroll","background-type":"","background-media":"","overlay-type":"","overlay-color":"","overlay-opacity":"","overlay-gradient":""}},"ast-content-background-meta":{"desktop":{"background-color":"var(--ast-global-color-4)","background-image":"","background-repeat":"repeat","background-position":"center center","background-size":"auto","background-attachment":"scroll","background-type":"","background-media":"","overlay-type":"","overlay-color":"","overlay-opacity":"","overlay-gradient":""},"tablet":{"background-color":"var(--ast-global-color-4)","background-image":"","background-repeat":"repeat","background-position":"center center","background-size":"auto","background-attachment":"scroll","background-type":"","background-media":"","overlay-type":"","overlay-color":"","overlay-opacity":"","overlay-gradient":""},"mobile":{"background-color":"var(--ast-global-color-4)","background-image":"","background-repeat":"repeat","background-position":"center center","background-size":"auto","background-attachment":"scroll","background-type":"","background-media":"","overlay-type":"","overlay-color":"","overlay-opacity":"","overlay-gradient":""}}},"product_brand":[],"product_cat":[30],"product_tag":[],"class_list":{"0":"post-2260","1":"product","2":"type-product","3":"status-publish","4":"has-post-thumbnail","6":"product_cat-psichologija-ir-saviugda","7":"desktop-align-left","8":"tablet-align-left","9":"mobile-align-left","11":"first","12":"instock","13":"shipping-taxable","14":"purchasable","15":"product-type-simple"},"acf":[],"yoast_head":"<!-- This site is optimized with the Yoast SEO plugin v27.0 - https:\/\/yoast.com\/product\/yoast-seo-wordpress\/ -->\n<title>R\u016bta Vanagait\u0117 \u201eNe bob\u0173 vasara\u201c<\/title>\n<meta name=\"description\" content=\"PAGELT\u0118 LAPAI  \u201eNe bob\u0173 vasara\u201c\u00a0\u2013 knyga brand\u017eioms moterims, kuria\u00a0R\u016bta Vanagait\u0117\u00a0pasitinka savo \u0161e\u0161iasde\u0161imtmet\u012f. Tai daugel\u012f tabu lau\u017eanti, skaud\u017eiai asmeni\u0161ka ir drauge universalios i\u0161minties kupina. J\u0105 verta perskaityti kiekvienai keturiasde\u0161imtmetei, o juo labiau toms, kuri\u0173 gyvenimas eina link auksinio rudens. Pasisemk i\u0161 R\u016btos i\u0161minties, dr\u0105sos ir optimizmo. B\u016bk pagaliau laiminga.  \u201eAr tau jau keturiasde\u0161imt? O gal ma\u017eiau, bet i\u0161pa\u017e\u012fsti am\u017einos jaunyst\u0117s kult\u0105 ir gyvenimo pusiaukel\u0117 tau atrodo tolygi mir\u010diai? Tuomet paimk \u012f rankas \u0161i\u0105 knyg\u0105 ir pabandyk prisijaukinti sen\u0117jimo baim\u0119. O gal tau jau daugiau nei penkiasde\u0161imt \u2013 kaip man? Sveika, mieloji. A\u0161 pa\u017e\u012fstu tave ir \u017einau, kaip jautiesi. Svarbiausia, \u017einau, kad tu \u2013 ne boba. Tu Moteris \u2013 gra\u017ei, stipri, gera. Ir jauna, nes Moteris nesensta. Savo jubiliejaus i\u0161vakar\u0117se para\u0161iau knyg\u0105, kuri pad\u0117s tau b\u016bti truput\u012f laimingesnei \u2013 kad ir kokio am\u017eiaus esi sulaukusi, kad ir kokius sunkumus patiri. Ji man pa\u010diai pad\u0117jo. \u0160i knyga bus tavo draug\u0117, su kuria ni\u016bri\u0105 dien\u0105 lengviau i\u0161sklaidysi juodus debesis ir ai\u0161kiau pamatysi saul\u0119.\" \/>\n<meta name=\"robots\" content=\"index, follow, max-snippet:-1, max-image-preview:large, max-video-preview:-1\" \/>\n<link rel=\"canonical\" href=\"https:\/\/skaitytaknyga.lt\/en\/produktas\/ruta-vanagaite-ne-bobu-vasara\/\" \/>\n<meta property=\"og:locale\" content=\"en_GB\" \/>\n<meta property=\"og:locale:alternate\" content=\"lt_LT\" \/>\n<meta property=\"og:type\" content=\"article\" \/>\n<meta property=\"og:title\" content=\"R\u016bta Vanagait\u0117 \u201eNe bob\u0173 vasara\u201c\" \/>\n<meta property=\"og:description\" content=\"PAGELT\u0118 LAPAI  \u201eNe bob\u0173 vasara\u201c\u00a0\u2013 knyga brand\u017eioms moterims, kuria\u00a0R\u016bta Vanagait\u0117\u00a0pasitinka savo \u0161e\u0161iasde\u0161imtmet\u012f. Tai daugel\u012f tabu lau\u017eanti, skaud\u017eiai asmeni\u0161ka ir drauge universalios i\u0161minties kupina. J\u0105 verta perskaityti kiekvienai keturiasde\u0161imtmetei, o juo labiau toms, kuri\u0173 gyvenimas eina link auksinio rudens. Pasisemk i\u0161 R\u016btos i\u0161minties, dr\u0105sos ir optimizmo. B\u016bk pagaliau laiminga.  \u201eAr tau jau keturiasde\u0161imt? O gal ma\u017eiau, bet i\u0161pa\u017e\u012fsti am\u017einos jaunyst\u0117s kult\u0105 ir gyvenimo pusiaukel\u0117 tau atrodo tolygi mir\u010diai? Tuomet paimk \u012f rankas \u0161i\u0105 knyg\u0105 ir pabandyk prisijaukinti sen\u0117jimo baim\u0119. O gal tau jau daugiau nei penkiasde\u0161imt \u2013 kaip man? Sveika, mieloji. A\u0161 pa\u017e\u012fstu tave ir \u017einau, kaip jautiesi. Svarbiausia, \u017einau, kad tu \u2013 ne boba. Tu Moteris \u2013 gra\u017ei, stipri, gera. Ir jauna, nes Moteris nesensta. Savo jubiliejaus i\u0161vakar\u0117se para\u0161iau knyg\u0105, kuri pad\u0117s tau b\u016bti truput\u012f laimingesnei \u2013 kad ir kokio am\u017eiaus esi sulaukusi, kad ir kokius sunkumus patiri. Ji man pa\u010diai pad\u0117jo. \u0160i knyga bus tavo draug\u0117, su kuria ni\u016bri\u0105 dien\u0105 lengviau i\u0161sklaidysi juodus debesis ir ai\u0161kiau pamatysi saul\u0119.\" \/>\n<meta property=\"og:url\" content=\"https:\/\/skaitytaknyga.lt\/en\/produktas\/ruta-vanagaite-ne-bobu-vasara\/\" \/>\n<meta property=\"og:site_name\" content=\"Skaitytaknyga\" \/>\n<meta property=\"article:publisher\" content=\"https:\/\/www.facebook.com\/skaitytaknyga\/\" \/>\n<meta property=\"article:modified_time\" content=\"2025-07-03T12:30:03+00:00\" \/>\n<meta property=\"og:image\" content=\"https:\/\/skaitytaknyga.lt\/wp-content\/uploads\/2024\/04\/ne-bobu-vasara.png\" \/>\n\t<meta property=\"og:image:width\" content=\"403\" \/>\n\t<meta property=\"og:image:height\" content=\"600\" \/>\n\t<meta property=\"og:image:type\" content=\"image\/png\" \/>\n<meta name=\"twitter:card\" content=\"summary_large_image\" \/>\n<script type=\"application\/ld+json\" class=\"yoast-schema-graph\">{\"@context\":\"https:\/\/schema.org\",\"@graph\":[{\"@type\":\"WebPage\",\"@id\":\"https:\/\/skaitytaknyga.lt\/produktas\/ruta-vanagaite-ne-bobu-vasara\/\",\"url\":\"https:\/\/skaitytaknyga.lt\/produktas\/ruta-vanagaite-ne-bobu-vasara\/\",\"name\":\"R\u016bta Vanagait\u0117 \u201eNe bob\u0173 vasara\u201c\",\"isPartOf\":{\"@id\":\"https:\/\/skaitytaknyga.lt\/#website\"},\"primaryImageOfPage\":{\"@id\":\"https:\/\/skaitytaknyga.lt\/produktas\/ruta-vanagaite-ne-bobu-vasara\/#primaryimage\"},\"image\":{\"@id\":\"https:\/\/skaitytaknyga.lt\/produktas\/ruta-vanagaite-ne-bobu-vasara\/#primaryimage\"},\"thumbnailUrl\":\"https:\/\/skaitytaknyga.lt\/wp-content\/uploads\/2024\/04\/ne-bobu-vasara.png\",\"datePublished\":\"2024-04-17T13:06:51+00:00\",\"dateModified\":\"2025-07-03T12:30:03+00:00\",\"description\":\"PAGELT\u0118 LAPAI \u201eNe bob\u0173 vasara\u201c\u00a0\u2013 knyga brand\u017eioms moterims, kuria\u00a0R\u016bta Vanagait\u0117\u00a0pasitinka savo \u0161e\u0161iasde\u0161imtmet\u012f. Tai daugel\u012f tabu lau\u017eanti, skaud\u017eiai asmeni\u0161ka ir drauge universalios i\u0161minties kupina. J\u0105 verta perskaityti kiekvienai keturiasde\u0161imtmetei, o juo labiau toms, kuri\u0173 gyvenimas eina link auksinio rudens. Pasisemk i\u0161 R\u016btos i\u0161minties, dr\u0105sos ir optimizmo. B\u016bk pagaliau laiminga. \u201eAr tau jau keturiasde\u0161imt? O gal ma\u017eiau, bet i\u0161pa\u017e\u012fsti am\u017einos jaunyst\u0117s kult\u0105 ir gyvenimo pusiaukel\u0117 tau atrodo tolygi mir\u010diai? Tuomet paimk \u012f rankas \u0161i\u0105 knyg\u0105 ir pabandyk prisijaukinti sen\u0117jimo baim\u0119. O gal tau jau daugiau nei penkiasde\u0161imt \u2013 kaip man? Sveika, mieloji. A\u0161 pa\u017e\u012fstu tave ir \u017einau, kaip jautiesi. Svarbiausia, \u017einau, kad tu \u2013 ne boba. Tu Moteris \u2013 gra\u017ei, stipri, gera. Ir jauna, nes Moteris nesensta. Savo jubiliejaus i\u0161vakar\u0117se para\u0161iau knyg\u0105, kuri pad\u0117s tau b\u016bti truput\u012f laimingesnei \u2013 kad ir kokio am\u017eiaus esi sulaukusi, kad ir kokius sunkumus patiri. Ji man pa\u010diai pad\u0117jo. \u0160i knyga bus tavo draug\u0117, su kuria ni\u016bri\u0105 dien\u0105 lengviau i\u0161sklaidysi juodus debesis ir ai\u0161kiau pamatysi saul\u0119.\",\"breadcrumb\":{\"@id\":\"https:\/\/skaitytaknyga.lt\/produktas\/ruta-vanagaite-ne-bobu-vasara\/#breadcrumb\"},\"inLanguage\":\"en-GB\",\"potentialAction\":[{\"@type\":\"ReadAction\",\"target\":[\"https:\/\/skaitytaknyga.lt\/produktas\/ruta-vanagaite-ne-bobu-vasara\/\"]}]},{\"@type\":\"ImageObject\",\"inLanguage\":\"en-GB\",\"@id\":\"https:\/\/skaitytaknyga.lt\/produktas\/ruta-vanagaite-ne-bobu-vasara\/#primaryimage\",\"url\":\"https:\/\/skaitytaknyga.lt\/wp-content\/uploads\/2024\/04\/ne-bobu-vasara.png\",\"contentUrl\":\"https:\/\/skaitytaknyga.lt\/wp-content\/uploads\/2024\/04\/ne-bobu-vasara.png\",\"width\":403,\"height\":600,\"caption\":\"ne bobu vasara\"},{\"@type\":\"BreadcrumbList\",\"@id\":\"https:\/\/skaitytaknyga.lt\/produktas\/ruta-vanagaite-ne-bobu-vasara\/#breadcrumb\",\"itemListElement\":[{\"@type\":\"ListItem\",\"position\":1,\"name\":\"Home\",\"item\":\"https:\/\/skaitytaknyga.lt\/\"},{\"@type\":\"ListItem\",\"position\":2,\"name\":\"Parduotuv\u0117\",\"item\":\"https:\/\/skaitytaknyga.lt\/knygu-parduotuve\/\"},{\"@type\":\"ListItem\",\"position\":3,\"name\":\"R\u016bta Vanagait\u0117 \u201eNe bob\u0173 vasara\u201c\"}]},{\"@type\":\"WebSite\",\"@id\":\"https:\/\/skaitytaknyga.lt\/#website\",\"url\":\"https:\/\/skaitytaknyga.lt\/\",\"name\":\"skaitytaknyga.lt\",\"description\":\"Skaitytaknyga.lt \u2013 tai ma\u017eas \u0161eimos verslas, kuris prasid\u0117jo nuo meil\u0117s knygoms ir siekio i\u0161gelb\u0117ti knygas nuo likimo prie konteinerio. Kas vienam nereikalingas daiktas \u2013 kitam lobis, o mes esame tarpininkai, kurie padeda abiems tapti laimingesniems ???? \u017dinome kaip nelengva i\u0161gyventi ma\u017eiems verslams, tad nuo \u0161iol, \u010dia rasite ir kit\u0173, ma\u017e\u0173 \u0161eim\u0173 versl\u0173, rank\u0173 darbo, dovan\u0173 sau ir artimiesiems.\",\"publisher\":{\"@id\":\"https:\/\/skaitytaknyga.lt\/#organization\"},\"potentialAction\":[{\"@type\":\"SearchAction\",\"target\":{\"@type\":\"EntryPoint\",\"urlTemplate\":\"https:\/\/skaitytaknyga.lt\/?s={search_term_string}\"},\"query-input\":{\"@type\":\"PropertyValueSpecification\",\"valueRequired\":true,\"valueName\":\"search_term_string\"}}],\"inLanguage\":\"en-GB\"},{\"@type\":\"Organization\",\"@id\":\"https:\/\/skaitytaknyga.lt\/#organization\",\"name\":\"skaitytaknyga.lt\",\"url\":\"https:\/\/skaitytaknyga.lt\/\",\"logo\":{\"@type\":\"ImageObject\",\"inLanguage\":\"en-GB\",\"@id\":\"https:\/\/skaitytaknyga.lt\/#\/schema\/logo\/image\/\",\"url\":\"https:\/\/skaitytaknyga.lt\/wp-content\/uploads\/2024\/05\/cropped-cropped-cropped-02_00843_jt3bggkj1j3HLc7SyY6rEUpg.jpeg\",\"contentUrl\":\"https:\/\/skaitytaknyga.lt\/wp-content\/uploads\/2024\/05\/cropped-cropped-cropped-02_00843_jt3bggkj1j3HLc7SyY6rEUpg.jpeg\",\"width\":1600,\"height\":1600,\"caption\":\"skaitytaknyga.lt\"},\"image\":{\"@id\":\"https:\/\/skaitytaknyga.lt\/#\/schema\/logo\/image\/\"},\"sameAs\":[\"https:\/\/www.facebook.com\/skaitytaknyga\/\"]}]}<\/script>\n<!-- \/ Yoast SEO plugin. -->","yoast_head_json":{"title":"R\u016bta Vanagait\u0117 \u201eNe bob\u0173 vasara\u201c","description":"PAGELT\u0118 LAPAI  \u201eNe bob\u0173 vasara\u201c\u00a0\u2013 knyga brand\u017eioms moterims, kuria\u00a0R\u016bta Vanagait\u0117\u00a0pasitinka savo \u0161e\u0161iasde\u0161imtmet\u012f. Tai daugel\u012f tabu lau\u017eanti, skaud\u017eiai asmeni\u0161ka ir drauge universalios i\u0161minties kupina. J\u0105 verta perskaityti kiekvienai keturiasde\u0161imtmetei, o juo labiau toms, kuri\u0173 gyvenimas eina link auksinio rudens. Pasisemk i\u0161 R\u016btos i\u0161minties, dr\u0105sos ir optimizmo. B\u016bk pagaliau laiminga.  \u201eAr tau jau keturiasde\u0161imt? O gal ma\u017eiau, bet i\u0161pa\u017e\u012fsti am\u017einos jaunyst\u0117s kult\u0105 ir gyvenimo pusiaukel\u0117 tau atrodo tolygi mir\u010diai? Tuomet paimk \u012f rankas \u0161i\u0105 knyg\u0105 ir pabandyk prisijaukinti sen\u0117jimo baim\u0119. O gal tau jau daugiau nei penkiasde\u0161imt \u2013 kaip man? Sveika, mieloji. A\u0161 pa\u017e\u012fstu tave ir \u017einau, kaip jautiesi. Svarbiausia, \u017einau, kad tu \u2013 ne boba. Tu Moteris \u2013 gra\u017ei, stipri, gera. Ir jauna, nes Moteris nesensta. Savo jubiliejaus i\u0161vakar\u0117se para\u0161iau knyg\u0105, kuri pad\u0117s tau b\u016bti truput\u012f laimingesnei \u2013 kad ir kokio am\u017eiaus esi sulaukusi, kad ir kokius sunkumus patiri. Ji man pa\u010diai pad\u0117jo. \u0160i knyga bus tavo draug\u0117, su kuria ni\u016bri\u0105 dien\u0105 lengviau i\u0161sklaidysi juodus debesis ir ai\u0161kiau pamatysi saul\u0119.","robots":{"index":"index","follow":"follow","max-snippet":"max-snippet:-1","max-image-preview":"max-image-preview:large","max-video-preview":"max-video-preview:-1"},"canonical":"https:\/\/skaitytaknyga.lt\/en\/produktas\/ruta-vanagaite-ne-bobu-vasara\/","og_locale":"en_GB","og_type":"article","og_title":"[:lt]R\u016bta Vanagait\u0117 \u201eNe bob\u0173 vasara\u201c[:] - Skaitytaknyga","og_description":"PAGELT\u0118 LAPAI  \u201eNe bob\u0173 vasara\u201c\u00a0\u2013 knyga brand\u017eioms moterims, kuria\u00a0R\u016bta Vanagait\u0117\u00a0pasitinka savo \u0161e\u0161iasde\u0161imtmet\u012f. Tai daugel\u012f tabu lau\u017eanti, skaud\u017eiai asmeni\u0161ka ir drauge universalios i\u0161minties kupina. J\u0105 verta perskaityti kiekvienai keturiasde\u0161imtmetei, o juo labiau toms, kuri\u0173 gyvenimas eina link auksinio rudens. Pasisemk i\u0161 R\u016btos i\u0161minties, dr\u0105sos ir optimizmo. B\u016bk pagaliau laiminga.  \u201eAr tau jau keturiasde\u0161imt? O gal ma\u017eiau, bet i\u0161pa\u017e\u012fsti am\u017einos jaunyst\u0117s kult\u0105 ir gyvenimo pusiaukel\u0117 tau atrodo tolygi mir\u010diai? Tuomet paimk \u012f rankas \u0161i\u0105 knyg\u0105 ir pabandyk prisijaukinti sen\u0117jimo baim\u0119. O gal tau jau daugiau nei penkiasde\u0161imt \u2013 kaip man? Sveika, mieloji. A\u0161 pa\u017e\u012fstu tave ir \u017einau, kaip jautiesi. Svarbiausia, \u017einau, kad tu \u2013 ne boba. Tu Moteris \u2013 gra\u017ei, stipri, gera. Ir jauna, nes Moteris nesensta. Savo jubiliejaus i\u0161vakar\u0117se para\u0161iau knyg\u0105, kuri pad\u0117s tau b\u016bti truput\u012f laimingesnei \u2013 kad ir kokio am\u017eiaus esi sulaukusi, kad ir kokius sunkumus patiri. Ji man pa\u010diai pad\u0117jo. \u0160i knyga bus tavo draug\u0117, su kuria ni\u016bri\u0105 dien\u0105 lengviau i\u0161sklaidysi juodus debesis ir ai\u0161kiau pamatysi saul\u0119.","og_url":"https:\/\/skaitytaknyga.lt\/en\/produktas\/ruta-vanagaite-ne-bobu-vasara\/","og_site_name":"Skaitytaknyga","article_publisher":"https:\/\/www.facebook.com\/skaitytaknyga\/","article_modified_time":"2025-07-03T12:30:03+00:00","og_image":[{"width":403,"height":600,"url":"https:\/\/skaitytaknyga.lt\/wp-content\/uploads\/2024\/04\/ne-bobu-vasara.png","type":"image\/png"}],"twitter_card":"summary_large_image","schema":{"@context":"https:\/\/schema.org","@graph":[{"@type":"WebPage","@id":"https:\/\/skaitytaknyga.lt\/produktas\/ruta-vanagaite-ne-bobu-vasara\/","url":"https:\/\/skaitytaknyga.lt\/produktas\/ruta-vanagaite-ne-bobu-vasara\/","name":"R\u016bta Vanagait\u0117 \u201eNe bob\u0173 vasara\u201c","isPartOf":{"@id":"https:\/\/skaitytaknyga.lt\/#website"},"primaryImageOfPage":{"@id":"https:\/\/skaitytaknyga.lt\/produktas\/ruta-vanagaite-ne-bobu-vasara\/#primaryimage"},"image":{"@id":"https:\/\/skaitytaknyga.lt\/produktas\/ruta-vanagaite-ne-bobu-vasara\/#primaryimage"},"thumbnailUrl":"https:\/\/skaitytaknyga.lt\/wp-content\/uploads\/2024\/04\/ne-bobu-vasara.png","datePublished":"2024-04-17T13:06:51+00:00","dateModified":"2025-07-03T12:30:03+00:00","description":"PAGELT\u0118 LAPAI \u201eNe bob\u0173 vasara\u201c\u00a0\u2013 knyga brand\u017eioms moterims, kuria\u00a0R\u016bta Vanagait\u0117\u00a0pasitinka savo \u0161e\u0161iasde\u0161imtmet\u012f. Tai daugel\u012f tabu lau\u017eanti, skaud\u017eiai asmeni\u0161ka ir drauge universalios i\u0161minties kupina. J\u0105 verta perskaityti kiekvienai keturiasde\u0161imtmetei, o juo labiau toms, kuri\u0173 gyvenimas eina link auksinio rudens. Pasisemk i\u0161 R\u016btos i\u0161minties, dr\u0105sos ir optimizmo. B\u016bk pagaliau laiminga. \u201eAr tau jau keturiasde\u0161imt? O gal ma\u017eiau, bet i\u0161pa\u017e\u012fsti am\u017einos jaunyst\u0117s kult\u0105 ir gyvenimo pusiaukel\u0117 tau atrodo tolygi mir\u010diai? Tuomet paimk \u012f rankas \u0161i\u0105 knyg\u0105 ir pabandyk prisijaukinti sen\u0117jimo baim\u0119. O gal tau jau daugiau nei penkiasde\u0161imt \u2013 kaip man? Sveika, mieloji. A\u0161 pa\u017e\u012fstu tave ir \u017einau, kaip jautiesi. Svarbiausia, \u017einau, kad tu \u2013 ne boba. Tu Moteris \u2013 gra\u017ei, stipri, gera. Ir jauna, nes Moteris nesensta. Savo jubiliejaus i\u0161vakar\u0117se para\u0161iau knyg\u0105, kuri pad\u0117s tau b\u016bti truput\u012f laimingesnei \u2013 kad ir kokio am\u017eiaus esi sulaukusi, kad ir kokius sunkumus patiri. Ji man pa\u010diai pad\u0117jo. \u0160i knyga bus tavo draug\u0117, su kuria ni\u016bri\u0105 dien\u0105 lengviau i\u0161sklaidysi juodus debesis ir ai\u0161kiau pamatysi saul\u0119.","breadcrumb":{"@id":"https:\/\/skaitytaknyga.lt\/produktas\/ruta-vanagaite-ne-bobu-vasara\/#breadcrumb"},"inLanguage":"en-GB","potentialAction":[{"@type":"ReadAction","target":["https:\/\/skaitytaknyga.lt\/produktas\/ruta-vanagaite-ne-bobu-vasara\/"]}]},{"@type":"ImageObject","inLanguage":"en-GB","@id":"https:\/\/skaitytaknyga.lt\/produktas\/ruta-vanagaite-ne-bobu-vasara\/#primaryimage","url":"https:\/\/skaitytaknyga.lt\/wp-content\/uploads\/2024\/04\/ne-bobu-vasara.png","contentUrl":"https:\/\/skaitytaknyga.lt\/wp-content\/uploads\/2024\/04\/ne-bobu-vasara.png","width":403,"height":600,"caption":"ne bobu vasara"},{"@type":"BreadcrumbList","@id":"https:\/\/skaitytaknyga.lt\/produktas\/ruta-vanagaite-ne-bobu-vasara\/#breadcrumb","itemListElement":[{"@type":"ListItem","position":1,"name":"Home","item":"https:\/\/skaitytaknyga.lt\/"},{"@type":"ListItem","position":2,"name":"Parduotuv\u0117","item":"https:\/\/skaitytaknyga.lt\/knygu-parduotuve\/"},{"@type":"ListItem","position":3,"name":"R\u016bta Vanagait\u0117 \u201eNe bob\u0173 vasara\u201c"}]},{"@type":"WebSite","@id":"https:\/\/skaitytaknyga.lt\/#website","url":"https:\/\/skaitytaknyga.lt\/","name":"skaitytaknyga.lt","description":"Skaitytaknyga.lt \u2013 tai ma\u017eas \u0161eimos verslas, kuris prasid\u0117jo nuo meil\u0117s knygoms ir siekio i\u0161gelb\u0117ti knygas nuo likimo prie konteinerio. Kas vienam nereikalingas daiktas \u2013 kitam lobis, o mes esame tarpininkai, kurie padeda abiems tapti laimingesniems ???? \u017dinome kaip nelengva i\u0161gyventi ma\u017eiems verslams, tad nuo \u0161iol, \u010dia rasite ir kit\u0173, ma\u017e\u0173 \u0161eim\u0173 versl\u0173, rank\u0173 darbo, dovan\u0173 sau ir artimiesiems.","publisher":{"@id":"https:\/\/skaitytaknyga.lt\/#organization"},"potentialAction":[{"@type":"SearchAction","target":{"@type":"EntryPoint","urlTemplate":"https:\/\/skaitytaknyga.lt\/?s={search_term_string}"},"query-input":{"@type":"PropertyValueSpecification","valueRequired":true,"valueName":"search_term_string"}}],"inLanguage":"en-GB"},{"@type":"Organization","@id":"https:\/\/skaitytaknyga.lt\/#organization","name":"skaitytaknyga.lt","url":"https:\/\/skaitytaknyga.lt\/","logo":{"@type":"ImageObject","inLanguage":"en-GB","@id":"https:\/\/skaitytaknyga.lt\/#\/schema\/logo\/image\/","url":"https:\/\/skaitytaknyga.lt\/wp-content\/uploads\/2024\/05\/cropped-cropped-cropped-02_00843_jt3bggkj1j3HLc7SyY6rEUpg.jpeg","contentUrl":"https:\/\/skaitytaknyga.lt\/wp-content\/uploads\/2024\/05\/cropped-cropped-cropped-02_00843_jt3bggkj1j3HLc7SyY6rEUpg.jpeg","width":1600,"height":1600,"caption":"skaitytaknyga.lt"},"image":{"@id":"https:\/\/skaitytaknyga.lt\/#\/schema\/logo\/image\/"},"sameAs":["https:\/\/www.facebook.com\/skaitytaknyga\/"]}]}},"_links":{"self":[{"href":"https:\/\/skaitytaknyga.lt\/en\/wp-json\/wp\/v2\/product\/2260","targetHints":{"allow":["GET"]}}],"collection":[{"href":"https:\/\/skaitytaknyga.lt\/en\/wp-json\/wp\/v2\/product"}],"about":[{"href":"https:\/\/skaitytaknyga.lt\/en\/wp-json\/wp\/v2\/types\/product"}],"replies":[{"embeddable":true,"href":"https:\/\/skaitytaknyga.lt\/en\/wp-json\/wp\/v2\/comments?post=2260"}],"wp:featuredmedia":[{"embeddable":true,"href":"https:\/\/skaitytaknyga.lt\/en\/wp-json\/wp\/v2\/media\/2309"}],"wp:attachment":[{"href":"https:\/\/skaitytaknyga.lt\/en\/wp-json\/wp\/v2\/media?parent=2260"}],"wp:term":[{"taxonomy":"product_brand","embeddable":true,"href":"https:\/\/skaitytaknyga.lt\/en\/wp-json\/wp\/v2\/product_brand?post=2260"},{"taxonomy":"product_cat","embeddable":true,"href":"https:\/\/skaitytaknyga.lt\/en\/wp-json\/wp\/v2\/product_cat?post=2260"},{"taxonomy":"product_tag","embeddable":true,"href":"https:\/\/skaitytaknyga.lt\/en\/wp-json\/wp\/v2\/product_tag?post=2260"}],"curies":[{"name":"wp","href":"https:\/\/api.w.org\/{rel}","templated":true}]}}