{"id":22591,"date":"2025-12-27T17:47:55","date_gmt":"2025-12-27T15:47:55","guid":{"rendered":"https:\/\/skaitytaknyga.lt\/?post_type=product&#038;p=22591"},"modified":"2026-02-26T09:56:14","modified_gmt":"2026-02-26T07:56:14","slug":"politiniu-ideju-sistema","status":"publish","type":"product","link":"https:\/\/skaitytaknyga.lt\/en\/produktas\/politiniu-ideju-sistema\/","title":{"rendered":"Politini\u0173 id\u0117j\u0173 sistema"},"content":{"rendered":"<p>\u0160ioje knygoje autorius nuosekliai vysto savo originali\u0105 politini\u0173 id\u0117j\u0173 sistem\u0105. Ta\u010diau, kaip pabr\u0117\u017eia pats autorius, \u0161i knyga &#8211; tai politinis veikalas, nes politin\u0117s id\u0117jos, anot autoriaus, yra ne objektyvios tiesos, bet \u017emoni\u0173 ir j\u0173 sluoksni\u0173 ekonomini\u0173-socialini\u0173 bei nacionalini\u0173-kult\u016brini\u0173 interes\u0173 i\u0161rai\u0161ka. Tad ir \u0161ioje knygoje autorius, nors ir ap\u017evelgia visas pagrindines politines id\u0117jas, did\u017eiausi\u0105 d\u0117mes\u012f skiria vidurinio visuomen\u0117s sluoksnio l\u016bkes\u010dius atspindin\u010dioms socialliberalizmo ir socialdemokratijos id\u0117joms, ai\u0161kiai atskiria jas nuo komunistini\u0173 bei liberali\u0173 politini\u0173 id\u0117j\u0173 bei nusako j\u0173 sud\u0117tingas s\u0105veikas<\/p>\n","protected":false},"excerpt":{"rendered":"<p>\u0160ioje knygoje autorius nuosekliai vysto savo originali\u0105 politini\u0173 id\u0117j\u0173 sistem\u0105. Ta\u010diau, kaip pabr\u0117\u017eia pats autorius, \u0161i knyga &#8211; tai politinis veikalas, nes politin\u0117s id\u0117jos, anot autoriaus, yra ne objektyvios tiesos, bet \u017emoni\u0173 ir j\u0173 sluoksni\u0173 ekonomini\u0173-socialini\u0173 bei nacionalini\u0173-kult\u016brini\u0173 interes\u0173 i\u0161rai\u0161ka. Tad ir \u0161ioje knygoje autorius, nors ir ap\u017evelgia visas pagrindines politines id\u0117jas, did\u017eiausi\u0105 d\u0117mes\u012f skiria vidurinio visuomen\u0117s sluoksnio l\u016bkes\u010dius atspindin\u010dioms socialliberalizmo ir socialdemokratijos id\u0117joms, ai\u0161kiai atskiria jas nuo komunistini\u0173 bei liberali\u0173 politini\u0173 id\u0117j\u0173 bei nusako j\u0173 sud\u0117tingas s\u0105veikas<\/p>\n","protected":false},"featured_media":22607,"comment_status":"open","ping_status":"closed","template":"","meta":{"_acf_changed":false,"site-sidebar-layout":"default","site-content-layout":"","ast-site-content-layout":"default","site-content-style":"default","site-sidebar-style":"default","ast-global-header-display":"","ast-banner-title-visibility":"","ast-main-header-display":"","ast-hfb-above-header-display":"","ast-hfb-below-header-display":"","ast-hfb-mobile-header-display":"","site-post-title":"","ast-breadcrumbs-content":"","ast-featured-img":"","footer-sml-layout":"","ast-disable-related-posts":"","theme-transparent-header-meta":"","adv-header-id-meta":"","stick-header-meta":"","header-above-stick-meta":"","header-main-stick-meta":"","header-below-stick-meta":"","astra-migrate-meta-layouts":"default","ast-page-background-enabled":"default","ast-page-background-meta":{"desktop":{"background-color":"","background-image":"","background-repeat":"repeat","background-position":"center center","background-size":"auto","background-attachment":"scroll","background-type":"","background-media":"","overlay-type":"","overlay-color":"","overlay-opacity":"","overlay-gradient":""},"tablet":{"background-color":"","background-image":"","background-repeat":"repeat","background-position":"center center","background-size":"auto","background-attachment":"scroll","background-type":"","background-media":"","overlay-type":"","overlay-color":"","overlay-opacity":"","overlay-gradient":""},"mobile":{"background-color":"","background-image":"","background-repeat":"repeat","background-position":"center center","background-size":"auto","background-attachment":"scroll","background-type":"","background-media":"","overlay-type":"","overlay-color":"","overlay-opacity":"","overlay-gradient":""}},"ast-content-background-meta":{"desktop":{"background-color":"var(--ast-global-color-4)","background-image":"","background-repeat":"repeat","background-position":"center center","background-size":"auto","background-attachment":"scroll","background-type":"","background-media":"","overlay-type":"","overlay-color":"","overlay-opacity":"","overlay-gradient":""},"tablet":{"background-color":"var(--ast-global-color-4)","background-image":"","background-repeat":"repeat","background-position":"center center","background-size":"auto","background-attachment":"scroll","background-type":"","background-media":"","overlay-type":"","overlay-color":"","overlay-opacity":"","overlay-gradient":""},"mobile":{"background-color":"var(--ast-global-color-4)","background-image":"","background-repeat":"repeat","background-position":"center center","background-size":"auto","background-attachment":"scroll","background-type":"","background-media":"","overlay-type":"","overlay-color":"","overlay-opacity":"","overlay-gradient":""}}},"product_brand":[],"product_cat":[174],"product_tag":[],"class_list":{"0":"post-22591","1":"product","2":"type-product","3":"status-publish","4":"has-post-thumbnail","6":"product_cat-istorija-ir-politologija","7":"desktop-align-left","8":"tablet-align-left","9":"mobile-align-left","11":"first","12":"instock","13":"shipping-taxable","14":"purchasable","15":"product-type-simple"},"acf":[],"yoast_head":"<!-- This site is optimized with the Yoast SEO plugin v27.0 - https:\/\/yoast.com\/product\/yoast-seo-wordpress\/ -->\n<title>Politini\u0173 id\u0117j\u0173 sistema<\/title>\n<meta name=\"description\" content=\"\u0160ioje knygoje autorius nuosekliai vysto savo originali\u0105 politini\u0173 id\u0117j\u0173 sistem\u0105. Ta\u010diau, kaip pabr\u0117\u017eia pats autorius, \u0161i knyga - tai politinis veikalas,\" \/>\n<meta name=\"robots\" content=\"index, follow, max-snippet:-1, max-image-preview:large, max-video-preview:-1\" \/>\n<link rel=\"canonical\" href=\"https:\/\/skaitytaknyga.lt\/en\/produktas\/politiniu-ideju-sistema\/\" \/>\n<meta property=\"og:locale\" content=\"en_GB\" \/>\n<meta property=\"og:locale:alternate\" content=\"lt_LT\" \/>\n<meta property=\"og:type\" content=\"article\" \/>\n<meta property=\"og:title\" content=\"Politini\u0173 id\u0117j\u0173 sistema\" \/>\n<meta property=\"og:description\" content=\"\u0160ioje knygoje autorius nuosekliai vysto savo originali\u0105 politini\u0173 id\u0117j\u0173 sistem\u0105. Ta\u010diau, kaip pabr\u0117\u017eia pats autorius, \u0161i knyga - tai politinis veikalas,\" \/>\n<meta property=\"og:url\" content=\"https:\/\/skaitytaknyga.lt\/en\/produktas\/politiniu-ideju-sistema\/\" \/>\n<meta property=\"og:site_name\" content=\"Skaitytaknyga\" \/>\n<meta property=\"article:publisher\" content=\"https:\/\/www.facebook.com\/skaitytaknyga\/\" \/>\n<meta property=\"article:modified_time\" content=\"2026-02-26T07:56:14+00:00\" \/>\n<meta property=\"og:image\" content=\"https:\/\/skaitytaknyga.lt\/wp-content\/uploads\/2026\/01\/Politiniu-ideju-sistema.webp\" \/>\n\t<meta property=\"og:image:width\" content=\"300\" \/>\n\t<meta property=\"og:image:height\" content=\"405\" \/>\n\t<meta property=\"og:image:type\" content=\"image\/webp\" \/>\n<meta name=\"twitter:card\" content=\"summary_large_image\" \/>\n<meta name=\"twitter:label1\" content=\"Estimated reading time\" \/>\n\t<meta name=\"twitter:data1\" content=\"1 minute\" \/>\n<script type=\"application\/ld+json\" class=\"yoast-schema-graph\">{\"@context\":\"https:\/\/schema.org\",\"@graph\":[{\"@type\":\"WebPage\",\"@id\":\"https:\/\/skaitytaknyga.lt\/produktas\/politiniu-ideju-sistema\/\",\"url\":\"https:\/\/skaitytaknyga.lt\/produktas\/politiniu-ideju-sistema\/\",\"name\":\"Politini\u0173 id\u0117j\u0173 sistema\",\"isPartOf\":{\"@id\":\"https:\/\/skaitytaknyga.lt\/#website\"},\"primaryImageOfPage\":{\"@id\":\"https:\/\/skaitytaknyga.lt\/produktas\/politiniu-ideju-sistema\/#primaryimage\"},\"image\":{\"@id\":\"https:\/\/skaitytaknyga.lt\/produktas\/politiniu-ideju-sistema\/#primaryimage\"},\"thumbnailUrl\":\"https:\/\/skaitytaknyga.lt\/wp-content\/uploads\/2026\/01\/Politiniu-ideju-sistema.webp\",\"datePublished\":\"2025-12-27T15:47:55+00:00\",\"dateModified\":\"2026-02-26T07:56:14+00:00\",\"description\":\"\u0160ioje knygoje autorius nuosekliai vysto savo originali\u0105 politini\u0173 id\u0117j\u0173 sistem\u0105. Ta\u010diau, kaip pabr\u0117\u017eia pats autorius, \u0161i knyga - tai politinis veikalas,\",\"breadcrumb\":{\"@id\":\"https:\/\/skaitytaknyga.lt\/produktas\/politiniu-ideju-sistema\/#breadcrumb\"},\"inLanguage\":\"en-GB\",\"potentialAction\":[{\"@type\":\"ReadAction\",\"target\":[\"https:\/\/skaitytaknyga.lt\/produktas\/politiniu-ideju-sistema\/\"]}]},{\"@type\":\"ImageObject\",\"inLanguage\":\"en-GB\",\"@id\":\"https:\/\/skaitytaknyga.lt\/produktas\/politiniu-ideju-sistema\/#primaryimage\",\"url\":\"https:\/\/skaitytaknyga.lt\/wp-content\/uploads\/2026\/01\/Politiniu-ideju-sistema.webp\",\"contentUrl\":\"https:\/\/skaitytaknyga.lt\/wp-content\/uploads\/2026\/01\/Politiniu-ideju-sistema.webp\",\"width\":300,\"height\":405,\"caption\":\"Politini\u0173 id\u0117j\u0173 sistema\"},{\"@type\":\"BreadcrumbList\",\"@id\":\"https:\/\/skaitytaknyga.lt\/produktas\/politiniu-ideju-sistema\/#breadcrumb\",\"itemListElement\":[{\"@type\":\"ListItem\",\"position\":1,\"name\":\"Home\",\"item\":\"https:\/\/skaitytaknyga.lt\/\"},{\"@type\":\"ListItem\",\"position\":2,\"name\":\"Parduotuv\u0117\",\"item\":\"https:\/\/skaitytaknyga.lt\/knygu-parduotuve\/\"},{\"@type\":\"ListItem\",\"position\":3,\"name\":\"Politini\u0173 id\u0117j\u0173 sistema\"}]},{\"@type\":\"WebSite\",\"@id\":\"https:\/\/skaitytaknyga.lt\/#website\",\"url\":\"https:\/\/skaitytaknyga.lt\/\",\"name\":\"skaitytaknyga.lt\",\"description\":\"Skaitytaknyga.lt \u2013 tai ma\u017eas \u0161eimos verslas, kuris prasid\u0117jo nuo meil\u0117s knygoms ir siekio i\u0161gelb\u0117ti knygas nuo likimo prie konteinerio. Kas vienam nereikalingas daiktas \u2013 kitam lobis, o mes esame tarpininkai, kurie padeda abiems tapti laimingesniems ???? \u017dinome kaip nelengva i\u0161gyventi ma\u017eiems verslams, tad nuo \u0161iol, \u010dia rasite ir kit\u0173, ma\u017e\u0173 \u0161eim\u0173 versl\u0173, rank\u0173 darbo, dovan\u0173 sau ir artimiesiems.\",\"publisher\":{\"@id\":\"https:\/\/skaitytaknyga.lt\/#organization\"},\"potentialAction\":[{\"@type\":\"SearchAction\",\"target\":{\"@type\":\"EntryPoint\",\"urlTemplate\":\"https:\/\/skaitytaknyga.lt\/?s={search_term_string}\"},\"query-input\":{\"@type\":\"PropertyValueSpecification\",\"valueRequired\":true,\"valueName\":\"search_term_string\"}}],\"inLanguage\":\"en-GB\"},{\"@type\":\"Organization\",\"@id\":\"https:\/\/skaitytaknyga.lt\/#organization\",\"name\":\"skaitytaknyga.lt\",\"url\":\"https:\/\/skaitytaknyga.lt\/\",\"logo\":{\"@type\":\"ImageObject\",\"inLanguage\":\"en-GB\",\"@id\":\"https:\/\/skaitytaknyga.lt\/#\/schema\/logo\/image\/\",\"url\":\"https:\/\/skaitytaknyga.lt\/wp-content\/uploads\/2024\/05\/cropped-cropped-cropped-02_00843_jt3bggkj1j3HLc7SyY6rEUpg.jpeg\",\"contentUrl\":\"https:\/\/skaitytaknyga.lt\/wp-content\/uploads\/2024\/05\/cropped-cropped-cropped-02_00843_jt3bggkj1j3HLc7SyY6rEUpg.jpeg\",\"width\":1600,\"height\":1600,\"caption\":\"skaitytaknyga.lt\"},\"image\":{\"@id\":\"https:\/\/skaitytaknyga.lt\/#\/schema\/logo\/image\/\"},\"sameAs\":[\"https:\/\/www.facebook.com\/skaitytaknyga\/\"]}]}<\/script>\n<!-- \/ Yoast SEO plugin. -->","yoast_head_json":{"title":"Politini\u0173 id\u0117j\u0173 sistema","description":"\u0160ioje knygoje autorius nuosekliai vysto savo originali\u0105 politini\u0173 id\u0117j\u0173 sistem\u0105. Ta\u010diau, kaip pabr\u0117\u017eia pats autorius, \u0161i knyga - tai politinis veikalas,","robots":{"index":"index","follow":"follow","max-snippet":"max-snippet:-1","max-image-preview":"max-image-preview:large","max-video-preview":"max-video-preview:-1"},"canonical":"https:\/\/skaitytaknyga.lt\/en\/produktas\/politiniu-ideju-sistema\/","og_locale":"en_GB","og_type":"article","og_title":"[:lt]Politini\u0173 id\u0117j\u0173 sistema[:] - Skaitytaknyga","og_description":"\u0160ioje knygoje autorius nuosekliai vysto savo originali\u0105 politini\u0173 id\u0117j\u0173 sistem\u0105. Ta\u010diau, kaip pabr\u0117\u017eia pats autorius, \u0161i knyga - tai politinis veikalas,","og_url":"https:\/\/skaitytaknyga.lt\/en\/produktas\/politiniu-ideju-sistema\/","og_site_name":"Skaitytaknyga","article_publisher":"https:\/\/www.facebook.com\/skaitytaknyga\/","article_modified_time":"2026-02-26T07:56:14+00:00","og_image":[{"width":300,"height":405,"url":"https:\/\/skaitytaknyga.lt\/wp-content\/uploads\/2026\/01\/Politiniu-ideju-sistema.webp","type":"image\/webp"}],"twitter_card":"summary_large_image","twitter_misc":{"Estimated reading time":"1 minute"},"schema":{"@context":"https:\/\/schema.org","@graph":[{"@type":"WebPage","@id":"https:\/\/skaitytaknyga.lt\/produktas\/politiniu-ideju-sistema\/","url":"https:\/\/skaitytaknyga.lt\/produktas\/politiniu-ideju-sistema\/","name":"Politini\u0173 id\u0117j\u0173 sistema","isPartOf":{"@id":"https:\/\/skaitytaknyga.lt\/#website"},"primaryImageOfPage":{"@id":"https:\/\/skaitytaknyga.lt\/produktas\/politiniu-ideju-sistema\/#primaryimage"},"image":{"@id":"https:\/\/skaitytaknyga.lt\/produktas\/politiniu-ideju-sistema\/#primaryimage"},"thumbnailUrl":"https:\/\/skaitytaknyga.lt\/wp-content\/uploads\/2026\/01\/Politiniu-ideju-sistema.webp","datePublished":"2025-12-27T15:47:55+00:00","dateModified":"2026-02-26T07:56:14+00:00","description":"\u0160ioje knygoje autorius nuosekliai vysto savo originali\u0105 politini\u0173 id\u0117j\u0173 sistem\u0105. Ta\u010diau, kaip pabr\u0117\u017eia pats autorius, \u0161i knyga - tai politinis veikalas,","breadcrumb":{"@id":"https:\/\/skaitytaknyga.lt\/produktas\/politiniu-ideju-sistema\/#breadcrumb"},"inLanguage":"en-GB","potentialAction":[{"@type":"ReadAction","target":["https:\/\/skaitytaknyga.lt\/produktas\/politiniu-ideju-sistema\/"]}]},{"@type":"ImageObject","inLanguage":"en-GB","@id":"https:\/\/skaitytaknyga.lt\/produktas\/politiniu-ideju-sistema\/#primaryimage","url":"https:\/\/skaitytaknyga.lt\/wp-content\/uploads\/2026\/01\/Politiniu-ideju-sistema.webp","contentUrl":"https:\/\/skaitytaknyga.lt\/wp-content\/uploads\/2026\/01\/Politiniu-ideju-sistema.webp","width":300,"height":405,"caption":"Politini\u0173 id\u0117j\u0173 sistema"},{"@type":"BreadcrumbList","@id":"https:\/\/skaitytaknyga.lt\/produktas\/politiniu-ideju-sistema\/#breadcrumb","itemListElement":[{"@type":"ListItem","position":1,"name":"Home","item":"https:\/\/skaitytaknyga.lt\/"},{"@type":"ListItem","position":2,"name":"Parduotuv\u0117","item":"https:\/\/skaitytaknyga.lt\/knygu-parduotuve\/"},{"@type":"ListItem","position":3,"name":"Politini\u0173 id\u0117j\u0173 sistema"}]},{"@type":"WebSite","@id":"https:\/\/skaitytaknyga.lt\/#website","url":"https:\/\/skaitytaknyga.lt\/","name":"skaitytaknyga.lt","description":"Skaitytaknyga.lt \u2013 tai ma\u017eas \u0161eimos verslas, kuris prasid\u0117jo nuo meil\u0117s knygoms ir siekio i\u0161gelb\u0117ti knygas nuo likimo prie konteinerio. Kas vienam nereikalingas daiktas \u2013 kitam lobis, o mes esame tarpininkai, kurie padeda abiems tapti laimingesniems ???? \u017dinome kaip nelengva i\u0161gyventi ma\u017eiems verslams, tad nuo \u0161iol, \u010dia rasite ir kit\u0173, ma\u017e\u0173 \u0161eim\u0173 versl\u0173, rank\u0173 darbo, dovan\u0173 sau ir artimiesiems.","publisher":{"@id":"https:\/\/skaitytaknyga.lt\/#organization"},"potentialAction":[{"@type":"SearchAction","target":{"@type":"EntryPoint","urlTemplate":"https:\/\/skaitytaknyga.lt\/?s={search_term_string}"},"query-input":{"@type":"PropertyValueSpecification","valueRequired":true,"valueName":"search_term_string"}}],"inLanguage":"en-GB"},{"@type":"Organization","@id":"https:\/\/skaitytaknyga.lt\/#organization","name":"skaitytaknyga.lt","url":"https:\/\/skaitytaknyga.lt\/","logo":{"@type":"ImageObject","inLanguage":"en-GB","@id":"https:\/\/skaitytaknyga.lt\/#\/schema\/logo\/image\/","url":"https:\/\/skaitytaknyga.lt\/wp-content\/uploads\/2024\/05\/cropped-cropped-cropped-02_00843_jt3bggkj1j3HLc7SyY6rEUpg.jpeg","contentUrl":"https:\/\/skaitytaknyga.lt\/wp-content\/uploads\/2024\/05\/cropped-cropped-cropped-02_00843_jt3bggkj1j3HLc7SyY6rEUpg.jpeg","width":1600,"height":1600,"caption":"skaitytaknyga.lt"},"image":{"@id":"https:\/\/skaitytaknyga.lt\/#\/schema\/logo\/image\/"},"sameAs":["https:\/\/www.facebook.com\/skaitytaknyga\/"]}]}},"_links":{"self":[{"href":"https:\/\/skaitytaknyga.lt\/en\/wp-json\/wp\/v2\/product\/22591","targetHints":{"allow":["GET"]}}],"collection":[{"href":"https:\/\/skaitytaknyga.lt\/en\/wp-json\/wp\/v2\/product"}],"about":[{"href":"https:\/\/skaitytaknyga.lt\/en\/wp-json\/wp\/v2\/types\/product"}],"replies":[{"embeddable":true,"href":"https:\/\/skaitytaknyga.lt\/en\/wp-json\/wp\/v2\/comments?post=22591"}],"wp:featuredmedia":[{"embeddable":true,"href":"https:\/\/skaitytaknyga.lt\/en\/wp-json\/wp\/v2\/media\/22607"}],"wp:attachment":[{"href":"https:\/\/skaitytaknyga.lt\/en\/wp-json\/wp\/v2\/media?parent=22591"}],"wp:term":[{"taxonomy":"product_brand","embeddable":true,"href":"https:\/\/skaitytaknyga.lt\/en\/wp-json\/wp\/v2\/product_brand?post=22591"},{"taxonomy":"product_cat","embeddable":true,"href":"https:\/\/skaitytaknyga.lt\/en\/wp-json\/wp\/v2\/product_cat?post=22591"},{"taxonomy":"product_tag","embeddable":true,"href":"https:\/\/skaitytaknyga.lt\/en\/wp-json\/wp\/v2\/product_tag?post=22591"}],"curies":[{"name":"wp","href":"https:\/\/api.w.org\/{rel}","templated":true}]}}