{"id":22588,"date":"2025-12-27T17:47:54","date_gmt":"2025-12-27T15:47:54","guid":{"rendered":"https:\/\/skaitytaknyga.lt\/?post_type=product&#038;p=22588"},"modified":"2026-03-18T13:19:08","modified_gmt":"2026-03-18T11:19:08","slug":"jonizuotas-vanduo-gyvenimas-be-ligu","status":"publish","type":"product","link":"https:\/\/skaitytaknyga.lt\/en\/produktas\/jonizuotas-vanduo-gyvenimas-be-ligu\/","title":{"rendered":"Jonizuotas vanduo. Gyvenimas be lig\u0173"},"content":{"rendered":"<p>Neskub\u0117kite \u012f vaistin\u0119, jei pasijutote blogiau! Yra paprastesnis ir kur kas efektyvesnis b\u016bdas atstatyti sveikat\u0105, k\u016bno ir sielos harmonij\u0105<\/p>\n<p>Produkt\u0173 galiojimo laikas vis ilg\u0117ja, o \u017emogaus gyvenimo trukm\u0117 \u2013 trump\u0117ja.<\/p>\n<p>Vaistin\u0117se vis daugiau \u012fvairiausi\u0173 vaist\u0173, o sveik\u0173 \u017emoni\u0173 \u2013 vis ma\u017eiau.<\/p>\n<p>Diagnostikos metodai vis sud\u0117tingesni ir tobulesni, o ligos \u2013 vis \u012fvairesn\u0117s ir pavojingesn\u0117s\u2026<\/p>\n<p>I\u0161kyla pagr\u012fstas klausimas: KOD\u0116L? K\u0105 darome neteisingai? Kod\u0117l mes sergame ir senstame? Atsakym\u0105 rasite \u0161ioje knygoje. Taip pat su\u017einosite apie vaist\u0105, kuris efektyviai padeda kovoti su:<\/p>\n<p>&#8211; \u0160irdies ligomis, ateroskleroze, auk\u0161tu arba \u017eemu kraujosp\u016bd\u017eiu<\/p>\n<p>&#8211; Atritu, podagra<\/p>\n<p>&#8211; Gastritu, kolitu<\/p>\n<p>&#8211; Inkst\u0173 ligomis<\/p>\n<p>&#8211; \u0160ienlige, astma<\/p>\n<p>&#8211; V\u0117\u017eiu<\/p>\n<p>&#8211; Cukriniu diabetu<\/p>\n<p>&#8211; Aki\u0173 ligomis ir daugybe kit\u0173 sunki\u0173 lig\u0173 ir negalavim\u0173!<\/p>\n<p>Skaitykite knygos i\u0161trauk\u0105<\/p>\n<p>Apie autori\u0173<\/p>\n<p>Telesforas Laucevi\u010dius (gim. 1942 m.) 1964 m. baig\u0117 Kauno Politechnikos Instituto chemin\u0117s technologijos fakultet\u0105. Dirbdamas pagal specialyb\u0119 \u012fvairiose pareigose autorius nuolat dom\u0117josi sveika gyvensena, organizmo galimyb\u0117mis pa\u010diam \u012fveikti susirgimus.<\/p>\n<p>Pastaruosius penkiolika met\u0173 T.Laucevi\u010dius pagrindin\u012f d\u0117mes\u012f skyr\u0117 i\u0161skirtin\u0117ms jonizuoto vandens savyb\u0117ms, ypa\u010d jo efektyviam panaudojimui susirgim\u0173 profilaktikai. Kartu su savo bendra\u017eygiais suk\u016br\u0117 s\u0117kmingai ir dabar gaminam\u0105 pirm\u0105j\u012f lietuvi\u0161k\u0105 vandens jonizatori\u0173, sulaukus\u012f didelio populiarumo ne tik Lietuvoje, bet ir Vakar\u0173 Europoje.<\/p>\n<p>Autoriaus nuomone, Lietuvoje steb\u0117tinai per ma\u017eai domimasi jonizuotu vandeniu, kurio ypatingos savyb\u0117s pripa\u017eintos Japonijos, Vokietijos, Rusijos tyrin\u0117toj\u0173. Tokio vandens panaudojimas ypa\u010d platus: nuo susirgim\u0173 profilaktikos, gydymo ir ekologi\u0161kos \u017eemdirbyst\u0117s.<\/p>\n<p>T.Laucevi\u010dius supa\u017eindina skaitytoj\u0105 su unikaliomis jonizuoto vandens savyb\u0117mis, skatina \u012fsiklausyti \u012f organizmo siun\u010diamus tro\u0161kulio signalus, akcentuoja dvasin\u0117s b\u016bkl\u0117s svarb\u0105, pataria, kaip pa\u010diam \u012fvertinti organizmo b\u016bkl\u0119 ir ragina \u012fgytas \u017einias taikyti kasdieniniame gyvenime.<\/p>\n<p>Bet kuris sveikatos sutrikimas, i\u0161skyrus traumas ir nelaimingus atsitikimus, visada prasideda organizmo med\u017eiag\u0173 apykaitos sutrikimu, kurios viena i\u0161 sudedam\u0173 dali\u0173 ir, ko gero, svarbiausia yra \u0161arm\u0173-r\u016bg\u0161\u010di\u0173 balansas. Mes esame sveiki tol, kol \u0161is balansas yra pusiausvyroje, o susirgus sveikti imame tada, kai \u0161is balansas yra atstatomas.<\/p>\n<p>M\u016bs\u0173 organizmo svarbiausias gyvybinis skystis yra kraujas, kurio \u0161arm\u0173-r\u016bg\u0161\u010di\u0173 pusiausvyra gali svyruoti labai nedidel\u0117se ribose. Tr\u016bkstant \u0161i\u0173 element\u0173, organizmas juos naudoja i\u0161 savo atsarg\u0173. Jeigu kalcio negauname su maistu ar g\u0117rimais, organizmas kalc\u012f pasiima i\u0161 kaul\u0173, dant\u0173. Pana\u0161iai organizmas elgiasi tr\u016bkstant kalio, natrio, magnio. Pad\u0117ti organizmui atstatyti \u0161\u012f balans\u0105 galima su maistu ar g\u0117rimais, ta\u010diau tai ilgas procesas ir ne visada \u017einoma koks produktas kaip veikia\u2026<\/p>\n<p>Yra kur kas efektingesnis b\u016bdas atstatyti \u0161i\u0105 pusiausvyr\u0105 \u2013 tai panaudoti aktyvuot\u0105 (jonizuot\u0105) vanden\u012f. Svarbiausias \u201egyvo-negyvo\u201d vandens privalumas \u2013 jis neturi tokio stipraus pa\u0161alinio poveikio kok\u012f turi cheminiai vaistai. Tai gamtos produktas, aktyvinantis organizmo gydom\u0105sias galias. Jam padedant galima \u012fveikti net tokias ligas kaip padid\u0117j\u0119s ar suma\u017e\u0117j\u0119s kraujosp\u016bdis, gastritas, kolitas, \u012fvair\u016bs u\u017edegimai ir infekcijos \u2013 daugiau nei 70 \u012fvairiausi\u0173 lig\u0173!<\/p>\n","protected":false},"excerpt":{"rendered":"<p>Neskub\u0117kite \u012f vaistin\u0119, jei pasijutote blogiau! Yra paprastesnis ir kur kas efektyvesnis b\u016bdas atstatyti sveikat\u0105, k\u016bno ir sielos harmonij\u0105 Produkt\u0173 galiojimo laikas vis ilg\u0117ja, o \u017emogaus gyvenimo trukm\u0117 \u2013 trump\u0117ja. Vaistin\u0117se vis daugiau \u012fvairiausi\u0173 vaist\u0173, o sveik\u0173 \u017emoni\u0173 \u2013 vis ma\u017eiau. Diagnostikos metodai vis sud\u0117tingesni ir tobulesni, o ligos \u2013 vis \u012fvairesn\u0117s ir pavojingesn\u0117s\u2026 I\u0161kyla pagr\u012fstas klausimas: KOD\u0116L? K\u0105 darome neteisingai? Kod\u0117l mes sergame ir senstame? Atsakym\u0105 rasite \u0161ioje knygoje. Taip pat su\u017einosite apie vaist\u0105, kuris efektyviai padeda kovoti su: &#8211; \u0160irdies ligomis, ateroskleroze, auk\u0161tu arba \u017eemu kraujosp\u016bd\u017eiu &#8211; Atritu, podagra &#8211; Gastritu, kolitu &#8211; Inkst\u0173 ligomis &#8211; \u0160ienlige, astma &#8211; V\u0117\u017eiu &#8211; Cukriniu diabetu &#8211; Aki\u0173 ligomis ir daugybe kit\u0173 sunki\u0173 lig\u0173 ir negalavim\u0173! Skaitykite knygos i\u0161trauk\u0105 Apie autori\u0173 Telesforas Laucevi\u010dius (gim. 1942 m.) 1964 m. baig\u0117 Kauno Politechnikos Instituto chemin\u0117s technologijos fakultet\u0105. Dirbdamas pagal specialyb\u0119 \u012fvairiose pareigose autorius nuolat dom\u0117josi sveika gyvensena, organizmo galimyb\u0117mis pa\u010diam \u012fveikti susirgimus. Pastaruosius penkiolika met\u0173 T.Laucevi\u010dius pagrindin\u012f d\u0117mes\u012f skyr\u0117 i\u0161skirtin\u0117ms jonizuoto vandens savyb\u0117ms, ypa\u010d jo efektyviam panaudojimui susirgim\u0173 profilaktikai. Kartu su savo bendra\u017eygiais suk\u016br\u0117 s\u0117kmingai ir dabar gaminam\u0105 pirm\u0105j\u012f lietuvi\u0161k\u0105 vandens jonizatori\u0173, sulaukus\u012f didelio populiarumo ne tik Lietuvoje, bet ir Vakar\u0173 Europoje. Autoriaus nuomone, Lietuvoje steb\u0117tinai per ma\u017eai domimasi jonizuotu vandeniu, kurio ypatingos savyb\u0117s pripa\u017eintos Japonijos, Vokietijos, Rusijos tyrin\u0117toj\u0173. Tokio vandens panaudojimas ypa\u010d platus: nuo susirgim\u0173 profilaktikos, gydymo ir ekologi\u0161kos \u017eemdirbyst\u0117s. T.Laucevi\u010dius supa\u017eindina skaitytoj\u0105 su unikaliomis jonizuoto vandens savyb\u0117mis, skatina \u012fsiklausyti \u012f organizmo siun\u010diamus tro\u0161kulio signalus, akcentuoja dvasin\u0117s b\u016bkl\u0117s svarb\u0105, pataria, kaip pa\u010diam \u012fvertinti organizmo b\u016bkl\u0119 ir ragina \u012fgytas \u017einias taikyti kasdieniniame gyvenime. Bet kuris sveikatos sutrikimas, i\u0161skyrus traumas ir nelaimingus atsitikimus, visada prasideda organizmo med\u017eiag\u0173 apykaitos sutrikimu, kurios viena i\u0161 sudedam\u0173 dali\u0173 ir, ko gero, svarbiausia yra \u0161arm\u0173-r\u016bg\u0161\u010di\u0173 balansas. Mes esame sveiki tol, kol \u0161is balansas yra pusiausvyroje, o susirgus sveikti imame tada, kai \u0161is balansas yra atstatomas. M\u016bs\u0173 organizmo svarbiausias gyvybinis skystis yra kraujas, kurio \u0161arm\u0173-r\u016bg\u0161\u010di\u0173 pusiausvyra gali svyruoti labai nedidel\u0117se ribose. Tr\u016bkstant \u0161i\u0173 element\u0173, organizmas juos naudoja i\u0161 savo atsarg\u0173. Jeigu kalcio negauname su maistu ar g\u0117rimais, organizmas kalc\u012f pasiima i\u0161 kaul\u0173, dant\u0173. Pana\u0161iai organizmas elgiasi tr\u016bkstant kalio, natrio, magnio. Pad\u0117ti organizmui atstatyti \u0161\u012f balans\u0105 galima su maistu ar g\u0117rimais, ta\u010diau tai ilgas procesas ir ne visada \u017einoma koks produktas kaip veikia\u2026 Yra kur kas efektingesnis b\u016bdas atstatyti \u0161i\u0105 pusiausvyr\u0105 \u2013 tai panaudoti aktyvuot\u0105 (jonizuot\u0105) vanden\u012f. Svarbiausias \u201egyvo-negyvo\u201d vandens privalumas \u2013 jis neturi tokio stipraus pa\u0161alinio poveikio kok\u012f turi cheminiai vaistai. Tai gamtos produktas, aktyvinantis organizmo gydom\u0105sias galias. Jam padedant galima \u012fveikti net tokias ligas kaip padid\u0117j\u0119s ar suma\u017e\u0117j\u0119s kraujosp\u016bdis, gastritas, kolitas, \u012fvair\u016bs u\u017edegimai ir infekcijos \u2013 daugiau nei 70 \u012fvairiausi\u0173 lig\u0173!<\/p>\n","protected":false},"featured_media":22604,"comment_status":"open","ping_status":"closed","template":"","meta":{"_acf_changed":false,"site-sidebar-layout":"default","site-content-layout":"","ast-site-content-layout":"default","site-content-style":"default","site-sidebar-style":"default","ast-global-header-display":"","ast-banner-title-visibility":"","ast-main-header-display":"","ast-hfb-above-header-display":"","ast-hfb-below-header-display":"","ast-hfb-mobile-header-display":"","site-post-title":"","ast-breadcrumbs-content":"","ast-featured-img":"","footer-sml-layout":"","ast-disable-related-posts":"","theme-transparent-header-meta":"","adv-header-id-meta":"","stick-header-meta":"","header-above-stick-meta":"","header-main-stick-meta":"","header-below-stick-meta":"","astra-migrate-meta-layouts":"default","ast-page-background-enabled":"default","ast-page-background-meta":{"desktop":{"background-color":"","background-image":"","background-repeat":"repeat","background-position":"center center","background-size":"auto","background-attachment":"scroll","background-type":"","background-media":"","overlay-type":"","overlay-color":"","overlay-opacity":"","overlay-gradient":""},"tablet":{"background-color":"","background-image":"","background-repeat":"repeat","background-position":"center center","background-size":"auto","background-attachment":"scroll","background-type":"","background-media":"","overlay-type":"","overlay-color":"","overlay-opacity":"","overlay-gradient":""},"mobile":{"background-color":"","background-image":"","background-repeat":"repeat","background-position":"center center","background-size":"auto","background-attachment":"scroll","background-type":"","background-media":"","overlay-type":"","overlay-color":"","overlay-opacity":"","overlay-gradient":""}},"ast-content-background-meta":{"desktop":{"background-color":"var(--ast-global-color-4)","background-image":"","background-repeat":"repeat","background-position":"center center","background-size":"auto","background-attachment":"scroll","background-type":"","background-media":"","overlay-type":"","overlay-color":"","overlay-opacity":"","overlay-gradient":""},"tablet":{"background-color":"var(--ast-global-color-4)","background-image":"","background-repeat":"repeat","background-position":"center center","background-size":"auto","background-attachment":"scroll","background-type":"","background-media":"","overlay-type":"","overlay-color":"","overlay-opacity":"","overlay-gradient":""},"mobile":{"background-color":"var(--ast-global-color-4)","background-image":"","background-repeat":"repeat","background-position":"center center","background-size":"auto","background-attachment":"scroll","background-type":"","background-media":"","overlay-type":"","overlay-color":"","overlay-opacity":"","overlay-gradient":""}}},"product_brand":[],"product_cat":[9854,9857,9858,55],"product_tag":[],"class_list":{"0":"post-22588","1":"product","2":"type-product","3":"status-publish","4":"has-post-thumbnail","6":"product_cat-medicina","7":"product_cat-naturali-medicina","8":"product_cat-sveikas-gyvenimo-budas","9":"product_cat-sveikata-ir-sveika-mityba","10":"desktop-align-left","11":"tablet-align-left","12":"mobile-align-left","14":"first","15":"instock","16":"shipping-taxable","17":"purchasable","18":"product-type-simple"},"acf":[],"yoast_head":"<!-- This site is optimized with the Yoast SEO plugin v27.0 - https:\/\/yoast.com\/product\/yoast-seo-wordpress\/ -->\n<title>Jonizuotas vanduo. Gyvenimas be lig\u0173<\/title>\n<meta name=\"description\" content=\"Neskub\u0117kite \u012f vaistin\u0119, jei pasijutote blogiau! Yra paprastesnis ir kur kas efektyvesnis b\u016bdas atstatyti sveikat\u0105, k\u016bno ir sielos harmonij\u0105 Produkt\u0173\" \/>\n<meta name=\"robots\" content=\"index, follow, max-snippet:-1, max-image-preview:large, max-video-preview:-1\" \/>\n<link rel=\"canonical\" href=\"https:\/\/skaitytaknyga.lt\/en\/produktas\/jonizuotas-vanduo-gyvenimas-be-ligu\/\" \/>\n<meta property=\"og:locale\" content=\"en_GB\" \/>\n<meta property=\"og:locale:alternate\" content=\"lt_LT\" \/>\n<meta property=\"og:type\" content=\"article\" \/>\n<meta property=\"og:title\" content=\"Jonizuotas vanduo. Gyvenimas be lig\u0173\" \/>\n<meta property=\"og:description\" content=\"Neskub\u0117kite \u012f vaistin\u0119, jei pasijutote blogiau! Yra paprastesnis ir kur kas efektyvesnis b\u016bdas atstatyti sveikat\u0105, k\u016bno ir sielos harmonij\u0105 Produkt\u0173\" \/>\n<meta property=\"og:url\" content=\"https:\/\/skaitytaknyga.lt\/en\/produktas\/jonizuotas-vanduo-gyvenimas-be-ligu\/\" \/>\n<meta property=\"og:site_name\" content=\"Skaitytaknyga\" \/>\n<meta property=\"article:publisher\" content=\"https:\/\/www.facebook.com\/skaitytaknyga\/\" \/>\n<meta property=\"article:modified_time\" content=\"2026-03-18T11:19:08+00:00\" \/>\n<meta property=\"og:image\" content=\"https:\/\/skaitytaknyga.lt\/wp-content\/uploads\/2026\/01\/Jonizuotas-vanduo.-Gyvenimas-be-ligu-1.webp\" \/>\n\t<meta property=\"og:image:width\" content=\"300\" \/>\n\t<meta property=\"og:image:height\" content=\"434\" \/>\n\t<meta property=\"og:image:type\" content=\"image\/webp\" \/>\n<meta name=\"twitter:card\" content=\"summary_large_image\" \/>\n<meta name=\"twitter:label1\" content=\"Estimated reading time\" \/>\n\t<meta name=\"twitter:data1\" content=\"2 minutes\" \/>\n<script type=\"application\/ld+json\" class=\"yoast-schema-graph\">{\"@context\":\"https:\/\/schema.org\",\"@graph\":[{\"@type\":\"WebPage\",\"@id\":\"https:\/\/skaitytaknyga.lt\/produktas\/jonizuotas-vanduo-gyvenimas-be-ligu\/\",\"url\":\"https:\/\/skaitytaknyga.lt\/produktas\/jonizuotas-vanduo-gyvenimas-be-ligu\/\",\"name\":\"Jonizuotas vanduo. Gyvenimas be lig\u0173\",\"isPartOf\":{\"@id\":\"https:\/\/skaitytaknyga.lt\/#website\"},\"primaryImageOfPage\":{\"@id\":\"https:\/\/skaitytaknyga.lt\/produktas\/jonizuotas-vanduo-gyvenimas-be-ligu\/#primaryimage\"},\"image\":{\"@id\":\"https:\/\/skaitytaknyga.lt\/produktas\/jonizuotas-vanduo-gyvenimas-be-ligu\/#primaryimage\"},\"thumbnailUrl\":\"https:\/\/skaitytaknyga.lt\/wp-content\/uploads\/2026\/01\/Jonizuotas-vanduo.-Gyvenimas-be-ligu-1.webp\",\"datePublished\":\"2025-12-27T15:47:54+00:00\",\"dateModified\":\"2026-03-18T11:19:08+00:00\",\"description\":\"Neskub\u0117kite \u012f vaistin\u0119, jei pasijutote blogiau! Yra paprastesnis ir kur kas efektyvesnis b\u016bdas atstatyti sveikat\u0105, k\u016bno ir sielos harmonij\u0105 Produkt\u0173\",\"breadcrumb\":{\"@id\":\"https:\/\/skaitytaknyga.lt\/produktas\/jonizuotas-vanduo-gyvenimas-be-ligu\/#breadcrumb\"},\"inLanguage\":\"en-GB\",\"potentialAction\":[{\"@type\":\"ReadAction\",\"target\":[\"https:\/\/skaitytaknyga.lt\/produktas\/jonizuotas-vanduo-gyvenimas-be-ligu\/\"]}]},{\"@type\":\"ImageObject\",\"inLanguage\":\"en-GB\",\"@id\":\"https:\/\/skaitytaknyga.lt\/produktas\/jonizuotas-vanduo-gyvenimas-be-ligu\/#primaryimage\",\"url\":\"https:\/\/skaitytaknyga.lt\/wp-content\/uploads\/2026\/01\/Jonizuotas-vanduo.-Gyvenimas-be-ligu-1.webp\",\"contentUrl\":\"https:\/\/skaitytaknyga.lt\/wp-content\/uploads\/2026\/01\/Jonizuotas-vanduo.-Gyvenimas-be-ligu-1.webp\",\"width\":300,\"height\":434,\"caption\":\"Jonizuotas vanduo. Gyvenimas be lig\u0173\"},{\"@type\":\"BreadcrumbList\",\"@id\":\"https:\/\/skaitytaknyga.lt\/produktas\/jonizuotas-vanduo-gyvenimas-be-ligu\/#breadcrumb\",\"itemListElement\":[{\"@type\":\"ListItem\",\"position\":1,\"name\":\"Home\",\"item\":\"https:\/\/skaitytaknyga.lt\/\"},{\"@type\":\"ListItem\",\"position\":2,\"name\":\"Parduotuv\u0117\",\"item\":\"https:\/\/skaitytaknyga.lt\/knygu-parduotuve\/\"},{\"@type\":\"ListItem\",\"position\":3,\"name\":\"Jonizuotas vanduo. Gyvenimas be lig\u0173\"}]},{\"@type\":\"WebSite\",\"@id\":\"https:\/\/skaitytaknyga.lt\/#website\",\"url\":\"https:\/\/skaitytaknyga.lt\/\",\"name\":\"skaitytaknyga.lt\",\"description\":\"Skaitytaknyga.lt \u2013 tai ma\u017eas \u0161eimos verslas, kuris prasid\u0117jo nuo meil\u0117s knygoms ir siekio i\u0161gelb\u0117ti knygas nuo likimo prie konteinerio. Kas vienam nereikalingas daiktas \u2013 kitam lobis, o mes esame tarpininkai, kurie padeda abiems tapti laimingesniems ???? \u017dinome kaip nelengva i\u0161gyventi ma\u017eiems verslams, tad nuo \u0161iol, \u010dia rasite ir kit\u0173, ma\u017e\u0173 \u0161eim\u0173 versl\u0173, rank\u0173 darbo, dovan\u0173 sau ir artimiesiems.\",\"publisher\":{\"@id\":\"https:\/\/skaitytaknyga.lt\/#organization\"},\"potentialAction\":[{\"@type\":\"SearchAction\",\"target\":{\"@type\":\"EntryPoint\",\"urlTemplate\":\"https:\/\/skaitytaknyga.lt\/?s={search_term_string}\"},\"query-input\":{\"@type\":\"PropertyValueSpecification\",\"valueRequired\":true,\"valueName\":\"search_term_string\"}}],\"inLanguage\":\"en-GB\"},{\"@type\":\"Organization\",\"@id\":\"https:\/\/skaitytaknyga.lt\/#organization\",\"name\":\"skaitytaknyga.lt\",\"url\":\"https:\/\/skaitytaknyga.lt\/\",\"logo\":{\"@type\":\"ImageObject\",\"inLanguage\":\"en-GB\",\"@id\":\"https:\/\/skaitytaknyga.lt\/#\/schema\/logo\/image\/\",\"url\":\"https:\/\/skaitytaknyga.lt\/wp-content\/uploads\/2024\/05\/cropped-cropped-cropped-02_00843_jt3bggkj1j3HLc7SyY6rEUpg.jpeg\",\"contentUrl\":\"https:\/\/skaitytaknyga.lt\/wp-content\/uploads\/2024\/05\/cropped-cropped-cropped-02_00843_jt3bggkj1j3HLc7SyY6rEUpg.jpeg\",\"width\":1600,\"height\":1600,\"caption\":\"skaitytaknyga.lt\"},\"image\":{\"@id\":\"https:\/\/skaitytaknyga.lt\/#\/schema\/logo\/image\/\"},\"sameAs\":[\"https:\/\/www.facebook.com\/skaitytaknyga\/\"]}]}<\/script>\n<!-- \/ Yoast SEO plugin. -->","yoast_head_json":{"title":"Jonizuotas vanduo. Gyvenimas be lig\u0173","description":"Neskub\u0117kite \u012f vaistin\u0119, jei pasijutote blogiau! Yra paprastesnis ir kur kas efektyvesnis b\u016bdas atstatyti sveikat\u0105, k\u016bno ir sielos harmonij\u0105 Produkt\u0173","robots":{"index":"index","follow":"follow","max-snippet":"max-snippet:-1","max-image-preview":"max-image-preview:large","max-video-preview":"max-video-preview:-1"},"canonical":"https:\/\/skaitytaknyga.lt\/en\/produktas\/jonizuotas-vanduo-gyvenimas-be-ligu\/","og_locale":"en_GB","og_type":"article","og_title":"[:lt]Jonizuotas vanduo. Gyvenimas be lig\u0173[:] - Skaitytaknyga","og_description":"Neskub\u0117kite \u012f vaistin\u0119, jei pasijutote blogiau! Yra paprastesnis ir kur kas efektyvesnis b\u016bdas atstatyti sveikat\u0105, k\u016bno ir sielos harmonij\u0105 Produkt\u0173","og_url":"https:\/\/skaitytaknyga.lt\/en\/produktas\/jonizuotas-vanduo-gyvenimas-be-ligu\/","og_site_name":"Skaitytaknyga","article_publisher":"https:\/\/www.facebook.com\/skaitytaknyga\/","article_modified_time":"2026-03-18T11:19:08+00:00","og_image":[{"width":300,"height":434,"url":"https:\/\/skaitytaknyga.lt\/wp-content\/uploads\/2026\/01\/Jonizuotas-vanduo.-Gyvenimas-be-ligu-1.webp","type":"image\/webp"}],"twitter_card":"summary_large_image","twitter_misc":{"Estimated reading time":"2 minutes"},"schema":{"@context":"https:\/\/schema.org","@graph":[{"@type":"WebPage","@id":"https:\/\/skaitytaknyga.lt\/produktas\/jonizuotas-vanduo-gyvenimas-be-ligu\/","url":"https:\/\/skaitytaknyga.lt\/produktas\/jonizuotas-vanduo-gyvenimas-be-ligu\/","name":"Jonizuotas vanduo. Gyvenimas be lig\u0173","isPartOf":{"@id":"https:\/\/skaitytaknyga.lt\/#website"},"primaryImageOfPage":{"@id":"https:\/\/skaitytaknyga.lt\/produktas\/jonizuotas-vanduo-gyvenimas-be-ligu\/#primaryimage"},"image":{"@id":"https:\/\/skaitytaknyga.lt\/produktas\/jonizuotas-vanduo-gyvenimas-be-ligu\/#primaryimage"},"thumbnailUrl":"https:\/\/skaitytaknyga.lt\/wp-content\/uploads\/2026\/01\/Jonizuotas-vanduo.-Gyvenimas-be-ligu-1.webp","datePublished":"2025-12-27T15:47:54+00:00","dateModified":"2026-03-18T11:19:08+00:00","description":"Neskub\u0117kite \u012f vaistin\u0119, jei pasijutote blogiau! Yra paprastesnis ir kur kas efektyvesnis b\u016bdas atstatyti sveikat\u0105, k\u016bno ir sielos harmonij\u0105 Produkt\u0173","breadcrumb":{"@id":"https:\/\/skaitytaknyga.lt\/produktas\/jonizuotas-vanduo-gyvenimas-be-ligu\/#breadcrumb"},"inLanguage":"en-GB","potentialAction":[{"@type":"ReadAction","target":["https:\/\/skaitytaknyga.lt\/produktas\/jonizuotas-vanduo-gyvenimas-be-ligu\/"]}]},{"@type":"ImageObject","inLanguage":"en-GB","@id":"https:\/\/skaitytaknyga.lt\/produktas\/jonizuotas-vanduo-gyvenimas-be-ligu\/#primaryimage","url":"https:\/\/skaitytaknyga.lt\/wp-content\/uploads\/2026\/01\/Jonizuotas-vanduo.-Gyvenimas-be-ligu-1.webp","contentUrl":"https:\/\/skaitytaknyga.lt\/wp-content\/uploads\/2026\/01\/Jonizuotas-vanduo.-Gyvenimas-be-ligu-1.webp","width":300,"height":434,"caption":"Jonizuotas vanduo. Gyvenimas be lig\u0173"},{"@type":"BreadcrumbList","@id":"https:\/\/skaitytaknyga.lt\/produktas\/jonizuotas-vanduo-gyvenimas-be-ligu\/#breadcrumb","itemListElement":[{"@type":"ListItem","position":1,"name":"Home","item":"https:\/\/skaitytaknyga.lt\/"},{"@type":"ListItem","position":2,"name":"Parduotuv\u0117","item":"https:\/\/skaitytaknyga.lt\/knygu-parduotuve\/"},{"@type":"ListItem","position":3,"name":"Jonizuotas vanduo. Gyvenimas be lig\u0173"}]},{"@type":"WebSite","@id":"https:\/\/skaitytaknyga.lt\/#website","url":"https:\/\/skaitytaknyga.lt\/","name":"skaitytaknyga.lt","description":"Skaitytaknyga.lt \u2013 tai ma\u017eas \u0161eimos verslas, kuris prasid\u0117jo nuo meil\u0117s knygoms ir siekio i\u0161gelb\u0117ti knygas nuo likimo prie konteinerio. Kas vienam nereikalingas daiktas \u2013 kitam lobis, o mes esame tarpininkai, kurie padeda abiems tapti laimingesniems ???? \u017dinome kaip nelengva i\u0161gyventi ma\u017eiems verslams, tad nuo \u0161iol, \u010dia rasite ir kit\u0173, ma\u017e\u0173 \u0161eim\u0173 versl\u0173, rank\u0173 darbo, dovan\u0173 sau ir artimiesiems.","publisher":{"@id":"https:\/\/skaitytaknyga.lt\/#organization"},"potentialAction":[{"@type":"SearchAction","target":{"@type":"EntryPoint","urlTemplate":"https:\/\/skaitytaknyga.lt\/?s={search_term_string}"},"query-input":{"@type":"PropertyValueSpecification","valueRequired":true,"valueName":"search_term_string"}}],"inLanguage":"en-GB"},{"@type":"Organization","@id":"https:\/\/skaitytaknyga.lt\/#organization","name":"skaitytaknyga.lt","url":"https:\/\/skaitytaknyga.lt\/","logo":{"@type":"ImageObject","inLanguage":"en-GB","@id":"https:\/\/skaitytaknyga.lt\/#\/schema\/logo\/image\/","url":"https:\/\/skaitytaknyga.lt\/wp-content\/uploads\/2024\/05\/cropped-cropped-cropped-02_00843_jt3bggkj1j3HLc7SyY6rEUpg.jpeg","contentUrl":"https:\/\/skaitytaknyga.lt\/wp-content\/uploads\/2024\/05\/cropped-cropped-cropped-02_00843_jt3bggkj1j3HLc7SyY6rEUpg.jpeg","width":1600,"height":1600,"caption":"skaitytaknyga.lt"},"image":{"@id":"https:\/\/skaitytaknyga.lt\/#\/schema\/logo\/image\/"},"sameAs":["https:\/\/www.facebook.com\/skaitytaknyga\/"]}]}},"_links":{"self":[{"href":"https:\/\/skaitytaknyga.lt\/en\/wp-json\/wp\/v2\/product\/22588","targetHints":{"allow":["GET"]}}],"collection":[{"href":"https:\/\/skaitytaknyga.lt\/en\/wp-json\/wp\/v2\/product"}],"about":[{"href":"https:\/\/skaitytaknyga.lt\/en\/wp-json\/wp\/v2\/types\/product"}],"replies":[{"embeddable":true,"href":"https:\/\/skaitytaknyga.lt\/en\/wp-json\/wp\/v2\/comments?post=22588"}],"wp:featuredmedia":[{"embeddable":true,"href":"https:\/\/skaitytaknyga.lt\/en\/wp-json\/wp\/v2\/media\/22604"}],"wp:attachment":[{"href":"https:\/\/skaitytaknyga.lt\/en\/wp-json\/wp\/v2\/media?parent=22588"}],"wp:term":[{"taxonomy":"product_brand","embeddable":true,"href":"https:\/\/skaitytaknyga.lt\/en\/wp-json\/wp\/v2\/product_brand?post=22588"},{"taxonomy":"product_cat","embeddable":true,"href":"https:\/\/skaitytaknyga.lt\/en\/wp-json\/wp\/v2\/product_cat?post=22588"},{"taxonomy":"product_tag","embeddable":true,"href":"https:\/\/skaitytaknyga.lt\/en\/wp-json\/wp\/v2\/product_tag?post=22588"}],"curies":[{"name":"wp","href":"https:\/\/api.w.org\/{rel}","templated":true}]}}