{"id":22584,"date":"2025-12-27T17:43:18","date_gmt":"2025-12-27T15:43:18","guid":{"rendered":"https:\/\/skaitytaknyga.lt\/?post_type=product&#038;p=22584"},"modified":"2026-01-02T21:26:21","modified_gmt":"2026-01-02T19:26:21","slug":"saves-pazinimo-mokslas","status":"publish","type":"product","link":"https:\/\/skaitytaknyga.lt\/en\/produktas\/saves-pazinimo-mokslas\/","title":{"rendered":"Sav\u0119s pa\u017einimo mokslas"},"content":{"rendered":"<p>Nepaprasta mokslo ir technikos pa\u017eanga suteik\u0117 \u017emonijai ne tik negin\u010dijamus materialinius patogumus, bet ir daugyb\u0119 varg\u0173 ir problem\u0173. M\u016bs\u0173 dien\u0173 visuomen\u0117 m\u0117gina spr\u0119sti jas materialiais b\u016bdais, ta\u010diau i\u0161 tikr\u0173j\u0173 tik kuria naujas problemas.<\/p>\n<p>Kaip i\u0161tr\u016bkti i\u0161 \u0161io u\u017eburto rato? K\u0105 galime padaryti, kad ateitis b\u016bt\u0173 \u0161viesesn\u0117? Kokia m\u016bs\u0173 b\u016bties prasm\u0117? I\u0161 kur at\u0117jome \u012f \u0161\u012f pasaul\u012f ir kas m\u016bs\u0173 laukia po mirties? Knygoje A. C. Bhaktivedanta Swami Prabhupada atsako \u012f visus \u0161iuos klausimus nuostabiai ai\u0161kiai ir paprastai. Jo i\u0161sam\u016bs atsakymai grind\u017eiami senov\u0117s Ved\u0173 i\u0161mintimi.<\/p>\n","protected":false},"excerpt":{"rendered":"<p>Nepaprasta mokslo ir technikos pa\u017eanga suteik\u0117 \u017emonijai ne tik negin\u010dijamus materialinius patogumus, bet ir daugyb\u0119 varg\u0173 ir problem\u0173. M\u016bs\u0173 dien\u0173 visuomen\u0117 m\u0117gina spr\u0119sti jas materialiais b\u016bdais, ta\u010diau i\u0161 tikr\u0173j\u0173 tik kuria naujas problemas. Kaip i\u0161tr\u016bkti i\u0161 \u0161io u\u017eburto rato? K\u0105 galime padaryti, kad ateitis b\u016bt\u0173 \u0161viesesn\u0117? Kokia m\u016bs\u0173 b\u016bties prasm\u0117? I\u0161 kur at\u0117jome \u012f \u0161\u012f pasaul\u012f ir kas m\u016bs\u0173 laukia po mirties? Knygoje A. C. Bhaktivedanta Swami Prabhupada atsako \u012f visus \u0161iuos klausimus nuostabiai ai\u0161kiai ir paprastai. Jo i\u0161sam\u016bs atsakymai grind\u017eiami senov\u0117s Ved\u0173 i\u0161mintimi.<\/p>\n","protected":false},"featured_media":22593,"comment_status":"open","ping_status":"closed","template":"","meta":{"_acf_changed":false,"site-sidebar-layout":"default","site-content-layout":"","ast-site-content-layout":"default","site-content-style":"default","site-sidebar-style":"default","ast-global-header-display":"","ast-banner-title-visibility":"","ast-main-header-display":"","ast-hfb-above-header-display":"","ast-hfb-below-header-display":"","ast-hfb-mobile-header-display":"","site-post-title":"","ast-breadcrumbs-content":"","ast-featured-img":"","footer-sml-layout":"","ast-disable-related-posts":"","theme-transparent-header-meta":"","adv-header-id-meta":"","stick-header-meta":"","header-above-stick-meta":"","header-main-stick-meta":"","header-below-stick-meta":"","astra-migrate-meta-layouts":"default","ast-page-background-enabled":"default","ast-page-background-meta":{"desktop":{"background-color":"","background-image":"","background-repeat":"repeat","background-position":"center center","background-size":"auto","background-attachment":"scroll","background-type":"","background-media":"","overlay-type":"","overlay-color":"","overlay-opacity":"","overlay-gradient":""},"tablet":{"background-color":"","background-image":"","background-repeat":"repeat","background-position":"center center","background-size":"auto","background-attachment":"scroll","background-type":"","background-media":"","overlay-type":"","overlay-color":"","overlay-opacity":"","overlay-gradient":""},"mobile":{"background-color":"","background-image":"","background-repeat":"repeat","background-position":"center center","background-size":"auto","background-attachment":"scroll","background-type":"","background-media":"","overlay-type":"","overlay-color":"","overlay-opacity":"","overlay-gradient":""}},"ast-content-background-meta":{"desktop":{"background-color":"var(--ast-global-color-4)","background-image":"","background-repeat":"repeat","background-position":"center center","background-size":"auto","background-attachment":"scroll","background-type":"","background-media":"","overlay-type":"","overlay-color":"","overlay-opacity":"","overlay-gradient":""},"tablet":{"background-color":"var(--ast-global-color-4)","background-image":"","background-repeat":"repeat","background-position":"center center","background-size":"auto","background-attachment":"scroll","background-type":"","background-media":"","overlay-type":"","overlay-color":"","overlay-opacity":"","overlay-gradient":""},"mobile":{"background-color":"var(--ast-global-color-4)","background-image":"","background-repeat":"repeat","background-position":"center center","background-size":"auto","background-attachment":"scroll","background-type":"","background-media":"","overlay-type":"","overlay-color":"","overlay-opacity":"","overlay-gradient":""}}},"product_brand":[],"product_cat":[30],"product_tag":[],"class_list":{"0":"post-22584","1":"product","2":"type-product","3":"status-publish","4":"has-post-thumbnail","6":"product_cat-psichologija-ir-saviugda","7":"desktop-align-left","8":"tablet-align-left","9":"mobile-align-left","11":"first","12":"instock","13":"shipping-taxable","14":"purchasable","15":"product-type-simple"},"acf":[],"yoast_head":"<!-- This site is optimized with the Yoast SEO plugin v27.0 - https:\/\/yoast.com\/product\/yoast-seo-wordpress\/ -->\n<title>Sav\u0119s pa\u017einimo mokslas<\/title>\n<meta name=\"description\" content=\"Nepaprasta mokslo ir technikos pa\u017eanga suteik\u0117 \u017emonijai ne tik negin\u010dijamus materialinius patogumus, bet ir daugyb\u0119 varg\u0173 ir problem\u0173. M\u016bs\u0173 dien\u0173\" \/>\n<meta name=\"robots\" content=\"index, follow, max-snippet:-1, max-image-preview:large, max-video-preview:-1\" \/>\n<link rel=\"canonical\" href=\"https:\/\/skaitytaknyga.lt\/en\/produktas\/saves-pazinimo-mokslas\/\" \/>\n<meta property=\"og:locale\" content=\"en_GB\" \/>\n<meta property=\"og:locale:alternate\" content=\"lt_LT\" \/>\n<meta property=\"og:type\" content=\"article\" \/>\n<meta property=\"og:title\" content=\"Sav\u0119s pa\u017einimo mokslas\" \/>\n<meta property=\"og:description\" content=\"Nepaprasta mokslo ir technikos pa\u017eanga suteik\u0117 \u017emonijai ne tik negin\u010dijamus materialinius patogumus, bet ir daugyb\u0119 varg\u0173 ir problem\u0173. M\u016bs\u0173 dien\u0173\" \/>\n<meta property=\"og:url\" content=\"https:\/\/skaitytaknyga.lt\/en\/produktas\/saves-pazinimo-mokslas\/\" \/>\n<meta property=\"og:site_name\" content=\"Skaitytaknyga\" \/>\n<meta property=\"article:publisher\" content=\"https:\/\/www.facebook.com\/skaitytaknyga\/\" \/>\n<meta property=\"article:modified_time\" content=\"2026-01-02T19:26:21+00:00\" \/>\n<meta property=\"og:image\" content=\"https:\/\/skaitytaknyga.lt\/wp-content\/uploads\/2025\/12\/Saves-pazinimo-mokslas-1.webp\" \/>\n\t<meta property=\"og:image:width\" content=\"300\" \/>\n\t<meta property=\"og:image:height\" content=\"465\" \/>\n\t<meta property=\"og:image:type\" content=\"image\/webp\" \/>\n<meta name=\"twitter:card\" content=\"summary_large_image\" \/>\n<meta name=\"twitter:label1\" content=\"Estimated reading time\" \/>\n\t<meta name=\"twitter:data1\" content=\"1 minute\" \/>\n<script type=\"application\/ld+json\" class=\"yoast-schema-graph\">{\"@context\":\"https:\/\/schema.org\",\"@graph\":[{\"@type\":\"WebPage\",\"@id\":\"https:\/\/skaitytaknyga.lt\/produktas\/saves-pazinimo-mokslas\/\",\"url\":\"https:\/\/skaitytaknyga.lt\/produktas\/saves-pazinimo-mokslas\/\",\"name\":\"Sav\u0119s pa\u017einimo mokslas\",\"isPartOf\":{\"@id\":\"https:\/\/skaitytaknyga.lt\/#website\"},\"primaryImageOfPage\":{\"@id\":\"https:\/\/skaitytaknyga.lt\/produktas\/saves-pazinimo-mokslas\/#primaryimage\"},\"image\":{\"@id\":\"https:\/\/skaitytaknyga.lt\/produktas\/saves-pazinimo-mokslas\/#primaryimage\"},\"thumbnailUrl\":\"https:\/\/skaitytaknyga.lt\/wp-content\/uploads\/2025\/12\/Saves-pazinimo-mokslas-1.webp\",\"datePublished\":\"2025-12-27T15:43:18+00:00\",\"dateModified\":\"2026-01-02T19:26:21+00:00\",\"description\":\"Nepaprasta mokslo ir technikos pa\u017eanga suteik\u0117 \u017emonijai ne tik negin\u010dijamus materialinius patogumus, bet ir daugyb\u0119 varg\u0173 ir problem\u0173. M\u016bs\u0173 dien\u0173\",\"breadcrumb\":{\"@id\":\"https:\/\/skaitytaknyga.lt\/produktas\/saves-pazinimo-mokslas\/#breadcrumb\"},\"inLanguage\":\"en-GB\",\"potentialAction\":[{\"@type\":\"ReadAction\",\"target\":[\"https:\/\/skaitytaknyga.lt\/produktas\/saves-pazinimo-mokslas\/\"]}]},{\"@type\":\"ImageObject\",\"inLanguage\":\"en-GB\",\"@id\":\"https:\/\/skaitytaknyga.lt\/produktas\/saves-pazinimo-mokslas\/#primaryimage\",\"url\":\"https:\/\/skaitytaknyga.lt\/wp-content\/uploads\/2025\/12\/Saves-pazinimo-mokslas-1.webp\",\"contentUrl\":\"https:\/\/skaitytaknyga.lt\/wp-content\/uploads\/2025\/12\/Saves-pazinimo-mokslas-1.webp\",\"width\":300,\"height\":465,\"caption\":\"Sav\u0119s pa\u017einimo mokslas\"},{\"@type\":\"BreadcrumbList\",\"@id\":\"https:\/\/skaitytaknyga.lt\/produktas\/saves-pazinimo-mokslas\/#breadcrumb\",\"itemListElement\":[{\"@type\":\"ListItem\",\"position\":1,\"name\":\"Home\",\"item\":\"https:\/\/skaitytaknyga.lt\/\"},{\"@type\":\"ListItem\",\"position\":2,\"name\":\"Parduotuv\u0117\",\"item\":\"https:\/\/skaitytaknyga.lt\/knygu-parduotuve\/\"},{\"@type\":\"ListItem\",\"position\":3,\"name\":\"Sav\u0119s pa\u017einimo mokslas\"}]},{\"@type\":\"WebSite\",\"@id\":\"https:\/\/skaitytaknyga.lt\/#website\",\"url\":\"https:\/\/skaitytaknyga.lt\/\",\"name\":\"skaitytaknyga.lt\",\"description\":\"Skaitytaknyga.lt \u2013 tai ma\u017eas \u0161eimos verslas, kuris prasid\u0117jo nuo meil\u0117s knygoms ir siekio i\u0161gelb\u0117ti knygas nuo likimo prie konteinerio. Kas vienam nereikalingas daiktas \u2013 kitam lobis, o mes esame tarpininkai, kurie padeda abiems tapti laimingesniems ???? \u017dinome kaip nelengva i\u0161gyventi ma\u017eiems verslams, tad nuo \u0161iol, \u010dia rasite ir kit\u0173, ma\u017e\u0173 \u0161eim\u0173 versl\u0173, rank\u0173 darbo, dovan\u0173 sau ir artimiesiems.\",\"publisher\":{\"@id\":\"https:\/\/skaitytaknyga.lt\/#organization\"},\"potentialAction\":[{\"@type\":\"SearchAction\",\"target\":{\"@type\":\"EntryPoint\",\"urlTemplate\":\"https:\/\/skaitytaknyga.lt\/?s={search_term_string}\"},\"query-input\":{\"@type\":\"PropertyValueSpecification\",\"valueRequired\":true,\"valueName\":\"search_term_string\"}}],\"inLanguage\":\"en-GB\"},{\"@type\":\"Organization\",\"@id\":\"https:\/\/skaitytaknyga.lt\/#organization\",\"name\":\"skaitytaknyga.lt\",\"url\":\"https:\/\/skaitytaknyga.lt\/\",\"logo\":{\"@type\":\"ImageObject\",\"inLanguage\":\"en-GB\",\"@id\":\"https:\/\/skaitytaknyga.lt\/#\/schema\/logo\/image\/\",\"url\":\"https:\/\/skaitytaknyga.lt\/wp-content\/uploads\/2024\/05\/cropped-cropped-cropped-02_00843_jt3bggkj1j3HLc7SyY6rEUpg.jpeg\",\"contentUrl\":\"https:\/\/skaitytaknyga.lt\/wp-content\/uploads\/2024\/05\/cropped-cropped-cropped-02_00843_jt3bggkj1j3HLc7SyY6rEUpg.jpeg\",\"width\":1600,\"height\":1600,\"caption\":\"skaitytaknyga.lt\"},\"image\":{\"@id\":\"https:\/\/skaitytaknyga.lt\/#\/schema\/logo\/image\/\"},\"sameAs\":[\"https:\/\/www.facebook.com\/skaitytaknyga\/\"]}]}<\/script>\n<!-- \/ Yoast SEO plugin. -->","yoast_head_json":{"title":"Sav\u0119s pa\u017einimo mokslas","description":"Nepaprasta mokslo ir technikos pa\u017eanga suteik\u0117 \u017emonijai ne tik negin\u010dijamus materialinius patogumus, bet ir daugyb\u0119 varg\u0173 ir problem\u0173. M\u016bs\u0173 dien\u0173","robots":{"index":"index","follow":"follow","max-snippet":"max-snippet:-1","max-image-preview":"max-image-preview:large","max-video-preview":"max-video-preview:-1"},"canonical":"https:\/\/skaitytaknyga.lt\/en\/produktas\/saves-pazinimo-mokslas\/","og_locale":"en_GB","og_type":"article","og_title":"[:lt]Sav\u0119s pa\u017einimo mokslas[:] - Skaitytaknyga","og_description":"Nepaprasta mokslo ir technikos pa\u017eanga suteik\u0117 \u017emonijai ne tik negin\u010dijamus materialinius patogumus, bet ir daugyb\u0119 varg\u0173 ir problem\u0173. M\u016bs\u0173 dien\u0173","og_url":"https:\/\/skaitytaknyga.lt\/en\/produktas\/saves-pazinimo-mokslas\/","og_site_name":"Skaitytaknyga","article_publisher":"https:\/\/www.facebook.com\/skaitytaknyga\/","article_modified_time":"2026-01-02T19:26:21+00:00","og_image":[{"width":300,"height":465,"url":"https:\/\/skaitytaknyga.lt\/wp-content\/uploads\/2025\/12\/Saves-pazinimo-mokslas-1.webp","type":"image\/webp"}],"twitter_card":"summary_large_image","twitter_misc":{"Estimated reading time":"1 minute"},"schema":{"@context":"https:\/\/schema.org","@graph":[{"@type":"WebPage","@id":"https:\/\/skaitytaknyga.lt\/produktas\/saves-pazinimo-mokslas\/","url":"https:\/\/skaitytaknyga.lt\/produktas\/saves-pazinimo-mokslas\/","name":"Sav\u0119s pa\u017einimo mokslas","isPartOf":{"@id":"https:\/\/skaitytaknyga.lt\/#website"},"primaryImageOfPage":{"@id":"https:\/\/skaitytaknyga.lt\/produktas\/saves-pazinimo-mokslas\/#primaryimage"},"image":{"@id":"https:\/\/skaitytaknyga.lt\/produktas\/saves-pazinimo-mokslas\/#primaryimage"},"thumbnailUrl":"https:\/\/skaitytaknyga.lt\/wp-content\/uploads\/2025\/12\/Saves-pazinimo-mokslas-1.webp","datePublished":"2025-12-27T15:43:18+00:00","dateModified":"2026-01-02T19:26:21+00:00","description":"Nepaprasta mokslo ir technikos pa\u017eanga suteik\u0117 \u017emonijai ne tik negin\u010dijamus materialinius patogumus, bet ir daugyb\u0119 varg\u0173 ir problem\u0173. M\u016bs\u0173 dien\u0173","breadcrumb":{"@id":"https:\/\/skaitytaknyga.lt\/produktas\/saves-pazinimo-mokslas\/#breadcrumb"},"inLanguage":"en-GB","potentialAction":[{"@type":"ReadAction","target":["https:\/\/skaitytaknyga.lt\/produktas\/saves-pazinimo-mokslas\/"]}]},{"@type":"ImageObject","inLanguage":"en-GB","@id":"https:\/\/skaitytaknyga.lt\/produktas\/saves-pazinimo-mokslas\/#primaryimage","url":"https:\/\/skaitytaknyga.lt\/wp-content\/uploads\/2025\/12\/Saves-pazinimo-mokslas-1.webp","contentUrl":"https:\/\/skaitytaknyga.lt\/wp-content\/uploads\/2025\/12\/Saves-pazinimo-mokslas-1.webp","width":300,"height":465,"caption":"Sav\u0119s pa\u017einimo mokslas"},{"@type":"BreadcrumbList","@id":"https:\/\/skaitytaknyga.lt\/produktas\/saves-pazinimo-mokslas\/#breadcrumb","itemListElement":[{"@type":"ListItem","position":1,"name":"Home","item":"https:\/\/skaitytaknyga.lt\/"},{"@type":"ListItem","position":2,"name":"Parduotuv\u0117","item":"https:\/\/skaitytaknyga.lt\/knygu-parduotuve\/"},{"@type":"ListItem","position":3,"name":"Sav\u0119s pa\u017einimo mokslas"}]},{"@type":"WebSite","@id":"https:\/\/skaitytaknyga.lt\/#website","url":"https:\/\/skaitytaknyga.lt\/","name":"skaitytaknyga.lt","description":"Skaitytaknyga.lt \u2013 tai ma\u017eas \u0161eimos verslas, kuris prasid\u0117jo nuo meil\u0117s knygoms ir siekio i\u0161gelb\u0117ti knygas nuo likimo prie konteinerio. Kas vienam nereikalingas daiktas \u2013 kitam lobis, o mes esame tarpininkai, kurie padeda abiems tapti laimingesniems ???? \u017dinome kaip nelengva i\u0161gyventi ma\u017eiems verslams, tad nuo \u0161iol, \u010dia rasite ir kit\u0173, ma\u017e\u0173 \u0161eim\u0173 versl\u0173, rank\u0173 darbo, dovan\u0173 sau ir artimiesiems.","publisher":{"@id":"https:\/\/skaitytaknyga.lt\/#organization"},"potentialAction":[{"@type":"SearchAction","target":{"@type":"EntryPoint","urlTemplate":"https:\/\/skaitytaknyga.lt\/?s={search_term_string}"},"query-input":{"@type":"PropertyValueSpecification","valueRequired":true,"valueName":"search_term_string"}}],"inLanguage":"en-GB"},{"@type":"Organization","@id":"https:\/\/skaitytaknyga.lt\/#organization","name":"skaitytaknyga.lt","url":"https:\/\/skaitytaknyga.lt\/","logo":{"@type":"ImageObject","inLanguage":"en-GB","@id":"https:\/\/skaitytaknyga.lt\/#\/schema\/logo\/image\/","url":"https:\/\/skaitytaknyga.lt\/wp-content\/uploads\/2024\/05\/cropped-cropped-cropped-02_00843_jt3bggkj1j3HLc7SyY6rEUpg.jpeg","contentUrl":"https:\/\/skaitytaknyga.lt\/wp-content\/uploads\/2024\/05\/cropped-cropped-cropped-02_00843_jt3bggkj1j3HLc7SyY6rEUpg.jpeg","width":1600,"height":1600,"caption":"skaitytaknyga.lt"},"image":{"@id":"https:\/\/skaitytaknyga.lt\/#\/schema\/logo\/image\/"},"sameAs":["https:\/\/www.facebook.com\/skaitytaknyga\/"]}]}},"_links":{"self":[{"href":"https:\/\/skaitytaknyga.lt\/en\/wp-json\/wp\/v2\/product\/22584","targetHints":{"allow":["GET"]}}],"collection":[{"href":"https:\/\/skaitytaknyga.lt\/en\/wp-json\/wp\/v2\/product"}],"about":[{"href":"https:\/\/skaitytaknyga.lt\/en\/wp-json\/wp\/v2\/types\/product"}],"replies":[{"embeddable":true,"href":"https:\/\/skaitytaknyga.lt\/en\/wp-json\/wp\/v2\/comments?post=22584"}],"wp:featuredmedia":[{"embeddable":true,"href":"https:\/\/skaitytaknyga.lt\/en\/wp-json\/wp\/v2\/media\/22593"}],"wp:attachment":[{"href":"https:\/\/skaitytaknyga.lt\/en\/wp-json\/wp\/v2\/media?parent=22584"}],"wp:term":[{"taxonomy":"product_brand","embeddable":true,"href":"https:\/\/skaitytaknyga.lt\/en\/wp-json\/wp\/v2\/product_brand?post=22584"},{"taxonomy":"product_cat","embeddable":true,"href":"https:\/\/skaitytaknyga.lt\/en\/wp-json\/wp\/v2\/product_cat?post=22584"},{"taxonomy":"product_tag","embeddable":true,"href":"https:\/\/skaitytaknyga.lt\/en\/wp-json\/wp\/v2\/product_tag?post=22584"}],"curies":[{"name":"wp","href":"https:\/\/api.w.org\/{rel}","templated":true}]}}