{"id":22576,"date":"2025-12-27T17:00:17","date_gmt":"2025-12-27T15:00:17","guid":{"rendered":"https:\/\/skaitytaknyga.lt\/?post_type=product&#038;p=22576"},"modified":"2026-01-02T21:26:21","modified_gmt":"2026-01-02T19:26:21","slug":"barakas-obama-tamsiaodis-kenedis","status":"publish","type":"product","link":"https:\/\/skaitytaknyga.lt\/en\/produktas\/barakas-obama-tamsiaodis-kenedis\/","title":{"rendered":"Barakas Obama: tamsiaodis Kenedis"},"content":{"rendered":"<p>Jungtin\u0117s Amerikos Valstijos patyr\u0117 sensacij\u0105: 44-uoju \u0161alies prezidentu i\u0161rinktas Barakas Obama, juodaod\u017eio i\u0161 Kenijos ir Baltaod\u0117s amerikiet\u0117s s\u016bnus. Jis \u2013 pirmasis afroamerikie\u010di\u0173 kilm\u0117s Balt\u016bj\u0173 r\u016bm\u0173 \u0161eimininkas. Kokios jo pa\u017ei\u016bros ir vertyb\u0117s? Kuo patraukia jaunasis vilties skleid\u0117jas? Kaip Obama ruo\u0161iasi atsakyti \u012f nepaprastus i\u0161\u0161\u016bkius, kuriuos pateik\u0117 gili ekonomikos kriz\u0117?<br \/>\nKristofas fon Mar\u0161alas (Christoph von Marschall) \u2013 istorijos moksl\u0173 daktaras, Vokietijos ir JAV komentatoriaus premijos laureatas. Nuo 2005 m. jis yra Berlyno laikra\u0161\u010dio Tagesspiegel korespondentas JAV. Dvejus metus jis i\u0161 arti steb\u0117jo Barak\u0105 Obam\u0105 ir lyd\u0117jo j\u012f, \u012f\u017eengiant\u012f \u012f Baltuosius r\u016bmus.<br \/>\n\u201e\u017dmon\u0117s, norintys suprasti Barako Obamos fenomen\u0105, b\u016btinai tur\u0117t\u0173 perskaityti Kristofo fon Mar\u0161alo knyg\u0105.\u201c<\/p>\n","protected":false},"excerpt":{"rendered":"<p>Jungtin\u0117s Amerikos Valstijos patyr\u0117 sensacij\u0105: 44-uoju \u0161alies prezidentu i\u0161rinktas Barakas Obama, juodaod\u017eio i\u0161 Kenijos ir Baltaod\u0117s amerikiet\u0117s s\u016bnus. Jis \u2013 pirmasis afroamerikie\u010di\u0173 kilm\u0117s Balt\u016bj\u0173 r\u016bm\u0173 \u0161eimininkas. Kokios jo pa\u017ei\u016bros ir vertyb\u0117s? Kuo patraukia jaunasis vilties skleid\u0117jas? Kaip Obama ruo\u0161iasi atsakyti \u012f nepaprastus i\u0161\u0161\u016bkius, kuriuos pateik\u0117 gili ekonomikos kriz\u0117? Kristofas fon Mar\u0161alas (Christoph von Marschall) \u2013 istorijos moksl\u0173 daktaras, Vokietijos ir JAV komentatoriaus premijos laureatas. Nuo 2005 m. jis yra Berlyno laikra\u0161\u010dio Tagesspiegel korespondentas JAV. Dvejus metus jis i\u0161 arti steb\u0117jo Barak\u0105 Obam\u0105 ir lyd\u0117jo j\u012f, \u012f\u017eengiant\u012f \u012f Baltuosius r\u016bmus. \u201e\u017dmon\u0117s, norintys suprasti Barako Obamos fenomen\u0105, b\u016btinai tur\u0117t\u0173 perskaityti Kristofo fon Mar\u0161alo knyg\u0105.\u201c<\/p>\n","protected":false},"featured_media":22581,"comment_status":"open","ping_status":"closed","template":"","meta":{"_acf_changed":false,"site-sidebar-layout":"default","site-content-layout":"","ast-site-content-layout":"default","site-content-style":"default","site-sidebar-style":"default","ast-global-header-display":"","ast-banner-title-visibility":"","ast-main-header-display":"","ast-hfb-above-header-display":"","ast-hfb-below-header-display":"","ast-hfb-mobile-header-display":"","site-post-title":"","ast-breadcrumbs-content":"","ast-featured-img":"","footer-sml-layout":"","ast-disable-related-posts":"","theme-transparent-header-meta":"","adv-header-id-meta":"","stick-header-meta":"","header-above-stick-meta":"","header-main-stick-meta":"","header-below-stick-meta":"","astra-migrate-meta-layouts":"default","ast-page-background-enabled":"default","ast-page-background-meta":{"desktop":{"background-color":"","background-image":"","background-repeat":"repeat","background-position":"center center","background-size":"auto","background-attachment":"scroll","background-type":"","background-media":"","overlay-type":"","overlay-color":"","overlay-opacity":"","overlay-gradient":""},"tablet":{"background-color":"","background-image":"","background-repeat":"repeat","background-position":"center center","background-size":"auto","background-attachment":"scroll","background-type":"","background-media":"","overlay-type":"","overlay-color":"","overlay-opacity":"","overlay-gradient":""},"mobile":{"background-color":"","background-image":"","background-repeat":"repeat","background-position":"center center","background-size":"auto","background-attachment":"scroll","background-type":"","background-media":"","overlay-type":"","overlay-color":"","overlay-opacity":"","overlay-gradient":""}},"ast-content-background-meta":{"desktop":{"background-color":"var(--ast-global-color-4)","background-image":"","background-repeat":"repeat","background-position":"center center","background-size":"auto","background-attachment":"scroll","background-type":"","background-media":"","overlay-type":"","overlay-color":"","overlay-opacity":"","overlay-gradient":""},"tablet":{"background-color":"var(--ast-global-color-4)","background-image":"","background-repeat":"repeat","background-position":"center center","background-size":"auto","background-attachment":"scroll","background-type":"","background-media":"","overlay-type":"","overlay-color":"","overlay-opacity":"","overlay-gradient":""},"mobile":{"background-color":"var(--ast-global-color-4)","background-image":"","background-repeat":"repeat","background-position":"center center","background-size":"auto","background-attachment":"scroll","background-type":"","background-media":"","overlay-type":"","overlay-color":"","overlay-opacity":"","overlay-gradient":""}}},"product_brand":[],"product_cat":[33],"product_tag":[],"class_list":{"0":"post-22576","1":"product","2":"type-product","3":"status-publish","4":"has-post-thumbnail","6":"product_cat-biografijos","7":"desktop-align-left","8":"tablet-align-left","9":"mobile-align-left","11":"first","12":"instock","13":"shipping-taxable","14":"purchasable","15":"product-type-simple"},"acf":[],"yoast_head":"<!-- This site is optimized with the Yoast SEO plugin v27.0 - https:\/\/yoast.com\/product\/yoast-seo-wordpress\/ -->\n<title>Barakas Obama: tamsiaodis Kenedis<\/title>\n<meta name=\"description\" content=\"Jungtin\u0117s Amerikos Valstijos patyr\u0117 sensacij\u0105: 44-uoju \u0161alies prezidentu i\u0161rinktas Barakas Obama, juodaod\u017eio i\u0161 Kenijos ir Baltaod\u0117s amerikiet\u0117s s\u016bnus.\" \/>\n<meta name=\"robots\" content=\"index, follow, max-snippet:-1, max-image-preview:large, max-video-preview:-1\" \/>\n<link rel=\"canonical\" href=\"https:\/\/skaitytaknyga.lt\/en\/produktas\/barakas-obama-tamsiaodis-kenedis\/\" \/>\n<meta property=\"og:locale\" content=\"en_GB\" \/>\n<meta property=\"og:locale:alternate\" content=\"lt_LT\" \/>\n<meta property=\"og:type\" content=\"article\" \/>\n<meta property=\"og:title\" content=\"Barakas Obama: tamsiaodis Kenedis\" \/>\n<meta property=\"og:description\" content=\"Jungtin\u0117s Amerikos Valstijos patyr\u0117 sensacij\u0105: 44-uoju \u0161alies prezidentu i\u0161rinktas Barakas Obama, juodaod\u017eio i\u0161 Kenijos ir Baltaod\u0117s amerikiet\u0117s s\u016bnus.\" \/>\n<meta property=\"og:url\" content=\"https:\/\/skaitytaknyga.lt\/en\/produktas\/barakas-obama-tamsiaodis-kenedis\/\" \/>\n<meta property=\"og:site_name\" content=\"Skaitytaknyga\" \/>\n<meta property=\"article:publisher\" content=\"https:\/\/www.facebook.com\/skaitytaknyga\/\" \/>\n<meta property=\"article:modified_time\" content=\"2026-01-02T19:26:21+00:00\" \/>\n<meta property=\"og:image\" content=\"https:\/\/skaitytaknyga.lt\/wp-content\/uploads\/2025\/12\/Barakas-Obama-tamsiaodis-Kenedis-1.webp\" \/>\n\t<meta property=\"og:image:width\" content=\"431\" \/>\n\t<meta property=\"og:image:height\" content=\"575\" \/>\n\t<meta property=\"og:image:type\" content=\"image\/webp\" \/>\n<meta name=\"twitter:card\" content=\"summary_large_image\" \/>\n<meta name=\"twitter:label1\" content=\"Estimated reading time\" \/>\n\t<meta name=\"twitter:data1\" content=\"1 minute\" \/>\n<script type=\"application\/ld+json\" class=\"yoast-schema-graph\">{\"@context\":\"https:\/\/schema.org\",\"@graph\":[{\"@type\":\"WebPage\",\"@id\":\"https:\/\/skaitytaknyga.lt\/produktas\/barakas-obama-tamsiaodis-kenedis\/\",\"url\":\"https:\/\/skaitytaknyga.lt\/produktas\/barakas-obama-tamsiaodis-kenedis\/\",\"name\":\"Barakas Obama: tamsiaodis Kenedis\",\"isPartOf\":{\"@id\":\"https:\/\/skaitytaknyga.lt\/#website\"},\"primaryImageOfPage\":{\"@id\":\"https:\/\/skaitytaknyga.lt\/produktas\/barakas-obama-tamsiaodis-kenedis\/#primaryimage\"},\"image\":{\"@id\":\"https:\/\/skaitytaknyga.lt\/produktas\/barakas-obama-tamsiaodis-kenedis\/#primaryimage\"},\"thumbnailUrl\":\"https:\/\/skaitytaknyga.lt\/wp-content\/uploads\/2025\/12\/Barakas-Obama-tamsiaodis-Kenedis-1.webp\",\"datePublished\":\"2025-12-27T15:00:17+00:00\",\"dateModified\":\"2026-01-02T19:26:21+00:00\",\"description\":\"Jungtin\u0117s Amerikos Valstijos patyr\u0117 sensacij\u0105: 44-uoju \u0161alies prezidentu i\u0161rinktas Barakas Obama, juodaod\u017eio i\u0161 Kenijos ir Baltaod\u0117s amerikiet\u0117s s\u016bnus.\",\"breadcrumb\":{\"@id\":\"https:\/\/skaitytaknyga.lt\/produktas\/barakas-obama-tamsiaodis-kenedis\/#breadcrumb\"},\"inLanguage\":\"en-GB\",\"potentialAction\":[{\"@type\":\"ReadAction\",\"target\":[\"https:\/\/skaitytaknyga.lt\/produktas\/barakas-obama-tamsiaodis-kenedis\/\"]}]},{\"@type\":\"ImageObject\",\"inLanguage\":\"en-GB\",\"@id\":\"https:\/\/skaitytaknyga.lt\/produktas\/barakas-obama-tamsiaodis-kenedis\/#primaryimage\",\"url\":\"https:\/\/skaitytaknyga.lt\/wp-content\/uploads\/2025\/12\/Barakas-Obama-tamsiaodis-Kenedis-1.webp\",\"contentUrl\":\"https:\/\/skaitytaknyga.lt\/wp-content\/uploads\/2025\/12\/Barakas-Obama-tamsiaodis-Kenedis-1.webp\",\"width\":431,\"height\":575,\"caption\":\"Barakas Obama: tamsiaodis Kenedis\"},{\"@type\":\"BreadcrumbList\",\"@id\":\"https:\/\/skaitytaknyga.lt\/produktas\/barakas-obama-tamsiaodis-kenedis\/#breadcrumb\",\"itemListElement\":[{\"@type\":\"ListItem\",\"position\":1,\"name\":\"Home\",\"item\":\"https:\/\/skaitytaknyga.lt\/\"},{\"@type\":\"ListItem\",\"position\":2,\"name\":\"Parduotuv\u0117\",\"item\":\"https:\/\/skaitytaknyga.lt\/knygu-parduotuve\/\"},{\"@type\":\"ListItem\",\"position\":3,\"name\":\"Barakas Obama: tamsiaodis Kenedis\"}]},{\"@type\":\"WebSite\",\"@id\":\"https:\/\/skaitytaknyga.lt\/#website\",\"url\":\"https:\/\/skaitytaknyga.lt\/\",\"name\":\"skaitytaknyga.lt\",\"description\":\"Skaitytaknyga.lt \u2013 tai ma\u017eas \u0161eimos verslas, kuris prasid\u0117jo nuo meil\u0117s knygoms ir siekio i\u0161gelb\u0117ti knygas nuo likimo prie konteinerio. Kas vienam nereikalingas daiktas \u2013 kitam lobis, o mes esame tarpininkai, kurie padeda abiems tapti laimingesniems ???? \u017dinome kaip nelengva i\u0161gyventi ma\u017eiems verslams, tad nuo \u0161iol, \u010dia rasite ir kit\u0173, ma\u017e\u0173 \u0161eim\u0173 versl\u0173, rank\u0173 darbo, dovan\u0173 sau ir artimiesiems.\",\"publisher\":{\"@id\":\"https:\/\/skaitytaknyga.lt\/#organization\"},\"potentialAction\":[{\"@type\":\"SearchAction\",\"target\":{\"@type\":\"EntryPoint\",\"urlTemplate\":\"https:\/\/skaitytaknyga.lt\/?s={search_term_string}\"},\"query-input\":{\"@type\":\"PropertyValueSpecification\",\"valueRequired\":true,\"valueName\":\"search_term_string\"}}],\"inLanguage\":\"en-GB\"},{\"@type\":\"Organization\",\"@id\":\"https:\/\/skaitytaknyga.lt\/#organization\",\"name\":\"skaitytaknyga.lt\",\"url\":\"https:\/\/skaitytaknyga.lt\/\",\"logo\":{\"@type\":\"ImageObject\",\"inLanguage\":\"en-GB\",\"@id\":\"https:\/\/skaitytaknyga.lt\/#\/schema\/logo\/image\/\",\"url\":\"https:\/\/skaitytaknyga.lt\/wp-content\/uploads\/2024\/05\/cropped-cropped-cropped-02_00843_jt3bggkj1j3HLc7SyY6rEUpg.jpeg\",\"contentUrl\":\"https:\/\/skaitytaknyga.lt\/wp-content\/uploads\/2024\/05\/cropped-cropped-cropped-02_00843_jt3bggkj1j3HLc7SyY6rEUpg.jpeg\",\"width\":1600,\"height\":1600,\"caption\":\"skaitytaknyga.lt\"},\"image\":{\"@id\":\"https:\/\/skaitytaknyga.lt\/#\/schema\/logo\/image\/\"},\"sameAs\":[\"https:\/\/www.facebook.com\/skaitytaknyga\/\"]}]}<\/script>\n<!-- \/ Yoast SEO plugin. -->","yoast_head_json":{"title":"Barakas Obama: tamsiaodis Kenedis","description":"Jungtin\u0117s Amerikos Valstijos patyr\u0117 sensacij\u0105: 44-uoju \u0161alies prezidentu i\u0161rinktas Barakas Obama, juodaod\u017eio i\u0161 Kenijos ir Baltaod\u0117s amerikiet\u0117s s\u016bnus.","robots":{"index":"index","follow":"follow","max-snippet":"max-snippet:-1","max-image-preview":"max-image-preview:large","max-video-preview":"max-video-preview:-1"},"canonical":"https:\/\/skaitytaknyga.lt\/en\/produktas\/barakas-obama-tamsiaodis-kenedis\/","og_locale":"en_GB","og_type":"article","og_title":"[:lt]Barakas Obama: tamsiaodis Kenedis[:] - Skaitytaknyga","og_description":"Jungtin\u0117s Amerikos Valstijos patyr\u0117 sensacij\u0105: 44-uoju \u0161alies prezidentu i\u0161rinktas Barakas Obama, juodaod\u017eio i\u0161 Kenijos ir Baltaod\u0117s amerikiet\u0117s s\u016bnus.","og_url":"https:\/\/skaitytaknyga.lt\/en\/produktas\/barakas-obama-tamsiaodis-kenedis\/","og_site_name":"Skaitytaknyga","article_publisher":"https:\/\/www.facebook.com\/skaitytaknyga\/","article_modified_time":"2026-01-02T19:26:21+00:00","og_image":[{"width":431,"height":575,"url":"https:\/\/skaitytaknyga.lt\/wp-content\/uploads\/2025\/12\/Barakas-Obama-tamsiaodis-Kenedis-1.webp","type":"image\/webp"}],"twitter_card":"summary_large_image","twitter_misc":{"Estimated reading time":"1 minute"},"schema":{"@context":"https:\/\/schema.org","@graph":[{"@type":"WebPage","@id":"https:\/\/skaitytaknyga.lt\/produktas\/barakas-obama-tamsiaodis-kenedis\/","url":"https:\/\/skaitytaknyga.lt\/produktas\/barakas-obama-tamsiaodis-kenedis\/","name":"Barakas Obama: tamsiaodis Kenedis","isPartOf":{"@id":"https:\/\/skaitytaknyga.lt\/#website"},"primaryImageOfPage":{"@id":"https:\/\/skaitytaknyga.lt\/produktas\/barakas-obama-tamsiaodis-kenedis\/#primaryimage"},"image":{"@id":"https:\/\/skaitytaknyga.lt\/produktas\/barakas-obama-tamsiaodis-kenedis\/#primaryimage"},"thumbnailUrl":"https:\/\/skaitytaknyga.lt\/wp-content\/uploads\/2025\/12\/Barakas-Obama-tamsiaodis-Kenedis-1.webp","datePublished":"2025-12-27T15:00:17+00:00","dateModified":"2026-01-02T19:26:21+00:00","description":"Jungtin\u0117s Amerikos Valstijos patyr\u0117 sensacij\u0105: 44-uoju \u0161alies prezidentu i\u0161rinktas Barakas Obama, juodaod\u017eio i\u0161 Kenijos ir Baltaod\u0117s amerikiet\u0117s s\u016bnus.","breadcrumb":{"@id":"https:\/\/skaitytaknyga.lt\/produktas\/barakas-obama-tamsiaodis-kenedis\/#breadcrumb"},"inLanguage":"en-GB","potentialAction":[{"@type":"ReadAction","target":["https:\/\/skaitytaknyga.lt\/produktas\/barakas-obama-tamsiaodis-kenedis\/"]}]},{"@type":"ImageObject","inLanguage":"en-GB","@id":"https:\/\/skaitytaknyga.lt\/produktas\/barakas-obama-tamsiaodis-kenedis\/#primaryimage","url":"https:\/\/skaitytaknyga.lt\/wp-content\/uploads\/2025\/12\/Barakas-Obama-tamsiaodis-Kenedis-1.webp","contentUrl":"https:\/\/skaitytaknyga.lt\/wp-content\/uploads\/2025\/12\/Barakas-Obama-tamsiaodis-Kenedis-1.webp","width":431,"height":575,"caption":"Barakas Obama: tamsiaodis Kenedis"},{"@type":"BreadcrumbList","@id":"https:\/\/skaitytaknyga.lt\/produktas\/barakas-obama-tamsiaodis-kenedis\/#breadcrumb","itemListElement":[{"@type":"ListItem","position":1,"name":"Home","item":"https:\/\/skaitytaknyga.lt\/"},{"@type":"ListItem","position":2,"name":"Parduotuv\u0117","item":"https:\/\/skaitytaknyga.lt\/knygu-parduotuve\/"},{"@type":"ListItem","position":3,"name":"Barakas Obama: tamsiaodis Kenedis"}]},{"@type":"WebSite","@id":"https:\/\/skaitytaknyga.lt\/#website","url":"https:\/\/skaitytaknyga.lt\/","name":"skaitytaknyga.lt","description":"Skaitytaknyga.lt \u2013 tai ma\u017eas \u0161eimos verslas, kuris prasid\u0117jo nuo meil\u0117s knygoms ir siekio i\u0161gelb\u0117ti knygas nuo likimo prie konteinerio. Kas vienam nereikalingas daiktas \u2013 kitam lobis, o mes esame tarpininkai, kurie padeda abiems tapti laimingesniems ???? \u017dinome kaip nelengva i\u0161gyventi ma\u017eiems verslams, tad nuo \u0161iol, \u010dia rasite ir kit\u0173, ma\u017e\u0173 \u0161eim\u0173 versl\u0173, rank\u0173 darbo, dovan\u0173 sau ir artimiesiems.","publisher":{"@id":"https:\/\/skaitytaknyga.lt\/#organization"},"potentialAction":[{"@type":"SearchAction","target":{"@type":"EntryPoint","urlTemplate":"https:\/\/skaitytaknyga.lt\/?s={search_term_string}"},"query-input":{"@type":"PropertyValueSpecification","valueRequired":true,"valueName":"search_term_string"}}],"inLanguage":"en-GB"},{"@type":"Organization","@id":"https:\/\/skaitytaknyga.lt\/#organization","name":"skaitytaknyga.lt","url":"https:\/\/skaitytaknyga.lt\/","logo":{"@type":"ImageObject","inLanguage":"en-GB","@id":"https:\/\/skaitytaknyga.lt\/#\/schema\/logo\/image\/","url":"https:\/\/skaitytaknyga.lt\/wp-content\/uploads\/2024\/05\/cropped-cropped-cropped-02_00843_jt3bggkj1j3HLc7SyY6rEUpg.jpeg","contentUrl":"https:\/\/skaitytaknyga.lt\/wp-content\/uploads\/2024\/05\/cropped-cropped-cropped-02_00843_jt3bggkj1j3HLc7SyY6rEUpg.jpeg","width":1600,"height":1600,"caption":"skaitytaknyga.lt"},"image":{"@id":"https:\/\/skaitytaknyga.lt\/#\/schema\/logo\/image\/"},"sameAs":["https:\/\/www.facebook.com\/skaitytaknyga\/"]}]}},"_links":{"self":[{"href":"https:\/\/skaitytaknyga.lt\/en\/wp-json\/wp\/v2\/product\/22576","targetHints":{"allow":["GET"]}}],"collection":[{"href":"https:\/\/skaitytaknyga.lt\/en\/wp-json\/wp\/v2\/product"}],"about":[{"href":"https:\/\/skaitytaknyga.lt\/en\/wp-json\/wp\/v2\/types\/product"}],"replies":[{"embeddable":true,"href":"https:\/\/skaitytaknyga.lt\/en\/wp-json\/wp\/v2\/comments?post=22576"}],"wp:featuredmedia":[{"embeddable":true,"href":"https:\/\/skaitytaknyga.lt\/en\/wp-json\/wp\/v2\/media\/22581"}],"wp:attachment":[{"href":"https:\/\/skaitytaknyga.lt\/en\/wp-json\/wp\/v2\/media?parent=22576"}],"wp:term":[{"taxonomy":"product_brand","embeddable":true,"href":"https:\/\/skaitytaknyga.lt\/en\/wp-json\/wp\/v2\/product_brand?post=22576"},{"taxonomy":"product_cat","embeddable":true,"href":"https:\/\/skaitytaknyga.lt\/en\/wp-json\/wp\/v2\/product_cat?post=22576"},{"taxonomy":"product_tag","embeddable":true,"href":"https:\/\/skaitytaknyga.lt\/en\/wp-json\/wp\/v2\/product_tag?post=22576"}],"curies":[{"name":"wp","href":"https:\/\/api.w.org\/{rel}","templated":true}]}}