{"id":22574,"date":"2025-12-27T17:00:17","date_gmt":"2025-12-27T15:00:17","guid":{"rendered":"https:\/\/skaitytaknyga.lt\/?post_type=product&#038;p=22574"},"modified":"2026-01-02T21:26:21","modified_gmt":"2026-01-02T19:26:21","slug":"bronislovas-lubys-zmogus-versle-politikoje-kulturoje","status":"publish","type":"product","link":"https:\/\/skaitytaknyga.lt\/en\/produktas\/bronislovas-lubys-zmogus-versle-politikoje-kulturoje\/","title":{"rendered":"Bronislovas Lubys. \u017dmogus versle, politikoje, kult\u016broje"},"content":{"rendered":"<p>Monografijoje atskleid\u017eiama vieno \u017einomiausi\u0173 Kovo 11-osios Akto signataro, verslininko, politiko ir kult\u016bros mecenato Bronislovo Lubio veikla. Apra\u0161oma jo, kaip politinio tremtinio vaiko, brendimas, studijos auk\u0161tojoje mokykloje. Analizuojamas jo dalyvavimas politin\u0117je veikloje, po\u017ei\u016bris \u012f Lietuvos ir jos \u017emoni\u0173 gyvenimo aktualijas atk\u016brus nepriklausomyb\u0119. Nema\u017eai vietos skiriama jo, kaip verslo atstovo, vadovavimo stiliui, kuris i\u0161ry\u0161k\u0117jo dirbant Vyriausyb\u0117s vadovu, Lietuvos pramoninink\u0173 konfederacijos prezidentu, ypa\u010d Jonavos mineralini\u0173 tr\u0105\u0161u gamyklos vadovu, ugdant \u201eAchemos&#8221; koncern\u0105.<\/p>\n<p>Knygoje apra\u0161omos jo pastangos kurti socialiai atsaking\u0105 versl\u0105, viltis ugdyti lietuvi\u0161k\u0105 versl\u0105 \u2013 b\u016btin\u0105 s\u0105lyg\u0105 valstyb\u0117s savaranki\u0161kumui \u012ftvirtinti, tapti ekonomi\u0161kai pa\u017eangia Europos valstybe. Atskleid\u017eiamas jo po\u017ei\u016bris \u012f tarptautin\u012f ekonomin\u012f bendradarbiavim\u0105, ry\u0161i\u0173 su kitomis valstyb\u0117mis stiprinim\u0105, taip pat bandymai ma\u017einti politin\u0119 \u012ftamp\u0105 tarptautiniuose politiniuose ir ekonominiuose santykiuose.<\/p>\n","protected":false},"excerpt":{"rendered":"<p>Monografijoje atskleid\u017eiama vieno \u017einomiausi\u0173 Kovo 11-osios Akto signataro, verslininko, politiko ir kult\u016bros mecenato Bronislovo Lubio veikla. Apra\u0161oma jo, kaip politinio tremtinio vaiko, brendimas, studijos auk\u0161tojoje mokykloje. Analizuojamas jo dalyvavimas politin\u0117je veikloje, po\u017ei\u016bris \u012f Lietuvos ir jos \u017emoni\u0173 gyvenimo aktualijas atk\u016brus nepriklausomyb\u0119. Nema\u017eai vietos skiriama jo, kaip verslo atstovo, vadovavimo stiliui, kuris i\u0161ry\u0161k\u0117jo dirbant Vyriausyb\u0117s vadovu, Lietuvos pramoninink\u0173 konfederacijos prezidentu, ypa\u010d Jonavos mineralini\u0173 tr\u0105\u0161u gamyklos vadovu, ugdant \u201eAchemos&#8221; koncern\u0105. Knygoje apra\u0161omos jo pastangos kurti socialiai atsaking\u0105 versl\u0105, viltis ugdyti lietuvi\u0161k\u0105 versl\u0105 \u2013 b\u016btin\u0105 s\u0105lyg\u0105 valstyb\u0117s savaranki\u0161kumui \u012ftvirtinti, tapti ekonomi\u0161kai pa\u017eangia Europos valstybe. Atskleid\u017eiamas jo po\u017ei\u016bris \u012f tarptautin\u012f ekonomin\u012f bendradarbiavim\u0105, ry\u0161i\u0173 su kitomis valstyb\u0117mis stiprinim\u0105, taip pat bandymai ma\u017einti politin\u0119 \u012ftamp\u0105 tarptautiniuose politiniuose ir ekonominiuose santykiuose.<\/p>\n","protected":false},"featured_media":22579,"comment_status":"open","ping_status":"closed","template":"","meta":{"_acf_changed":false,"site-sidebar-layout":"default","site-content-layout":"","ast-site-content-layout":"default","site-content-style":"default","site-sidebar-style":"default","ast-global-header-display":"","ast-banner-title-visibility":"","ast-main-header-display":"","ast-hfb-above-header-display":"","ast-hfb-below-header-display":"","ast-hfb-mobile-header-display":"","site-post-title":"","ast-breadcrumbs-content":"","ast-featured-img":"","footer-sml-layout":"","ast-disable-related-posts":"","theme-transparent-header-meta":"","adv-header-id-meta":"","stick-header-meta":"","header-above-stick-meta":"","header-main-stick-meta":"","header-below-stick-meta":"","astra-migrate-meta-layouts":"default","ast-page-background-enabled":"default","ast-page-background-meta":{"desktop":{"background-color":"","background-image":"","background-repeat":"repeat","background-position":"center center","background-size":"auto","background-attachment":"scroll","background-type":"","background-media":"","overlay-type":"","overlay-color":"","overlay-opacity":"","overlay-gradient":""},"tablet":{"background-color":"","background-image":"","background-repeat":"repeat","background-position":"center center","background-size":"auto","background-attachment":"scroll","background-type":"","background-media":"","overlay-type":"","overlay-color":"","overlay-opacity":"","overlay-gradient":""},"mobile":{"background-color":"","background-image":"","background-repeat":"repeat","background-position":"center center","background-size":"auto","background-attachment":"scroll","background-type":"","background-media":"","overlay-type":"","overlay-color":"","overlay-opacity":"","overlay-gradient":""}},"ast-content-background-meta":{"desktop":{"background-color":"var(--ast-global-color-4)","background-image":"","background-repeat":"repeat","background-position":"center center","background-size":"auto","background-attachment":"scroll","background-type":"","background-media":"","overlay-type":"","overlay-color":"","overlay-opacity":"","overlay-gradient":""},"tablet":{"background-color":"var(--ast-global-color-4)","background-image":"","background-repeat":"repeat","background-position":"center center","background-size":"auto","background-attachment":"scroll","background-type":"","background-media":"","overlay-type":"","overlay-color":"","overlay-opacity":"","overlay-gradient":""},"mobile":{"background-color":"var(--ast-global-color-4)","background-image":"","background-repeat":"repeat","background-position":"center center","background-size":"auto","background-attachment":"scroll","background-type":"","background-media":"","overlay-type":"","overlay-color":"","overlay-opacity":"","overlay-gradient":""}}},"product_brand":[],"product_cat":[33],"product_tag":[],"class_list":{"0":"post-22574","1":"product","2":"type-product","3":"status-publish","4":"has-post-thumbnail","6":"product_cat-biografijos","7":"desktop-align-left","8":"tablet-align-left","9":"mobile-align-left","11":"first","12":"instock","13":"shipping-taxable","14":"purchasable","15":"product-type-simple"},"acf":[],"yoast_head":"<!-- This site is optimized with the Yoast SEO plugin v27.0 - https:\/\/yoast.com\/product\/yoast-seo-wordpress\/ -->\n<title>Bronislovas Lubys. \u017dmogus versle, politikoje, kult\u016broje<\/title>\n<meta name=\"description\" content=\"Monografijoje atskleid\u017eiama vieno \u017einomiausi\u0173 Kovo 11-osios Akto signataro, verslininko, politiko ir kult\u016bros mecenato Bronislovo Lubio veikla. Apra\u0161oma\" \/>\n<meta name=\"robots\" content=\"index, follow, max-snippet:-1, max-image-preview:large, max-video-preview:-1\" \/>\n<link rel=\"canonical\" href=\"https:\/\/skaitytaknyga.lt\/en\/produktas\/bronislovas-lubys-zmogus-versle-politikoje-kulturoje\/\" \/>\n<meta property=\"og:locale\" content=\"en_GB\" \/>\n<meta property=\"og:locale:alternate\" content=\"lt_LT\" \/>\n<meta property=\"og:type\" content=\"article\" \/>\n<meta property=\"og:title\" content=\"Bronislovas Lubys. \u017dmogus versle, politikoje, kult\u016broje\" \/>\n<meta property=\"og:description\" content=\"Monografijoje atskleid\u017eiama vieno \u017einomiausi\u0173 Kovo 11-osios Akto signataro, verslininko, politiko ir kult\u016bros mecenato Bronislovo Lubio veikla. Apra\u0161oma\" \/>\n<meta property=\"og:url\" content=\"https:\/\/skaitytaknyga.lt\/en\/produktas\/bronislovas-lubys-zmogus-versle-politikoje-kulturoje\/\" \/>\n<meta property=\"og:site_name\" content=\"Skaitytaknyga\" \/>\n<meta property=\"article:publisher\" content=\"https:\/\/www.facebook.com\/skaitytaknyga\/\" \/>\n<meta property=\"article:modified_time\" content=\"2026-01-02T19:26:21+00:00\" \/>\n<meta property=\"og:image\" content=\"https:\/\/skaitytaknyga.lt\/wp-content\/uploads\/2025\/12\/Bronislovas-Lubys.-Zmogus-versle-politikoje-kulturoje-1.webp\" \/>\n\t<meta property=\"og:image:width\" content=\"423\" \/>\n\t<meta property=\"og:image:height\" content=\"699\" \/>\n\t<meta property=\"og:image:type\" content=\"image\/webp\" \/>\n<meta name=\"twitter:card\" content=\"summary_large_image\" \/>\n<meta name=\"twitter:label1\" content=\"Estimated reading time\" \/>\n\t<meta name=\"twitter:data1\" content=\"1 minute\" \/>\n<script type=\"application\/ld+json\" class=\"yoast-schema-graph\">{\"@context\":\"https:\/\/schema.org\",\"@graph\":[{\"@type\":\"WebPage\",\"@id\":\"https:\/\/skaitytaknyga.lt\/produktas\/bronislovas-lubys-zmogus-versle-politikoje-kulturoje\/\",\"url\":\"https:\/\/skaitytaknyga.lt\/produktas\/bronislovas-lubys-zmogus-versle-politikoje-kulturoje\/\",\"name\":\"Bronislovas Lubys. \u017dmogus versle, politikoje, kult\u016broje\",\"isPartOf\":{\"@id\":\"https:\/\/skaitytaknyga.lt\/#website\"},\"primaryImageOfPage\":{\"@id\":\"https:\/\/skaitytaknyga.lt\/produktas\/bronislovas-lubys-zmogus-versle-politikoje-kulturoje\/#primaryimage\"},\"image\":{\"@id\":\"https:\/\/skaitytaknyga.lt\/produktas\/bronislovas-lubys-zmogus-versle-politikoje-kulturoje\/#primaryimage\"},\"thumbnailUrl\":\"https:\/\/skaitytaknyga.lt\/wp-content\/uploads\/2025\/12\/Bronislovas-Lubys.-Zmogus-versle-politikoje-kulturoje-1.webp\",\"datePublished\":\"2025-12-27T15:00:17+00:00\",\"dateModified\":\"2026-01-02T19:26:21+00:00\",\"description\":\"Monografijoje atskleid\u017eiama vieno \u017einomiausi\u0173 Kovo 11-osios Akto signataro, verslininko, politiko ir kult\u016bros mecenato Bronislovo Lubio veikla. Apra\u0161oma\",\"breadcrumb\":{\"@id\":\"https:\/\/skaitytaknyga.lt\/produktas\/bronislovas-lubys-zmogus-versle-politikoje-kulturoje\/#breadcrumb\"},\"inLanguage\":\"en-GB\",\"potentialAction\":[{\"@type\":\"ReadAction\",\"target\":[\"https:\/\/skaitytaknyga.lt\/produktas\/bronislovas-lubys-zmogus-versle-politikoje-kulturoje\/\"]}]},{\"@type\":\"ImageObject\",\"inLanguage\":\"en-GB\",\"@id\":\"https:\/\/skaitytaknyga.lt\/produktas\/bronislovas-lubys-zmogus-versle-politikoje-kulturoje\/#primaryimage\",\"url\":\"https:\/\/skaitytaknyga.lt\/wp-content\/uploads\/2025\/12\/Bronislovas-Lubys.-Zmogus-versle-politikoje-kulturoje-1.webp\",\"contentUrl\":\"https:\/\/skaitytaknyga.lt\/wp-content\/uploads\/2025\/12\/Bronislovas-Lubys.-Zmogus-versle-politikoje-kulturoje-1.webp\",\"width\":423,\"height\":699,\"caption\":\"Bronislovas Lubys. \u017dmogus versle, politikoje, kult\u016broje\"},{\"@type\":\"BreadcrumbList\",\"@id\":\"https:\/\/skaitytaknyga.lt\/produktas\/bronislovas-lubys-zmogus-versle-politikoje-kulturoje\/#breadcrumb\",\"itemListElement\":[{\"@type\":\"ListItem\",\"position\":1,\"name\":\"Home\",\"item\":\"https:\/\/skaitytaknyga.lt\/\"},{\"@type\":\"ListItem\",\"position\":2,\"name\":\"Parduotuv\u0117\",\"item\":\"https:\/\/skaitytaknyga.lt\/knygu-parduotuve\/\"},{\"@type\":\"ListItem\",\"position\":3,\"name\":\"Bronislovas Lubys. \u017dmogus versle, politikoje, kult\u016broje\"}]},{\"@type\":\"WebSite\",\"@id\":\"https:\/\/skaitytaknyga.lt\/#website\",\"url\":\"https:\/\/skaitytaknyga.lt\/\",\"name\":\"skaitytaknyga.lt\",\"description\":\"Skaitytaknyga.lt \u2013 tai ma\u017eas \u0161eimos verslas, kuris prasid\u0117jo nuo meil\u0117s knygoms ir siekio i\u0161gelb\u0117ti knygas nuo likimo prie konteinerio. Kas vienam nereikalingas daiktas \u2013 kitam lobis, o mes esame tarpininkai, kurie padeda abiems tapti laimingesniems ???? \u017dinome kaip nelengva i\u0161gyventi ma\u017eiems verslams, tad nuo \u0161iol, \u010dia rasite ir kit\u0173, ma\u017e\u0173 \u0161eim\u0173 versl\u0173, rank\u0173 darbo, dovan\u0173 sau ir artimiesiems.\",\"publisher\":{\"@id\":\"https:\/\/skaitytaknyga.lt\/#organization\"},\"potentialAction\":[{\"@type\":\"SearchAction\",\"target\":{\"@type\":\"EntryPoint\",\"urlTemplate\":\"https:\/\/skaitytaknyga.lt\/?s={search_term_string}\"},\"query-input\":{\"@type\":\"PropertyValueSpecification\",\"valueRequired\":true,\"valueName\":\"search_term_string\"}}],\"inLanguage\":\"en-GB\"},{\"@type\":\"Organization\",\"@id\":\"https:\/\/skaitytaknyga.lt\/#organization\",\"name\":\"skaitytaknyga.lt\",\"url\":\"https:\/\/skaitytaknyga.lt\/\",\"logo\":{\"@type\":\"ImageObject\",\"inLanguage\":\"en-GB\",\"@id\":\"https:\/\/skaitytaknyga.lt\/#\/schema\/logo\/image\/\",\"url\":\"https:\/\/skaitytaknyga.lt\/wp-content\/uploads\/2024\/05\/cropped-cropped-cropped-02_00843_jt3bggkj1j3HLc7SyY6rEUpg.jpeg\",\"contentUrl\":\"https:\/\/skaitytaknyga.lt\/wp-content\/uploads\/2024\/05\/cropped-cropped-cropped-02_00843_jt3bggkj1j3HLc7SyY6rEUpg.jpeg\",\"width\":1600,\"height\":1600,\"caption\":\"skaitytaknyga.lt\"},\"image\":{\"@id\":\"https:\/\/skaitytaknyga.lt\/#\/schema\/logo\/image\/\"},\"sameAs\":[\"https:\/\/www.facebook.com\/skaitytaknyga\/\"]}]}<\/script>\n<!-- \/ Yoast SEO plugin. -->","yoast_head_json":{"title":"Bronislovas Lubys. \u017dmogus versle, politikoje, kult\u016broje","description":"Monografijoje atskleid\u017eiama vieno \u017einomiausi\u0173 Kovo 11-osios Akto signataro, verslininko, politiko ir kult\u016bros mecenato Bronislovo Lubio veikla. Apra\u0161oma","robots":{"index":"index","follow":"follow","max-snippet":"max-snippet:-1","max-image-preview":"max-image-preview:large","max-video-preview":"max-video-preview:-1"},"canonical":"https:\/\/skaitytaknyga.lt\/en\/produktas\/bronislovas-lubys-zmogus-versle-politikoje-kulturoje\/","og_locale":"en_GB","og_type":"article","og_title":"[:lt]Bronislovas Lubys. \u017dmogus versle, politikoje, kult\u016broje[:] - Skaitytaknyga","og_description":"Monografijoje atskleid\u017eiama vieno \u017einomiausi\u0173 Kovo 11-osios Akto signataro, verslininko, politiko ir kult\u016bros mecenato Bronislovo Lubio veikla. Apra\u0161oma","og_url":"https:\/\/skaitytaknyga.lt\/en\/produktas\/bronislovas-lubys-zmogus-versle-politikoje-kulturoje\/","og_site_name":"Skaitytaknyga","article_publisher":"https:\/\/www.facebook.com\/skaitytaknyga\/","article_modified_time":"2026-01-02T19:26:21+00:00","og_image":[{"width":423,"height":699,"url":"https:\/\/skaitytaknyga.lt\/wp-content\/uploads\/2025\/12\/Bronislovas-Lubys.-Zmogus-versle-politikoje-kulturoje-1.webp","type":"image\/webp"}],"twitter_card":"summary_large_image","twitter_misc":{"Estimated reading time":"1 minute"},"schema":{"@context":"https:\/\/schema.org","@graph":[{"@type":"WebPage","@id":"https:\/\/skaitytaknyga.lt\/produktas\/bronislovas-lubys-zmogus-versle-politikoje-kulturoje\/","url":"https:\/\/skaitytaknyga.lt\/produktas\/bronislovas-lubys-zmogus-versle-politikoje-kulturoje\/","name":"Bronislovas Lubys. \u017dmogus versle, politikoje, kult\u016broje","isPartOf":{"@id":"https:\/\/skaitytaknyga.lt\/#website"},"primaryImageOfPage":{"@id":"https:\/\/skaitytaknyga.lt\/produktas\/bronislovas-lubys-zmogus-versle-politikoje-kulturoje\/#primaryimage"},"image":{"@id":"https:\/\/skaitytaknyga.lt\/produktas\/bronislovas-lubys-zmogus-versle-politikoje-kulturoje\/#primaryimage"},"thumbnailUrl":"https:\/\/skaitytaknyga.lt\/wp-content\/uploads\/2025\/12\/Bronislovas-Lubys.-Zmogus-versle-politikoje-kulturoje-1.webp","datePublished":"2025-12-27T15:00:17+00:00","dateModified":"2026-01-02T19:26:21+00:00","description":"Monografijoje atskleid\u017eiama vieno \u017einomiausi\u0173 Kovo 11-osios Akto signataro, verslininko, politiko ir kult\u016bros mecenato Bronislovo Lubio veikla. Apra\u0161oma","breadcrumb":{"@id":"https:\/\/skaitytaknyga.lt\/produktas\/bronislovas-lubys-zmogus-versle-politikoje-kulturoje\/#breadcrumb"},"inLanguage":"en-GB","potentialAction":[{"@type":"ReadAction","target":["https:\/\/skaitytaknyga.lt\/produktas\/bronislovas-lubys-zmogus-versle-politikoje-kulturoje\/"]}]},{"@type":"ImageObject","inLanguage":"en-GB","@id":"https:\/\/skaitytaknyga.lt\/produktas\/bronislovas-lubys-zmogus-versle-politikoje-kulturoje\/#primaryimage","url":"https:\/\/skaitytaknyga.lt\/wp-content\/uploads\/2025\/12\/Bronislovas-Lubys.-Zmogus-versle-politikoje-kulturoje-1.webp","contentUrl":"https:\/\/skaitytaknyga.lt\/wp-content\/uploads\/2025\/12\/Bronislovas-Lubys.-Zmogus-versle-politikoje-kulturoje-1.webp","width":423,"height":699,"caption":"Bronislovas Lubys. \u017dmogus versle, politikoje, kult\u016broje"},{"@type":"BreadcrumbList","@id":"https:\/\/skaitytaknyga.lt\/produktas\/bronislovas-lubys-zmogus-versle-politikoje-kulturoje\/#breadcrumb","itemListElement":[{"@type":"ListItem","position":1,"name":"Home","item":"https:\/\/skaitytaknyga.lt\/"},{"@type":"ListItem","position":2,"name":"Parduotuv\u0117","item":"https:\/\/skaitytaknyga.lt\/knygu-parduotuve\/"},{"@type":"ListItem","position":3,"name":"Bronislovas Lubys. \u017dmogus versle, politikoje, kult\u016broje"}]},{"@type":"WebSite","@id":"https:\/\/skaitytaknyga.lt\/#website","url":"https:\/\/skaitytaknyga.lt\/","name":"skaitytaknyga.lt","description":"Skaitytaknyga.lt \u2013 tai ma\u017eas \u0161eimos verslas, kuris prasid\u0117jo nuo meil\u0117s knygoms ir siekio i\u0161gelb\u0117ti knygas nuo likimo prie konteinerio. Kas vienam nereikalingas daiktas \u2013 kitam lobis, o mes esame tarpininkai, kurie padeda abiems tapti laimingesniems ???? \u017dinome kaip nelengva i\u0161gyventi ma\u017eiems verslams, tad nuo \u0161iol, \u010dia rasite ir kit\u0173, ma\u017e\u0173 \u0161eim\u0173 versl\u0173, rank\u0173 darbo, dovan\u0173 sau ir artimiesiems.","publisher":{"@id":"https:\/\/skaitytaknyga.lt\/#organization"},"potentialAction":[{"@type":"SearchAction","target":{"@type":"EntryPoint","urlTemplate":"https:\/\/skaitytaknyga.lt\/?s={search_term_string}"},"query-input":{"@type":"PropertyValueSpecification","valueRequired":true,"valueName":"search_term_string"}}],"inLanguage":"en-GB"},{"@type":"Organization","@id":"https:\/\/skaitytaknyga.lt\/#organization","name":"skaitytaknyga.lt","url":"https:\/\/skaitytaknyga.lt\/","logo":{"@type":"ImageObject","inLanguage":"en-GB","@id":"https:\/\/skaitytaknyga.lt\/#\/schema\/logo\/image\/","url":"https:\/\/skaitytaknyga.lt\/wp-content\/uploads\/2024\/05\/cropped-cropped-cropped-02_00843_jt3bggkj1j3HLc7SyY6rEUpg.jpeg","contentUrl":"https:\/\/skaitytaknyga.lt\/wp-content\/uploads\/2024\/05\/cropped-cropped-cropped-02_00843_jt3bggkj1j3HLc7SyY6rEUpg.jpeg","width":1600,"height":1600,"caption":"skaitytaknyga.lt"},"image":{"@id":"https:\/\/skaitytaknyga.lt\/#\/schema\/logo\/image\/"},"sameAs":["https:\/\/www.facebook.com\/skaitytaknyga\/"]}]}},"_links":{"self":[{"href":"https:\/\/skaitytaknyga.lt\/en\/wp-json\/wp\/v2\/product\/22574","targetHints":{"allow":["GET"]}}],"collection":[{"href":"https:\/\/skaitytaknyga.lt\/en\/wp-json\/wp\/v2\/product"}],"about":[{"href":"https:\/\/skaitytaknyga.lt\/en\/wp-json\/wp\/v2\/types\/product"}],"replies":[{"embeddable":true,"href":"https:\/\/skaitytaknyga.lt\/en\/wp-json\/wp\/v2\/comments?post=22574"}],"wp:featuredmedia":[{"embeddable":true,"href":"https:\/\/skaitytaknyga.lt\/en\/wp-json\/wp\/v2\/media\/22579"}],"wp:attachment":[{"href":"https:\/\/skaitytaknyga.lt\/en\/wp-json\/wp\/v2\/media?parent=22574"}],"wp:term":[{"taxonomy":"product_brand","embeddable":true,"href":"https:\/\/skaitytaknyga.lt\/en\/wp-json\/wp\/v2\/product_brand?post=22574"},{"taxonomy":"product_cat","embeddable":true,"href":"https:\/\/skaitytaknyga.lt\/en\/wp-json\/wp\/v2\/product_cat?post=22574"},{"taxonomy":"product_tag","embeddable":true,"href":"https:\/\/skaitytaknyga.lt\/en\/wp-json\/wp\/v2\/product_tag?post=22574"}],"curies":[{"name":"wp","href":"https:\/\/api.w.org\/{rel}","templated":true}]}}