{"id":22572,"date":"2025-12-27T17:00:16","date_gmt":"2025-12-27T15:00:16","guid":{"rendered":"https:\/\/skaitytaknyga.lt\/?post_type=product&#038;p=22572"},"modified":"2026-02-26T09:56:14","modified_gmt":"2026-02-26T07:56:14","slug":"so-meile-zemaiteje","status":"publish","type":"product","link":"https:\/\/skaitytaknyga.lt\/en\/produktas\/so-meile-zemaiteje\/","title":{"rendered":"So meil\u0117 \u017demait\u0117j\u0117"},"content":{"rendered":"<p>2019 m. i\u0161leista Plung\u0117s ir Rietavo kra\u0161to ra\u0161ytoj\u0173 ir poet\u0173 pirmoji \u017eemaiti\u0161kos k\u016brybos antologija \u201eSo meil\u0117 \u017demait\u0117j\u0113\u201c. Joje paskelbti 38-i\u0173 autori\u0173 darbai. Daugelis j\u0173 (net 19) iki \u0161io leidinio pasirodymo jau buvo i\u0161leid\u0119 savo k\u016brybos knygas.<br \/>\nLeidinyje \u201eSo meil\u0117 \u017demait\u0117j\u0113\u201c \u2013 ne tik \u0161iandien kurian\u010di\u0173, bet jau ir Am\u017einyb\u0117n i\u0161\u0117jusi\u0173 \u017eemaiti\u0161kai k\u016brusi\u0173 autori\u0173, tarp j\u0173 ir plungi\u0161ki\u0173 Povilo Grigolos, Jono Dir\u017eininko, rietavi\u0161k\u0117s Birut\u0117s Lengvenien\u0117s eil\u0117ra\u0161\u010diai.<br \/>\nKnyga pradedama istoriko Simono Daukanto ir kalbininko, knygos redaktoriaus J. Pabr\u0117\u017eos mintimis apie \u017eemaiti\u0161k\u0105 \u017eod\u012f ir jo svarb\u0105.<br \/>\nVisi tekstai \u017eemai\u010di\u0173 tarme.<\/p>\n","protected":false},"excerpt":{"rendered":"<p>2019 m. i\u0161leista Plung\u0117s ir Rietavo kra\u0161to ra\u0161ytoj\u0173 ir poet\u0173 pirmoji \u017eemaiti\u0161kos k\u016brybos antologija \u201eSo meil\u0117 \u017demait\u0117j\u0113\u201c. Joje paskelbti 38-i\u0173 autori\u0173 darbai. Daugelis j\u0173 (net 19) iki \u0161io leidinio pasirodymo jau buvo i\u0161leid\u0119 savo k\u016brybos knygas. Leidinyje \u201eSo meil\u0117 \u017demait\u0117j\u0113\u201c \u2013 ne tik \u0161iandien kurian\u010di\u0173, bet jau ir Am\u017einyb\u0117n i\u0161\u0117jusi\u0173 \u017eemaiti\u0161kai k\u016brusi\u0173 autori\u0173, tarp j\u0173 ir plungi\u0161ki\u0173 Povilo Grigolos, Jono Dir\u017eininko, rietavi\u0161k\u0117s Birut\u0117s Lengvenien\u0117s eil\u0117ra\u0161\u010diai. Knyga pradedama istoriko Simono Daukanto ir kalbininko, knygos redaktoriaus J. Pabr\u0117\u017eos mintimis apie \u017eemaiti\u0161k\u0105 \u017eod\u012f ir jo svarb\u0105. Visi tekstai \u017eemai\u010di\u0173 tarme.<\/p>\n","protected":false},"featured_media":22577,"comment_status":"open","ping_status":"closed","template":"","meta":{"_acf_changed":false,"site-sidebar-layout":"default","site-content-layout":"","ast-site-content-layout":"default","site-content-style":"default","site-sidebar-style":"default","ast-global-header-display":"","ast-banner-title-visibility":"","ast-main-header-display":"","ast-hfb-above-header-display":"","ast-hfb-below-header-display":"","ast-hfb-mobile-header-display":"","site-post-title":"","ast-breadcrumbs-content":"","ast-featured-img":"","footer-sml-layout":"","ast-disable-related-posts":"","theme-transparent-header-meta":"","adv-header-id-meta":"","stick-header-meta":"","header-above-stick-meta":"","header-main-stick-meta":"","header-below-stick-meta":"","astra-migrate-meta-layouts":"default","ast-page-background-enabled":"default","ast-page-background-meta":{"desktop":{"background-color":"","background-image":"","background-repeat":"repeat","background-position":"center center","background-size":"auto","background-attachment":"scroll","background-type":"","background-media":"","overlay-type":"","overlay-color":"","overlay-opacity":"","overlay-gradient":""},"tablet":{"background-color":"","background-image":"","background-repeat":"repeat","background-position":"center center","background-size":"auto","background-attachment":"scroll","background-type":"","background-media":"","overlay-type":"","overlay-color":"","overlay-opacity":"","overlay-gradient":""},"mobile":{"background-color":"","background-image":"","background-repeat":"repeat","background-position":"center center","background-size":"auto","background-attachment":"scroll","background-type":"","background-media":"","overlay-type":"","overlay-color":"","overlay-opacity":"","overlay-gradient":""}},"ast-content-background-meta":{"desktop":{"background-color":"var(--ast-global-color-4)","background-image":"","background-repeat":"repeat","background-position":"center center","background-size":"auto","background-attachment":"scroll","background-type":"","background-media":"","overlay-type":"","overlay-color":"","overlay-opacity":"","overlay-gradient":""},"tablet":{"background-color":"var(--ast-global-color-4)","background-image":"","background-repeat":"repeat","background-position":"center center","background-size":"auto","background-attachment":"scroll","background-type":"","background-media":"","overlay-type":"","overlay-color":"","overlay-opacity":"","overlay-gradient":""},"mobile":{"background-color":"var(--ast-global-color-4)","background-image":"","background-repeat":"repeat","background-position":"center center","background-size":"auto","background-attachment":"scroll","background-type":"","background-media":"","overlay-type":"","overlay-color":"","overlay-opacity":"","overlay-gradient":""}}},"product_brand":[],"product_cat":[174],"product_tag":[],"class_list":{"0":"post-22572","1":"product","2":"type-product","3":"status-publish","4":"has-post-thumbnail","6":"product_cat-istorija-ir-politologija","7":"desktop-align-left","8":"tablet-align-left","9":"mobile-align-left","11":"first","12":"instock","13":"shipping-taxable","14":"purchasable","15":"product-type-simple"},"acf":[],"yoast_head":"<!-- This site is optimized with the Yoast SEO plugin v27.0 - https:\/\/yoast.com\/product\/yoast-seo-wordpress\/ -->\n<title>So meil\u0117 \u017demait\u0117j\u0117<\/title>\n<meta name=\"description\" content=\"2019 m. i\u0161leista Plung\u0117s ir Rietavo kra\u0161to ra\u0161ytoj\u0173 ir poet\u0173 pirmoji \u017eemaiti\u0161kos k\u016brybos antologija \u201eSo meil\u0117 \u017demait\u0117j\u0113\u201c. Joje paskelbti 38-i\u0173 autori\u0173\" \/>\n<meta name=\"robots\" content=\"index, follow, max-snippet:-1, max-image-preview:large, max-video-preview:-1\" \/>\n<link rel=\"canonical\" href=\"https:\/\/skaitytaknyga.lt\/en\/produktas\/so-meile-zemaiteje\/\" \/>\n<meta property=\"og:locale\" content=\"en_GB\" \/>\n<meta property=\"og:locale:alternate\" content=\"lt_LT\" \/>\n<meta property=\"og:type\" content=\"article\" \/>\n<meta property=\"og:title\" content=\"So meil\u0117 \u017demait\u0117j\u0117\" \/>\n<meta property=\"og:description\" content=\"2019 m. i\u0161leista Plung\u0117s ir Rietavo kra\u0161to ra\u0161ytoj\u0173 ir poet\u0173 pirmoji \u017eemaiti\u0161kos k\u016brybos antologija \u201eSo meil\u0117 \u017demait\u0117j\u0113\u201c. Joje paskelbti 38-i\u0173 autori\u0173\" \/>\n<meta property=\"og:url\" content=\"https:\/\/skaitytaknyga.lt\/en\/produktas\/so-meile-zemaiteje\/\" \/>\n<meta property=\"og:site_name\" content=\"Skaitytaknyga\" \/>\n<meta property=\"article:publisher\" content=\"https:\/\/www.facebook.com\/skaitytaknyga\/\" \/>\n<meta property=\"article:modified_time\" content=\"2026-02-26T07:56:14+00:00\" \/>\n<meta property=\"og:image\" content=\"https:\/\/skaitytaknyga.lt\/wp-content\/uploads\/2025\/12\/So-meile-Zemaiteje.webp\" \/>\n\t<meta property=\"og:image:width\" content=\"300\" \/>\n\t<meta property=\"og:image:height\" content=\"408\" \/>\n\t<meta property=\"og:image:type\" content=\"image\/webp\" \/>\n<meta name=\"twitter:card\" content=\"summary_large_image\" \/>\n<meta name=\"twitter:label1\" content=\"Estimated reading time\" \/>\n\t<meta name=\"twitter:data1\" content=\"1 minute\" \/>\n<script type=\"application\/ld+json\" class=\"yoast-schema-graph\">{\"@context\":\"https:\/\/schema.org\",\"@graph\":[{\"@type\":\"WebPage\",\"@id\":\"https:\/\/skaitytaknyga.lt\/produktas\/so-meile-zemaiteje\/\",\"url\":\"https:\/\/skaitytaknyga.lt\/produktas\/so-meile-zemaiteje\/\",\"name\":\"So meil\u0117 \u017demait\u0117j\u0117\",\"isPartOf\":{\"@id\":\"https:\/\/skaitytaknyga.lt\/#website\"},\"primaryImageOfPage\":{\"@id\":\"https:\/\/skaitytaknyga.lt\/produktas\/so-meile-zemaiteje\/#primaryimage\"},\"image\":{\"@id\":\"https:\/\/skaitytaknyga.lt\/produktas\/so-meile-zemaiteje\/#primaryimage\"},\"thumbnailUrl\":\"https:\/\/skaitytaknyga.lt\/wp-content\/uploads\/2025\/12\/So-meile-Zemaiteje.webp\",\"datePublished\":\"2025-12-27T15:00:16+00:00\",\"dateModified\":\"2026-02-26T07:56:14+00:00\",\"description\":\"2019 m. i\u0161leista Plung\u0117s ir Rietavo kra\u0161to ra\u0161ytoj\u0173 ir poet\u0173 pirmoji \u017eemaiti\u0161kos k\u016brybos antologija \u201eSo meil\u0117 \u017demait\u0117j\u0113\u201c. Joje paskelbti 38-i\u0173 autori\u0173\",\"breadcrumb\":{\"@id\":\"https:\/\/skaitytaknyga.lt\/produktas\/so-meile-zemaiteje\/#breadcrumb\"},\"inLanguage\":\"en-GB\",\"potentialAction\":[{\"@type\":\"ReadAction\",\"target\":[\"https:\/\/skaitytaknyga.lt\/produktas\/so-meile-zemaiteje\/\"]}]},{\"@type\":\"ImageObject\",\"inLanguage\":\"en-GB\",\"@id\":\"https:\/\/skaitytaknyga.lt\/produktas\/so-meile-zemaiteje\/#primaryimage\",\"url\":\"https:\/\/skaitytaknyga.lt\/wp-content\/uploads\/2025\/12\/So-meile-Zemaiteje.webp\",\"contentUrl\":\"https:\/\/skaitytaknyga.lt\/wp-content\/uploads\/2025\/12\/So-meile-Zemaiteje.webp\",\"width\":300,\"height\":408,\"caption\":\"So meil\u0117 \u017demait\u0117j\u0117\"},{\"@type\":\"BreadcrumbList\",\"@id\":\"https:\/\/skaitytaknyga.lt\/produktas\/so-meile-zemaiteje\/#breadcrumb\",\"itemListElement\":[{\"@type\":\"ListItem\",\"position\":1,\"name\":\"Home\",\"item\":\"https:\/\/skaitytaknyga.lt\/\"},{\"@type\":\"ListItem\",\"position\":2,\"name\":\"Parduotuv\u0117\",\"item\":\"https:\/\/skaitytaknyga.lt\/knygu-parduotuve\/\"},{\"@type\":\"ListItem\",\"position\":3,\"name\":\"So meil\u0117 \u017demait\u0117j\u0117\"}]},{\"@type\":\"WebSite\",\"@id\":\"https:\/\/skaitytaknyga.lt\/#website\",\"url\":\"https:\/\/skaitytaknyga.lt\/\",\"name\":\"skaitytaknyga.lt\",\"description\":\"Skaitytaknyga.lt \u2013 tai ma\u017eas \u0161eimos verslas, kuris prasid\u0117jo nuo meil\u0117s knygoms ir siekio i\u0161gelb\u0117ti knygas nuo likimo prie konteinerio. Kas vienam nereikalingas daiktas \u2013 kitam lobis, o mes esame tarpininkai, kurie padeda abiems tapti laimingesniems ???? \u017dinome kaip nelengva i\u0161gyventi ma\u017eiems verslams, tad nuo \u0161iol, \u010dia rasite ir kit\u0173, ma\u017e\u0173 \u0161eim\u0173 versl\u0173, rank\u0173 darbo, dovan\u0173 sau ir artimiesiems.\",\"publisher\":{\"@id\":\"https:\/\/skaitytaknyga.lt\/#organization\"},\"potentialAction\":[{\"@type\":\"SearchAction\",\"target\":{\"@type\":\"EntryPoint\",\"urlTemplate\":\"https:\/\/skaitytaknyga.lt\/?s={search_term_string}\"},\"query-input\":{\"@type\":\"PropertyValueSpecification\",\"valueRequired\":true,\"valueName\":\"search_term_string\"}}],\"inLanguage\":\"en-GB\"},{\"@type\":\"Organization\",\"@id\":\"https:\/\/skaitytaknyga.lt\/#organization\",\"name\":\"skaitytaknyga.lt\",\"url\":\"https:\/\/skaitytaknyga.lt\/\",\"logo\":{\"@type\":\"ImageObject\",\"inLanguage\":\"en-GB\",\"@id\":\"https:\/\/skaitytaknyga.lt\/#\/schema\/logo\/image\/\",\"url\":\"https:\/\/skaitytaknyga.lt\/wp-content\/uploads\/2024\/05\/cropped-cropped-cropped-02_00843_jt3bggkj1j3HLc7SyY6rEUpg.jpeg\",\"contentUrl\":\"https:\/\/skaitytaknyga.lt\/wp-content\/uploads\/2024\/05\/cropped-cropped-cropped-02_00843_jt3bggkj1j3HLc7SyY6rEUpg.jpeg\",\"width\":1600,\"height\":1600,\"caption\":\"skaitytaknyga.lt\"},\"image\":{\"@id\":\"https:\/\/skaitytaknyga.lt\/#\/schema\/logo\/image\/\"},\"sameAs\":[\"https:\/\/www.facebook.com\/skaitytaknyga\/\"]}]}<\/script>\n<!-- \/ Yoast SEO plugin. -->","yoast_head_json":{"title":"So meil\u0117 \u017demait\u0117j\u0117","description":"2019 m. i\u0161leista Plung\u0117s ir Rietavo kra\u0161to ra\u0161ytoj\u0173 ir poet\u0173 pirmoji \u017eemaiti\u0161kos k\u016brybos antologija \u201eSo meil\u0117 \u017demait\u0117j\u0113\u201c. Joje paskelbti 38-i\u0173 autori\u0173","robots":{"index":"index","follow":"follow","max-snippet":"max-snippet:-1","max-image-preview":"max-image-preview:large","max-video-preview":"max-video-preview:-1"},"canonical":"https:\/\/skaitytaknyga.lt\/en\/produktas\/so-meile-zemaiteje\/","og_locale":"en_GB","og_type":"article","og_title":"[:lt]So meil\u0117 \u017demait\u0117j\u0117[:] - Skaitytaknyga","og_description":"2019 m. i\u0161leista Plung\u0117s ir Rietavo kra\u0161to ra\u0161ytoj\u0173 ir poet\u0173 pirmoji \u017eemaiti\u0161kos k\u016brybos antologija \u201eSo meil\u0117 \u017demait\u0117j\u0113\u201c. Joje paskelbti 38-i\u0173 autori\u0173","og_url":"https:\/\/skaitytaknyga.lt\/en\/produktas\/so-meile-zemaiteje\/","og_site_name":"Skaitytaknyga","article_publisher":"https:\/\/www.facebook.com\/skaitytaknyga\/","article_modified_time":"2026-02-26T07:56:14+00:00","og_image":[{"width":300,"height":408,"url":"https:\/\/skaitytaknyga.lt\/wp-content\/uploads\/2025\/12\/So-meile-Zemaiteje.webp","type":"image\/webp"}],"twitter_card":"summary_large_image","twitter_misc":{"Estimated reading time":"1 minute"},"schema":{"@context":"https:\/\/schema.org","@graph":[{"@type":"WebPage","@id":"https:\/\/skaitytaknyga.lt\/produktas\/so-meile-zemaiteje\/","url":"https:\/\/skaitytaknyga.lt\/produktas\/so-meile-zemaiteje\/","name":"So meil\u0117 \u017demait\u0117j\u0117","isPartOf":{"@id":"https:\/\/skaitytaknyga.lt\/#website"},"primaryImageOfPage":{"@id":"https:\/\/skaitytaknyga.lt\/produktas\/so-meile-zemaiteje\/#primaryimage"},"image":{"@id":"https:\/\/skaitytaknyga.lt\/produktas\/so-meile-zemaiteje\/#primaryimage"},"thumbnailUrl":"https:\/\/skaitytaknyga.lt\/wp-content\/uploads\/2025\/12\/So-meile-Zemaiteje.webp","datePublished":"2025-12-27T15:00:16+00:00","dateModified":"2026-02-26T07:56:14+00:00","description":"2019 m. i\u0161leista Plung\u0117s ir Rietavo kra\u0161to ra\u0161ytoj\u0173 ir poet\u0173 pirmoji \u017eemaiti\u0161kos k\u016brybos antologija \u201eSo meil\u0117 \u017demait\u0117j\u0113\u201c. Joje paskelbti 38-i\u0173 autori\u0173","breadcrumb":{"@id":"https:\/\/skaitytaknyga.lt\/produktas\/so-meile-zemaiteje\/#breadcrumb"},"inLanguage":"en-GB","potentialAction":[{"@type":"ReadAction","target":["https:\/\/skaitytaknyga.lt\/produktas\/so-meile-zemaiteje\/"]}]},{"@type":"ImageObject","inLanguage":"en-GB","@id":"https:\/\/skaitytaknyga.lt\/produktas\/so-meile-zemaiteje\/#primaryimage","url":"https:\/\/skaitytaknyga.lt\/wp-content\/uploads\/2025\/12\/So-meile-Zemaiteje.webp","contentUrl":"https:\/\/skaitytaknyga.lt\/wp-content\/uploads\/2025\/12\/So-meile-Zemaiteje.webp","width":300,"height":408,"caption":"So meil\u0117 \u017demait\u0117j\u0117"},{"@type":"BreadcrumbList","@id":"https:\/\/skaitytaknyga.lt\/produktas\/so-meile-zemaiteje\/#breadcrumb","itemListElement":[{"@type":"ListItem","position":1,"name":"Home","item":"https:\/\/skaitytaknyga.lt\/"},{"@type":"ListItem","position":2,"name":"Parduotuv\u0117","item":"https:\/\/skaitytaknyga.lt\/knygu-parduotuve\/"},{"@type":"ListItem","position":3,"name":"So meil\u0117 \u017demait\u0117j\u0117"}]},{"@type":"WebSite","@id":"https:\/\/skaitytaknyga.lt\/#website","url":"https:\/\/skaitytaknyga.lt\/","name":"skaitytaknyga.lt","description":"Skaitytaknyga.lt \u2013 tai ma\u017eas \u0161eimos verslas, kuris prasid\u0117jo nuo meil\u0117s knygoms ir siekio i\u0161gelb\u0117ti knygas nuo likimo prie konteinerio. Kas vienam nereikalingas daiktas \u2013 kitam lobis, o mes esame tarpininkai, kurie padeda abiems tapti laimingesniems ???? \u017dinome kaip nelengva i\u0161gyventi ma\u017eiems verslams, tad nuo \u0161iol, \u010dia rasite ir kit\u0173, ma\u017e\u0173 \u0161eim\u0173 versl\u0173, rank\u0173 darbo, dovan\u0173 sau ir artimiesiems.","publisher":{"@id":"https:\/\/skaitytaknyga.lt\/#organization"},"potentialAction":[{"@type":"SearchAction","target":{"@type":"EntryPoint","urlTemplate":"https:\/\/skaitytaknyga.lt\/?s={search_term_string}"},"query-input":{"@type":"PropertyValueSpecification","valueRequired":true,"valueName":"search_term_string"}}],"inLanguage":"en-GB"},{"@type":"Organization","@id":"https:\/\/skaitytaknyga.lt\/#organization","name":"skaitytaknyga.lt","url":"https:\/\/skaitytaknyga.lt\/","logo":{"@type":"ImageObject","inLanguage":"en-GB","@id":"https:\/\/skaitytaknyga.lt\/#\/schema\/logo\/image\/","url":"https:\/\/skaitytaknyga.lt\/wp-content\/uploads\/2024\/05\/cropped-cropped-cropped-02_00843_jt3bggkj1j3HLc7SyY6rEUpg.jpeg","contentUrl":"https:\/\/skaitytaknyga.lt\/wp-content\/uploads\/2024\/05\/cropped-cropped-cropped-02_00843_jt3bggkj1j3HLc7SyY6rEUpg.jpeg","width":1600,"height":1600,"caption":"skaitytaknyga.lt"},"image":{"@id":"https:\/\/skaitytaknyga.lt\/#\/schema\/logo\/image\/"},"sameAs":["https:\/\/www.facebook.com\/skaitytaknyga\/"]}]}},"_links":{"self":[{"href":"https:\/\/skaitytaknyga.lt\/en\/wp-json\/wp\/v2\/product\/22572","targetHints":{"allow":["GET"]}}],"collection":[{"href":"https:\/\/skaitytaknyga.lt\/en\/wp-json\/wp\/v2\/product"}],"about":[{"href":"https:\/\/skaitytaknyga.lt\/en\/wp-json\/wp\/v2\/types\/product"}],"replies":[{"embeddable":true,"href":"https:\/\/skaitytaknyga.lt\/en\/wp-json\/wp\/v2\/comments?post=22572"}],"wp:featuredmedia":[{"embeddable":true,"href":"https:\/\/skaitytaknyga.lt\/en\/wp-json\/wp\/v2\/media\/22577"}],"wp:attachment":[{"href":"https:\/\/skaitytaknyga.lt\/en\/wp-json\/wp\/v2\/media?parent=22572"}],"wp:term":[{"taxonomy":"product_brand","embeddable":true,"href":"https:\/\/skaitytaknyga.lt\/en\/wp-json\/wp\/v2\/product_brand?post=22572"},{"taxonomy":"product_cat","embeddable":true,"href":"https:\/\/skaitytaknyga.lt\/en\/wp-json\/wp\/v2\/product_cat?post=22572"},{"taxonomy":"product_tag","embeddable":true,"href":"https:\/\/skaitytaknyga.lt\/en\/wp-json\/wp\/v2\/product_tag?post=22572"}],"curies":[{"name":"wp","href":"https:\/\/api.w.org\/{rel}","templated":true}]}}