{"id":2257,"date":"2024-04-17T16:06:51","date_gmt":"2024-04-17T13:06:51","guid":{"rendered":"https:\/\/skaitytaknyga.lt\/?post_type=product&#038;p=2257"},"modified":"2025-05-28T09:52:21","modified_gmt":"2025-05-28T06:52:21","slug":"p-l-travers-mere-popins","status":"publish","type":"product","link":"https:\/\/skaitytaknyga.lt\/en\/produktas\/p-l-travers-mere-popins\/","title":{"rendered":"Mer\u0117 Popins"},"content":{"rendered":"<p>Tai knyga apie neprilygstam\u0105j\u0105 aukl\u0119 Mer\u0119 Popins ir jos nuotykius Vy\u0161ni\u0173 gatvel\u0117je kartu su vaikais Maiklu ir D\u017eeine bei dvynukais D\u017eonu ir Barbara.<\/p>\n<p>Vos tik Mer\u0117 Popins praveria Vy\u0161ni\u0173 gatvel\u0117s septyniolikto namo duris, ima d\u0117tis tokie keisti dalykai, kad vaikai jau t\u0105 pa\u010di\u0105 dien\u0105 parei\u0161kia: \u201eMere Popins, tu niekada nei\u0161eik i\u0161 m\u016bs\u0173, gerai?\u201c<\/p>\n<p>Knygos apie Mer\u0119 Popins angl\u0173 vaik\u0173 ra\u0161ytojai Pamelai Lindon Trevers peln\u0117 pasaulin\u0119 \u0161lov\u0119. Kartu su \u0161i\u0173 knyg\u0173 iliustruotoja Mere \u0160epard ji suk\u016br\u0117 k\u016brinius, kurie jau seniai yra tap\u0119 vaik\u0173 literat\u016bros klasika ir gra\u017eiai papuo\u0161ia pasaulin\u0117s vaik\u0173 literat\u016bros aukso fond\u0105.<\/p>\n","protected":false},"excerpt":{"rendered":"<p>Tai knyga apie neprilygstam\u0105j\u0105 aukl\u0119 Mer\u0119 Popins ir jos nuotykius Vy\u0161ni\u0173 gatvel\u0117je kartu su vaikais Maiklu ir D\u017eeine bei dvynukais D\u017eonu ir Barbara.<\/p>\n<p>Vos tik Mer\u0117 Popins praveria Vy\u0161ni\u0173 gatvel\u0117s septyniolikto namo duris, ima d\u0117tis tokie keisti dalykai, kad vaikai jau t\u0105 pa\u010di\u0105 dien\u0105 parei\u0161kia: \u201eMere Popins, tu niekada nei\u0161eik i\u0161 m\u016bs\u0173, gerai?\u201c<\/p>\n<p>Knygos apie Mer\u0119 Popins angl\u0173 vaik\u0173 ra\u0161ytojai Pamelai Lindon Trevers peln\u0117 pasaulin\u0119 \u0161lov\u0119. Kartu su \u0161i\u0173 knyg\u0173 iliustruotoja Mere \u0160epard ji suk\u016br\u0117 k\u016brinius, kurie jau seniai yra tap\u0119 vaik\u0173 literat\u016bros klasika ir gra\u017eiai papuo\u0161ia pasaulin\u0117s vaik\u0173 literat\u016bros aukso fond\u0105.<\/p>\n","protected":false},"featured_media":2306,"comment_status":"closed","ping_status":"closed","template":"","meta":{"_acf_changed":false,"site-sidebar-layout":"default","site-content-layout":"","ast-site-content-layout":"default","site-content-style":"default","site-sidebar-style":"default","ast-global-header-display":"","ast-banner-title-visibility":"","ast-main-header-display":"","ast-hfb-above-header-display":"","ast-hfb-below-header-display":"","ast-hfb-mobile-header-display":"","site-post-title":"","ast-breadcrumbs-content":"","ast-featured-img":"","footer-sml-layout":"","ast-disable-related-posts":"","theme-transparent-header-meta":"","adv-header-id-meta":"","stick-header-meta":"","header-above-stick-meta":"","header-main-stick-meta":"","header-below-stick-meta":"","astra-migrate-meta-layouts":"default","ast-page-background-enabled":"default","ast-page-background-meta":{"desktop":{"background-color":"","background-image":"","background-repeat":"repeat","background-position":"center center","background-size":"auto","background-attachment":"scroll","background-type":"","background-media":"","overlay-type":"","overlay-color":"","overlay-opacity":"","overlay-gradient":""},"tablet":{"background-color":"","background-image":"","background-repeat":"repeat","background-position":"center center","background-size":"auto","background-attachment":"scroll","background-type":"","background-media":"","overlay-type":"","overlay-color":"","overlay-opacity":"","overlay-gradient":""},"mobile":{"background-color":"","background-image":"","background-repeat":"repeat","background-position":"center center","background-size":"auto","background-attachment":"scroll","background-type":"","background-media":"","overlay-type":"","overlay-color":"","overlay-opacity":"","overlay-gradient":""}},"ast-content-background-meta":{"desktop":{"background-color":"var(--ast-global-color-4)","background-image":"","background-repeat":"repeat","background-position":"center center","background-size":"auto","background-attachment":"scroll","background-type":"","background-media":"","overlay-type":"","overlay-color":"","overlay-opacity":"","overlay-gradient":""},"tablet":{"background-color":"var(--ast-global-color-4)","background-image":"","background-repeat":"repeat","background-position":"center center","background-size":"auto","background-attachment":"scroll","background-type":"","background-media":"","overlay-type":"","overlay-color":"","overlay-opacity":"","overlay-gradient":""},"mobile":{"background-color":"var(--ast-global-color-4)","background-image":"","background-repeat":"repeat","background-position":"center center","background-size":"auto","background-attachment":"scroll","background-type":"","background-media":"","overlay-type":"","overlay-color":"","overlay-opacity":"","overlay-gradient":""}}},"product_brand":[],"product_cat":[35],"product_tag":[],"class_list":{"0":"post-2257","1":"product","2":"type-product","3":"status-publish","4":"has-post-thumbnail","6":"product_cat-vaikams-ir-paaugliams","7":"desktop-align-left","8":"tablet-align-left","9":"mobile-align-left","11":"first","12":"instock","13":"shipping-taxable","14":"purchasable","15":"product-type-simple"},"acf":[],"yoast_head":"<!-- This site is optimized with the Yoast SEO plugin v27.0 - https:\/\/yoast.com\/product\/yoast-seo-wordpress\/ -->\n<title>Mer\u0117 Popins<\/title>\n<meta name=\"description\" content=\"Tai knyga apie neprilygstam\u0105j\u0105 aukl\u0119 Mer\u0119 Popins ir jos nuotykius Vy\u0161ni\u0173 gatvel\u0117je kartu su vaikais Maiklu ir D\u017eeine bei dvynukais D\u017eonu ir Barbara.  Vos tik Mer\u0117 Popins praveria Vy\u0161ni\u0173 gatvel\u0117s septyniolikto namo duris, ima d\u0117tis tokie keisti dalykai, kad vaikai jau t\u0105 pa\u010di\u0105 dien\u0105 parei\u0161kia: \u201eMere Popins, tu niekada nei\u0161eik i\u0161 m\u016bs\u0173, gerai?\u201c  Knygos apie Mer\u0119 Popins angl\u0173 vaik\u0173 ra\u0161ytojai Pamelai Lindon Trevers peln\u0117 pasaulin\u0119 \u0161lov\u0119. Kartu su \u0161i\u0173 knyg\u0173 iliustruotoja Mere \u0160epard ji suk\u016br\u0117 k\u016brinius, kurie jau seniai yra tap\u0119 vaik\u0173 literat\u016bros klasika ir gra\u017eiai papuo\u0161ia pasaulin\u0117s vaik\u0173 literat\u016bros aukso fond\u0105.\" \/>\n<meta name=\"robots\" content=\"index, follow, max-snippet:-1, max-image-preview:large, max-video-preview:-1\" \/>\n<link rel=\"canonical\" href=\"https:\/\/skaitytaknyga.lt\/en\/produktas\/p-l-travers-mere-popins\/\" \/>\n<meta property=\"og:locale\" content=\"en_GB\" \/>\n<meta property=\"og:locale:alternate\" content=\"lt_LT\" \/>\n<meta property=\"og:type\" content=\"article\" \/>\n<meta property=\"og:title\" content=\"Mer\u0117 Popins\" \/>\n<meta property=\"og:description\" content=\"Tai knyga apie neprilygstam\u0105j\u0105 aukl\u0119 Mer\u0119 Popins ir jos nuotykius Vy\u0161ni\u0173 gatvel\u0117je kartu su vaikais Maiklu ir D\u017eeine bei dvynukais D\u017eonu ir Barbara.  Vos tik Mer\u0117 Popins praveria Vy\u0161ni\u0173 gatvel\u0117s septyniolikto namo duris, ima d\u0117tis tokie keisti dalykai, kad vaikai jau t\u0105 pa\u010di\u0105 dien\u0105 parei\u0161kia: \u201eMere Popins, tu niekada nei\u0161eik i\u0161 m\u016bs\u0173, gerai?\u201c  Knygos apie Mer\u0119 Popins angl\u0173 vaik\u0173 ra\u0161ytojai Pamelai Lindon Trevers peln\u0117 pasaulin\u0119 \u0161lov\u0119. Kartu su \u0161i\u0173 knyg\u0173 iliustruotoja Mere \u0160epard ji suk\u016br\u0117 k\u016brinius, kurie jau seniai yra tap\u0119 vaik\u0173 literat\u016bros klasika ir gra\u017eiai papuo\u0161ia pasaulin\u0117s vaik\u0173 literat\u016bros aukso fond\u0105.\" \/>\n<meta property=\"og:url\" content=\"https:\/\/skaitytaknyga.lt\/en\/produktas\/p-l-travers-mere-popins\/\" \/>\n<meta property=\"og:site_name\" content=\"Skaitytaknyga\" \/>\n<meta property=\"article:publisher\" content=\"https:\/\/www.facebook.com\/skaitytaknyga\/\" \/>\n<meta property=\"article:modified_time\" content=\"2025-05-28T06:52:21+00:00\" \/>\n<meta property=\"og:image\" content=\"https:\/\/skaitytaknyga.lt\/wp-content\/uploads\/2024\/04\/1462883006_img0016-001.jpg\" \/>\n\t<meta property=\"og:image:width\" content=\"498\" \/>\n\t<meta property=\"og:image:height\" content=\"800\" \/>\n\t<meta property=\"og:image:type\" content=\"image\/jpeg\" \/>\n<meta name=\"twitter:card\" content=\"summary_large_image\" \/>\n<meta name=\"twitter:label1\" content=\"Estimated reading time\" \/>\n\t<meta name=\"twitter:data1\" content=\"1 minute\" \/>\n<script type=\"application\/ld+json\" class=\"yoast-schema-graph\">{\"@context\":\"https:\/\/schema.org\",\"@graph\":[{\"@type\":\"WebPage\",\"@id\":\"https:\/\/skaitytaknyga.lt\/produktas\/p-l-travers-mere-popins\/\",\"url\":\"https:\/\/skaitytaknyga.lt\/produktas\/p-l-travers-mere-popins\/\",\"name\":\"Mer\u0117 Popins\",\"isPartOf\":{\"@id\":\"https:\/\/skaitytaknyga.lt\/#website\"},\"primaryImageOfPage\":{\"@id\":\"https:\/\/skaitytaknyga.lt\/produktas\/p-l-travers-mere-popins\/#primaryimage\"},\"image\":{\"@id\":\"https:\/\/skaitytaknyga.lt\/produktas\/p-l-travers-mere-popins\/#primaryimage\"},\"thumbnailUrl\":\"https:\/\/skaitytaknyga.lt\/wp-content\/uploads\/2024\/04\/1462883006_img0016-001.jpg\",\"datePublished\":\"2024-04-17T13:06:51+00:00\",\"dateModified\":\"2025-05-28T06:52:21+00:00\",\"description\":\"Tai knyga apie neprilygstam\u0105j\u0105 aukl\u0119 Mer\u0119 Popins ir jos nuotykius Vy\u0161ni\u0173 gatvel\u0117je kartu su vaikais Maiklu ir D\u017eeine bei dvynukais D\u017eonu ir Barbara. Vos tik Mer\u0117 Popins praveria Vy\u0161ni\u0173 gatvel\u0117s septyniolikto namo duris, ima d\u0117tis tokie keisti dalykai, kad vaikai jau t\u0105 pa\u010di\u0105 dien\u0105 parei\u0161kia: \u201eMere Popins, tu niekada nei\u0161eik i\u0161 m\u016bs\u0173, gerai?\u201c Knygos apie Mer\u0119 Popins angl\u0173 vaik\u0173 ra\u0161ytojai Pamelai Lindon Trevers peln\u0117 pasaulin\u0119 \u0161lov\u0119. Kartu su \u0161i\u0173 knyg\u0173 iliustruotoja Mere \u0160epard ji suk\u016br\u0117 k\u016brinius, kurie jau seniai yra tap\u0119 vaik\u0173 literat\u016bros klasika ir gra\u017eiai papuo\u0161ia pasaulin\u0117s vaik\u0173 literat\u016bros aukso fond\u0105.\",\"breadcrumb\":{\"@id\":\"https:\/\/skaitytaknyga.lt\/produktas\/p-l-travers-mere-popins\/#breadcrumb\"},\"inLanguage\":\"en-GB\",\"potentialAction\":[{\"@type\":\"ReadAction\",\"target\":[\"https:\/\/skaitytaknyga.lt\/produktas\/p-l-travers-mere-popins\/\"]}]},{\"@type\":\"ImageObject\",\"inLanguage\":\"en-GB\",\"@id\":\"https:\/\/skaitytaknyga.lt\/produktas\/p-l-travers-mere-popins\/#primaryimage\",\"url\":\"https:\/\/skaitytaknyga.lt\/wp-content\/uploads\/2024\/04\/1462883006_img0016-001.jpg\",\"contentUrl\":\"https:\/\/skaitytaknyga.lt\/wp-content\/uploads\/2024\/04\/1462883006_img0016-001.jpg\",\"width\":498,\"height\":800,\"caption\":\"1462883006 img0016 001\"},{\"@type\":\"BreadcrumbList\",\"@id\":\"https:\/\/skaitytaknyga.lt\/produktas\/p-l-travers-mere-popins\/#breadcrumb\",\"itemListElement\":[{\"@type\":\"ListItem\",\"position\":1,\"name\":\"Home\",\"item\":\"https:\/\/skaitytaknyga.lt\/\"},{\"@type\":\"ListItem\",\"position\":2,\"name\":\"Parduotuv\u0117\",\"item\":\"https:\/\/skaitytaknyga.lt\/knygu-parduotuve\/\"},{\"@type\":\"ListItem\",\"position\":3,\"name\":\"Mer\u0117 Popins\"}]},{\"@type\":\"WebSite\",\"@id\":\"https:\/\/skaitytaknyga.lt\/#website\",\"url\":\"https:\/\/skaitytaknyga.lt\/\",\"name\":\"skaitytaknyga.lt\",\"description\":\"Skaitytaknyga.lt \u2013 tai ma\u017eas \u0161eimos verslas, kuris prasid\u0117jo nuo meil\u0117s knygoms ir siekio i\u0161gelb\u0117ti knygas nuo likimo prie konteinerio. Kas vienam nereikalingas daiktas \u2013 kitam lobis, o mes esame tarpininkai, kurie padeda abiems tapti laimingesniems ???? \u017dinome kaip nelengva i\u0161gyventi ma\u017eiems verslams, tad nuo \u0161iol, \u010dia rasite ir kit\u0173, ma\u017e\u0173 \u0161eim\u0173 versl\u0173, rank\u0173 darbo, dovan\u0173 sau ir artimiesiems.\",\"publisher\":{\"@id\":\"https:\/\/skaitytaknyga.lt\/#organization\"},\"potentialAction\":[{\"@type\":\"SearchAction\",\"target\":{\"@type\":\"EntryPoint\",\"urlTemplate\":\"https:\/\/skaitytaknyga.lt\/?s={search_term_string}\"},\"query-input\":{\"@type\":\"PropertyValueSpecification\",\"valueRequired\":true,\"valueName\":\"search_term_string\"}}],\"inLanguage\":\"en-GB\"},{\"@type\":\"Organization\",\"@id\":\"https:\/\/skaitytaknyga.lt\/#organization\",\"name\":\"skaitytaknyga.lt\",\"url\":\"https:\/\/skaitytaknyga.lt\/\",\"logo\":{\"@type\":\"ImageObject\",\"inLanguage\":\"en-GB\",\"@id\":\"https:\/\/skaitytaknyga.lt\/#\/schema\/logo\/image\/\",\"url\":\"https:\/\/skaitytaknyga.lt\/wp-content\/uploads\/2024\/05\/cropped-cropped-cropped-02_00843_jt3bggkj1j3HLc7SyY6rEUpg.jpeg\",\"contentUrl\":\"https:\/\/skaitytaknyga.lt\/wp-content\/uploads\/2024\/05\/cropped-cropped-cropped-02_00843_jt3bggkj1j3HLc7SyY6rEUpg.jpeg\",\"width\":1600,\"height\":1600,\"caption\":\"skaitytaknyga.lt\"},\"image\":{\"@id\":\"https:\/\/skaitytaknyga.lt\/#\/schema\/logo\/image\/\"},\"sameAs\":[\"https:\/\/www.facebook.com\/skaitytaknyga\/\"]}]}<\/script>\n<!-- \/ Yoast SEO plugin. -->","yoast_head_json":{"title":"Mer\u0117 Popins","description":"Tai knyga apie neprilygstam\u0105j\u0105 aukl\u0119 Mer\u0119 Popins ir jos nuotykius Vy\u0161ni\u0173 gatvel\u0117je kartu su vaikais Maiklu ir D\u017eeine bei dvynukais D\u017eonu ir Barbara.  Vos tik Mer\u0117 Popins praveria Vy\u0161ni\u0173 gatvel\u0117s septyniolikto namo duris, ima d\u0117tis tokie keisti dalykai, kad vaikai jau t\u0105 pa\u010di\u0105 dien\u0105 parei\u0161kia: \u201eMere Popins, tu niekada nei\u0161eik i\u0161 m\u016bs\u0173, gerai?\u201c  Knygos apie Mer\u0119 Popins angl\u0173 vaik\u0173 ra\u0161ytojai Pamelai Lindon Trevers peln\u0117 pasaulin\u0119 \u0161lov\u0119. Kartu su \u0161i\u0173 knyg\u0173 iliustruotoja Mere \u0160epard ji suk\u016br\u0117 k\u016brinius, kurie jau seniai yra tap\u0119 vaik\u0173 literat\u016bros klasika ir gra\u017eiai papuo\u0161ia pasaulin\u0117s vaik\u0173 literat\u016bros aukso fond\u0105.","robots":{"index":"index","follow":"follow","max-snippet":"max-snippet:-1","max-image-preview":"max-image-preview:large","max-video-preview":"max-video-preview:-1"},"canonical":"https:\/\/skaitytaknyga.lt\/en\/produktas\/p-l-travers-mere-popins\/","og_locale":"en_GB","og_type":"article","og_title":"[:lt]Mer\u0117 Popins[:] - Skaitytaknyga","og_description":"Tai knyga apie neprilygstam\u0105j\u0105 aukl\u0119 Mer\u0119 Popins ir jos nuotykius Vy\u0161ni\u0173 gatvel\u0117je kartu su vaikais Maiklu ir D\u017eeine bei dvynukais D\u017eonu ir Barbara.  Vos tik Mer\u0117 Popins praveria Vy\u0161ni\u0173 gatvel\u0117s septyniolikto namo duris, ima d\u0117tis tokie keisti dalykai, kad vaikai jau t\u0105 pa\u010di\u0105 dien\u0105 parei\u0161kia: \u201eMere Popins, tu niekada nei\u0161eik i\u0161 m\u016bs\u0173, gerai?\u201c  Knygos apie Mer\u0119 Popins angl\u0173 vaik\u0173 ra\u0161ytojai Pamelai Lindon Trevers peln\u0117 pasaulin\u0119 \u0161lov\u0119. Kartu su \u0161i\u0173 knyg\u0173 iliustruotoja Mere \u0160epard ji suk\u016br\u0117 k\u016brinius, kurie jau seniai yra tap\u0119 vaik\u0173 literat\u016bros klasika ir gra\u017eiai papuo\u0161ia pasaulin\u0117s vaik\u0173 literat\u016bros aukso fond\u0105.","og_url":"https:\/\/skaitytaknyga.lt\/en\/produktas\/p-l-travers-mere-popins\/","og_site_name":"Skaitytaknyga","article_publisher":"https:\/\/www.facebook.com\/skaitytaknyga\/","article_modified_time":"2025-05-28T06:52:21+00:00","og_image":[{"width":498,"height":800,"url":"https:\/\/skaitytaknyga.lt\/wp-content\/uploads\/2024\/04\/1462883006_img0016-001.jpg","type":"image\/jpeg"}],"twitter_card":"summary_large_image","twitter_misc":{"Estimated reading time":"1 minute"},"schema":{"@context":"https:\/\/schema.org","@graph":[{"@type":"WebPage","@id":"https:\/\/skaitytaknyga.lt\/produktas\/p-l-travers-mere-popins\/","url":"https:\/\/skaitytaknyga.lt\/produktas\/p-l-travers-mere-popins\/","name":"Mer\u0117 Popins","isPartOf":{"@id":"https:\/\/skaitytaknyga.lt\/#website"},"primaryImageOfPage":{"@id":"https:\/\/skaitytaknyga.lt\/produktas\/p-l-travers-mere-popins\/#primaryimage"},"image":{"@id":"https:\/\/skaitytaknyga.lt\/produktas\/p-l-travers-mere-popins\/#primaryimage"},"thumbnailUrl":"https:\/\/skaitytaknyga.lt\/wp-content\/uploads\/2024\/04\/1462883006_img0016-001.jpg","datePublished":"2024-04-17T13:06:51+00:00","dateModified":"2025-05-28T06:52:21+00:00","description":"Tai knyga apie neprilygstam\u0105j\u0105 aukl\u0119 Mer\u0119 Popins ir jos nuotykius Vy\u0161ni\u0173 gatvel\u0117je kartu su vaikais Maiklu ir D\u017eeine bei dvynukais D\u017eonu ir Barbara. Vos tik Mer\u0117 Popins praveria Vy\u0161ni\u0173 gatvel\u0117s septyniolikto namo duris, ima d\u0117tis tokie keisti dalykai, kad vaikai jau t\u0105 pa\u010di\u0105 dien\u0105 parei\u0161kia: \u201eMere Popins, tu niekada nei\u0161eik i\u0161 m\u016bs\u0173, gerai?\u201c Knygos apie Mer\u0119 Popins angl\u0173 vaik\u0173 ra\u0161ytojai Pamelai Lindon Trevers peln\u0117 pasaulin\u0119 \u0161lov\u0119. Kartu su \u0161i\u0173 knyg\u0173 iliustruotoja Mere \u0160epard ji suk\u016br\u0117 k\u016brinius, kurie jau seniai yra tap\u0119 vaik\u0173 literat\u016bros klasika ir gra\u017eiai papuo\u0161ia pasaulin\u0117s vaik\u0173 literat\u016bros aukso fond\u0105.","breadcrumb":{"@id":"https:\/\/skaitytaknyga.lt\/produktas\/p-l-travers-mere-popins\/#breadcrumb"},"inLanguage":"en-GB","potentialAction":[{"@type":"ReadAction","target":["https:\/\/skaitytaknyga.lt\/produktas\/p-l-travers-mere-popins\/"]}]},{"@type":"ImageObject","inLanguage":"en-GB","@id":"https:\/\/skaitytaknyga.lt\/produktas\/p-l-travers-mere-popins\/#primaryimage","url":"https:\/\/skaitytaknyga.lt\/wp-content\/uploads\/2024\/04\/1462883006_img0016-001.jpg","contentUrl":"https:\/\/skaitytaknyga.lt\/wp-content\/uploads\/2024\/04\/1462883006_img0016-001.jpg","width":498,"height":800,"caption":"1462883006 img0016 001"},{"@type":"BreadcrumbList","@id":"https:\/\/skaitytaknyga.lt\/produktas\/p-l-travers-mere-popins\/#breadcrumb","itemListElement":[{"@type":"ListItem","position":1,"name":"Home","item":"https:\/\/skaitytaknyga.lt\/"},{"@type":"ListItem","position":2,"name":"Parduotuv\u0117","item":"https:\/\/skaitytaknyga.lt\/knygu-parduotuve\/"},{"@type":"ListItem","position":3,"name":"Mer\u0117 Popins"}]},{"@type":"WebSite","@id":"https:\/\/skaitytaknyga.lt\/#website","url":"https:\/\/skaitytaknyga.lt\/","name":"skaitytaknyga.lt","description":"Skaitytaknyga.lt \u2013 tai ma\u017eas \u0161eimos verslas, kuris prasid\u0117jo nuo meil\u0117s knygoms ir siekio i\u0161gelb\u0117ti knygas nuo likimo prie konteinerio. Kas vienam nereikalingas daiktas \u2013 kitam lobis, o mes esame tarpininkai, kurie padeda abiems tapti laimingesniems ???? \u017dinome kaip nelengva i\u0161gyventi ma\u017eiems verslams, tad nuo \u0161iol, \u010dia rasite ir kit\u0173, ma\u017e\u0173 \u0161eim\u0173 versl\u0173, rank\u0173 darbo, dovan\u0173 sau ir artimiesiems.","publisher":{"@id":"https:\/\/skaitytaknyga.lt\/#organization"},"potentialAction":[{"@type":"SearchAction","target":{"@type":"EntryPoint","urlTemplate":"https:\/\/skaitytaknyga.lt\/?s={search_term_string}"},"query-input":{"@type":"PropertyValueSpecification","valueRequired":true,"valueName":"search_term_string"}}],"inLanguage":"en-GB"},{"@type":"Organization","@id":"https:\/\/skaitytaknyga.lt\/#organization","name":"skaitytaknyga.lt","url":"https:\/\/skaitytaknyga.lt\/","logo":{"@type":"ImageObject","inLanguage":"en-GB","@id":"https:\/\/skaitytaknyga.lt\/#\/schema\/logo\/image\/","url":"https:\/\/skaitytaknyga.lt\/wp-content\/uploads\/2024\/05\/cropped-cropped-cropped-02_00843_jt3bggkj1j3HLc7SyY6rEUpg.jpeg","contentUrl":"https:\/\/skaitytaknyga.lt\/wp-content\/uploads\/2024\/05\/cropped-cropped-cropped-02_00843_jt3bggkj1j3HLc7SyY6rEUpg.jpeg","width":1600,"height":1600,"caption":"skaitytaknyga.lt"},"image":{"@id":"https:\/\/skaitytaknyga.lt\/#\/schema\/logo\/image\/"},"sameAs":["https:\/\/www.facebook.com\/skaitytaknyga\/"]}]}},"_links":{"self":[{"href":"https:\/\/skaitytaknyga.lt\/en\/wp-json\/wp\/v2\/product\/2257","targetHints":{"allow":["GET"]}}],"collection":[{"href":"https:\/\/skaitytaknyga.lt\/en\/wp-json\/wp\/v2\/product"}],"about":[{"href":"https:\/\/skaitytaknyga.lt\/en\/wp-json\/wp\/v2\/types\/product"}],"replies":[{"embeddable":true,"href":"https:\/\/skaitytaknyga.lt\/en\/wp-json\/wp\/v2\/comments?post=2257"}],"wp:featuredmedia":[{"embeddable":true,"href":"https:\/\/skaitytaknyga.lt\/en\/wp-json\/wp\/v2\/media\/2306"}],"wp:attachment":[{"href":"https:\/\/skaitytaknyga.lt\/en\/wp-json\/wp\/v2\/media?parent=2257"}],"wp:term":[{"taxonomy":"product_brand","embeddable":true,"href":"https:\/\/skaitytaknyga.lt\/en\/wp-json\/wp\/v2\/product_brand?post=2257"},{"taxonomy":"product_cat","embeddable":true,"href":"https:\/\/skaitytaknyga.lt\/en\/wp-json\/wp\/v2\/product_cat?post=2257"},{"taxonomy":"product_tag","embeddable":true,"href":"https:\/\/skaitytaknyga.lt\/en\/wp-json\/wp\/v2\/product_tag?post=2257"}],"curies":[{"name":"wp","href":"https:\/\/api.w.org\/{rel}","templated":true}]}}