{"id":2256,"date":"2024-04-17T13:06:51","date_gmt":"2024-04-17T13:06:51","guid":{"rendered":"https:\/\/skaitytaknyga.lt\/?post_type=product&#038;p=2256"},"modified":"2026-02-26T17:51:36","modified_gmt":"2026-02-26T15:51:36","slug":"__trashed-318","status":"publish","type":"product","link":"https:\/\/skaitytaknyga.lt\/en\/produktas\/__trashed-318\/","title":{"rendered":"Sauer Erika &#8220;Did\u017eioji horoskop\u0173 knyga&#8221;"},"content":{"rendered":"<p>Knygoje gal\u0117site paskaityti apie tai, kuo skiriasi vienas zodiako \u017eenklas nuo kito, kokie j\u0173 teigiami ir neigiami bruo\u017eai, kaip susiklosto j\u0173 asmeninis gyvenimas, koki\u0105 jie pasirenka profesij\u0105 ir, \u017einoma, kas su kuo b\u016bna laimingas meil\u0117je.<\/p>\n<p>Taip pat su\u017einosite apie Ascendento reik\u0161m\u0119 ir planet\u0173 \u012ftak\u0105.<\/p>\n","protected":false},"excerpt":{"rendered":"<p>\u0160ioje knygoje gal\u0117site paskaityti apie tai, kuo skiriasi vienas Zodiako \u017eenklas nuo kito, kokie j\u0173 teigiami ir neigiami bruo\u017eai, kaip susiklosto j\u0173 asmeninis gyvenimas, koki\u0105 jie pasirenka profesij\u0105 ir, \u017einoma, kas ir su kuo b\u016bna laimingas meil\u0117je. Taip pat su\u017einosite apie Ascendento reik\u0161m\u0119 ir planet\u0173 \u012ftak\u0105. Nuostabios istorin\u0117s gravi\u016bros iliustruoja visa tai ir liudija apie vaising\u0105 astrologijos \u012ftak\u0105 menui.<\/p>\n","protected":false},"featured_media":23182,"comment_status":"closed","ping_status":"closed","template":"","meta":{"_acf_changed":false,"site-sidebar-layout":"default","site-content-layout":"","ast-site-content-layout":"default","site-content-style":"default","site-sidebar-style":"default","ast-global-header-display":"","ast-banner-title-visibility":"","ast-main-header-display":"","ast-hfb-above-header-display":"","ast-hfb-below-header-display":"","ast-hfb-mobile-header-display":"","site-post-title":"","ast-breadcrumbs-content":"","ast-featured-img":"","footer-sml-layout":"","ast-disable-related-posts":"","theme-transparent-header-meta":"default","adv-header-id-meta":"","stick-header-meta":"","header-above-stick-meta":"","header-main-stick-meta":"","header-below-stick-meta":"","astra-migrate-meta-layouts":"set","ast-page-background-enabled":"default","ast-page-background-meta":{"desktop":{"background-color":"","background-image":"","background-repeat":"repeat","background-position":"center center","background-size":"auto","background-attachment":"scroll","background-type":"","background-media":"","overlay-type":"","overlay-color":"","overlay-opacity":"","overlay-gradient":""},"tablet":{"background-color":"","background-image":"","background-repeat":"repeat","background-position":"center center","background-size":"auto","background-attachment":"scroll","background-type":"","background-media":"","overlay-type":"","overlay-color":"","overlay-opacity":"","overlay-gradient":""},"mobile":{"background-color":"","background-image":"","background-repeat":"repeat","background-position":"center center","background-size":"auto","background-attachment":"scroll","background-type":"","background-media":"","overlay-type":"","overlay-color":"","overlay-opacity":"","overlay-gradient":""}},"ast-content-background-meta":{"desktop":{"background-color":"var(--ast-global-color-4)","background-image":"","background-repeat":"repeat","background-position":"center center","background-size":"auto","background-attachment":"scroll","background-type":"","background-media":"","overlay-type":"","overlay-color":"","overlay-opacity":"","overlay-gradient":""},"tablet":{"background-color":"var(--ast-global-color-4)","background-image":"","background-repeat":"repeat","background-position":"center center","background-size":"auto","background-attachment":"scroll","background-type":"","background-media":"","overlay-type":"","overlay-color":"","overlay-opacity":"","overlay-gradient":""},"mobile":{"background-color":"var(--ast-global-color-4)","background-image":"","background-repeat":"repeat","background-position":"center center","background-size":"auto","background-attachment":"scroll","background-type":"","background-media":"","overlay-type":"","overlay-color":"","overlay-opacity":"","overlay-gradient":""}}},"product_brand":[],"product_cat":[27],"product_tag":[],"class_list":{"0":"post-2256","1":"product","2":"type-product","3":"status-publish","4":"has-post-thumbnail","6":"product_cat-sportas-laisvalaikis-rankdarbiai","7":"desktop-align-left","8":"tablet-align-left","9":"mobile-align-left","11":"first","12":"outofstock","13":"shipping-taxable","14":"purchasable","15":"product-type-simple"},"acf":[],"yoast_head":"<!-- This site is optimized with the Yoast SEO plugin v27.0 - https:\/\/yoast.com\/product\/yoast-seo-wordpress\/ -->\n<title>Sauer Erika &quot;Did\u017eioji horoskop\u0173 knyga&quot;<\/title>\n<meta name=\"description\" content=\"\u0160ioje knygoje gal\u0117site paskaityti apie tai, kuo skiriasi vienas Zodiako \u017eenklas nuo kito, kokie j\u0173 teigiami ir neigiami bruo\u017eai, kaip susiklosto j\u0173 asmeninis gyvenimas, koki\u0105 jie pasirenka profesij\u0105 ir, \u017einoma, kas ir su kuo b\u016bna laimingas meil\u0117je. Taip pat su\u017einosite apie Ascendento reik\u0161m\u0119 ir planet\u0173 \u012ftak\u0105. Nuostabios istorin\u0117s gravi\u016bros iliustruoja visa tai ir liudija apie vaising\u0105 astrologijos \u012ftak\u0105 menui.\" \/>\n<meta name=\"robots\" content=\"index, follow, max-snippet:-1, max-image-preview:large, max-video-preview:-1\" \/>\n<link rel=\"canonical\" href=\"https:\/\/skaitytaknyga.lt\/en\/produktas\/__trashed-318\/\" \/>\n<meta property=\"og:locale\" content=\"en_GB\" \/>\n<meta property=\"og:locale:alternate\" content=\"lt_LT\" \/>\n<meta property=\"og:type\" content=\"article\" \/>\n<meta property=\"og:title\" content=\"Sauer Erika &quot;Did\u017eioji horoskop\u0173 knyga&quot;\" \/>\n<meta property=\"og:description\" content=\"\u0160ioje knygoje gal\u0117site paskaityti apie tai, kuo skiriasi vienas Zodiako \u017eenklas nuo kito, kokie j\u0173 teigiami ir neigiami bruo\u017eai, kaip susiklosto j\u0173 asmeninis gyvenimas, koki\u0105 jie pasirenka profesij\u0105 ir, \u017einoma, kas ir su kuo b\u016bna laimingas meil\u0117je. Taip pat su\u017einosite apie Ascendento reik\u0161m\u0119 ir planet\u0173 \u012ftak\u0105. Nuostabios istorin\u0117s gravi\u016bros iliustruoja visa tai ir liudija apie vaising\u0105 astrologijos \u012ftak\u0105 menui.\" \/>\n<meta property=\"og:url\" content=\"https:\/\/skaitytaknyga.lt\/en\/produktas\/__trashed-318\/\" \/>\n<meta property=\"og:site_name\" content=\"Skaitytaknyga\" \/>\n<meta property=\"article:publisher\" content=\"https:\/\/www.facebook.com\/skaitytaknyga\/\" \/>\n<meta property=\"article:modified_time\" content=\"2026-02-26T15:51:36+00:00\" \/>\n<meta property=\"og:image\" content=\"https:\/\/skaitytaknyga.lt\/wp-content\/uploads\/2024\/07\/skaitytaknyga.png\" \/>\n\t<meta property=\"og:image:width\" content=\"747\" \/>\n\t<meta property=\"og:image:height\" content=\"496\" \/>\n\t<meta property=\"og:image:type\" content=\"image\/png\" \/>\n<meta name=\"twitter:card\" content=\"summary_large_image\" \/>\n<meta name=\"twitter:label1\" content=\"Estimated reading time\" \/>\n\t<meta name=\"twitter:data1\" content=\"1 minute\" \/>\n<script type=\"application\/ld+json\" class=\"yoast-schema-graph\">{\"@context\":\"https:\/\/schema.org\",\"@graph\":[{\"@type\":\"WebPage\",\"@id\":\"https:\/\/skaitytaknyga.lt\/produktas\/__trashed-318\/\",\"url\":\"https:\/\/skaitytaknyga.lt\/produktas\/__trashed-318\/\",\"name\":\"Sauer Erika \\\"Did\u017eioji horoskop\u0173 knyga\\\"\",\"isPartOf\":{\"@id\":\"https:\/\/skaitytaknyga.lt\/#website\"},\"primaryImageOfPage\":{\"@id\":\"https:\/\/skaitytaknyga.lt\/produktas\/__trashed-318\/#primaryimage\"},\"image\":{\"@id\":\"https:\/\/skaitytaknyga.lt\/produktas\/__trashed-318\/#primaryimage\"},\"thumbnailUrl\":\"https:\/\/skaitytaknyga.lt\/wp-content\/uploads\/2024\/04\/Didzioji-horoskopu-knyga-1.webp\",\"datePublished\":\"2024-04-17T13:06:51+00:00\",\"dateModified\":\"2026-02-26T15:51:36+00:00\",\"description\":\"\u0160ioje knygoje gal\u0117site paskaityti apie tai, kuo skiriasi vienas Zodiako \u017eenklas nuo kito, kokie j\u0173 teigiami ir neigiami bruo\u017eai, kaip susiklosto j\u0173 asmeninis gyvenimas, koki\u0105 jie pasirenka profesij\u0105 ir, \u017einoma, kas ir su kuo b\u016bna laimingas meil\u0117je. Taip pat su\u017einosite apie Ascendento reik\u0161m\u0119 ir planet\u0173 \u012ftak\u0105. Nuostabios istorin\u0117s gravi\u016bros iliustruoja visa tai ir liudija apie vaising\u0105 astrologijos \u012ftak\u0105 menui.\",\"breadcrumb\":{\"@id\":\"https:\/\/skaitytaknyga.lt\/produktas\/__trashed-318\/#breadcrumb\"},\"inLanguage\":\"en-GB\",\"potentialAction\":[{\"@type\":\"ReadAction\",\"target\":[\"https:\/\/skaitytaknyga.lt\/produktas\/__trashed-318\/\"]}]},{\"@type\":\"ImageObject\",\"inLanguage\":\"en-GB\",\"@id\":\"https:\/\/skaitytaknyga.lt\/produktas\/__trashed-318\/#primaryimage\",\"url\":\"https:\/\/skaitytaknyga.lt\/wp-content\/uploads\/2024\/04\/Didzioji-horoskopu-knyga-1.webp\",\"contentUrl\":\"https:\/\/skaitytaknyga.lt\/wp-content\/uploads\/2024\/04\/Didzioji-horoskopu-knyga-1.webp\",\"width\":300,\"height\":434,\"caption\":\"Did\u017eioji horoskop\u0173 knyga\"},{\"@type\":\"BreadcrumbList\",\"@id\":\"https:\/\/skaitytaknyga.lt\/produktas\/__trashed-318\/#breadcrumb\",\"itemListElement\":[{\"@type\":\"ListItem\",\"position\":1,\"name\":\"Home\",\"item\":\"https:\/\/skaitytaknyga.lt\/\"},{\"@type\":\"ListItem\",\"position\":2,\"name\":\"Parduotuv\u0117\",\"item\":\"https:\/\/skaitytaknyga.lt\/knygu-parduotuve\/\"},{\"@type\":\"ListItem\",\"position\":3,\"name\":\"Sauer Erika &#8222;Did\u017eioji horoskop\u0173 knyga&#8221;\"}]},{\"@type\":\"WebSite\",\"@id\":\"https:\/\/skaitytaknyga.lt\/#website\",\"url\":\"https:\/\/skaitytaknyga.lt\/\",\"name\":\"skaitytaknyga.lt\",\"description\":\"Skaitytaknyga.lt \u2013 tai ma\u017eas \u0161eimos verslas, kuris prasid\u0117jo nuo meil\u0117s knygoms ir siekio i\u0161gelb\u0117ti knygas nuo likimo prie konteinerio. Kas vienam nereikalingas daiktas \u2013 kitam lobis, o mes esame tarpininkai, kurie padeda abiems tapti laimingesniems ???? \u017dinome kaip nelengva i\u0161gyventi ma\u017eiems verslams, tad nuo \u0161iol, \u010dia rasite ir kit\u0173, ma\u017e\u0173 \u0161eim\u0173 versl\u0173, rank\u0173 darbo, dovan\u0173 sau ir artimiesiems.\",\"publisher\":{\"@id\":\"https:\/\/skaitytaknyga.lt\/#organization\"},\"potentialAction\":[{\"@type\":\"SearchAction\",\"target\":{\"@type\":\"EntryPoint\",\"urlTemplate\":\"https:\/\/skaitytaknyga.lt\/?s={search_term_string}\"},\"query-input\":{\"@type\":\"PropertyValueSpecification\",\"valueRequired\":true,\"valueName\":\"search_term_string\"}}],\"inLanguage\":\"en-GB\"},{\"@type\":\"Organization\",\"@id\":\"https:\/\/skaitytaknyga.lt\/#organization\",\"name\":\"skaitytaknyga.lt\",\"url\":\"https:\/\/skaitytaknyga.lt\/\",\"logo\":{\"@type\":\"ImageObject\",\"inLanguage\":\"en-GB\",\"@id\":\"https:\/\/skaitytaknyga.lt\/#\/schema\/logo\/image\/\",\"url\":\"https:\/\/skaitytaknyga.lt\/wp-content\/uploads\/2024\/05\/cropped-cropped-cropped-02_00843_jt3bggkj1j3HLc7SyY6rEUpg.jpeg\",\"contentUrl\":\"https:\/\/skaitytaknyga.lt\/wp-content\/uploads\/2024\/05\/cropped-cropped-cropped-02_00843_jt3bggkj1j3HLc7SyY6rEUpg.jpeg\",\"width\":1600,\"height\":1600,\"caption\":\"skaitytaknyga.lt\"},\"image\":{\"@id\":\"https:\/\/skaitytaknyga.lt\/#\/schema\/logo\/image\/\"},\"sameAs\":[\"https:\/\/www.facebook.com\/skaitytaknyga\/\"]}]}<\/script>\n<!-- \/ Yoast SEO plugin. -->","yoast_head_json":{"title":"Sauer Erika \"Did\u017eioji horoskop\u0173 knyga\"","description":"\u0160ioje knygoje gal\u0117site paskaityti apie tai, kuo skiriasi vienas Zodiako \u017eenklas nuo kito, kokie j\u0173 teigiami ir neigiami bruo\u017eai, kaip susiklosto j\u0173 asmeninis gyvenimas, koki\u0105 jie pasirenka profesij\u0105 ir, \u017einoma, kas ir su kuo b\u016bna laimingas meil\u0117je. Taip pat su\u017einosite apie Ascendento reik\u0161m\u0119 ir planet\u0173 \u012ftak\u0105. Nuostabios istorin\u0117s gravi\u016bros iliustruoja visa tai ir liudija apie vaising\u0105 astrologijos \u012ftak\u0105 menui.","robots":{"index":"index","follow":"follow","max-snippet":"max-snippet:-1","max-image-preview":"max-image-preview:large","max-video-preview":"max-video-preview:-1"},"canonical":"https:\/\/skaitytaknyga.lt\/en\/produktas\/__trashed-318\/","og_locale":"en_GB","og_type":"article","og_title":"[:lt]Sauer Erika \"Did\u017eioji horoskop\u0173 knyga\"[:] - Skaitytaknyga","og_description":"\u0160ioje knygoje gal\u0117site paskaityti apie tai, kuo skiriasi vienas Zodiako \u017eenklas nuo kito, kokie j\u0173 teigiami ir neigiami bruo\u017eai, kaip susiklosto j\u0173 asmeninis gyvenimas, koki\u0105 jie pasirenka profesij\u0105 ir, \u017einoma, kas ir su kuo b\u016bna laimingas meil\u0117je. Taip pat su\u017einosite apie Ascendento reik\u0161m\u0119 ir planet\u0173 \u012ftak\u0105. Nuostabios istorin\u0117s gravi\u016bros iliustruoja visa tai ir liudija apie vaising\u0105 astrologijos \u012ftak\u0105 menui.","og_url":"https:\/\/skaitytaknyga.lt\/en\/produktas\/__trashed-318\/","og_site_name":"Skaitytaknyga","article_publisher":"https:\/\/www.facebook.com\/skaitytaknyga\/","article_modified_time":"2026-02-26T15:51:36+00:00","og_image":[{"width":747,"height":496,"url":"https:\/\/skaitytaknyga.lt\/wp-content\/uploads\/2024\/07\/skaitytaknyga.png","type":"image\/png"}],"twitter_card":"summary_large_image","twitter_misc":{"Estimated reading time":"1 minute"},"schema":{"@context":"https:\/\/schema.org","@graph":[{"@type":"WebPage","@id":"https:\/\/skaitytaknyga.lt\/produktas\/__trashed-318\/","url":"https:\/\/skaitytaknyga.lt\/produktas\/__trashed-318\/","name":"Sauer Erika \"Did\u017eioji horoskop\u0173 knyga\"","isPartOf":{"@id":"https:\/\/skaitytaknyga.lt\/#website"},"primaryImageOfPage":{"@id":"https:\/\/skaitytaknyga.lt\/produktas\/__trashed-318\/#primaryimage"},"image":{"@id":"https:\/\/skaitytaknyga.lt\/produktas\/__trashed-318\/#primaryimage"},"thumbnailUrl":"https:\/\/skaitytaknyga.lt\/wp-content\/uploads\/2024\/04\/Didzioji-horoskopu-knyga-1.webp","datePublished":"2024-04-17T13:06:51+00:00","dateModified":"2026-02-26T15:51:36+00:00","description":"\u0160ioje knygoje gal\u0117site paskaityti apie tai, kuo skiriasi vienas Zodiako \u017eenklas nuo kito, kokie j\u0173 teigiami ir neigiami bruo\u017eai, kaip susiklosto j\u0173 asmeninis gyvenimas, koki\u0105 jie pasirenka profesij\u0105 ir, \u017einoma, kas ir su kuo b\u016bna laimingas meil\u0117je. Taip pat su\u017einosite apie Ascendento reik\u0161m\u0119 ir planet\u0173 \u012ftak\u0105. Nuostabios istorin\u0117s gravi\u016bros iliustruoja visa tai ir liudija apie vaising\u0105 astrologijos \u012ftak\u0105 menui.","breadcrumb":{"@id":"https:\/\/skaitytaknyga.lt\/produktas\/__trashed-318\/#breadcrumb"},"inLanguage":"en-GB","potentialAction":[{"@type":"ReadAction","target":["https:\/\/skaitytaknyga.lt\/produktas\/__trashed-318\/"]}]},{"@type":"ImageObject","inLanguage":"en-GB","@id":"https:\/\/skaitytaknyga.lt\/produktas\/__trashed-318\/#primaryimage","url":"https:\/\/skaitytaknyga.lt\/wp-content\/uploads\/2024\/04\/Didzioji-horoskopu-knyga-1.webp","contentUrl":"https:\/\/skaitytaknyga.lt\/wp-content\/uploads\/2024\/04\/Didzioji-horoskopu-knyga-1.webp","width":300,"height":434,"caption":"Did\u017eioji horoskop\u0173 knyga"},{"@type":"BreadcrumbList","@id":"https:\/\/skaitytaknyga.lt\/produktas\/__trashed-318\/#breadcrumb","itemListElement":[{"@type":"ListItem","position":1,"name":"Home","item":"https:\/\/skaitytaknyga.lt\/"},{"@type":"ListItem","position":2,"name":"Parduotuv\u0117","item":"https:\/\/skaitytaknyga.lt\/knygu-parduotuve\/"},{"@type":"ListItem","position":3,"name":"Sauer Erika &#8222;Did\u017eioji horoskop\u0173 knyga&#8221;"}]},{"@type":"WebSite","@id":"https:\/\/skaitytaknyga.lt\/#website","url":"https:\/\/skaitytaknyga.lt\/","name":"skaitytaknyga.lt","description":"Skaitytaknyga.lt \u2013 tai ma\u017eas \u0161eimos verslas, kuris prasid\u0117jo nuo meil\u0117s knygoms ir siekio i\u0161gelb\u0117ti knygas nuo likimo prie konteinerio. Kas vienam nereikalingas daiktas \u2013 kitam lobis, o mes esame tarpininkai, kurie padeda abiems tapti laimingesniems ???? \u017dinome kaip nelengva i\u0161gyventi ma\u017eiems verslams, tad nuo \u0161iol, \u010dia rasite ir kit\u0173, ma\u017e\u0173 \u0161eim\u0173 versl\u0173, rank\u0173 darbo, dovan\u0173 sau ir artimiesiems.","publisher":{"@id":"https:\/\/skaitytaknyga.lt\/#organization"},"potentialAction":[{"@type":"SearchAction","target":{"@type":"EntryPoint","urlTemplate":"https:\/\/skaitytaknyga.lt\/?s={search_term_string}"},"query-input":{"@type":"PropertyValueSpecification","valueRequired":true,"valueName":"search_term_string"}}],"inLanguage":"en-GB"},{"@type":"Organization","@id":"https:\/\/skaitytaknyga.lt\/#organization","name":"skaitytaknyga.lt","url":"https:\/\/skaitytaknyga.lt\/","logo":{"@type":"ImageObject","inLanguage":"en-GB","@id":"https:\/\/skaitytaknyga.lt\/#\/schema\/logo\/image\/","url":"https:\/\/skaitytaknyga.lt\/wp-content\/uploads\/2024\/05\/cropped-cropped-cropped-02_00843_jt3bggkj1j3HLc7SyY6rEUpg.jpeg","contentUrl":"https:\/\/skaitytaknyga.lt\/wp-content\/uploads\/2024\/05\/cropped-cropped-cropped-02_00843_jt3bggkj1j3HLc7SyY6rEUpg.jpeg","width":1600,"height":1600,"caption":"skaitytaknyga.lt"},"image":{"@id":"https:\/\/skaitytaknyga.lt\/#\/schema\/logo\/image\/"},"sameAs":["https:\/\/www.facebook.com\/skaitytaknyga\/"]}]}},"_links":{"self":[{"href":"https:\/\/skaitytaknyga.lt\/en\/wp-json\/wp\/v2\/product\/2256","targetHints":{"allow":["GET"]}}],"collection":[{"href":"https:\/\/skaitytaknyga.lt\/en\/wp-json\/wp\/v2\/product"}],"about":[{"href":"https:\/\/skaitytaknyga.lt\/en\/wp-json\/wp\/v2\/types\/product"}],"replies":[{"embeddable":true,"href":"https:\/\/skaitytaknyga.lt\/en\/wp-json\/wp\/v2\/comments?post=2256"}],"wp:featuredmedia":[{"embeddable":true,"href":"https:\/\/skaitytaknyga.lt\/en\/wp-json\/wp\/v2\/media\/23182"}],"wp:attachment":[{"href":"https:\/\/skaitytaknyga.lt\/en\/wp-json\/wp\/v2\/media?parent=2256"}],"wp:term":[{"taxonomy":"product_brand","embeddable":true,"href":"https:\/\/skaitytaknyga.lt\/en\/wp-json\/wp\/v2\/product_brand?post=2256"},{"taxonomy":"product_cat","embeddable":true,"href":"https:\/\/skaitytaknyga.lt\/en\/wp-json\/wp\/v2\/product_cat?post=2256"},{"taxonomy":"product_tag","embeddable":true,"href":"https:\/\/skaitytaknyga.lt\/en\/wp-json\/wp\/v2\/product_tag?post=2256"}],"curies":[{"name":"wp","href":"https:\/\/api.w.org\/{rel}","templated":true}]}}