{"id":22555,"date":"2025-12-27T12:53:15","date_gmt":"2025-12-27T10:53:15","guid":{"rendered":"https:\/\/skaitytaknyga.lt\/?post_type=product&#038;p=22555"},"modified":"2026-01-25T21:18:13","modified_gmt":"2026-01-25T19:18:13","slug":"didzioji-lietuva-3-tomas","status":"publish","type":"product","link":"https:\/\/skaitytaknyga.lt\/en\/produktas\/didzioji-lietuva-3-tomas\/","title":{"rendered":"Did\u017eioji Lietuva (3 tomas)"},"content":{"rendered":"<p>Unikalus 680 puslapi\u0173 fotografij\u0173 albumas.Knygoje taip pat publikuojami Lietuvos \u017eem\u0117lapiai, pradedant XIII am\u017eiumi, \u017eem\u0117lapiai dabartin\u0117s Ukrainos teritorij\u0173, kuriose yra objektai, nuorodos, kaip juos surasti keliaujantiems. Pirm\u0105syk nufotografuota, apra\u0161yta daugiau kaip 170 paveldo objekt\u0173 (tekstai -lietuvi\u0173, angl\u0173 kalbomis, vietovard\u017eiai ir ukrainie\u010di\u0173 kalba).Tai Did\u017eiosios Lietuvos paveldas Ukrainos Hali\u010do, Kijevo, Siver\u0173 \u017eem\u0117se, Podol\u0117je, Voluin\u0117je, U\u017ekarpat\u0117je, Kryme. \u012esp\u016bdingose fotografijose &#8211; Lietuvos valdov\u0173 pastatytos pilys, dvarai, miestai, i\u0161lik\u0119 piliakalniai, kulto pastatai ir kt.paveldas.Lietuvi\u0173, angl\u0173 ir ukrainie\u010di\u0173 kalbomis spausdinamos asmenvard\u017ei\u0173, vietovard\u017ei\u0173 rodykl\u0117s, gausus literat\u016bros s\u0105ra\u0161as.<\/p>\n","protected":false},"excerpt":{"rendered":"<p>Unikalus 680 puslapi\u0173 fotografij\u0173 albumas.Knygoje taip pat publikuojami Lietuvos \u017eem\u0117lapiai, pradedant XIII am\u017eiumi, \u017eem\u0117lapiai dabartin\u0117s Ukrainos teritorij\u0173, kuriose yra objektai, nuorodos, kaip juos surasti keliaujantiems. Pirm\u0105syk nufotografuota, apra\u0161yta daugiau kaip 170 paveldo objekt\u0173 (tekstai -lietuvi\u0173, angl\u0173 kalbomis, vietovard\u017eiai ir ukrainie\u010di\u0173 kalba).Tai Did\u017eiosios Lietuvos paveldas Ukrainos Hali\u010do, Kijevo, Siver\u0173 \u017eem\u0117se, Podol\u0117je, Voluin\u0117je, U\u017ekarpat\u0117je, Kryme. \u012esp\u016bdingose fotografijose &#8211; Lietuvos valdov\u0173 pastatytos pilys, dvarai, miestai, i\u0161lik\u0119 piliakalniai, kulto pastatai ir kt.paveldas.Lietuvi\u0173, angl\u0173 ir ukrainie\u010di\u0173 kalbomis spausdinamos asmenvard\u017ei\u0173, vietovard\u017ei\u0173 rodykl\u0117s, gausus literat\u016bros s\u0105ra\u0161as.<\/p>\n","protected":false},"featured_media":22560,"comment_status":"open","ping_status":"closed","template":"","meta":{"_acf_changed":false,"site-sidebar-layout":"default","site-content-layout":"","ast-site-content-layout":"default","site-content-style":"default","site-sidebar-style":"default","ast-global-header-display":"","ast-banner-title-visibility":"","ast-main-header-display":"","ast-hfb-above-header-display":"","ast-hfb-below-header-display":"","ast-hfb-mobile-header-display":"","site-post-title":"","ast-breadcrumbs-content":"","ast-featured-img":"","footer-sml-layout":"","ast-disable-related-posts":"","theme-transparent-header-meta":"","adv-header-id-meta":"","stick-header-meta":"","header-above-stick-meta":"","header-main-stick-meta":"","header-below-stick-meta":"","astra-migrate-meta-layouts":"default","ast-page-background-enabled":"default","ast-page-background-meta":{"desktop":{"background-color":"","background-image":"","background-repeat":"repeat","background-position":"center center","background-size":"auto","background-attachment":"scroll","background-type":"","background-media":"","overlay-type":"","overlay-color":"","overlay-opacity":"","overlay-gradient":""},"tablet":{"background-color":"","background-image":"","background-repeat":"repeat","background-position":"center center","background-size":"auto","background-attachment":"scroll","background-type":"","background-media":"","overlay-type":"","overlay-color":"","overlay-opacity":"","overlay-gradient":""},"mobile":{"background-color":"","background-image":"","background-repeat":"repeat","background-position":"center center","background-size":"auto","background-attachment":"scroll","background-type":"","background-media":"","overlay-type":"","overlay-color":"","overlay-opacity":"","overlay-gradient":""}},"ast-content-background-meta":{"desktop":{"background-color":"var(--ast-global-color-4)","background-image":"","background-repeat":"repeat","background-position":"center center","background-size":"auto","background-attachment":"scroll","background-type":"","background-media":"","overlay-type":"","overlay-color":"","overlay-opacity":"","overlay-gradient":""},"tablet":{"background-color":"var(--ast-global-color-4)","background-image":"","background-repeat":"repeat","background-position":"center center","background-size":"auto","background-attachment":"scroll","background-type":"","background-media":"","overlay-type":"","overlay-color":"","overlay-opacity":"","overlay-gradient":""},"mobile":{"background-color":"var(--ast-global-color-4)","background-image":"","background-repeat":"repeat","background-position":"center center","background-size":"auto","background-attachment":"scroll","background-type":"","background-media":"","overlay-type":"","overlay-color":"","overlay-opacity":"","overlay-gradient":""}}},"product_brand":[],"product_cat":[15],"product_tag":[],"class_list":{"0":"post-22555","1":"product","2":"type-product","3":"status-publish","4":"has-post-thumbnail","6":"product_cat-uncategorized","7":"desktop-align-left","8":"tablet-align-left","9":"mobile-align-left","11":"first","12":"outofstock","13":"shipping-taxable","14":"purchasable","15":"product-type-simple"},"acf":[],"yoast_head":"<!-- This site is optimized with the Yoast SEO plugin v27.0 - https:\/\/yoast.com\/product\/yoast-seo-wordpress\/ -->\n<title>Did\u017eioji Lietuva (3 tomas)<\/title>\n<meta name=\"description\" content=\"Unikalus 680 puslapi\u0173 fotografij\u0173 albumas.Knygoje taip pat publikuojami Lietuvos \u017eem\u0117lapiai, pradedant XIII am\u017eiumi, \u017eem\u0117lapiai dabartin\u0117s Ukrainos\" \/>\n<meta name=\"robots\" content=\"index, follow, max-snippet:-1, max-image-preview:large, max-video-preview:-1\" \/>\n<link rel=\"canonical\" href=\"https:\/\/skaitytaknyga.lt\/en\/produktas\/didzioji-lietuva-3-tomas\/\" \/>\n<meta property=\"og:locale\" content=\"en_GB\" \/>\n<meta property=\"og:locale:alternate\" content=\"lt_LT\" \/>\n<meta property=\"og:type\" content=\"article\" \/>\n<meta property=\"og:title\" content=\"Did\u017eioji Lietuva (3 tomas)\" \/>\n<meta property=\"og:description\" content=\"Unikalus 680 puslapi\u0173 fotografij\u0173 albumas.Knygoje taip pat publikuojami Lietuvos \u017eem\u0117lapiai, pradedant XIII am\u017eiumi, \u017eem\u0117lapiai dabartin\u0117s Ukrainos\" \/>\n<meta property=\"og:url\" content=\"https:\/\/skaitytaknyga.lt\/en\/produktas\/didzioji-lietuva-3-tomas\/\" \/>\n<meta property=\"og:site_name\" content=\"Skaitytaknyga\" \/>\n<meta property=\"article:publisher\" content=\"https:\/\/www.facebook.com\/skaitytaknyga\/\" \/>\n<meta property=\"article:modified_time\" content=\"2026-01-25T19:18:13+00:00\" \/>\n<meta property=\"og:image\" content=\"https:\/\/skaitytaknyga.lt\/wp-content\/uploads\/2025\/12\/Didzioji-Lietuva-III-Knyga-1.webp\" \/>\n\t<meta property=\"og:image:width\" content=\"300\" \/>\n\t<meta property=\"og:image:height\" content=\"376\" \/>\n\t<meta property=\"og:image:type\" content=\"image\/webp\" \/>\n<meta name=\"twitter:card\" content=\"summary_large_image\" \/>\n<meta name=\"twitter:label1\" content=\"Estimated reading time\" \/>\n\t<meta name=\"twitter:data1\" content=\"1 minute\" \/>\n<script type=\"application\/ld+json\" class=\"yoast-schema-graph\">{\"@context\":\"https:\/\/schema.org\",\"@graph\":[{\"@type\":\"WebPage\",\"@id\":\"https:\/\/skaitytaknyga.lt\/produktas\/didzioji-lietuva-3-tomas\/\",\"url\":\"https:\/\/skaitytaknyga.lt\/produktas\/didzioji-lietuva-3-tomas\/\",\"name\":\"Did\u017eioji Lietuva (3 tomas)\",\"isPartOf\":{\"@id\":\"https:\/\/skaitytaknyga.lt\/#website\"},\"primaryImageOfPage\":{\"@id\":\"https:\/\/skaitytaknyga.lt\/produktas\/didzioji-lietuva-3-tomas\/#primaryimage\"},\"image\":{\"@id\":\"https:\/\/skaitytaknyga.lt\/produktas\/didzioji-lietuva-3-tomas\/#primaryimage\"},\"thumbnailUrl\":\"https:\/\/skaitytaknyga.lt\/wp-content\/uploads\/2025\/12\/Didzioji-Lietuva-III-Knyga-1.webp\",\"datePublished\":\"2025-12-27T10:53:15+00:00\",\"dateModified\":\"2026-01-25T19:18:13+00:00\",\"description\":\"Unikalus 680 puslapi\u0173 fotografij\u0173 albumas.Knygoje taip pat publikuojami Lietuvos \u017eem\u0117lapiai, pradedant XIII am\u017eiumi, \u017eem\u0117lapiai dabartin\u0117s Ukrainos\",\"breadcrumb\":{\"@id\":\"https:\/\/skaitytaknyga.lt\/produktas\/didzioji-lietuva-3-tomas\/#breadcrumb\"},\"inLanguage\":\"en-GB\",\"potentialAction\":[{\"@type\":\"ReadAction\",\"target\":[\"https:\/\/skaitytaknyga.lt\/produktas\/didzioji-lietuva-3-tomas\/\"]}]},{\"@type\":\"ImageObject\",\"inLanguage\":\"en-GB\",\"@id\":\"https:\/\/skaitytaknyga.lt\/produktas\/didzioji-lietuva-3-tomas\/#primaryimage\",\"url\":\"https:\/\/skaitytaknyga.lt\/wp-content\/uploads\/2025\/12\/Didzioji-Lietuva-III-Knyga-1.webp\",\"contentUrl\":\"https:\/\/skaitytaknyga.lt\/wp-content\/uploads\/2025\/12\/Didzioji-Lietuva-III-Knyga-1.webp\",\"width\":300,\"height\":376},{\"@type\":\"BreadcrumbList\",\"@id\":\"https:\/\/skaitytaknyga.lt\/produktas\/didzioji-lietuva-3-tomas\/#breadcrumb\",\"itemListElement\":[{\"@type\":\"ListItem\",\"position\":1,\"name\":\"Home\",\"item\":\"https:\/\/skaitytaknyga.lt\/\"},{\"@type\":\"ListItem\",\"position\":2,\"name\":\"Parduotuv\u0117\",\"item\":\"https:\/\/skaitytaknyga.lt\/knygu-parduotuve\/\"},{\"@type\":\"ListItem\",\"position\":3,\"name\":\"Did\u017eioji Lietuva (3 tomas)\"}]},{\"@type\":\"WebSite\",\"@id\":\"https:\/\/skaitytaknyga.lt\/#website\",\"url\":\"https:\/\/skaitytaknyga.lt\/\",\"name\":\"skaitytaknyga.lt\",\"description\":\"Skaitytaknyga.lt \u2013 tai ma\u017eas \u0161eimos verslas, kuris prasid\u0117jo nuo meil\u0117s knygoms ir siekio i\u0161gelb\u0117ti knygas nuo likimo prie konteinerio. Kas vienam nereikalingas daiktas \u2013 kitam lobis, o mes esame tarpininkai, kurie padeda abiems tapti laimingesniems ???? \u017dinome kaip nelengva i\u0161gyventi ma\u017eiems verslams, tad nuo \u0161iol, \u010dia rasite ir kit\u0173, ma\u017e\u0173 \u0161eim\u0173 versl\u0173, rank\u0173 darbo, dovan\u0173 sau ir artimiesiems.\",\"publisher\":{\"@id\":\"https:\/\/skaitytaknyga.lt\/#organization\"},\"potentialAction\":[{\"@type\":\"SearchAction\",\"target\":{\"@type\":\"EntryPoint\",\"urlTemplate\":\"https:\/\/skaitytaknyga.lt\/?s={search_term_string}\"},\"query-input\":{\"@type\":\"PropertyValueSpecification\",\"valueRequired\":true,\"valueName\":\"search_term_string\"}}],\"inLanguage\":\"en-GB\"},{\"@type\":\"Organization\",\"@id\":\"https:\/\/skaitytaknyga.lt\/#organization\",\"name\":\"skaitytaknyga.lt\",\"url\":\"https:\/\/skaitytaknyga.lt\/\",\"logo\":{\"@type\":\"ImageObject\",\"inLanguage\":\"en-GB\",\"@id\":\"https:\/\/skaitytaknyga.lt\/#\/schema\/logo\/image\/\",\"url\":\"https:\/\/skaitytaknyga.lt\/wp-content\/uploads\/2024\/05\/cropped-cropped-cropped-02_00843_jt3bggkj1j3HLc7SyY6rEUpg.jpeg\",\"contentUrl\":\"https:\/\/skaitytaknyga.lt\/wp-content\/uploads\/2024\/05\/cropped-cropped-cropped-02_00843_jt3bggkj1j3HLc7SyY6rEUpg.jpeg\",\"width\":1600,\"height\":1600,\"caption\":\"skaitytaknyga.lt\"},\"image\":{\"@id\":\"https:\/\/skaitytaknyga.lt\/#\/schema\/logo\/image\/\"},\"sameAs\":[\"https:\/\/www.facebook.com\/skaitytaknyga\/\"]}]}<\/script>\n<!-- \/ Yoast SEO plugin. -->","yoast_head_json":{"title":"Did\u017eioji Lietuva (3 tomas)","description":"Unikalus 680 puslapi\u0173 fotografij\u0173 albumas.Knygoje taip pat publikuojami Lietuvos \u017eem\u0117lapiai, pradedant XIII am\u017eiumi, \u017eem\u0117lapiai dabartin\u0117s Ukrainos","robots":{"index":"index","follow":"follow","max-snippet":"max-snippet:-1","max-image-preview":"max-image-preview:large","max-video-preview":"max-video-preview:-1"},"canonical":"https:\/\/skaitytaknyga.lt\/en\/produktas\/didzioji-lietuva-3-tomas\/","og_locale":"en_GB","og_type":"article","og_title":"[:lt]Did\u017eioji Lietuva (3 tomas)[:] - Skaitytaknyga","og_description":"Unikalus 680 puslapi\u0173 fotografij\u0173 albumas.Knygoje taip pat publikuojami Lietuvos \u017eem\u0117lapiai, pradedant XIII am\u017eiumi, \u017eem\u0117lapiai dabartin\u0117s Ukrainos","og_url":"https:\/\/skaitytaknyga.lt\/en\/produktas\/didzioji-lietuva-3-tomas\/","og_site_name":"Skaitytaknyga","article_publisher":"https:\/\/www.facebook.com\/skaitytaknyga\/","article_modified_time":"2026-01-25T19:18:13+00:00","og_image":[{"width":300,"height":376,"url":"https:\/\/skaitytaknyga.lt\/wp-content\/uploads\/2025\/12\/Didzioji-Lietuva-III-Knyga-1.webp","type":"image\/webp"}],"twitter_card":"summary_large_image","twitter_misc":{"Estimated reading time":"1 minute"},"schema":{"@context":"https:\/\/schema.org","@graph":[{"@type":"WebPage","@id":"https:\/\/skaitytaknyga.lt\/produktas\/didzioji-lietuva-3-tomas\/","url":"https:\/\/skaitytaknyga.lt\/produktas\/didzioji-lietuva-3-tomas\/","name":"Did\u017eioji Lietuva (3 tomas)","isPartOf":{"@id":"https:\/\/skaitytaknyga.lt\/#website"},"primaryImageOfPage":{"@id":"https:\/\/skaitytaknyga.lt\/produktas\/didzioji-lietuva-3-tomas\/#primaryimage"},"image":{"@id":"https:\/\/skaitytaknyga.lt\/produktas\/didzioji-lietuva-3-tomas\/#primaryimage"},"thumbnailUrl":"https:\/\/skaitytaknyga.lt\/wp-content\/uploads\/2025\/12\/Didzioji-Lietuva-III-Knyga-1.webp","datePublished":"2025-12-27T10:53:15+00:00","dateModified":"2026-01-25T19:18:13+00:00","description":"Unikalus 680 puslapi\u0173 fotografij\u0173 albumas.Knygoje taip pat publikuojami Lietuvos \u017eem\u0117lapiai, pradedant XIII am\u017eiumi, \u017eem\u0117lapiai dabartin\u0117s Ukrainos","breadcrumb":{"@id":"https:\/\/skaitytaknyga.lt\/produktas\/didzioji-lietuva-3-tomas\/#breadcrumb"},"inLanguage":"en-GB","potentialAction":[{"@type":"ReadAction","target":["https:\/\/skaitytaknyga.lt\/produktas\/didzioji-lietuva-3-tomas\/"]}]},{"@type":"ImageObject","inLanguage":"en-GB","@id":"https:\/\/skaitytaknyga.lt\/produktas\/didzioji-lietuva-3-tomas\/#primaryimage","url":"https:\/\/skaitytaknyga.lt\/wp-content\/uploads\/2025\/12\/Didzioji-Lietuva-III-Knyga-1.webp","contentUrl":"https:\/\/skaitytaknyga.lt\/wp-content\/uploads\/2025\/12\/Didzioji-Lietuva-III-Knyga-1.webp","width":300,"height":376},{"@type":"BreadcrumbList","@id":"https:\/\/skaitytaknyga.lt\/produktas\/didzioji-lietuva-3-tomas\/#breadcrumb","itemListElement":[{"@type":"ListItem","position":1,"name":"Home","item":"https:\/\/skaitytaknyga.lt\/"},{"@type":"ListItem","position":2,"name":"Parduotuv\u0117","item":"https:\/\/skaitytaknyga.lt\/knygu-parduotuve\/"},{"@type":"ListItem","position":3,"name":"Did\u017eioji Lietuva (3 tomas)"}]},{"@type":"WebSite","@id":"https:\/\/skaitytaknyga.lt\/#website","url":"https:\/\/skaitytaknyga.lt\/","name":"skaitytaknyga.lt","description":"Skaitytaknyga.lt \u2013 tai ma\u017eas \u0161eimos verslas, kuris prasid\u0117jo nuo meil\u0117s knygoms ir siekio i\u0161gelb\u0117ti knygas nuo likimo prie konteinerio. Kas vienam nereikalingas daiktas \u2013 kitam lobis, o mes esame tarpininkai, kurie padeda abiems tapti laimingesniems ???? \u017dinome kaip nelengva i\u0161gyventi ma\u017eiems verslams, tad nuo \u0161iol, \u010dia rasite ir kit\u0173, ma\u017e\u0173 \u0161eim\u0173 versl\u0173, rank\u0173 darbo, dovan\u0173 sau ir artimiesiems.","publisher":{"@id":"https:\/\/skaitytaknyga.lt\/#organization"},"potentialAction":[{"@type":"SearchAction","target":{"@type":"EntryPoint","urlTemplate":"https:\/\/skaitytaknyga.lt\/?s={search_term_string}"},"query-input":{"@type":"PropertyValueSpecification","valueRequired":true,"valueName":"search_term_string"}}],"inLanguage":"en-GB"},{"@type":"Organization","@id":"https:\/\/skaitytaknyga.lt\/#organization","name":"skaitytaknyga.lt","url":"https:\/\/skaitytaknyga.lt\/","logo":{"@type":"ImageObject","inLanguage":"en-GB","@id":"https:\/\/skaitytaknyga.lt\/#\/schema\/logo\/image\/","url":"https:\/\/skaitytaknyga.lt\/wp-content\/uploads\/2024\/05\/cropped-cropped-cropped-02_00843_jt3bggkj1j3HLc7SyY6rEUpg.jpeg","contentUrl":"https:\/\/skaitytaknyga.lt\/wp-content\/uploads\/2024\/05\/cropped-cropped-cropped-02_00843_jt3bggkj1j3HLc7SyY6rEUpg.jpeg","width":1600,"height":1600,"caption":"skaitytaknyga.lt"},"image":{"@id":"https:\/\/skaitytaknyga.lt\/#\/schema\/logo\/image\/"},"sameAs":["https:\/\/www.facebook.com\/skaitytaknyga\/"]}]}},"_links":{"self":[{"href":"https:\/\/skaitytaknyga.lt\/en\/wp-json\/wp\/v2\/product\/22555","targetHints":{"allow":["GET"]}}],"collection":[{"href":"https:\/\/skaitytaknyga.lt\/en\/wp-json\/wp\/v2\/product"}],"about":[{"href":"https:\/\/skaitytaknyga.lt\/en\/wp-json\/wp\/v2\/types\/product"}],"replies":[{"embeddable":true,"href":"https:\/\/skaitytaknyga.lt\/en\/wp-json\/wp\/v2\/comments?post=22555"}],"wp:featuredmedia":[{"embeddable":true,"href":"https:\/\/skaitytaknyga.lt\/en\/wp-json\/wp\/v2\/media\/22560"}],"wp:attachment":[{"href":"https:\/\/skaitytaknyga.lt\/en\/wp-json\/wp\/v2\/media?parent=22555"}],"wp:term":[{"taxonomy":"product_brand","embeddable":true,"href":"https:\/\/skaitytaknyga.lt\/en\/wp-json\/wp\/v2\/product_brand?post=22555"},{"taxonomy":"product_cat","embeddable":true,"href":"https:\/\/skaitytaknyga.lt\/en\/wp-json\/wp\/v2\/product_cat?post=22555"},{"taxonomy":"product_tag","embeddable":true,"href":"https:\/\/skaitytaknyga.lt\/en\/wp-json\/wp\/v2\/product_tag?post=22555"}],"curies":[{"name":"wp","href":"https:\/\/api.w.org\/{rel}","templated":true}]}}