{"id":22553,"date":"2025-12-27T12:53:14","date_gmt":"2025-12-27T10:53:14","guid":{"rendered":"https:\/\/skaitytaknyga.lt\/?post_type=product&#038;p=22553"},"modified":"2026-03-18T14:59:39","modified_gmt":"2026-03-18T12:59:39","slug":"atminties-zenklai-gydytojams-paklijuotas-titulinis-lapas","status":"publish","type":"product","link":"https:\/\/skaitytaknyga.lt\/en\/produktas\/atminties-zenklai-gydytojams-paklijuotas-titulinis-lapas\/","title":{"rendered":"Atminties \u017eenklai gydytojams (paklijuotas titulinis lapas)"},"content":{"rendered":"<p>Paminklais, memorialin\u0117mis lentomis ir kitais atminimo \u017eenklais \u012fam\u017einta \u012fvairi\u0173 Lietuvos gydytoj\u0173 kart\u0173 profesin\u0117 ir visuomenin\u0117 veikla, siekiai gerinti \u0161alies sveikatos apsaug\u0105. Toki\u0173 paminkl\u0173 m\u016bs\u0173 \u0161alyje galima suskai\u010diuoti \u0161imtus, ta\u010diau retas Lietuvos pilietis \u017eino, u\u017e kokius nuopelnus jie skirti \u0161iems gydytojams.<\/p>\n<p>Lietuvos gydytoj\u0173 s\u0105jungos (LGS) i\u0161leista knyga \u201eAtminties \u017eenklai gydytojams&#8221; u\u017epildo \u0161i\u0105 istorin\u0119 sprag\u0105 \u2013 leidinyje pristatomi \u0161alies gydytoj\u0173 nuopelnai nuo XIX a. iki \u0161i\u0173 dien\u0173.<\/p>\n","protected":false},"excerpt":{"rendered":"<p>Paminklais, memorialin\u0117mis lentomis ir kitais atminimo \u017eenklais \u012fam\u017einta \u012fvairi\u0173 Lietuvos gydytoj\u0173 kart\u0173 profesin\u0117 ir visuomenin\u0117 veikla, siekiai gerinti \u0161alies sveikatos apsaug\u0105. Toki\u0173 paminkl\u0173 m\u016bs\u0173 \u0161alyje galima suskai\u010diuoti \u0161imtus, ta\u010diau retas Lietuvos pilietis \u017eino, u\u017e kokius nuopelnus jie skirti \u0161iems gydytojams. Lietuvos gydytoj\u0173 s\u0105jungos (LGS) i\u0161leista knyga \u201eAtminties \u017eenklai gydytojams&#8221; u\u017epildo \u0161i\u0105 istorin\u0119 sprag\u0105 \u2013 leidinyje pristatomi \u0161alies gydytoj\u0173 nuopelnai nuo XIX a. iki \u0161i\u0173 dien\u0173.<\/p>\n","protected":false},"featured_media":22558,"comment_status":"open","ping_status":"closed","template":"","meta":{"_acf_changed":false,"site-sidebar-layout":"default","site-content-layout":"","ast-site-content-layout":"default","site-content-style":"default","site-sidebar-style":"default","ast-global-header-display":"","ast-banner-title-visibility":"","ast-main-header-display":"","ast-hfb-above-header-display":"","ast-hfb-below-header-display":"","ast-hfb-mobile-header-display":"","site-post-title":"","ast-breadcrumbs-content":"","ast-featured-img":"","footer-sml-layout":"","ast-disable-related-posts":"","theme-transparent-header-meta":"","adv-header-id-meta":"","stick-header-meta":"","header-above-stick-meta":"","header-main-stick-meta":"","header-below-stick-meta":"","astra-migrate-meta-layouts":"default","ast-page-background-enabled":"default","ast-page-background-meta":{"desktop":{"background-color":"","background-image":"","background-repeat":"repeat","background-position":"center center","background-size":"auto","background-attachment":"scroll","background-type":"","background-media":"","overlay-type":"","overlay-color":"","overlay-opacity":"","overlay-gradient":""},"tablet":{"background-color":"","background-image":"","background-repeat":"repeat","background-position":"center center","background-size":"auto","background-attachment":"scroll","background-type":"","background-media":"","overlay-type":"","overlay-color":"","overlay-opacity":"","overlay-gradient":""},"mobile":{"background-color":"","background-image":"","background-repeat":"repeat","background-position":"center center","background-size":"auto","background-attachment":"scroll","background-type":"","background-media":"","overlay-type":"","overlay-color":"","overlay-opacity":"","overlay-gradient":""}},"ast-content-background-meta":{"desktop":{"background-color":"var(--ast-global-color-4)","background-image":"","background-repeat":"repeat","background-position":"center center","background-size":"auto","background-attachment":"scroll","background-type":"","background-media":"","overlay-type":"","overlay-color":"","overlay-opacity":"","overlay-gradient":""},"tablet":{"background-color":"var(--ast-global-color-4)","background-image":"","background-repeat":"repeat","background-position":"center center","background-size":"auto","background-attachment":"scroll","background-type":"","background-media":"","overlay-type":"","overlay-color":"","overlay-opacity":"","overlay-gradient":""},"mobile":{"background-color":"var(--ast-global-color-4)","background-image":"","background-repeat":"repeat","background-position":"center center","background-size":"auto","background-attachment":"scroll","background-type":"","background-media":"","overlay-type":"","overlay-color":"","overlay-opacity":"","overlay-gradient":""}}},"product_brand":[],"product_cat":[9862,174],"product_tag":[],"class_list":{"0":"post-22553","1":"product","2":"type-product","3":"status-publish","4":"has-post-thumbnail","6":"product_cat-lietuvos-istorija","7":"product_cat-istorija-ir-politologija","8":"desktop-align-left","9":"tablet-align-left","10":"mobile-align-left","12":"first","13":"instock","14":"shipping-taxable","15":"purchasable","16":"product-type-simple"},"acf":[],"yoast_head":"<!-- This site is optimized with the Yoast SEO plugin v27.0 - https:\/\/yoast.com\/product\/yoast-seo-wordpress\/ -->\n<title>Atminties \u017eenklai gydytojams (paklijuotas titulinis lapas)<\/title>\n<meta name=\"description\" content=\"Paminklais, memorialin\u0117mis lentomis ir kitais atminimo \u017eenklais \u012fam\u017einta \u012fvairi\u0173 Lietuvos gydytoj\u0173 kart\u0173 profesin\u0117 ir visuomenin\u0117 veikla, siekiai gerinti\" \/>\n<meta name=\"robots\" content=\"index, follow, max-snippet:-1, max-image-preview:large, max-video-preview:-1\" \/>\n<link rel=\"canonical\" href=\"https:\/\/skaitytaknyga.lt\/en\/produktas\/atminties-zenklai-gydytojams-paklijuotas-titulinis-lapas\/\" \/>\n<meta property=\"og:locale\" content=\"en_GB\" \/>\n<meta property=\"og:locale:alternate\" content=\"lt_LT\" \/>\n<meta property=\"og:type\" content=\"article\" \/>\n<meta property=\"og:title\" content=\"Atminties \u017eenklai gydytojams (paklijuotas titulinis lapas)\" \/>\n<meta property=\"og:description\" content=\"Paminklais, memorialin\u0117mis lentomis ir kitais atminimo \u017eenklais \u012fam\u017einta \u012fvairi\u0173 Lietuvos gydytoj\u0173 kart\u0173 profesin\u0117 ir visuomenin\u0117 veikla, siekiai gerinti\" \/>\n<meta property=\"og:url\" content=\"https:\/\/skaitytaknyga.lt\/en\/produktas\/atminties-zenklai-gydytojams-paklijuotas-titulinis-lapas\/\" \/>\n<meta property=\"og:site_name\" content=\"Skaitytaknyga\" \/>\n<meta property=\"article:publisher\" content=\"https:\/\/www.facebook.com\/skaitytaknyga\/\" \/>\n<meta property=\"article:modified_time\" content=\"2026-03-18T12:59:39+00:00\" \/>\n<meta property=\"og:image\" content=\"https:\/\/skaitytaknyga.lt\/wp-content\/uploads\/2025\/12\/Atminties-zenklai-gydytojams-1.webp\" \/>\n\t<meta property=\"og:image:width\" content=\"388\" \/>\n\t<meta property=\"og:image:height\" content=\"289\" \/>\n\t<meta property=\"og:image:type\" content=\"image\/webp\" \/>\n<meta name=\"twitter:card\" content=\"summary_large_image\" \/>\n<script type=\"application\/ld+json\" class=\"yoast-schema-graph\">{\"@context\":\"https:\/\/schema.org\",\"@graph\":[{\"@type\":\"WebPage\",\"@id\":\"https:\/\/skaitytaknyga.lt\/produktas\/atminties-zenklai-gydytojams-paklijuotas-titulinis-lapas\/\",\"url\":\"https:\/\/skaitytaknyga.lt\/produktas\/atminties-zenklai-gydytojams-paklijuotas-titulinis-lapas\/\",\"name\":\"Atminties \u017eenklai gydytojams (paklijuotas titulinis lapas)\",\"isPartOf\":{\"@id\":\"https:\/\/skaitytaknyga.lt\/#website\"},\"primaryImageOfPage\":{\"@id\":\"https:\/\/skaitytaknyga.lt\/produktas\/atminties-zenklai-gydytojams-paklijuotas-titulinis-lapas\/#primaryimage\"},\"image\":{\"@id\":\"https:\/\/skaitytaknyga.lt\/produktas\/atminties-zenklai-gydytojams-paklijuotas-titulinis-lapas\/#primaryimage\"},\"thumbnailUrl\":\"https:\/\/skaitytaknyga.lt\/wp-content\/uploads\/2025\/12\/Atminties-zenklai-gydytojams-1.webp\",\"datePublished\":\"2025-12-27T10:53:14+00:00\",\"dateModified\":\"2026-03-18T12:59:39+00:00\",\"description\":\"Paminklais, memorialin\u0117mis lentomis ir kitais atminimo \u017eenklais \u012fam\u017einta \u012fvairi\u0173 Lietuvos gydytoj\u0173 kart\u0173 profesin\u0117 ir visuomenin\u0117 veikla, siekiai gerinti\",\"breadcrumb\":{\"@id\":\"https:\/\/skaitytaknyga.lt\/produktas\/atminties-zenklai-gydytojams-paklijuotas-titulinis-lapas\/#breadcrumb\"},\"inLanguage\":\"en-GB\",\"potentialAction\":[{\"@type\":\"ReadAction\",\"target\":[\"https:\/\/skaitytaknyga.lt\/produktas\/atminties-zenklai-gydytojams-paklijuotas-titulinis-lapas\/\"]}]},{\"@type\":\"ImageObject\",\"inLanguage\":\"en-GB\",\"@id\":\"https:\/\/skaitytaknyga.lt\/produktas\/atminties-zenklai-gydytojams-paklijuotas-titulinis-lapas\/#primaryimage\",\"url\":\"https:\/\/skaitytaknyga.lt\/wp-content\/uploads\/2025\/12\/Atminties-zenklai-gydytojams-1.webp\",\"contentUrl\":\"https:\/\/skaitytaknyga.lt\/wp-content\/uploads\/2025\/12\/Atminties-zenklai-gydytojams-1.webp\",\"width\":388,\"height\":289,\"caption\":\"Atminties \u017eenklai gydytojams\"},{\"@type\":\"BreadcrumbList\",\"@id\":\"https:\/\/skaitytaknyga.lt\/produktas\/atminties-zenklai-gydytojams-paklijuotas-titulinis-lapas\/#breadcrumb\",\"itemListElement\":[{\"@type\":\"ListItem\",\"position\":1,\"name\":\"Home\",\"item\":\"https:\/\/skaitytaknyga.lt\/\"},{\"@type\":\"ListItem\",\"position\":2,\"name\":\"Parduotuv\u0117\",\"item\":\"https:\/\/skaitytaknyga.lt\/knygu-parduotuve\/\"},{\"@type\":\"ListItem\",\"position\":3,\"name\":\"Atminties \u017eenklai gydytojams (paklijuotas titulinis lapas)\"}]},{\"@type\":\"WebSite\",\"@id\":\"https:\/\/skaitytaknyga.lt\/#website\",\"url\":\"https:\/\/skaitytaknyga.lt\/\",\"name\":\"skaitytaknyga.lt\",\"description\":\"Skaitytaknyga.lt \u2013 tai ma\u017eas \u0161eimos verslas, kuris prasid\u0117jo nuo meil\u0117s knygoms ir siekio i\u0161gelb\u0117ti knygas nuo likimo prie konteinerio. Kas vienam nereikalingas daiktas \u2013 kitam lobis, o mes esame tarpininkai, kurie padeda abiems tapti laimingesniems ???? \u017dinome kaip nelengva i\u0161gyventi ma\u017eiems verslams, tad nuo \u0161iol, \u010dia rasite ir kit\u0173, ma\u017e\u0173 \u0161eim\u0173 versl\u0173, rank\u0173 darbo, dovan\u0173 sau ir artimiesiems.\",\"publisher\":{\"@id\":\"https:\/\/skaitytaknyga.lt\/#organization\"},\"potentialAction\":[{\"@type\":\"SearchAction\",\"target\":{\"@type\":\"EntryPoint\",\"urlTemplate\":\"https:\/\/skaitytaknyga.lt\/?s={search_term_string}\"},\"query-input\":{\"@type\":\"PropertyValueSpecification\",\"valueRequired\":true,\"valueName\":\"search_term_string\"}}],\"inLanguage\":\"en-GB\"},{\"@type\":\"Organization\",\"@id\":\"https:\/\/skaitytaknyga.lt\/#organization\",\"name\":\"skaitytaknyga.lt\",\"url\":\"https:\/\/skaitytaknyga.lt\/\",\"logo\":{\"@type\":\"ImageObject\",\"inLanguage\":\"en-GB\",\"@id\":\"https:\/\/skaitytaknyga.lt\/#\/schema\/logo\/image\/\",\"url\":\"https:\/\/skaitytaknyga.lt\/wp-content\/uploads\/2024\/05\/cropped-cropped-cropped-02_00843_jt3bggkj1j3HLc7SyY6rEUpg.jpeg\",\"contentUrl\":\"https:\/\/skaitytaknyga.lt\/wp-content\/uploads\/2024\/05\/cropped-cropped-cropped-02_00843_jt3bggkj1j3HLc7SyY6rEUpg.jpeg\",\"width\":1600,\"height\":1600,\"caption\":\"skaitytaknyga.lt\"},\"image\":{\"@id\":\"https:\/\/skaitytaknyga.lt\/#\/schema\/logo\/image\/\"},\"sameAs\":[\"https:\/\/www.facebook.com\/skaitytaknyga\/\"]}]}<\/script>\n<!-- \/ Yoast SEO plugin. -->","yoast_head_json":{"title":"Atminties \u017eenklai gydytojams (paklijuotas titulinis lapas)","description":"Paminklais, memorialin\u0117mis lentomis ir kitais atminimo \u017eenklais \u012fam\u017einta \u012fvairi\u0173 Lietuvos gydytoj\u0173 kart\u0173 profesin\u0117 ir visuomenin\u0117 veikla, siekiai gerinti","robots":{"index":"index","follow":"follow","max-snippet":"max-snippet:-1","max-image-preview":"max-image-preview:large","max-video-preview":"max-video-preview:-1"},"canonical":"https:\/\/skaitytaknyga.lt\/en\/produktas\/atminties-zenklai-gydytojams-paklijuotas-titulinis-lapas\/","og_locale":"en_GB","og_type":"article","og_title":"[:lt]Atminties \u017eenklai gydytojams (paklijuotas titulinis lapas)[:] - Skaitytaknyga","og_description":"Paminklais, memorialin\u0117mis lentomis ir kitais atminimo \u017eenklais \u012fam\u017einta \u012fvairi\u0173 Lietuvos gydytoj\u0173 kart\u0173 profesin\u0117 ir visuomenin\u0117 veikla, siekiai gerinti","og_url":"https:\/\/skaitytaknyga.lt\/en\/produktas\/atminties-zenklai-gydytojams-paklijuotas-titulinis-lapas\/","og_site_name":"Skaitytaknyga","article_publisher":"https:\/\/www.facebook.com\/skaitytaknyga\/","article_modified_time":"2026-03-18T12:59:39+00:00","og_image":[{"width":388,"height":289,"url":"https:\/\/skaitytaknyga.lt\/wp-content\/uploads\/2025\/12\/Atminties-zenklai-gydytojams-1.webp","type":"image\/webp"}],"twitter_card":"summary_large_image","schema":{"@context":"https:\/\/schema.org","@graph":[{"@type":"WebPage","@id":"https:\/\/skaitytaknyga.lt\/produktas\/atminties-zenklai-gydytojams-paklijuotas-titulinis-lapas\/","url":"https:\/\/skaitytaknyga.lt\/produktas\/atminties-zenklai-gydytojams-paklijuotas-titulinis-lapas\/","name":"Atminties \u017eenklai gydytojams (paklijuotas titulinis lapas)","isPartOf":{"@id":"https:\/\/skaitytaknyga.lt\/#website"},"primaryImageOfPage":{"@id":"https:\/\/skaitytaknyga.lt\/produktas\/atminties-zenklai-gydytojams-paklijuotas-titulinis-lapas\/#primaryimage"},"image":{"@id":"https:\/\/skaitytaknyga.lt\/produktas\/atminties-zenklai-gydytojams-paklijuotas-titulinis-lapas\/#primaryimage"},"thumbnailUrl":"https:\/\/skaitytaknyga.lt\/wp-content\/uploads\/2025\/12\/Atminties-zenklai-gydytojams-1.webp","datePublished":"2025-12-27T10:53:14+00:00","dateModified":"2026-03-18T12:59:39+00:00","description":"Paminklais, memorialin\u0117mis lentomis ir kitais atminimo \u017eenklais \u012fam\u017einta \u012fvairi\u0173 Lietuvos gydytoj\u0173 kart\u0173 profesin\u0117 ir visuomenin\u0117 veikla, siekiai gerinti","breadcrumb":{"@id":"https:\/\/skaitytaknyga.lt\/produktas\/atminties-zenklai-gydytojams-paklijuotas-titulinis-lapas\/#breadcrumb"},"inLanguage":"en-GB","potentialAction":[{"@type":"ReadAction","target":["https:\/\/skaitytaknyga.lt\/produktas\/atminties-zenklai-gydytojams-paklijuotas-titulinis-lapas\/"]}]},{"@type":"ImageObject","inLanguage":"en-GB","@id":"https:\/\/skaitytaknyga.lt\/produktas\/atminties-zenklai-gydytojams-paklijuotas-titulinis-lapas\/#primaryimage","url":"https:\/\/skaitytaknyga.lt\/wp-content\/uploads\/2025\/12\/Atminties-zenklai-gydytojams-1.webp","contentUrl":"https:\/\/skaitytaknyga.lt\/wp-content\/uploads\/2025\/12\/Atminties-zenklai-gydytojams-1.webp","width":388,"height":289,"caption":"Atminties \u017eenklai gydytojams"},{"@type":"BreadcrumbList","@id":"https:\/\/skaitytaknyga.lt\/produktas\/atminties-zenklai-gydytojams-paklijuotas-titulinis-lapas\/#breadcrumb","itemListElement":[{"@type":"ListItem","position":1,"name":"Home","item":"https:\/\/skaitytaknyga.lt\/"},{"@type":"ListItem","position":2,"name":"Parduotuv\u0117","item":"https:\/\/skaitytaknyga.lt\/knygu-parduotuve\/"},{"@type":"ListItem","position":3,"name":"Atminties \u017eenklai gydytojams (paklijuotas titulinis lapas)"}]},{"@type":"WebSite","@id":"https:\/\/skaitytaknyga.lt\/#website","url":"https:\/\/skaitytaknyga.lt\/","name":"skaitytaknyga.lt","description":"Skaitytaknyga.lt \u2013 tai ma\u017eas \u0161eimos verslas, kuris prasid\u0117jo nuo meil\u0117s knygoms ir siekio i\u0161gelb\u0117ti knygas nuo likimo prie konteinerio. Kas vienam nereikalingas daiktas \u2013 kitam lobis, o mes esame tarpininkai, kurie padeda abiems tapti laimingesniems ???? \u017dinome kaip nelengva i\u0161gyventi ma\u017eiems verslams, tad nuo \u0161iol, \u010dia rasite ir kit\u0173, ma\u017e\u0173 \u0161eim\u0173 versl\u0173, rank\u0173 darbo, dovan\u0173 sau ir artimiesiems.","publisher":{"@id":"https:\/\/skaitytaknyga.lt\/#organization"},"potentialAction":[{"@type":"SearchAction","target":{"@type":"EntryPoint","urlTemplate":"https:\/\/skaitytaknyga.lt\/?s={search_term_string}"},"query-input":{"@type":"PropertyValueSpecification","valueRequired":true,"valueName":"search_term_string"}}],"inLanguage":"en-GB"},{"@type":"Organization","@id":"https:\/\/skaitytaknyga.lt\/#organization","name":"skaitytaknyga.lt","url":"https:\/\/skaitytaknyga.lt\/","logo":{"@type":"ImageObject","inLanguage":"en-GB","@id":"https:\/\/skaitytaknyga.lt\/#\/schema\/logo\/image\/","url":"https:\/\/skaitytaknyga.lt\/wp-content\/uploads\/2024\/05\/cropped-cropped-cropped-02_00843_jt3bggkj1j3HLc7SyY6rEUpg.jpeg","contentUrl":"https:\/\/skaitytaknyga.lt\/wp-content\/uploads\/2024\/05\/cropped-cropped-cropped-02_00843_jt3bggkj1j3HLc7SyY6rEUpg.jpeg","width":1600,"height":1600,"caption":"skaitytaknyga.lt"},"image":{"@id":"https:\/\/skaitytaknyga.lt\/#\/schema\/logo\/image\/"},"sameAs":["https:\/\/www.facebook.com\/skaitytaknyga\/"]}]}},"_links":{"self":[{"href":"https:\/\/skaitytaknyga.lt\/en\/wp-json\/wp\/v2\/product\/22553","targetHints":{"allow":["GET"]}}],"collection":[{"href":"https:\/\/skaitytaknyga.lt\/en\/wp-json\/wp\/v2\/product"}],"about":[{"href":"https:\/\/skaitytaknyga.lt\/en\/wp-json\/wp\/v2\/types\/product"}],"replies":[{"embeddable":true,"href":"https:\/\/skaitytaknyga.lt\/en\/wp-json\/wp\/v2\/comments?post=22553"}],"wp:featuredmedia":[{"embeddable":true,"href":"https:\/\/skaitytaknyga.lt\/en\/wp-json\/wp\/v2\/media\/22558"}],"wp:attachment":[{"href":"https:\/\/skaitytaknyga.lt\/en\/wp-json\/wp\/v2\/media?parent=22553"}],"wp:term":[{"taxonomy":"product_brand","embeddable":true,"href":"https:\/\/skaitytaknyga.lt\/en\/wp-json\/wp\/v2\/product_brand?post=22553"},{"taxonomy":"product_cat","embeddable":true,"href":"https:\/\/skaitytaknyga.lt\/en\/wp-json\/wp\/v2\/product_cat?post=22553"},{"taxonomy":"product_tag","embeddable":true,"href":"https:\/\/skaitytaknyga.lt\/en\/wp-json\/wp\/v2\/product_tag?post=22553"}],"curies":[{"name":"wp","href":"https:\/\/api.w.org\/{rel}","templated":true}]}}