{"id":2255,"date":"2024-04-17T13:06:51","date_gmt":"2024-04-17T13:06:51","guid":{"rendered":"https:\/\/skaitytaknyga.lt\/?post_type=product&#038;p=2255"},"modified":"2025-09-09T21:14:33","modified_gmt":"2025-09-09T18:14:33","slug":"l-slimani-zmogedros-sode","status":"publish","type":"product","link":"https:\/\/skaitytaknyga.lt\/en\/produktas\/l-slimani-zmogedros-sode\/","title":{"rendered":"L. Slimani \u201e\u017dmog\u0117dros sode\u201c"},"content":{"rendered":"","protected":false},"excerpt":{"rendered":"<p>Rizika \u2013 jos b\u016bdas egzistuoti, k\u016bni\u0161ka meil\u0117 \u2013 viltis.<\/p>\n<p>Adel\u0117 negali sk\u0173stis gyvenimu \u2013 ji jauna pary\u017eiet\u0117, dirbanti \u012fdom\u0173 \u017eurnalist\u0117s darb\u0105, jos vyras \u2013 chirurgas, jiedu augina miel\u0105 berniuk\u0105. Ta\u010diau Adel\u0117 serga. Kai kas pasakyt\u0173, kad jos liga \u2013 maloni. Ta\u010diau ji ken\u010dia. Nuo vaikyst\u0117s jau\u010dia \u0161alt\u012f. Ji bijo. Tai jausmas, kur\u012f pirmiausia pa\u017eino b\u016bdama su motina, palikdavusia j\u0105 vien\u0105 vie\u0161bu\u010dio kambaryje keletui dien\u0173. Kad su\u0161ilt\u0173, Adel\u0117 atrado vienintel\u012f b\u016bd\u0105 b\u016bti kam nors reikalinga. Jos gyvenimas \u2013 dvigubas, dal\u012f dienos Adel\u0117 \u2013 \u017emona ir motina, dal\u012f \u2013 kek\u0161\u0117. Jos k\u016bnas \u2013 nepasotinamas tironas, nors ir marinamas fizinio skausmo, sur\u016bkom\u0173 cigare\u010di\u0173, g\u0117dos. Rizika \u2013 jos b\u016bdas egzistuoti, k\u016bni\u0161ka meil\u0117 \u2013 viltis. Ta\u010diau \u0161i viltis trumpalaik\u0117 \u2013 ko gero, b\u016bt\u0173 prasminga sustoti dabar, dar prie\u0161 tai, kai nebeliks nei met\u0173, nei j\u0117g\u0173. Tik ar ji sustos?<\/p>\n<p><em>Adel\u0117 nei did\u017eiuojasi savo pergal\u0117mis, nei j\u0173 g\u0117dijasi. Ji neveda ataskait\u0173, ne\u012fsimena vard\u0173, o juolab situacij\u0173. Ji labai greitai tai u\u017emir\u0161ta, ir juo geriau. Kaip ji gal\u0117t\u0173 prisiminti \u0161itiek od\u0173, \u0161itiek kvap\u0173?<\/em><\/p>\n","protected":false},"featured_media":2304,"comment_status":"closed","ping_status":"closed","template":"","meta":{"_acf_changed":false,"site-sidebar-layout":"default","site-content-layout":"","ast-site-content-layout":"default","site-content-style":"default","site-sidebar-style":"default","ast-global-header-display":"","ast-banner-title-visibility":"","ast-main-header-display":"","ast-hfb-above-header-display":"","ast-hfb-below-header-display":"","ast-hfb-mobile-header-display":"","site-post-title":"","ast-breadcrumbs-content":"","ast-featured-img":"","footer-sml-layout":"","ast-disable-related-posts":"","theme-transparent-header-meta":"","adv-header-id-meta":"","stick-header-meta":"","header-above-stick-meta":"","header-main-stick-meta":"","header-below-stick-meta":"","astra-migrate-meta-layouts":"default","ast-page-background-enabled":"default","ast-page-background-meta":{"desktop":{"background-color":"","background-image":"","background-repeat":"repeat","background-position":"center center","background-size":"auto","background-attachment":"scroll","background-type":"","background-media":"","overlay-type":"","overlay-color":"","overlay-opacity":"","overlay-gradient":""},"tablet":{"background-color":"","background-image":"","background-repeat":"repeat","background-position":"center center","background-size":"auto","background-attachment":"scroll","background-type":"","background-media":"","overlay-type":"","overlay-color":"","overlay-opacity":"","overlay-gradient":""},"mobile":{"background-color":"","background-image":"","background-repeat":"repeat","background-position":"center center","background-size":"auto","background-attachment":"scroll","background-type":"","background-media":"","overlay-type":"","overlay-color":"","overlay-opacity":"","overlay-gradient":""}},"ast-content-background-meta":{"desktop":{"background-color":"var(--ast-global-color-4)","background-image":"","background-repeat":"repeat","background-position":"center center","background-size":"auto","background-attachment":"scroll","background-type":"","background-media":"","overlay-type":"","overlay-color":"","overlay-opacity":"","overlay-gradient":""},"tablet":{"background-color":"var(--ast-global-color-4)","background-image":"","background-repeat":"repeat","background-position":"center center","background-size":"auto","background-attachment":"scroll","background-type":"","background-media":"","overlay-type":"","overlay-color":"","overlay-opacity":"","overlay-gradient":""},"mobile":{"background-color":"var(--ast-global-color-4)","background-image":"","background-repeat":"repeat","background-position":"center center","background-size":"auto","background-attachment":"scroll","background-type":"","background-media":"","overlay-type":"","overlay-color":"","overlay-opacity":"","overlay-gradient":""}}},"product_brand":[],"product_cat":[31],"product_tag":[],"class_list":{"0":"post-2255","1":"product","2":"type-product","3":"status-publish","4":"has-post-thumbnail","6":"product_cat-grozine-literatura","7":"desktop-align-left","8":"tablet-align-left","9":"mobile-align-left","11":"first","12":"instock","13":"shipping-taxable","14":"purchasable","15":"product-type-simple"},"acf":[],"yoast_head":"<!-- This site is optimized with the Yoast SEO plugin v27.0 - https:\/\/yoast.com\/product\/yoast-seo-wordpress\/ -->\n<title>L. Slimani \u201e\u017dmog\u0117dros sode\u201c<\/title>\n<meta name=\"description\" content=\"Rizika \u2013 jos b\u016bdas egzistuoti, k\u016bni\u0161ka meil\u0117 \u2013 viltis.  Adel\u0117 negali sk\u0173stis gyvenimu \u2013 ji jauna pary\u017eiet\u0117, dirbanti \u012fdom\u0173 \u017eurnalist\u0117s darb\u0105, jos vyras \u2013 chirurgas, jiedu augina miel\u0105 berniuk\u0105. Ta\u010diau Adel\u0117 serga. Kai kas pasakyt\u0173, kad jos liga \u2013 maloni. Ta\u010diau ji ken\u010dia. Nuo vaikyst\u0117s jau\u010dia \u0161alt\u012f. Ji bijo. Tai jausmas, kur\u012f pirmiausia pa\u017eino b\u016bdama su motina, palikdavusia j\u0105 vien\u0105 vie\u0161bu\u010dio kambaryje keletui dien\u0173. Kad su\u0161ilt\u0173, Adel\u0117 atrado vienintel\u012f b\u016bd\u0105 b\u016bti kam nors reikalinga. Jos gyvenimas \u2013 dvigubas, dal\u012f dienos Adel\u0117 \u2013 \u017emona ir motina, dal\u012f \u2013 kek\u0161\u0117. Jos k\u016bnas \u2013 nepasotinamas tironas, nors ir marinamas fizinio skausmo, sur\u016bkom\u0173 cigare\u010di\u0173, g\u0117dos. Rizika \u2013 jos b\u016bdas egzistuoti, k\u016bni\u0161ka meil\u0117 \u2013 viltis. Ta\u010diau \u0161i viltis trumpalaik\u0117 \u2013 ko gero, b\u016bt\u0173 prasminga sustoti dabar, dar prie\u0161 tai, kai nebeliks nei met\u0173, nei j\u0117g\u0173. Tik ar ji sustos?  Adel\u0117 nei did\u017eiuojasi savo pergal\u0117mis, nei j\u0173 g\u0117dijasi. Ji neveda ataskait\u0173, ne\u012fsimena vard\u0173, o juolab situacij\u0173. Ji labai greitai tai u\u017emir\u0161ta, ir juo geriau. Kaip ji gal\u0117t\u0173 prisiminti \u0161itiek od\u0173, \u0161itiek kvap\u0173?\" \/>\n<meta name=\"robots\" content=\"index, follow, max-snippet:-1, max-image-preview:large, max-video-preview:-1\" \/>\n<link rel=\"canonical\" href=\"https:\/\/skaitytaknyga.lt\/en\/produktas\/l-slimani-zmogedros-sode\/\" \/>\n<meta property=\"og:locale\" content=\"en_GB\" \/>\n<meta property=\"og:locale:alternate\" content=\"lt_LT\" \/>\n<meta property=\"og:type\" content=\"article\" \/>\n<meta property=\"og:title\" content=\"L. Slimani \u201e\u017dmog\u0117dros sode\u201c\" \/>\n<meta property=\"og:description\" content=\"Rizika \u2013 jos b\u016bdas egzistuoti, k\u016bni\u0161ka meil\u0117 \u2013 viltis.  Adel\u0117 negali sk\u0173stis gyvenimu \u2013 ji jauna pary\u017eiet\u0117, dirbanti \u012fdom\u0173 \u017eurnalist\u0117s darb\u0105, jos vyras \u2013 chirurgas, jiedu augina miel\u0105 berniuk\u0105. Ta\u010diau Adel\u0117 serga. Kai kas pasakyt\u0173, kad jos liga \u2013 maloni. Ta\u010diau ji ken\u010dia. Nuo vaikyst\u0117s jau\u010dia \u0161alt\u012f. Ji bijo. Tai jausmas, kur\u012f pirmiausia pa\u017eino b\u016bdama su motina, palikdavusia j\u0105 vien\u0105 vie\u0161bu\u010dio kambaryje keletui dien\u0173. Kad su\u0161ilt\u0173, Adel\u0117 atrado vienintel\u012f b\u016bd\u0105 b\u016bti kam nors reikalinga. Jos gyvenimas \u2013 dvigubas, dal\u012f dienos Adel\u0117 \u2013 \u017emona ir motina, dal\u012f \u2013 kek\u0161\u0117. Jos k\u016bnas \u2013 nepasotinamas tironas, nors ir marinamas fizinio skausmo, sur\u016bkom\u0173 cigare\u010di\u0173, g\u0117dos. Rizika \u2013 jos b\u016bdas egzistuoti, k\u016bni\u0161ka meil\u0117 \u2013 viltis. Ta\u010diau \u0161i viltis trumpalaik\u0117 \u2013 ko gero, b\u016bt\u0173 prasminga sustoti dabar, dar prie\u0161 tai, kai nebeliks nei met\u0173, nei j\u0117g\u0173. Tik ar ji sustos?  Adel\u0117 nei did\u017eiuojasi savo pergal\u0117mis, nei j\u0173 g\u0117dijasi. Ji neveda ataskait\u0173, ne\u012fsimena vard\u0173, o juolab situacij\u0173. Ji labai greitai tai u\u017emir\u0161ta, ir juo geriau. Kaip ji gal\u0117t\u0173 prisiminti \u0161itiek od\u0173, \u0161itiek kvap\u0173?\" \/>\n<meta property=\"og:url\" content=\"https:\/\/skaitytaknyga.lt\/en\/produktas\/l-slimani-zmogedros-sode\/\" \/>\n<meta property=\"og:site_name\" content=\"Skaitytaknyga\" \/>\n<meta property=\"article:publisher\" content=\"https:\/\/www.facebook.com\/skaitytaknyga\/\" \/>\n<meta property=\"article:modified_time\" content=\"2025-09-09T18:14:33+00:00\" \/>\n<meta property=\"og:image\" content=\"https:\/\/skaitytaknyga.lt\/wp-content\/uploads\/2024\/04\/knygos-virselis-5a0077875f7b7.jpg\" \/>\n\t<meta property=\"og:image:width\" content=\"1080\" \/>\n\t<meta property=\"og:image:height\" content=\"1080\" \/>\n\t<meta property=\"og:image:type\" content=\"image\/jpeg\" \/>\n<meta name=\"twitter:card\" content=\"summary_large_image\" \/>\n<script type=\"application\/ld+json\" class=\"yoast-schema-graph\">{\"@context\":\"https:\/\/schema.org\",\"@graph\":[{\"@type\":\"WebPage\",\"@id\":\"https:\/\/skaitytaknyga.lt\/produktas\/l-slimani-zmogedros-sode\/\",\"url\":\"https:\/\/skaitytaknyga.lt\/produktas\/l-slimani-zmogedros-sode\/\",\"name\":\"L. Slimani \u201e\u017dmog\u0117dros sode\u201c\",\"isPartOf\":{\"@id\":\"https:\/\/skaitytaknyga.lt\/#website\"},\"primaryImageOfPage\":{\"@id\":\"https:\/\/skaitytaknyga.lt\/produktas\/l-slimani-zmogedros-sode\/#primaryimage\"},\"image\":{\"@id\":\"https:\/\/skaitytaknyga.lt\/produktas\/l-slimani-zmogedros-sode\/#primaryimage\"},\"thumbnailUrl\":\"https:\/\/skaitytaknyga.lt\/wp-content\/uploads\/2024\/04\/knygos-virselis-5a0077875f7b7.jpg\",\"datePublished\":\"2024-04-17T13:06:51+00:00\",\"dateModified\":\"2025-09-09T18:14:33+00:00\",\"description\":\"Rizika \u2013 jos b\u016bdas egzistuoti, k\u016bni\u0161ka meil\u0117 \u2013 viltis. Adel\u0117 negali sk\u0173stis gyvenimu \u2013 ji jauna pary\u017eiet\u0117, dirbanti \u012fdom\u0173 \u017eurnalist\u0117s darb\u0105, jos vyras \u2013 chirurgas, jiedu augina miel\u0105 berniuk\u0105. Ta\u010diau Adel\u0117 serga. Kai kas pasakyt\u0173, kad jos liga \u2013 maloni. Ta\u010diau ji ken\u010dia. Nuo vaikyst\u0117s jau\u010dia \u0161alt\u012f. Ji bijo. Tai jausmas, kur\u012f pirmiausia pa\u017eino b\u016bdama su motina, palikdavusia j\u0105 vien\u0105 vie\u0161bu\u010dio kambaryje keletui dien\u0173. Kad su\u0161ilt\u0173, Adel\u0117 atrado vienintel\u012f b\u016bd\u0105 b\u016bti kam nors reikalinga. Jos gyvenimas \u2013 dvigubas, dal\u012f dienos Adel\u0117 \u2013 \u017emona ir motina, dal\u012f \u2013 kek\u0161\u0117. Jos k\u016bnas \u2013 nepasotinamas tironas, nors ir marinamas fizinio skausmo, sur\u016bkom\u0173 cigare\u010di\u0173, g\u0117dos. Rizika \u2013 jos b\u016bdas egzistuoti, k\u016bni\u0161ka meil\u0117 \u2013 viltis. Ta\u010diau \u0161i viltis trumpalaik\u0117 \u2013 ko gero, b\u016bt\u0173 prasminga sustoti dabar, dar prie\u0161 tai, kai nebeliks nei met\u0173, nei j\u0117g\u0173. Tik ar ji sustos? Adel\u0117 nei did\u017eiuojasi savo pergal\u0117mis, nei j\u0173 g\u0117dijasi. Ji neveda ataskait\u0173, ne\u012fsimena vard\u0173, o juolab situacij\u0173. Ji labai greitai tai u\u017emir\u0161ta, ir juo geriau. Kaip ji gal\u0117t\u0173 prisiminti \u0161itiek od\u0173, \u0161itiek kvap\u0173?\",\"breadcrumb\":{\"@id\":\"https:\/\/skaitytaknyga.lt\/produktas\/l-slimani-zmogedros-sode\/#breadcrumb\"},\"inLanguage\":\"en-GB\",\"potentialAction\":[{\"@type\":\"ReadAction\",\"target\":[\"https:\/\/skaitytaknyga.lt\/produktas\/l-slimani-zmogedros-sode\/\"]}]},{\"@type\":\"ImageObject\",\"inLanguage\":\"en-GB\",\"@id\":\"https:\/\/skaitytaknyga.lt\/produktas\/l-slimani-zmogedros-sode\/#primaryimage\",\"url\":\"https:\/\/skaitytaknyga.lt\/wp-content\/uploads\/2024\/04\/knygos-virselis-5a0077875f7b7.jpg\",\"contentUrl\":\"https:\/\/skaitytaknyga.lt\/wp-content\/uploads\/2024\/04\/knygos-virselis-5a0077875f7b7.jpg\",\"width\":1080,\"height\":1080,\"caption\":\"knygos virselis 5a0077875f7b7\"},{\"@type\":\"BreadcrumbList\",\"@id\":\"https:\/\/skaitytaknyga.lt\/produktas\/l-slimani-zmogedros-sode\/#breadcrumb\",\"itemListElement\":[{\"@type\":\"ListItem\",\"position\":1,\"name\":\"Home\",\"item\":\"https:\/\/skaitytaknyga.lt\/\"},{\"@type\":\"ListItem\",\"position\":2,\"name\":\"Parduotuv\u0117\",\"item\":\"https:\/\/skaitytaknyga.lt\/knygu-parduotuve\/\"},{\"@type\":\"ListItem\",\"position\":3,\"name\":\"L. Slimani \u201e\u017dmog\u0117dros sode\u201c\"}]},{\"@type\":\"WebSite\",\"@id\":\"https:\/\/skaitytaknyga.lt\/#website\",\"url\":\"https:\/\/skaitytaknyga.lt\/\",\"name\":\"skaitytaknyga.lt\",\"description\":\"Skaitytaknyga.lt \u2013 tai ma\u017eas \u0161eimos verslas, kuris prasid\u0117jo nuo meil\u0117s knygoms ir siekio i\u0161gelb\u0117ti knygas nuo likimo prie konteinerio. Kas vienam nereikalingas daiktas \u2013 kitam lobis, o mes esame tarpininkai, kurie padeda abiems tapti laimingesniems ???? \u017dinome kaip nelengva i\u0161gyventi ma\u017eiems verslams, tad nuo \u0161iol, \u010dia rasite ir kit\u0173, ma\u017e\u0173 \u0161eim\u0173 versl\u0173, rank\u0173 darbo, dovan\u0173 sau ir artimiesiems.\",\"publisher\":{\"@id\":\"https:\/\/skaitytaknyga.lt\/#organization\"},\"potentialAction\":[{\"@type\":\"SearchAction\",\"target\":{\"@type\":\"EntryPoint\",\"urlTemplate\":\"https:\/\/skaitytaknyga.lt\/?s={search_term_string}\"},\"query-input\":{\"@type\":\"PropertyValueSpecification\",\"valueRequired\":true,\"valueName\":\"search_term_string\"}}],\"inLanguage\":\"en-GB\"},{\"@type\":\"Organization\",\"@id\":\"https:\/\/skaitytaknyga.lt\/#organization\",\"name\":\"skaitytaknyga.lt\",\"url\":\"https:\/\/skaitytaknyga.lt\/\",\"logo\":{\"@type\":\"ImageObject\",\"inLanguage\":\"en-GB\",\"@id\":\"https:\/\/skaitytaknyga.lt\/#\/schema\/logo\/image\/\",\"url\":\"https:\/\/skaitytaknyga.lt\/wp-content\/uploads\/2024\/05\/cropped-cropped-cropped-02_00843_jt3bggkj1j3HLc7SyY6rEUpg.jpeg\",\"contentUrl\":\"https:\/\/skaitytaknyga.lt\/wp-content\/uploads\/2024\/05\/cropped-cropped-cropped-02_00843_jt3bggkj1j3HLc7SyY6rEUpg.jpeg\",\"width\":1600,\"height\":1600,\"caption\":\"skaitytaknyga.lt\"},\"image\":{\"@id\":\"https:\/\/skaitytaknyga.lt\/#\/schema\/logo\/image\/\"},\"sameAs\":[\"https:\/\/www.facebook.com\/skaitytaknyga\/\"]}]}<\/script>\n<!-- \/ Yoast SEO plugin. -->","yoast_head_json":{"title":"L. Slimani \u201e\u017dmog\u0117dros sode\u201c","description":"Rizika \u2013 jos b\u016bdas egzistuoti, k\u016bni\u0161ka meil\u0117 \u2013 viltis.  Adel\u0117 negali sk\u0173stis gyvenimu \u2013 ji jauna pary\u017eiet\u0117, dirbanti \u012fdom\u0173 \u017eurnalist\u0117s darb\u0105, jos vyras \u2013 chirurgas, jiedu augina miel\u0105 berniuk\u0105. Ta\u010diau Adel\u0117 serga. Kai kas pasakyt\u0173, kad jos liga \u2013 maloni. Ta\u010diau ji ken\u010dia. Nuo vaikyst\u0117s jau\u010dia \u0161alt\u012f. Ji bijo. Tai jausmas, kur\u012f pirmiausia pa\u017eino b\u016bdama su motina, palikdavusia j\u0105 vien\u0105 vie\u0161bu\u010dio kambaryje keletui dien\u0173. Kad su\u0161ilt\u0173, Adel\u0117 atrado vienintel\u012f b\u016bd\u0105 b\u016bti kam nors reikalinga. Jos gyvenimas \u2013 dvigubas, dal\u012f dienos Adel\u0117 \u2013 \u017emona ir motina, dal\u012f \u2013 kek\u0161\u0117. Jos k\u016bnas \u2013 nepasotinamas tironas, nors ir marinamas fizinio skausmo, sur\u016bkom\u0173 cigare\u010di\u0173, g\u0117dos. Rizika \u2013 jos b\u016bdas egzistuoti, k\u016bni\u0161ka meil\u0117 \u2013 viltis. Ta\u010diau \u0161i viltis trumpalaik\u0117 \u2013 ko gero, b\u016bt\u0173 prasminga sustoti dabar, dar prie\u0161 tai, kai nebeliks nei met\u0173, nei j\u0117g\u0173. Tik ar ji sustos?  Adel\u0117 nei did\u017eiuojasi savo pergal\u0117mis, nei j\u0173 g\u0117dijasi. Ji neveda ataskait\u0173, ne\u012fsimena vard\u0173, o juolab situacij\u0173. Ji labai greitai tai u\u017emir\u0161ta, ir juo geriau. Kaip ji gal\u0117t\u0173 prisiminti \u0161itiek od\u0173, \u0161itiek kvap\u0173?","robots":{"index":"index","follow":"follow","max-snippet":"max-snippet:-1","max-image-preview":"max-image-preview:large","max-video-preview":"max-video-preview:-1"},"canonical":"https:\/\/skaitytaknyga.lt\/en\/produktas\/l-slimani-zmogedros-sode\/","og_locale":"en_GB","og_type":"article","og_title":"[:lt]L. Slimani \u201e\u017dmog\u0117dros sode\u201c[:] - Skaitytaknyga","og_description":"Rizika \u2013 jos b\u016bdas egzistuoti, k\u016bni\u0161ka meil\u0117 \u2013 viltis.  Adel\u0117 negali sk\u0173stis gyvenimu \u2013 ji jauna pary\u017eiet\u0117, dirbanti \u012fdom\u0173 \u017eurnalist\u0117s darb\u0105, jos vyras \u2013 chirurgas, jiedu augina miel\u0105 berniuk\u0105. Ta\u010diau Adel\u0117 serga. Kai kas pasakyt\u0173, kad jos liga \u2013 maloni. Ta\u010diau ji ken\u010dia. Nuo vaikyst\u0117s jau\u010dia \u0161alt\u012f. Ji bijo. Tai jausmas, kur\u012f pirmiausia pa\u017eino b\u016bdama su motina, palikdavusia j\u0105 vien\u0105 vie\u0161bu\u010dio kambaryje keletui dien\u0173. Kad su\u0161ilt\u0173, Adel\u0117 atrado vienintel\u012f b\u016bd\u0105 b\u016bti kam nors reikalinga. Jos gyvenimas \u2013 dvigubas, dal\u012f dienos Adel\u0117 \u2013 \u017emona ir motina, dal\u012f \u2013 kek\u0161\u0117. Jos k\u016bnas \u2013 nepasotinamas tironas, nors ir marinamas fizinio skausmo, sur\u016bkom\u0173 cigare\u010di\u0173, g\u0117dos. Rizika \u2013 jos b\u016bdas egzistuoti, k\u016bni\u0161ka meil\u0117 \u2013 viltis. Ta\u010diau \u0161i viltis trumpalaik\u0117 \u2013 ko gero, b\u016bt\u0173 prasminga sustoti dabar, dar prie\u0161 tai, kai nebeliks nei met\u0173, nei j\u0117g\u0173. Tik ar ji sustos?  Adel\u0117 nei did\u017eiuojasi savo pergal\u0117mis, nei j\u0173 g\u0117dijasi. Ji neveda ataskait\u0173, ne\u012fsimena vard\u0173, o juolab situacij\u0173. Ji labai greitai tai u\u017emir\u0161ta, ir juo geriau. Kaip ji gal\u0117t\u0173 prisiminti \u0161itiek od\u0173, \u0161itiek kvap\u0173?","og_url":"https:\/\/skaitytaknyga.lt\/en\/produktas\/l-slimani-zmogedros-sode\/","og_site_name":"Skaitytaknyga","article_publisher":"https:\/\/www.facebook.com\/skaitytaknyga\/","article_modified_time":"2025-09-09T18:14:33+00:00","og_image":[{"width":1080,"height":1080,"url":"https:\/\/skaitytaknyga.lt\/wp-content\/uploads\/2024\/04\/knygos-virselis-5a0077875f7b7.jpg","type":"image\/jpeg"}],"twitter_card":"summary_large_image","schema":{"@context":"https:\/\/schema.org","@graph":[{"@type":"WebPage","@id":"https:\/\/skaitytaknyga.lt\/produktas\/l-slimani-zmogedros-sode\/","url":"https:\/\/skaitytaknyga.lt\/produktas\/l-slimani-zmogedros-sode\/","name":"L. Slimani \u201e\u017dmog\u0117dros sode\u201c","isPartOf":{"@id":"https:\/\/skaitytaknyga.lt\/#website"},"primaryImageOfPage":{"@id":"https:\/\/skaitytaknyga.lt\/produktas\/l-slimani-zmogedros-sode\/#primaryimage"},"image":{"@id":"https:\/\/skaitytaknyga.lt\/produktas\/l-slimani-zmogedros-sode\/#primaryimage"},"thumbnailUrl":"https:\/\/skaitytaknyga.lt\/wp-content\/uploads\/2024\/04\/knygos-virselis-5a0077875f7b7.jpg","datePublished":"2024-04-17T13:06:51+00:00","dateModified":"2025-09-09T18:14:33+00:00","description":"Rizika \u2013 jos b\u016bdas egzistuoti, k\u016bni\u0161ka meil\u0117 \u2013 viltis. Adel\u0117 negali sk\u0173stis gyvenimu \u2013 ji jauna pary\u017eiet\u0117, dirbanti \u012fdom\u0173 \u017eurnalist\u0117s darb\u0105, jos vyras \u2013 chirurgas, jiedu augina miel\u0105 berniuk\u0105. Ta\u010diau Adel\u0117 serga. Kai kas pasakyt\u0173, kad jos liga \u2013 maloni. Ta\u010diau ji ken\u010dia. Nuo vaikyst\u0117s jau\u010dia \u0161alt\u012f. Ji bijo. Tai jausmas, kur\u012f pirmiausia pa\u017eino b\u016bdama su motina, palikdavusia j\u0105 vien\u0105 vie\u0161bu\u010dio kambaryje keletui dien\u0173. Kad su\u0161ilt\u0173, Adel\u0117 atrado vienintel\u012f b\u016bd\u0105 b\u016bti kam nors reikalinga. Jos gyvenimas \u2013 dvigubas, dal\u012f dienos Adel\u0117 \u2013 \u017emona ir motina, dal\u012f \u2013 kek\u0161\u0117. Jos k\u016bnas \u2013 nepasotinamas tironas, nors ir marinamas fizinio skausmo, sur\u016bkom\u0173 cigare\u010di\u0173, g\u0117dos. Rizika \u2013 jos b\u016bdas egzistuoti, k\u016bni\u0161ka meil\u0117 \u2013 viltis. Ta\u010diau \u0161i viltis trumpalaik\u0117 \u2013 ko gero, b\u016bt\u0173 prasminga sustoti dabar, dar prie\u0161 tai, kai nebeliks nei met\u0173, nei j\u0117g\u0173. Tik ar ji sustos? Adel\u0117 nei did\u017eiuojasi savo pergal\u0117mis, nei j\u0173 g\u0117dijasi. Ji neveda ataskait\u0173, ne\u012fsimena vard\u0173, o juolab situacij\u0173. Ji labai greitai tai u\u017emir\u0161ta, ir juo geriau. Kaip ji gal\u0117t\u0173 prisiminti \u0161itiek od\u0173, \u0161itiek kvap\u0173?","breadcrumb":{"@id":"https:\/\/skaitytaknyga.lt\/produktas\/l-slimani-zmogedros-sode\/#breadcrumb"},"inLanguage":"en-GB","potentialAction":[{"@type":"ReadAction","target":["https:\/\/skaitytaknyga.lt\/produktas\/l-slimani-zmogedros-sode\/"]}]},{"@type":"ImageObject","inLanguage":"en-GB","@id":"https:\/\/skaitytaknyga.lt\/produktas\/l-slimani-zmogedros-sode\/#primaryimage","url":"https:\/\/skaitytaknyga.lt\/wp-content\/uploads\/2024\/04\/knygos-virselis-5a0077875f7b7.jpg","contentUrl":"https:\/\/skaitytaknyga.lt\/wp-content\/uploads\/2024\/04\/knygos-virselis-5a0077875f7b7.jpg","width":1080,"height":1080,"caption":"knygos virselis 5a0077875f7b7"},{"@type":"BreadcrumbList","@id":"https:\/\/skaitytaknyga.lt\/produktas\/l-slimani-zmogedros-sode\/#breadcrumb","itemListElement":[{"@type":"ListItem","position":1,"name":"Home","item":"https:\/\/skaitytaknyga.lt\/"},{"@type":"ListItem","position":2,"name":"Parduotuv\u0117","item":"https:\/\/skaitytaknyga.lt\/knygu-parduotuve\/"},{"@type":"ListItem","position":3,"name":"L. Slimani \u201e\u017dmog\u0117dros sode\u201c"}]},{"@type":"WebSite","@id":"https:\/\/skaitytaknyga.lt\/#website","url":"https:\/\/skaitytaknyga.lt\/","name":"skaitytaknyga.lt","description":"Skaitytaknyga.lt \u2013 tai ma\u017eas \u0161eimos verslas, kuris prasid\u0117jo nuo meil\u0117s knygoms ir siekio i\u0161gelb\u0117ti knygas nuo likimo prie konteinerio. Kas vienam nereikalingas daiktas \u2013 kitam lobis, o mes esame tarpininkai, kurie padeda abiems tapti laimingesniems ???? \u017dinome kaip nelengva i\u0161gyventi ma\u017eiems verslams, tad nuo \u0161iol, \u010dia rasite ir kit\u0173, ma\u017e\u0173 \u0161eim\u0173 versl\u0173, rank\u0173 darbo, dovan\u0173 sau ir artimiesiems.","publisher":{"@id":"https:\/\/skaitytaknyga.lt\/#organization"},"potentialAction":[{"@type":"SearchAction","target":{"@type":"EntryPoint","urlTemplate":"https:\/\/skaitytaknyga.lt\/?s={search_term_string}"},"query-input":{"@type":"PropertyValueSpecification","valueRequired":true,"valueName":"search_term_string"}}],"inLanguage":"en-GB"},{"@type":"Organization","@id":"https:\/\/skaitytaknyga.lt\/#organization","name":"skaitytaknyga.lt","url":"https:\/\/skaitytaknyga.lt\/","logo":{"@type":"ImageObject","inLanguage":"en-GB","@id":"https:\/\/skaitytaknyga.lt\/#\/schema\/logo\/image\/","url":"https:\/\/skaitytaknyga.lt\/wp-content\/uploads\/2024\/05\/cropped-cropped-cropped-02_00843_jt3bggkj1j3HLc7SyY6rEUpg.jpeg","contentUrl":"https:\/\/skaitytaknyga.lt\/wp-content\/uploads\/2024\/05\/cropped-cropped-cropped-02_00843_jt3bggkj1j3HLc7SyY6rEUpg.jpeg","width":1600,"height":1600,"caption":"skaitytaknyga.lt"},"image":{"@id":"https:\/\/skaitytaknyga.lt\/#\/schema\/logo\/image\/"},"sameAs":["https:\/\/www.facebook.com\/skaitytaknyga\/"]}]}},"_links":{"self":[{"href":"https:\/\/skaitytaknyga.lt\/en\/wp-json\/wp\/v2\/product\/2255","targetHints":{"allow":["GET"]}}],"collection":[{"href":"https:\/\/skaitytaknyga.lt\/en\/wp-json\/wp\/v2\/product"}],"about":[{"href":"https:\/\/skaitytaknyga.lt\/en\/wp-json\/wp\/v2\/types\/product"}],"replies":[{"embeddable":true,"href":"https:\/\/skaitytaknyga.lt\/en\/wp-json\/wp\/v2\/comments?post=2255"}],"wp:featuredmedia":[{"embeddable":true,"href":"https:\/\/skaitytaknyga.lt\/en\/wp-json\/wp\/v2\/media\/2304"}],"wp:attachment":[{"href":"https:\/\/skaitytaknyga.lt\/en\/wp-json\/wp\/v2\/media?parent=2255"}],"wp:term":[{"taxonomy":"product_brand","embeddable":true,"href":"https:\/\/skaitytaknyga.lt\/en\/wp-json\/wp\/v2\/product_brand?post=2255"},{"taxonomy":"product_cat","embeddable":true,"href":"https:\/\/skaitytaknyga.lt\/en\/wp-json\/wp\/v2\/product_cat?post=2255"},{"taxonomy":"product_tag","embeddable":true,"href":"https:\/\/skaitytaknyga.lt\/en\/wp-json\/wp\/v2\/product_tag?post=2255"}],"curies":[{"name":"wp","href":"https:\/\/api.w.org\/{rel}","templated":true}]}}