{"id":22545,"date":"2025-12-27T12:24:06","date_gmt":"2025-12-27T10:24:06","guid":{"rendered":"https:\/\/skaitytaknyga.lt\/?post_type=product&#038;p=22545"},"modified":"2026-01-06T21:12:28","modified_gmt":"2026-01-06T19:12:28","slug":"atsikratykite-iprocio-buti-savimi","status":"publish","type":"product","link":"https:\/\/skaitytaknyga.lt\/en\/produktas\/atsikratykite-iprocio-buti-savimi\/","title":{"rendered":"Atsikratykite \u012fpro\u010dio b\u016bti savimi"},"content":{"rendered":"<p>Nemanykite, kad genai pasmerk\u0117 jus vis\u0105 likus\u012f gyvenim\u0105 praleisti taip, kaip dabar j\u012f leid\u017eiate, ar blogiau. \u0160iuo metu formuojasi naujas mokslas, suteikiantis kiekvienam \u017emogui galimyb\u0119 susikurti norim\u0105 tikrov\u0119. Knygoje \u201eAtsikratykite \u012fpro\u010dio b\u016bti savimi\u201c \u012f\u017eymus autorius, paskaitininkas, tyrin\u0117tojas ir chiropraktikas dr. D\u017eo Dispenza derina kvantin\u0117s fizikos, neurologijos, neurobiologijos bei genetikos duomenis ir atskleid\u017eia tikr\u0105sias m\u016bs\u0173 galimybes.<\/p>\n<p>Knyga &#8220;Atsikratykite \u012fpro\u010dio b\u016bti savimi&#8221; ne tik suteiks jums \u017eini\u0173, kurios b\u016btinos kei\u010diant bet kuri\u0105 savo asmenyb\u0117s pus\u0119, bet ir i\u0161mokys praktik\u0173, leisian\u010di\u0173 i\u0161ties tai padaryti ir tapti kitu \u017emogumi. Dr. D\u017eo demistifikuoja senovines sampratas, taip pat nutiesia tilt\u0105 tarp mokslo ir dvasingumo. \u012ekvepiantys jo seminarai ir paskaitos pad\u0117jo t\u016bkstan\u010diams \u017emoni\u0173 i\u0161 24 pasaulio \u0161ali\u0173 pakeisti savo gyvenimus kei\u010diant vid\u0173. Atsikra\u010dius \u012fpro\u010dio b\u016bti savimi ir i\u0161ties permainius prot\u0105, gyvenimas niekada nebebus toks, koks buvo!<\/p>\n","protected":false},"excerpt":{"rendered":"<p>Nemanykite, kad genai pasmerk\u0117 jus vis\u0105 likus\u012f gyvenim\u0105 praleisti taip, kaip dabar j\u012f leid\u017eiate, ar blogiau. \u0160iuo metu formuojasi naujas mokslas, suteikiantis kiekvienam \u017emogui galimyb\u0119 susikurti norim\u0105 tikrov\u0119. Knygoje \u201eAtsikratykite \u012fpro\u010dio b\u016bti savimi\u201c \u012f\u017eymus autorius, paskaitininkas, tyrin\u0117tojas ir chiropraktikas dr. D\u017eo Dispenza derina kvantin\u0117s fizikos, neurologijos, neurobiologijos bei genetikos duomenis ir atskleid\u017eia tikr\u0105sias m\u016bs\u0173 galimybes. Knyga &#8220;Atsikratykite \u012fpro\u010dio b\u016bti savimi&#8221; ne tik suteiks jums \u017eini\u0173, kurios b\u016btinos kei\u010diant bet kuri\u0105 savo asmenyb\u0117s pus\u0119, bet ir i\u0161mokys praktik\u0173, leisian\u010di\u0173 i\u0161ties tai padaryti ir tapti kitu \u017emogumi. Dr. D\u017eo demistifikuoja senovines sampratas, taip pat nutiesia tilt\u0105 tarp mokslo ir dvasingumo. \u012ekvepiantys jo seminarai ir paskaitos pad\u0117jo t\u016bkstan\u010diams \u017emoni\u0173 i\u0161 24 pasaulio \u0161ali\u0173 pakeisti savo gyvenimus kei\u010diant vid\u0173. Atsikra\u010dius \u012fpro\u010dio b\u016bti savimi ir i\u0161ties permainius prot\u0105, gyvenimas niekada nebebus toks, koks buvo!<\/p>\n","protected":false},"featured_media":22551,"comment_status":"open","ping_status":"closed","template":"","meta":{"_acf_changed":false,"site-sidebar-layout":"default","site-content-layout":"","ast-site-content-layout":"default","site-content-style":"default","site-sidebar-style":"default","ast-global-header-display":"","ast-banner-title-visibility":"","ast-main-header-display":"","ast-hfb-above-header-display":"","ast-hfb-below-header-display":"","ast-hfb-mobile-header-display":"","site-post-title":"","ast-breadcrumbs-content":"","ast-featured-img":"","footer-sml-layout":"","ast-disable-related-posts":"","theme-transparent-header-meta":"","adv-header-id-meta":"","stick-header-meta":"","header-above-stick-meta":"","header-main-stick-meta":"","header-below-stick-meta":"","astra-migrate-meta-layouts":"default","ast-page-background-enabled":"default","ast-page-background-meta":{"desktop":{"background-color":"","background-image":"","background-repeat":"repeat","background-position":"center center","background-size":"auto","background-attachment":"scroll","background-type":"","background-media":"","overlay-type":"","overlay-color":"","overlay-opacity":"","overlay-gradient":""},"tablet":{"background-color":"","background-image":"","background-repeat":"repeat","background-position":"center center","background-size":"auto","background-attachment":"scroll","background-type":"","background-media":"","overlay-type":"","overlay-color":"","overlay-opacity":"","overlay-gradient":""},"mobile":{"background-color":"","background-image":"","background-repeat":"repeat","background-position":"center center","background-size":"auto","background-attachment":"scroll","background-type":"","background-media":"","overlay-type":"","overlay-color":"","overlay-opacity":"","overlay-gradient":""}},"ast-content-background-meta":{"desktop":{"background-color":"var(--ast-global-color-4)","background-image":"","background-repeat":"repeat","background-position":"center center","background-size":"auto","background-attachment":"scroll","background-type":"","background-media":"","overlay-type":"","overlay-color":"","overlay-opacity":"","overlay-gradient":""},"tablet":{"background-color":"var(--ast-global-color-4)","background-image":"","background-repeat":"repeat","background-position":"center center","background-size":"auto","background-attachment":"scroll","background-type":"","background-media":"","overlay-type":"","overlay-color":"","overlay-opacity":"","overlay-gradient":""},"mobile":{"background-color":"var(--ast-global-color-4)","background-image":"","background-repeat":"repeat","background-position":"center center","background-size":"auto","background-attachment":"scroll","background-type":"","background-media":"","overlay-type":"","overlay-color":"","overlay-opacity":"","overlay-gradient":""}}},"product_brand":[],"product_cat":[30],"product_tag":[],"class_list":{"0":"post-22545","1":"product","2":"type-product","3":"status-publish","4":"has-post-thumbnail","6":"product_cat-psichologija-ir-saviugda","7":"desktop-align-left","8":"tablet-align-left","9":"mobile-align-left","11":"first","12":"outofstock","13":"shipping-taxable","14":"purchasable","15":"product-type-simple"},"acf":[],"yoast_head":"<!-- This site is optimized with the Yoast SEO plugin v27.0 - https:\/\/yoast.com\/product\/yoast-seo-wordpress\/ -->\n<title>Atsikratykite \u012fpro\u010dio b\u016bti savimi<\/title>\n<meta name=\"description\" content=\"Nemanykite, kad genai pasmerk\u0117 jus vis\u0105 likus\u012f gyvenim\u0105 praleisti taip, kaip dabar j\u012f leid\u017eiate, ar blogiau. \u0160iuo metu formuojasi naujas mokslas,\" \/>\n<meta name=\"robots\" content=\"index, follow, max-snippet:-1, max-image-preview:large, max-video-preview:-1\" \/>\n<link rel=\"canonical\" href=\"https:\/\/skaitytaknyga.lt\/en\/produktas\/atsikratykite-iprocio-buti-savimi\/\" \/>\n<meta property=\"og:locale\" content=\"en_GB\" \/>\n<meta property=\"og:locale:alternate\" content=\"lt_LT\" \/>\n<meta property=\"og:type\" content=\"article\" \/>\n<meta property=\"og:title\" content=\"Atsikratykite \u012fpro\u010dio b\u016bti savimi\" \/>\n<meta property=\"og:description\" content=\"Nemanykite, kad genai pasmerk\u0117 jus vis\u0105 likus\u012f gyvenim\u0105 praleisti taip, kaip dabar j\u012f leid\u017eiate, ar blogiau. \u0160iuo metu formuojasi naujas mokslas,\" \/>\n<meta property=\"og:url\" content=\"https:\/\/skaitytaknyga.lt\/en\/produktas\/atsikratykite-iprocio-buti-savimi\/\" \/>\n<meta property=\"og:site_name\" content=\"Skaitytaknyga\" \/>\n<meta property=\"article:publisher\" content=\"https:\/\/www.facebook.com\/skaitytaknyga\/\" \/>\n<meta property=\"article:modified_time\" content=\"2026-01-06T19:12:28+00:00\" \/>\n<meta property=\"og:image\" content=\"https:\/\/skaitytaknyga.lt\/wp-content\/uploads\/2025\/12\/Atsikratykite-iprocio-buti-savimi.webp\" \/>\n\t<meta property=\"og:image:width\" content=\"309\" \/>\n\t<meta property=\"og:image:height\" content=\"450\" \/>\n\t<meta property=\"og:image:type\" content=\"image\/webp\" \/>\n<meta name=\"twitter:card\" content=\"summary_large_image\" \/>\n<meta name=\"twitter:label1\" content=\"Estimated reading time\" \/>\n\t<meta name=\"twitter:data1\" content=\"1 minute\" \/>\n<script type=\"application\/ld+json\" class=\"yoast-schema-graph\">{\"@context\":\"https:\/\/schema.org\",\"@graph\":[{\"@type\":\"WebPage\",\"@id\":\"https:\/\/skaitytaknyga.lt\/produktas\/atsikratykite-iprocio-buti-savimi\/\",\"url\":\"https:\/\/skaitytaknyga.lt\/produktas\/atsikratykite-iprocio-buti-savimi\/\",\"name\":\"Atsikratykite \u012fpro\u010dio b\u016bti savimi\",\"isPartOf\":{\"@id\":\"https:\/\/skaitytaknyga.lt\/#website\"},\"primaryImageOfPage\":{\"@id\":\"https:\/\/skaitytaknyga.lt\/produktas\/atsikratykite-iprocio-buti-savimi\/#primaryimage\"},\"image\":{\"@id\":\"https:\/\/skaitytaknyga.lt\/produktas\/atsikratykite-iprocio-buti-savimi\/#primaryimage\"},\"thumbnailUrl\":\"https:\/\/skaitytaknyga.lt\/wp-content\/uploads\/2025\/12\/Atsikratykite-iprocio-buti-savimi.webp\",\"datePublished\":\"2025-12-27T10:24:06+00:00\",\"dateModified\":\"2026-01-06T19:12:28+00:00\",\"description\":\"Nemanykite, kad genai pasmerk\u0117 jus vis\u0105 likus\u012f gyvenim\u0105 praleisti taip, kaip dabar j\u012f leid\u017eiate, ar blogiau. \u0160iuo metu formuojasi naujas mokslas,\",\"breadcrumb\":{\"@id\":\"https:\/\/skaitytaknyga.lt\/produktas\/atsikratykite-iprocio-buti-savimi\/#breadcrumb\"},\"inLanguage\":\"en-GB\",\"potentialAction\":[{\"@type\":\"ReadAction\",\"target\":[\"https:\/\/skaitytaknyga.lt\/produktas\/atsikratykite-iprocio-buti-savimi\/\"]}]},{\"@type\":\"ImageObject\",\"inLanguage\":\"en-GB\",\"@id\":\"https:\/\/skaitytaknyga.lt\/produktas\/atsikratykite-iprocio-buti-savimi\/#primaryimage\",\"url\":\"https:\/\/skaitytaknyga.lt\/wp-content\/uploads\/2025\/12\/Atsikratykite-iprocio-buti-savimi.webp\",\"contentUrl\":\"https:\/\/skaitytaknyga.lt\/wp-content\/uploads\/2025\/12\/Atsikratykite-iprocio-buti-savimi.webp\",\"width\":309,\"height\":450},{\"@type\":\"BreadcrumbList\",\"@id\":\"https:\/\/skaitytaknyga.lt\/produktas\/atsikratykite-iprocio-buti-savimi\/#breadcrumb\",\"itemListElement\":[{\"@type\":\"ListItem\",\"position\":1,\"name\":\"Home\",\"item\":\"https:\/\/skaitytaknyga.lt\/\"},{\"@type\":\"ListItem\",\"position\":2,\"name\":\"Parduotuv\u0117\",\"item\":\"https:\/\/skaitytaknyga.lt\/knygu-parduotuve\/\"},{\"@type\":\"ListItem\",\"position\":3,\"name\":\"Atsikratykite \u012fpro\u010dio b\u016bti savimi\"}]},{\"@type\":\"WebSite\",\"@id\":\"https:\/\/skaitytaknyga.lt\/#website\",\"url\":\"https:\/\/skaitytaknyga.lt\/\",\"name\":\"skaitytaknyga.lt\",\"description\":\"Skaitytaknyga.lt \u2013 tai ma\u017eas \u0161eimos verslas, kuris prasid\u0117jo nuo meil\u0117s knygoms ir siekio i\u0161gelb\u0117ti knygas nuo likimo prie konteinerio. Kas vienam nereikalingas daiktas \u2013 kitam lobis, o mes esame tarpininkai, kurie padeda abiems tapti laimingesniems ???? \u017dinome kaip nelengva i\u0161gyventi ma\u017eiems verslams, tad nuo \u0161iol, \u010dia rasite ir kit\u0173, ma\u017e\u0173 \u0161eim\u0173 versl\u0173, rank\u0173 darbo, dovan\u0173 sau ir artimiesiems.\",\"publisher\":{\"@id\":\"https:\/\/skaitytaknyga.lt\/#organization\"},\"potentialAction\":[{\"@type\":\"SearchAction\",\"target\":{\"@type\":\"EntryPoint\",\"urlTemplate\":\"https:\/\/skaitytaknyga.lt\/?s={search_term_string}\"},\"query-input\":{\"@type\":\"PropertyValueSpecification\",\"valueRequired\":true,\"valueName\":\"search_term_string\"}}],\"inLanguage\":\"en-GB\"},{\"@type\":\"Organization\",\"@id\":\"https:\/\/skaitytaknyga.lt\/#organization\",\"name\":\"skaitytaknyga.lt\",\"url\":\"https:\/\/skaitytaknyga.lt\/\",\"logo\":{\"@type\":\"ImageObject\",\"inLanguage\":\"en-GB\",\"@id\":\"https:\/\/skaitytaknyga.lt\/#\/schema\/logo\/image\/\",\"url\":\"https:\/\/skaitytaknyga.lt\/wp-content\/uploads\/2024\/05\/cropped-cropped-cropped-02_00843_jt3bggkj1j3HLc7SyY6rEUpg.jpeg\",\"contentUrl\":\"https:\/\/skaitytaknyga.lt\/wp-content\/uploads\/2024\/05\/cropped-cropped-cropped-02_00843_jt3bggkj1j3HLc7SyY6rEUpg.jpeg\",\"width\":1600,\"height\":1600,\"caption\":\"skaitytaknyga.lt\"},\"image\":{\"@id\":\"https:\/\/skaitytaknyga.lt\/#\/schema\/logo\/image\/\"},\"sameAs\":[\"https:\/\/www.facebook.com\/skaitytaknyga\/\"]}]}<\/script>\n<!-- \/ Yoast SEO plugin. -->","yoast_head_json":{"title":"Atsikratykite \u012fpro\u010dio b\u016bti savimi","description":"Nemanykite, kad genai pasmerk\u0117 jus vis\u0105 likus\u012f gyvenim\u0105 praleisti taip, kaip dabar j\u012f leid\u017eiate, ar blogiau. \u0160iuo metu formuojasi naujas mokslas,","robots":{"index":"index","follow":"follow","max-snippet":"max-snippet:-1","max-image-preview":"max-image-preview:large","max-video-preview":"max-video-preview:-1"},"canonical":"https:\/\/skaitytaknyga.lt\/en\/produktas\/atsikratykite-iprocio-buti-savimi\/","og_locale":"en_GB","og_type":"article","og_title":"[:lt]Atsikratykite \u012fpro\u010dio b\u016bti savimi[:] - Skaitytaknyga","og_description":"Nemanykite, kad genai pasmerk\u0117 jus vis\u0105 likus\u012f gyvenim\u0105 praleisti taip, kaip dabar j\u012f leid\u017eiate, ar blogiau. \u0160iuo metu formuojasi naujas mokslas,","og_url":"https:\/\/skaitytaknyga.lt\/en\/produktas\/atsikratykite-iprocio-buti-savimi\/","og_site_name":"Skaitytaknyga","article_publisher":"https:\/\/www.facebook.com\/skaitytaknyga\/","article_modified_time":"2026-01-06T19:12:28+00:00","og_image":[{"width":309,"height":450,"url":"https:\/\/skaitytaknyga.lt\/wp-content\/uploads\/2025\/12\/Atsikratykite-iprocio-buti-savimi.webp","type":"image\/webp"}],"twitter_card":"summary_large_image","twitter_misc":{"Estimated reading time":"1 minute"},"schema":{"@context":"https:\/\/schema.org","@graph":[{"@type":"WebPage","@id":"https:\/\/skaitytaknyga.lt\/produktas\/atsikratykite-iprocio-buti-savimi\/","url":"https:\/\/skaitytaknyga.lt\/produktas\/atsikratykite-iprocio-buti-savimi\/","name":"Atsikratykite \u012fpro\u010dio b\u016bti savimi","isPartOf":{"@id":"https:\/\/skaitytaknyga.lt\/#website"},"primaryImageOfPage":{"@id":"https:\/\/skaitytaknyga.lt\/produktas\/atsikratykite-iprocio-buti-savimi\/#primaryimage"},"image":{"@id":"https:\/\/skaitytaknyga.lt\/produktas\/atsikratykite-iprocio-buti-savimi\/#primaryimage"},"thumbnailUrl":"https:\/\/skaitytaknyga.lt\/wp-content\/uploads\/2025\/12\/Atsikratykite-iprocio-buti-savimi.webp","datePublished":"2025-12-27T10:24:06+00:00","dateModified":"2026-01-06T19:12:28+00:00","description":"Nemanykite, kad genai pasmerk\u0117 jus vis\u0105 likus\u012f gyvenim\u0105 praleisti taip, kaip dabar j\u012f leid\u017eiate, ar blogiau. \u0160iuo metu formuojasi naujas mokslas,","breadcrumb":{"@id":"https:\/\/skaitytaknyga.lt\/produktas\/atsikratykite-iprocio-buti-savimi\/#breadcrumb"},"inLanguage":"en-GB","potentialAction":[{"@type":"ReadAction","target":["https:\/\/skaitytaknyga.lt\/produktas\/atsikratykite-iprocio-buti-savimi\/"]}]},{"@type":"ImageObject","inLanguage":"en-GB","@id":"https:\/\/skaitytaknyga.lt\/produktas\/atsikratykite-iprocio-buti-savimi\/#primaryimage","url":"https:\/\/skaitytaknyga.lt\/wp-content\/uploads\/2025\/12\/Atsikratykite-iprocio-buti-savimi.webp","contentUrl":"https:\/\/skaitytaknyga.lt\/wp-content\/uploads\/2025\/12\/Atsikratykite-iprocio-buti-savimi.webp","width":309,"height":450},{"@type":"BreadcrumbList","@id":"https:\/\/skaitytaknyga.lt\/produktas\/atsikratykite-iprocio-buti-savimi\/#breadcrumb","itemListElement":[{"@type":"ListItem","position":1,"name":"Home","item":"https:\/\/skaitytaknyga.lt\/"},{"@type":"ListItem","position":2,"name":"Parduotuv\u0117","item":"https:\/\/skaitytaknyga.lt\/knygu-parduotuve\/"},{"@type":"ListItem","position":3,"name":"Atsikratykite \u012fpro\u010dio b\u016bti savimi"}]},{"@type":"WebSite","@id":"https:\/\/skaitytaknyga.lt\/#website","url":"https:\/\/skaitytaknyga.lt\/","name":"skaitytaknyga.lt","description":"Skaitytaknyga.lt \u2013 tai ma\u017eas \u0161eimos verslas, kuris prasid\u0117jo nuo meil\u0117s knygoms ir siekio i\u0161gelb\u0117ti knygas nuo likimo prie konteinerio. Kas vienam nereikalingas daiktas \u2013 kitam lobis, o mes esame tarpininkai, kurie padeda abiems tapti laimingesniems ???? \u017dinome kaip nelengva i\u0161gyventi ma\u017eiems verslams, tad nuo \u0161iol, \u010dia rasite ir kit\u0173, ma\u017e\u0173 \u0161eim\u0173 versl\u0173, rank\u0173 darbo, dovan\u0173 sau ir artimiesiems.","publisher":{"@id":"https:\/\/skaitytaknyga.lt\/#organization"},"potentialAction":[{"@type":"SearchAction","target":{"@type":"EntryPoint","urlTemplate":"https:\/\/skaitytaknyga.lt\/?s={search_term_string}"},"query-input":{"@type":"PropertyValueSpecification","valueRequired":true,"valueName":"search_term_string"}}],"inLanguage":"en-GB"},{"@type":"Organization","@id":"https:\/\/skaitytaknyga.lt\/#organization","name":"skaitytaknyga.lt","url":"https:\/\/skaitytaknyga.lt\/","logo":{"@type":"ImageObject","inLanguage":"en-GB","@id":"https:\/\/skaitytaknyga.lt\/#\/schema\/logo\/image\/","url":"https:\/\/skaitytaknyga.lt\/wp-content\/uploads\/2024\/05\/cropped-cropped-cropped-02_00843_jt3bggkj1j3HLc7SyY6rEUpg.jpeg","contentUrl":"https:\/\/skaitytaknyga.lt\/wp-content\/uploads\/2024\/05\/cropped-cropped-cropped-02_00843_jt3bggkj1j3HLc7SyY6rEUpg.jpeg","width":1600,"height":1600,"caption":"skaitytaknyga.lt"},"image":{"@id":"https:\/\/skaitytaknyga.lt\/#\/schema\/logo\/image\/"},"sameAs":["https:\/\/www.facebook.com\/skaitytaknyga\/"]}]}},"_links":{"self":[{"href":"https:\/\/skaitytaknyga.lt\/en\/wp-json\/wp\/v2\/product\/22545","targetHints":{"allow":["GET"]}}],"collection":[{"href":"https:\/\/skaitytaknyga.lt\/en\/wp-json\/wp\/v2\/product"}],"about":[{"href":"https:\/\/skaitytaknyga.lt\/en\/wp-json\/wp\/v2\/types\/product"}],"replies":[{"embeddable":true,"href":"https:\/\/skaitytaknyga.lt\/en\/wp-json\/wp\/v2\/comments?post=22545"}],"wp:featuredmedia":[{"embeddable":true,"href":"https:\/\/skaitytaknyga.lt\/en\/wp-json\/wp\/v2\/media\/22551"}],"wp:attachment":[{"href":"https:\/\/skaitytaknyga.lt\/en\/wp-json\/wp\/v2\/media?parent=22545"}],"wp:term":[{"taxonomy":"product_brand","embeddable":true,"href":"https:\/\/skaitytaknyga.lt\/en\/wp-json\/wp\/v2\/product_brand?post=22545"},{"taxonomy":"product_cat","embeddable":true,"href":"https:\/\/skaitytaknyga.lt\/en\/wp-json\/wp\/v2\/product_cat?post=22545"},{"taxonomy":"product_tag","embeddable":true,"href":"https:\/\/skaitytaknyga.lt\/en\/wp-json\/wp\/v2\/product_tag?post=22545"}],"curies":[{"name":"wp","href":"https:\/\/api.w.org\/{rel}","templated":true}]}}