{"id":22543,"date":"2025-12-27T12:24:06","date_gmt":"2025-12-27T10:24:06","guid":{"rendered":"https:\/\/skaitytaknyga.lt\/?post_type=product&#038;p=22543"},"modified":"2026-03-18T11:44:42","modified_gmt":"2026-03-18T09:44:42","slug":"biblijos-pasakojimai-2","status":"publish","type":"product","link":"https:\/\/skaitytaknyga.lt\/en\/produktas\/biblijos-pasakojimai-2\/","title":{"rendered":"Biblijos pasakojimai"},"content":{"rendered":"<p>Ikimokyklinio ir jaunesniojo mokyklinio am\u017eiaus vaikams.<\/p>\n<p>Pasaulyje n\u0117ra svarbesn\u0117s knygos u\u017e Biblij\u0105 \u2013 Dievo \u017eod\u012f. Ta\u010diau j\u0105 supranta ne visi, o juo labiau j\u0105 nelengva suprasti vaikams. \u010cia Biblijos istorijos perpasakojamos taip, kad b\u016bt\u0173 ir suprantamos, ir \u012fdomios.<\/p>\n<p>Kuo ypatinga \u0161i knyga? Tai ne vieneri\u0173 met\u0173 tri\u016bso vaisius t\u0173, kurie kelis de\u0161imtme\u010dius reng\u0117 ir leido krik\u0161\u010dioni\u0161k\u0105 \u017eurnal\u0105 vaikams \u201eTropinka\u201c (\u201eTakelis\u201c). Knyga skirta nuo\u0161ird\u017eiai norintiems pa\u017einti Diev\u0105, J\u0117z\u0173 Krist\u0173 ir i\u0161gelb\u0117jim\u0105.<\/p>\n<p>Knyg\u0105 iliustravo talentingas jaunas dailininkas, \u012f kiekvien\u0105 iliustracij\u0105 jis \u012fd\u0117jo dalel\u0119 savo \u0161irdies. Tikim\u0117s, kad tai pasteb\u0117site, b\u016bsite prad\u017eiuginti ir palaiminti.<\/p>\n","protected":false},"excerpt":{"rendered":"<p>Ikimokyklinio ir jaunesniojo mokyklinio am\u017eiaus vaikams. Pasaulyje n\u0117ra svarbesn\u0117s knygos u\u017e Biblij\u0105 \u2013 Dievo \u017eod\u012f. Ta\u010diau j\u0105 supranta ne visi, o juo labiau j\u0105 nelengva suprasti vaikams. \u010cia Biblijos istorijos perpasakojamos taip, kad b\u016bt\u0173 ir suprantamos, ir \u012fdomios. Kuo ypatinga \u0161i knyga? Tai ne vieneri\u0173 met\u0173 tri\u016bso vaisius t\u0173, kurie kelis de\u0161imtme\u010dius reng\u0117 ir leido krik\u0161\u010dioni\u0161k\u0105 \u017eurnal\u0105 vaikams \u201eTropinka\u201c (\u201eTakelis\u201c). Knyga skirta nuo\u0161ird\u017eiai norintiems pa\u017einti Diev\u0105, J\u0117z\u0173 Krist\u0173 ir i\u0161gelb\u0117jim\u0105. Knyg\u0105 iliustravo talentingas jaunas dailininkas, \u012f kiekvien\u0105 iliustracij\u0105 jis \u012fd\u0117jo dalel\u0119 savo \u0161irdies. Tikim\u0117s, kad tai pasteb\u0117site, b\u016bsite prad\u017eiuginti ir palaiminti.<\/p>\n","protected":false},"featured_media":22549,"comment_status":"open","ping_status":"closed","template":"","meta":{"_acf_changed":false,"site-sidebar-layout":"default","site-content-layout":"","ast-site-content-layout":"default","site-content-style":"default","site-sidebar-style":"default","ast-global-header-display":"","ast-banner-title-visibility":"","ast-main-header-display":"","ast-hfb-above-header-display":"","ast-hfb-below-header-display":"","ast-hfb-mobile-header-display":"","site-post-title":"","ast-breadcrumbs-content":"","ast-featured-img":"","footer-sml-layout":"","ast-disable-related-posts":"","theme-transparent-header-meta":"","adv-header-id-meta":"","stick-header-meta":"","header-above-stick-meta":"","header-main-stick-meta":"","header-below-stick-meta":"","astra-migrate-meta-layouts":"default","ast-page-background-enabled":"default","ast-page-background-meta":{"desktop":{"background-color":"","background-image":"","background-repeat":"repeat","background-position":"center center","background-size":"auto","background-attachment":"scroll","background-type":"","background-media":"","overlay-type":"","overlay-color":"","overlay-opacity":"","overlay-gradient":""},"tablet":{"background-color":"","background-image":"","background-repeat":"repeat","background-position":"center center","background-size":"auto","background-attachment":"scroll","background-type":"","background-media":"","overlay-type":"","overlay-color":"","overlay-opacity":"","overlay-gradient":""},"mobile":{"background-color":"","background-image":"","background-repeat":"repeat","background-position":"center center","background-size":"auto","background-attachment":"scroll","background-type":"","background-media":"","overlay-type":"","overlay-color":"","overlay-opacity":"","overlay-gradient":""}},"ast-content-background-meta":{"desktop":{"background-color":"var(--ast-global-color-4)","background-image":"","background-repeat":"repeat","background-position":"center center","background-size":"auto","background-attachment":"scroll","background-type":"","background-media":"","overlay-type":"","overlay-color":"","overlay-opacity":"","overlay-gradient":""},"tablet":{"background-color":"var(--ast-global-color-4)","background-image":"","background-repeat":"repeat","background-position":"center center","background-size":"auto","background-attachment":"scroll","background-type":"","background-media":"","overlay-type":"","overlay-color":"","overlay-opacity":"","overlay-gradient":""},"mobile":{"background-color":"var(--ast-global-color-4)","background-image":"","background-repeat":"repeat","background-position":"center center","background-size":"auto","background-attachment":"scroll","background-type":"","background-media":"","overlay-type":"","overlay-color":"","overlay-opacity":"","overlay-gradient":""}}},"product_brand":[],"product_cat":[9674,9753],"product_tag":[],"class_list":{"0":"post-22543","1":"product","2":"type-product","3":"status-publish","4":"has-post-thumbnail","6":"product_cat-pradinukams","7":"product_cat-religija","8":"desktop-align-left","9":"tablet-align-left","10":"mobile-align-left","12":"first","13":"instock","14":"shipping-taxable","15":"purchasable","16":"product-type-simple"},"acf":[],"yoast_head":"<!-- This site is optimized with the Yoast SEO plugin v27.0 - https:\/\/yoast.com\/product\/yoast-seo-wordpress\/ -->\n<title>Biblijos pasakojimai<\/title>\n<meta name=\"description\" content=\"Ikimokyklinio ir jaunesniojo mokyklinio am\u017eiaus vaikams. Pasaulyje n\u0117ra svarbesn\u0117s knygos u\u017e Biblij\u0105 \u2013 Dievo \u017eod\u012f. Ta\u010diau j\u0105 supranta ne visi, o juo\" \/>\n<meta name=\"robots\" content=\"index, follow, max-snippet:-1, max-image-preview:large, max-video-preview:-1\" \/>\n<link rel=\"canonical\" href=\"https:\/\/skaitytaknyga.lt\/en\/produktas\/biblijos-pasakojimai-2\/\" \/>\n<meta property=\"og:locale\" content=\"en_GB\" \/>\n<meta property=\"og:locale:alternate\" content=\"lt_LT\" \/>\n<meta property=\"og:type\" content=\"article\" \/>\n<meta property=\"og:title\" content=\"Biblijos pasakojimai\" \/>\n<meta property=\"og:description\" content=\"Ikimokyklinio ir jaunesniojo mokyklinio am\u017eiaus vaikams. Pasaulyje n\u0117ra svarbesn\u0117s knygos u\u017e Biblij\u0105 \u2013 Dievo \u017eod\u012f. Ta\u010diau j\u0105 supranta ne visi, o juo\" \/>\n<meta property=\"og:url\" content=\"https:\/\/skaitytaknyga.lt\/en\/produktas\/biblijos-pasakojimai-2\/\" \/>\n<meta property=\"og:site_name\" content=\"Skaitytaknyga\" \/>\n<meta property=\"article:publisher\" content=\"https:\/\/www.facebook.com\/skaitytaknyga\/\" \/>\n<meta property=\"article:modified_time\" content=\"2026-03-18T09:44:42+00:00\" \/>\n<meta property=\"og:image\" content=\"https:\/\/skaitytaknyga.lt\/wp-content\/uploads\/2025\/12\/Biblijos-pasakojimai-1.webp\" \/>\n\t<meta property=\"og:image:width\" content=\"300\" \/>\n\t<meta property=\"og:image:height\" content=\"380\" \/>\n\t<meta property=\"og:image:type\" content=\"image\/webp\" \/>\n<meta name=\"twitter:card\" content=\"summary_large_image\" \/>\n<meta name=\"twitter:label1\" content=\"Estimated reading time\" \/>\n\t<meta name=\"twitter:data1\" content=\"1 minute\" \/>\n<script type=\"application\/ld+json\" class=\"yoast-schema-graph\">{\"@context\":\"https:\/\/schema.org\",\"@graph\":[{\"@type\":\"WebPage\",\"@id\":\"https:\/\/skaitytaknyga.lt\/produktas\/biblijos-pasakojimai-2\/\",\"url\":\"https:\/\/skaitytaknyga.lt\/produktas\/biblijos-pasakojimai-2\/\",\"name\":\"Biblijos pasakojimai\",\"isPartOf\":{\"@id\":\"https:\/\/skaitytaknyga.lt\/#website\"},\"primaryImageOfPage\":{\"@id\":\"https:\/\/skaitytaknyga.lt\/produktas\/biblijos-pasakojimai-2\/#primaryimage\"},\"image\":{\"@id\":\"https:\/\/skaitytaknyga.lt\/produktas\/biblijos-pasakojimai-2\/#primaryimage\"},\"thumbnailUrl\":\"https:\/\/skaitytaknyga.lt\/wp-content\/uploads\/2025\/12\/Biblijos-pasakojimai-1.webp\",\"datePublished\":\"2025-12-27T10:24:06+00:00\",\"dateModified\":\"2026-03-18T09:44:42+00:00\",\"description\":\"Ikimokyklinio ir jaunesniojo mokyklinio am\u017eiaus vaikams. Pasaulyje n\u0117ra svarbesn\u0117s knygos u\u017e Biblij\u0105 \u2013 Dievo \u017eod\u012f. Ta\u010diau j\u0105 supranta ne visi, o juo\",\"breadcrumb\":{\"@id\":\"https:\/\/skaitytaknyga.lt\/produktas\/biblijos-pasakojimai-2\/#breadcrumb\"},\"inLanguage\":\"en-GB\",\"potentialAction\":[{\"@type\":\"ReadAction\",\"target\":[\"https:\/\/skaitytaknyga.lt\/produktas\/biblijos-pasakojimai-2\/\"]}]},{\"@type\":\"ImageObject\",\"inLanguage\":\"en-GB\",\"@id\":\"https:\/\/skaitytaknyga.lt\/produktas\/biblijos-pasakojimai-2\/#primaryimage\",\"url\":\"https:\/\/skaitytaknyga.lt\/wp-content\/uploads\/2025\/12\/Biblijos-pasakojimai-1.webp\",\"contentUrl\":\"https:\/\/skaitytaknyga.lt\/wp-content\/uploads\/2025\/12\/Biblijos-pasakojimai-1.webp\",\"width\":300,\"height\":380,\"caption\":\"Biblijos pasakojimai\"},{\"@type\":\"BreadcrumbList\",\"@id\":\"https:\/\/skaitytaknyga.lt\/produktas\/biblijos-pasakojimai-2\/#breadcrumb\",\"itemListElement\":[{\"@type\":\"ListItem\",\"position\":1,\"name\":\"Home\",\"item\":\"https:\/\/skaitytaknyga.lt\/\"},{\"@type\":\"ListItem\",\"position\":2,\"name\":\"Parduotuv\u0117\",\"item\":\"https:\/\/skaitytaknyga.lt\/knygu-parduotuve\/\"},{\"@type\":\"ListItem\",\"position\":3,\"name\":\"Biblijos pasakojimai\"}]},{\"@type\":\"WebSite\",\"@id\":\"https:\/\/skaitytaknyga.lt\/#website\",\"url\":\"https:\/\/skaitytaknyga.lt\/\",\"name\":\"skaitytaknyga.lt\",\"description\":\"Skaitytaknyga.lt \u2013 tai ma\u017eas \u0161eimos verslas, kuris prasid\u0117jo nuo meil\u0117s knygoms ir siekio i\u0161gelb\u0117ti knygas nuo likimo prie konteinerio. Kas vienam nereikalingas daiktas \u2013 kitam lobis, o mes esame tarpininkai, kurie padeda abiems tapti laimingesniems ???? \u017dinome kaip nelengva i\u0161gyventi ma\u017eiems verslams, tad nuo \u0161iol, \u010dia rasite ir kit\u0173, ma\u017e\u0173 \u0161eim\u0173 versl\u0173, rank\u0173 darbo, dovan\u0173 sau ir artimiesiems.\",\"publisher\":{\"@id\":\"https:\/\/skaitytaknyga.lt\/#organization\"},\"potentialAction\":[{\"@type\":\"SearchAction\",\"target\":{\"@type\":\"EntryPoint\",\"urlTemplate\":\"https:\/\/skaitytaknyga.lt\/?s={search_term_string}\"},\"query-input\":{\"@type\":\"PropertyValueSpecification\",\"valueRequired\":true,\"valueName\":\"search_term_string\"}}],\"inLanguage\":\"en-GB\"},{\"@type\":\"Organization\",\"@id\":\"https:\/\/skaitytaknyga.lt\/#organization\",\"name\":\"skaitytaknyga.lt\",\"url\":\"https:\/\/skaitytaknyga.lt\/\",\"logo\":{\"@type\":\"ImageObject\",\"inLanguage\":\"en-GB\",\"@id\":\"https:\/\/skaitytaknyga.lt\/#\/schema\/logo\/image\/\",\"url\":\"https:\/\/skaitytaknyga.lt\/wp-content\/uploads\/2024\/05\/cropped-cropped-cropped-02_00843_jt3bggkj1j3HLc7SyY6rEUpg.jpeg\",\"contentUrl\":\"https:\/\/skaitytaknyga.lt\/wp-content\/uploads\/2024\/05\/cropped-cropped-cropped-02_00843_jt3bggkj1j3HLc7SyY6rEUpg.jpeg\",\"width\":1600,\"height\":1600,\"caption\":\"skaitytaknyga.lt\"},\"image\":{\"@id\":\"https:\/\/skaitytaknyga.lt\/#\/schema\/logo\/image\/\"},\"sameAs\":[\"https:\/\/www.facebook.com\/skaitytaknyga\/\"]}]}<\/script>\n<!-- \/ Yoast SEO plugin. -->","yoast_head_json":{"title":"Biblijos pasakojimai","description":"Ikimokyklinio ir jaunesniojo mokyklinio am\u017eiaus vaikams. Pasaulyje n\u0117ra svarbesn\u0117s knygos u\u017e Biblij\u0105 \u2013 Dievo \u017eod\u012f. Ta\u010diau j\u0105 supranta ne visi, o juo","robots":{"index":"index","follow":"follow","max-snippet":"max-snippet:-1","max-image-preview":"max-image-preview:large","max-video-preview":"max-video-preview:-1"},"canonical":"https:\/\/skaitytaknyga.lt\/en\/produktas\/biblijos-pasakojimai-2\/","og_locale":"en_GB","og_type":"article","og_title":"[:lt]Biblijos pasakojimai[:] - Skaitytaknyga","og_description":"Ikimokyklinio ir jaunesniojo mokyklinio am\u017eiaus vaikams. Pasaulyje n\u0117ra svarbesn\u0117s knygos u\u017e Biblij\u0105 \u2013 Dievo \u017eod\u012f. Ta\u010diau j\u0105 supranta ne visi, o juo","og_url":"https:\/\/skaitytaknyga.lt\/en\/produktas\/biblijos-pasakojimai-2\/","og_site_name":"Skaitytaknyga","article_publisher":"https:\/\/www.facebook.com\/skaitytaknyga\/","article_modified_time":"2026-03-18T09:44:42+00:00","og_image":[{"width":300,"height":380,"url":"https:\/\/skaitytaknyga.lt\/wp-content\/uploads\/2025\/12\/Biblijos-pasakojimai-1.webp","type":"image\/webp"}],"twitter_card":"summary_large_image","twitter_misc":{"Estimated reading time":"1 minute"},"schema":{"@context":"https:\/\/schema.org","@graph":[{"@type":"WebPage","@id":"https:\/\/skaitytaknyga.lt\/produktas\/biblijos-pasakojimai-2\/","url":"https:\/\/skaitytaknyga.lt\/produktas\/biblijos-pasakojimai-2\/","name":"Biblijos pasakojimai","isPartOf":{"@id":"https:\/\/skaitytaknyga.lt\/#website"},"primaryImageOfPage":{"@id":"https:\/\/skaitytaknyga.lt\/produktas\/biblijos-pasakojimai-2\/#primaryimage"},"image":{"@id":"https:\/\/skaitytaknyga.lt\/produktas\/biblijos-pasakojimai-2\/#primaryimage"},"thumbnailUrl":"https:\/\/skaitytaknyga.lt\/wp-content\/uploads\/2025\/12\/Biblijos-pasakojimai-1.webp","datePublished":"2025-12-27T10:24:06+00:00","dateModified":"2026-03-18T09:44:42+00:00","description":"Ikimokyklinio ir jaunesniojo mokyklinio am\u017eiaus vaikams. Pasaulyje n\u0117ra svarbesn\u0117s knygos u\u017e Biblij\u0105 \u2013 Dievo \u017eod\u012f. Ta\u010diau j\u0105 supranta ne visi, o juo","breadcrumb":{"@id":"https:\/\/skaitytaknyga.lt\/produktas\/biblijos-pasakojimai-2\/#breadcrumb"},"inLanguage":"en-GB","potentialAction":[{"@type":"ReadAction","target":["https:\/\/skaitytaknyga.lt\/produktas\/biblijos-pasakojimai-2\/"]}]},{"@type":"ImageObject","inLanguage":"en-GB","@id":"https:\/\/skaitytaknyga.lt\/produktas\/biblijos-pasakojimai-2\/#primaryimage","url":"https:\/\/skaitytaknyga.lt\/wp-content\/uploads\/2025\/12\/Biblijos-pasakojimai-1.webp","contentUrl":"https:\/\/skaitytaknyga.lt\/wp-content\/uploads\/2025\/12\/Biblijos-pasakojimai-1.webp","width":300,"height":380,"caption":"Biblijos pasakojimai"},{"@type":"BreadcrumbList","@id":"https:\/\/skaitytaknyga.lt\/produktas\/biblijos-pasakojimai-2\/#breadcrumb","itemListElement":[{"@type":"ListItem","position":1,"name":"Home","item":"https:\/\/skaitytaknyga.lt\/"},{"@type":"ListItem","position":2,"name":"Parduotuv\u0117","item":"https:\/\/skaitytaknyga.lt\/knygu-parduotuve\/"},{"@type":"ListItem","position":3,"name":"Biblijos pasakojimai"}]},{"@type":"WebSite","@id":"https:\/\/skaitytaknyga.lt\/#website","url":"https:\/\/skaitytaknyga.lt\/","name":"skaitytaknyga.lt","description":"Skaitytaknyga.lt \u2013 tai ma\u017eas \u0161eimos verslas, kuris prasid\u0117jo nuo meil\u0117s knygoms ir siekio i\u0161gelb\u0117ti knygas nuo likimo prie konteinerio. Kas vienam nereikalingas daiktas \u2013 kitam lobis, o mes esame tarpininkai, kurie padeda abiems tapti laimingesniems ???? \u017dinome kaip nelengva i\u0161gyventi ma\u017eiems verslams, tad nuo \u0161iol, \u010dia rasite ir kit\u0173, ma\u017e\u0173 \u0161eim\u0173 versl\u0173, rank\u0173 darbo, dovan\u0173 sau ir artimiesiems.","publisher":{"@id":"https:\/\/skaitytaknyga.lt\/#organization"},"potentialAction":[{"@type":"SearchAction","target":{"@type":"EntryPoint","urlTemplate":"https:\/\/skaitytaknyga.lt\/?s={search_term_string}"},"query-input":{"@type":"PropertyValueSpecification","valueRequired":true,"valueName":"search_term_string"}}],"inLanguage":"en-GB"},{"@type":"Organization","@id":"https:\/\/skaitytaknyga.lt\/#organization","name":"skaitytaknyga.lt","url":"https:\/\/skaitytaknyga.lt\/","logo":{"@type":"ImageObject","inLanguage":"en-GB","@id":"https:\/\/skaitytaknyga.lt\/#\/schema\/logo\/image\/","url":"https:\/\/skaitytaknyga.lt\/wp-content\/uploads\/2024\/05\/cropped-cropped-cropped-02_00843_jt3bggkj1j3HLc7SyY6rEUpg.jpeg","contentUrl":"https:\/\/skaitytaknyga.lt\/wp-content\/uploads\/2024\/05\/cropped-cropped-cropped-02_00843_jt3bggkj1j3HLc7SyY6rEUpg.jpeg","width":1600,"height":1600,"caption":"skaitytaknyga.lt"},"image":{"@id":"https:\/\/skaitytaknyga.lt\/#\/schema\/logo\/image\/"},"sameAs":["https:\/\/www.facebook.com\/skaitytaknyga\/"]}]}},"_links":{"self":[{"href":"https:\/\/skaitytaknyga.lt\/en\/wp-json\/wp\/v2\/product\/22543","targetHints":{"allow":["GET"]}}],"collection":[{"href":"https:\/\/skaitytaknyga.lt\/en\/wp-json\/wp\/v2\/product"}],"about":[{"href":"https:\/\/skaitytaknyga.lt\/en\/wp-json\/wp\/v2\/types\/product"}],"replies":[{"embeddable":true,"href":"https:\/\/skaitytaknyga.lt\/en\/wp-json\/wp\/v2\/comments?post=22543"}],"wp:featuredmedia":[{"embeddable":true,"href":"https:\/\/skaitytaknyga.lt\/en\/wp-json\/wp\/v2\/media\/22549"}],"wp:attachment":[{"href":"https:\/\/skaitytaknyga.lt\/en\/wp-json\/wp\/v2\/media?parent=22543"}],"wp:term":[{"taxonomy":"product_brand","embeddable":true,"href":"https:\/\/skaitytaknyga.lt\/en\/wp-json\/wp\/v2\/product_brand?post=22543"},{"taxonomy":"product_cat","embeddable":true,"href":"https:\/\/skaitytaknyga.lt\/en\/wp-json\/wp\/v2\/product_cat?post=22543"},{"taxonomy":"product_tag","embeddable":true,"href":"https:\/\/skaitytaknyga.lt\/en\/wp-json\/wp\/v2\/product_tag?post=22543"}],"curies":[{"name":"wp","href":"https:\/\/api.w.org\/{rel}","templated":true}]}}