{"id":22535,"date":"2025-12-27T11:45:09","date_gmt":"2025-12-27T09:45:09","guid":{"rendered":"https:\/\/skaitytaknyga.lt\/?post_type=product&#038;p=22535"},"modified":"2026-03-06T16:24:59","modified_gmt":"2026-03-06T14:24:59","slug":"pagarbi-baime-kasdieniu-stebuklu-mokslas-ir-kaip-jis-gali-pakeisti-jusu-gyvenima","status":"publish","type":"product","link":"https:\/\/skaitytaknyga.lt\/en\/produktas\/pagarbi-baime-kasdieniu-stebuklu-mokslas-ir-kaip-jis-gali-pakeisti-jusu-gyvenima\/","title":{"rendered":"Pagarbi baim\u0117. Kasdieni\u0173 stebukl\u0173 mokslas ir kaip jis gali pakeisti j\u016bs\u0173 gyvenim\u0105"},"content":{"rendered":"<p>Nuo geriausio emocij\u0173 mokslo eksperto pam\u0105stym\u0173 iki \u201ePixar\u201c studijos animacinio filmo \u201eI\u0161virk\u0161\u010dias pasaulis\u201c konsultanto id\u0117j\u0173 \u2013 tai novatori\u0161kas ir reik\u0161mingas \u017evilgsnis \u012f pagarbios baim\u0117s istorij\u0105 ir moksl\u0105, siekiant geresnio supratimo.<\/p>\n<p>Pagarbi baim\u0117 yra paslaptinga emocija. Kaip \u012fvertinti \u0161iurpuliukus, nusmelkian\u010dius \u017evelgiant \u012f Did\u012fj\u012f Kanjon\u0105, arba nuostab\u0105 matant pirmuosius savo vaiko \u017eingsnius? Kaip \u017eod\u017eiais i\u0161reik\u0161ti kolektyvin\u012f jaudul\u012f, kylant\u012f dain\u0105 vienbalsiai traukian\u010dioje minioje, ar nuostab\u0105, u\u017evaldan\u010di\u0105 \u017evelgiant \u012f \u0161imtme\u010di\u0173 senumo meno k\u016brinius? Dar prie\u0161 penkiolika met\u0173 nebuvo jokio mokslo apie pagarbi\u0105 baim\u0119, jausm\u0105, patiriam\u0105 susid\u016brus su did\u017eiul\u0117mis paslaptimis, kurios per\u017eengia m\u016bs\u0173 supratimo apie pasaul\u012f ribas. Mokslininkai tyrin\u0117jo tokias emocijas kaip \u012fprasta baim\u0117 ir pasibjaur\u0117jimas, emocijas, kurios atrod\u0117 b\u016btinos \u017emonijos i\u0161likimui. Ta\u010diau ilgainiui, \u017evelgiant i\u0161 evoliucijos perspektyvos, tapo akivaizdu, kokie svarb\u016bs mums socialiniai poreikiai. I\u0161likome, nes geb\u0117jome bendradarbiauti, burtis \u012f bendruomenes ir kurti kult\u016br\u0105, stiprinan\u010di\u0105 m\u016bs\u0173 bendros tapatyb\u0117s poj\u016bt\u012f \u2013 tai veiksmai, kuriuos skatina ir nulemia pagarbi baim\u0117.<\/p>\n<p>Savo knygoje \u201ePagarbi baim\u0117\u201c Dacheris Keltneris pristato radikal\u0173 \u0161ios sunkiai suprantamos emocijos tyrim\u0105 ir itin asmeni\u0161k\u0105 po\u017ei\u016br\u012f \u012f j\u0105. Supa\u017eindindamas su naujausiais tyrimais, kaip pagarbi baim\u0117 kei\u010dia m\u016bs\u0173 smegenis ir k\u016bn\u0105, o kartu tyrin\u0117damas \u0161i\u0105 emocij\u0105 skirtingais istorijos, kult\u016bros ir asmeninio gyvenimo etapais, autorius atskleid\u017eia, kaip puosel\u0117dami pagarbi\u0105 baim\u0119 kasdieniame gyvenime i\u0161mokstame vertinti tai, kas \u017emogi\u0161kiausia m\u016bs\u0173 prigimtyje. Ir \u0161iuo laikotarpiu, kai m\u016bs\u0173 pasaulis kre\u010diamas \u012fvairi\u0173 krizi\u0173 ir yra susiskald\u0119s labiau nei kada nors anks\u010diau, pagarbi baim\u0117 tiesiog b\u016btina. Kai atveriame savo prot\u0105, b\u016btent \u0161i emocija sustiprina m\u016bs\u0173 geb\u0117jim\u0105 samprotauti ir nukreipia diding\u0173 id\u0117j\u0173 bei nauj\u0173 \u012f\u017evalg\u0173 link, susilpnina u\u017edegimin\u0119 organizmo reakcij\u0105 ir sustiprina imunin\u0119 sistem\u0105. B\u016btent pagarbi baim\u0117 skatina polink\u012f dalytis ir stiprinti ry\u0161ius, imtis veiksm\u0173, nauding\u0173 supan\u010diam gamtos pasauliui ir visuomenei. \u0160i emocija kei\u010dia tai, kas esame, \u012fkvepia kurti men\u0105, muzik\u0105 ir religij\u0105. Radikali ir kupina gili\u0173 bei prakti\u0161k\u0173 \u012f\u017evalg\u0173, knyga Pagarbi baim\u0117 \u2013 tai m\u016bs\u0173 vadovas \u0161ios emocijos link, kur\u012f para\u0161\u0117 ne tik vienas pagrindini\u0173 \u0161ios temos tyrin\u0117toj\u0173, bet ir svarbus pagarbios baim\u0117s ie\u0161kotojas, siekiantis \u0161i\u0105 emocij\u0105 paversti gyvybi\u0161kai b\u016btina j\u0117ga m\u016bs\u0173 gyvenime.<\/p>\n","protected":false},"excerpt":{"rendered":"<p>Nuo geriausio emocij\u0173 mokslo eksperto pam\u0105stym\u0173 iki \u201ePixar\u201c studijos animacinio filmo \u201eI\u0161virk\u0161\u010dias pasaulis\u201c konsultanto id\u0117j\u0173 \u2013 tai novatori\u0161kas ir reik\u0161mingas \u017evilgsnis \u012f pagarbios baim\u0117s istorij\u0105 ir moksl\u0105, siekiant geresnio supratimo. Pagarbi baim\u0117 yra paslaptinga emocija. Kaip \u012fvertinti \u0161iurpuliukus, nusmelkian\u010dius \u017evelgiant \u012f Did\u012fj\u012f Kanjon\u0105, arba nuostab\u0105 matant pirmuosius savo vaiko \u017eingsnius? Kaip \u017eod\u017eiais i\u0161reik\u0161ti kolektyvin\u012f jaudul\u012f, kylant\u012f dain\u0105 vienbalsiai traukian\u010dioje minioje, ar nuostab\u0105, u\u017evaldan\u010di\u0105 \u017evelgiant \u012f \u0161imtme\u010di\u0173 senumo meno k\u016brinius? Dar prie\u0161 penkiolika met\u0173 nebuvo jokio mokslo apie pagarbi\u0105 baim\u0119, jausm\u0105, patiriam\u0105 susid\u016brus su did\u017eiul\u0117mis paslaptimis, kurios per\u017eengia m\u016bs\u0173 supratimo apie pasaul\u012f ribas. Mokslininkai tyrin\u0117jo tokias emocijas kaip \u012fprasta baim\u0117 ir pasibjaur\u0117jimas, emocijas, kurios atrod\u0117 b\u016btinos \u017emonijos i\u0161likimui. Ta\u010diau ilgainiui, \u017evelgiant i\u0161 evoliucijos perspektyvos, tapo akivaizdu, kokie svarb\u016bs mums socialiniai poreikiai. I\u0161likome, nes geb\u0117jome bendradarbiauti, burtis \u012f bendruomenes ir kurti kult\u016br\u0105, stiprinan\u010di\u0105 m\u016bs\u0173 bendros tapatyb\u0117s poj\u016bt\u012f \u2013 tai veiksmai, kuriuos skatina ir nulemia pagarbi baim\u0117. Savo knygoje \u201ePagarbi baim\u0117\u201c Dacheris Keltneris pristato radikal\u0173 \u0161ios sunkiai suprantamos emocijos tyrim\u0105 ir itin asmeni\u0161k\u0105 po\u017ei\u016br\u012f \u012f j\u0105. Supa\u017eindindamas su naujausiais tyrimais, kaip pagarbi baim\u0117 kei\u010dia m\u016bs\u0173 smegenis ir k\u016bn\u0105, o kartu tyrin\u0117damas \u0161i\u0105 emocij\u0105 skirtingais istorijos, kult\u016bros ir asmeninio gyvenimo etapais, autorius atskleid\u017eia, kaip puosel\u0117dami pagarbi\u0105 baim\u0119 kasdieniame gyvenime i\u0161mokstame vertinti tai, kas \u017emogi\u0161kiausia m\u016bs\u0173 prigimtyje. Ir \u0161iuo laikotarpiu, kai m\u016bs\u0173 pasaulis kre\u010diamas \u012fvairi\u0173 krizi\u0173 ir yra susiskald\u0119s labiau nei kada nors anks\u010diau, pagarbi baim\u0117 tiesiog b\u016btina. Kai atveriame savo prot\u0105, b\u016btent \u0161i emocija sustiprina m\u016bs\u0173 geb\u0117jim\u0105 samprotauti ir nukreipia diding\u0173 id\u0117j\u0173 bei nauj\u0173 \u012f\u017evalg\u0173 link, susilpnina u\u017edegimin\u0119 organizmo reakcij\u0105 ir sustiprina imunin\u0119 sistem\u0105. B\u016btent pagarbi baim\u0117 skatina polink\u012f dalytis ir stiprinti ry\u0161ius, imtis veiksm\u0173, nauding\u0173 supan\u010diam gamtos pasauliui ir visuomenei. \u0160i emocija kei\u010dia tai, kas esame, \u012fkvepia kurti men\u0105, muzik\u0105 ir religij\u0105. Radikali ir kupina gili\u0173 bei prakti\u0161k\u0173 \u012f\u017evalg\u0173, knyga Pagarbi baim\u0117 \u2013 tai m\u016bs\u0173 vadovas \u0161ios emocijos link, kur\u012f para\u0161\u0117 ne tik vienas pagrindini\u0173 \u0161ios temos tyrin\u0117toj\u0173, bet ir svarbus pagarbios baim\u0117s ie\u0161kotojas, siekiantis \u0161i\u0105 emocij\u0105 paversti gyvybi\u0161kai b\u016btina j\u0117ga m\u016bs\u0173 gyvenime.<\/p>\n","protected":false},"featured_media":22540,"comment_status":"open","ping_status":"closed","template":"","meta":{"_acf_changed":false,"site-sidebar-layout":"default","site-content-layout":"","ast-site-content-layout":"default","site-content-style":"default","site-sidebar-style":"default","ast-global-header-display":"","ast-banner-title-visibility":"","ast-main-header-display":"","ast-hfb-above-header-display":"","ast-hfb-below-header-display":"","ast-hfb-mobile-header-display":"","site-post-title":"","ast-breadcrumbs-content":"","ast-featured-img":"","footer-sml-layout":"","ast-disable-related-posts":"","theme-transparent-header-meta":"","adv-header-id-meta":"","stick-header-meta":"","header-above-stick-meta":"","header-main-stick-meta":"","header-below-stick-meta":"","astra-migrate-meta-layouts":"default","ast-page-background-enabled":"default","ast-page-background-meta":{"desktop":{"background-color":"","background-image":"","background-repeat":"repeat","background-position":"center center","background-size":"auto","background-attachment":"scroll","background-type":"","background-media":"","overlay-type":"","overlay-color":"","overlay-opacity":"","overlay-gradient":""},"tablet":{"background-color":"","background-image":"","background-repeat":"repeat","background-position":"center center","background-size":"auto","background-attachment":"scroll","background-type":"","background-media":"","overlay-type":"","overlay-color":"","overlay-opacity":"","overlay-gradient":""},"mobile":{"background-color":"","background-image":"","background-repeat":"repeat","background-position":"center center","background-size":"auto","background-attachment":"scroll","background-type":"","background-media":"","overlay-type":"","overlay-color":"","overlay-opacity":"","overlay-gradient":""}},"ast-content-background-meta":{"desktop":{"background-color":"var(--ast-global-color-4)","background-image":"","background-repeat":"repeat","background-position":"center center","background-size":"auto","background-attachment":"scroll","background-type":"","background-media":"","overlay-type":"","overlay-color":"","overlay-opacity":"","overlay-gradient":""},"tablet":{"background-color":"var(--ast-global-color-4)","background-image":"","background-repeat":"repeat","background-position":"center center","background-size":"auto","background-attachment":"scroll","background-type":"","background-media":"","overlay-type":"","overlay-color":"","overlay-opacity":"","overlay-gradient":""},"mobile":{"background-color":"var(--ast-global-color-4)","background-image":"","background-repeat":"repeat","background-position":"center center","background-size":"auto","background-attachment":"scroll","background-type":"","background-media":"","overlay-type":"","overlay-color":"","overlay-opacity":"","overlay-gradient":""}}},"product_brand":[],"product_cat":[269],"product_tag":[],"class_list":{"0":"post-22535","1":"product","2":"type-product","3":"status-publish","4":"has-post-thumbnail","6":"product_cat-gamtos-mokslai","7":"desktop-align-left","8":"tablet-align-left","9":"mobile-align-left","11":"first","12":"instock","13":"shipping-taxable","14":"purchasable","15":"product-type-simple"},"acf":[],"yoast_head":"<!-- This site is optimized with the Yoast SEO plugin v27.4 - https:\/\/yoast.com\/product\/yoast-seo-wordpress\/ -->\n<title>Pagarbi baim\u0117. Kasdieni\u0173 stebukl\u0173 mokslas ir kaip jis gali pakeisti j\u016bs\u0173 gyvenim\u0105<\/title>\n<meta name=\"description\" content=\"Nuo geriausio emocij\u0173 mokslo eksperto pam\u0105stym\u0173 iki \u201ePixar\u201c studijos animacinio filmo \u201eI\u0161virk\u0161\u010dias pasaulis\u201c konsultanto id\u0117j\u0173 \u2013 tai novatori\u0161kas ir\" \/>\n<meta name=\"robots\" content=\"index, follow, max-snippet:-1, max-image-preview:large, max-video-preview:-1\" \/>\n<link rel=\"canonical\" href=\"https:\/\/skaitytaknyga.lt\/en\/produktas\/pagarbi-baime-kasdieniu-stebuklu-mokslas-ir-kaip-jis-gali-pakeisti-jusu-gyvenima\/\" \/>\n<meta property=\"og:locale\" content=\"en_GB\" \/>\n<meta property=\"og:locale:alternate\" content=\"lt_LT\" \/>\n<meta property=\"og:type\" content=\"article\" \/>\n<meta property=\"og:title\" content=\"Pagarbi baim\u0117. Kasdieni\u0173 stebukl\u0173 mokslas ir kaip jis gali pakeisti j\u016bs\u0173 gyvenim\u0105\" \/>\n<meta property=\"og:description\" content=\"Nuo geriausio emocij\u0173 mokslo eksperto pam\u0105stym\u0173 iki \u201ePixar\u201c studijos animacinio filmo \u201eI\u0161virk\u0161\u010dias pasaulis\u201c konsultanto id\u0117j\u0173 \u2013 tai novatori\u0161kas ir\" \/>\n<meta property=\"og:url\" content=\"https:\/\/skaitytaknyga.lt\/en\/produktas\/pagarbi-baime-kasdieniu-stebuklu-mokslas-ir-kaip-jis-gali-pakeisti-jusu-gyvenima\/\" \/>\n<meta property=\"og:site_name\" content=\"Skaitytaknyga\" \/>\n<meta property=\"article:publisher\" content=\"https:\/\/www.facebook.com\/skaitytaknyga\/\" \/>\n<meta property=\"article:modified_time\" content=\"2026-03-06T14:24:59+00:00\" \/>\n<meta property=\"og:image\" content=\"https:\/\/skaitytaknyga.lt\/wp-content\/uploads\/2025\/12\/Pagarbi-baime.-Kasdieniu-stebuklu-mokslas-ir-kaip-jis-gali-pakeisti-jusu-gyvenima-1.webp\" \/>\n\t<meta property=\"og:image:width\" content=\"300\" \/>\n\t<meta property=\"og:image:height\" content=\"490\" \/>\n\t<meta property=\"og:image:type\" content=\"image\/webp\" \/>\n<meta name=\"twitter:card\" content=\"summary_large_image\" \/>\n<meta name=\"twitter:label1\" content=\"Estimated reading time\" \/>\n\t<meta name=\"twitter:data1\" content=\"2 minutes\" \/>\n<script type=\"application\/ld+json\" class=\"yoast-schema-graph\">{\"@context\":\"https:\\\/\\\/schema.org\",\"@graph\":[{\"@type\":\"WebPage\",\"@id\":\"https:\\\/\\\/skaitytaknyga.lt\\\/produktas\\\/pagarbi-baime-kasdieniu-stebuklu-mokslas-ir-kaip-jis-gali-pakeisti-jusu-gyvenima\\\/\",\"url\":\"https:\\\/\\\/skaitytaknyga.lt\\\/produktas\\\/pagarbi-baime-kasdieniu-stebuklu-mokslas-ir-kaip-jis-gali-pakeisti-jusu-gyvenima\\\/\",\"name\":\"Pagarbi baim\u0117. Kasdieni\u0173 stebukl\u0173 mokslas ir kaip jis gali pakeisti j\u016bs\u0173 gyvenim\u0105\",\"isPartOf\":{\"@id\":\"https:\\\/\\\/skaitytaknyga.lt\\\/#website\"},\"primaryImageOfPage\":{\"@id\":\"https:\\\/\\\/skaitytaknyga.lt\\\/produktas\\\/pagarbi-baime-kasdieniu-stebuklu-mokslas-ir-kaip-jis-gali-pakeisti-jusu-gyvenima\\\/#primaryimage\"},\"image\":{\"@id\":\"https:\\\/\\\/skaitytaknyga.lt\\\/produktas\\\/pagarbi-baime-kasdieniu-stebuklu-mokslas-ir-kaip-jis-gali-pakeisti-jusu-gyvenima\\\/#primaryimage\"},\"thumbnailUrl\":\"https:\\\/\\\/skaitytaknyga.lt\\\/wp-content\\\/uploads\\\/2025\\\/12\\\/Pagarbi-baime.-Kasdieniu-stebuklu-mokslas-ir-kaip-jis-gali-pakeisti-jusu-gyvenima-1.webp\",\"datePublished\":\"2025-12-27T09:45:09+00:00\",\"dateModified\":\"2026-03-06T14:24:59+00:00\",\"description\":\"Nuo geriausio emocij\u0173 mokslo eksperto pam\u0105stym\u0173 iki \u201ePixar\u201c studijos animacinio filmo \u201eI\u0161virk\u0161\u010dias pasaulis\u201c konsultanto id\u0117j\u0173 \u2013 tai novatori\u0161kas ir\",\"breadcrumb\":{\"@id\":\"https:\\\/\\\/skaitytaknyga.lt\\\/produktas\\\/pagarbi-baime-kasdieniu-stebuklu-mokslas-ir-kaip-jis-gali-pakeisti-jusu-gyvenima\\\/#breadcrumb\"},\"inLanguage\":\"en-GB\",\"potentialAction\":[{\"@type\":\"ReadAction\",\"target\":[\"https:\\\/\\\/skaitytaknyga.lt\\\/produktas\\\/pagarbi-baime-kasdieniu-stebuklu-mokslas-ir-kaip-jis-gali-pakeisti-jusu-gyvenima\\\/\"]}]},{\"@type\":\"ImageObject\",\"inLanguage\":\"en-GB\",\"@id\":\"https:\\\/\\\/skaitytaknyga.lt\\\/produktas\\\/pagarbi-baime-kasdieniu-stebuklu-mokslas-ir-kaip-jis-gali-pakeisti-jusu-gyvenima\\\/#primaryimage\",\"url\":\"https:\\\/\\\/skaitytaknyga.lt\\\/wp-content\\\/uploads\\\/2025\\\/12\\\/Pagarbi-baime.-Kasdieniu-stebuklu-mokslas-ir-kaip-jis-gali-pakeisti-jusu-gyvenima-1.webp\",\"contentUrl\":\"https:\\\/\\\/skaitytaknyga.lt\\\/wp-content\\\/uploads\\\/2025\\\/12\\\/Pagarbi-baime.-Kasdieniu-stebuklu-mokslas-ir-kaip-jis-gali-pakeisti-jusu-gyvenima-1.webp\",\"width\":300,\"height\":490,\"caption\":\"Pagarbi baim\u0117. Kasdieni\u0173 stebukl\u0173 mokslas ir kaip jis gali pakeisti j\u016bs\u0173 gyvenim\u0105\"},{\"@type\":\"BreadcrumbList\",\"@id\":\"https:\\\/\\\/skaitytaknyga.lt\\\/produktas\\\/pagarbi-baime-kasdieniu-stebuklu-mokslas-ir-kaip-jis-gali-pakeisti-jusu-gyvenima\\\/#breadcrumb\",\"itemListElement\":[{\"@type\":\"ListItem\",\"position\":1,\"name\":\"Home\",\"item\":\"https:\\\/\\\/skaitytaknyga.lt\\\/\"},{\"@type\":\"ListItem\",\"position\":2,\"name\":\"Parduotuv\u0117\",\"item\":\"https:\\\/\\\/skaitytaknyga.lt\\\/knygu-parduotuve\\\/\"},{\"@type\":\"ListItem\",\"position\":3,\"name\":\"Pagarbi baim\u0117. Kasdieni\u0173 stebukl\u0173 mokslas ir kaip jis gali pakeisti j\u016bs\u0173 gyvenim\u0105\"}]},{\"@type\":\"WebSite\",\"@id\":\"https:\\\/\\\/skaitytaknyga.lt\\\/#website\",\"url\":\"https:\\\/\\\/skaitytaknyga.lt\\\/\",\"name\":\"skaitytaknyga.lt\",\"description\":\"Skaitytaknyga.lt \u2013 tai ma\u017eas \u0161eimos verslas, kuris prasid\u0117jo nuo meil\u0117s knygoms ir siekio i\u0161gelb\u0117ti knygas nuo likimo prie konteinerio. Kas vienam nereikalingas daiktas \u2013 kitam lobis, o mes esame tarpininkai, kurie padeda abiems tapti laimingesniems ???? \u017dinome kaip nelengva i\u0161gyventi ma\u017eiems verslams, tad nuo \u0161iol, \u010dia rasite ir kit\u0173, ma\u017e\u0173 \u0161eim\u0173 versl\u0173, rank\u0173 darbo, dovan\u0173 sau ir artimiesiems.\",\"publisher\":{\"@id\":\"https:\\\/\\\/skaitytaknyga.lt\\\/#organization\"},\"potentialAction\":[{\"@type\":\"SearchAction\",\"target\":{\"@type\":\"EntryPoint\",\"urlTemplate\":\"https:\\\/\\\/skaitytaknyga.lt\\\/?s={search_term_string}\"},\"query-input\":{\"@type\":\"PropertyValueSpecification\",\"valueRequired\":true,\"valueName\":\"search_term_string\"}}],\"inLanguage\":\"en-GB\"},{\"@type\":\"Organization\",\"@id\":\"https:\\\/\\\/skaitytaknyga.lt\\\/#organization\",\"name\":\"skaitytaknyga.lt\",\"url\":\"https:\\\/\\\/skaitytaknyga.lt\\\/\",\"logo\":{\"@type\":\"ImageObject\",\"inLanguage\":\"en-GB\",\"@id\":\"https:\\\/\\\/skaitytaknyga.lt\\\/#\\\/schema\\\/logo\\\/image\\\/\",\"url\":\"https:\\\/\\\/skaitytaknyga.lt\\\/wp-content\\\/uploads\\\/2024\\\/05\\\/cropped-cropped-cropped-02_00843_jt3bggkj1j3HLc7SyY6rEUpg.jpeg\",\"contentUrl\":\"https:\\\/\\\/skaitytaknyga.lt\\\/wp-content\\\/uploads\\\/2024\\\/05\\\/cropped-cropped-cropped-02_00843_jt3bggkj1j3HLc7SyY6rEUpg.jpeg\",\"width\":1600,\"height\":1600,\"caption\":\"skaitytaknyga.lt\"},\"image\":{\"@id\":\"https:\\\/\\\/skaitytaknyga.lt\\\/#\\\/schema\\\/logo\\\/image\\\/\"},\"sameAs\":[\"https:\\\/\\\/www.facebook.com\\\/skaitytaknyga\\\/\"]}]}<\/script>\n<!-- \/ Yoast SEO plugin. -->","yoast_head_json":{"title":"Pagarbi baim\u0117. Kasdieni\u0173 stebukl\u0173 mokslas ir kaip jis gali pakeisti j\u016bs\u0173 gyvenim\u0105","description":"Nuo geriausio emocij\u0173 mokslo eksperto pam\u0105stym\u0173 iki \u201ePixar\u201c studijos animacinio filmo \u201eI\u0161virk\u0161\u010dias pasaulis\u201c konsultanto id\u0117j\u0173 \u2013 tai novatori\u0161kas ir","robots":{"index":"index","follow":"follow","max-snippet":"max-snippet:-1","max-image-preview":"max-image-preview:large","max-video-preview":"max-video-preview:-1"},"canonical":"https:\/\/skaitytaknyga.lt\/en\/produktas\/pagarbi-baime-kasdieniu-stebuklu-mokslas-ir-kaip-jis-gali-pakeisti-jusu-gyvenima\/","og_locale":"en_GB","og_type":"article","og_title":"[:lt]Pagarbi baim\u0117. Kasdieni\u0173 stebukl\u0173 mokslas ir kaip jis gali pakeisti j\u016bs\u0173 gyvenim\u0105[:] - Skaitytaknyga","og_description":"Nuo geriausio emocij\u0173 mokslo eksperto pam\u0105stym\u0173 iki \u201ePixar\u201c studijos animacinio filmo \u201eI\u0161virk\u0161\u010dias pasaulis\u201c konsultanto id\u0117j\u0173 \u2013 tai novatori\u0161kas ir","og_url":"https:\/\/skaitytaknyga.lt\/en\/produktas\/pagarbi-baime-kasdieniu-stebuklu-mokslas-ir-kaip-jis-gali-pakeisti-jusu-gyvenima\/","og_site_name":"Skaitytaknyga","article_publisher":"https:\/\/www.facebook.com\/skaitytaknyga\/","article_modified_time":"2026-03-06T14:24:59+00:00","og_image":[{"width":300,"height":490,"url":"https:\/\/skaitytaknyga.lt\/wp-content\/uploads\/2025\/12\/Pagarbi-baime.-Kasdieniu-stebuklu-mokslas-ir-kaip-jis-gali-pakeisti-jusu-gyvenima-1.webp","type":"image\/webp"}],"twitter_card":"summary_large_image","twitter_misc":{"Estimated reading time":"2 minutes"},"schema":{"@context":"https:\/\/schema.org","@graph":[{"@type":"WebPage","@id":"https:\/\/skaitytaknyga.lt\/produktas\/pagarbi-baime-kasdieniu-stebuklu-mokslas-ir-kaip-jis-gali-pakeisti-jusu-gyvenima\/","url":"https:\/\/skaitytaknyga.lt\/produktas\/pagarbi-baime-kasdieniu-stebuklu-mokslas-ir-kaip-jis-gali-pakeisti-jusu-gyvenima\/","name":"Pagarbi baim\u0117. Kasdieni\u0173 stebukl\u0173 mokslas ir kaip jis gali pakeisti j\u016bs\u0173 gyvenim\u0105","isPartOf":{"@id":"https:\/\/skaitytaknyga.lt\/#website"},"primaryImageOfPage":{"@id":"https:\/\/skaitytaknyga.lt\/produktas\/pagarbi-baime-kasdieniu-stebuklu-mokslas-ir-kaip-jis-gali-pakeisti-jusu-gyvenima\/#primaryimage"},"image":{"@id":"https:\/\/skaitytaknyga.lt\/produktas\/pagarbi-baime-kasdieniu-stebuklu-mokslas-ir-kaip-jis-gali-pakeisti-jusu-gyvenima\/#primaryimage"},"thumbnailUrl":"https:\/\/skaitytaknyga.lt\/wp-content\/uploads\/2025\/12\/Pagarbi-baime.-Kasdieniu-stebuklu-mokslas-ir-kaip-jis-gali-pakeisti-jusu-gyvenima-1.webp","datePublished":"2025-12-27T09:45:09+00:00","dateModified":"2026-03-06T14:24:59+00:00","description":"Nuo geriausio emocij\u0173 mokslo eksperto pam\u0105stym\u0173 iki \u201ePixar\u201c studijos animacinio filmo \u201eI\u0161virk\u0161\u010dias pasaulis\u201c konsultanto id\u0117j\u0173 \u2013 tai novatori\u0161kas ir","breadcrumb":{"@id":"https:\/\/skaitytaknyga.lt\/produktas\/pagarbi-baime-kasdieniu-stebuklu-mokslas-ir-kaip-jis-gali-pakeisti-jusu-gyvenima\/#breadcrumb"},"inLanguage":"en-GB","potentialAction":[{"@type":"ReadAction","target":["https:\/\/skaitytaknyga.lt\/produktas\/pagarbi-baime-kasdieniu-stebuklu-mokslas-ir-kaip-jis-gali-pakeisti-jusu-gyvenima\/"]}]},{"@type":"ImageObject","inLanguage":"en-GB","@id":"https:\/\/skaitytaknyga.lt\/produktas\/pagarbi-baime-kasdieniu-stebuklu-mokslas-ir-kaip-jis-gali-pakeisti-jusu-gyvenima\/#primaryimage","url":"https:\/\/skaitytaknyga.lt\/wp-content\/uploads\/2025\/12\/Pagarbi-baime.-Kasdieniu-stebuklu-mokslas-ir-kaip-jis-gali-pakeisti-jusu-gyvenima-1.webp","contentUrl":"https:\/\/skaitytaknyga.lt\/wp-content\/uploads\/2025\/12\/Pagarbi-baime.-Kasdieniu-stebuklu-mokslas-ir-kaip-jis-gali-pakeisti-jusu-gyvenima-1.webp","width":300,"height":490,"caption":"Pagarbi baim\u0117. Kasdieni\u0173 stebukl\u0173 mokslas ir kaip jis gali pakeisti j\u016bs\u0173 gyvenim\u0105"},{"@type":"BreadcrumbList","@id":"https:\/\/skaitytaknyga.lt\/produktas\/pagarbi-baime-kasdieniu-stebuklu-mokslas-ir-kaip-jis-gali-pakeisti-jusu-gyvenima\/#breadcrumb","itemListElement":[{"@type":"ListItem","position":1,"name":"Home","item":"https:\/\/skaitytaknyga.lt\/"},{"@type":"ListItem","position":2,"name":"Parduotuv\u0117","item":"https:\/\/skaitytaknyga.lt\/knygu-parduotuve\/"},{"@type":"ListItem","position":3,"name":"Pagarbi baim\u0117. Kasdieni\u0173 stebukl\u0173 mokslas ir kaip jis gali pakeisti j\u016bs\u0173 gyvenim\u0105"}]},{"@type":"WebSite","@id":"https:\/\/skaitytaknyga.lt\/#website","url":"https:\/\/skaitytaknyga.lt\/","name":"skaitytaknyga.lt","description":"Skaitytaknyga.lt \u2013 tai ma\u017eas \u0161eimos verslas, kuris prasid\u0117jo nuo meil\u0117s knygoms ir siekio i\u0161gelb\u0117ti knygas nuo likimo prie konteinerio. Kas vienam nereikalingas daiktas \u2013 kitam lobis, o mes esame tarpininkai, kurie padeda abiems tapti laimingesniems ???? \u017dinome kaip nelengva i\u0161gyventi ma\u017eiems verslams, tad nuo \u0161iol, \u010dia rasite ir kit\u0173, ma\u017e\u0173 \u0161eim\u0173 versl\u0173, rank\u0173 darbo, dovan\u0173 sau ir artimiesiems.","publisher":{"@id":"https:\/\/skaitytaknyga.lt\/#organization"},"potentialAction":[{"@type":"SearchAction","target":{"@type":"EntryPoint","urlTemplate":"https:\/\/skaitytaknyga.lt\/?s={search_term_string}"},"query-input":{"@type":"PropertyValueSpecification","valueRequired":true,"valueName":"search_term_string"}}],"inLanguage":"en-GB"},{"@type":"Organization","@id":"https:\/\/skaitytaknyga.lt\/#organization","name":"skaitytaknyga.lt","url":"https:\/\/skaitytaknyga.lt\/","logo":{"@type":"ImageObject","inLanguage":"en-GB","@id":"https:\/\/skaitytaknyga.lt\/#\/schema\/logo\/image\/","url":"https:\/\/skaitytaknyga.lt\/wp-content\/uploads\/2024\/05\/cropped-cropped-cropped-02_00843_jt3bggkj1j3HLc7SyY6rEUpg.jpeg","contentUrl":"https:\/\/skaitytaknyga.lt\/wp-content\/uploads\/2024\/05\/cropped-cropped-cropped-02_00843_jt3bggkj1j3HLc7SyY6rEUpg.jpeg","width":1600,"height":1600,"caption":"skaitytaknyga.lt"},"image":{"@id":"https:\/\/skaitytaknyga.lt\/#\/schema\/logo\/image\/"},"sameAs":["https:\/\/www.facebook.com\/skaitytaknyga\/"]}]}},"_links":{"self":[{"href":"https:\/\/skaitytaknyga.lt\/en\/wp-json\/wp\/v2\/product\/22535","targetHints":{"allow":["GET"]}}],"collection":[{"href":"https:\/\/skaitytaknyga.lt\/en\/wp-json\/wp\/v2\/product"}],"about":[{"href":"https:\/\/skaitytaknyga.lt\/en\/wp-json\/wp\/v2\/types\/product"}],"replies":[{"embeddable":true,"href":"https:\/\/skaitytaknyga.lt\/en\/wp-json\/wp\/v2\/comments?post=22535"}],"wp:featuredmedia":[{"embeddable":true,"href":"https:\/\/skaitytaknyga.lt\/en\/wp-json\/wp\/v2\/media\/22540"}],"wp:attachment":[{"href":"https:\/\/skaitytaknyga.lt\/en\/wp-json\/wp\/v2\/media?parent=22535"}],"wp:term":[{"taxonomy":"product_brand","embeddable":true,"href":"https:\/\/skaitytaknyga.lt\/en\/wp-json\/wp\/v2\/product_brand?post=22535"},{"taxonomy":"product_cat","embeddable":true,"href":"https:\/\/skaitytaknyga.lt\/en\/wp-json\/wp\/v2\/product_cat?post=22535"},{"taxonomy":"product_tag","embeddable":true,"href":"https:\/\/skaitytaknyga.lt\/en\/wp-json\/wp\/v2\/product_tag?post=22535"}],"curies":[{"name":"wp","href":"https:\/\/api.w.org\/{rel}","templated":true}]}}