{"id":22533,"date":"2025-12-27T11:45:09","date_gmt":"2025-12-27T09:45:09","guid":{"rendered":"https:\/\/skaitytaknyga.lt\/?post_type=product&#038;p=22533"},"modified":"2026-03-18T11:44:42","modified_gmt":"2026-03-18T09:44:42","slug":"zmogus-ir-kurejas","status":"publish","type":"product","link":"https:\/\/skaitytaknyga.lt\/en\/produktas\/zmogus-ir-kurejas\/","title":{"rendered":"\u017dmogus ir k\u016br\u0117jas"},"content":{"rendered":"<p>Stasys Malkevi\u010dius \u2013 Malkus baig\u0117 Kauno politechnikos institut\u0105, in\u017einierius elektromechanikas. Dirbo Klaip\u0117dos \u017evejybos laivyno projektavimo institute konstruktoriumi, skyriaus vir\u0161ininku, Klaip\u0117dos problemin\u0117s j\u016br\u0173 elektrin\u0117s \u017e\u016bkl\u0117s laboratorijos vir\u0161ininku, KPJ Klaip\u0117dos fakulteto docentas, katedros ved\u0117jas. Technikos moksl\u0173 daktaras. Dalyvavo daugelyje mokslini\u0173 j\u016br\u0173 ekspedicij\u0173. Daugiau kaip 100 mokslini\u0173 straipsni\u0173 autorius.<\/p>\n<p>Nuo 1988 m. dalyvavo S\u0105j\u016bd\u017eio veikloje. Kovo 11-osios Nepriklausomyb\u0117s akto signataras. B\u016bdamas Seimo nariu dirbo Ekonomikos komitete. Atkuriamajame Seime dirbo Valstyb\u0117s atk\u016brimo ir konstitucijos komisijoje pirmininko pavaduotoju.<\/p>\n<p>Nepriklausomyb\u0117s Akto signataro Stasio Malkevi\u010diaus \u2013 Malkaus knyga \u201e\u017dmogus ir K\u016br\u0117jas\u201c yra kvietimas kiekvienam i\u0161 m\u016bs\u0173 stabtelti, pa\u017evelgti \u012f mus supan\u010di\u0105 realyb\u0119 ir save pat\u012f, pamatyti, \u201ekad pasaulis sukurtas ne \u017emogaus rankomis, kad tokia k\u016bryba ne \u017eemi\u0161kojo proto galimyb\u0117ms ir kad tai ne chaoso ir atsitiktinumo padarinys\u201c.<\/p>\n","protected":false},"excerpt":{"rendered":"<p>Stasys Malkevi\u010dius \u2013 Malkus baig\u0117 Kauno politechnikos institut\u0105, in\u017einierius elektromechanikas. Dirbo Klaip\u0117dos \u017evejybos laivyno projektavimo institute konstruktoriumi, skyriaus vir\u0161ininku, Klaip\u0117dos problemin\u0117s j\u016br\u0173 elektrin\u0117s \u017e\u016bkl\u0117s laboratorijos vir\u0161ininku, KPJ Klaip\u0117dos fakulteto docentas, katedros ved\u0117jas. Technikos moksl\u0173 daktaras. Dalyvavo daugelyje mokslini\u0173 j\u016br\u0173 ekspedicij\u0173. Daugiau kaip 100 mokslini\u0173 straipsni\u0173 autorius. Nuo 1988 m. dalyvavo S\u0105j\u016bd\u017eio veikloje. Kovo 11-osios Nepriklausomyb\u0117s akto signataras. B\u016bdamas Seimo nariu dirbo Ekonomikos komitete. Atkuriamajame Seime dirbo Valstyb\u0117s atk\u016brimo ir konstitucijos komisijoje pirmininko pavaduotoju. Nepriklausomyb\u0117s Akto signataro Stasio Malkevi\u010diaus \u2013 Malkaus knyga \u201e\u017dmogus ir K\u016br\u0117jas\u201c yra kvietimas kiekvienam i\u0161 m\u016bs\u0173 stabtelti, pa\u017evelgti \u012f mus supan\u010di\u0105 realyb\u0119 ir save pat\u012f, pamatyti, \u201ekad pasaulis sukurtas ne \u017emogaus rankomis, kad tokia k\u016bryba ne \u017eemi\u0161kojo proto galimyb\u0117ms ir kad tai ne chaoso ir atsitiktinumo padarinys\u201c.<\/p>\n","protected":false},"featured_media":22538,"comment_status":"open","ping_status":"closed","template":"","meta":{"_acf_changed":false,"site-sidebar-layout":"default","site-content-layout":"","ast-site-content-layout":"default","site-content-style":"default","site-sidebar-style":"default","ast-global-header-display":"","ast-banner-title-visibility":"","ast-main-header-display":"","ast-hfb-above-header-display":"","ast-hfb-below-header-display":"","ast-hfb-mobile-header-display":"","site-post-title":"","ast-breadcrumbs-content":"","ast-featured-img":"","footer-sml-layout":"","ast-disable-related-posts":"","theme-transparent-header-meta":"","adv-header-id-meta":"","stick-header-meta":"","header-above-stick-meta":"","header-main-stick-meta":"","header-below-stick-meta":"","astra-migrate-meta-layouts":"default","ast-page-background-enabled":"default","ast-page-background-meta":{"desktop":{"background-color":"","background-image":"","background-repeat":"repeat","background-position":"center center","background-size":"auto","background-attachment":"scroll","background-type":"","background-media":"","overlay-type":"","overlay-color":"","overlay-opacity":"","overlay-gradient":""},"tablet":{"background-color":"","background-image":"","background-repeat":"repeat","background-position":"center center","background-size":"auto","background-attachment":"scroll","background-type":"","background-media":"","overlay-type":"","overlay-color":"","overlay-opacity":"","overlay-gradient":""},"mobile":{"background-color":"","background-image":"","background-repeat":"repeat","background-position":"center center","background-size":"auto","background-attachment":"scroll","background-type":"","background-media":"","overlay-type":"","overlay-color":"","overlay-opacity":"","overlay-gradient":""}},"ast-content-background-meta":{"desktop":{"background-color":"var(--ast-global-color-4)","background-image":"","background-repeat":"repeat","background-position":"center center","background-size":"auto","background-attachment":"scroll","background-type":"","background-media":"","overlay-type":"","overlay-color":"","overlay-opacity":"","overlay-gradient":""},"tablet":{"background-color":"var(--ast-global-color-4)","background-image":"","background-repeat":"repeat","background-position":"center center","background-size":"auto","background-attachment":"scroll","background-type":"","background-media":"","overlay-type":"","overlay-color":"","overlay-opacity":"","overlay-gradient":""},"mobile":{"background-color":"var(--ast-global-color-4)","background-image":"","background-repeat":"repeat","background-position":"center center","background-size":"auto","background-attachment":"scroll","background-type":"","background-media":"","overlay-type":"","overlay-color":"","overlay-opacity":"","overlay-gradient":""}}},"product_brand":[],"product_cat":[9753],"product_tag":[],"class_list":{"0":"post-22533","1":"product","2":"type-product","3":"status-publish","4":"has-post-thumbnail","6":"product_cat-religija","7":"desktop-align-left","8":"tablet-align-left","9":"mobile-align-left","11":"first","12":"instock","13":"shipping-taxable","14":"purchasable","15":"product-type-simple"},"acf":[],"yoast_head":"<!-- This site is optimized with the Yoast SEO plugin v27.0 - https:\/\/yoast.com\/product\/yoast-seo-wordpress\/ -->\n<title>\u017dmogus ir k\u016br\u0117jas<\/title>\n<meta name=\"description\" content=\"Stasys Malkevi\u010dius \u2013 Malkus baig\u0117 Kauno politechnikos institut\u0105, in\u017einierius elektromechanikas. Dirbo Klaip\u0117dos \u017evejybos laivyno projektavimo institute\" \/>\n<meta name=\"robots\" content=\"index, follow, max-snippet:-1, max-image-preview:large, max-video-preview:-1\" \/>\n<link rel=\"canonical\" href=\"https:\/\/skaitytaknyga.lt\/en\/produktas\/zmogus-ir-kurejas\/\" \/>\n<meta property=\"og:locale\" content=\"en_GB\" \/>\n<meta property=\"og:locale:alternate\" content=\"lt_LT\" \/>\n<meta property=\"og:type\" content=\"article\" \/>\n<meta property=\"og:title\" content=\"\u017dmogus ir k\u016br\u0117jas\" \/>\n<meta property=\"og:description\" content=\"Stasys Malkevi\u010dius \u2013 Malkus baig\u0117 Kauno politechnikos institut\u0105, in\u017einierius elektromechanikas. Dirbo Klaip\u0117dos \u017evejybos laivyno projektavimo institute\" \/>\n<meta property=\"og:url\" content=\"https:\/\/skaitytaknyga.lt\/en\/produktas\/zmogus-ir-kurejas\/\" \/>\n<meta property=\"og:site_name\" content=\"Skaitytaknyga\" \/>\n<meta property=\"article:publisher\" content=\"https:\/\/www.facebook.com\/skaitytaknyga\/\" \/>\n<meta property=\"article:modified_time\" content=\"2026-03-18T09:44:42+00:00\" \/>\n<meta property=\"og:image\" content=\"https:\/\/skaitytaknyga.lt\/wp-content\/uploads\/2025\/12\/Zmogus-ir-kurejas-1.webp\" \/>\n\t<meta property=\"og:image:width\" content=\"300\" \/>\n\t<meta property=\"og:image:height\" content=\"442\" \/>\n\t<meta property=\"og:image:type\" content=\"image\/webp\" \/>\n<meta name=\"twitter:card\" content=\"summary_large_image\" \/>\n<meta name=\"twitter:label1\" content=\"Estimated reading time\" \/>\n\t<meta name=\"twitter:data1\" content=\"1 minute\" \/>\n<script type=\"application\/ld+json\" class=\"yoast-schema-graph\">{\"@context\":\"https:\/\/schema.org\",\"@graph\":[{\"@type\":\"WebPage\",\"@id\":\"https:\/\/skaitytaknyga.lt\/produktas\/zmogus-ir-kurejas\/\",\"url\":\"https:\/\/skaitytaknyga.lt\/produktas\/zmogus-ir-kurejas\/\",\"name\":\"\u017dmogus ir k\u016br\u0117jas\",\"isPartOf\":{\"@id\":\"https:\/\/skaitytaknyga.lt\/#website\"},\"primaryImageOfPage\":{\"@id\":\"https:\/\/skaitytaknyga.lt\/produktas\/zmogus-ir-kurejas\/#primaryimage\"},\"image\":{\"@id\":\"https:\/\/skaitytaknyga.lt\/produktas\/zmogus-ir-kurejas\/#primaryimage\"},\"thumbnailUrl\":\"https:\/\/skaitytaknyga.lt\/wp-content\/uploads\/2025\/12\/Zmogus-ir-kurejas-1.webp\",\"datePublished\":\"2025-12-27T09:45:09+00:00\",\"dateModified\":\"2026-03-18T09:44:42+00:00\",\"description\":\"Stasys Malkevi\u010dius \u2013 Malkus baig\u0117 Kauno politechnikos institut\u0105, in\u017einierius elektromechanikas. Dirbo Klaip\u0117dos \u017evejybos laivyno projektavimo institute\",\"breadcrumb\":{\"@id\":\"https:\/\/skaitytaknyga.lt\/produktas\/zmogus-ir-kurejas\/#breadcrumb\"},\"inLanguage\":\"en-GB\",\"potentialAction\":[{\"@type\":\"ReadAction\",\"target\":[\"https:\/\/skaitytaknyga.lt\/produktas\/zmogus-ir-kurejas\/\"]}]},{\"@type\":\"ImageObject\",\"inLanguage\":\"en-GB\",\"@id\":\"https:\/\/skaitytaknyga.lt\/produktas\/zmogus-ir-kurejas\/#primaryimage\",\"url\":\"https:\/\/skaitytaknyga.lt\/wp-content\/uploads\/2025\/12\/Zmogus-ir-kurejas-1.webp\",\"contentUrl\":\"https:\/\/skaitytaknyga.lt\/wp-content\/uploads\/2025\/12\/Zmogus-ir-kurejas-1.webp\",\"width\":300,\"height\":442},{\"@type\":\"BreadcrumbList\",\"@id\":\"https:\/\/skaitytaknyga.lt\/produktas\/zmogus-ir-kurejas\/#breadcrumb\",\"itemListElement\":[{\"@type\":\"ListItem\",\"position\":1,\"name\":\"Home\",\"item\":\"https:\/\/skaitytaknyga.lt\/\"},{\"@type\":\"ListItem\",\"position\":2,\"name\":\"Parduotuv\u0117\",\"item\":\"https:\/\/skaitytaknyga.lt\/knygu-parduotuve\/\"},{\"@type\":\"ListItem\",\"position\":3,\"name\":\"\u017dmogus ir k\u016br\u0117jas\"}]},{\"@type\":\"WebSite\",\"@id\":\"https:\/\/skaitytaknyga.lt\/#website\",\"url\":\"https:\/\/skaitytaknyga.lt\/\",\"name\":\"skaitytaknyga.lt\",\"description\":\"Skaitytaknyga.lt \u2013 tai ma\u017eas \u0161eimos verslas, kuris prasid\u0117jo nuo meil\u0117s knygoms ir siekio i\u0161gelb\u0117ti knygas nuo likimo prie konteinerio. Kas vienam nereikalingas daiktas \u2013 kitam lobis, o mes esame tarpininkai, kurie padeda abiems tapti laimingesniems ???? \u017dinome kaip nelengva i\u0161gyventi ma\u017eiems verslams, tad nuo \u0161iol, \u010dia rasite ir kit\u0173, ma\u017e\u0173 \u0161eim\u0173 versl\u0173, rank\u0173 darbo, dovan\u0173 sau ir artimiesiems.\",\"publisher\":{\"@id\":\"https:\/\/skaitytaknyga.lt\/#organization\"},\"potentialAction\":[{\"@type\":\"SearchAction\",\"target\":{\"@type\":\"EntryPoint\",\"urlTemplate\":\"https:\/\/skaitytaknyga.lt\/?s={search_term_string}\"},\"query-input\":{\"@type\":\"PropertyValueSpecification\",\"valueRequired\":true,\"valueName\":\"search_term_string\"}}],\"inLanguage\":\"en-GB\"},{\"@type\":\"Organization\",\"@id\":\"https:\/\/skaitytaknyga.lt\/#organization\",\"name\":\"skaitytaknyga.lt\",\"url\":\"https:\/\/skaitytaknyga.lt\/\",\"logo\":{\"@type\":\"ImageObject\",\"inLanguage\":\"en-GB\",\"@id\":\"https:\/\/skaitytaknyga.lt\/#\/schema\/logo\/image\/\",\"url\":\"https:\/\/skaitytaknyga.lt\/wp-content\/uploads\/2024\/05\/cropped-cropped-cropped-02_00843_jt3bggkj1j3HLc7SyY6rEUpg.jpeg\",\"contentUrl\":\"https:\/\/skaitytaknyga.lt\/wp-content\/uploads\/2024\/05\/cropped-cropped-cropped-02_00843_jt3bggkj1j3HLc7SyY6rEUpg.jpeg\",\"width\":1600,\"height\":1600,\"caption\":\"skaitytaknyga.lt\"},\"image\":{\"@id\":\"https:\/\/skaitytaknyga.lt\/#\/schema\/logo\/image\/\"},\"sameAs\":[\"https:\/\/www.facebook.com\/skaitytaknyga\/\"]}]}<\/script>\n<!-- \/ Yoast SEO plugin. -->","yoast_head_json":{"title":"\u017dmogus ir k\u016br\u0117jas","description":"Stasys Malkevi\u010dius \u2013 Malkus baig\u0117 Kauno politechnikos institut\u0105, in\u017einierius elektromechanikas. Dirbo Klaip\u0117dos \u017evejybos laivyno projektavimo institute","robots":{"index":"index","follow":"follow","max-snippet":"max-snippet:-1","max-image-preview":"max-image-preview:large","max-video-preview":"max-video-preview:-1"},"canonical":"https:\/\/skaitytaknyga.lt\/en\/produktas\/zmogus-ir-kurejas\/","og_locale":"en_GB","og_type":"article","og_title":"[:lt]\u017dmogus ir k\u016br\u0117jas[:] - Skaitytaknyga","og_description":"Stasys Malkevi\u010dius \u2013 Malkus baig\u0117 Kauno politechnikos institut\u0105, in\u017einierius elektromechanikas. Dirbo Klaip\u0117dos \u017evejybos laivyno projektavimo institute","og_url":"https:\/\/skaitytaknyga.lt\/en\/produktas\/zmogus-ir-kurejas\/","og_site_name":"Skaitytaknyga","article_publisher":"https:\/\/www.facebook.com\/skaitytaknyga\/","article_modified_time":"2026-03-18T09:44:42+00:00","og_image":[{"width":300,"height":442,"url":"https:\/\/skaitytaknyga.lt\/wp-content\/uploads\/2025\/12\/Zmogus-ir-kurejas-1.webp","type":"image\/webp"}],"twitter_card":"summary_large_image","twitter_misc":{"Estimated reading time":"1 minute"},"schema":{"@context":"https:\/\/schema.org","@graph":[{"@type":"WebPage","@id":"https:\/\/skaitytaknyga.lt\/produktas\/zmogus-ir-kurejas\/","url":"https:\/\/skaitytaknyga.lt\/produktas\/zmogus-ir-kurejas\/","name":"\u017dmogus ir k\u016br\u0117jas","isPartOf":{"@id":"https:\/\/skaitytaknyga.lt\/#website"},"primaryImageOfPage":{"@id":"https:\/\/skaitytaknyga.lt\/produktas\/zmogus-ir-kurejas\/#primaryimage"},"image":{"@id":"https:\/\/skaitytaknyga.lt\/produktas\/zmogus-ir-kurejas\/#primaryimage"},"thumbnailUrl":"https:\/\/skaitytaknyga.lt\/wp-content\/uploads\/2025\/12\/Zmogus-ir-kurejas-1.webp","datePublished":"2025-12-27T09:45:09+00:00","dateModified":"2026-03-18T09:44:42+00:00","description":"Stasys Malkevi\u010dius \u2013 Malkus baig\u0117 Kauno politechnikos institut\u0105, in\u017einierius elektromechanikas. Dirbo Klaip\u0117dos \u017evejybos laivyno projektavimo institute","breadcrumb":{"@id":"https:\/\/skaitytaknyga.lt\/produktas\/zmogus-ir-kurejas\/#breadcrumb"},"inLanguage":"en-GB","potentialAction":[{"@type":"ReadAction","target":["https:\/\/skaitytaknyga.lt\/produktas\/zmogus-ir-kurejas\/"]}]},{"@type":"ImageObject","inLanguage":"en-GB","@id":"https:\/\/skaitytaknyga.lt\/produktas\/zmogus-ir-kurejas\/#primaryimage","url":"https:\/\/skaitytaknyga.lt\/wp-content\/uploads\/2025\/12\/Zmogus-ir-kurejas-1.webp","contentUrl":"https:\/\/skaitytaknyga.lt\/wp-content\/uploads\/2025\/12\/Zmogus-ir-kurejas-1.webp","width":300,"height":442},{"@type":"BreadcrumbList","@id":"https:\/\/skaitytaknyga.lt\/produktas\/zmogus-ir-kurejas\/#breadcrumb","itemListElement":[{"@type":"ListItem","position":1,"name":"Home","item":"https:\/\/skaitytaknyga.lt\/"},{"@type":"ListItem","position":2,"name":"Parduotuv\u0117","item":"https:\/\/skaitytaknyga.lt\/knygu-parduotuve\/"},{"@type":"ListItem","position":3,"name":"\u017dmogus ir k\u016br\u0117jas"}]},{"@type":"WebSite","@id":"https:\/\/skaitytaknyga.lt\/#website","url":"https:\/\/skaitytaknyga.lt\/","name":"skaitytaknyga.lt","description":"Skaitytaknyga.lt \u2013 tai ma\u017eas \u0161eimos verslas, kuris prasid\u0117jo nuo meil\u0117s knygoms ir siekio i\u0161gelb\u0117ti knygas nuo likimo prie konteinerio. Kas vienam nereikalingas daiktas \u2013 kitam lobis, o mes esame tarpininkai, kurie padeda abiems tapti laimingesniems ???? \u017dinome kaip nelengva i\u0161gyventi ma\u017eiems verslams, tad nuo \u0161iol, \u010dia rasite ir kit\u0173, ma\u017e\u0173 \u0161eim\u0173 versl\u0173, rank\u0173 darbo, dovan\u0173 sau ir artimiesiems.","publisher":{"@id":"https:\/\/skaitytaknyga.lt\/#organization"},"potentialAction":[{"@type":"SearchAction","target":{"@type":"EntryPoint","urlTemplate":"https:\/\/skaitytaknyga.lt\/?s={search_term_string}"},"query-input":{"@type":"PropertyValueSpecification","valueRequired":true,"valueName":"search_term_string"}}],"inLanguage":"en-GB"},{"@type":"Organization","@id":"https:\/\/skaitytaknyga.lt\/#organization","name":"skaitytaknyga.lt","url":"https:\/\/skaitytaknyga.lt\/","logo":{"@type":"ImageObject","inLanguage":"en-GB","@id":"https:\/\/skaitytaknyga.lt\/#\/schema\/logo\/image\/","url":"https:\/\/skaitytaknyga.lt\/wp-content\/uploads\/2024\/05\/cropped-cropped-cropped-02_00843_jt3bggkj1j3HLc7SyY6rEUpg.jpeg","contentUrl":"https:\/\/skaitytaknyga.lt\/wp-content\/uploads\/2024\/05\/cropped-cropped-cropped-02_00843_jt3bggkj1j3HLc7SyY6rEUpg.jpeg","width":1600,"height":1600,"caption":"skaitytaknyga.lt"},"image":{"@id":"https:\/\/skaitytaknyga.lt\/#\/schema\/logo\/image\/"},"sameAs":["https:\/\/www.facebook.com\/skaitytaknyga\/"]}]}},"_links":{"self":[{"href":"https:\/\/skaitytaknyga.lt\/en\/wp-json\/wp\/v2\/product\/22533","targetHints":{"allow":["GET"]}}],"collection":[{"href":"https:\/\/skaitytaknyga.lt\/en\/wp-json\/wp\/v2\/product"}],"about":[{"href":"https:\/\/skaitytaknyga.lt\/en\/wp-json\/wp\/v2\/types\/product"}],"replies":[{"embeddable":true,"href":"https:\/\/skaitytaknyga.lt\/en\/wp-json\/wp\/v2\/comments?post=22533"}],"wp:featuredmedia":[{"embeddable":true,"href":"https:\/\/skaitytaknyga.lt\/en\/wp-json\/wp\/v2\/media\/22538"}],"wp:attachment":[{"href":"https:\/\/skaitytaknyga.lt\/en\/wp-json\/wp\/v2\/media?parent=22533"}],"wp:term":[{"taxonomy":"product_brand","embeddable":true,"href":"https:\/\/skaitytaknyga.lt\/en\/wp-json\/wp\/v2\/product_brand?post=22533"},{"taxonomy":"product_cat","embeddable":true,"href":"https:\/\/skaitytaknyga.lt\/en\/wp-json\/wp\/v2\/product_cat?post=22533"},{"taxonomy":"product_tag","embeddable":true,"href":"https:\/\/skaitytaknyga.lt\/en\/wp-json\/wp\/v2\/product_tag?post=22533"}],"curies":[{"name":"wp","href":"https:\/\/api.w.org\/{rel}","templated":true}]}}