{"id":22531,"date":"2025-12-27T11:45:08","date_gmt":"2025-12-27T09:45:08","guid":{"rendered":"https:\/\/skaitytaknyga.lt\/?post_type=product&#038;p=22531"},"modified":"2026-03-18T20:03:20","modified_gmt":"2026-03-18T18:03:20","slug":"gyvenimo-ir-teatro-vaidinimai-xx-amziaus-vakaru-drama","status":"publish","type":"product","link":"https:\/\/skaitytaknyga.lt\/en\/produktas\/gyvenimo-ir-teatro-vaidinimai-xx-amziaus-vakaru-drama\/","title":{"rendered":"Gyvenimo ir teatro vaidinimai: XX am\u017eiaus vakar\u0173 drama"},"content":{"rendered":"<p>\u201eGyvenimo kaip teatro\u201c metafora yra beveik tokia pat sena, kaip ir \u017emoni\u0173 visuomen\u0117. Prie\u0161taringa, \u0161akota XX am\u017eiaus Vakar\u0173 dramos raida itin palanki atid\u017eiam \u017evilgsniui \u012f gyvenimo ir teatro vaidinim\u0173 s\u0105veik\u0105. Marija Au\u0161rin\u0117 Pavilionien\u0117 \u012f j\u0105 gilinasi aistringai, nevengdama poleminio \u012fkar\u0161\u010dio, apr\u0117pdama didel\u0119 \u0161ali\u0173, kult\u016br\u0173, dramaturg\u0173 \u012fvairov\u0119 &#8211; ir garsi\u0173j\u0173 XX am\u017eiaus teatro bei dramos klasik\u0173, ir visai ne\u017einom\u0173, \u201eegzoti\u0161k\u0173\u201c autori\u0173.<\/p>\n<p>Naujoji Marijos Au\u0161rin\u0117s Pavilionien\u0117s studija skatina diskutuoti, pritarti ir nesutikti, pa\u010diam skaitytojui kelti klausim\u0105, kaip ir kiek teatro vaidinimas gal\u0117t\u0173 paveikti gyvenimo vaidinimo kokyb\u0119&#8230; Provokuojanti knyga.<br \/>\nDoc. Genovait\u0117 Dru\u010dkut\u0117<\/p>\n<p>\u0160ioje knygoje teatras nesibaigia anapus rampos. Gyvenimo vaidinimai apglobia scenos vaidinimus. Analizuodama XX am\u017eiaus Vakar\u0173 dram\u0105, Marija Au\u0161rin\u0117 Pavilionien\u0117 nupl\u0117\u0161ia galing\u0173j\u0173 kaukes, gina nuskriaustuosius ir atstumtuosius. Tie, kam teatras yra ne vien reginys, bet ir pilietinis veiksmas, ras knygos puslapiuose atid\u017ei\u0105 pa\u0161nekov\u0119.<br \/>\nProf. K\u0119stutis Nastopka<\/p>\n","protected":false},"excerpt":{"rendered":"<p>\u201eGyvenimo kaip teatro\u201c metafora yra beveik tokia pat sena, kaip ir \u017emoni\u0173 visuomen\u0117. Prie\u0161taringa, \u0161akota XX am\u017eiaus Vakar\u0173 dramos raida itin palanki atid\u017eiam \u017evilgsniui \u012f gyvenimo ir teatro vaidinim\u0173 s\u0105veik\u0105. Marija Au\u0161rin\u0117 Pavilionien\u0117 \u012f j\u0105 gilinasi aistringai, nevengdama poleminio \u012fkar\u0161\u010dio, apr\u0117pdama didel\u0119 \u0161ali\u0173, kult\u016br\u0173, dramaturg\u0173 \u012fvairov\u0119 &#8211; ir garsi\u0173j\u0173 XX am\u017eiaus teatro bei dramos klasik\u0173, ir visai ne\u017einom\u0173, \u201eegzoti\u0161k\u0173\u201c autori\u0173. Naujoji Marijos Au\u0161rin\u0117s Pavilionien\u0117s studija skatina diskutuoti, pritarti ir nesutikti, pa\u010diam skaitytojui kelti klausim\u0105, kaip ir kiek teatro vaidinimas gal\u0117t\u0173 paveikti gyvenimo vaidinimo kokyb\u0119&#8230; Provokuojanti knyga. Doc. Genovait\u0117 Dru\u010dkut\u0117 \u0160ioje knygoje teatras nesibaigia anapus rampos. Gyvenimo vaidinimai apglobia scenos vaidinimus. Analizuodama XX am\u017eiaus Vakar\u0173 dram\u0105, Marija Au\u0161rin\u0117 Pavilionien\u0117 nupl\u0117\u0161ia galing\u0173j\u0173 kaukes, gina nuskriaustuosius ir atstumtuosius. Tie, kam teatras yra ne vien reginys, bet ir pilietinis veiksmas, ras knygos puslapiuose atid\u017ei\u0105 pa\u0161nekov\u0119. Prof. K\u0119stutis Nastopka<\/p>\n","protected":false},"featured_media":22536,"comment_status":"open","ping_status":"closed","template":"","meta":{"_acf_changed":false,"site-sidebar-layout":"default","site-content-layout":"","ast-site-content-layout":"default","site-content-style":"default","site-sidebar-style":"default","ast-global-header-display":"","ast-banner-title-visibility":"","ast-main-header-display":"","ast-hfb-above-header-display":"","ast-hfb-below-header-display":"","ast-hfb-mobile-header-display":"","site-post-title":"","ast-breadcrumbs-content":"","ast-featured-img":"","footer-sml-layout":"","ast-disable-related-posts":"","theme-transparent-header-meta":"","adv-header-id-meta":"","stick-header-meta":"","header-above-stick-meta":"","header-main-stick-meta":"","header-below-stick-meta":"","astra-migrate-meta-layouts":"default","ast-page-background-enabled":"default","ast-page-background-meta":{"desktop":{"background-color":"","background-image":"","background-repeat":"repeat","background-position":"center center","background-size":"auto","background-attachment":"scroll","background-type":"","background-media":"","overlay-type":"","overlay-color":"","overlay-opacity":"","overlay-gradient":""},"tablet":{"background-color":"","background-image":"","background-repeat":"repeat","background-position":"center center","background-size":"auto","background-attachment":"scroll","background-type":"","background-media":"","overlay-type":"","overlay-color":"","overlay-opacity":"","overlay-gradient":""},"mobile":{"background-color":"","background-image":"","background-repeat":"repeat","background-position":"center center","background-size":"auto","background-attachment":"scroll","background-type":"","background-media":"","overlay-type":"","overlay-color":"","overlay-opacity":"","overlay-gradient":""}},"ast-content-background-meta":{"desktop":{"background-color":"var(--ast-global-color-4)","background-image":"","background-repeat":"repeat","background-position":"center center","background-size":"auto","background-attachment":"scroll","background-type":"","background-media":"","overlay-type":"","overlay-color":"","overlay-opacity":"","overlay-gradient":""},"tablet":{"background-color":"var(--ast-global-color-4)","background-image":"","background-repeat":"repeat","background-position":"center center","background-size":"auto","background-attachment":"scroll","background-type":"","background-media":"","overlay-type":"","overlay-color":"","overlay-opacity":"","overlay-gradient":""},"mobile":{"background-color":"var(--ast-global-color-4)","background-image":"","background-repeat":"repeat","background-position":"center center","background-size":"auto","background-attachment":"scroll","background-type":"","background-media":"","overlay-type":"","overlay-color":"","overlay-opacity":"","overlay-gradient":""}}},"product_brand":[],"product_cat":[33,57],"product_tag":[],"class_list":{"0":"post-22531","1":"product","2":"type-product","3":"status-publish","4":"has-post-thumbnail","6":"product_cat-biografijos","7":"product_cat-menas-ir-albumai","8":"desktop-align-left","9":"tablet-align-left","10":"mobile-align-left","12":"first","13":"instock","14":"shipping-taxable","15":"purchasable","16":"product-type-simple"},"acf":[],"yoast_head":"<!-- This site is optimized with the Yoast SEO plugin v27.0 - https:\/\/yoast.com\/product\/yoast-seo-wordpress\/ -->\n<title>Gyvenimo ir teatro vaidinimai: XX am\u017eiaus vakar\u0173 drama<\/title>\n<meta name=\"description\" content=\"\u201eGyvenimo kaip teatro\u201c metafora yra beveik tokia pat sena, kaip ir \u017emoni\u0173 visuomen\u0117. Prie\u0161taringa, \u0161akota XX am\u017eiaus Vakar\u0173 dramos raida itin palanki\" \/>\n<meta name=\"robots\" content=\"index, follow, max-snippet:-1, max-image-preview:large, max-video-preview:-1\" \/>\n<link rel=\"canonical\" href=\"https:\/\/skaitytaknyga.lt\/en\/produktas\/gyvenimo-ir-teatro-vaidinimai-xx-amziaus-vakaru-drama\/\" \/>\n<meta property=\"og:locale\" content=\"en_GB\" \/>\n<meta property=\"og:locale:alternate\" content=\"lt_LT\" \/>\n<meta property=\"og:type\" content=\"article\" \/>\n<meta property=\"og:title\" content=\"Gyvenimo ir teatro vaidinimai: XX am\u017eiaus vakar\u0173 drama\" \/>\n<meta property=\"og:description\" content=\"\u201eGyvenimo kaip teatro\u201c metafora yra beveik tokia pat sena, kaip ir \u017emoni\u0173 visuomen\u0117. Prie\u0161taringa, \u0161akota XX am\u017eiaus Vakar\u0173 dramos raida itin palanki\" \/>\n<meta property=\"og:url\" content=\"https:\/\/skaitytaknyga.lt\/en\/produktas\/gyvenimo-ir-teatro-vaidinimai-xx-amziaus-vakaru-drama\/\" \/>\n<meta property=\"og:site_name\" content=\"Skaitytaknyga\" \/>\n<meta property=\"article:publisher\" content=\"https:\/\/www.facebook.com\/skaitytaknyga\/\" \/>\n<meta property=\"article:modified_time\" content=\"2026-03-18T18:03:20+00:00\" \/>\n<meta property=\"og:image\" content=\"https:\/\/skaitytaknyga.lt\/wp-content\/uploads\/2025\/12\/Gyvenimo-ir-teatro-vaidinimai-XX-amziaus-vakaru-drama-1.webp\" \/>\n\t<meta property=\"og:image:width\" content=\"300\" \/>\n\t<meta property=\"og:image:height\" content=\"438\" \/>\n\t<meta property=\"og:image:type\" content=\"image\/webp\" \/>\n<meta name=\"twitter:card\" content=\"summary_large_image\" \/>\n<meta name=\"twitter:label1\" content=\"Estimated reading time\" \/>\n\t<meta name=\"twitter:data1\" content=\"1 minute\" \/>\n<script type=\"application\/ld+json\" class=\"yoast-schema-graph\">{\"@context\":\"https:\/\/schema.org\",\"@graph\":[{\"@type\":\"WebPage\",\"@id\":\"https:\/\/skaitytaknyga.lt\/produktas\/gyvenimo-ir-teatro-vaidinimai-xx-amziaus-vakaru-drama\/\",\"url\":\"https:\/\/skaitytaknyga.lt\/produktas\/gyvenimo-ir-teatro-vaidinimai-xx-amziaus-vakaru-drama\/\",\"name\":\"Gyvenimo ir teatro vaidinimai: XX am\u017eiaus vakar\u0173 drama\",\"isPartOf\":{\"@id\":\"https:\/\/skaitytaknyga.lt\/#website\"},\"primaryImageOfPage\":{\"@id\":\"https:\/\/skaitytaknyga.lt\/produktas\/gyvenimo-ir-teatro-vaidinimai-xx-amziaus-vakaru-drama\/#primaryimage\"},\"image\":{\"@id\":\"https:\/\/skaitytaknyga.lt\/produktas\/gyvenimo-ir-teatro-vaidinimai-xx-amziaus-vakaru-drama\/#primaryimage\"},\"thumbnailUrl\":\"https:\/\/skaitytaknyga.lt\/wp-content\/uploads\/2025\/12\/Gyvenimo-ir-teatro-vaidinimai-XX-amziaus-vakaru-drama-1.webp\",\"datePublished\":\"2025-12-27T09:45:08+00:00\",\"dateModified\":\"2026-03-18T18:03:20+00:00\",\"description\":\"\u201eGyvenimo kaip teatro\u201c metafora yra beveik tokia pat sena, kaip ir \u017emoni\u0173 visuomen\u0117. Prie\u0161taringa, \u0161akota XX am\u017eiaus Vakar\u0173 dramos raida itin palanki\",\"breadcrumb\":{\"@id\":\"https:\/\/skaitytaknyga.lt\/produktas\/gyvenimo-ir-teatro-vaidinimai-xx-amziaus-vakaru-drama\/#breadcrumb\"},\"inLanguage\":\"en-GB\",\"potentialAction\":[{\"@type\":\"ReadAction\",\"target\":[\"https:\/\/skaitytaknyga.lt\/produktas\/gyvenimo-ir-teatro-vaidinimai-xx-amziaus-vakaru-drama\/\"]}]},{\"@type\":\"ImageObject\",\"inLanguage\":\"en-GB\",\"@id\":\"https:\/\/skaitytaknyga.lt\/produktas\/gyvenimo-ir-teatro-vaidinimai-xx-amziaus-vakaru-drama\/#primaryimage\",\"url\":\"https:\/\/skaitytaknyga.lt\/wp-content\/uploads\/2025\/12\/Gyvenimo-ir-teatro-vaidinimai-XX-amziaus-vakaru-drama-1.webp\",\"contentUrl\":\"https:\/\/skaitytaknyga.lt\/wp-content\/uploads\/2025\/12\/Gyvenimo-ir-teatro-vaidinimai-XX-amziaus-vakaru-drama-1.webp\",\"width\":300,\"height\":438,\"caption\":\"Gyvenimo ir teatro vaidinimai: XX am\u017eiaus vakar\u0173 drama\"},{\"@type\":\"BreadcrumbList\",\"@id\":\"https:\/\/skaitytaknyga.lt\/produktas\/gyvenimo-ir-teatro-vaidinimai-xx-amziaus-vakaru-drama\/#breadcrumb\",\"itemListElement\":[{\"@type\":\"ListItem\",\"position\":1,\"name\":\"Home\",\"item\":\"https:\/\/skaitytaknyga.lt\/\"},{\"@type\":\"ListItem\",\"position\":2,\"name\":\"Parduotuv\u0117\",\"item\":\"https:\/\/skaitytaknyga.lt\/knygu-parduotuve\/\"},{\"@type\":\"ListItem\",\"position\":3,\"name\":\"Gyvenimo ir teatro vaidinimai: XX am\u017eiaus vakar\u0173 drama\"}]},{\"@type\":\"WebSite\",\"@id\":\"https:\/\/skaitytaknyga.lt\/#website\",\"url\":\"https:\/\/skaitytaknyga.lt\/\",\"name\":\"skaitytaknyga.lt\",\"description\":\"Skaitytaknyga.lt \u2013 tai ma\u017eas \u0161eimos verslas, kuris prasid\u0117jo nuo meil\u0117s knygoms ir siekio i\u0161gelb\u0117ti knygas nuo likimo prie konteinerio. Kas vienam nereikalingas daiktas \u2013 kitam lobis, o mes esame tarpininkai, kurie padeda abiems tapti laimingesniems ???? \u017dinome kaip nelengva i\u0161gyventi ma\u017eiems verslams, tad nuo \u0161iol, \u010dia rasite ir kit\u0173, ma\u017e\u0173 \u0161eim\u0173 versl\u0173, rank\u0173 darbo, dovan\u0173 sau ir artimiesiems.\",\"publisher\":{\"@id\":\"https:\/\/skaitytaknyga.lt\/#organization\"},\"potentialAction\":[{\"@type\":\"SearchAction\",\"target\":{\"@type\":\"EntryPoint\",\"urlTemplate\":\"https:\/\/skaitytaknyga.lt\/?s={search_term_string}\"},\"query-input\":{\"@type\":\"PropertyValueSpecification\",\"valueRequired\":true,\"valueName\":\"search_term_string\"}}],\"inLanguage\":\"en-GB\"},{\"@type\":\"Organization\",\"@id\":\"https:\/\/skaitytaknyga.lt\/#organization\",\"name\":\"skaitytaknyga.lt\",\"url\":\"https:\/\/skaitytaknyga.lt\/\",\"logo\":{\"@type\":\"ImageObject\",\"inLanguage\":\"en-GB\",\"@id\":\"https:\/\/skaitytaknyga.lt\/#\/schema\/logo\/image\/\",\"url\":\"https:\/\/skaitytaknyga.lt\/wp-content\/uploads\/2024\/05\/cropped-cropped-cropped-02_00843_jt3bggkj1j3HLc7SyY6rEUpg.jpeg\",\"contentUrl\":\"https:\/\/skaitytaknyga.lt\/wp-content\/uploads\/2024\/05\/cropped-cropped-cropped-02_00843_jt3bggkj1j3HLc7SyY6rEUpg.jpeg\",\"width\":1600,\"height\":1600,\"caption\":\"skaitytaknyga.lt\"},\"image\":{\"@id\":\"https:\/\/skaitytaknyga.lt\/#\/schema\/logo\/image\/\"},\"sameAs\":[\"https:\/\/www.facebook.com\/skaitytaknyga\/\"]}]}<\/script>\n<!-- \/ Yoast SEO plugin. -->","yoast_head_json":{"title":"Gyvenimo ir teatro vaidinimai: XX am\u017eiaus vakar\u0173 drama","description":"\u201eGyvenimo kaip teatro\u201c metafora yra beveik tokia pat sena, kaip ir \u017emoni\u0173 visuomen\u0117. Prie\u0161taringa, \u0161akota XX am\u017eiaus Vakar\u0173 dramos raida itin palanki","robots":{"index":"index","follow":"follow","max-snippet":"max-snippet:-1","max-image-preview":"max-image-preview:large","max-video-preview":"max-video-preview:-1"},"canonical":"https:\/\/skaitytaknyga.lt\/en\/produktas\/gyvenimo-ir-teatro-vaidinimai-xx-amziaus-vakaru-drama\/","og_locale":"en_GB","og_type":"article","og_title":"[:lt]Gyvenimo ir teatro vaidinimai: XX am\u017eiaus vakar\u0173 drama[:] - Skaitytaknyga","og_description":"\u201eGyvenimo kaip teatro\u201c metafora yra beveik tokia pat sena, kaip ir \u017emoni\u0173 visuomen\u0117. Prie\u0161taringa, \u0161akota XX am\u017eiaus Vakar\u0173 dramos raida itin palanki","og_url":"https:\/\/skaitytaknyga.lt\/en\/produktas\/gyvenimo-ir-teatro-vaidinimai-xx-amziaus-vakaru-drama\/","og_site_name":"Skaitytaknyga","article_publisher":"https:\/\/www.facebook.com\/skaitytaknyga\/","article_modified_time":"2026-03-18T18:03:20+00:00","og_image":[{"width":300,"height":438,"url":"https:\/\/skaitytaknyga.lt\/wp-content\/uploads\/2025\/12\/Gyvenimo-ir-teatro-vaidinimai-XX-amziaus-vakaru-drama-1.webp","type":"image\/webp"}],"twitter_card":"summary_large_image","twitter_misc":{"Estimated reading time":"1 minute"},"schema":{"@context":"https:\/\/schema.org","@graph":[{"@type":"WebPage","@id":"https:\/\/skaitytaknyga.lt\/produktas\/gyvenimo-ir-teatro-vaidinimai-xx-amziaus-vakaru-drama\/","url":"https:\/\/skaitytaknyga.lt\/produktas\/gyvenimo-ir-teatro-vaidinimai-xx-amziaus-vakaru-drama\/","name":"Gyvenimo ir teatro vaidinimai: XX am\u017eiaus vakar\u0173 drama","isPartOf":{"@id":"https:\/\/skaitytaknyga.lt\/#website"},"primaryImageOfPage":{"@id":"https:\/\/skaitytaknyga.lt\/produktas\/gyvenimo-ir-teatro-vaidinimai-xx-amziaus-vakaru-drama\/#primaryimage"},"image":{"@id":"https:\/\/skaitytaknyga.lt\/produktas\/gyvenimo-ir-teatro-vaidinimai-xx-amziaus-vakaru-drama\/#primaryimage"},"thumbnailUrl":"https:\/\/skaitytaknyga.lt\/wp-content\/uploads\/2025\/12\/Gyvenimo-ir-teatro-vaidinimai-XX-amziaus-vakaru-drama-1.webp","datePublished":"2025-12-27T09:45:08+00:00","dateModified":"2026-03-18T18:03:20+00:00","description":"\u201eGyvenimo kaip teatro\u201c metafora yra beveik tokia pat sena, kaip ir \u017emoni\u0173 visuomen\u0117. Prie\u0161taringa, \u0161akota XX am\u017eiaus Vakar\u0173 dramos raida itin palanki","breadcrumb":{"@id":"https:\/\/skaitytaknyga.lt\/produktas\/gyvenimo-ir-teatro-vaidinimai-xx-amziaus-vakaru-drama\/#breadcrumb"},"inLanguage":"en-GB","potentialAction":[{"@type":"ReadAction","target":["https:\/\/skaitytaknyga.lt\/produktas\/gyvenimo-ir-teatro-vaidinimai-xx-amziaus-vakaru-drama\/"]}]},{"@type":"ImageObject","inLanguage":"en-GB","@id":"https:\/\/skaitytaknyga.lt\/produktas\/gyvenimo-ir-teatro-vaidinimai-xx-amziaus-vakaru-drama\/#primaryimage","url":"https:\/\/skaitytaknyga.lt\/wp-content\/uploads\/2025\/12\/Gyvenimo-ir-teatro-vaidinimai-XX-amziaus-vakaru-drama-1.webp","contentUrl":"https:\/\/skaitytaknyga.lt\/wp-content\/uploads\/2025\/12\/Gyvenimo-ir-teatro-vaidinimai-XX-amziaus-vakaru-drama-1.webp","width":300,"height":438,"caption":"Gyvenimo ir teatro vaidinimai: XX am\u017eiaus vakar\u0173 drama"},{"@type":"BreadcrumbList","@id":"https:\/\/skaitytaknyga.lt\/produktas\/gyvenimo-ir-teatro-vaidinimai-xx-amziaus-vakaru-drama\/#breadcrumb","itemListElement":[{"@type":"ListItem","position":1,"name":"Home","item":"https:\/\/skaitytaknyga.lt\/"},{"@type":"ListItem","position":2,"name":"Parduotuv\u0117","item":"https:\/\/skaitytaknyga.lt\/knygu-parduotuve\/"},{"@type":"ListItem","position":3,"name":"Gyvenimo ir teatro vaidinimai: XX am\u017eiaus vakar\u0173 drama"}]},{"@type":"WebSite","@id":"https:\/\/skaitytaknyga.lt\/#website","url":"https:\/\/skaitytaknyga.lt\/","name":"skaitytaknyga.lt","description":"Skaitytaknyga.lt \u2013 tai ma\u017eas \u0161eimos verslas, kuris prasid\u0117jo nuo meil\u0117s knygoms ir siekio i\u0161gelb\u0117ti knygas nuo likimo prie konteinerio. Kas vienam nereikalingas daiktas \u2013 kitam lobis, o mes esame tarpininkai, kurie padeda abiems tapti laimingesniems ???? \u017dinome kaip nelengva i\u0161gyventi ma\u017eiems verslams, tad nuo \u0161iol, \u010dia rasite ir kit\u0173, ma\u017e\u0173 \u0161eim\u0173 versl\u0173, rank\u0173 darbo, dovan\u0173 sau ir artimiesiems.","publisher":{"@id":"https:\/\/skaitytaknyga.lt\/#organization"},"potentialAction":[{"@type":"SearchAction","target":{"@type":"EntryPoint","urlTemplate":"https:\/\/skaitytaknyga.lt\/?s={search_term_string}"},"query-input":{"@type":"PropertyValueSpecification","valueRequired":true,"valueName":"search_term_string"}}],"inLanguage":"en-GB"},{"@type":"Organization","@id":"https:\/\/skaitytaknyga.lt\/#organization","name":"skaitytaknyga.lt","url":"https:\/\/skaitytaknyga.lt\/","logo":{"@type":"ImageObject","inLanguage":"en-GB","@id":"https:\/\/skaitytaknyga.lt\/#\/schema\/logo\/image\/","url":"https:\/\/skaitytaknyga.lt\/wp-content\/uploads\/2024\/05\/cropped-cropped-cropped-02_00843_jt3bggkj1j3HLc7SyY6rEUpg.jpeg","contentUrl":"https:\/\/skaitytaknyga.lt\/wp-content\/uploads\/2024\/05\/cropped-cropped-cropped-02_00843_jt3bggkj1j3HLc7SyY6rEUpg.jpeg","width":1600,"height":1600,"caption":"skaitytaknyga.lt"},"image":{"@id":"https:\/\/skaitytaknyga.lt\/#\/schema\/logo\/image\/"},"sameAs":["https:\/\/www.facebook.com\/skaitytaknyga\/"]}]}},"_links":{"self":[{"href":"https:\/\/skaitytaknyga.lt\/en\/wp-json\/wp\/v2\/product\/22531","targetHints":{"allow":["GET"]}}],"collection":[{"href":"https:\/\/skaitytaknyga.lt\/en\/wp-json\/wp\/v2\/product"}],"about":[{"href":"https:\/\/skaitytaknyga.lt\/en\/wp-json\/wp\/v2\/types\/product"}],"replies":[{"embeddable":true,"href":"https:\/\/skaitytaknyga.lt\/en\/wp-json\/wp\/v2\/comments?post=22531"}],"wp:featuredmedia":[{"embeddable":true,"href":"https:\/\/skaitytaknyga.lt\/en\/wp-json\/wp\/v2\/media\/22536"}],"wp:attachment":[{"href":"https:\/\/skaitytaknyga.lt\/en\/wp-json\/wp\/v2\/media?parent=22531"}],"wp:term":[{"taxonomy":"product_brand","embeddable":true,"href":"https:\/\/skaitytaknyga.lt\/en\/wp-json\/wp\/v2\/product_brand?post=22531"},{"taxonomy":"product_cat","embeddable":true,"href":"https:\/\/skaitytaknyga.lt\/en\/wp-json\/wp\/v2\/product_cat?post=22531"},{"taxonomy":"product_tag","embeddable":true,"href":"https:\/\/skaitytaknyga.lt\/en\/wp-json\/wp\/v2\/product_tag?post=22531"}],"curies":[{"name":"wp","href":"https:\/\/api.w.org\/{rel}","templated":true}]}}