{"id":2253,"date":"2024-04-17T13:06:51","date_gmt":"2024-04-17T13:06:51","guid":{"rendered":"https:\/\/skaitytaknyga.lt\/?post_type=product&#038;p=2253"},"modified":"2025-11-29T12:29:03","modified_gmt":"2025-11-29T10:29:03","slug":"bridzita-dzouns-ties-proto-riba","status":"publish","type":"product","link":"https:\/\/skaitytaknyga.lt\/en\/produktas\/bridzita-dzouns-ties-proto-riba\/","title":{"rendered":"Brid\u017eita D\u017eouns: ties proto riba"},"content":{"rendered":"<p>Knygoje \u201eBrid\u017eita D\u017eouns. Ties proto riba\u201c iki aus\u0173 \u012fsimyl\u0117jusiai herojei laimingai gyventi su i\u0161svajotuoju Marku Darsiu lemta vos kelias savaites&#8230; Racionalus ir pedanti\u0161kas mylimasis yra tarsi gyvas priekai\u0161tas emociniam ir buitiniam Brid\u017eitos chaosui, o ir i\u0161svajotasis darbas pasirodo es\u0105s toli gra\u017eu ne rojus. Susiklos\u010dius tokioms aplinkyb\u0117ms Brid\u017eita nutaria leistis \u012f tolim\u0105 kelion\u0119 \u2013 pa\u010dias blogiausias atostogas gyvenime.<\/p>\n<p>Geras komi\u0161kas istorijas kurian\u010di\u0173 ra\u0161ytoj\u0173 labai nedaug. Helen Fielding priklauso tai neapsakomai ma\u017eai grupelei i\u0161rinkt\u0173j\u0173, suk\u016brusi\u0173 herojus, apie kuriuos vien pagalvojus norisi \u0161ypsotis.<\/p>\n<p>\u0160ios kartos fenomenas ir vis\u0173 tobul\u0173j\u0173 moter\u0173 prie\u0161ingyb\u0117 Brid\u017eita D\u017eouns tiesiog u\u017ekariavo pasaul\u012f: pirmosios dvi knygos i\u0161leistos 40 \u0161ali\u0173 daugiau kaip 15 milijon\u0173 egzempliori\u0173 tira\u017eu!<\/p>\n<p>Romanai \u201eBrid\u017eita D\u017eouns. Dienora\u0161tis\u201c ir \u201eBrid\u017eita D\u017eouns. Ties proto riba\u201c ekranizuoti, o filmuose vaidino gars\u016bs aktoriai Ren\u0117 Zelveger, Hju Grantas ir Kolinas Firtas.<\/p>\n<p>\u201eN\u0117ra knygos, kuri\u0105 rekomenduo\u010diau su didesniu d\u017eiaugsmu&#8230; Iki a\u0161ar\u0173 juokinga, stebuklingai \u012f\u017evalgi, be galo jaudinanti\u201c, \u2013 Jilly Cooper<\/p>\n","protected":false},"excerpt":{"rendered":"<p>Knygoje \u201eBrid\u017eita D\u017eouns. Ties proto riba\u201c iki aus\u0173 \u012fsimyl\u0117jusiai herojei laimingai gyventi su i\u0161svajotuoju Marku Darsiu lemta vos kelias savaites&#8230; Racionalus ir pedanti\u0161kas mylimasis yra tarsi gyvas priekai\u0161tas emociniam ir buitiniam Brid\u017eitos chaosui, o ir i\u0161svajotasis darbas pasirodo es\u0105s toli gra\u017eu ne rojus. Susiklos\u010dius tokioms aplinkyb\u0117ms Brid\u017eita nutaria leistis \u012f tolim\u0105 kelion\u0119 \u2013 pa\u010dias blogiausias atostogas gyvenime. Geras komi\u0161kas istorijas kurian\u010di\u0173 ra\u0161ytoj\u0173 labai nedaug. Helen Fielding priklauso tai neapsakomai ma\u017eai grupelei i\u0161rinkt\u0173j\u0173, suk\u016brusi\u0173 herojus, apie kuriuos vien pagalvojus norisi \u0161ypsotis. \u0160ios kartos fenomenas ir vis\u0173 tobul\u0173j\u0173 moter\u0173 prie\u0161ingyb\u0117 Brid\u017eita D\u017eouns tiesiog u\u017ekariavo pasaul\u012f: pirmosios dvi knygos i\u0161leistos 40 \u0161ali\u0173 daugiau kaip 15 milijon\u0173 egzempliori\u0173 tira\u017eu! Romanai \u201eBrid\u017eita D\u017eouns. Dienora\u0161tis\u201c ir \u201eBrid\u017eita D\u017eouns. Ties proto riba\u201c ekranizuoti, o filmuose vaidino gars\u016bs aktoriai Ren\u0117 Zelveger, Hju Grantas ir Kolinas Firtas. \u201eN\u0117ra knygos, kuri\u0105 rekomenduo\u010diau su didesniu d\u017eiaugsmu&#8230; Iki a\u0161ar\u0173 juokinga, stebuklingai \u012f\u017evalgi, be galo jaudinanti\u201c, \u2013 Jilly Cooper<\/p>\n","protected":false},"featured_media":2302,"comment_status":"closed","ping_status":"closed","template":"","meta":{"_acf_changed":false,"site-sidebar-layout":"default","site-content-layout":"","ast-site-content-layout":"default","site-content-style":"default","site-sidebar-style":"default","ast-global-header-display":"","ast-banner-title-visibility":"","ast-main-header-display":"","ast-hfb-above-header-display":"","ast-hfb-below-header-display":"","ast-hfb-mobile-header-display":"","site-post-title":"","ast-breadcrumbs-content":"","ast-featured-img":"","footer-sml-layout":"","ast-disable-related-posts":"","theme-transparent-header-meta":"default","adv-header-id-meta":"","stick-header-meta":"","header-above-stick-meta":"","header-main-stick-meta":"","header-below-stick-meta":"","astra-migrate-meta-layouts":"set","ast-page-background-enabled":"default","ast-page-background-meta":{"desktop":{"background-color":"","background-image":"","background-repeat":"repeat","background-position":"center center","background-size":"auto","background-attachment":"scroll","background-type":"","background-media":"","overlay-type":"","overlay-color":"","overlay-opacity":"","overlay-gradient":""},"tablet":{"background-color":"","background-image":"","background-repeat":"repeat","background-position":"center center","background-size":"auto","background-attachment":"scroll","background-type":"","background-media":"","overlay-type":"","overlay-color":"","overlay-opacity":"","overlay-gradient":""},"mobile":{"background-color":"","background-image":"","background-repeat":"repeat","background-position":"center center","background-size":"auto","background-attachment":"scroll","background-type":"","background-media":"","overlay-type":"","overlay-color":"","overlay-opacity":"","overlay-gradient":""}},"ast-content-background-meta":{"desktop":{"background-color":"var(--ast-global-color-4)","background-image":"","background-repeat":"repeat","background-position":"center center","background-size":"auto","background-attachment":"scroll","background-type":"","background-media":"","overlay-type":"","overlay-color":"","overlay-opacity":"","overlay-gradient":""},"tablet":{"background-color":"var(--ast-global-color-4)","background-image":"","background-repeat":"repeat","background-position":"center center","background-size":"auto","background-attachment":"scroll","background-type":"","background-media":"","overlay-type":"","overlay-color":"","overlay-opacity":"","overlay-gradient":""},"mobile":{"background-color":"var(--ast-global-color-4)","background-image":"","background-repeat":"repeat","background-position":"center center","background-size":"auto","background-attachment":"scroll","background-type":"","background-media":"","overlay-type":"","overlay-color":"","overlay-opacity":"","overlay-gradient":""}}},"product_brand":[],"product_cat":[31],"product_tag":[],"class_list":{"0":"post-2253","1":"product","2":"type-product","3":"status-publish","4":"has-post-thumbnail","6":"product_cat-grozine-literatura","7":"desktop-align-left","8":"tablet-align-left","9":"mobile-align-left","11":"first","12":"instock","13":"shipping-taxable","14":"purchasable","15":"product-type-simple"},"acf":[],"yoast_head":"<!-- This site is optimized with the Yoast SEO plugin v27.0 - https:\/\/yoast.com\/product\/yoast-seo-wordpress\/ -->\n<title>Brid\u017eita D\u017eouns: ties proto riba<\/title>\n<meta name=\"description\" content=\"Knygoje \u201eBrid\u017eita D\u017eouns. Ties proto riba\u201c iki aus\u0173 \u012fsimyl\u0117jusiai herojei laimingai gyventi su i\u0161svajotuoju Marku Darsiu lemta vos kelias savaites...\" \/>\n<meta name=\"robots\" content=\"index, follow, max-snippet:-1, max-image-preview:large, max-video-preview:-1\" \/>\n<link rel=\"canonical\" href=\"https:\/\/skaitytaknyga.lt\/en\/produktas\/bridzita-dzouns-ties-proto-riba\/\" \/>\n<meta property=\"og:locale\" content=\"en_GB\" \/>\n<meta property=\"og:locale:alternate\" content=\"lt_LT\" \/>\n<meta property=\"og:type\" content=\"article\" \/>\n<meta property=\"og:title\" content=\"Brid\u017eita D\u017eouns: ties proto riba\" \/>\n<meta property=\"og:description\" content=\"Knygoje \u201eBrid\u017eita D\u017eouns. Ties proto riba\u201c iki aus\u0173 \u012fsimyl\u0117jusiai herojei laimingai gyventi su i\u0161svajotuoju Marku Darsiu lemta vos kelias savaites...\" \/>\n<meta property=\"og:url\" content=\"https:\/\/skaitytaknyga.lt\/en\/produktas\/bridzita-dzouns-ties-proto-riba\/\" \/>\n<meta property=\"og:site_name\" content=\"Skaitytaknyga\" \/>\n<meta property=\"article:publisher\" content=\"https:\/\/www.facebook.com\/skaitytaknyga\/\" \/>\n<meta property=\"article:modified_time\" content=\"2025-11-29T10:29:03+00:00\" \/>\n<meta property=\"og:image\" content=\"https:\/\/skaitytaknyga.lt\/wp-content\/uploads\/2024\/04\/211143-bridzita-dzouns-ties-proto-riba-1-e1729235329621.jpg\" \/>\n\t<meta property=\"og:image:width\" content=\"305\" \/>\n\t<meta property=\"og:image:height\" content=\"500\" \/>\n\t<meta property=\"og:image:type\" content=\"image\/jpeg\" \/>\n<meta name=\"twitter:card\" content=\"summary_large_image\" \/>\n<meta name=\"twitter:label1\" content=\"Estimated reading time\" \/>\n\t<meta name=\"twitter:data1\" content=\"2 minutes\" \/>\n<script type=\"application\/ld+json\" class=\"yoast-schema-graph\">{\"@context\":\"https:\/\/schema.org\",\"@graph\":[{\"@type\":\"WebPage\",\"@id\":\"https:\/\/skaitytaknyga.lt\/produktas\/bridzita-dzouns-ties-proto-riba\/\",\"url\":\"https:\/\/skaitytaknyga.lt\/produktas\/bridzita-dzouns-ties-proto-riba\/\",\"name\":\"Brid\u017eita D\u017eouns: ties proto riba\",\"isPartOf\":{\"@id\":\"https:\/\/skaitytaknyga.lt\/#website\"},\"primaryImageOfPage\":{\"@id\":\"https:\/\/skaitytaknyga.lt\/produktas\/bridzita-dzouns-ties-proto-riba\/#primaryimage\"},\"image\":{\"@id\":\"https:\/\/skaitytaknyga.lt\/produktas\/bridzita-dzouns-ties-proto-riba\/#primaryimage\"},\"thumbnailUrl\":\"https:\/\/skaitytaknyga.lt\/wp-content\/uploads\/2024\/04\/211143-bridzita-dzouns-ties-proto-riba-1-e1729235329621.jpg\",\"datePublished\":\"2024-04-17T13:06:51+00:00\",\"dateModified\":\"2025-11-29T10:29:03+00:00\",\"description\":\"Knygoje \u201eBrid\u017eita D\u017eouns. Ties proto riba\u201c iki aus\u0173 \u012fsimyl\u0117jusiai herojei laimingai gyventi su i\u0161svajotuoju Marku Darsiu lemta vos kelias savaites...\",\"breadcrumb\":{\"@id\":\"https:\/\/skaitytaknyga.lt\/produktas\/bridzita-dzouns-ties-proto-riba\/#breadcrumb\"},\"inLanguage\":\"en-GB\",\"potentialAction\":[{\"@type\":\"ReadAction\",\"target\":[\"https:\/\/skaitytaknyga.lt\/produktas\/bridzita-dzouns-ties-proto-riba\/\"]}]},{\"@type\":\"ImageObject\",\"inLanguage\":\"en-GB\",\"@id\":\"https:\/\/skaitytaknyga.lt\/produktas\/bridzita-dzouns-ties-proto-riba\/#primaryimage\",\"url\":\"https:\/\/skaitytaknyga.lt\/wp-content\/uploads\/2024\/04\/211143-bridzita-dzouns-ties-proto-riba-1-e1729235329621.jpg\",\"contentUrl\":\"https:\/\/skaitytaknyga.lt\/wp-content\/uploads\/2024\/04\/211143-bridzita-dzouns-ties-proto-riba-1-e1729235329621.jpg\",\"width\":305,\"height\":500,\"caption\":\"211143 bridzita dzouns ties proto riba 1 e1729235329621\"},{\"@type\":\"BreadcrumbList\",\"@id\":\"https:\/\/skaitytaknyga.lt\/produktas\/bridzita-dzouns-ties-proto-riba\/#breadcrumb\",\"itemListElement\":[{\"@type\":\"ListItem\",\"position\":1,\"name\":\"Home\",\"item\":\"https:\/\/skaitytaknyga.lt\/\"},{\"@type\":\"ListItem\",\"position\":2,\"name\":\"Parduotuv\u0117\",\"item\":\"https:\/\/skaitytaknyga.lt\/knygu-parduotuve\/\"},{\"@type\":\"ListItem\",\"position\":3,\"name\":\"Brid\u017eita D\u017eouns: ties proto riba\"}]},{\"@type\":\"WebSite\",\"@id\":\"https:\/\/skaitytaknyga.lt\/#website\",\"url\":\"https:\/\/skaitytaknyga.lt\/\",\"name\":\"skaitytaknyga.lt\",\"description\":\"Skaitytaknyga.lt \u2013 tai ma\u017eas \u0161eimos verslas, kuris prasid\u0117jo nuo meil\u0117s knygoms ir siekio i\u0161gelb\u0117ti knygas nuo likimo prie konteinerio. Kas vienam nereikalingas daiktas \u2013 kitam lobis, o mes esame tarpininkai, kurie padeda abiems tapti laimingesniems ???? \u017dinome kaip nelengva i\u0161gyventi ma\u017eiems verslams, tad nuo \u0161iol, \u010dia rasite ir kit\u0173, ma\u017e\u0173 \u0161eim\u0173 versl\u0173, rank\u0173 darbo, dovan\u0173 sau ir artimiesiems.\",\"publisher\":{\"@id\":\"https:\/\/skaitytaknyga.lt\/#organization\"},\"potentialAction\":[{\"@type\":\"SearchAction\",\"target\":{\"@type\":\"EntryPoint\",\"urlTemplate\":\"https:\/\/skaitytaknyga.lt\/?s={search_term_string}\"},\"query-input\":{\"@type\":\"PropertyValueSpecification\",\"valueRequired\":true,\"valueName\":\"search_term_string\"}}],\"inLanguage\":\"en-GB\"},{\"@type\":\"Organization\",\"@id\":\"https:\/\/skaitytaknyga.lt\/#organization\",\"name\":\"skaitytaknyga.lt\",\"url\":\"https:\/\/skaitytaknyga.lt\/\",\"logo\":{\"@type\":\"ImageObject\",\"inLanguage\":\"en-GB\",\"@id\":\"https:\/\/skaitytaknyga.lt\/#\/schema\/logo\/image\/\",\"url\":\"https:\/\/skaitytaknyga.lt\/wp-content\/uploads\/2024\/05\/cropped-cropped-cropped-02_00843_jt3bggkj1j3HLc7SyY6rEUpg.jpeg\",\"contentUrl\":\"https:\/\/skaitytaknyga.lt\/wp-content\/uploads\/2024\/05\/cropped-cropped-cropped-02_00843_jt3bggkj1j3HLc7SyY6rEUpg.jpeg\",\"width\":1600,\"height\":1600,\"caption\":\"skaitytaknyga.lt\"},\"image\":{\"@id\":\"https:\/\/skaitytaknyga.lt\/#\/schema\/logo\/image\/\"},\"sameAs\":[\"https:\/\/www.facebook.com\/skaitytaknyga\/\"]}]}<\/script>\n<!-- \/ Yoast SEO plugin. -->","yoast_head_json":{"title":"Brid\u017eita D\u017eouns: ties proto riba","description":"Knygoje \u201eBrid\u017eita D\u017eouns. Ties proto riba\u201c iki aus\u0173 \u012fsimyl\u0117jusiai herojei laimingai gyventi su i\u0161svajotuoju Marku Darsiu lemta vos kelias savaites...","robots":{"index":"index","follow":"follow","max-snippet":"max-snippet:-1","max-image-preview":"max-image-preview:large","max-video-preview":"max-video-preview:-1"},"canonical":"https:\/\/skaitytaknyga.lt\/en\/produktas\/bridzita-dzouns-ties-proto-riba\/","og_locale":"en_GB","og_type":"article","og_title":"[:lt]Brid\u017eita D\u017eouns: ties proto riba[:] - Skaitytaknyga","og_description":"Knygoje \u201eBrid\u017eita D\u017eouns. Ties proto riba\u201c iki aus\u0173 \u012fsimyl\u0117jusiai herojei laimingai gyventi su i\u0161svajotuoju Marku Darsiu lemta vos kelias savaites...","og_url":"https:\/\/skaitytaknyga.lt\/en\/produktas\/bridzita-dzouns-ties-proto-riba\/","og_site_name":"Skaitytaknyga","article_publisher":"https:\/\/www.facebook.com\/skaitytaknyga\/","article_modified_time":"2025-11-29T10:29:03+00:00","og_image":[{"width":305,"height":500,"url":"https:\/\/skaitytaknyga.lt\/wp-content\/uploads\/2024\/04\/211143-bridzita-dzouns-ties-proto-riba-1-e1729235329621.jpg","type":"image\/jpeg"}],"twitter_card":"summary_large_image","twitter_misc":{"Estimated reading time":"2 minutes"},"schema":{"@context":"https:\/\/schema.org","@graph":[{"@type":"WebPage","@id":"https:\/\/skaitytaknyga.lt\/produktas\/bridzita-dzouns-ties-proto-riba\/","url":"https:\/\/skaitytaknyga.lt\/produktas\/bridzita-dzouns-ties-proto-riba\/","name":"Brid\u017eita D\u017eouns: ties proto riba","isPartOf":{"@id":"https:\/\/skaitytaknyga.lt\/#website"},"primaryImageOfPage":{"@id":"https:\/\/skaitytaknyga.lt\/produktas\/bridzita-dzouns-ties-proto-riba\/#primaryimage"},"image":{"@id":"https:\/\/skaitytaknyga.lt\/produktas\/bridzita-dzouns-ties-proto-riba\/#primaryimage"},"thumbnailUrl":"https:\/\/skaitytaknyga.lt\/wp-content\/uploads\/2024\/04\/211143-bridzita-dzouns-ties-proto-riba-1-e1729235329621.jpg","datePublished":"2024-04-17T13:06:51+00:00","dateModified":"2025-11-29T10:29:03+00:00","description":"Knygoje \u201eBrid\u017eita D\u017eouns. Ties proto riba\u201c iki aus\u0173 \u012fsimyl\u0117jusiai herojei laimingai gyventi su i\u0161svajotuoju Marku Darsiu lemta vos kelias savaites...","breadcrumb":{"@id":"https:\/\/skaitytaknyga.lt\/produktas\/bridzita-dzouns-ties-proto-riba\/#breadcrumb"},"inLanguage":"en-GB","potentialAction":[{"@type":"ReadAction","target":["https:\/\/skaitytaknyga.lt\/produktas\/bridzita-dzouns-ties-proto-riba\/"]}]},{"@type":"ImageObject","inLanguage":"en-GB","@id":"https:\/\/skaitytaknyga.lt\/produktas\/bridzita-dzouns-ties-proto-riba\/#primaryimage","url":"https:\/\/skaitytaknyga.lt\/wp-content\/uploads\/2024\/04\/211143-bridzita-dzouns-ties-proto-riba-1-e1729235329621.jpg","contentUrl":"https:\/\/skaitytaknyga.lt\/wp-content\/uploads\/2024\/04\/211143-bridzita-dzouns-ties-proto-riba-1-e1729235329621.jpg","width":305,"height":500,"caption":"211143 bridzita dzouns ties proto riba 1 e1729235329621"},{"@type":"BreadcrumbList","@id":"https:\/\/skaitytaknyga.lt\/produktas\/bridzita-dzouns-ties-proto-riba\/#breadcrumb","itemListElement":[{"@type":"ListItem","position":1,"name":"Home","item":"https:\/\/skaitytaknyga.lt\/"},{"@type":"ListItem","position":2,"name":"Parduotuv\u0117","item":"https:\/\/skaitytaknyga.lt\/knygu-parduotuve\/"},{"@type":"ListItem","position":3,"name":"Brid\u017eita D\u017eouns: ties proto riba"}]},{"@type":"WebSite","@id":"https:\/\/skaitytaknyga.lt\/#website","url":"https:\/\/skaitytaknyga.lt\/","name":"skaitytaknyga.lt","description":"Skaitytaknyga.lt \u2013 tai ma\u017eas \u0161eimos verslas, kuris prasid\u0117jo nuo meil\u0117s knygoms ir siekio i\u0161gelb\u0117ti knygas nuo likimo prie konteinerio. Kas vienam nereikalingas daiktas \u2013 kitam lobis, o mes esame tarpininkai, kurie padeda abiems tapti laimingesniems ???? \u017dinome kaip nelengva i\u0161gyventi ma\u017eiems verslams, tad nuo \u0161iol, \u010dia rasite ir kit\u0173, ma\u017e\u0173 \u0161eim\u0173 versl\u0173, rank\u0173 darbo, dovan\u0173 sau ir artimiesiems.","publisher":{"@id":"https:\/\/skaitytaknyga.lt\/#organization"},"potentialAction":[{"@type":"SearchAction","target":{"@type":"EntryPoint","urlTemplate":"https:\/\/skaitytaknyga.lt\/?s={search_term_string}"},"query-input":{"@type":"PropertyValueSpecification","valueRequired":true,"valueName":"search_term_string"}}],"inLanguage":"en-GB"},{"@type":"Organization","@id":"https:\/\/skaitytaknyga.lt\/#organization","name":"skaitytaknyga.lt","url":"https:\/\/skaitytaknyga.lt\/","logo":{"@type":"ImageObject","inLanguage":"en-GB","@id":"https:\/\/skaitytaknyga.lt\/#\/schema\/logo\/image\/","url":"https:\/\/skaitytaknyga.lt\/wp-content\/uploads\/2024\/05\/cropped-cropped-cropped-02_00843_jt3bggkj1j3HLc7SyY6rEUpg.jpeg","contentUrl":"https:\/\/skaitytaknyga.lt\/wp-content\/uploads\/2024\/05\/cropped-cropped-cropped-02_00843_jt3bggkj1j3HLc7SyY6rEUpg.jpeg","width":1600,"height":1600,"caption":"skaitytaknyga.lt"},"image":{"@id":"https:\/\/skaitytaknyga.lt\/#\/schema\/logo\/image\/"},"sameAs":["https:\/\/www.facebook.com\/skaitytaknyga\/"]}]}},"_links":{"self":[{"href":"https:\/\/skaitytaknyga.lt\/en\/wp-json\/wp\/v2\/product\/2253","targetHints":{"allow":["GET"]}}],"collection":[{"href":"https:\/\/skaitytaknyga.lt\/en\/wp-json\/wp\/v2\/product"}],"about":[{"href":"https:\/\/skaitytaknyga.lt\/en\/wp-json\/wp\/v2\/types\/product"}],"replies":[{"embeddable":true,"href":"https:\/\/skaitytaknyga.lt\/en\/wp-json\/wp\/v2\/comments?post=2253"}],"wp:featuredmedia":[{"embeddable":true,"href":"https:\/\/skaitytaknyga.lt\/en\/wp-json\/wp\/v2\/media\/2302"}],"wp:attachment":[{"href":"https:\/\/skaitytaknyga.lt\/en\/wp-json\/wp\/v2\/media?parent=2253"}],"wp:term":[{"taxonomy":"product_brand","embeddable":true,"href":"https:\/\/skaitytaknyga.lt\/en\/wp-json\/wp\/v2\/product_brand?post=2253"},{"taxonomy":"product_cat","embeddable":true,"href":"https:\/\/skaitytaknyga.lt\/en\/wp-json\/wp\/v2\/product_cat?post=2253"},{"taxonomy":"product_tag","embeddable":true,"href":"https:\/\/skaitytaknyga.lt\/en\/wp-json\/wp\/v2\/product_tag?post=2253"}],"curies":[{"name":"wp","href":"https:\/\/api.w.org\/{rel}","templated":true}]}}