{"id":2252,"date":"2024-04-17T16:06:51","date_gmt":"2024-04-17T13:06:51","guid":{"rendered":"https:\/\/skaitytaknyga.lt\/?post_type=product&#038;p=2252"},"modified":"2026-03-05T12:17:43","modified_gmt":"2026-03-05T10:17:43","slug":"__trashed-319","status":"publish","type":"product","link":"https:\/\/skaitytaknyga.lt\/en\/produktas\/__trashed-319\/","title":{"rendered":"T. Dreizeris &#8220;Stoikas&#8221;"},"content":{"rendered":"","protected":false},"excerpt":{"rendered":"<p>Kaip keista, kad jie i\u0161gyveno drauge daugiau kaip trisde\u0161imt met\u0173 ir vis\u0105 laik\u0105 pykosi! I\u0161 prad\u017ei\u0173, kai jis buvo dvide\u0161imt septyneri\u0173 met\u0173, o ji septyniolikos, jis kar\u0161tai j\u0105 myl\u0117jo; v\u0117liau jam paai\u0161k\u0117jo, kad ji jo nesupranta, kad po jos gro\u017eiu ir fiziniu patrauklumu slypi abejingumas jo finansiniams reikalams ir jo protui; tuo metu ji buvo \u012fsitikinusi, jos jis yra jos neatimama nuosavyb\u0117 ir negali net \u017evilgter\u0117ti \u012f k\u0105 nors kit\u0105, i\u0161skyrus j\u0105.<\/p>\n<p>Ir \u0161tai, po \u0161itiek met\u0173, po vis\u0173 audr\u0173, kurios kildavo d\u0117l ma\u017eiausios jo nei\u0161tikimyb\u0117s, jis vis d\u0117lto kartu, ir ji vis taip pat nevertina jo gabum\u0173, kurie palengva, ta\u010diau u\u017etikrintai padejo jam sukaupti tok\u012f didel\u012f turt\u0105.<\/p>\n","protected":false},"featured_media":2301,"comment_status":"closed","ping_status":"closed","template":"","meta":{"_acf_changed":false,"site-sidebar-layout":"default","site-content-layout":"","ast-site-content-layout":"default","site-content-style":"default","site-sidebar-style":"default","ast-global-header-display":"","ast-banner-title-visibility":"","ast-main-header-display":"","ast-hfb-above-header-display":"","ast-hfb-below-header-display":"","ast-hfb-mobile-header-display":"","site-post-title":"","ast-breadcrumbs-content":"","ast-featured-img":"","footer-sml-layout":"","ast-disable-related-posts":"","theme-transparent-header-meta":"","adv-header-id-meta":"","stick-header-meta":"","header-above-stick-meta":"","header-main-stick-meta":"","header-below-stick-meta":"","astra-migrate-meta-layouts":"default","ast-page-background-enabled":"default","ast-page-background-meta":{"desktop":{"background-color":"","background-image":"","background-repeat":"repeat","background-position":"center center","background-size":"auto","background-attachment":"scroll","background-type":"","background-media":"","overlay-type":"","overlay-color":"","overlay-opacity":"","overlay-gradient":""},"tablet":{"background-color":"","background-image":"","background-repeat":"repeat","background-position":"center center","background-size":"auto","background-attachment":"scroll","background-type":"","background-media":"","overlay-type":"","overlay-color":"","overlay-opacity":"","overlay-gradient":""},"mobile":{"background-color":"","background-image":"","background-repeat":"repeat","background-position":"center center","background-size":"auto","background-attachment":"scroll","background-type":"","background-media":"","overlay-type":"","overlay-color":"","overlay-opacity":"","overlay-gradient":""}},"ast-content-background-meta":{"desktop":{"background-color":"var(--ast-global-color-4)","background-image":"","background-repeat":"repeat","background-position":"center center","background-size":"auto","background-attachment":"scroll","background-type":"","background-media":"","overlay-type":"","overlay-color":"","overlay-opacity":"","overlay-gradient":""},"tablet":{"background-color":"var(--ast-global-color-4)","background-image":"","background-repeat":"repeat","background-position":"center center","background-size":"auto","background-attachment":"scroll","background-type":"","background-media":"","overlay-type":"","overlay-color":"","overlay-opacity":"","overlay-gradient":""},"mobile":{"background-color":"var(--ast-global-color-4)","background-image":"","background-repeat":"repeat","background-position":"center center","background-size":"auto","background-attachment":"scroll","background-type":"","background-media":"","overlay-type":"","overlay-color":"","overlay-opacity":"","overlay-gradient":""}}},"product_brand":[],"product_cat":[28],"product_tag":[],"class_list":{"0":"post-2252","1":"product","2":"type-product","3":"status-publish","4":"has-post-thumbnail","6":"product_cat-klasika","7":"desktop-align-left","8":"tablet-align-left","9":"mobile-align-left","11":"first","12":"instock","13":"shipping-taxable","14":"purchasable","15":"product-type-simple"},"acf":[],"yoast_head":"<!-- This site is optimized with the Yoast SEO plugin v27.0 - https:\/\/yoast.com\/product\/yoast-seo-wordpress\/ -->\n<title>T. Dreizeris &quot;Stoikas&quot;<\/title>\n<meta name=\"description\" content=\"Kaip keista, kad jie i\u0161gyveno drauge daugiau kaip trisde\u0161imt met\u0173 ir vis\u0105 laik\u0105 pykosi! I\u0161 prad\u017ei\u0173, kai jis buvo dvide\u0161imt septyneri\u0173 met\u0173, o ji septyniolikos, jis kar\u0161tai j\u0105 myl\u0117jo; v\u0117liau jam paai\u0161k\u0117jo, kad ji jo nesupranta, kad po jos gro\u017eiu ir fiziniu patrauklumu slypi abejingumas jo finansiniams reikalams ir jo protui; tuo metu ji buvo \u012fsitikinusi, jos jis yra jos neatimama nuosavyb\u0117 ir negali net \u017evilgter\u0117ti \u012f k\u0105 nors kit\u0105, i\u0161skyrus j\u0105.  Ir \u0161tai, po \u0161itiek met\u0173, po vis\u0173 audr\u0173, kurios kildavo d\u0117l ma\u017eiausios jo nei\u0161tikimyb\u0117s, jis vis d\u0117lto kartu, ir ji vis taip pat nevertina jo gabum\u0173, kurie palengva, ta\u010diau u\u017etikrintai padejo jam sukaupti tok\u012f didel\u012f turt\u0105.\" \/>\n<meta name=\"robots\" content=\"index, follow, max-snippet:-1, max-image-preview:large, max-video-preview:-1\" \/>\n<link rel=\"canonical\" href=\"https:\/\/skaitytaknyga.lt\/en\/produktas\/__trashed-319\/\" \/>\n<meta property=\"og:locale\" content=\"en_GB\" \/>\n<meta property=\"og:locale:alternate\" content=\"lt_LT\" \/>\n<meta property=\"og:type\" content=\"article\" \/>\n<meta property=\"og:title\" content=\"T. Dreizeris &quot;Stoikas&quot;\" \/>\n<meta property=\"og:description\" content=\"Kaip keista, kad jie i\u0161gyveno drauge daugiau kaip trisde\u0161imt met\u0173 ir vis\u0105 laik\u0105 pykosi! I\u0161 prad\u017ei\u0173, kai jis buvo dvide\u0161imt septyneri\u0173 met\u0173, o ji septyniolikos, jis kar\u0161tai j\u0105 myl\u0117jo; v\u0117liau jam paai\u0161k\u0117jo, kad ji jo nesupranta, kad po jos gro\u017eiu ir fiziniu patrauklumu slypi abejingumas jo finansiniams reikalams ir jo protui; tuo metu ji buvo \u012fsitikinusi, jos jis yra jos neatimama nuosavyb\u0117 ir negali net \u017evilgter\u0117ti \u012f k\u0105 nors kit\u0105, i\u0161skyrus j\u0105.  Ir \u0161tai, po \u0161itiek met\u0173, po vis\u0173 audr\u0173, kurios kildavo d\u0117l ma\u017eiausios jo nei\u0161tikimyb\u0117s, jis vis d\u0117lto kartu, ir ji vis taip pat nevertina jo gabum\u0173, kurie palengva, ta\u010diau u\u017etikrintai padejo jam sukaupti tok\u012f didel\u012f turt\u0105.\" \/>\n<meta property=\"og:url\" content=\"https:\/\/skaitytaknyga.lt\/en\/produktas\/__trashed-319\/\" \/>\n<meta property=\"og:site_name\" content=\"Skaitytaknyga\" \/>\n<meta property=\"article:publisher\" content=\"https:\/\/www.facebook.com\/skaitytaknyga\/\" \/>\n<meta property=\"article:modified_time\" content=\"2026-03-05T10:17:43+00:00\" \/>\n<meta property=\"og:image\" content=\"https:\/\/skaitytaknyga.lt\/wp-content\/uploads\/2024\/04\/unnamed-2.jpg\" \/>\n\t<meta property=\"og:image:width\" content=\"374\" \/>\n\t<meta property=\"og:image:height\" content=\"512\" \/>\n\t<meta property=\"og:image:type\" content=\"image\/jpeg\" \/>\n<meta name=\"twitter:card\" content=\"summary_large_image\" \/>\n<script type=\"application\/ld+json\" class=\"yoast-schema-graph\">{\"@context\":\"https:\/\/schema.org\",\"@graph\":[{\"@type\":\"WebPage\",\"@id\":\"https:\/\/skaitytaknyga.lt\/produktas\/__trashed-319\/\",\"url\":\"https:\/\/skaitytaknyga.lt\/produktas\/__trashed-319\/\",\"name\":\"T. Dreizeris \\\"Stoikas\\\"\",\"isPartOf\":{\"@id\":\"https:\/\/skaitytaknyga.lt\/#website\"},\"primaryImageOfPage\":{\"@id\":\"https:\/\/skaitytaknyga.lt\/produktas\/__trashed-319\/#primaryimage\"},\"image\":{\"@id\":\"https:\/\/skaitytaknyga.lt\/produktas\/__trashed-319\/#primaryimage\"},\"thumbnailUrl\":\"https:\/\/skaitytaknyga.lt\/wp-content\/uploads\/2024\/04\/unnamed-2.jpg\",\"datePublished\":\"2024-04-17T13:06:51+00:00\",\"dateModified\":\"2026-03-05T10:17:43+00:00\",\"description\":\"Kaip keista, kad jie i\u0161gyveno drauge daugiau kaip trisde\u0161imt met\u0173 ir vis\u0105 laik\u0105 pykosi! I\u0161 prad\u017ei\u0173, kai jis buvo dvide\u0161imt septyneri\u0173 met\u0173, o ji septyniolikos, jis kar\u0161tai j\u0105 myl\u0117jo; v\u0117liau jam paai\u0161k\u0117jo, kad ji jo nesupranta, kad po jos gro\u017eiu ir fiziniu patrauklumu slypi abejingumas jo finansiniams reikalams ir jo protui; tuo metu ji buvo \u012fsitikinusi, jos jis yra jos neatimama nuosavyb\u0117 ir negali net \u017evilgter\u0117ti \u012f k\u0105 nors kit\u0105, i\u0161skyrus j\u0105. Ir \u0161tai, po \u0161itiek met\u0173, po vis\u0173 audr\u0173, kurios kildavo d\u0117l ma\u017eiausios jo nei\u0161tikimyb\u0117s, jis vis d\u0117lto kartu, ir ji vis taip pat nevertina jo gabum\u0173, kurie palengva, ta\u010diau u\u017etikrintai padejo jam sukaupti tok\u012f didel\u012f turt\u0105.\",\"breadcrumb\":{\"@id\":\"https:\/\/skaitytaknyga.lt\/produktas\/__trashed-319\/#breadcrumb\"},\"inLanguage\":\"en-GB\",\"potentialAction\":[{\"@type\":\"ReadAction\",\"target\":[\"https:\/\/skaitytaknyga.lt\/produktas\/__trashed-319\/\"]}]},{\"@type\":\"ImageObject\",\"inLanguage\":\"en-GB\",\"@id\":\"https:\/\/skaitytaknyga.lt\/produktas\/__trashed-319\/#primaryimage\",\"url\":\"https:\/\/skaitytaknyga.lt\/wp-content\/uploads\/2024\/04\/unnamed-2.jpg\",\"contentUrl\":\"https:\/\/skaitytaknyga.lt\/wp-content\/uploads\/2024\/04\/unnamed-2.jpg\",\"width\":374,\"height\":512},{\"@type\":\"BreadcrumbList\",\"@id\":\"https:\/\/skaitytaknyga.lt\/produktas\/__trashed-319\/#breadcrumb\",\"itemListElement\":[{\"@type\":\"ListItem\",\"position\":1,\"name\":\"Home\",\"item\":\"https:\/\/skaitytaknyga.lt\/\"},{\"@type\":\"ListItem\",\"position\":2,\"name\":\"Parduotuv\u0117\",\"item\":\"https:\/\/skaitytaknyga.lt\/knygu-parduotuve\/\"},{\"@type\":\"ListItem\",\"position\":3,\"name\":\"T. Dreizeris &#8222;Stoikas&#8221;\"}]},{\"@type\":\"WebSite\",\"@id\":\"https:\/\/skaitytaknyga.lt\/#website\",\"url\":\"https:\/\/skaitytaknyga.lt\/\",\"name\":\"skaitytaknyga.lt\",\"description\":\"Skaitytaknyga.lt \u2013 tai ma\u017eas \u0161eimos verslas, kuris prasid\u0117jo nuo meil\u0117s knygoms ir siekio i\u0161gelb\u0117ti knygas nuo likimo prie konteinerio. Kas vienam nereikalingas daiktas \u2013 kitam lobis, o mes esame tarpininkai, kurie padeda abiems tapti laimingesniems ???? \u017dinome kaip nelengva i\u0161gyventi ma\u017eiems verslams, tad nuo \u0161iol, \u010dia rasite ir kit\u0173, ma\u017e\u0173 \u0161eim\u0173 versl\u0173, rank\u0173 darbo, dovan\u0173 sau ir artimiesiems.\",\"publisher\":{\"@id\":\"https:\/\/skaitytaknyga.lt\/#organization\"},\"potentialAction\":[{\"@type\":\"SearchAction\",\"target\":{\"@type\":\"EntryPoint\",\"urlTemplate\":\"https:\/\/skaitytaknyga.lt\/?s={search_term_string}\"},\"query-input\":{\"@type\":\"PropertyValueSpecification\",\"valueRequired\":true,\"valueName\":\"search_term_string\"}}],\"inLanguage\":\"en-GB\"},{\"@type\":\"Organization\",\"@id\":\"https:\/\/skaitytaknyga.lt\/#organization\",\"name\":\"skaitytaknyga.lt\",\"url\":\"https:\/\/skaitytaknyga.lt\/\",\"logo\":{\"@type\":\"ImageObject\",\"inLanguage\":\"en-GB\",\"@id\":\"https:\/\/skaitytaknyga.lt\/#\/schema\/logo\/image\/\",\"url\":\"https:\/\/skaitytaknyga.lt\/wp-content\/uploads\/2024\/05\/cropped-cropped-cropped-02_00843_jt3bggkj1j3HLc7SyY6rEUpg.jpeg\",\"contentUrl\":\"https:\/\/skaitytaknyga.lt\/wp-content\/uploads\/2024\/05\/cropped-cropped-cropped-02_00843_jt3bggkj1j3HLc7SyY6rEUpg.jpeg\",\"width\":1600,\"height\":1600,\"caption\":\"skaitytaknyga.lt\"},\"image\":{\"@id\":\"https:\/\/skaitytaknyga.lt\/#\/schema\/logo\/image\/\"},\"sameAs\":[\"https:\/\/www.facebook.com\/skaitytaknyga\/\"]}]}<\/script>\n<!-- \/ Yoast SEO plugin. -->","yoast_head_json":{"title":"T. Dreizeris \"Stoikas\"","description":"Kaip keista, kad jie i\u0161gyveno drauge daugiau kaip trisde\u0161imt met\u0173 ir vis\u0105 laik\u0105 pykosi! I\u0161 prad\u017ei\u0173, kai jis buvo dvide\u0161imt septyneri\u0173 met\u0173, o ji septyniolikos, jis kar\u0161tai j\u0105 myl\u0117jo; v\u0117liau jam paai\u0161k\u0117jo, kad ji jo nesupranta, kad po jos gro\u017eiu ir fiziniu patrauklumu slypi abejingumas jo finansiniams reikalams ir jo protui; tuo metu ji buvo \u012fsitikinusi, jos jis yra jos neatimama nuosavyb\u0117 ir negali net \u017evilgter\u0117ti \u012f k\u0105 nors kit\u0105, i\u0161skyrus j\u0105.  Ir \u0161tai, po \u0161itiek met\u0173, po vis\u0173 audr\u0173, kurios kildavo d\u0117l ma\u017eiausios jo nei\u0161tikimyb\u0117s, jis vis d\u0117lto kartu, ir ji vis taip pat nevertina jo gabum\u0173, kurie palengva, ta\u010diau u\u017etikrintai padejo jam sukaupti tok\u012f didel\u012f turt\u0105.","robots":{"index":"index","follow":"follow","max-snippet":"max-snippet:-1","max-image-preview":"max-image-preview:large","max-video-preview":"max-video-preview:-1"},"canonical":"https:\/\/skaitytaknyga.lt\/en\/produktas\/__trashed-319\/","og_locale":"en_GB","og_type":"article","og_title":"[:lt]T. Dreizeris \"Stoikas\"[:] - Skaitytaknyga","og_description":"Kaip keista, kad jie i\u0161gyveno drauge daugiau kaip trisde\u0161imt met\u0173 ir vis\u0105 laik\u0105 pykosi! I\u0161 prad\u017ei\u0173, kai jis buvo dvide\u0161imt septyneri\u0173 met\u0173, o ji septyniolikos, jis kar\u0161tai j\u0105 myl\u0117jo; v\u0117liau jam paai\u0161k\u0117jo, kad ji jo nesupranta, kad po jos gro\u017eiu ir fiziniu patrauklumu slypi abejingumas jo finansiniams reikalams ir jo protui; tuo metu ji buvo \u012fsitikinusi, jos jis yra jos neatimama nuosavyb\u0117 ir negali net \u017evilgter\u0117ti \u012f k\u0105 nors kit\u0105, i\u0161skyrus j\u0105.  Ir \u0161tai, po \u0161itiek met\u0173, po vis\u0173 audr\u0173, kurios kildavo d\u0117l ma\u017eiausios jo nei\u0161tikimyb\u0117s, jis vis d\u0117lto kartu, ir ji vis taip pat nevertina jo gabum\u0173, kurie palengva, ta\u010diau u\u017etikrintai padejo jam sukaupti tok\u012f didel\u012f turt\u0105.","og_url":"https:\/\/skaitytaknyga.lt\/en\/produktas\/__trashed-319\/","og_site_name":"Skaitytaknyga","article_publisher":"https:\/\/www.facebook.com\/skaitytaknyga\/","article_modified_time":"2026-03-05T10:17:43+00:00","og_image":[{"width":374,"height":512,"url":"https:\/\/skaitytaknyga.lt\/wp-content\/uploads\/2024\/04\/unnamed-2.jpg","type":"image\/jpeg"}],"twitter_card":"summary_large_image","schema":{"@context":"https:\/\/schema.org","@graph":[{"@type":"WebPage","@id":"https:\/\/skaitytaknyga.lt\/produktas\/__trashed-319\/","url":"https:\/\/skaitytaknyga.lt\/produktas\/__trashed-319\/","name":"T. Dreizeris \"Stoikas\"","isPartOf":{"@id":"https:\/\/skaitytaknyga.lt\/#website"},"primaryImageOfPage":{"@id":"https:\/\/skaitytaknyga.lt\/produktas\/__trashed-319\/#primaryimage"},"image":{"@id":"https:\/\/skaitytaknyga.lt\/produktas\/__trashed-319\/#primaryimage"},"thumbnailUrl":"https:\/\/skaitytaknyga.lt\/wp-content\/uploads\/2024\/04\/unnamed-2.jpg","datePublished":"2024-04-17T13:06:51+00:00","dateModified":"2026-03-05T10:17:43+00:00","description":"Kaip keista, kad jie i\u0161gyveno drauge daugiau kaip trisde\u0161imt met\u0173 ir vis\u0105 laik\u0105 pykosi! I\u0161 prad\u017ei\u0173, kai jis buvo dvide\u0161imt septyneri\u0173 met\u0173, o ji septyniolikos, jis kar\u0161tai j\u0105 myl\u0117jo; v\u0117liau jam paai\u0161k\u0117jo, kad ji jo nesupranta, kad po jos gro\u017eiu ir fiziniu patrauklumu slypi abejingumas jo finansiniams reikalams ir jo protui; tuo metu ji buvo \u012fsitikinusi, jos jis yra jos neatimama nuosavyb\u0117 ir negali net \u017evilgter\u0117ti \u012f k\u0105 nors kit\u0105, i\u0161skyrus j\u0105. Ir \u0161tai, po \u0161itiek met\u0173, po vis\u0173 audr\u0173, kurios kildavo d\u0117l ma\u017eiausios jo nei\u0161tikimyb\u0117s, jis vis d\u0117lto kartu, ir ji vis taip pat nevertina jo gabum\u0173, kurie palengva, ta\u010diau u\u017etikrintai padejo jam sukaupti tok\u012f didel\u012f turt\u0105.","breadcrumb":{"@id":"https:\/\/skaitytaknyga.lt\/produktas\/__trashed-319\/#breadcrumb"},"inLanguage":"en-GB","potentialAction":[{"@type":"ReadAction","target":["https:\/\/skaitytaknyga.lt\/produktas\/__trashed-319\/"]}]},{"@type":"ImageObject","inLanguage":"en-GB","@id":"https:\/\/skaitytaknyga.lt\/produktas\/__trashed-319\/#primaryimage","url":"https:\/\/skaitytaknyga.lt\/wp-content\/uploads\/2024\/04\/unnamed-2.jpg","contentUrl":"https:\/\/skaitytaknyga.lt\/wp-content\/uploads\/2024\/04\/unnamed-2.jpg","width":374,"height":512},{"@type":"BreadcrumbList","@id":"https:\/\/skaitytaknyga.lt\/produktas\/__trashed-319\/#breadcrumb","itemListElement":[{"@type":"ListItem","position":1,"name":"Home","item":"https:\/\/skaitytaknyga.lt\/"},{"@type":"ListItem","position":2,"name":"Parduotuv\u0117","item":"https:\/\/skaitytaknyga.lt\/knygu-parduotuve\/"},{"@type":"ListItem","position":3,"name":"T. Dreizeris &#8222;Stoikas&#8221;"}]},{"@type":"WebSite","@id":"https:\/\/skaitytaknyga.lt\/#website","url":"https:\/\/skaitytaknyga.lt\/","name":"skaitytaknyga.lt","description":"Skaitytaknyga.lt \u2013 tai ma\u017eas \u0161eimos verslas, kuris prasid\u0117jo nuo meil\u0117s knygoms ir siekio i\u0161gelb\u0117ti knygas nuo likimo prie konteinerio. Kas vienam nereikalingas daiktas \u2013 kitam lobis, o mes esame tarpininkai, kurie padeda abiems tapti laimingesniems ???? \u017dinome kaip nelengva i\u0161gyventi ma\u017eiems verslams, tad nuo \u0161iol, \u010dia rasite ir kit\u0173, ma\u017e\u0173 \u0161eim\u0173 versl\u0173, rank\u0173 darbo, dovan\u0173 sau ir artimiesiems.","publisher":{"@id":"https:\/\/skaitytaknyga.lt\/#organization"},"potentialAction":[{"@type":"SearchAction","target":{"@type":"EntryPoint","urlTemplate":"https:\/\/skaitytaknyga.lt\/?s={search_term_string}"},"query-input":{"@type":"PropertyValueSpecification","valueRequired":true,"valueName":"search_term_string"}}],"inLanguage":"en-GB"},{"@type":"Organization","@id":"https:\/\/skaitytaknyga.lt\/#organization","name":"skaitytaknyga.lt","url":"https:\/\/skaitytaknyga.lt\/","logo":{"@type":"ImageObject","inLanguage":"en-GB","@id":"https:\/\/skaitytaknyga.lt\/#\/schema\/logo\/image\/","url":"https:\/\/skaitytaknyga.lt\/wp-content\/uploads\/2024\/05\/cropped-cropped-cropped-02_00843_jt3bggkj1j3HLc7SyY6rEUpg.jpeg","contentUrl":"https:\/\/skaitytaknyga.lt\/wp-content\/uploads\/2024\/05\/cropped-cropped-cropped-02_00843_jt3bggkj1j3HLc7SyY6rEUpg.jpeg","width":1600,"height":1600,"caption":"skaitytaknyga.lt"},"image":{"@id":"https:\/\/skaitytaknyga.lt\/#\/schema\/logo\/image\/"},"sameAs":["https:\/\/www.facebook.com\/skaitytaknyga\/"]}]}},"_links":{"self":[{"href":"https:\/\/skaitytaknyga.lt\/en\/wp-json\/wp\/v2\/product\/2252","targetHints":{"allow":["GET"]}}],"collection":[{"href":"https:\/\/skaitytaknyga.lt\/en\/wp-json\/wp\/v2\/product"}],"about":[{"href":"https:\/\/skaitytaknyga.lt\/en\/wp-json\/wp\/v2\/types\/product"}],"replies":[{"embeddable":true,"href":"https:\/\/skaitytaknyga.lt\/en\/wp-json\/wp\/v2\/comments?post=2252"}],"wp:featuredmedia":[{"embeddable":true,"href":"https:\/\/skaitytaknyga.lt\/en\/wp-json\/wp\/v2\/media\/2301"}],"wp:attachment":[{"href":"https:\/\/skaitytaknyga.lt\/en\/wp-json\/wp\/v2\/media?parent=2252"}],"wp:term":[{"taxonomy":"product_brand","embeddable":true,"href":"https:\/\/skaitytaknyga.lt\/en\/wp-json\/wp\/v2\/product_brand?post=2252"},{"taxonomy":"product_cat","embeddable":true,"href":"https:\/\/skaitytaknyga.lt\/en\/wp-json\/wp\/v2\/product_cat?post=2252"},{"taxonomy":"product_tag","embeddable":true,"href":"https:\/\/skaitytaknyga.lt\/en\/wp-json\/wp\/v2\/product_tag?post=2252"}],"curies":[{"name":"wp","href":"https:\/\/api.w.org\/{rel}","templated":true}]}}