{"id":22495,"date":"2025-12-26T13:52:58","date_gmt":"2025-12-26T11:52:58","guid":{"rendered":"https:\/\/skaitytaknyga.lt\/?post_type=product&#038;p=22495"},"modified":"2026-03-18T14:59:39","modified_gmt":"2026-03-18T12:59:39","slug":"suduvos-krasto-dvarai","status":"publish","type":"product","link":"https:\/\/skaitytaknyga.lt\/en\/produktas\/suduvos-krasto-dvarai\/","title":{"rendered":"S\u016bduvos kra\u0161to dvarai"},"content":{"rendered":"<p>S\u016bduvos kra\u0161to turting\u0105 istorij\u0105 mena lygumose st\u016bksantys atgim\u0119 dvarai, sen\u0173 park\u0173 apsuptos dvarviet\u0117s su didik\u0173 r\u016bm\u0173 liku\u010diais, u\u017e\u017e\u0117lusiais tvenkiniais ir pelki\u0173 akivarais&#8230; Lietuvi\u0173 tautinio atgimimo pradininkas Jonas Basanavi\u010dius, kil\u0119s i\u0161 O\u017ekabali\u0173 kaimo, Bartnink\u0173 vals\u010diaus, kurio vaizdingose apylink\u0117se gausu piliakalni\u0173 ir dvar\u0173, u\u017era\u0161\u0117 vaikyst\u0117je gird\u0117t\u0105 dain\u0105 \u201eAnt mano t\u0117vo did\u017eio dvarelio \u017ealiavo jevar\u0117lis&#8230;\u201c (O\u017ekabali\u0173 dainos, 1902, t. 1).<\/p>\n<p>Apie Lietuvos dvar\u0173 nykim\u0105 ir renesans\u0105 jau nema\u017eai prira\u0161yta. Knygoje \u201eS\u016bduvos kra\u0161to dvarai\u201c atiduodama duokl\u0117 ma\u017eiausiai tyrin\u0117to S\u016bduvos kra\u0161to dvarams. Knyga para\u0161yta remiantis ir lengvai prieinamais literat\u016bros \u0161altiniais ir Lietuvos, Lenkijos bei Baltarusijos valstybini\u0173 archyv\u0173 med\u017eiaga. Nema\u017eai informacijos pateikta i\u0161 priva\u010di\u0173 archyv\u0173; \u0161ie dvarinink\u0173 palikuonys gyvena Lenkijoje, Pranc\u016bzijoje, Vokietijoje, JAV, Izraelyje ir kitose \u0161alyse.<\/p>\n<p>Dvar\u0173 istorijos pa\u012fvairintos iliustracine med\u017eiaga i\u0161 nykstan\u010di\u0173 ir atstatom\u0173 dvarvie\u010di\u0173. Tikim\u0117s, kad \u0161i knyga ne vienam pa\u017eadins nor\u0105 pakeliauti praeitais takais ir susipa\u017einti su sen\u0173j\u0173 bei naujai atgimusi\u0173 S\u016bduvos kra\u0161to dvar\u0173 istorija.<\/p>\n","protected":false},"excerpt":{"rendered":"<p>S\u016bduvos kra\u0161to turting\u0105 istorij\u0105 mena lygumose st\u016bksantys atgim\u0119 dvarai, sen\u0173 park\u0173 apsuptos dvarviet\u0117s su didik\u0173 r\u016bm\u0173 liku\u010diais, u\u017e\u017e\u0117lusiais tvenkiniais ir pelki\u0173 akivarais&#8230; Lietuvi\u0173 tautinio atgimimo pradininkas Jonas Basanavi\u010dius, kil\u0119s i\u0161 O\u017ekabali\u0173 kaimo, Bartnink\u0173 vals\u010diaus, kurio vaizdingose apylink\u0117se gausu piliakalni\u0173 ir dvar\u0173, u\u017era\u0161\u0117 vaikyst\u0117je gird\u0117t\u0105 dain\u0105 \u201eAnt mano t\u0117vo did\u017eio dvarelio \u017ealiavo jevar\u0117lis&#8230;\u201c (O\u017ekabali\u0173 dainos, 1902, t. 1). Apie Lietuvos dvar\u0173 nykim\u0105 ir renesans\u0105 jau nema\u017eai prira\u0161yta. Knygoje \u201eS\u016bduvos kra\u0161to dvarai\u201c atiduodama duokl\u0117 ma\u017eiausiai tyrin\u0117to S\u016bduvos kra\u0161to dvarams. Knyga para\u0161yta remiantis ir lengvai prieinamais literat\u016bros \u0161altiniais ir Lietuvos, Lenkijos bei Baltarusijos valstybini\u0173 archyv\u0173 med\u017eiaga. Nema\u017eai informacijos pateikta i\u0161 priva\u010di\u0173 archyv\u0173; \u0161ie dvarinink\u0173 palikuonys gyvena Lenkijoje, Pranc\u016bzijoje, Vokietijoje, JAV, Izraelyje ir kitose \u0161alyse. Dvar\u0173 istorijos pa\u012fvairintos iliustracine med\u017eiaga i\u0161 nykstan\u010di\u0173 ir atstatom\u0173 dvarvie\u010di\u0173. Tikim\u0117s, kad \u0161i knyga ne vienam pa\u017eadins nor\u0105 pakeliauti praeitais takais ir susipa\u017einti su sen\u0173j\u0173 bei naujai atgimusi\u0173 S\u016bduvos kra\u0161to dvar\u0173 istorija.<\/p>\n","protected":false},"featured_media":22503,"comment_status":"open","ping_status":"closed","template":"","meta":{"_acf_changed":false,"site-sidebar-layout":"default","site-content-layout":"","ast-site-content-layout":"default","site-content-style":"default","site-sidebar-style":"default","ast-global-header-display":"","ast-banner-title-visibility":"","ast-main-header-display":"","ast-hfb-above-header-display":"","ast-hfb-below-header-display":"","ast-hfb-mobile-header-display":"","site-post-title":"","ast-breadcrumbs-content":"","ast-featured-img":"","footer-sml-layout":"","ast-disable-related-posts":"","theme-transparent-header-meta":"","adv-header-id-meta":"","stick-header-meta":"","header-above-stick-meta":"","header-main-stick-meta":"","header-below-stick-meta":"","astra-migrate-meta-layouts":"default","ast-page-background-enabled":"default","ast-page-background-meta":{"desktop":{"background-color":"","background-image":"","background-repeat":"repeat","background-position":"center center","background-size":"auto","background-attachment":"scroll","background-type":"","background-media":"","overlay-type":"","overlay-color":"","overlay-opacity":"","overlay-gradient":""},"tablet":{"background-color":"","background-image":"","background-repeat":"repeat","background-position":"center center","background-size":"auto","background-attachment":"scroll","background-type":"","background-media":"","overlay-type":"","overlay-color":"","overlay-opacity":"","overlay-gradient":""},"mobile":{"background-color":"","background-image":"","background-repeat":"repeat","background-position":"center center","background-size":"auto","background-attachment":"scroll","background-type":"","background-media":"","overlay-type":"","overlay-color":"","overlay-opacity":"","overlay-gradient":""}},"ast-content-background-meta":{"desktop":{"background-color":"var(--ast-global-color-4)","background-image":"","background-repeat":"repeat","background-position":"center center","background-size":"auto","background-attachment":"scroll","background-type":"","background-media":"","overlay-type":"","overlay-color":"","overlay-opacity":"","overlay-gradient":""},"tablet":{"background-color":"var(--ast-global-color-4)","background-image":"","background-repeat":"repeat","background-position":"center center","background-size":"auto","background-attachment":"scroll","background-type":"","background-media":"","overlay-type":"","overlay-color":"","overlay-opacity":"","overlay-gradient":""},"mobile":{"background-color":"var(--ast-global-color-4)","background-image":"","background-repeat":"repeat","background-position":"center center","background-size":"auto","background-attachment":"scroll","background-type":"","background-media":"","overlay-type":"","overlay-color":"","overlay-opacity":"","overlay-gradient":""}}},"product_brand":[],"product_cat":[9862,174],"product_tag":[],"class_list":{"0":"post-22495","1":"product","2":"type-product","3":"status-publish","4":"has-post-thumbnail","6":"product_cat-lietuvos-istorija","7":"product_cat-istorija-ir-politologija","8":"desktop-align-left","9":"tablet-align-left","10":"mobile-align-left","12":"first","13":"instock","14":"shipping-taxable","15":"purchasable","16":"product-type-simple"},"acf":[],"yoast_head":"<!-- This site is optimized with the Yoast SEO plugin v27.0 - https:\/\/yoast.com\/product\/yoast-seo-wordpress\/ -->\n<title>S\u016bduvos kra\u0161to dvarai<\/title>\n<meta name=\"description\" content=\"S\u016bduvos kra\u0161to turting\u0105 istorij\u0105 mena lygumose st\u016bksantys atgim\u0119 dvarai, sen\u0173 park\u0173 apsuptos dvarviet\u0117s su didik\u0173 r\u016bm\u0173 liku\u010diais, u\u017e\u017e\u0117lusiais tvenkiniais\" \/>\n<meta name=\"robots\" content=\"index, follow, max-snippet:-1, max-image-preview:large, max-video-preview:-1\" \/>\n<link rel=\"canonical\" href=\"https:\/\/skaitytaknyga.lt\/en\/produktas\/suduvos-krasto-dvarai\/\" \/>\n<meta property=\"og:locale\" content=\"en_GB\" \/>\n<meta property=\"og:locale:alternate\" content=\"lt_LT\" \/>\n<meta property=\"og:type\" content=\"article\" \/>\n<meta property=\"og:title\" content=\"S\u016bduvos kra\u0161to dvarai\" \/>\n<meta property=\"og:description\" content=\"S\u016bduvos kra\u0161to turting\u0105 istorij\u0105 mena lygumose st\u016bksantys atgim\u0119 dvarai, sen\u0173 park\u0173 apsuptos dvarviet\u0117s su didik\u0173 r\u016bm\u0173 liku\u010diais, u\u017e\u017e\u0117lusiais tvenkiniais\" \/>\n<meta property=\"og:url\" content=\"https:\/\/skaitytaknyga.lt\/en\/produktas\/suduvos-krasto-dvarai\/\" \/>\n<meta property=\"og:site_name\" content=\"Skaitytaknyga\" \/>\n<meta property=\"article:publisher\" content=\"https:\/\/www.facebook.com\/skaitytaknyga\/\" \/>\n<meta property=\"article:modified_time\" content=\"2026-03-18T12:59:39+00:00\" \/>\n<meta property=\"og:image\" content=\"https:\/\/skaitytaknyga.lt\/wp-content\/uploads\/2025\/12\/Suduvos-krasto-dvarai-1.webp\" \/>\n\t<meta property=\"og:image:width\" content=\"300\" \/>\n\t<meta property=\"og:image:height\" content=\"409\" \/>\n\t<meta property=\"og:image:type\" content=\"image\/webp\" \/>\n<meta name=\"twitter:card\" content=\"summary_large_image\" \/>\n<meta name=\"twitter:label1\" content=\"Estimated reading time\" \/>\n\t<meta name=\"twitter:data1\" content=\"1 minute\" \/>\n<script type=\"application\/ld+json\" class=\"yoast-schema-graph\">{\"@context\":\"https:\/\/schema.org\",\"@graph\":[{\"@type\":\"WebPage\",\"@id\":\"https:\/\/skaitytaknyga.lt\/produktas\/suduvos-krasto-dvarai\/\",\"url\":\"https:\/\/skaitytaknyga.lt\/produktas\/suduvos-krasto-dvarai\/\",\"name\":\"S\u016bduvos kra\u0161to dvarai\",\"isPartOf\":{\"@id\":\"https:\/\/skaitytaknyga.lt\/#website\"},\"primaryImageOfPage\":{\"@id\":\"https:\/\/skaitytaknyga.lt\/produktas\/suduvos-krasto-dvarai\/#primaryimage\"},\"image\":{\"@id\":\"https:\/\/skaitytaknyga.lt\/produktas\/suduvos-krasto-dvarai\/#primaryimage\"},\"thumbnailUrl\":\"https:\/\/skaitytaknyga.lt\/wp-content\/uploads\/2025\/12\/Suduvos-krasto-dvarai-1.webp\",\"datePublished\":\"2025-12-26T11:52:58+00:00\",\"dateModified\":\"2026-03-18T12:59:39+00:00\",\"description\":\"S\u016bduvos kra\u0161to turting\u0105 istorij\u0105 mena lygumose st\u016bksantys atgim\u0119 dvarai, sen\u0173 park\u0173 apsuptos dvarviet\u0117s su didik\u0173 r\u016bm\u0173 liku\u010diais, u\u017e\u017e\u0117lusiais tvenkiniais\",\"breadcrumb\":{\"@id\":\"https:\/\/skaitytaknyga.lt\/produktas\/suduvos-krasto-dvarai\/#breadcrumb\"},\"inLanguage\":\"en-GB\",\"potentialAction\":[{\"@type\":\"ReadAction\",\"target\":[\"https:\/\/skaitytaknyga.lt\/produktas\/suduvos-krasto-dvarai\/\"]}]},{\"@type\":\"ImageObject\",\"inLanguage\":\"en-GB\",\"@id\":\"https:\/\/skaitytaknyga.lt\/produktas\/suduvos-krasto-dvarai\/#primaryimage\",\"url\":\"https:\/\/skaitytaknyga.lt\/wp-content\/uploads\/2025\/12\/Suduvos-krasto-dvarai-1.webp\",\"contentUrl\":\"https:\/\/skaitytaknyga.lt\/wp-content\/uploads\/2025\/12\/Suduvos-krasto-dvarai-1.webp\",\"width\":300,\"height\":409,\"caption\":\"S\u016bduvos kra\u0161to dvarai\"},{\"@type\":\"BreadcrumbList\",\"@id\":\"https:\/\/skaitytaknyga.lt\/produktas\/suduvos-krasto-dvarai\/#breadcrumb\",\"itemListElement\":[{\"@type\":\"ListItem\",\"position\":1,\"name\":\"Home\",\"item\":\"https:\/\/skaitytaknyga.lt\/\"},{\"@type\":\"ListItem\",\"position\":2,\"name\":\"Parduotuv\u0117\",\"item\":\"https:\/\/skaitytaknyga.lt\/knygu-parduotuve\/\"},{\"@type\":\"ListItem\",\"position\":3,\"name\":\"S\u016bduvos kra\u0161to dvarai\"}]},{\"@type\":\"WebSite\",\"@id\":\"https:\/\/skaitytaknyga.lt\/#website\",\"url\":\"https:\/\/skaitytaknyga.lt\/\",\"name\":\"skaitytaknyga.lt\",\"description\":\"Skaitytaknyga.lt \u2013 tai ma\u017eas \u0161eimos verslas, kuris prasid\u0117jo nuo meil\u0117s knygoms ir siekio i\u0161gelb\u0117ti knygas nuo likimo prie konteinerio. Kas vienam nereikalingas daiktas \u2013 kitam lobis, o mes esame tarpininkai, kurie padeda abiems tapti laimingesniems ???? \u017dinome kaip nelengva i\u0161gyventi ma\u017eiems verslams, tad nuo \u0161iol, \u010dia rasite ir kit\u0173, ma\u017e\u0173 \u0161eim\u0173 versl\u0173, rank\u0173 darbo, dovan\u0173 sau ir artimiesiems.\",\"publisher\":{\"@id\":\"https:\/\/skaitytaknyga.lt\/#organization\"},\"potentialAction\":[{\"@type\":\"SearchAction\",\"target\":{\"@type\":\"EntryPoint\",\"urlTemplate\":\"https:\/\/skaitytaknyga.lt\/?s={search_term_string}\"},\"query-input\":{\"@type\":\"PropertyValueSpecification\",\"valueRequired\":true,\"valueName\":\"search_term_string\"}}],\"inLanguage\":\"en-GB\"},{\"@type\":\"Organization\",\"@id\":\"https:\/\/skaitytaknyga.lt\/#organization\",\"name\":\"skaitytaknyga.lt\",\"url\":\"https:\/\/skaitytaknyga.lt\/\",\"logo\":{\"@type\":\"ImageObject\",\"inLanguage\":\"en-GB\",\"@id\":\"https:\/\/skaitytaknyga.lt\/#\/schema\/logo\/image\/\",\"url\":\"https:\/\/skaitytaknyga.lt\/wp-content\/uploads\/2024\/05\/cropped-cropped-cropped-02_00843_jt3bggkj1j3HLc7SyY6rEUpg.jpeg\",\"contentUrl\":\"https:\/\/skaitytaknyga.lt\/wp-content\/uploads\/2024\/05\/cropped-cropped-cropped-02_00843_jt3bggkj1j3HLc7SyY6rEUpg.jpeg\",\"width\":1600,\"height\":1600,\"caption\":\"skaitytaknyga.lt\"},\"image\":{\"@id\":\"https:\/\/skaitytaknyga.lt\/#\/schema\/logo\/image\/\"},\"sameAs\":[\"https:\/\/www.facebook.com\/skaitytaknyga\/\"]}]}<\/script>\n<!-- \/ Yoast SEO plugin. -->","yoast_head_json":{"title":"S\u016bduvos kra\u0161to dvarai","description":"S\u016bduvos kra\u0161to turting\u0105 istorij\u0105 mena lygumose st\u016bksantys atgim\u0119 dvarai, sen\u0173 park\u0173 apsuptos dvarviet\u0117s su didik\u0173 r\u016bm\u0173 liku\u010diais, u\u017e\u017e\u0117lusiais tvenkiniais","robots":{"index":"index","follow":"follow","max-snippet":"max-snippet:-1","max-image-preview":"max-image-preview:large","max-video-preview":"max-video-preview:-1"},"canonical":"https:\/\/skaitytaknyga.lt\/en\/produktas\/suduvos-krasto-dvarai\/","og_locale":"en_GB","og_type":"article","og_title":"[:lt]S\u016bduvos kra\u0161to dvarai[:] - Skaitytaknyga","og_description":"S\u016bduvos kra\u0161to turting\u0105 istorij\u0105 mena lygumose st\u016bksantys atgim\u0119 dvarai, sen\u0173 park\u0173 apsuptos dvarviet\u0117s su didik\u0173 r\u016bm\u0173 liku\u010diais, u\u017e\u017e\u0117lusiais tvenkiniais","og_url":"https:\/\/skaitytaknyga.lt\/en\/produktas\/suduvos-krasto-dvarai\/","og_site_name":"Skaitytaknyga","article_publisher":"https:\/\/www.facebook.com\/skaitytaknyga\/","article_modified_time":"2026-03-18T12:59:39+00:00","og_image":[{"width":300,"height":409,"url":"https:\/\/skaitytaknyga.lt\/wp-content\/uploads\/2025\/12\/Suduvos-krasto-dvarai-1.webp","type":"image\/webp"}],"twitter_card":"summary_large_image","twitter_misc":{"Estimated reading time":"1 minute"},"schema":{"@context":"https:\/\/schema.org","@graph":[{"@type":"WebPage","@id":"https:\/\/skaitytaknyga.lt\/produktas\/suduvos-krasto-dvarai\/","url":"https:\/\/skaitytaknyga.lt\/produktas\/suduvos-krasto-dvarai\/","name":"S\u016bduvos kra\u0161to dvarai","isPartOf":{"@id":"https:\/\/skaitytaknyga.lt\/#website"},"primaryImageOfPage":{"@id":"https:\/\/skaitytaknyga.lt\/produktas\/suduvos-krasto-dvarai\/#primaryimage"},"image":{"@id":"https:\/\/skaitytaknyga.lt\/produktas\/suduvos-krasto-dvarai\/#primaryimage"},"thumbnailUrl":"https:\/\/skaitytaknyga.lt\/wp-content\/uploads\/2025\/12\/Suduvos-krasto-dvarai-1.webp","datePublished":"2025-12-26T11:52:58+00:00","dateModified":"2026-03-18T12:59:39+00:00","description":"S\u016bduvos kra\u0161to turting\u0105 istorij\u0105 mena lygumose st\u016bksantys atgim\u0119 dvarai, sen\u0173 park\u0173 apsuptos dvarviet\u0117s su didik\u0173 r\u016bm\u0173 liku\u010diais, u\u017e\u017e\u0117lusiais tvenkiniais","breadcrumb":{"@id":"https:\/\/skaitytaknyga.lt\/produktas\/suduvos-krasto-dvarai\/#breadcrumb"},"inLanguage":"en-GB","potentialAction":[{"@type":"ReadAction","target":["https:\/\/skaitytaknyga.lt\/produktas\/suduvos-krasto-dvarai\/"]}]},{"@type":"ImageObject","inLanguage":"en-GB","@id":"https:\/\/skaitytaknyga.lt\/produktas\/suduvos-krasto-dvarai\/#primaryimage","url":"https:\/\/skaitytaknyga.lt\/wp-content\/uploads\/2025\/12\/Suduvos-krasto-dvarai-1.webp","contentUrl":"https:\/\/skaitytaknyga.lt\/wp-content\/uploads\/2025\/12\/Suduvos-krasto-dvarai-1.webp","width":300,"height":409,"caption":"S\u016bduvos kra\u0161to dvarai"},{"@type":"BreadcrumbList","@id":"https:\/\/skaitytaknyga.lt\/produktas\/suduvos-krasto-dvarai\/#breadcrumb","itemListElement":[{"@type":"ListItem","position":1,"name":"Home","item":"https:\/\/skaitytaknyga.lt\/"},{"@type":"ListItem","position":2,"name":"Parduotuv\u0117","item":"https:\/\/skaitytaknyga.lt\/knygu-parduotuve\/"},{"@type":"ListItem","position":3,"name":"S\u016bduvos kra\u0161to dvarai"}]},{"@type":"WebSite","@id":"https:\/\/skaitytaknyga.lt\/#website","url":"https:\/\/skaitytaknyga.lt\/","name":"skaitytaknyga.lt","description":"Skaitytaknyga.lt \u2013 tai ma\u017eas \u0161eimos verslas, kuris prasid\u0117jo nuo meil\u0117s knygoms ir siekio i\u0161gelb\u0117ti knygas nuo likimo prie konteinerio. Kas vienam nereikalingas daiktas \u2013 kitam lobis, o mes esame tarpininkai, kurie padeda abiems tapti laimingesniems ???? \u017dinome kaip nelengva i\u0161gyventi ma\u017eiems verslams, tad nuo \u0161iol, \u010dia rasite ir kit\u0173, ma\u017e\u0173 \u0161eim\u0173 versl\u0173, rank\u0173 darbo, dovan\u0173 sau ir artimiesiems.","publisher":{"@id":"https:\/\/skaitytaknyga.lt\/#organization"},"potentialAction":[{"@type":"SearchAction","target":{"@type":"EntryPoint","urlTemplate":"https:\/\/skaitytaknyga.lt\/?s={search_term_string}"},"query-input":{"@type":"PropertyValueSpecification","valueRequired":true,"valueName":"search_term_string"}}],"inLanguage":"en-GB"},{"@type":"Organization","@id":"https:\/\/skaitytaknyga.lt\/#organization","name":"skaitytaknyga.lt","url":"https:\/\/skaitytaknyga.lt\/","logo":{"@type":"ImageObject","inLanguage":"en-GB","@id":"https:\/\/skaitytaknyga.lt\/#\/schema\/logo\/image\/","url":"https:\/\/skaitytaknyga.lt\/wp-content\/uploads\/2024\/05\/cropped-cropped-cropped-02_00843_jt3bggkj1j3HLc7SyY6rEUpg.jpeg","contentUrl":"https:\/\/skaitytaknyga.lt\/wp-content\/uploads\/2024\/05\/cropped-cropped-cropped-02_00843_jt3bggkj1j3HLc7SyY6rEUpg.jpeg","width":1600,"height":1600,"caption":"skaitytaknyga.lt"},"image":{"@id":"https:\/\/skaitytaknyga.lt\/#\/schema\/logo\/image\/"},"sameAs":["https:\/\/www.facebook.com\/skaitytaknyga\/"]}]}},"_links":{"self":[{"href":"https:\/\/skaitytaknyga.lt\/en\/wp-json\/wp\/v2\/product\/22495","targetHints":{"allow":["GET"]}}],"collection":[{"href":"https:\/\/skaitytaknyga.lt\/en\/wp-json\/wp\/v2\/product"}],"about":[{"href":"https:\/\/skaitytaknyga.lt\/en\/wp-json\/wp\/v2\/types\/product"}],"replies":[{"embeddable":true,"href":"https:\/\/skaitytaknyga.lt\/en\/wp-json\/wp\/v2\/comments?post=22495"}],"wp:featuredmedia":[{"embeddable":true,"href":"https:\/\/skaitytaknyga.lt\/en\/wp-json\/wp\/v2\/media\/22503"}],"wp:attachment":[{"href":"https:\/\/skaitytaknyga.lt\/en\/wp-json\/wp\/v2\/media?parent=22495"}],"wp:term":[{"taxonomy":"product_brand","embeddable":true,"href":"https:\/\/skaitytaknyga.lt\/en\/wp-json\/wp\/v2\/product_brand?post=22495"},{"taxonomy":"product_cat","embeddable":true,"href":"https:\/\/skaitytaknyga.lt\/en\/wp-json\/wp\/v2\/product_cat?post=22495"},{"taxonomy":"product_tag","embeddable":true,"href":"https:\/\/skaitytaknyga.lt\/en\/wp-json\/wp\/v2\/product_tag?post=22495"}],"curies":[{"name":"wp","href":"https:\/\/api.w.org\/{rel}","templated":true}]}}