{"id":22494,"date":"2025-12-26T13:52:58","date_gmt":"2025-12-26T11:52:58","guid":{"rendered":"https:\/\/skaitytaknyga.lt\/?post_type=product&#038;p=22494"},"modified":"2025-12-27T10:59:21","modified_gmt":"2025-12-27T08:59:21","slug":"muzika-kaip-teatras-kompozitorius-faustas-latenas","status":"publish","type":"product","link":"https:\/\/skaitytaknyga.lt\/en\/produktas\/muzika-kaip-teatras-kompozitorius-faustas-latenas\/","title":{"rendered":"Muzika kaip teatras. Kompozitorius Faustas Lat\u0117nas"},"content":{"rendered":"<p>Knyga \u201eMuzika kaip teatras\u201c skirta i\u0161kiliai lietuvi\u0173 kult\u016bros asmenybei, Nacionalin\u0117s premijos laureatui, teatro ir kino kompozitoriui, akademin\u0117s muzikos k\u016br\u0117jui Faustui Lat\u0117nui.<\/p>\n<p>I\u0161samiai pristatoma kompozitoriaus biografija \u2013 taip pat ir jo paties pasakojimu \u2013 ir visa k\u016bryba, analizuojami spektakliai, sukurti Jaunimo, Vilniaus ma\u017eajame, \u201eL\u0117l\u0117s&#8221;, kituose Lietuvos teatruose ir u\u017esienyje.<\/p>\n<p>Muzikologas Viktoras Gerulaitis intriguojan\u010diai, kaip galb\u016bt jis vienas temoka, aptaria Lat\u0117no akademin\u0119 muzik\u0105.<\/p>\n<p>Viena \u017eymiausi\u0173 lietuvi\u0173 teatro asmenybi\u0173 atskleid\u017eia \u0161eimos nari\u0173, bi\u010diuli\u0173 ir koleg\u0173 \u2013 aktoriaus ir re\u017eisieriaus Algirdo Lat\u0117no, aktor\u0117s El\u017ebietos Lat\u0117nait\u0117s, re\u017eisieri\u0173 Vitalijaus Maz\u016bro, Eimunto Nekro\u0161ius, Rimo Tumino, kompozitori\u0173 Vidmanto Bartulio, Algirdo Martinai\u010dio, dailininko Adomo Jacovskio ir kit\u0173 pasakojimai.<\/p>\n","protected":false},"excerpt":{"rendered":"<p>Knyga \u201eMuzika kaip teatras\u201c skirta i\u0161kiliai lietuvi\u0173 kult\u016bros asmenybei, Nacionalin\u0117s premijos laureatui, teatro ir kino kompozitoriui, akademin\u0117s muzikos k\u016br\u0117jui Faustui Lat\u0117nui. I\u0161samiai pristatoma kompozitoriaus biografija \u2013 taip pat ir jo paties pasakojimu \u2013 ir visa k\u016bryba, analizuojami spektakliai, sukurti Jaunimo, Vilniaus ma\u017eajame, \u201eL\u0117l\u0117s&#8221;, kituose Lietuvos teatruose ir u\u017esienyje. Muzikologas Viktoras Gerulaitis intriguojan\u010diai, kaip galb\u016bt jis vienas temoka, aptaria Lat\u0117no akademin\u0119 muzik\u0105. Viena \u017eymiausi\u0173 lietuvi\u0173 teatro asmenybi\u0173 atskleid\u017eia \u0161eimos nari\u0173, bi\u010diuli\u0173 ir koleg\u0173 \u2013 aktoriaus ir re\u017eisieriaus Algirdo Lat\u0117no, aktor\u0117s El\u017ebietos Lat\u0117nait\u0117s, re\u017eisieri\u0173 Vitalijaus Maz\u016bro, Eimunto Nekro\u0161ius, Rimo Tumino, kompozitori\u0173 Vidmanto Bartulio, Algirdo Martinai\u010dio, dailininko Adomo Jacovskio ir kit\u0173 pasakojimai.<\/p>\n","protected":false},"featured_media":22501,"comment_status":"open","ping_status":"closed","template":"","meta":{"_acf_changed":false,"site-sidebar-layout":"default","site-content-layout":"","ast-site-content-layout":"default","site-content-style":"default","site-sidebar-style":"default","ast-global-header-display":"","ast-banner-title-visibility":"","ast-main-header-display":"","ast-hfb-above-header-display":"","ast-hfb-below-header-display":"","ast-hfb-mobile-header-display":"","site-post-title":"","ast-breadcrumbs-content":"","ast-featured-img":"","footer-sml-layout":"","ast-disable-related-posts":"","theme-transparent-header-meta":"","adv-header-id-meta":"","stick-header-meta":"","header-above-stick-meta":"","header-main-stick-meta":"","header-below-stick-meta":"","astra-migrate-meta-layouts":"default","ast-page-background-enabled":"default","ast-page-background-meta":{"desktop":{"background-color":"","background-image":"","background-repeat":"repeat","background-position":"center center","background-size":"auto","background-attachment":"scroll","background-type":"","background-media":"","overlay-type":"","overlay-color":"","overlay-opacity":"","overlay-gradient":""},"tablet":{"background-color":"","background-image":"","background-repeat":"repeat","background-position":"center center","background-size":"auto","background-attachment":"scroll","background-type":"","background-media":"","overlay-type":"","overlay-color":"","overlay-opacity":"","overlay-gradient":""},"mobile":{"background-color":"","background-image":"","background-repeat":"repeat","background-position":"center center","background-size":"auto","background-attachment":"scroll","background-type":"","background-media":"","overlay-type":"","overlay-color":"","overlay-opacity":"","overlay-gradient":""}},"ast-content-background-meta":{"desktop":{"background-color":"var(--ast-global-color-4)","background-image":"","background-repeat":"repeat","background-position":"center center","background-size":"auto","background-attachment":"scroll","background-type":"","background-media":"","overlay-type":"","overlay-color":"","overlay-opacity":"","overlay-gradient":""},"tablet":{"background-color":"var(--ast-global-color-4)","background-image":"","background-repeat":"repeat","background-position":"center center","background-size":"auto","background-attachment":"scroll","background-type":"","background-media":"","overlay-type":"","overlay-color":"","overlay-opacity":"","overlay-gradient":""},"mobile":{"background-color":"var(--ast-global-color-4)","background-image":"","background-repeat":"repeat","background-position":"center center","background-size":"auto","background-attachment":"scroll","background-type":"","background-media":"","overlay-type":"","overlay-color":"","overlay-opacity":"","overlay-gradient":""}}},"product_brand":[],"product_cat":[33],"product_tag":[],"class_list":{"0":"post-22494","1":"product","2":"type-product","3":"status-publish","4":"has-post-thumbnail","6":"product_cat-biografijos","7":"desktop-align-left","8":"tablet-align-left","9":"mobile-align-left","11":"first","12":"instock","13":"shipping-taxable","14":"purchasable","15":"product-type-simple"},"acf":[],"yoast_head":"<!-- This site is optimized with the Yoast SEO plugin v27.0 - https:\/\/yoast.com\/product\/yoast-seo-wordpress\/ -->\n<title>Muzika kaip teatras. Kompozitorius Faustas Lat\u0117nas<\/title>\n<meta name=\"description\" content=\"Knyga \u201eMuzika kaip teatras\u201c skirta i\u0161kiliai lietuvi\u0173 kult\u016bros asmenybei, Nacionalin\u0117s premijos laureatui, teatro ir kino kompozitoriui, akademin\u0117s muzikos\" \/>\n<meta name=\"robots\" content=\"index, follow, max-snippet:-1, max-image-preview:large, max-video-preview:-1\" \/>\n<link rel=\"canonical\" href=\"https:\/\/skaitytaknyga.lt\/en\/produktas\/muzika-kaip-teatras-kompozitorius-faustas-latenas\/\" \/>\n<meta property=\"og:locale\" content=\"en_GB\" \/>\n<meta property=\"og:locale:alternate\" content=\"lt_LT\" \/>\n<meta property=\"og:type\" content=\"article\" \/>\n<meta property=\"og:title\" content=\"Muzika kaip teatras. Kompozitorius Faustas Lat\u0117nas\" \/>\n<meta property=\"og:description\" content=\"Knyga \u201eMuzika kaip teatras\u201c skirta i\u0161kiliai lietuvi\u0173 kult\u016bros asmenybei, Nacionalin\u0117s premijos laureatui, teatro ir kino kompozitoriui, akademin\u0117s muzikos\" \/>\n<meta property=\"og:url\" content=\"https:\/\/skaitytaknyga.lt\/en\/produktas\/muzika-kaip-teatras-kompozitorius-faustas-latenas\/\" \/>\n<meta property=\"og:site_name\" content=\"Skaitytaknyga\" \/>\n<meta property=\"article:publisher\" content=\"https:\/\/www.facebook.com\/skaitytaknyga\/\" \/>\n<meta property=\"article:modified_time\" content=\"2025-12-27T08:59:21+00:00\" \/>\n<meta property=\"og:image\" content=\"https:\/\/skaitytaknyga.lt\/wp-content\/uploads\/2025\/12\/Muzika-kaip-teatras.-Kompozitorius-Faustas-Latenas-1.webp\" \/>\n\t<meta property=\"og:image:width\" content=\"300\" \/>\n\t<meta property=\"og:image:height\" content=\"415\" \/>\n\t<meta property=\"og:image:type\" content=\"image\/webp\" \/>\n<meta name=\"twitter:card\" content=\"summary_large_image\" \/>\n<meta name=\"twitter:label1\" content=\"Estimated reading time\" \/>\n\t<meta name=\"twitter:data1\" content=\"1 minute\" \/>\n<script type=\"application\/ld+json\" class=\"yoast-schema-graph\">{\"@context\":\"https:\/\/schema.org\",\"@graph\":[{\"@type\":\"WebPage\",\"@id\":\"https:\/\/skaitytaknyga.lt\/produktas\/muzika-kaip-teatras-kompozitorius-faustas-latenas\/\",\"url\":\"https:\/\/skaitytaknyga.lt\/produktas\/muzika-kaip-teatras-kompozitorius-faustas-latenas\/\",\"name\":\"Muzika kaip teatras. Kompozitorius Faustas Lat\u0117nas\",\"isPartOf\":{\"@id\":\"https:\/\/skaitytaknyga.lt\/#website\"},\"primaryImageOfPage\":{\"@id\":\"https:\/\/skaitytaknyga.lt\/produktas\/muzika-kaip-teatras-kompozitorius-faustas-latenas\/#primaryimage\"},\"image\":{\"@id\":\"https:\/\/skaitytaknyga.lt\/produktas\/muzika-kaip-teatras-kompozitorius-faustas-latenas\/#primaryimage\"},\"thumbnailUrl\":\"https:\/\/skaitytaknyga.lt\/wp-content\/uploads\/2025\/12\/Muzika-kaip-teatras.-Kompozitorius-Faustas-Latenas-1.webp\",\"datePublished\":\"2025-12-26T11:52:58+00:00\",\"dateModified\":\"2025-12-27T08:59:21+00:00\",\"description\":\"Knyga \u201eMuzika kaip teatras\u201c skirta i\u0161kiliai lietuvi\u0173 kult\u016bros asmenybei, Nacionalin\u0117s premijos laureatui, teatro ir kino kompozitoriui, akademin\u0117s muzikos\",\"breadcrumb\":{\"@id\":\"https:\/\/skaitytaknyga.lt\/produktas\/muzika-kaip-teatras-kompozitorius-faustas-latenas\/#breadcrumb\"},\"inLanguage\":\"en-GB\",\"potentialAction\":[{\"@type\":\"ReadAction\",\"target\":[\"https:\/\/skaitytaknyga.lt\/produktas\/muzika-kaip-teatras-kompozitorius-faustas-latenas\/\"]}]},{\"@type\":\"ImageObject\",\"inLanguage\":\"en-GB\",\"@id\":\"https:\/\/skaitytaknyga.lt\/produktas\/muzika-kaip-teatras-kompozitorius-faustas-latenas\/#primaryimage\",\"url\":\"https:\/\/skaitytaknyga.lt\/wp-content\/uploads\/2025\/12\/Muzika-kaip-teatras.-Kompozitorius-Faustas-Latenas-1.webp\",\"contentUrl\":\"https:\/\/skaitytaknyga.lt\/wp-content\/uploads\/2025\/12\/Muzika-kaip-teatras.-Kompozitorius-Faustas-Latenas-1.webp\",\"width\":300,\"height\":415,\"caption\":\"Muzika kaip teatras. Kompozitorius Faustas Lat\u0117nas\"},{\"@type\":\"BreadcrumbList\",\"@id\":\"https:\/\/skaitytaknyga.lt\/produktas\/muzika-kaip-teatras-kompozitorius-faustas-latenas\/#breadcrumb\",\"itemListElement\":[{\"@type\":\"ListItem\",\"position\":1,\"name\":\"Home\",\"item\":\"https:\/\/skaitytaknyga.lt\/\"},{\"@type\":\"ListItem\",\"position\":2,\"name\":\"Parduotuv\u0117\",\"item\":\"https:\/\/skaitytaknyga.lt\/knygu-parduotuve\/\"},{\"@type\":\"ListItem\",\"position\":3,\"name\":\"Muzika kaip teatras. Kompozitorius Faustas Lat\u0117nas\"}]},{\"@type\":\"WebSite\",\"@id\":\"https:\/\/skaitytaknyga.lt\/#website\",\"url\":\"https:\/\/skaitytaknyga.lt\/\",\"name\":\"skaitytaknyga.lt\",\"description\":\"Skaitytaknyga.lt \u2013 tai ma\u017eas \u0161eimos verslas, kuris prasid\u0117jo nuo meil\u0117s knygoms ir siekio i\u0161gelb\u0117ti knygas nuo likimo prie konteinerio. Kas vienam nereikalingas daiktas \u2013 kitam lobis, o mes esame tarpininkai, kurie padeda abiems tapti laimingesniems ???? \u017dinome kaip nelengva i\u0161gyventi ma\u017eiems verslams, tad nuo \u0161iol, \u010dia rasite ir kit\u0173, ma\u017e\u0173 \u0161eim\u0173 versl\u0173, rank\u0173 darbo, dovan\u0173 sau ir artimiesiems.\",\"publisher\":{\"@id\":\"https:\/\/skaitytaknyga.lt\/#organization\"},\"potentialAction\":[{\"@type\":\"SearchAction\",\"target\":{\"@type\":\"EntryPoint\",\"urlTemplate\":\"https:\/\/skaitytaknyga.lt\/?s={search_term_string}\"},\"query-input\":{\"@type\":\"PropertyValueSpecification\",\"valueRequired\":true,\"valueName\":\"search_term_string\"}}],\"inLanguage\":\"en-GB\"},{\"@type\":\"Organization\",\"@id\":\"https:\/\/skaitytaknyga.lt\/#organization\",\"name\":\"skaitytaknyga.lt\",\"url\":\"https:\/\/skaitytaknyga.lt\/\",\"logo\":{\"@type\":\"ImageObject\",\"inLanguage\":\"en-GB\",\"@id\":\"https:\/\/skaitytaknyga.lt\/#\/schema\/logo\/image\/\",\"url\":\"https:\/\/skaitytaknyga.lt\/wp-content\/uploads\/2024\/05\/cropped-cropped-cropped-02_00843_jt3bggkj1j3HLc7SyY6rEUpg.jpeg\",\"contentUrl\":\"https:\/\/skaitytaknyga.lt\/wp-content\/uploads\/2024\/05\/cropped-cropped-cropped-02_00843_jt3bggkj1j3HLc7SyY6rEUpg.jpeg\",\"width\":1600,\"height\":1600,\"caption\":\"skaitytaknyga.lt\"},\"image\":{\"@id\":\"https:\/\/skaitytaknyga.lt\/#\/schema\/logo\/image\/\"},\"sameAs\":[\"https:\/\/www.facebook.com\/skaitytaknyga\/\"]}]}<\/script>\n<!-- \/ Yoast SEO plugin. -->","yoast_head_json":{"title":"Muzika kaip teatras. Kompozitorius Faustas Lat\u0117nas","description":"Knyga \u201eMuzika kaip teatras\u201c skirta i\u0161kiliai lietuvi\u0173 kult\u016bros asmenybei, Nacionalin\u0117s premijos laureatui, teatro ir kino kompozitoriui, akademin\u0117s muzikos","robots":{"index":"index","follow":"follow","max-snippet":"max-snippet:-1","max-image-preview":"max-image-preview:large","max-video-preview":"max-video-preview:-1"},"canonical":"https:\/\/skaitytaknyga.lt\/en\/produktas\/muzika-kaip-teatras-kompozitorius-faustas-latenas\/","og_locale":"en_GB","og_type":"article","og_title":"[:lt]Muzika kaip teatras. Kompozitorius Faustas Lat\u0117nas[:] - Skaitytaknyga","og_description":"Knyga \u201eMuzika kaip teatras\u201c skirta i\u0161kiliai lietuvi\u0173 kult\u016bros asmenybei, Nacionalin\u0117s premijos laureatui, teatro ir kino kompozitoriui, akademin\u0117s muzikos","og_url":"https:\/\/skaitytaknyga.lt\/en\/produktas\/muzika-kaip-teatras-kompozitorius-faustas-latenas\/","og_site_name":"Skaitytaknyga","article_publisher":"https:\/\/www.facebook.com\/skaitytaknyga\/","article_modified_time":"2025-12-27T08:59:21+00:00","og_image":[{"width":300,"height":415,"url":"https:\/\/skaitytaknyga.lt\/wp-content\/uploads\/2025\/12\/Muzika-kaip-teatras.-Kompozitorius-Faustas-Latenas-1.webp","type":"image\/webp"}],"twitter_card":"summary_large_image","twitter_misc":{"Estimated reading time":"1 minute"},"schema":{"@context":"https:\/\/schema.org","@graph":[{"@type":"WebPage","@id":"https:\/\/skaitytaknyga.lt\/produktas\/muzika-kaip-teatras-kompozitorius-faustas-latenas\/","url":"https:\/\/skaitytaknyga.lt\/produktas\/muzika-kaip-teatras-kompozitorius-faustas-latenas\/","name":"Muzika kaip teatras. Kompozitorius Faustas Lat\u0117nas","isPartOf":{"@id":"https:\/\/skaitytaknyga.lt\/#website"},"primaryImageOfPage":{"@id":"https:\/\/skaitytaknyga.lt\/produktas\/muzika-kaip-teatras-kompozitorius-faustas-latenas\/#primaryimage"},"image":{"@id":"https:\/\/skaitytaknyga.lt\/produktas\/muzika-kaip-teatras-kompozitorius-faustas-latenas\/#primaryimage"},"thumbnailUrl":"https:\/\/skaitytaknyga.lt\/wp-content\/uploads\/2025\/12\/Muzika-kaip-teatras.-Kompozitorius-Faustas-Latenas-1.webp","datePublished":"2025-12-26T11:52:58+00:00","dateModified":"2025-12-27T08:59:21+00:00","description":"Knyga \u201eMuzika kaip teatras\u201c skirta i\u0161kiliai lietuvi\u0173 kult\u016bros asmenybei, Nacionalin\u0117s premijos laureatui, teatro ir kino kompozitoriui, akademin\u0117s muzikos","breadcrumb":{"@id":"https:\/\/skaitytaknyga.lt\/produktas\/muzika-kaip-teatras-kompozitorius-faustas-latenas\/#breadcrumb"},"inLanguage":"en-GB","potentialAction":[{"@type":"ReadAction","target":["https:\/\/skaitytaknyga.lt\/produktas\/muzika-kaip-teatras-kompozitorius-faustas-latenas\/"]}]},{"@type":"ImageObject","inLanguage":"en-GB","@id":"https:\/\/skaitytaknyga.lt\/produktas\/muzika-kaip-teatras-kompozitorius-faustas-latenas\/#primaryimage","url":"https:\/\/skaitytaknyga.lt\/wp-content\/uploads\/2025\/12\/Muzika-kaip-teatras.-Kompozitorius-Faustas-Latenas-1.webp","contentUrl":"https:\/\/skaitytaknyga.lt\/wp-content\/uploads\/2025\/12\/Muzika-kaip-teatras.-Kompozitorius-Faustas-Latenas-1.webp","width":300,"height":415,"caption":"Muzika kaip teatras. Kompozitorius Faustas Lat\u0117nas"},{"@type":"BreadcrumbList","@id":"https:\/\/skaitytaknyga.lt\/produktas\/muzika-kaip-teatras-kompozitorius-faustas-latenas\/#breadcrumb","itemListElement":[{"@type":"ListItem","position":1,"name":"Home","item":"https:\/\/skaitytaknyga.lt\/"},{"@type":"ListItem","position":2,"name":"Parduotuv\u0117","item":"https:\/\/skaitytaknyga.lt\/knygu-parduotuve\/"},{"@type":"ListItem","position":3,"name":"Muzika kaip teatras. Kompozitorius Faustas Lat\u0117nas"}]},{"@type":"WebSite","@id":"https:\/\/skaitytaknyga.lt\/#website","url":"https:\/\/skaitytaknyga.lt\/","name":"skaitytaknyga.lt","description":"Skaitytaknyga.lt \u2013 tai ma\u017eas \u0161eimos verslas, kuris prasid\u0117jo nuo meil\u0117s knygoms ir siekio i\u0161gelb\u0117ti knygas nuo likimo prie konteinerio. Kas vienam nereikalingas daiktas \u2013 kitam lobis, o mes esame tarpininkai, kurie padeda abiems tapti laimingesniems ???? \u017dinome kaip nelengva i\u0161gyventi ma\u017eiems verslams, tad nuo \u0161iol, \u010dia rasite ir kit\u0173, ma\u017e\u0173 \u0161eim\u0173 versl\u0173, rank\u0173 darbo, dovan\u0173 sau ir artimiesiems.","publisher":{"@id":"https:\/\/skaitytaknyga.lt\/#organization"},"potentialAction":[{"@type":"SearchAction","target":{"@type":"EntryPoint","urlTemplate":"https:\/\/skaitytaknyga.lt\/?s={search_term_string}"},"query-input":{"@type":"PropertyValueSpecification","valueRequired":true,"valueName":"search_term_string"}}],"inLanguage":"en-GB"},{"@type":"Organization","@id":"https:\/\/skaitytaknyga.lt\/#organization","name":"skaitytaknyga.lt","url":"https:\/\/skaitytaknyga.lt\/","logo":{"@type":"ImageObject","inLanguage":"en-GB","@id":"https:\/\/skaitytaknyga.lt\/#\/schema\/logo\/image\/","url":"https:\/\/skaitytaknyga.lt\/wp-content\/uploads\/2024\/05\/cropped-cropped-cropped-02_00843_jt3bggkj1j3HLc7SyY6rEUpg.jpeg","contentUrl":"https:\/\/skaitytaknyga.lt\/wp-content\/uploads\/2024\/05\/cropped-cropped-cropped-02_00843_jt3bggkj1j3HLc7SyY6rEUpg.jpeg","width":1600,"height":1600,"caption":"skaitytaknyga.lt"},"image":{"@id":"https:\/\/skaitytaknyga.lt\/#\/schema\/logo\/image\/"},"sameAs":["https:\/\/www.facebook.com\/skaitytaknyga\/"]}]}},"_links":{"self":[{"href":"https:\/\/skaitytaknyga.lt\/en\/wp-json\/wp\/v2\/product\/22494","targetHints":{"allow":["GET"]}}],"collection":[{"href":"https:\/\/skaitytaknyga.lt\/en\/wp-json\/wp\/v2\/product"}],"about":[{"href":"https:\/\/skaitytaknyga.lt\/en\/wp-json\/wp\/v2\/types\/product"}],"replies":[{"embeddable":true,"href":"https:\/\/skaitytaknyga.lt\/en\/wp-json\/wp\/v2\/comments?post=22494"}],"wp:featuredmedia":[{"embeddable":true,"href":"https:\/\/skaitytaknyga.lt\/en\/wp-json\/wp\/v2\/media\/22501"}],"wp:attachment":[{"href":"https:\/\/skaitytaknyga.lt\/en\/wp-json\/wp\/v2\/media?parent=22494"}],"wp:term":[{"taxonomy":"product_brand","embeddable":true,"href":"https:\/\/skaitytaknyga.lt\/en\/wp-json\/wp\/v2\/product_brand?post=22494"},{"taxonomy":"product_cat","embeddable":true,"href":"https:\/\/skaitytaknyga.lt\/en\/wp-json\/wp\/v2\/product_cat?post=22494"},{"taxonomy":"product_tag","embeddable":true,"href":"https:\/\/skaitytaknyga.lt\/en\/wp-json\/wp\/v2\/product_tag?post=22494"}],"curies":[{"name":"wp","href":"https:\/\/api.w.org\/{rel}","templated":true}]}}