{"id":22493,"date":"2025-12-26T13:52:57","date_gmt":"2025-12-26T11:52:57","guid":{"rendered":"https:\/\/skaitytaknyga.lt\/?post_type=product&#038;p=22493"},"modified":"2026-03-18T14:59:39","modified_gmt":"2026-03-18T12:59:39","slug":"akademija-ir-akademikai-atsiminimuose","status":"publish","type":"product","link":"https:\/\/skaitytaknyga.lt\/en\/produktas\/akademija-ir-akademikai-atsiminimuose\/","title":{"rendered":"Akademija ir akademikai atsiminimuose"},"content":{"rendered":"<p>Atsiminim\u0173 knyga skirta Lietuvos moksl\u0173 akademijos \u012fk\u016brimo 70-me\u010diui pa\u017eym\u0117ti. Joje 28 autori\u0173 kolek-<br \/>\ntyvas pasakoja apie \u0161alies intelektiniam gyvenimui reik\u0161mingos mokslo institucijos netolim\u0105 praeit\u012f. Knygoje<br \/>\nd\u0117mesys telkiamas Akademijos ir svarbiausiy mokslo kryp\u010di\u0173 k\u016br\u0117j\u0173 gyvenimo ir veiklos bendruosius<br \/>\nbruo\u017eus. Autoriai pateikia asmenybi\u0173 biografinius portretus, ju darbus, Pripa\u017einim\u0105 ir nesekmes, mokslo<br \/>\nry\u0161ius, mokslin\u0117s brandos kelio ypatumusir XXam\u017eiuje tekusius i\u0161bandymus. Tekstus gilina mokslo istorijai<br \/>\nsvarb\u016bs duomenys, platesniajai visuomenei &#8211; populiarios \u017einios apie moksl\u0105 ir mokslininkams nutikusius<br \/>\n\u012fdomius \u012fvykius. Knygoje panaudotos nuotraukos i\u0161 Akademijos ikonografjos archyvo ir autori\u0173 asmenini\u0173<\/p>\n","protected":false},"excerpt":{"rendered":"<p>Atsiminim\u0173 knyga skirta Lietuvos moksl\u0173 akademijos \u012fk\u016brimo 70-me\u010diui pa\u017eym\u0117ti. Joje 28 autori\u0173 kolek- tyvas pasakoja apie \u0161alies intelektiniam gyvenimui reik\u0161mingos mokslo institucijos netolim\u0105 praeit\u012f. Knygoje d\u0117mesys telkiamas Akademijos ir svarbiausiy mokslo kryp\u010di\u0173 k\u016br\u0117j\u0173 gyvenimo ir veiklos bendruosius bruo\u017eus. Autoriai pateikia asmenybi\u0173 biografinius portretus, ju darbus, Pripa\u017einim\u0105 ir nesekmes, mokslo ry\u0161ius, mokslin\u0117s brandos kelio ypatumusir XXam\u017eiuje tekusius i\u0161bandymus. Tekstus gilina mokslo istorijai svarb\u016bs duomenys, platesniajai visuomenei &#8211; populiarios \u017einios apie moksl\u0105 ir mokslininkams nutikusius \u012fdomius \u012fvykius. Knygoje panaudotos nuotraukos i\u0161 Akademijos ikonografjos archyvo ir autori\u0173 asmenini\u0173<\/p>\n","protected":false},"featured_media":22499,"comment_status":"open","ping_status":"closed","template":"","meta":{"_acf_changed":false,"site-sidebar-layout":"default","site-content-layout":"","ast-site-content-layout":"default","site-content-style":"default","site-sidebar-style":"default","ast-global-header-display":"","ast-banner-title-visibility":"","ast-main-header-display":"","ast-hfb-above-header-display":"","ast-hfb-below-header-display":"","ast-hfb-mobile-header-display":"","site-post-title":"","ast-breadcrumbs-content":"","ast-featured-img":"","footer-sml-layout":"","ast-disable-related-posts":"","theme-transparent-header-meta":"","adv-header-id-meta":"","stick-header-meta":"","header-above-stick-meta":"","header-main-stick-meta":"","header-below-stick-meta":"","astra-migrate-meta-layouts":"default","ast-page-background-enabled":"default","ast-page-background-meta":{"desktop":{"background-color":"","background-image":"","background-repeat":"repeat","background-position":"center center","background-size":"auto","background-attachment":"scroll","background-type":"","background-media":"","overlay-type":"","overlay-color":"","overlay-opacity":"","overlay-gradient":""},"tablet":{"background-color":"","background-image":"","background-repeat":"repeat","background-position":"center center","background-size":"auto","background-attachment":"scroll","background-type":"","background-media":"","overlay-type":"","overlay-color":"","overlay-opacity":"","overlay-gradient":""},"mobile":{"background-color":"","background-image":"","background-repeat":"repeat","background-position":"center center","background-size":"auto","background-attachment":"scroll","background-type":"","background-media":"","overlay-type":"","overlay-color":"","overlay-opacity":"","overlay-gradient":""}},"ast-content-background-meta":{"desktop":{"background-color":"var(--ast-global-color-4)","background-image":"","background-repeat":"repeat","background-position":"center center","background-size":"auto","background-attachment":"scroll","background-type":"","background-media":"","overlay-type":"","overlay-color":"","overlay-opacity":"","overlay-gradient":""},"tablet":{"background-color":"var(--ast-global-color-4)","background-image":"","background-repeat":"repeat","background-position":"center center","background-size":"auto","background-attachment":"scroll","background-type":"","background-media":"","overlay-type":"","overlay-color":"","overlay-opacity":"","overlay-gradient":""},"mobile":{"background-color":"var(--ast-global-color-4)","background-image":"","background-repeat":"repeat","background-position":"center center","background-size":"auto","background-attachment":"scroll","background-type":"","background-media":"","overlay-type":"","overlay-color":"","overlay-opacity":"","overlay-gradient":""}}},"product_brand":[],"product_cat":[9862,174],"product_tag":[],"class_list":{"0":"post-22493","1":"product","2":"type-product","3":"status-publish","4":"has-post-thumbnail","6":"product_cat-lietuvos-istorija","7":"product_cat-istorija-ir-politologija","8":"desktop-align-left","9":"tablet-align-left","10":"mobile-align-left","12":"first","13":"instock","14":"shipping-taxable","15":"purchasable","16":"product-type-simple"},"acf":[],"yoast_head":"<!-- This site is optimized with the Yoast SEO plugin v27.0 - https:\/\/yoast.com\/product\/yoast-seo-wordpress\/ -->\n<title>Akademija ir akademikai atsiminimuose<\/title>\n<meta name=\"description\" content=\"Atsiminim\u0173 knyga skirta Lietuvos moksl\u0173 akademijos \u012fk\u016brimo 70-me\u010diui pa\u017eym\u0117ti. Joje 28 autori\u0173 kolek- tyvas pasakoja apie \u0161alies intelektiniam gyvenimui\" \/>\n<meta name=\"robots\" content=\"index, follow, max-snippet:-1, max-image-preview:large, max-video-preview:-1\" \/>\n<link rel=\"canonical\" href=\"https:\/\/skaitytaknyga.lt\/en\/produktas\/akademija-ir-akademikai-atsiminimuose\/\" \/>\n<meta property=\"og:locale\" content=\"en_GB\" \/>\n<meta property=\"og:locale:alternate\" content=\"lt_LT\" \/>\n<meta property=\"og:type\" content=\"article\" \/>\n<meta property=\"og:title\" content=\"Akademija ir akademikai atsiminimuose\" \/>\n<meta property=\"og:description\" content=\"Atsiminim\u0173 knyga skirta Lietuvos moksl\u0173 akademijos \u012fk\u016brimo 70-me\u010diui pa\u017eym\u0117ti. Joje 28 autori\u0173 kolek- tyvas pasakoja apie \u0161alies intelektiniam gyvenimui\" \/>\n<meta property=\"og:url\" content=\"https:\/\/skaitytaknyga.lt\/en\/produktas\/akademija-ir-akademikai-atsiminimuose\/\" \/>\n<meta property=\"og:site_name\" content=\"Skaitytaknyga\" \/>\n<meta property=\"article:publisher\" content=\"https:\/\/www.facebook.com\/skaitytaknyga\/\" \/>\n<meta property=\"article:modified_time\" content=\"2026-03-18T12:59:39+00:00\" \/>\n<meta property=\"og:image\" content=\"https:\/\/skaitytaknyga.lt\/wp-content\/uploads\/2025\/12\/Akademija-ir-akademikai-atsiminimuose.webp\" \/>\n\t<meta property=\"og:image:width\" content=\"300\" \/>\n\t<meta property=\"og:image:height\" content=\"435\" \/>\n\t<meta property=\"og:image:type\" content=\"image\/webp\" \/>\n<meta name=\"twitter:card\" content=\"summary_large_image\" \/>\n<meta name=\"twitter:label1\" content=\"Estimated reading time\" \/>\n\t<meta name=\"twitter:data1\" content=\"1 minute\" \/>\n<script type=\"application\/ld+json\" class=\"yoast-schema-graph\">{\"@context\":\"https:\/\/schema.org\",\"@graph\":[{\"@type\":\"WebPage\",\"@id\":\"https:\/\/skaitytaknyga.lt\/produktas\/akademija-ir-akademikai-atsiminimuose\/\",\"url\":\"https:\/\/skaitytaknyga.lt\/produktas\/akademija-ir-akademikai-atsiminimuose\/\",\"name\":\"Akademija ir akademikai atsiminimuose\",\"isPartOf\":{\"@id\":\"https:\/\/skaitytaknyga.lt\/#website\"},\"primaryImageOfPage\":{\"@id\":\"https:\/\/skaitytaknyga.lt\/produktas\/akademija-ir-akademikai-atsiminimuose\/#primaryimage\"},\"image\":{\"@id\":\"https:\/\/skaitytaknyga.lt\/produktas\/akademija-ir-akademikai-atsiminimuose\/#primaryimage\"},\"thumbnailUrl\":\"https:\/\/skaitytaknyga.lt\/wp-content\/uploads\/2025\/12\/Akademija-ir-akademikai-atsiminimuose.webp\",\"datePublished\":\"2025-12-26T11:52:57+00:00\",\"dateModified\":\"2026-03-18T12:59:39+00:00\",\"description\":\"Atsiminim\u0173 knyga skirta Lietuvos moksl\u0173 akademijos \u012fk\u016brimo 70-me\u010diui pa\u017eym\u0117ti. Joje 28 autori\u0173 kolek- tyvas pasakoja apie \u0161alies intelektiniam gyvenimui\",\"breadcrumb\":{\"@id\":\"https:\/\/skaitytaknyga.lt\/produktas\/akademija-ir-akademikai-atsiminimuose\/#breadcrumb\"},\"inLanguage\":\"en-GB\",\"potentialAction\":[{\"@type\":\"ReadAction\",\"target\":[\"https:\/\/skaitytaknyga.lt\/produktas\/akademija-ir-akademikai-atsiminimuose\/\"]}]},{\"@type\":\"ImageObject\",\"inLanguage\":\"en-GB\",\"@id\":\"https:\/\/skaitytaknyga.lt\/produktas\/akademija-ir-akademikai-atsiminimuose\/#primaryimage\",\"url\":\"https:\/\/skaitytaknyga.lt\/wp-content\/uploads\/2025\/12\/Akademija-ir-akademikai-atsiminimuose.webp\",\"contentUrl\":\"https:\/\/skaitytaknyga.lt\/wp-content\/uploads\/2025\/12\/Akademija-ir-akademikai-atsiminimuose.webp\",\"width\":300,\"height\":435,\"caption\":\"Akademija ir akademikai atsiminimuose\"},{\"@type\":\"BreadcrumbList\",\"@id\":\"https:\/\/skaitytaknyga.lt\/produktas\/akademija-ir-akademikai-atsiminimuose\/#breadcrumb\",\"itemListElement\":[{\"@type\":\"ListItem\",\"position\":1,\"name\":\"Home\",\"item\":\"https:\/\/skaitytaknyga.lt\/\"},{\"@type\":\"ListItem\",\"position\":2,\"name\":\"Parduotuv\u0117\",\"item\":\"https:\/\/skaitytaknyga.lt\/knygu-parduotuve\/\"},{\"@type\":\"ListItem\",\"position\":3,\"name\":\"Akademija ir akademikai atsiminimuose\"}]},{\"@type\":\"WebSite\",\"@id\":\"https:\/\/skaitytaknyga.lt\/#website\",\"url\":\"https:\/\/skaitytaknyga.lt\/\",\"name\":\"skaitytaknyga.lt\",\"description\":\"Skaitytaknyga.lt \u2013 tai ma\u017eas \u0161eimos verslas, kuris prasid\u0117jo nuo meil\u0117s knygoms ir siekio i\u0161gelb\u0117ti knygas nuo likimo prie konteinerio. Kas vienam nereikalingas daiktas \u2013 kitam lobis, o mes esame tarpininkai, kurie padeda abiems tapti laimingesniems ???? \u017dinome kaip nelengva i\u0161gyventi ma\u017eiems verslams, tad nuo \u0161iol, \u010dia rasite ir kit\u0173, ma\u017e\u0173 \u0161eim\u0173 versl\u0173, rank\u0173 darbo, dovan\u0173 sau ir artimiesiems.\",\"publisher\":{\"@id\":\"https:\/\/skaitytaknyga.lt\/#organization\"},\"potentialAction\":[{\"@type\":\"SearchAction\",\"target\":{\"@type\":\"EntryPoint\",\"urlTemplate\":\"https:\/\/skaitytaknyga.lt\/?s={search_term_string}\"},\"query-input\":{\"@type\":\"PropertyValueSpecification\",\"valueRequired\":true,\"valueName\":\"search_term_string\"}}],\"inLanguage\":\"en-GB\"},{\"@type\":\"Organization\",\"@id\":\"https:\/\/skaitytaknyga.lt\/#organization\",\"name\":\"skaitytaknyga.lt\",\"url\":\"https:\/\/skaitytaknyga.lt\/\",\"logo\":{\"@type\":\"ImageObject\",\"inLanguage\":\"en-GB\",\"@id\":\"https:\/\/skaitytaknyga.lt\/#\/schema\/logo\/image\/\",\"url\":\"https:\/\/skaitytaknyga.lt\/wp-content\/uploads\/2024\/05\/cropped-cropped-cropped-02_00843_jt3bggkj1j3HLc7SyY6rEUpg.jpeg\",\"contentUrl\":\"https:\/\/skaitytaknyga.lt\/wp-content\/uploads\/2024\/05\/cropped-cropped-cropped-02_00843_jt3bggkj1j3HLc7SyY6rEUpg.jpeg\",\"width\":1600,\"height\":1600,\"caption\":\"skaitytaknyga.lt\"},\"image\":{\"@id\":\"https:\/\/skaitytaknyga.lt\/#\/schema\/logo\/image\/\"},\"sameAs\":[\"https:\/\/www.facebook.com\/skaitytaknyga\/\"]}]}<\/script>\n<!-- \/ Yoast SEO plugin. -->","yoast_head_json":{"title":"Akademija ir akademikai atsiminimuose","description":"Atsiminim\u0173 knyga skirta Lietuvos moksl\u0173 akademijos \u012fk\u016brimo 70-me\u010diui pa\u017eym\u0117ti. Joje 28 autori\u0173 kolek- tyvas pasakoja apie \u0161alies intelektiniam gyvenimui","robots":{"index":"index","follow":"follow","max-snippet":"max-snippet:-1","max-image-preview":"max-image-preview:large","max-video-preview":"max-video-preview:-1"},"canonical":"https:\/\/skaitytaknyga.lt\/en\/produktas\/akademija-ir-akademikai-atsiminimuose\/","og_locale":"en_GB","og_type":"article","og_title":"[:lt]Akademija ir akademikai atsiminimuose[:] - Skaitytaknyga","og_description":"Atsiminim\u0173 knyga skirta Lietuvos moksl\u0173 akademijos \u012fk\u016brimo 70-me\u010diui pa\u017eym\u0117ti. Joje 28 autori\u0173 kolek- tyvas pasakoja apie \u0161alies intelektiniam gyvenimui","og_url":"https:\/\/skaitytaknyga.lt\/en\/produktas\/akademija-ir-akademikai-atsiminimuose\/","og_site_name":"Skaitytaknyga","article_publisher":"https:\/\/www.facebook.com\/skaitytaknyga\/","article_modified_time":"2026-03-18T12:59:39+00:00","og_image":[{"width":300,"height":435,"url":"https:\/\/skaitytaknyga.lt\/wp-content\/uploads\/2025\/12\/Akademija-ir-akademikai-atsiminimuose.webp","type":"image\/webp"}],"twitter_card":"summary_large_image","twitter_misc":{"Estimated reading time":"1 minute"},"schema":{"@context":"https:\/\/schema.org","@graph":[{"@type":"WebPage","@id":"https:\/\/skaitytaknyga.lt\/produktas\/akademija-ir-akademikai-atsiminimuose\/","url":"https:\/\/skaitytaknyga.lt\/produktas\/akademija-ir-akademikai-atsiminimuose\/","name":"Akademija ir akademikai atsiminimuose","isPartOf":{"@id":"https:\/\/skaitytaknyga.lt\/#website"},"primaryImageOfPage":{"@id":"https:\/\/skaitytaknyga.lt\/produktas\/akademija-ir-akademikai-atsiminimuose\/#primaryimage"},"image":{"@id":"https:\/\/skaitytaknyga.lt\/produktas\/akademija-ir-akademikai-atsiminimuose\/#primaryimage"},"thumbnailUrl":"https:\/\/skaitytaknyga.lt\/wp-content\/uploads\/2025\/12\/Akademija-ir-akademikai-atsiminimuose.webp","datePublished":"2025-12-26T11:52:57+00:00","dateModified":"2026-03-18T12:59:39+00:00","description":"Atsiminim\u0173 knyga skirta Lietuvos moksl\u0173 akademijos \u012fk\u016brimo 70-me\u010diui pa\u017eym\u0117ti. Joje 28 autori\u0173 kolek- tyvas pasakoja apie \u0161alies intelektiniam gyvenimui","breadcrumb":{"@id":"https:\/\/skaitytaknyga.lt\/produktas\/akademija-ir-akademikai-atsiminimuose\/#breadcrumb"},"inLanguage":"en-GB","potentialAction":[{"@type":"ReadAction","target":["https:\/\/skaitytaknyga.lt\/produktas\/akademija-ir-akademikai-atsiminimuose\/"]}]},{"@type":"ImageObject","inLanguage":"en-GB","@id":"https:\/\/skaitytaknyga.lt\/produktas\/akademija-ir-akademikai-atsiminimuose\/#primaryimage","url":"https:\/\/skaitytaknyga.lt\/wp-content\/uploads\/2025\/12\/Akademija-ir-akademikai-atsiminimuose.webp","contentUrl":"https:\/\/skaitytaknyga.lt\/wp-content\/uploads\/2025\/12\/Akademija-ir-akademikai-atsiminimuose.webp","width":300,"height":435,"caption":"Akademija ir akademikai atsiminimuose"},{"@type":"BreadcrumbList","@id":"https:\/\/skaitytaknyga.lt\/produktas\/akademija-ir-akademikai-atsiminimuose\/#breadcrumb","itemListElement":[{"@type":"ListItem","position":1,"name":"Home","item":"https:\/\/skaitytaknyga.lt\/"},{"@type":"ListItem","position":2,"name":"Parduotuv\u0117","item":"https:\/\/skaitytaknyga.lt\/knygu-parduotuve\/"},{"@type":"ListItem","position":3,"name":"Akademija ir akademikai atsiminimuose"}]},{"@type":"WebSite","@id":"https:\/\/skaitytaknyga.lt\/#website","url":"https:\/\/skaitytaknyga.lt\/","name":"skaitytaknyga.lt","description":"Skaitytaknyga.lt \u2013 tai ma\u017eas \u0161eimos verslas, kuris prasid\u0117jo nuo meil\u0117s knygoms ir siekio i\u0161gelb\u0117ti knygas nuo likimo prie konteinerio. Kas vienam nereikalingas daiktas \u2013 kitam lobis, o mes esame tarpininkai, kurie padeda abiems tapti laimingesniems ???? \u017dinome kaip nelengva i\u0161gyventi ma\u017eiems verslams, tad nuo \u0161iol, \u010dia rasite ir kit\u0173, ma\u017e\u0173 \u0161eim\u0173 versl\u0173, rank\u0173 darbo, dovan\u0173 sau ir artimiesiems.","publisher":{"@id":"https:\/\/skaitytaknyga.lt\/#organization"},"potentialAction":[{"@type":"SearchAction","target":{"@type":"EntryPoint","urlTemplate":"https:\/\/skaitytaknyga.lt\/?s={search_term_string}"},"query-input":{"@type":"PropertyValueSpecification","valueRequired":true,"valueName":"search_term_string"}}],"inLanguage":"en-GB"},{"@type":"Organization","@id":"https:\/\/skaitytaknyga.lt\/#organization","name":"skaitytaknyga.lt","url":"https:\/\/skaitytaknyga.lt\/","logo":{"@type":"ImageObject","inLanguage":"en-GB","@id":"https:\/\/skaitytaknyga.lt\/#\/schema\/logo\/image\/","url":"https:\/\/skaitytaknyga.lt\/wp-content\/uploads\/2024\/05\/cropped-cropped-cropped-02_00843_jt3bggkj1j3HLc7SyY6rEUpg.jpeg","contentUrl":"https:\/\/skaitytaknyga.lt\/wp-content\/uploads\/2024\/05\/cropped-cropped-cropped-02_00843_jt3bggkj1j3HLc7SyY6rEUpg.jpeg","width":1600,"height":1600,"caption":"skaitytaknyga.lt"},"image":{"@id":"https:\/\/skaitytaknyga.lt\/#\/schema\/logo\/image\/"},"sameAs":["https:\/\/www.facebook.com\/skaitytaknyga\/"]}]}},"_links":{"self":[{"href":"https:\/\/skaitytaknyga.lt\/en\/wp-json\/wp\/v2\/product\/22493","targetHints":{"allow":["GET"]}}],"collection":[{"href":"https:\/\/skaitytaknyga.lt\/en\/wp-json\/wp\/v2\/product"}],"about":[{"href":"https:\/\/skaitytaknyga.lt\/en\/wp-json\/wp\/v2\/types\/product"}],"replies":[{"embeddable":true,"href":"https:\/\/skaitytaknyga.lt\/en\/wp-json\/wp\/v2\/comments?post=22493"}],"wp:featuredmedia":[{"embeddable":true,"href":"https:\/\/skaitytaknyga.lt\/en\/wp-json\/wp\/v2\/media\/22499"}],"wp:attachment":[{"href":"https:\/\/skaitytaknyga.lt\/en\/wp-json\/wp\/v2\/media?parent=22493"}],"wp:term":[{"taxonomy":"product_brand","embeddable":true,"href":"https:\/\/skaitytaknyga.lt\/en\/wp-json\/wp\/v2\/product_brand?post=22493"},{"taxonomy":"product_cat","embeddable":true,"href":"https:\/\/skaitytaknyga.lt\/en\/wp-json\/wp\/v2\/product_cat?post=22493"},{"taxonomy":"product_tag","embeddable":true,"href":"https:\/\/skaitytaknyga.lt\/en\/wp-json\/wp\/v2\/product_tag?post=22493"}],"curies":[{"name":"wp","href":"https:\/\/api.w.org\/{rel}","templated":true}]}}