{"id":2248,"date":"2024-04-17T13:06:51","date_gmt":"2024-04-17T13:06:51","guid":{"rendered":"https:\/\/skaitytaknyga.lt\/?post_type=product&#038;p=2248"},"modified":"2024-05-03T07:14:22","modified_gmt":"2024-05-03T07:14:22","slug":"fengsui-sveikai-gyventi-pades-kinu-mokymas-apie-harmonija","status":"publish","type":"product","link":"https:\/\/skaitytaknyga.lt\/en\/produktas\/fengsui-sveikai-gyventi-pades-kinu-mokymas-apie-harmonija\/","title":{"rendered":"Feng\u0161ui. Sveikai gyventi pad\u0117s kin\u0173 mokymas apie harmonij\u0105"},"content":{"rendered":"","protected":false},"excerpt":{"rendered":"<p>Sveikai gyventi pad\u0117s kin\u0173 mokymas apie harmonij\u0105.<\/p>\n<p>Ar kada nors band\u0117te \u012fsirengti savo b\u016bst\u0105 galvodami ne vien apie praktinius ir i\u0161orinius aspektus? Ar \u017einote, kad j\u016bs\u0173 namuose teka ypatingos energijos srov\u0117s, kurias galima nukreipti reikiama linkme ir tinkamai panaudoti? Pa\u017evelkite \u012f savo b\u016bst\u0105 visi\u0161kai kitomis akimis &#8211; \u0161itai padaryti jums pad\u0117s feng\u0161ui, senas kin\u0173 menas ir mokslas, i\u0161mokantis \u017emog\u0173 harmoningai prisiderinti prie aplinkos. Pagrindin\u0117 jo mintis &#8211; vis\u0173 element\u0173 tarpusavio s\u0105veika, kurios d\u0117ka galima optimaliai i\u0161naudoti patalpos ir gyvybin\u0119 energij\u0105.<\/p>\n<p>&nbsp;<\/p>\n<p>\u0160i patarim\u0173 knyga &#8220;Feng\u0161ui. Kaip geriausiai \u012fsirengti b\u016bst\u0105&#8221;jums pasitarnaus kaip lengvai skaitomas ir suprantamas \u012fvadas \u012f puiki\u0173 daoizmo min\u010di\u0173 pasaul\u012f, ji pa\u017eadins nor\u0105 visk\u0105 pakeisti tarp keturi\u0173 savo nam\u0173 sien\u0173.<\/p>\n<p>Knygoje &#8220;Feng\u0161ui. Kaip geriausiai \u012fsirengti b\u016bst\u0105&#8221; prakti\u0161kai ai\u0161kinamos a\u0161tuoni\u0173 kryp\u010di\u0173, penki\u0173 element\u0173 bei in ir jang teorijos. Raskite, kuris j\u016bs\u0173 b\u016bsto kampas skirtas draugystei, kuris &#8211; meilei, o kuris &#8211; profesinei veiklai. Paveikslai, garsai, kambariniai augalai ir \u012f kitas nam\u0173 vietas perkelti baldai jums pad\u0117s geriau jaustis, atgauti harmonij\u0105, nusiraminti. J\u0117g\u0173 kiekvien\u0105 dien\u0105 galima gauti ir svetain\u0117je, ir virtuv\u0117je, ir darbo kabinete &#8211; tereikia mok\u0117ti tinkamai panaudoti patalpas, kuriose gyvenate.<\/p>\n","protected":false},"featured_media":2278,"comment_status":"closed","ping_status":"closed","template":"","meta":{"_acf_changed":false,"site-sidebar-layout":"default","site-content-layout":"","ast-site-content-layout":"default","site-content-style":"default","site-sidebar-style":"default","ast-global-header-display":"","ast-banner-title-visibility":"","ast-main-header-display":"","ast-hfb-above-header-display":"","ast-hfb-below-header-display":"","ast-hfb-mobile-header-display":"","site-post-title":"","ast-breadcrumbs-content":"","ast-featured-img":"","footer-sml-layout":"","ast-disable-related-posts":"","theme-transparent-header-meta":"","adv-header-id-meta":"","stick-header-meta":"","header-above-stick-meta":"","header-main-stick-meta":"","header-below-stick-meta":"","astra-migrate-meta-layouts":"default","ast-page-background-enabled":"default","ast-page-background-meta":{"desktop":{"background-color":"","background-image":"","background-repeat":"repeat","background-position":"center center","background-size":"auto","background-attachment":"scroll","background-type":"","background-media":"","overlay-type":"","overlay-color":"","overlay-opacity":"","overlay-gradient":""},"tablet":{"background-color":"","background-image":"","background-repeat":"repeat","background-position":"center center","background-size":"auto","background-attachment":"scroll","background-type":"","background-media":"","overlay-type":"","overlay-color":"","overlay-opacity":"","overlay-gradient":""},"mobile":{"background-color":"","background-image":"","background-repeat":"repeat","background-position":"center center","background-size":"auto","background-attachment":"scroll","background-type":"","background-media":"","overlay-type":"","overlay-color":"","overlay-opacity":"","overlay-gradient":""}},"ast-content-background-meta":{"desktop":{"background-color":"var(--ast-global-color-4)","background-image":"","background-repeat":"repeat","background-position":"center center","background-size":"auto","background-attachment":"scroll","background-type":"","background-media":"","overlay-type":"","overlay-color":"","overlay-opacity":"","overlay-gradient":""},"tablet":{"background-color":"var(--ast-global-color-4)","background-image":"","background-repeat":"repeat","background-position":"center center","background-size":"auto","background-attachment":"scroll","background-type":"","background-media":"","overlay-type":"","overlay-color":"","overlay-opacity":"","overlay-gradient":""},"mobile":{"background-color":"var(--ast-global-color-4)","background-image":"","background-repeat":"repeat","background-position":"center center","background-size":"auto","background-attachment":"scroll","background-type":"","background-media":"","overlay-type":"","overlay-color":"","overlay-opacity":"","overlay-gradient":""}}},"product_brand":[],"product_cat":[56],"product_tag":[],"class_list":{"0":"post-2248","1":"product","2":"type-product","3":"status-publish","4":"has-post-thumbnail","6":"product_cat-namu-irengimas-ir-prieziura","7":"desktop-align-left","8":"tablet-align-left","9":"mobile-align-left","11":"first","12":"instock","13":"shipping-taxable","14":"purchasable","15":"product-type-simple"},"acf":[],"yoast_head":"<!-- This site is optimized with the Yoast SEO plugin v27.0 - https:\/\/yoast.com\/product\/yoast-seo-wordpress\/ -->\n<title>Feng\u0161ui. Sveikai gyventi pad\u0117s kin\u0173 mokymas apie harmonij\u0105 - Skaitytaknyga<\/title>\n<meta name=\"description\" content=\"Sveikai gyventi pad\u0117s kin\u0173 mokymas apie harmonij\u0105.  Ar kada nors band\u0117te \u012fsirengti savo b\u016bst\u0105 galvodami ne vien apie praktinius ir i\u0161orinius aspektus? Ar \u017einote, kad j\u016bs\u0173 namuose teka ypatingos energijos srov\u0117s, kurias galima nukreipti reikiama linkme ir tinkamai panaudoti? Pa\u017evelkite \u012f savo b\u016bst\u0105 visi\u0161kai kitomis akimis - \u0161itai padaryti jums pad\u0117s feng\u0161ui, senas kin\u0173 menas ir mokslas, i\u0161mokantis \u017emog\u0173 harmoningai prisiderinti prie aplinkos. Pagrindin\u0117 jo mintis - vis\u0173 element\u0173 tarpusavio s\u0105veika, kurios d\u0117ka galima optimaliai i\u0161naudoti patalpos ir gyvybin\u0119 energij\u0105.  &nbsp;  \u0160i patarim\u0173 knyga &quot;Feng\u0161ui. Kaip geriausiai \u012fsirengti b\u016bst\u0105&quot;jums pasitarnaus kaip lengvai skaitomas ir suprantamas \u012fvadas \u012f puiki\u0173 daoizmo min\u010di\u0173 pasaul\u012f, ji pa\u017eadins nor\u0105 visk\u0105 pakeisti tarp keturi\u0173 savo nam\u0173 sien\u0173.  Knygoje &quot;Feng\u0161ui. Kaip geriausiai \u012fsirengti b\u016bst\u0105&quot; prakti\u0161kai ai\u0161kinamos a\u0161tuoni\u0173 kryp\u010di\u0173, penki\u0173 element\u0173 bei in ir jang teorijos. Raskite, kuris j\u016bs\u0173 b\u016bsto kampas skirtas draugystei, kuris - meilei, o kuris - profesinei veiklai. Paveikslai, garsai, kambariniai augalai ir \u012f kitas nam\u0173 vietas perkelti baldai jums pad\u0117s geriau jaustis, atgauti harmonij\u0105, nusiraminti. J\u0117g\u0173 kiekvien\u0105 dien\u0105 galima gauti ir svetain\u0117je, ir virtuv\u0117je, ir darbo kabinete - tereikia mok\u0117ti tinkamai panaudoti patalpas, kuriose gyvenate.\" \/>\n<meta name=\"robots\" content=\"index, follow, max-snippet:-1, max-image-preview:large, max-video-preview:-1\" \/>\n<link rel=\"canonical\" href=\"https:\/\/skaitytaknyga.lt\/en\/produktas\/fengsui-sveikai-gyventi-pades-kinu-mokymas-apie-harmonija\/\" \/>\n<meta property=\"og:locale\" content=\"en_GB\" \/>\n<meta property=\"og:locale:alternate\" content=\"lt_LT\" \/>\n<meta property=\"og:type\" content=\"article\" \/>\n<meta property=\"og:title\" content=\"Feng\u0161ui. Sveikai gyventi pad\u0117s kin\u0173 mokymas apie harmonij\u0105 - Skaitytaknyga\" \/>\n<meta property=\"og:description\" content=\"Sveikai gyventi pad\u0117s kin\u0173 mokymas apie harmonij\u0105.  Ar kada nors band\u0117te \u012fsirengti savo b\u016bst\u0105 galvodami ne vien apie praktinius ir i\u0161orinius aspektus? Ar \u017einote, kad j\u016bs\u0173 namuose teka ypatingos energijos srov\u0117s, kurias galima nukreipti reikiama linkme ir tinkamai panaudoti? Pa\u017evelkite \u012f savo b\u016bst\u0105 visi\u0161kai kitomis akimis - \u0161itai padaryti jums pad\u0117s feng\u0161ui, senas kin\u0173 menas ir mokslas, i\u0161mokantis \u017emog\u0173 harmoningai prisiderinti prie aplinkos. Pagrindin\u0117 jo mintis - vis\u0173 element\u0173 tarpusavio s\u0105veika, kurios d\u0117ka galima optimaliai i\u0161naudoti patalpos ir gyvybin\u0119 energij\u0105.  &nbsp;  \u0160i patarim\u0173 knyga &quot;Feng\u0161ui. Kaip geriausiai \u012fsirengti b\u016bst\u0105&quot;jums pasitarnaus kaip lengvai skaitomas ir suprantamas \u012fvadas \u012f puiki\u0173 daoizmo min\u010di\u0173 pasaul\u012f, ji pa\u017eadins nor\u0105 visk\u0105 pakeisti tarp keturi\u0173 savo nam\u0173 sien\u0173.  Knygoje &quot;Feng\u0161ui. Kaip geriausiai \u012fsirengti b\u016bst\u0105&quot; prakti\u0161kai ai\u0161kinamos a\u0161tuoni\u0173 kryp\u010di\u0173, penki\u0173 element\u0173 bei in ir jang teorijos. Raskite, kuris j\u016bs\u0173 b\u016bsto kampas skirtas draugystei, kuris - meilei, o kuris - profesinei veiklai. Paveikslai, garsai, kambariniai augalai ir \u012f kitas nam\u0173 vietas perkelti baldai jums pad\u0117s geriau jaustis, atgauti harmonij\u0105, nusiraminti. J\u0117g\u0173 kiekvien\u0105 dien\u0105 galima gauti ir svetain\u0117je, ir virtuv\u0117je, ir darbo kabinete - tereikia mok\u0117ti tinkamai panaudoti patalpas, kuriose gyvenate.\" \/>\n<meta property=\"og:url\" content=\"https:\/\/skaitytaknyga.lt\/en\/produktas\/fengsui-sveikai-gyventi-pades-kinu-mokymas-apie-harmonija\/\" \/>\n<meta property=\"og:site_name\" content=\"Skaitytaknyga\" \/>\n<meta property=\"article:publisher\" content=\"https:\/\/www.facebook.com\/skaitytaknyga\/\" \/>\n<meta property=\"article:modified_time\" content=\"2024-05-03T07:14:22+00:00\" \/>\n<meta property=\"og:image\" content=\"https:\/\/skaitytaknyga.lt\/wp-content\/uploads\/2024\/04\/fengsui.jpg\" \/>\n\t<meta property=\"og:image:width\" content=\"327\" \/>\n\t<meta property=\"og:image:height\" content=\"450\" \/>\n\t<meta property=\"og:image:type\" content=\"image\/jpeg\" \/>\n<meta name=\"twitter:card\" content=\"summary_large_image\" \/>\n<script type=\"application\/ld+json\" class=\"yoast-schema-graph\">{\"@context\":\"https:\/\/schema.org\",\"@graph\":[{\"@type\":\"WebPage\",\"@id\":\"https:\/\/skaitytaknyga.lt\/produktas\/fengsui-sveikai-gyventi-pades-kinu-mokymas-apie-harmonija\/\",\"url\":\"https:\/\/skaitytaknyga.lt\/produktas\/fengsui-sveikai-gyventi-pades-kinu-mokymas-apie-harmonija\/\",\"name\":\"Feng\u0161ui. Sveikai gyventi pad\u0117s kin\u0173 mokymas apie harmonij\u0105 - Skaitytaknyga\",\"isPartOf\":{\"@id\":\"https:\/\/skaitytaknyga.lt\/#website\"},\"primaryImageOfPage\":{\"@id\":\"https:\/\/skaitytaknyga.lt\/produktas\/fengsui-sveikai-gyventi-pades-kinu-mokymas-apie-harmonija\/#primaryimage\"},\"image\":{\"@id\":\"https:\/\/skaitytaknyga.lt\/produktas\/fengsui-sveikai-gyventi-pades-kinu-mokymas-apie-harmonija\/#primaryimage\"},\"thumbnailUrl\":\"https:\/\/skaitytaknyga.lt\/wp-content\/uploads\/2024\/04\/fengsui.jpg\",\"datePublished\":\"2024-04-17T13:06:51+00:00\",\"dateModified\":\"2024-05-03T07:14:22+00:00\",\"description\":\"Sveikai gyventi pad\u0117s kin\u0173 mokymas apie harmonij\u0105. Ar kada nors band\u0117te \u012fsirengti savo b\u016bst\u0105 galvodami ne vien apie praktinius ir i\u0161orinius aspektus? Ar \u017einote, kad j\u016bs\u0173 namuose teka ypatingos energijos srov\u0117s, kurias galima nukreipti reikiama linkme ir tinkamai panaudoti? Pa\u017evelkite \u012f savo b\u016bst\u0105 visi\u0161kai kitomis akimis - \u0161itai padaryti jums pad\u0117s feng\u0161ui, senas kin\u0173 menas ir mokslas, i\u0161mokantis \u017emog\u0173 harmoningai prisiderinti prie aplinkos. Pagrindin\u0117 jo mintis - vis\u0173 element\u0173 tarpusavio s\u0105veika, kurios d\u0117ka galima optimaliai i\u0161naudoti patalpos ir gyvybin\u0119 energij\u0105. &nbsp; \u0160i patarim\u0173 knyga \\\"Feng\u0161ui. Kaip geriausiai \u012fsirengti b\u016bst\u0105\\\"jums pasitarnaus kaip lengvai skaitomas ir suprantamas \u012fvadas \u012f puiki\u0173 daoizmo min\u010di\u0173 pasaul\u012f, ji pa\u017eadins nor\u0105 visk\u0105 pakeisti tarp keturi\u0173 savo nam\u0173 sien\u0173. Knygoje \\\"Feng\u0161ui. Kaip geriausiai \u012fsirengti b\u016bst\u0105\\\" prakti\u0161kai ai\u0161kinamos a\u0161tuoni\u0173 kryp\u010di\u0173, penki\u0173 element\u0173 bei in ir jang teorijos. Raskite, kuris j\u016bs\u0173 b\u016bsto kampas skirtas draugystei, kuris - meilei, o kuris - profesinei veiklai. Paveikslai, garsai, kambariniai augalai ir \u012f kitas nam\u0173 vietas perkelti baldai jums pad\u0117s geriau jaustis, atgauti harmonij\u0105, nusiraminti. J\u0117g\u0173 kiekvien\u0105 dien\u0105 galima gauti ir svetain\u0117je, ir virtuv\u0117je, ir darbo kabinete - tereikia mok\u0117ti tinkamai panaudoti patalpas, kuriose gyvenate.\",\"breadcrumb\":{\"@id\":\"https:\/\/skaitytaknyga.lt\/produktas\/fengsui-sveikai-gyventi-pades-kinu-mokymas-apie-harmonija\/#breadcrumb\"},\"inLanguage\":\"en-GB\",\"potentialAction\":[{\"@type\":\"ReadAction\",\"target\":[\"https:\/\/skaitytaknyga.lt\/produktas\/fengsui-sveikai-gyventi-pades-kinu-mokymas-apie-harmonija\/\"]}]},{\"@type\":\"ImageObject\",\"inLanguage\":\"en-GB\",\"@id\":\"https:\/\/skaitytaknyga.lt\/produktas\/fengsui-sveikai-gyventi-pades-kinu-mokymas-apie-harmonija\/#primaryimage\",\"url\":\"https:\/\/skaitytaknyga.lt\/wp-content\/uploads\/2024\/04\/fengsui.jpg\",\"contentUrl\":\"https:\/\/skaitytaknyga.lt\/wp-content\/uploads\/2024\/04\/fengsui.jpg\",\"width\":327,\"height\":450,\"caption\":\"fengsui\"},{\"@type\":\"BreadcrumbList\",\"@id\":\"https:\/\/skaitytaknyga.lt\/produktas\/fengsui-sveikai-gyventi-pades-kinu-mokymas-apie-harmonija\/#breadcrumb\",\"itemListElement\":[{\"@type\":\"ListItem\",\"position\":1,\"name\":\"Home\",\"item\":\"https:\/\/skaitytaknyga.lt\/\"},{\"@type\":\"ListItem\",\"position\":2,\"name\":\"Parduotuv\u0117\",\"item\":\"https:\/\/skaitytaknyga.lt\/knygu-parduotuve\/\"},{\"@type\":\"ListItem\",\"position\":3,\"name\":\"Feng\u0161ui. Sveikai gyventi pad\u0117s kin\u0173 mokymas apie harmonij\u0105\"}]},{\"@type\":\"WebSite\",\"@id\":\"https:\/\/skaitytaknyga.lt\/#website\",\"url\":\"https:\/\/skaitytaknyga.lt\/\",\"name\":\"skaitytaknyga.lt\",\"description\":\"Skaitytaknyga.lt \u2013 tai ma\u017eas \u0161eimos verslas, kuris prasid\u0117jo nuo meil\u0117s knygoms ir siekio i\u0161gelb\u0117ti knygas nuo likimo prie konteinerio. Kas vienam nereikalingas daiktas \u2013 kitam lobis, o mes esame tarpininkai, kurie padeda abiems tapti laimingesniems ???? \u017dinome kaip nelengva i\u0161gyventi ma\u017eiems verslams, tad nuo \u0161iol, \u010dia rasite ir kit\u0173, ma\u017e\u0173 \u0161eim\u0173 versl\u0173, rank\u0173 darbo, dovan\u0173 sau ir artimiesiems.\",\"publisher\":{\"@id\":\"https:\/\/skaitytaknyga.lt\/#organization\"},\"potentialAction\":[{\"@type\":\"SearchAction\",\"target\":{\"@type\":\"EntryPoint\",\"urlTemplate\":\"https:\/\/skaitytaknyga.lt\/?s={search_term_string}\"},\"query-input\":{\"@type\":\"PropertyValueSpecification\",\"valueRequired\":true,\"valueName\":\"search_term_string\"}}],\"inLanguage\":\"en-GB\"},{\"@type\":\"Organization\",\"@id\":\"https:\/\/skaitytaknyga.lt\/#organization\",\"name\":\"skaitytaknyga.lt\",\"url\":\"https:\/\/skaitytaknyga.lt\/\",\"logo\":{\"@type\":\"ImageObject\",\"inLanguage\":\"en-GB\",\"@id\":\"https:\/\/skaitytaknyga.lt\/#\/schema\/logo\/image\/\",\"url\":\"https:\/\/skaitytaknyga.lt\/wp-content\/uploads\/2024\/05\/cropped-cropped-cropped-02_00843_jt3bggkj1j3HLc7SyY6rEUpg.jpeg\",\"contentUrl\":\"https:\/\/skaitytaknyga.lt\/wp-content\/uploads\/2024\/05\/cropped-cropped-cropped-02_00843_jt3bggkj1j3HLc7SyY6rEUpg.jpeg\",\"width\":1600,\"height\":1600,\"caption\":\"skaitytaknyga.lt\"},\"image\":{\"@id\":\"https:\/\/skaitytaknyga.lt\/#\/schema\/logo\/image\/\"},\"sameAs\":[\"https:\/\/www.facebook.com\/skaitytaknyga\/\"]}]}<\/script>\n<!-- \/ Yoast SEO plugin. -->","yoast_head_json":{"title":"Feng\u0161ui. Sveikai gyventi pad\u0117s kin\u0173 mokymas apie harmonij\u0105 - Skaitytaknyga","description":"Sveikai gyventi pad\u0117s kin\u0173 mokymas apie harmonij\u0105.  Ar kada nors band\u0117te \u012fsirengti savo b\u016bst\u0105 galvodami ne vien apie praktinius ir i\u0161orinius aspektus? Ar \u017einote, kad j\u016bs\u0173 namuose teka ypatingos energijos srov\u0117s, kurias galima nukreipti reikiama linkme ir tinkamai panaudoti? Pa\u017evelkite \u012f savo b\u016bst\u0105 visi\u0161kai kitomis akimis - \u0161itai padaryti jums pad\u0117s feng\u0161ui, senas kin\u0173 menas ir mokslas, i\u0161mokantis \u017emog\u0173 harmoningai prisiderinti prie aplinkos. Pagrindin\u0117 jo mintis - vis\u0173 element\u0173 tarpusavio s\u0105veika, kurios d\u0117ka galima optimaliai i\u0161naudoti patalpos ir gyvybin\u0119 energij\u0105.  &nbsp;  \u0160i patarim\u0173 knyga \"Feng\u0161ui. Kaip geriausiai \u012fsirengti b\u016bst\u0105\"jums pasitarnaus kaip lengvai skaitomas ir suprantamas \u012fvadas \u012f puiki\u0173 daoizmo min\u010di\u0173 pasaul\u012f, ji pa\u017eadins nor\u0105 visk\u0105 pakeisti tarp keturi\u0173 savo nam\u0173 sien\u0173.  Knygoje \"Feng\u0161ui. Kaip geriausiai \u012fsirengti b\u016bst\u0105\" prakti\u0161kai ai\u0161kinamos a\u0161tuoni\u0173 kryp\u010di\u0173, penki\u0173 element\u0173 bei in ir jang teorijos. Raskite, kuris j\u016bs\u0173 b\u016bsto kampas skirtas draugystei, kuris - meilei, o kuris - profesinei veiklai. Paveikslai, garsai, kambariniai augalai ir \u012f kitas nam\u0173 vietas perkelti baldai jums pad\u0117s geriau jaustis, atgauti harmonij\u0105, nusiraminti. J\u0117g\u0173 kiekvien\u0105 dien\u0105 galima gauti ir svetain\u0117je, ir virtuv\u0117je, ir darbo kabinete - tereikia mok\u0117ti tinkamai panaudoti patalpas, kuriose gyvenate.","robots":{"index":"index","follow":"follow","max-snippet":"max-snippet:-1","max-image-preview":"max-image-preview:large","max-video-preview":"max-video-preview:-1"},"canonical":"https:\/\/skaitytaknyga.lt\/en\/produktas\/fengsui-sveikai-gyventi-pades-kinu-mokymas-apie-harmonija\/","og_locale":"en_GB","og_type":"article","og_title":"Feng\u0161ui. Sveikai gyventi pad\u0117s kin\u0173 mokymas apie harmonij\u0105 - Skaitytaknyga","og_description":"Sveikai gyventi pad\u0117s kin\u0173 mokymas apie harmonij\u0105.  Ar kada nors band\u0117te \u012fsirengti savo b\u016bst\u0105 galvodami ne vien apie praktinius ir i\u0161orinius aspektus? Ar \u017einote, kad j\u016bs\u0173 namuose teka ypatingos energijos srov\u0117s, kurias galima nukreipti reikiama linkme ir tinkamai panaudoti? Pa\u017evelkite \u012f savo b\u016bst\u0105 visi\u0161kai kitomis akimis - \u0161itai padaryti jums pad\u0117s feng\u0161ui, senas kin\u0173 menas ir mokslas, i\u0161mokantis \u017emog\u0173 harmoningai prisiderinti prie aplinkos. Pagrindin\u0117 jo mintis - vis\u0173 element\u0173 tarpusavio s\u0105veika, kurios d\u0117ka galima optimaliai i\u0161naudoti patalpos ir gyvybin\u0119 energij\u0105.  &nbsp;  \u0160i patarim\u0173 knyga \"Feng\u0161ui. Kaip geriausiai \u012fsirengti b\u016bst\u0105\"jums pasitarnaus kaip lengvai skaitomas ir suprantamas \u012fvadas \u012f puiki\u0173 daoizmo min\u010di\u0173 pasaul\u012f, ji pa\u017eadins nor\u0105 visk\u0105 pakeisti tarp keturi\u0173 savo nam\u0173 sien\u0173.  Knygoje \"Feng\u0161ui. Kaip geriausiai \u012fsirengti b\u016bst\u0105\" prakti\u0161kai ai\u0161kinamos a\u0161tuoni\u0173 kryp\u010di\u0173, penki\u0173 element\u0173 bei in ir jang teorijos. Raskite, kuris j\u016bs\u0173 b\u016bsto kampas skirtas draugystei, kuris - meilei, o kuris - profesinei veiklai. Paveikslai, garsai, kambariniai augalai ir \u012f kitas nam\u0173 vietas perkelti baldai jums pad\u0117s geriau jaustis, atgauti harmonij\u0105, nusiraminti. J\u0117g\u0173 kiekvien\u0105 dien\u0105 galima gauti ir svetain\u0117je, ir virtuv\u0117je, ir darbo kabinete - tereikia mok\u0117ti tinkamai panaudoti patalpas, kuriose gyvenate.","og_url":"https:\/\/skaitytaknyga.lt\/en\/produktas\/fengsui-sveikai-gyventi-pades-kinu-mokymas-apie-harmonija\/","og_site_name":"Skaitytaknyga","article_publisher":"https:\/\/www.facebook.com\/skaitytaknyga\/","article_modified_time":"2024-05-03T07:14:22+00:00","og_image":[{"width":327,"height":450,"url":"https:\/\/skaitytaknyga.lt\/wp-content\/uploads\/2024\/04\/fengsui.jpg","type":"image\/jpeg"}],"twitter_card":"summary_large_image","schema":{"@context":"https:\/\/schema.org","@graph":[{"@type":"WebPage","@id":"https:\/\/skaitytaknyga.lt\/produktas\/fengsui-sveikai-gyventi-pades-kinu-mokymas-apie-harmonija\/","url":"https:\/\/skaitytaknyga.lt\/produktas\/fengsui-sveikai-gyventi-pades-kinu-mokymas-apie-harmonija\/","name":"Feng\u0161ui. Sveikai gyventi pad\u0117s kin\u0173 mokymas apie harmonij\u0105 - Skaitytaknyga","isPartOf":{"@id":"https:\/\/skaitytaknyga.lt\/#website"},"primaryImageOfPage":{"@id":"https:\/\/skaitytaknyga.lt\/produktas\/fengsui-sveikai-gyventi-pades-kinu-mokymas-apie-harmonija\/#primaryimage"},"image":{"@id":"https:\/\/skaitytaknyga.lt\/produktas\/fengsui-sveikai-gyventi-pades-kinu-mokymas-apie-harmonija\/#primaryimage"},"thumbnailUrl":"https:\/\/skaitytaknyga.lt\/wp-content\/uploads\/2024\/04\/fengsui.jpg","datePublished":"2024-04-17T13:06:51+00:00","dateModified":"2024-05-03T07:14:22+00:00","description":"Sveikai gyventi pad\u0117s kin\u0173 mokymas apie harmonij\u0105. Ar kada nors band\u0117te \u012fsirengti savo b\u016bst\u0105 galvodami ne vien apie praktinius ir i\u0161orinius aspektus? Ar \u017einote, kad j\u016bs\u0173 namuose teka ypatingos energijos srov\u0117s, kurias galima nukreipti reikiama linkme ir tinkamai panaudoti? Pa\u017evelkite \u012f savo b\u016bst\u0105 visi\u0161kai kitomis akimis - \u0161itai padaryti jums pad\u0117s feng\u0161ui, senas kin\u0173 menas ir mokslas, i\u0161mokantis \u017emog\u0173 harmoningai prisiderinti prie aplinkos. Pagrindin\u0117 jo mintis - vis\u0173 element\u0173 tarpusavio s\u0105veika, kurios d\u0117ka galima optimaliai i\u0161naudoti patalpos ir gyvybin\u0119 energij\u0105. &nbsp; \u0160i patarim\u0173 knyga \"Feng\u0161ui. Kaip geriausiai \u012fsirengti b\u016bst\u0105\"jums pasitarnaus kaip lengvai skaitomas ir suprantamas \u012fvadas \u012f puiki\u0173 daoizmo min\u010di\u0173 pasaul\u012f, ji pa\u017eadins nor\u0105 visk\u0105 pakeisti tarp keturi\u0173 savo nam\u0173 sien\u0173. Knygoje \"Feng\u0161ui. Kaip geriausiai \u012fsirengti b\u016bst\u0105\" prakti\u0161kai ai\u0161kinamos a\u0161tuoni\u0173 kryp\u010di\u0173, penki\u0173 element\u0173 bei in ir jang teorijos. Raskite, kuris j\u016bs\u0173 b\u016bsto kampas skirtas draugystei, kuris - meilei, o kuris - profesinei veiklai. Paveikslai, garsai, kambariniai augalai ir \u012f kitas nam\u0173 vietas perkelti baldai jums pad\u0117s geriau jaustis, atgauti harmonij\u0105, nusiraminti. J\u0117g\u0173 kiekvien\u0105 dien\u0105 galima gauti ir svetain\u0117je, ir virtuv\u0117je, ir darbo kabinete - tereikia mok\u0117ti tinkamai panaudoti patalpas, kuriose gyvenate.","breadcrumb":{"@id":"https:\/\/skaitytaknyga.lt\/produktas\/fengsui-sveikai-gyventi-pades-kinu-mokymas-apie-harmonija\/#breadcrumb"},"inLanguage":"en-GB","potentialAction":[{"@type":"ReadAction","target":["https:\/\/skaitytaknyga.lt\/produktas\/fengsui-sveikai-gyventi-pades-kinu-mokymas-apie-harmonija\/"]}]},{"@type":"ImageObject","inLanguage":"en-GB","@id":"https:\/\/skaitytaknyga.lt\/produktas\/fengsui-sveikai-gyventi-pades-kinu-mokymas-apie-harmonija\/#primaryimage","url":"https:\/\/skaitytaknyga.lt\/wp-content\/uploads\/2024\/04\/fengsui.jpg","contentUrl":"https:\/\/skaitytaknyga.lt\/wp-content\/uploads\/2024\/04\/fengsui.jpg","width":327,"height":450,"caption":"fengsui"},{"@type":"BreadcrumbList","@id":"https:\/\/skaitytaknyga.lt\/produktas\/fengsui-sveikai-gyventi-pades-kinu-mokymas-apie-harmonija\/#breadcrumb","itemListElement":[{"@type":"ListItem","position":1,"name":"Home","item":"https:\/\/skaitytaknyga.lt\/"},{"@type":"ListItem","position":2,"name":"Parduotuv\u0117","item":"https:\/\/skaitytaknyga.lt\/knygu-parduotuve\/"},{"@type":"ListItem","position":3,"name":"Feng\u0161ui. Sveikai gyventi pad\u0117s kin\u0173 mokymas apie harmonij\u0105"}]},{"@type":"WebSite","@id":"https:\/\/skaitytaknyga.lt\/#website","url":"https:\/\/skaitytaknyga.lt\/","name":"skaitytaknyga.lt","description":"Skaitytaknyga.lt \u2013 tai ma\u017eas \u0161eimos verslas, kuris prasid\u0117jo nuo meil\u0117s knygoms ir siekio i\u0161gelb\u0117ti knygas nuo likimo prie konteinerio. Kas vienam nereikalingas daiktas \u2013 kitam lobis, o mes esame tarpininkai, kurie padeda abiems tapti laimingesniems ???? \u017dinome kaip nelengva i\u0161gyventi ma\u017eiems verslams, tad nuo \u0161iol, \u010dia rasite ir kit\u0173, ma\u017e\u0173 \u0161eim\u0173 versl\u0173, rank\u0173 darbo, dovan\u0173 sau ir artimiesiems.","publisher":{"@id":"https:\/\/skaitytaknyga.lt\/#organization"},"potentialAction":[{"@type":"SearchAction","target":{"@type":"EntryPoint","urlTemplate":"https:\/\/skaitytaknyga.lt\/?s={search_term_string}"},"query-input":{"@type":"PropertyValueSpecification","valueRequired":true,"valueName":"search_term_string"}}],"inLanguage":"en-GB"},{"@type":"Organization","@id":"https:\/\/skaitytaknyga.lt\/#organization","name":"skaitytaknyga.lt","url":"https:\/\/skaitytaknyga.lt\/","logo":{"@type":"ImageObject","inLanguage":"en-GB","@id":"https:\/\/skaitytaknyga.lt\/#\/schema\/logo\/image\/","url":"https:\/\/skaitytaknyga.lt\/wp-content\/uploads\/2024\/05\/cropped-cropped-cropped-02_00843_jt3bggkj1j3HLc7SyY6rEUpg.jpeg","contentUrl":"https:\/\/skaitytaknyga.lt\/wp-content\/uploads\/2024\/05\/cropped-cropped-cropped-02_00843_jt3bggkj1j3HLc7SyY6rEUpg.jpeg","width":1600,"height":1600,"caption":"skaitytaknyga.lt"},"image":{"@id":"https:\/\/skaitytaknyga.lt\/#\/schema\/logo\/image\/"},"sameAs":["https:\/\/www.facebook.com\/skaitytaknyga\/"]}]}},"_links":{"self":[{"href":"https:\/\/skaitytaknyga.lt\/en\/wp-json\/wp\/v2\/product\/2248","targetHints":{"allow":["GET"]}}],"collection":[{"href":"https:\/\/skaitytaknyga.lt\/en\/wp-json\/wp\/v2\/product"}],"about":[{"href":"https:\/\/skaitytaknyga.lt\/en\/wp-json\/wp\/v2\/types\/product"}],"replies":[{"embeddable":true,"href":"https:\/\/skaitytaknyga.lt\/en\/wp-json\/wp\/v2\/comments?post=2248"}],"wp:featuredmedia":[{"embeddable":true,"href":"https:\/\/skaitytaknyga.lt\/en\/wp-json\/wp\/v2\/media\/2278"}],"wp:attachment":[{"href":"https:\/\/skaitytaknyga.lt\/en\/wp-json\/wp\/v2\/media?parent=2248"}],"wp:term":[{"taxonomy":"product_brand","embeddable":true,"href":"https:\/\/skaitytaknyga.lt\/en\/wp-json\/wp\/v2\/product_brand?post=2248"},{"taxonomy":"product_cat","embeddable":true,"href":"https:\/\/skaitytaknyga.lt\/en\/wp-json\/wp\/v2\/product_cat?post=2248"},{"taxonomy":"product_tag","embeddable":true,"href":"https:\/\/skaitytaknyga.lt\/en\/wp-json\/wp\/v2\/product_tag?post=2248"}],"curies":[{"name":"wp","href":"https:\/\/api.w.org\/{rel}","templated":true}]}}