{"id":22478,"date":"2025-12-21T16:29:28","date_gmt":"2025-12-21T14:29:28","guid":{"rendered":"https:\/\/skaitytaknyga.lt\/?post_type=product&#038;p=22478"},"modified":"2025-12-26T15:02:36","modified_gmt":"2025-12-26T13:02:36","slug":"kaip-elgtis-su-sunkiais-zmonemis","status":"publish","type":"product","link":"https:\/\/skaitytaknyga.lt\/en\/produktas\/kaip-elgtis-su-sunkiais-zmonemis\/","title":{"rendered":"Kaip elgtis su sunkiais \u017emon\u0117mis"},"content":{"rendered":"<p>Knyga \u201eKaip elgtis su sunkiais \u017emon\u0117mis\u201c pravers ir vir\u0161ininkams, ir pavaldiniams. Joje pateikti bendravimo metodai, kuriuos gal\u0117site darboviet\u0117je pritaikyti \u012fvairiose situacijose bei susid\u016br\u0119 su \u012fvairiai nusiteikusiais ir \u012fvairi\u0173 tip\u0173 \u017emon\u0117mis.<\/p>\n<p>Roberta Cava moko skaitytoj\u0105 ie\u0161koti nes\u0117kmingo bendravimo prie\u017eas\u010di\u0173, si\u016blo i\u0161eitis sprend\u017eiant keblias bendro darbo \u0161iuolaikin\u0117je firmoje problemas. Ypa\u010d svarbus skyrius apie tai, kaip ugdyti savuosius bendravimo \u012fg\u016bd\u017eius, kad b\u016bt\u0173 lengviau susi\u0161nek\u0117ti su kitais, suma\u017e\u0117t\u0173 \u012ftampa ir nerimas, i\u0161augt\u0173 profesinis pasitik\u0117jimas.<\/p>\n","protected":false},"excerpt":{"rendered":"<p>Knyga \u201eKaip elgtis su sunkiais \u017emon\u0117mis\u201c pravers ir vir\u0161ininkams, ir pavaldiniams. Joje pateikti bendravimo metodai, kuriuos gal\u0117site darboviet\u0117je pritaikyti \u012fvairiose situacijose bei susid\u016br\u0119 su \u012fvairiai nusiteikusiais ir \u012fvairi\u0173 tip\u0173 \u017emon\u0117mis. Roberta Cava moko skaitytoj\u0105 ie\u0161koti nes\u0117kmingo bendravimo prie\u017eas\u010di\u0173, si\u016blo i\u0161eitis sprend\u017eiant keblias bendro darbo \u0161iuolaikin\u0117je firmoje problemas. Ypa\u010d svarbus skyrius apie tai, kaip ugdyti savuosius bendravimo \u012fg\u016bd\u017eius, kad b\u016bt\u0173 lengviau susi\u0161nek\u0117ti su kitais, suma\u017e\u0117t\u0173 \u012ftampa ir nerimas, i\u0161augt\u0173 profesinis pasitik\u0117jimas.<\/p>\n","protected":false},"featured_media":22483,"comment_status":"open","ping_status":"closed","template":"","meta":{"_acf_changed":false,"site-sidebar-layout":"default","site-content-layout":"","ast-site-content-layout":"default","site-content-style":"default","site-sidebar-style":"default","ast-global-header-display":"","ast-banner-title-visibility":"","ast-main-header-display":"","ast-hfb-above-header-display":"","ast-hfb-below-header-display":"","ast-hfb-mobile-header-display":"","site-post-title":"","ast-breadcrumbs-content":"","ast-featured-img":"","footer-sml-layout":"","ast-disable-related-posts":"","theme-transparent-header-meta":"","adv-header-id-meta":"","stick-header-meta":"","header-above-stick-meta":"","header-main-stick-meta":"","header-below-stick-meta":"","astra-migrate-meta-layouts":"default","ast-page-background-enabled":"default","ast-page-background-meta":{"desktop":{"background-color":"","background-image":"","background-repeat":"repeat","background-position":"center center","background-size":"auto","background-attachment":"scroll","background-type":"","background-media":"","overlay-type":"","overlay-color":"","overlay-opacity":"","overlay-gradient":""},"tablet":{"background-color":"","background-image":"","background-repeat":"repeat","background-position":"center center","background-size":"auto","background-attachment":"scroll","background-type":"","background-media":"","overlay-type":"","overlay-color":"","overlay-opacity":"","overlay-gradient":""},"mobile":{"background-color":"","background-image":"","background-repeat":"repeat","background-position":"center center","background-size":"auto","background-attachment":"scroll","background-type":"","background-media":"","overlay-type":"","overlay-color":"","overlay-opacity":"","overlay-gradient":""}},"ast-content-background-meta":{"desktop":{"background-color":"var(--ast-global-color-4)","background-image":"","background-repeat":"repeat","background-position":"center center","background-size":"auto","background-attachment":"scroll","background-type":"","background-media":"","overlay-type":"","overlay-color":"","overlay-opacity":"","overlay-gradient":""},"tablet":{"background-color":"var(--ast-global-color-4)","background-image":"","background-repeat":"repeat","background-position":"center center","background-size":"auto","background-attachment":"scroll","background-type":"","background-media":"","overlay-type":"","overlay-color":"","overlay-opacity":"","overlay-gradient":""},"mobile":{"background-color":"var(--ast-global-color-4)","background-image":"","background-repeat":"repeat","background-position":"center center","background-size":"auto","background-attachment":"scroll","background-type":"","background-media":"","overlay-type":"","overlay-color":"","overlay-opacity":"","overlay-gradient":""}}},"product_brand":[],"product_cat":[30],"product_tag":[],"class_list":{"0":"post-22478","1":"product","2":"type-product","3":"status-publish","4":"has-post-thumbnail","6":"product_cat-psichologija-ir-saviugda","7":"desktop-align-left","8":"tablet-align-left","9":"mobile-align-left","11":"first","12":"instock","13":"shipping-taxable","14":"purchasable","15":"product-type-simple"},"acf":[],"yoast_head":"<!-- This site is optimized with the Yoast SEO plugin v27.0 - https:\/\/yoast.com\/product\/yoast-seo-wordpress\/ -->\n<title>Kaip elgtis su sunkiais \u017emon\u0117mis<\/title>\n<meta name=\"description\" content=\"Knyga \u201eKaip elgtis su sunkiais \u017emon\u0117mis\u201c pravers ir vir\u0161ininkams, ir pavaldiniams. Joje pateikti bendravimo metodai, kuriuos gal\u0117site darboviet\u0117je\" \/>\n<meta name=\"robots\" content=\"index, follow, max-snippet:-1, max-image-preview:large, max-video-preview:-1\" \/>\n<link rel=\"canonical\" href=\"https:\/\/skaitytaknyga.lt\/en\/produktas\/kaip-elgtis-su-sunkiais-zmonemis\/\" \/>\n<meta property=\"og:locale\" content=\"en_GB\" \/>\n<meta property=\"og:locale:alternate\" content=\"lt_LT\" \/>\n<meta property=\"og:type\" content=\"article\" \/>\n<meta property=\"og:title\" content=\"Kaip elgtis su sunkiais \u017emon\u0117mis\" \/>\n<meta property=\"og:description\" content=\"Knyga \u201eKaip elgtis su sunkiais \u017emon\u0117mis\u201c pravers ir vir\u0161ininkams, ir pavaldiniams. Joje pateikti bendravimo metodai, kuriuos gal\u0117site darboviet\u0117je\" \/>\n<meta property=\"og:url\" content=\"https:\/\/skaitytaknyga.lt\/en\/produktas\/kaip-elgtis-su-sunkiais-zmonemis\/\" \/>\n<meta property=\"og:site_name\" content=\"Skaitytaknyga\" \/>\n<meta property=\"article:publisher\" content=\"https:\/\/www.facebook.com\/skaitytaknyga\/\" \/>\n<meta property=\"article:modified_time\" content=\"2025-12-26T13:02:36+00:00\" \/>\n<meta property=\"og:image\" content=\"https:\/\/skaitytaknyga.lt\/wp-content\/uploads\/2025\/12\/Kaip-elgtis-su-sunkiais-zmonemis-1.webp\" \/>\n\t<meta property=\"og:image:width\" content=\"300\" \/>\n\t<meta property=\"og:image:height\" content=\"452\" \/>\n\t<meta property=\"og:image:type\" content=\"image\/webp\" \/>\n<meta name=\"twitter:card\" content=\"summary_large_image\" \/>\n<script type=\"application\/ld+json\" class=\"yoast-schema-graph\">{\"@context\":\"https:\/\/schema.org\",\"@graph\":[{\"@type\":\"WebPage\",\"@id\":\"https:\/\/skaitytaknyga.lt\/produktas\/kaip-elgtis-su-sunkiais-zmonemis\/\",\"url\":\"https:\/\/skaitytaknyga.lt\/produktas\/kaip-elgtis-su-sunkiais-zmonemis\/\",\"name\":\"Kaip elgtis su sunkiais \u017emon\u0117mis\",\"isPartOf\":{\"@id\":\"https:\/\/skaitytaknyga.lt\/#website\"},\"primaryImageOfPage\":{\"@id\":\"https:\/\/skaitytaknyga.lt\/produktas\/kaip-elgtis-su-sunkiais-zmonemis\/#primaryimage\"},\"image\":{\"@id\":\"https:\/\/skaitytaknyga.lt\/produktas\/kaip-elgtis-su-sunkiais-zmonemis\/#primaryimage\"},\"thumbnailUrl\":\"https:\/\/skaitytaknyga.lt\/wp-content\/uploads\/2025\/12\/Kaip-elgtis-su-sunkiais-zmonemis-1.webp\",\"datePublished\":\"2025-12-21T14:29:28+00:00\",\"dateModified\":\"2025-12-26T13:02:36+00:00\",\"description\":\"Knyga \u201eKaip elgtis su sunkiais \u017emon\u0117mis\u201c pravers ir vir\u0161ininkams, ir pavaldiniams. Joje pateikti bendravimo metodai, kuriuos gal\u0117site darboviet\u0117je\",\"breadcrumb\":{\"@id\":\"https:\/\/skaitytaknyga.lt\/produktas\/kaip-elgtis-su-sunkiais-zmonemis\/#breadcrumb\"},\"inLanguage\":\"en-GB\",\"potentialAction\":[{\"@type\":\"ReadAction\",\"target\":[\"https:\/\/skaitytaknyga.lt\/produktas\/kaip-elgtis-su-sunkiais-zmonemis\/\"]}]},{\"@type\":\"ImageObject\",\"inLanguage\":\"en-GB\",\"@id\":\"https:\/\/skaitytaknyga.lt\/produktas\/kaip-elgtis-su-sunkiais-zmonemis\/#primaryimage\",\"url\":\"https:\/\/skaitytaknyga.lt\/wp-content\/uploads\/2025\/12\/Kaip-elgtis-su-sunkiais-zmonemis-1.webp\",\"contentUrl\":\"https:\/\/skaitytaknyga.lt\/wp-content\/uploads\/2025\/12\/Kaip-elgtis-su-sunkiais-zmonemis-1.webp\",\"width\":300,\"height\":452,\"caption\":\"Kaip elgtis su sunkiais \u017emon\u0117mis\"},{\"@type\":\"BreadcrumbList\",\"@id\":\"https:\/\/skaitytaknyga.lt\/produktas\/kaip-elgtis-su-sunkiais-zmonemis\/#breadcrumb\",\"itemListElement\":[{\"@type\":\"ListItem\",\"position\":1,\"name\":\"Home\",\"item\":\"https:\/\/skaitytaknyga.lt\/\"},{\"@type\":\"ListItem\",\"position\":2,\"name\":\"Parduotuv\u0117\",\"item\":\"https:\/\/skaitytaknyga.lt\/knygu-parduotuve\/\"},{\"@type\":\"ListItem\",\"position\":3,\"name\":\"Kaip elgtis su sunkiais \u017emon\u0117mis\"}]},{\"@type\":\"WebSite\",\"@id\":\"https:\/\/skaitytaknyga.lt\/#website\",\"url\":\"https:\/\/skaitytaknyga.lt\/\",\"name\":\"skaitytaknyga.lt\",\"description\":\"Skaitytaknyga.lt \u2013 tai ma\u017eas \u0161eimos verslas, kuris prasid\u0117jo nuo meil\u0117s knygoms ir siekio i\u0161gelb\u0117ti knygas nuo likimo prie konteinerio. Kas vienam nereikalingas daiktas \u2013 kitam lobis, o mes esame tarpininkai, kurie padeda abiems tapti laimingesniems ???? \u017dinome kaip nelengva i\u0161gyventi ma\u017eiems verslams, tad nuo \u0161iol, \u010dia rasite ir kit\u0173, ma\u017e\u0173 \u0161eim\u0173 versl\u0173, rank\u0173 darbo, dovan\u0173 sau ir artimiesiems.\",\"publisher\":{\"@id\":\"https:\/\/skaitytaknyga.lt\/#organization\"},\"potentialAction\":[{\"@type\":\"SearchAction\",\"target\":{\"@type\":\"EntryPoint\",\"urlTemplate\":\"https:\/\/skaitytaknyga.lt\/?s={search_term_string}\"},\"query-input\":{\"@type\":\"PropertyValueSpecification\",\"valueRequired\":true,\"valueName\":\"search_term_string\"}}],\"inLanguage\":\"en-GB\"},{\"@type\":\"Organization\",\"@id\":\"https:\/\/skaitytaknyga.lt\/#organization\",\"name\":\"skaitytaknyga.lt\",\"url\":\"https:\/\/skaitytaknyga.lt\/\",\"logo\":{\"@type\":\"ImageObject\",\"inLanguage\":\"en-GB\",\"@id\":\"https:\/\/skaitytaknyga.lt\/#\/schema\/logo\/image\/\",\"url\":\"https:\/\/skaitytaknyga.lt\/wp-content\/uploads\/2024\/05\/cropped-cropped-cropped-02_00843_jt3bggkj1j3HLc7SyY6rEUpg.jpeg\",\"contentUrl\":\"https:\/\/skaitytaknyga.lt\/wp-content\/uploads\/2024\/05\/cropped-cropped-cropped-02_00843_jt3bggkj1j3HLc7SyY6rEUpg.jpeg\",\"width\":1600,\"height\":1600,\"caption\":\"skaitytaknyga.lt\"},\"image\":{\"@id\":\"https:\/\/skaitytaknyga.lt\/#\/schema\/logo\/image\/\"},\"sameAs\":[\"https:\/\/www.facebook.com\/skaitytaknyga\/\"]}]}<\/script>\n<!-- \/ Yoast SEO plugin. -->","yoast_head_json":{"title":"Kaip elgtis su sunkiais \u017emon\u0117mis","description":"Knyga \u201eKaip elgtis su sunkiais \u017emon\u0117mis\u201c pravers ir vir\u0161ininkams, ir pavaldiniams. Joje pateikti bendravimo metodai, kuriuos gal\u0117site darboviet\u0117je","robots":{"index":"index","follow":"follow","max-snippet":"max-snippet:-1","max-image-preview":"max-image-preview:large","max-video-preview":"max-video-preview:-1"},"canonical":"https:\/\/skaitytaknyga.lt\/en\/produktas\/kaip-elgtis-su-sunkiais-zmonemis\/","og_locale":"en_GB","og_type":"article","og_title":"[:lt]Kaip elgtis su sunkiais \u017emon\u0117mis[:] - Skaitytaknyga","og_description":"Knyga \u201eKaip elgtis su sunkiais \u017emon\u0117mis\u201c pravers ir vir\u0161ininkams, ir pavaldiniams. Joje pateikti bendravimo metodai, kuriuos gal\u0117site darboviet\u0117je","og_url":"https:\/\/skaitytaknyga.lt\/en\/produktas\/kaip-elgtis-su-sunkiais-zmonemis\/","og_site_name":"Skaitytaknyga","article_publisher":"https:\/\/www.facebook.com\/skaitytaknyga\/","article_modified_time":"2025-12-26T13:02:36+00:00","og_image":[{"width":300,"height":452,"url":"https:\/\/skaitytaknyga.lt\/wp-content\/uploads\/2025\/12\/Kaip-elgtis-su-sunkiais-zmonemis-1.webp","type":"image\/webp"}],"twitter_card":"summary_large_image","schema":{"@context":"https:\/\/schema.org","@graph":[{"@type":"WebPage","@id":"https:\/\/skaitytaknyga.lt\/produktas\/kaip-elgtis-su-sunkiais-zmonemis\/","url":"https:\/\/skaitytaknyga.lt\/produktas\/kaip-elgtis-su-sunkiais-zmonemis\/","name":"Kaip elgtis su sunkiais \u017emon\u0117mis","isPartOf":{"@id":"https:\/\/skaitytaknyga.lt\/#website"},"primaryImageOfPage":{"@id":"https:\/\/skaitytaknyga.lt\/produktas\/kaip-elgtis-su-sunkiais-zmonemis\/#primaryimage"},"image":{"@id":"https:\/\/skaitytaknyga.lt\/produktas\/kaip-elgtis-su-sunkiais-zmonemis\/#primaryimage"},"thumbnailUrl":"https:\/\/skaitytaknyga.lt\/wp-content\/uploads\/2025\/12\/Kaip-elgtis-su-sunkiais-zmonemis-1.webp","datePublished":"2025-12-21T14:29:28+00:00","dateModified":"2025-12-26T13:02:36+00:00","description":"Knyga \u201eKaip elgtis su sunkiais \u017emon\u0117mis\u201c pravers ir vir\u0161ininkams, ir pavaldiniams. Joje pateikti bendravimo metodai, kuriuos gal\u0117site darboviet\u0117je","breadcrumb":{"@id":"https:\/\/skaitytaknyga.lt\/produktas\/kaip-elgtis-su-sunkiais-zmonemis\/#breadcrumb"},"inLanguage":"en-GB","potentialAction":[{"@type":"ReadAction","target":["https:\/\/skaitytaknyga.lt\/produktas\/kaip-elgtis-su-sunkiais-zmonemis\/"]}]},{"@type":"ImageObject","inLanguage":"en-GB","@id":"https:\/\/skaitytaknyga.lt\/produktas\/kaip-elgtis-su-sunkiais-zmonemis\/#primaryimage","url":"https:\/\/skaitytaknyga.lt\/wp-content\/uploads\/2025\/12\/Kaip-elgtis-su-sunkiais-zmonemis-1.webp","contentUrl":"https:\/\/skaitytaknyga.lt\/wp-content\/uploads\/2025\/12\/Kaip-elgtis-su-sunkiais-zmonemis-1.webp","width":300,"height":452,"caption":"Kaip elgtis su sunkiais \u017emon\u0117mis"},{"@type":"BreadcrumbList","@id":"https:\/\/skaitytaknyga.lt\/produktas\/kaip-elgtis-su-sunkiais-zmonemis\/#breadcrumb","itemListElement":[{"@type":"ListItem","position":1,"name":"Home","item":"https:\/\/skaitytaknyga.lt\/"},{"@type":"ListItem","position":2,"name":"Parduotuv\u0117","item":"https:\/\/skaitytaknyga.lt\/knygu-parduotuve\/"},{"@type":"ListItem","position":3,"name":"Kaip elgtis su sunkiais \u017emon\u0117mis"}]},{"@type":"WebSite","@id":"https:\/\/skaitytaknyga.lt\/#website","url":"https:\/\/skaitytaknyga.lt\/","name":"skaitytaknyga.lt","description":"Skaitytaknyga.lt \u2013 tai ma\u017eas \u0161eimos verslas, kuris prasid\u0117jo nuo meil\u0117s knygoms ir siekio i\u0161gelb\u0117ti knygas nuo likimo prie konteinerio. Kas vienam nereikalingas daiktas \u2013 kitam lobis, o mes esame tarpininkai, kurie padeda abiems tapti laimingesniems ???? \u017dinome kaip nelengva i\u0161gyventi ma\u017eiems verslams, tad nuo \u0161iol, \u010dia rasite ir kit\u0173, ma\u017e\u0173 \u0161eim\u0173 versl\u0173, rank\u0173 darbo, dovan\u0173 sau ir artimiesiems.","publisher":{"@id":"https:\/\/skaitytaknyga.lt\/#organization"},"potentialAction":[{"@type":"SearchAction","target":{"@type":"EntryPoint","urlTemplate":"https:\/\/skaitytaknyga.lt\/?s={search_term_string}"},"query-input":{"@type":"PropertyValueSpecification","valueRequired":true,"valueName":"search_term_string"}}],"inLanguage":"en-GB"},{"@type":"Organization","@id":"https:\/\/skaitytaknyga.lt\/#organization","name":"skaitytaknyga.lt","url":"https:\/\/skaitytaknyga.lt\/","logo":{"@type":"ImageObject","inLanguage":"en-GB","@id":"https:\/\/skaitytaknyga.lt\/#\/schema\/logo\/image\/","url":"https:\/\/skaitytaknyga.lt\/wp-content\/uploads\/2024\/05\/cropped-cropped-cropped-02_00843_jt3bggkj1j3HLc7SyY6rEUpg.jpeg","contentUrl":"https:\/\/skaitytaknyga.lt\/wp-content\/uploads\/2024\/05\/cropped-cropped-cropped-02_00843_jt3bggkj1j3HLc7SyY6rEUpg.jpeg","width":1600,"height":1600,"caption":"skaitytaknyga.lt"},"image":{"@id":"https:\/\/skaitytaknyga.lt\/#\/schema\/logo\/image\/"},"sameAs":["https:\/\/www.facebook.com\/skaitytaknyga\/"]}]}},"_links":{"self":[{"href":"https:\/\/skaitytaknyga.lt\/en\/wp-json\/wp\/v2\/product\/22478","targetHints":{"allow":["GET"]}}],"collection":[{"href":"https:\/\/skaitytaknyga.lt\/en\/wp-json\/wp\/v2\/product"}],"about":[{"href":"https:\/\/skaitytaknyga.lt\/en\/wp-json\/wp\/v2\/types\/product"}],"replies":[{"embeddable":true,"href":"https:\/\/skaitytaknyga.lt\/en\/wp-json\/wp\/v2\/comments?post=22478"}],"wp:featuredmedia":[{"embeddable":true,"href":"https:\/\/skaitytaknyga.lt\/en\/wp-json\/wp\/v2\/media\/22483"}],"wp:attachment":[{"href":"https:\/\/skaitytaknyga.lt\/en\/wp-json\/wp\/v2\/media?parent=22478"}],"wp:term":[{"taxonomy":"product_brand","embeddable":true,"href":"https:\/\/skaitytaknyga.lt\/en\/wp-json\/wp\/v2\/product_brand?post=22478"},{"taxonomy":"product_cat","embeddable":true,"href":"https:\/\/skaitytaknyga.lt\/en\/wp-json\/wp\/v2\/product_cat?post=22478"},{"taxonomy":"product_tag","embeddable":true,"href":"https:\/\/skaitytaknyga.lt\/en\/wp-json\/wp\/v2\/product_tag?post=22478"}],"curies":[{"name":"wp","href":"https:\/\/api.w.org\/{rel}","templated":true}]}}