{"id":22476,"date":"2025-12-21T16:29:28","date_gmt":"2025-12-21T14:29:28","guid":{"rendered":"https:\/\/skaitytaknyga.lt\/?post_type=product&#038;p=22476"},"modified":"2026-02-26T10:10:22","modified_gmt":"2026-02-26T08:10:22","slug":"zinia-truputi-isteptas-virsus","status":"publish","type":"product","link":"https:\/\/skaitytaknyga.lt\/en\/produktas\/zinia-truputi-isteptas-virsus\/","title":{"rendered":"\u017dinia (truput\u012f i\u0161teptas vir\u0161us)"},"content":{"rendered":"<p>Filosofin\u0117 apybrai\u017ea, poezija, dienora\u0161\u010dio fragmentai, lai\u0161kai, dokumentai.<\/p>\n<p> ,,Niekada nemaniau, kad mano kartos \u017emoni\u0173 gyvenimai gali taip tragi\u0161kai susiklostyti&#8221;,<br \/>\n\u2013 ra\u0161o M. Tomonio am\u017eininkas, poetas Sigitas Geda apie principing\u0105, dor\u0105 ir s\u0105\u017eining\u0105 antisovietinio pogrindinio jud\u0117jimo dalyv\u012f, talenting\u0105 literat\u0105 ir filosof\u0105 Mindaug\u0105 Tomon\u012f (1940\u20131975).<br \/>\nTad \u0161i knyga su \u012f\u017eanginiais kun. Jono Borutos SJ ir min\u0117tojo S. Gedos straipsniais yra nenykstan\u010dios vert\u0117s ra\u0161ytinis paminklas, ne vienam skaitytojui pad\u0117siantis geriau suvokti ir pa\u017einti, kuo XX a. 8 de\u0161. gyveno su sovietinio gyvenimo dogmomis negal\u0117jusi taikytis jaun\u0173j\u0173 rezistent\u0173 karta &#8211; M. Tomonis. A. Patackas, J. Prapiestis ir kt.<\/p>\n","protected":false},"excerpt":{"rendered":"<p>Filosofin\u0117 apybrai\u017ea, poezija, dienora\u0161\u010dio fragmentai, lai\u0161kai, dokumentai. ,,Niekada nemaniau, kad mano kartos \u017emoni\u0173 gyvenimai gali taip tragi\u0161kai susiklostyti&#8221;, \u2013 ra\u0161o M. Tomonio am\u017eininkas, poetas Sigitas Geda apie principing\u0105, dor\u0105 ir s\u0105\u017eining\u0105 antisovietinio pogrindinio jud\u0117jimo dalyv\u012f, talenting\u0105 literat\u0105 ir filosof\u0105 Mindaug\u0105 Tomon\u012f (1940\u20131975). Tad \u0161i knyga su \u012f\u017eanginiais kun. Jono Borutos SJ ir min\u0117tojo S. Gedos straipsniais yra nenykstan\u010dios vert\u0117s ra\u0161ytinis paminklas, ne vienam skaitytojui pad\u0117siantis geriau suvokti ir pa\u017einti, kuo XX a. 8 de\u0161. gyveno su sovietinio gyvenimo dogmomis negal\u0117jusi taikytis jaun\u0173j\u0173 rezistent\u0173 karta &#8211; M. Tomonis. A. Patackas, J. Prapiestis ir kt.<\/p>\n","protected":false},"featured_media":22481,"comment_status":"open","ping_status":"closed","template":"","meta":{"_acf_changed":false,"site-sidebar-layout":"default","site-content-layout":"","ast-site-content-layout":"default","site-content-style":"default","site-sidebar-style":"default","ast-global-header-display":"","ast-banner-title-visibility":"","ast-main-header-display":"","ast-hfb-above-header-display":"","ast-hfb-below-header-display":"","ast-hfb-mobile-header-display":"","site-post-title":"","ast-breadcrumbs-content":"","ast-featured-img":"","footer-sml-layout":"","ast-disable-related-posts":"","theme-transparent-header-meta":"","adv-header-id-meta":"","stick-header-meta":"","header-above-stick-meta":"","header-main-stick-meta":"","header-below-stick-meta":"","astra-migrate-meta-layouts":"default","ast-page-background-enabled":"default","ast-page-background-meta":{"desktop":{"background-color":"","background-image":"","background-repeat":"repeat","background-position":"center center","background-size":"auto","background-attachment":"scroll","background-type":"","background-media":"","overlay-type":"","overlay-color":"","overlay-opacity":"","overlay-gradient":""},"tablet":{"background-color":"","background-image":"","background-repeat":"repeat","background-position":"center center","background-size":"auto","background-attachment":"scroll","background-type":"","background-media":"","overlay-type":"","overlay-color":"","overlay-opacity":"","overlay-gradient":""},"mobile":{"background-color":"","background-image":"","background-repeat":"repeat","background-position":"center center","background-size":"auto","background-attachment":"scroll","background-type":"","background-media":"","overlay-type":"","overlay-color":"","overlay-opacity":"","overlay-gradient":""}},"ast-content-background-meta":{"desktop":{"background-color":"var(--ast-global-color-4)","background-image":"","background-repeat":"repeat","background-position":"center center","background-size":"auto","background-attachment":"scroll","background-type":"","background-media":"","overlay-type":"","overlay-color":"","overlay-opacity":"","overlay-gradient":""},"tablet":{"background-color":"var(--ast-global-color-4)","background-image":"","background-repeat":"repeat","background-position":"center center","background-size":"auto","background-attachment":"scroll","background-type":"","background-media":"","overlay-type":"","overlay-color":"","overlay-opacity":"","overlay-gradient":""},"mobile":{"background-color":"var(--ast-global-color-4)","background-image":"","background-repeat":"repeat","background-position":"center center","background-size":"auto","background-attachment":"scroll","background-type":"","background-media":"","overlay-type":"","overlay-color":"","overlay-opacity":"","overlay-gradient":""}}},"product_brand":[],"product_cat":[165],"product_tag":[],"class_list":{"0":"post-22476","1":"product","2":"type-product","3":"status-publish","4":"has-post-thumbnail","6":"product_cat-religija-filosofija-ir-ezoterika","7":"desktop-align-left","8":"tablet-align-left","9":"mobile-align-left","11":"first","12":"instock","13":"shipping-taxable","14":"purchasable","15":"product-type-simple"},"acf":[],"yoast_head":"<!-- This site is optimized with the Yoast SEO plugin v27.0 - https:\/\/yoast.com\/product\/yoast-seo-wordpress\/ -->\n<title>\u017dinia (truput\u012f i\u0161teptas vir\u0161us)<\/title>\n<meta name=\"description\" content=\"Filosofin\u0117 apybrai\u017ea, poezija, dienora\u0161\u010dio fragmentai, lai\u0161kai, dokumentai. ,,Niekada nemaniau, kad mano kartos \u017emoni\u0173 gyvenimai gali taip tragi\u0161kai\" \/>\n<meta name=\"robots\" content=\"index, follow, max-snippet:-1, max-image-preview:large, max-video-preview:-1\" \/>\n<link rel=\"canonical\" href=\"https:\/\/skaitytaknyga.lt\/en\/produktas\/zinia-truputi-isteptas-virsus\/\" \/>\n<meta property=\"og:locale\" content=\"en_GB\" \/>\n<meta property=\"og:locale:alternate\" content=\"lt_LT\" \/>\n<meta property=\"og:type\" content=\"article\" \/>\n<meta property=\"og:title\" content=\"\u017dinia (truput\u012f i\u0161teptas vir\u0161us)\" \/>\n<meta property=\"og:description\" content=\"Filosofin\u0117 apybrai\u017ea, poezija, dienora\u0161\u010dio fragmentai, lai\u0161kai, dokumentai. ,,Niekada nemaniau, kad mano kartos \u017emoni\u0173 gyvenimai gali taip tragi\u0161kai\" \/>\n<meta property=\"og:url\" content=\"https:\/\/skaitytaknyga.lt\/en\/produktas\/zinia-truputi-isteptas-virsus\/\" \/>\n<meta property=\"og:site_name\" content=\"Skaitytaknyga\" \/>\n<meta property=\"article:publisher\" content=\"https:\/\/www.facebook.com\/skaitytaknyga\/\" \/>\n<meta property=\"article:modified_time\" content=\"2026-02-26T08:10:22+00:00\" \/>\n<meta property=\"og:image\" content=\"https:\/\/skaitytaknyga.lt\/wp-content\/uploads\/2025\/12\/zinia-e1766328615249.webp\" \/>\n\t<meta property=\"og:image:width\" content=\"157\" \/>\n\t<meta property=\"og:image:height\" content=\"220\" \/>\n\t<meta property=\"og:image:type\" content=\"image\/webp\" \/>\n<meta name=\"twitter:card\" content=\"summary_large_image\" \/>\n<meta name=\"twitter:label1\" content=\"Estimated reading time\" \/>\n\t<meta name=\"twitter:data1\" content=\"1 minute\" \/>\n<script type=\"application\/ld+json\" class=\"yoast-schema-graph\">{\"@context\":\"https:\/\/schema.org\",\"@graph\":[{\"@type\":\"WebPage\",\"@id\":\"https:\/\/skaitytaknyga.lt\/produktas\/zinia-truputi-isteptas-virsus\/\",\"url\":\"https:\/\/skaitytaknyga.lt\/produktas\/zinia-truputi-isteptas-virsus\/\",\"name\":\"\u017dinia (truput\u012f i\u0161teptas vir\u0161us)\",\"isPartOf\":{\"@id\":\"https:\/\/skaitytaknyga.lt\/#website\"},\"primaryImageOfPage\":{\"@id\":\"https:\/\/skaitytaknyga.lt\/produktas\/zinia-truputi-isteptas-virsus\/#primaryimage\"},\"image\":{\"@id\":\"https:\/\/skaitytaknyga.lt\/produktas\/zinia-truputi-isteptas-virsus\/#primaryimage\"},\"thumbnailUrl\":\"https:\/\/skaitytaknyga.lt\/wp-content\/uploads\/2025\/12\/zinia-e1766328615249.webp\",\"datePublished\":\"2025-12-21T14:29:28+00:00\",\"dateModified\":\"2026-02-26T08:10:22+00:00\",\"description\":\"Filosofin\u0117 apybrai\u017ea, poezija, dienora\u0161\u010dio fragmentai, lai\u0161kai, dokumentai. ,,Niekada nemaniau, kad mano kartos \u017emoni\u0173 gyvenimai gali taip tragi\u0161kai\",\"breadcrumb\":{\"@id\":\"https:\/\/skaitytaknyga.lt\/produktas\/zinia-truputi-isteptas-virsus\/#breadcrumb\"},\"inLanguage\":\"en-GB\",\"potentialAction\":[{\"@type\":\"ReadAction\",\"target\":[\"https:\/\/skaitytaknyga.lt\/produktas\/zinia-truputi-isteptas-virsus\/\"]}]},{\"@type\":\"ImageObject\",\"inLanguage\":\"en-GB\",\"@id\":\"https:\/\/skaitytaknyga.lt\/produktas\/zinia-truputi-isteptas-virsus\/#primaryimage\",\"url\":\"https:\/\/skaitytaknyga.lt\/wp-content\/uploads\/2025\/12\/zinia-e1766328615249.webp\",\"contentUrl\":\"https:\/\/skaitytaknyga.lt\/wp-content\/uploads\/2025\/12\/zinia-e1766328615249.webp\",\"width\":157,\"height\":220,\"caption\":\"\u017dinia\"},{\"@type\":\"BreadcrumbList\",\"@id\":\"https:\/\/skaitytaknyga.lt\/produktas\/zinia-truputi-isteptas-virsus\/#breadcrumb\",\"itemListElement\":[{\"@type\":\"ListItem\",\"position\":1,\"name\":\"Home\",\"item\":\"https:\/\/skaitytaknyga.lt\/\"},{\"@type\":\"ListItem\",\"position\":2,\"name\":\"Parduotuv\u0117\",\"item\":\"https:\/\/skaitytaknyga.lt\/knygu-parduotuve\/\"},{\"@type\":\"ListItem\",\"position\":3,\"name\":\"\u017dinia (truput\u012f i\u0161teptas vir\u0161us)\"}]},{\"@type\":\"WebSite\",\"@id\":\"https:\/\/skaitytaknyga.lt\/#website\",\"url\":\"https:\/\/skaitytaknyga.lt\/\",\"name\":\"skaitytaknyga.lt\",\"description\":\"Skaitytaknyga.lt \u2013 tai ma\u017eas \u0161eimos verslas, kuris prasid\u0117jo nuo meil\u0117s knygoms ir siekio i\u0161gelb\u0117ti knygas nuo likimo prie konteinerio. Kas vienam nereikalingas daiktas \u2013 kitam lobis, o mes esame tarpininkai, kurie padeda abiems tapti laimingesniems ???? \u017dinome kaip nelengva i\u0161gyventi ma\u017eiems verslams, tad nuo \u0161iol, \u010dia rasite ir kit\u0173, ma\u017e\u0173 \u0161eim\u0173 versl\u0173, rank\u0173 darbo, dovan\u0173 sau ir artimiesiems.\",\"publisher\":{\"@id\":\"https:\/\/skaitytaknyga.lt\/#organization\"},\"potentialAction\":[{\"@type\":\"SearchAction\",\"target\":{\"@type\":\"EntryPoint\",\"urlTemplate\":\"https:\/\/skaitytaknyga.lt\/?s={search_term_string}\"},\"query-input\":{\"@type\":\"PropertyValueSpecification\",\"valueRequired\":true,\"valueName\":\"search_term_string\"}}],\"inLanguage\":\"en-GB\"},{\"@type\":\"Organization\",\"@id\":\"https:\/\/skaitytaknyga.lt\/#organization\",\"name\":\"skaitytaknyga.lt\",\"url\":\"https:\/\/skaitytaknyga.lt\/\",\"logo\":{\"@type\":\"ImageObject\",\"inLanguage\":\"en-GB\",\"@id\":\"https:\/\/skaitytaknyga.lt\/#\/schema\/logo\/image\/\",\"url\":\"https:\/\/skaitytaknyga.lt\/wp-content\/uploads\/2024\/05\/cropped-cropped-cropped-02_00843_jt3bggkj1j3HLc7SyY6rEUpg.jpeg\",\"contentUrl\":\"https:\/\/skaitytaknyga.lt\/wp-content\/uploads\/2024\/05\/cropped-cropped-cropped-02_00843_jt3bggkj1j3HLc7SyY6rEUpg.jpeg\",\"width\":1600,\"height\":1600,\"caption\":\"skaitytaknyga.lt\"},\"image\":{\"@id\":\"https:\/\/skaitytaknyga.lt\/#\/schema\/logo\/image\/\"},\"sameAs\":[\"https:\/\/www.facebook.com\/skaitytaknyga\/\"]}]}<\/script>\n<!-- \/ Yoast SEO plugin. -->","yoast_head_json":{"title":"\u017dinia (truput\u012f i\u0161teptas vir\u0161us)","description":"Filosofin\u0117 apybrai\u017ea, poezija, dienora\u0161\u010dio fragmentai, lai\u0161kai, dokumentai. ,,Niekada nemaniau, kad mano kartos \u017emoni\u0173 gyvenimai gali taip tragi\u0161kai","robots":{"index":"index","follow":"follow","max-snippet":"max-snippet:-1","max-image-preview":"max-image-preview:large","max-video-preview":"max-video-preview:-1"},"canonical":"https:\/\/skaitytaknyga.lt\/en\/produktas\/zinia-truputi-isteptas-virsus\/","og_locale":"en_GB","og_type":"article","og_title":"[:lt]\u017dinia (truput\u012f i\u0161teptas vir\u0161us)[:] - Skaitytaknyga","og_description":"Filosofin\u0117 apybrai\u017ea, poezija, dienora\u0161\u010dio fragmentai, lai\u0161kai, dokumentai. ,,Niekada nemaniau, kad mano kartos \u017emoni\u0173 gyvenimai gali taip tragi\u0161kai","og_url":"https:\/\/skaitytaknyga.lt\/en\/produktas\/zinia-truputi-isteptas-virsus\/","og_site_name":"Skaitytaknyga","article_publisher":"https:\/\/www.facebook.com\/skaitytaknyga\/","article_modified_time":"2026-02-26T08:10:22+00:00","og_image":[{"width":157,"height":220,"url":"https:\/\/skaitytaknyga.lt\/wp-content\/uploads\/2025\/12\/zinia-e1766328615249.webp","type":"image\/webp"}],"twitter_card":"summary_large_image","twitter_misc":{"Estimated reading time":"1 minute"},"schema":{"@context":"https:\/\/schema.org","@graph":[{"@type":"WebPage","@id":"https:\/\/skaitytaknyga.lt\/produktas\/zinia-truputi-isteptas-virsus\/","url":"https:\/\/skaitytaknyga.lt\/produktas\/zinia-truputi-isteptas-virsus\/","name":"\u017dinia (truput\u012f i\u0161teptas vir\u0161us)","isPartOf":{"@id":"https:\/\/skaitytaknyga.lt\/#website"},"primaryImageOfPage":{"@id":"https:\/\/skaitytaknyga.lt\/produktas\/zinia-truputi-isteptas-virsus\/#primaryimage"},"image":{"@id":"https:\/\/skaitytaknyga.lt\/produktas\/zinia-truputi-isteptas-virsus\/#primaryimage"},"thumbnailUrl":"https:\/\/skaitytaknyga.lt\/wp-content\/uploads\/2025\/12\/zinia-e1766328615249.webp","datePublished":"2025-12-21T14:29:28+00:00","dateModified":"2026-02-26T08:10:22+00:00","description":"Filosofin\u0117 apybrai\u017ea, poezija, dienora\u0161\u010dio fragmentai, lai\u0161kai, dokumentai. ,,Niekada nemaniau, kad mano kartos \u017emoni\u0173 gyvenimai gali taip tragi\u0161kai","breadcrumb":{"@id":"https:\/\/skaitytaknyga.lt\/produktas\/zinia-truputi-isteptas-virsus\/#breadcrumb"},"inLanguage":"en-GB","potentialAction":[{"@type":"ReadAction","target":["https:\/\/skaitytaknyga.lt\/produktas\/zinia-truputi-isteptas-virsus\/"]}]},{"@type":"ImageObject","inLanguage":"en-GB","@id":"https:\/\/skaitytaknyga.lt\/produktas\/zinia-truputi-isteptas-virsus\/#primaryimage","url":"https:\/\/skaitytaknyga.lt\/wp-content\/uploads\/2025\/12\/zinia-e1766328615249.webp","contentUrl":"https:\/\/skaitytaknyga.lt\/wp-content\/uploads\/2025\/12\/zinia-e1766328615249.webp","width":157,"height":220,"caption":"\u017dinia"},{"@type":"BreadcrumbList","@id":"https:\/\/skaitytaknyga.lt\/produktas\/zinia-truputi-isteptas-virsus\/#breadcrumb","itemListElement":[{"@type":"ListItem","position":1,"name":"Home","item":"https:\/\/skaitytaknyga.lt\/"},{"@type":"ListItem","position":2,"name":"Parduotuv\u0117","item":"https:\/\/skaitytaknyga.lt\/knygu-parduotuve\/"},{"@type":"ListItem","position":3,"name":"\u017dinia (truput\u012f i\u0161teptas vir\u0161us)"}]},{"@type":"WebSite","@id":"https:\/\/skaitytaknyga.lt\/#website","url":"https:\/\/skaitytaknyga.lt\/","name":"skaitytaknyga.lt","description":"Skaitytaknyga.lt \u2013 tai ma\u017eas \u0161eimos verslas, kuris prasid\u0117jo nuo meil\u0117s knygoms ir siekio i\u0161gelb\u0117ti knygas nuo likimo prie konteinerio. Kas vienam nereikalingas daiktas \u2013 kitam lobis, o mes esame tarpininkai, kurie padeda abiems tapti laimingesniems ???? \u017dinome kaip nelengva i\u0161gyventi ma\u017eiems verslams, tad nuo \u0161iol, \u010dia rasite ir kit\u0173, ma\u017e\u0173 \u0161eim\u0173 versl\u0173, rank\u0173 darbo, dovan\u0173 sau ir artimiesiems.","publisher":{"@id":"https:\/\/skaitytaknyga.lt\/#organization"},"potentialAction":[{"@type":"SearchAction","target":{"@type":"EntryPoint","urlTemplate":"https:\/\/skaitytaknyga.lt\/?s={search_term_string}"},"query-input":{"@type":"PropertyValueSpecification","valueRequired":true,"valueName":"search_term_string"}}],"inLanguage":"en-GB"},{"@type":"Organization","@id":"https:\/\/skaitytaknyga.lt\/#organization","name":"skaitytaknyga.lt","url":"https:\/\/skaitytaknyga.lt\/","logo":{"@type":"ImageObject","inLanguage":"en-GB","@id":"https:\/\/skaitytaknyga.lt\/#\/schema\/logo\/image\/","url":"https:\/\/skaitytaknyga.lt\/wp-content\/uploads\/2024\/05\/cropped-cropped-cropped-02_00843_jt3bggkj1j3HLc7SyY6rEUpg.jpeg","contentUrl":"https:\/\/skaitytaknyga.lt\/wp-content\/uploads\/2024\/05\/cropped-cropped-cropped-02_00843_jt3bggkj1j3HLc7SyY6rEUpg.jpeg","width":1600,"height":1600,"caption":"skaitytaknyga.lt"},"image":{"@id":"https:\/\/skaitytaknyga.lt\/#\/schema\/logo\/image\/"},"sameAs":["https:\/\/www.facebook.com\/skaitytaknyga\/"]}]}},"_links":{"self":[{"href":"https:\/\/skaitytaknyga.lt\/en\/wp-json\/wp\/v2\/product\/22476","targetHints":{"allow":["GET"]}}],"collection":[{"href":"https:\/\/skaitytaknyga.lt\/en\/wp-json\/wp\/v2\/product"}],"about":[{"href":"https:\/\/skaitytaknyga.lt\/en\/wp-json\/wp\/v2\/types\/product"}],"replies":[{"embeddable":true,"href":"https:\/\/skaitytaknyga.lt\/en\/wp-json\/wp\/v2\/comments?post=22476"}],"wp:featuredmedia":[{"embeddable":true,"href":"https:\/\/skaitytaknyga.lt\/en\/wp-json\/wp\/v2\/media\/22481"}],"wp:attachment":[{"href":"https:\/\/skaitytaknyga.lt\/en\/wp-json\/wp\/v2\/media?parent=22476"}],"wp:term":[{"taxonomy":"product_brand","embeddable":true,"href":"https:\/\/skaitytaknyga.lt\/en\/wp-json\/wp\/v2\/product_brand?post=22476"},{"taxonomy":"product_cat","embeddable":true,"href":"https:\/\/skaitytaknyga.lt\/en\/wp-json\/wp\/v2\/product_cat?post=22476"},{"taxonomy":"product_tag","embeddable":true,"href":"https:\/\/skaitytaknyga.lt\/en\/wp-json\/wp\/v2\/product_tag?post=22476"}],"curies":[{"name":"wp","href":"https:\/\/api.w.org\/{rel}","templated":true}]}}