{"id":22466,"date":"2025-12-21T16:08:06","date_gmt":"2025-12-21T14:08:06","guid":{"rendered":"https:\/\/skaitytaknyga.lt\/?post_type=product&#038;p=22466"},"modified":"2026-03-18T14:59:40","modified_gmt":"2026-03-18T12:59:40","slug":"lauksiu-atsakymo","status":"publish","type":"product","link":"https:\/\/skaitytaknyga.lt\/en\/produktas\/lauksiu-atsakymo\/","title":{"rendered":"Lauksiu atsakymo (yra kelios d\u0117mel\u0117s)"},"content":{"rendered":"<p>Knygoje spausdinami \u012f\u017eymaus literat\u016bros tyrin\u0117tojo Vytauto Kubiliaus (1926\u20132004) lai\u0161kai ir jaunyst\u0117je ra\u0161yt\u0173 noveli\u0173 pavyzd\u017eiai. Lai\u0161kai, ra\u0161yti \u0161eimai ir draugams, kolegoms ir pa\u017e\u012fstamiems yra i\u0161kalb\u016bs kartos, patyrusios nepriklausomyb\u0117s praradim\u0105, i\u0161gyvenusios vokietmet\u012f, antr\u0105j\u0105 sovietin\u0119 okupacij\u0105 ir v\u0117l k\u016brusios nepriklausom\u0105 Lietuvos valstyb\u0119, dokumentai. <\/p>\n<p>\u010cia spausdinamiems V.Kubiaus \u201etikrosios\u201c k\u016brybos bandymams, de\u0161im\u010diai prozos k\u016brin\u0117li\u0173, lai\u0161k\u0173 kaiminyst\u0117 yra palanki, nes jie yra autobiografi\u0161ki: tematika, socialini\u0173 heroj\u0173 patirtys, net i\u0161tisi teksto fragmentai yra atpa\u017e\u012fstami i\u0161 lai\u0161k\u0173.<\/p>\n","protected":false},"excerpt":{"rendered":"<p>Knygoje spausdinami \u012f\u017eymaus literat\u016bros tyrin\u0117tojo Vytauto Kubiliaus (1926\u20132004) lai\u0161kai ir jaunyst\u0117je ra\u0161yt\u0173 noveli\u0173 pavyzd\u017eiai. Lai\u0161kai, ra\u0161yti \u0161eimai ir draugams, kolegoms ir pa\u017e\u012fstamiems yra i\u0161kalb\u016bs kartos, patyrusios nepriklausomyb\u0117s praradim\u0105, i\u0161gyvenusios vokietmet\u012f, antr\u0105j\u0105 sovietin\u0119 okupacij\u0105 ir v\u0117l k\u016brusios nepriklausom\u0105 Lietuvos valstyb\u0119, dokumentai. \u010cia spausdinamiems V.Kubiaus \u201etikrosios\u201c k\u016brybos bandymams, de\u0161im\u010diai prozos k\u016brin\u0117li\u0173, lai\u0161k\u0173 kaiminyst\u0117 yra palanki, nes jie yra autobiografi\u0161ki: tematika, socialini\u0173 heroj\u0173 patirtys, net i\u0161tisi teksto fragmentai yra atpa\u017e\u012fstami i\u0161 lai\u0161k\u0173.<\/p>\n","protected":false},"featured_media":22471,"comment_status":"open","ping_status":"closed","template":"","meta":{"_acf_changed":false,"site-sidebar-layout":"default","site-content-layout":"","ast-site-content-layout":"default","site-content-style":"default","site-sidebar-style":"default","ast-global-header-display":"","ast-banner-title-visibility":"","ast-main-header-display":"","ast-hfb-above-header-display":"","ast-hfb-below-header-display":"","ast-hfb-mobile-header-display":"","site-post-title":"","ast-breadcrumbs-content":"","ast-featured-img":"","footer-sml-layout":"","ast-disable-related-posts":"","theme-transparent-header-meta":"","adv-header-id-meta":"","stick-header-meta":"","header-above-stick-meta":"","header-main-stick-meta":"","header-below-stick-meta":"","astra-migrate-meta-layouts":"default","ast-page-background-enabled":"default","ast-page-background-meta":{"desktop":{"background-color":"","background-image":"","background-repeat":"repeat","background-position":"center center","background-size":"auto","background-attachment":"scroll","background-type":"","background-media":"","overlay-type":"","overlay-color":"","overlay-opacity":"","overlay-gradient":""},"tablet":{"background-color":"","background-image":"","background-repeat":"repeat","background-position":"center center","background-size":"auto","background-attachment":"scroll","background-type":"","background-media":"","overlay-type":"","overlay-color":"","overlay-opacity":"","overlay-gradient":""},"mobile":{"background-color":"","background-image":"","background-repeat":"repeat","background-position":"center center","background-size":"auto","background-attachment":"scroll","background-type":"","background-media":"","overlay-type":"","overlay-color":"","overlay-opacity":"","overlay-gradient":""}},"ast-content-background-meta":{"desktop":{"background-color":"var(--ast-global-color-4)","background-image":"","background-repeat":"repeat","background-position":"center center","background-size":"auto","background-attachment":"scroll","background-type":"","background-media":"","overlay-type":"","overlay-color":"","overlay-opacity":"","overlay-gradient":""},"tablet":{"background-color":"var(--ast-global-color-4)","background-image":"","background-repeat":"repeat","background-position":"center center","background-size":"auto","background-attachment":"scroll","background-type":"","background-media":"","overlay-type":"","overlay-color":"","overlay-opacity":"","overlay-gradient":""},"mobile":{"background-color":"var(--ast-global-color-4)","background-image":"","background-repeat":"repeat","background-position":"center center","background-size":"auto","background-attachment":"scroll","background-type":"","background-media":"","overlay-type":"","overlay-color":"","overlay-opacity":"","overlay-gradient":""}}},"product_brand":[],"product_cat":[9862,174],"product_tag":[],"class_list":{"0":"post-22466","1":"product","2":"type-product","3":"status-publish","4":"has-post-thumbnail","6":"product_cat-lietuvos-istorija","7":"product_cat-istorija-ir-politologija","8":"desktop-align-left","9":"tablet-align-left","10":"mobile-align-left","12":"first","13":"instock","14":"shipping-taxable","15":"purchasable","16":"product-type-simple"},"acf":[],"yoast_head":"<!-- This site is optimized with the Yoast SEO plugin v27.0 - https:\/\/yoast.com\/product\/yoast-seo-wordpress\/ -->\n<title>Lauksiu atsakymo (yra kelios d\u0117mel\u0117s)<\/title>\n<meta name=\"description\" content=\"Knygoje spausdinami \u012f\u017eymaus literat\u016bros tyrin\u0117tojo Vytauto Kubiliaus (1926\u20132004) lai\u0161kai ir jaunyst\u0117je ra\u0161yt\u0173 noveli\u0173 pavyzd\u017eiai. Lai\u0161kai, ra\u0161yti \u0161eimai\" \/>\n<meta name=\"robots\" content=\"index, follow, max-snippet:-1, max-image-preview:large, max-video-preview:-1\" \/>\n<link rel=\"canonical\" href=\"https:\/\/skaitytaknyga.lt\/en\/produktas\/lauksiu-atsakymo\/\" \/>\n<meta property=\"og:locale\" content=\"en_GB\" \/>\n<meta property=\"og:locale:alternate\" content=\"lt_LT\" \/>\n<meta property=\"og:type\" content=\"article\" \/>\n<meta property=\"og:title\" content=\"Lauksiu atsakymo (yra kelios d\u0117mel\u0117s)\" \/>\n<meta property=\"og:description\" content=\"Knygoje spausdinami \u012f\u017eymaus literat\u016bros tyrin\u0117tojo Vytauto Kubiliaus (1926\u20132004) lai\u0161kai ir jaunyst\u0117je ra\u0161yt\u0173 noveli\u0173 pavyzd\u017eiai. Lai\u0161kai, ra\u0161yti \u0161eimai\" \/>\n<meta property=\"og:url\" content=\"https:\/\/skaitytaknyga.lt\/en\/produktas\/lauksiu-atsakymo\/\" \/>\n<meta property=\"og:site_name\" content=\"Skaitytaknyga\" \/>\n<meta property=\"article:publisher\" content=\"https:\/\/www.facebook.com\/skaitytaknyga\/\" \/>\n<meta property=\"article:modified_time\" content=\"2026-03-18T12:59:40+00:00\" \/>\n<meta property=\"og:image\" content=\"https:\/\/skaitytaknyga.lt\/wp-content\/uploads\/2025\/12\/Lauksiu-atsakymo-1.webp\" \/>\n\t<meta property=\"og:image:width\" content=\"300\" \/>\n\t<meta property=\"og:image:height\" content=\"539\" \/>\n\t<meta property=\"og:image:type\" content=\"image\/webp\" \/>\n<meta name=\"twitter:card\" content=\"summary_large_image\" \/>\n<script type=\"application\/ld+json\" class=\"yoast-schema-graph\">{\"@context\":\"https:\/\/schema.org\",\"@graph\":[{\"@type\":\"WebPage\",\"@id\":\"https:\/\/skaitytaknyga.lt\/produktas\/lauksiu-atsakymo\/\",\"url\":\"https:\/\/skaitytaknyga.lt\/produktas\/lauksiu-atsakymo\/\",\"name\":\"Lauksiu atsakymo (yra kelios d\u0117mel\u0117s)\",\"isPartOf\":{\"@id\":\"https:\/\/skaitytaknyga.lt\/#website\"},\"primaryImageOfPage\":{\"@id\":\"https:\/\/skaitytaknyga.lt\/produktas\/lauksiu-atsakymo\/#primaryimage\"},\"image\":{\"@id\":\"https:\/\/skaitytaknyga.lt\/produktas\/lauksiu-atsakymo\/#primaryimage\"},\"thumbnailUrl\":\"https:\/\/skaitytaknyga.lt\/wp-content\/uploads\/2025\/12\/Lauksiu-atsakymo-1.webp\",\"datePublished\":\"2025-12-21T14:08:06+00:00\",\"dateModified\":\"2026-03-18T12:59:40+00:00\",\"description\":\"Knygoje spausdinami \u012f\u017eymaus literat\u016bros tyrin\u0117tojo Vytauto Kubiliaus (1926\u20132004) lai\u0161kai ir jaunyst\u0117je ra\u0161yt\u0173 noveli\u0173 pavyzd\u017eiai. Lai\u0161kai, ra\u0161yti \u0161eimai\",\"breadcrumb\":{\"@id\":\"https:\/\/skaitytaknyga.lt\/produktas\/lauksiu-atsakymo\/#breadcrumb\"},\"inLanguage\":\"en-GB\",\"potentialAction\":[{\"@type\":\"ReadAction\",\"target\":[\"https:\/\/skaitytaknyga.lt\/produktas\/lauksiu-atsakymo\/\"]}]},{\"@type\":\"ImageObject\",\"inLanguage\":\"en-GB\",\"@id\":\"https:\/\/skaitytaknyga.lt\/produktas\/lauksiu-atsakymo\/#primaryimage\",\"url\":\"https:\/\/skaitytaknyga.lt\/wp-content\/uploads\/2025\/12\/Lauksiu-atsakymo-1.webp\",\"contentUrl\":\"https:\/\/skaitytaknyga.lt\/wp-content\/uploads\/2025\/12\/Lauksiu-atsakymo-1.webp\",\"width\":300,\"height\":539,\"caption\":\"Lauksiu atsakymo\"},{\"@type\":\"BreadcrumbList\",\"@id\":\"https:\/\/skaitytaknyga.lt\/produktas\/lauksiu-atsakymo\/#breadcrumb\",\"itemListElement\":[{\"@type\":\"ListItem\",\"position\":1,\"name\":\"Home\",\"item\":\"https:\/\/skaitytaknyga.lt\/\"},{\"@type\":\"ListItem\",\"position\":2,\"name\":\"Parduotuv\u0117\",\"item\":\"https:\/\/skaitytaknyga.lt\/knygu-parduotuve\/\"},{\"@type\":\"ListItem\",\"position\":3,\"name\":\"Lauksiu atsakymo (yra kelios d\u0117mel\u0117s)\"}]},{\"@type\":\"WebSite\",\"@id\":\"https:\/\/skaitytaknyga.lt\/#website\",\"url\":\"https:\/\/skaitytaknyga.lt\/\",\"name\":\"skaitytaknyga.lt\",\"description\":\"Skaitytaknyga.lt \u2013 tai ma\u017eas \u0161eimos verslas, kuris prasid\u0117jo nuo meil\u0117s knygoms ir siekio i\u0161gelb\u0117ti knygas nuo likimo prie konteinerio. Kas vienam nereikalingas daiktas \u2013 kitam lobis, o mes esame tarpininkai, kurie padeda abiems tapti laimingesniems ???? \u017dinome kaip nelengva i\u0161gyventi ma\u017eiems verslams, tad nuo \u0161iol, \u010dia rasite ir kit\u0173, ma\u017e\u0173 \u0161eim\u0173 versl\u0173, rank\u0173 darbo, dovan\u0173 sau ir artimiesiems.\",\"publisher\":{\"@id\":\"https:\/\/skaitytaknyga.lt\/#organization\"},\"potentialAction\":[{\"@type\":\"SearchAction\",\"target\":{\"@type\":\"EntryPoint\",\"urlTemplate\":\"https:\/\/skaitytaknyga.lt\/?s={search_term_string}\"},\"query-input\":{\"@type\":\"PropertyValueSpecification\",\"valueRequired\":true,\"valueName\":\"search_term_string\"}}],\"inLanguage\":\"en-GB\"},{\"@type\":\"Organization\",\"@id\":\"https:\/\/skaitytaknyga.lt\/#organization\",\"name\":\"skaitytaknyga.lt\",\"url\":\"https:\/\/skaitytaknyga.lt\/\",\"logo\":{\"@type\":\"ImageObject\",\"inLanguage\":\"en-GB\",\"@id\":\"https:\/\/skaitytaknyga.lt\/#\/schema\/logo\/image\/\",\"url\":\"https:\/\/skaitytaknyga.lt\/wp-content\/uploads\/2024\/05\/cropped-cropped-cropped-02_00843_jt3bggkj1j3HLc7SyY6rEUpg.jpeg\",\"contentUrl\":\"https:\/\/skaitytaknyga.lt\/wp-content\/uploads\/2024\/05\/cropped-cropped-cropped-02_00843_jt3bggkj1j3HLc7SyY6rEUpg.jpeg\",\"width\":1600,\"height\":1600,\"caption\":\"skaitytaknyga.lt\"},\"image\":{\"@id\":\"https:\/\/skaitytaknyga.lt\/#\/schema\/logo\/image\/\"},\"sameAs\":[\"https:\/\/www.facebook.com\/skaitytaknyga\/\"]}]}<\/script>\n<!-- \/ Yoast SEO plugin. -->","yoast_head_json":{"title":"Lauksiu atsakymo (yra kelios d\u0117mel\u0117s)","description":"Knygoje spausdinami \u012f\u017eymaus literat\u016bros tyrin\u0117tojo Vytauto Kubiliaus (1926\u20132004) lai\u0161kai ir jaunyst\u0117je ra\u0161yt\u0173 noveli\u0173 pavyzd\u017eiai. Lai\u0161kai, ra\u0161yti \u0161eimai","robots":{"index":"index","follow":"follow","max-snippet":"max-snippet:-1","max-image-preview":"max-image-preview:large","max-video-preview":"max-video-preview:-1"},"canonical":"https:\/\/skaitytaknyga.lt\/en\/produktas\/lauksiu-atsakymo\/","og_locale":"en_GB","og_type":"article","og_title":"[:lt]Lauksiu atsakymo (yra kelios d\u0117mel\u0117s)[:] - Skaitytaknyga","og_description":"Knygoje spausdinami \u012f\u017eymaus literat\u016bros tyrin\u0117tojo Vytauto Kubiliaus (1926\u20132004) lai\u0161kai ir jaunyst\u0117je ra\u0161yt\u0173 noveli\u0173 pavyzd\u017eiai. Lai\u0161kai, ra\u0161yti \u0161eimai","og_url":"https:\/\/skaitytaknyga.lt\/en\/produktas\/lauksiu-atsakymo\/","og_site_name":"Skaitytaknyga","article_publisher":"https:\/\/www.facebook.com\/skaitytaknyga\/","article_modified_time":"2026-03-18T12:59:40+00:00","og_image":[{"width":300,"height":539,"url":"https:\/\/skaitytaknyga.lt\/wp-content\/uploads\/2025\/12\/Lauksiu-atsakymo-1.webp","type":"image\/webp"}],"twitter_card":"summary_large_image","schema":{"@context":"https:\/\/schema.org","@graph":[{"@type":"WebPage","@id":"https:\/\/skaitytaknyga.lt\/produktas\/lauksiu-atsakymo\/","url":"https:\/\/skaitytaknyga.lt\/produktas\/lauksiu-atsakymo\/","name":"Lauksiu atsakymo (yra kelios d\u0117mel\u0117s)","isPartOf":{"@id":"https:\/\/skaitytaknyga.lt\/#website"},"primaryImageOfPage":{"@id":"https:\/\/skaitytaknyga.lt\/produktas\/lauksiu-atsakymo\/#primaryimage"},"image":{"@id":"https:\/\/skaitytaknyga.lt\/produktas\/lauksiu-atsakymo\/#primaryimage"},"thumbnailUrl":"https:\/\/skaitytaknyga.lt\/wp-content\/uploads\/2025\/12\/Lauksiu-atsakymo-1.webp","datePublished":"2025-12-21T14:08:06+00:00","dateModified":"2026-03-18T12:59:40+00:00","description":"Knygoje spausdinami \u012f\u017eymaus literat\u016bros tyrin\u0117tojo Vytauto Kubiliaus (1926\u20132004) lai\u0161kai ir jaunyst\u0117je ra\u0161yt\u0173 noveli\u0173 pavyzd\u017eiai. Lai\u0161kai, ra\u0161yti \u0161eimai","breadcrumb":{"@id":"https:\/\/skaitytaknyga.lt\/produktas\/lauksiu-atsakymo\/#breadcrumb"},"inLanguage":"en-GB","potentialAction":[{"@type":"ReadAction","target":["https:\/\/skaitytaknyga.lt\/produktas\/lauksiu-atsakymo\/"]}]},{"@type":"ImageObject","inLanguage":"en-GB","@id":"https:\/\/skaitytaknyga.lt\/produktas\/lauksiu-atsakymo\/#primaryimage","url":"https:\/\/skaitytaknyga.lt\/wp-content\/uploads\/2025\/12\/Lauksiu-atsakymo-1.webp","contentUrl":"https:\/\/skaitytaknyga.lt\/wp-content\/uploads\/2025\/12\/Lauksiu-atsakymo-1.webp","width":300,"height":539,"caption":"Lauksiu atsakymo"},{"@type":"BreadcrumbList","@id":"https:\/\/skaitytaknyga.lt\/produktas\/lauksiu-atsakymo\/#breadcrumb","itemListElement":[{"@type":"ListItem","position":1,"name":"Home","item":"https:\/\/skaitytaknyga.lt\/"},{"@type":"ListItem","position":2,"name":"Parduotuv\u0117","item":"https:\/\/skaitytaknyga.lt\/knygu-parduotuve\/"},{"@type":"ListItem","position":3,"name":"Lauksiu atsakymo (yra kelios d\u0117mel\u0117s)"}]},{"@type":"WebSite","@id":"https:\/\/skaitytaknyga.lt\/#website","url":"https:\/\/skaitytaknyga.lt\/","name":"skaitytaknyga.lt","description":"Skaitytaknyga.lt \u2013 tai ma\u017eas \u0161eimos verslas, kuris prasid\u0117jo nuo meil\u0117s knygoms ir siekio i\u0161gelb\u0117ti knygas nuo likimo prie konteinerio. Kas vienam nereikalingas daiktas \u2013 kitam lobis, o mes esame tarpininkai, kurie padeda abiems tapti laimingesniems ???? \u017dinome kaip nelengva i\u0161gyventi ma\u017eiems verslams, tad nuo \u0161iol, \u010dia rasite ir kit\u0173, ma\u017e\u0173 \u0161eim\u0173 versl\u0173, rank\u0173 darbo, dovan\u0173 sau ir artimiesiems.","publisher":{"@id":"https:\/\/skaitytaknyga.lt\/#organization"},"potentialAction":[{"@type":"SearchAction","target":{"@type":"EntryPoint","urlTemplate":"https:\/\/skaitytaknyga.lt\/?s={search_term_string}"},"query-input":{"@type":"PropertyValueSpecification","valueRequired":true,"valueName":"search_term_string"}}],"inLanguage":"en-GB"},{"@type":"Organization","@id":"https:\/\/skaitytaknyga.lt\/#organization","name":"skaitytaknyga.lt","url":"https:\/\/skaitytaknyga.lt\/","logo":{"@type":"ImageObject","inLanguage":"en-GB","@id":"https:\/\/skaitytaknyga.lt\/#\/schema\/logo\/image\/","url":"https:\/\/skaitytaknyga.lt\/wp-content\/uploads\/2024\/05\/cropped-cropped-cropped-02_00843_jt3bggkj1j3HLc7SyY6rEUpg.jpeg","contentUrl":"https:\/\/skaitytaknyga.lt\/wp-content\/uploads\/2024\/05\/cropped-cropped-cropped-02_00843_jt3bggkj1j3HLc7SyY6rEUpg.jpeg","width":1600,"height":1600,"caption":"skaitytaknyga.lt"},"image":{"@id":"https:\/\/skaitytaknyga.lt\/#\/schema\/logo\/image\/"},"sameAs":["https:\/\/www.facebook.com\/skaitytaknyga\/"]}]}},"_links":{"self":[{"href":"https:\/\/skaitytaknyga.lt\/en\/wp-json\/wp\/v2\/product\/22466","targetHints":{"allow":["GET"]}}],"collection":[{"href":"https:\/\/skaitytaknyga.lt\/en\/wp-json\/wp\/v2\/product"}],"about":[{"href":"https:\/\/skaitytaknyga.lt\/en\/wp-json\/wp\/v2\/types\/product"}],"replies":[{"embeddable":true,"href":"https:\/\/skaitytaknyga.lt\/en\/wp-json\/wp\/v2\/comments?post=22466"}],"wp:featuredmedia":[{"embeddable":true,"href":"https:\/\/skaitytaknyga.lt\/en\/wp-json\/wp\/v2\/media\/22471"}],"wp:attachment":[{"href":"https:\/\/skaitytaknyga.lt\/en\/wp-json\/wp\/v2\/media?parent=22466"}],"wp:term":[{"taxonomy":"product_brand","embeddable":true,"href":"https:\/\/skaitytaknyga.lt\/en\/wp-json\/wp\/v2\/product_brand?post=22466"},{"taxonomy":"product_cat","embeddable":true,"href":"https:\/\/skaitytaknyga.lt\/en\/wp-json\/wp\/v2\/product_cat?post=22466"},{"taxonomy":"product_tag","embeddable":true,"href":"https:\/\/skaitytaknyga.lt\/en\/wp-json\/wp\/v2\/product_tag?post=22466"}],"curies":[{"name":"wp","href":"https:\/\/api.w.org\/{rel}","templated":true}]}}